{"id":6170,"date":"2023-05-24T18:14:00","date_gmt":"2023-05-24T18:14:00","guid":{"rendered":"https:\/\/www.safinel.fr\/?post_type=product&#038;p=6170"},"modified":"2025-11-19T11:17:40","modified_gmt":"2025-11-19T11:17:40","slug":"zoomax-touch-me","status":"publish","type":"product","link":"https:\/\/www.safinel.fr\/de\/product-2\/zoomax-touch-me\/","title":{"rendered":"Zoomax Touch Me (3 x 10 Tabletten)"},"content":{"rendered":"<p>In unserer heutigen Gesellschaft ist das Aussehen zu einem wesentlichen Bestandteil des t\u00e4glichen Lebens geworden. Um diesem Bed\u00fcrfnis gerecht zu werden, wurden zahlreiche Produkte entwickelt, die Frauen zu \u00fcppigeren Kurven verhelfen sollen. Zu diesen Produkten geh\u00f6ren die Zoomax Touch Me Kapseln, die speziell entwickelt wurden, um\u00a0<strong>die H\u00fcften, das Ges\u00e4\u00df und die Brust vergr\u00f6\u00dfern<\/strong>\u00a0auf nat\u00fcrliche Weise und ohne Gesundheitsrisiken.<\/p>\n<h2><strong>Was ist Zoomax Touch Me?<\/strong><\/h2>\n<p>Zoomax Touch Me ist eine Reihe von <strong>Naturtafeln<\/strong>\u00a0die es Frauen erm\u00f6glicht, in nur wenigen Wochen sichtbare Ergebnisse in Bezug auf ihre Figur zu erzielen. Diese Kapseln bestehen aus sorgf\u00e4ltig ausgew\u00e4hlten nat\u00fcrlichen Inhaltsstoffen, die die Vergr\u00f6\u00dferung der H\u00fcften, des Ges\u00e4\u00dfes und der Brust f\u00f6rdern und gleichzeitig das Gleichgewicht des K\u00f6rpers respektieren. Denn im Gegensatz zu chirurgischen Methoden oder Hormoninjektionen bietet Zoomax Touch Me eine sanfte L\u00f6sung ohne Gesundheitsrisiken.<\/p>\n<h2><strong>Die Vorteile der Zoomax Touch Me Kapseln<\/strong><\/h2>\n<ul>\n<li><strong>Eine nat\u00fcrliche 100%-Zusammensetzung<\/strong><\/li>\n<\/ul>\n<p>Der Hauptvorteil der Tabletten liegt in ihrer v\u00f6llig nat\u00fcrlichen Zusammensetzung. Sie werden auf der Basis von Pflanzen und Pflanzenextrakten formuliert. Diese sind f\u00fcr ihre positiven Eigenschaften auf die Haut und das Gewebe bekannt. Wenn Sie also diese Kapseln verwenden, vermeiden Sie die Risiken, die mit Chemikalien und chirurgischen Eingriffen verbunden sind.<\/p>\n<ul>\n<li><strong>Schnell sichtbare Ergebnisse<\/strong><\/li>\n<\/ul>\n<p>Es verspricht schnelle und sichtbare Ergebnisse f\u00fcr die Silhouette. Tats\u00e4chlich sind die ersten Verbesserungen bereits nach einigen Wochen regelm\u00e4\u00dfiger Anwendung der Kapseln zu beobachten. Frauen, die dieses Produkt verwendet haben, berichten in der Regel von einer\u00a0<strong>Zunahme der Gr\u00f6\u00dfe ihrer H\u00fcften, Ges\u00e4\u00df und Br\u00fcste<\/strong>\u00a0nach nur einem Monat Behandlung.<\/p>\n<ul>\n<li><strong>Eine gesundheitlich unbedenkliche L\u00f6sung<\/strong><\/li>\n<\/ul>\n<p>Im Gegensatz zu chirurgischen oder hormonellen L\u00f6sungen stellen die Zoomax Touch Me Kapseln keine Gefahr f\u00fcr die Gesundheit dar. Ihre nat\u00fcrliche Zusammensetzung garantiert eine Anwendung ohne Nebenwirkungen oder langfristige Komplikationen. Dar\u00fcber hinaus ist die Behandlung nicht invasiv und kann jederzeit ohne sch\u00e4dliche Folgen f\u00fcr den K\u00f6rper beendet werden.<\/p>\n<h2><strong>Wie funktionieren die Zoomax Touch Me Kapseln?<\/strong><\/h2>\n<p>Die Zoomax Touch Me Kapseln wirken, indem sie das Zellwachstum in den Zielbereichen anregen (<a href=\"https:\/\/www.safinel.fr\/de\/product-2\/bockshornkleeol\/\"><strong>H\u00fcfte, Ges\u00e4\u00df und Brust<\/strong><\/a>). Ihre nat\u00fcrlichen Inhaltsstoffe f\u00f6rdern\u00a0<strong>die Produktion von Kollagen und Elastin<\/strong>, zwei Proteine, die f\u00fcr die Aufrechterhaltung der Festigkeit und Elastizit\u00e4t der Haut wichtig sind. So wird das Gewebe mit der Zeit dichter und volumin\u00f6ser, was zu \u00fcppigeren Kurven f\u00fchrt.<\/p>\n<ul>\n<li><strong>Die Rolle des Kollagens<\/strong><\/li>\n<\/ul>\n<p>Kollagen ist ein Faserprotein, das etwa 30% der Proteine im K\u00f6rper ausmacht. Es ist f\u00fcr den Zusammenhalt, die Elastizit\u00e4t und die Regeneration des Hautgewebes unerl\u00e4sslich. Die Zoomax Touch Me Kapseln enthalten nat\u00fcrliche Inhaltsstoffe, die die Kollagenproduktion f\u00f6rdern. Dadurch wird die Straffheit und das Volumen von H\u00fcften, Ges\u00e4\u00df und Brust verbessert.<\/p>\n<ul>\n<li><strong>Die Wirkung von Elastin<\/strong><\/li>\n<\/ul>\n<p>Elastin ist ein weiteres Faserprotein, das im Bindegewebe der Haut vorkommt. Es verleiht der Haut die F\u00e4higkeit, sich zu verformen und in ihre urspr\u00fcngliche Form zur\u00fcckzukehren, und tr\u00e4gt so zu ihrer Elastizit\u00e4t bei. Zoomax Touch Me Kapseln stimulieren ebenfalls die Elastinsynthese und sorgen so f\u00fcr eine geschmeidigere Haut und harmonischere Kurven.<\/p>\n<h3><strong>Tipps zur Maximierung der Ergebnisse dieses Produkts<\/strong><\/h3>\n<p>Um noch bessere Ergebnisse mit den Zoomax Touch Me Kapseln zu erzielen, sollten Sie folgende Tipps befolgen:<\/p>\n<ul>\n<li><strong>Eine ausgewogene Ern\u00e4hrung einnehmen<\/strong>\u00a0: Bevorzugen Sie Obst, Gem\u00fcse, Proteine und gute Fette, um Ihren K\u00f6rper mit den N\u00e4hrstoffen zu versorgen, die er f\u00fcr das Gewebewachstum ben\u00f6tigt.<\/li>\n<li><strong>Regelm\u00e4\u00dfig Sport treiben<\/strong>\u00a0: \u00dcben Sie k\u00f6rperliche Aktivit\u00e4ten aus, die die Muskeln in den H\u00fcften, im Ges\u00e4\u00df und in der Brust beanspruchen. Das st\u00e4rkt diese Bereiche und f\u00f6rdert ihre Entwicklung.<\/li>\n<li><strong>Massieren Sie die Zielbereiche<\/strong>\u00a0: F\u00fchren Sie regelm\u00e4\u00dfige Massagen an H\u00fcften, Ges\u00e4\u00df und Brust durch. Dadurch wird die Blutzirkulation angeregt und die Wirkung der Zoomax Touch Me Kapseln erleichtert.<\/li>\n<\/ul>\n<p>Mit diesen Tipps und einer regelm\u00e4\u00dfigen Anwendung der Zoomax Touch Me tablet Kapseln. Sie werden schnell sichtbare und nat\u00fcrliche Ergebnisse f\u00fcr Ihre Figur erzielen k\u00f6nnen. Z\u00f6gern Sie also nicht l\u00e4nger und vertrauen Sie Zoomax Touch Me f\u00fcr\u00a0<strong>Ihre Kurven in aller Sicherheit sublimieren<\/strong>.<\/p>","protected":false},"excerpt":{"rendered":"<p><strong>Bild nicht vertraglich bindend, um die Sensibilit\u00e4t der J\u00fcngsten nicht zu verletzen.<\/strong><\/p>\n<p><img decoding=\"async\" class=\"size-full wp-image-5091 aligncenter\" src=\"https:\/\/www.safinel.fr\/wp-content\/uploads\/2021\/06\/BANNIERE-ICONE-SAFINEL.webp\" alt=\"Satines-R\u00fcckversicherung\" width=\"800\" height=\"200\" srcset=\"https:\/\/www.safinel.fr\/wp-content\/uploads\/2021\/06\/BANNIERE-ICONE-SAFINEL.webp 800w, https:\/\/www.safinel.fr\/wp-content\/uploads\/2021\/06\/BANNIERE-ICONE-SAFINEL-600x150.webp 600w, https:\/\/www.safinel.fr\/wp-content\/uploads\/2021\/06\/BANNIERE-ICONE-SAFINEL-768x192.webp 768w\" sizes=\"(max-width: 800px) 100vw, 800px\" \/><\/p>","protected":false},"featured_media":6171,"template":"","meta":[],"product_brand":[],"product_cat":[23],"product_tag":[],"class_list":{"0":"post-6170","1":"product","2":"type-product","3":"status-publish","4":"has-post-thumbnail","6":"product_cat-hygiene-feminine","8":"first","9":"outofstock","10":"shipping-taxable","11":"purchasable","12":"product-type-simple"},"yoast_head":"<!-- This site is optimized with the Yoast SEO plugin v26.6 - https:\/\/yoast.com\/wordpress\/plugins\/seo\/ -->\n<title>Zoomax Touch Me I Augmenter les hanches, fesses et la poitrine<\/title>\n<meta name=\"description\" content=\"Zoomax Touch Me est une gamme de tablettes\u00a0naturelles\u00a0qui permet aux femmes d&#039;obtenir des r\u00e9sultats visibles sur leur silhouette en quelques semaines.\" \/>\n<meta name=\"robots\" content=\"index, follow, max-snippet:-1, max-image-preview:large, max-video-preview:-1\" \/>\n<link rel=\"canonical\" href=\"https:\/\/www.safinel.fr\/de\/product-2\/zoomax-touch-me\/\" \/>\n<meta property=\"og:locale\" content=\"de_DE\" \/>\n<meta property=\"og:type\" content=\"article\" \/>\n<meta property=\"og:title\" content=\"Zoomax Touch Me I Augmenter les hanches, fesses et la poitrine\" \/>\n<meta property=\"og:description\" content=\"Zoomax Touch Me est une gamme de tablettes\u00a0naturelles\u00a0qui permet aux femmes d&#039;obtenir des r\u00e9sultats visibles sur leur silhouette en quelques semaines.\" \/>\n<meta property=\"og:url\" content=\"https:\/\/www.safinel.fr\/de\/product-2\/zoomax-touch-me\/\" \/>\n<meta property=\"og:site_name\" content=\"Safinel\" \/>\n<meta property=\"article:modified_time\" content=\"2025-11-19T11:17:40+00:00\" \/>\n<meta property=\"og:image\" content=\"https:\/\/www.safinel.fr\/wp-content\/uploads\/2023\/05\/zoomax-site.jpg\" \/>\n\t<meta property=\"og:image:width\" content=\"600\" \/>\n\t<meta property=\"og:image:height\" content=\"600\" \/>\n\t<meta property=\"og:image:type\" content=\"image\/jpeg\" \/>\n<meta name=\"twitter:card\" content=\"summary_large_image\" \/>\n<meta name=\"twitter:label1\" content=\"Gesch\u00e4tzte Lesezeit\" \/>\n\t<meta name=\"twitter:data1\" content=\"4\u00a0Minuten\" \/>\n<script type=\"application\/ld+json\" class=\"yoast-schema-graph\">{\"@context\":\"https:\/\/schema.org\",\"@graph\":[{\"@type\":\"WebPage\",\"@id\":\"https:\/\/www.safinel.fr\/produit\/zoomax-touch-me\/\",\"url\":\"https:\/\/www.safinel.fr\/produit\/zoomax-touch-me\/\",\"name\":\"Zoomax Touch Me I Augmenter les hanches, fesses et la poitrine\",\"isPartOf\":{\"@id\":\"https:\/\/www.safinel.fr\/#website\"},\"primaryImageOfPage\":{\"@id\":\"https:\/\/www.safinel.fr\/produit\/zoomax-touch-me\/#primaryimage\"},\"image\":{\"@id\":\"https:\/\/www.safinel.fr\/produit\/zoomax-touch-me\/#primaryimage\"},\"thumbnailUrl\":\"https:\/\/www.safinel.fr\/wp-content\/uploads\/2023\/05\/zoomax-site.jpg\",\"datePublished\":\"2023-05-24T18:14:00+00:00\",\"dateModified\":\"2025-11-19T11:17:40+00:00\",\"description\":\"Zoomax Touch Me est une gamme de tablettes\u00a0naturelles\u00a0qui permet aux femmes d'obtenir des r\u00e9sultats visibles sur leur silhouette en quelques semaines.\",\"breadcrumb\":{\"@id\":\"https:\/\/www.safinel.fr\/produit\/zoomax-touch-me\/#breadcrumb\"},\"inLanguage\":\"de\",\"potentialAction\":[{\"@type\":\"ReadAction\",\"target\":[\"https:\/\/www.safinel.fr\/produit\/zoomax-touch-me\/\"]}]},{\"@type\":\"ImageObject\",\"inLanguage\":\"de\",\"@id\":\"https:\/\/www.safinel.fr\/produit\/zoomax-touch-me\/#primaryimage\",\"url\":\"https:\/\/www.safinel.fr\/wp-content\/uploads\/2023\/05\/zoomax-site.jpg\",\"contentUrl\":\"https:\/\/www.safinel.fr\/wp-content\/uploads\/2023\/05\/zoomax-site.jpg\",\"width\":600,\"height\":600,\"caption\":\"Zoomax Touch Me\"},{\"@type\":\"BreadcrumbList\",\"@id\":\"https:\/\/www.safinel.fr\/produit\/zoomax-touch-me\/#breadcrumb\",\"itemListElement\":[{\"@type\":\"ListItem\",\"position\":1,\"name\":\"Accueil\",\"item\":\"https:\/\/www.safinel.fr\/\"},{\"@type\":\"ListItem\",\"position\":2,\"name\":\"Boutique\",\"item\":\"https:\/\/www.safinel.fr\/boutique\/\"},{\"@type\":\"ListItem\",\"position\":3,\"name\":\"Zoomax Touch Me (3 x 10 tablettes)\"}]},{\"@type\":\"WebSite\",\"@id\":\"https:\/\/www.safinel.fr\/#website\",\"url\":\"https:\/\/www.safinel.fr\/\",\"name\":\"Safinel\",\"description\":\"\",\"publisher\":{\"@id\":\"https:\/\/www.safinel.fr\/#organization\"},\"potentialAction\":[{\"@type\":\"SearchAction\",\"target\":{\"@type\":\"EntryPoint\",\"urlTemplate\":\"https:\/\/www.safinel.fr\/?s={search_term_string}\"},\"query-input\":{\"@type\":\"PropertyValueSpecification\",\"valueRequired\":true,\"valueName\":\"search_term_string\"}}],\"inLanguage\":\"de\"},{\"@type\":\"Organization\",\"@id\":\"https:\/\/www.safinel.fr\/#organization\",\"name\":\"Safinel\",\"url\":\"https:\/\/www.safinel.fr\/\",\"logo\":{\"@type\":\"ImageObject\",\"inLanguage\":\"de\",\"@id\":\"https:\/\/www.safinel.fr\/#\/schema\/logo\/image\/\",\"url\":\"https:\/\/www.safinel.fr\/wp-content\/uploads\/2021\/05\/boutique-cosmetique.png\",\"contentUrl\":\"https:\/\/www.safinel.fr\/wp-content\/uploads\/2021\/05\/boutique-cosmetique.png\",\"width\":800,\"height\":200,\"caption\":\"Safinel\"},\"image\":{\"@id\":\"https:\/\/www.safinel.fr\/#\/schema\/logo\/image\/\"}}]}<\/script>\n<!-- \/ Yoast SEO plugin. -->","yoast_head_json":{"title":"Zoomax Touch Me I H\u00fcften, Ges\u00e4\u00df und Brust vergr\u00f6\u00dfern","description":"Zoomax Touch Me ist eine Reihe von nat\u00fcrlichen Tabletten, mit denen Frauen innerhalb weniger Wochen sichtbare Ergebnisse f\u00fcr ihre Figur erzielen k\u00f6nnen.","robots":{"index":"index","follow":"follow","max-snippet":"max-snippet:-1","max-image-preview":"max-image-preview:large","max-video-preview":"max-video-preview:-1"},"canonical":"https:\/\/www.safinel.fr\/de\/product-2\/zoomax-touch-me\/","og_locale":"de_DE","og_type":"article","og_title":"Zoomax Touch Me I Augmenter les hanches, fesses et la poitrine","og_description":"Zoomax Touch Me est une gamme de tablettes\u00a0naturelles\u00a0qui permet aux femmes d'obtenir des r\u00e9sultats visibles sur leur silhouette en quelques semaines.","og_url":"https:\/\/www.safinel.fr\/de\/product-2\/zoomax-touch-me\/","og_site_name":"Safinel","article_modified_time":"2025-11-19T11:17:40+00:00","og_image":[{"width":600,"height":600,"url":"https:\/\/www.safinel.fr\/wp-content\/uploads\/2023\/05\/zoomax-site.jpg","type":"image\/jpeg"}],"twitter_card":"summary_large_image","twitter_misc":{"Gesch\u00e4tzte Lesezeit":"4\u00a0Minuten"},"schema":{"@context":"https:\/\/schema.org","@graph":[{"@type":"WebPage","@id":"https:\/\/www.safinel.fr\/produit\/zoomax-touch-me\/","url":"https:\/\/www.safinel.fr\/produit\/zoomax-touch-me\/","name":"Zoomax Touch Me I H\u00fcften, Ges\u00e4\u00df und Brust vergr\u00f6\u00dfern","isPartOf":{"@id":"https:\/\/www.safinel.fr\/#website"},"primaryImageOfPage":{"@id":"https:\/\/www.safinel.fr\/produit\/zoomax-touch-me\/#primaryimage"},"image":{"@id":"https:\/\/www.safinel.fr\/produit\/zoomax-touch-me\/#primaryimage"},"thumbnailUrl":"https:\/\/www.safinel.fr\/wp-content\/uploads\/2023\/05\/zoomax-site.jpg","datePublished":"2023-05-24T18:14:00+00:00","dateModified":"2025-11-19T11:17:40+00:00","description":"Zoomax Touch Me ist eine Reihe von nat\u00fcrlichen Tabletten, mit denen Frauen innerhalb weniger Wochen sichtbare Ergebnisse f\u00fcr ihre Figur erzielen k\u00f6nnen.","breadcrumb":{"@id":"https:\/\/www.safinel.fr\/produit\/zoomax-touch-me\/#breadcrumb"},"inLanguage":"de","potentialAction":[{"@type":"ReadAction","target":["https:\/\/www.safinel.fr\/produit\/zoomax-touch-me\/"]}]},{"@type":"ImageObject","inLanguage":"de","@id":"https:\/\/www.safinel.fr\/produit\/zoomax-touch-me\/#primaryimage","url":"https:\/\/www.safinel.fr\/wp-content\/uploads\/2023\/05\/zoomax-site.jpg","contentUrl":"https:\/\/www.safinel.fr\/wp-content\/uploads\/2023\/05\/zoomax-site.jpg","width":600,"height":600,"caption":"Zoomax Touch Me"},{"@type":"BreadcrumbList","@id":"https:\/\/www.safinel.fr\/produit\/zoomax-touch-me\/#breadcrumb","itemListElement":[{"@type":"ListItem","position":1,"name":"Accueil","item":"https:\/\/www.safinel.fr\/"},{"@type":"ListItem","position":2,"name":"Boutique","item":"https:\/\/www.safinel.fr\/boutique\/"},{"@type":"ListItem","position":3,"name":"Zoomax Touch Me (3 x 10 tablettes)"}]},{"@type":"WebSite","@id":"https:\/\/www.safinel.fr\/#website","url":"https:\/\/www.safinel.fr\/","name":"Safinel","description":"","publisher":{"@id":"https:\/\/www.safinel.fr\/#organization"},"potentialAction":[{"@type":"SearchAction","target":{"@type":"EntryPoint","urlTemplate":"https:\/\/www.safinel.fr\/?s={search_term_string}"},"query-input":{"@type":"PropertyValueSpecification","valueRequired":true,"valueName":"search_term_string"}}],"inLanguage":"de"},{"@type":"Organization","@id":"https:\/\/www.safinel.fr\/#organization","name":"Safinel","url":"https:\/\/www.safinel.fr\/","logo":{"@type":"ImageObject","inLanguage":"de","@id":"https:\/\/www.safinel.fr\/#\/schema\/logo\/image\/","url":"https:\/\/www.safinel.fr\/wp-content\/uploads\/2021\/05\/boutique-cosmetique.png","contentUrl":"https:\/\/www.safinel.fr\/wp-content\/uploads\/2021\/05\/boutique-cosmetique.png","width":800,"height":200,"caption":"Safinel"},"image":{"@id":"https:\/\/www.safinel.fr\/#\/schema\/logo\/image\/"}}]}},"_links":{"self":[{"href":"https:\/\/www.safinel.fr\/de\/wp-json\/wp\/v2\/product\/6170","targetHints":{"allow":["GET"]}}],"collection":[{"href":"https:\/\/www.safinel.fr\/de\/wp-json\/wp\/v2\/product"}],"about":[{"href":"https:\/\/www.safinel.fr\/de\/wp-json\/wp\/v2\/types\/product"}],"wp:featuredmedia":[{"embeddable":true,"href":"https:\/\/www.safinel.fr\/de\/wp-json\/wp\/v2\/media\/6171"}],"wp:attachment":[{"href":"https:\/\/www.safinel.fr\/de\/wp-json\/wp\/v2\/media?parent=6170"}],"wp:term":[{"taxonomy":"product_brand","embeddable":true,"href":"https:\/\/www.safinel.fr\/de\/wp-json\/wp\/v2\/product_brand?post=6170"},{"taxonomy":"product_cat","embeddable":true,"href":"https:\/\/www.safinel.fr\/de\/wp-json\/wp\/v2\/product_cat?post=6170"},{"taxonomy":"product_tag","embeddable":true,"href":"https:\/\/www.safinel.fr\/de\/wp-json\/wp\/v2\/product_tag?post=6170"}],"curies":[{"name":"wp","href":"https:\/\/api.w.org\/{rel}","templated":true}]}}