{"id":617,"date":"2021-12-19T13:47:36","date_gmt":"2021-12-19T13:47:36","guid":{"rendered":"https:\/\/www.safinel.fr\/?post_type=product&#038;p=617"},"modified":"2024-09-03T12:36:42","modified_gmt":"2024-09-03T12:36:42","slug":"feste-zahnpasta-kohle-minze","status":"publish","type":"product","link":"https:\/\/www.safinel.fr\/de\/product-2\/feste-zahnpasta-kohle-minze\/","title":{"rendered":"Feste Zahnpasta Kohle Minze 35g"},"content":{"rendered":"<p>Die\u00a0<strong>feste Zahnpasta Kohle Minze<\/strong>\u00a0die wir vermarkten, vereint die verschiedenen Eigenschaften, die man sich von einer Zahnpasta w\u00fcnscht. Dar\u00fcber hinaus unterscheidet sie sich von industriellen Zahncremes dadurch, dass sie\u00a0<strong>100% nat\u00fcrlich<\/strong>. Entdecken Sie eine Zahnpasta\u00a0<strong>frei von chemischen Substanzen<\/strong>\u00a0die Sie f\u00fcr eine lange Zeit vom Zahnarzt fernhalten wird.<\/p>\n<h2><strong>Feste Zahnpasta mit Minzkohle, Verb\u00fcndete f\u00fcr perfekte Z\u00e4hne<\/strong><\/h2>\n<p>Die beiden Hauptinhaltsstoffe dieser Zahnpasta machen sie zu einem au\u00dfergew\u00f6hnlichen Produkt. Die Kohle und ihre\u00a0<strong>absorbierende Wirkung<\/strong>\u00a0k\u00f6nnen Schadstoffe und R\u00fcckst\u00e4nde bek\u00e4mpft werden. Dar\u00fcber hinaus entfernt er Flecken und Unreinheiten.<\/p>\n<p>Er macht auch Ihre\u00a0<strong>wei\u00dfere Z\u00e4hne<\/strong>, Das sorgt f\u00fcr ein strahlendes L\u00e4cheln. Die Wirkung von Kohle beschr\u00e4nkt sich nicht nur auf die Reinigung der Z\u00e4hne, sondern umfasst noch viel mehr. Entdecken Sie auch die<a href=\"https:\/\/www.safinel.fr\/de\/product-2\/festes-shampoo-detox-kohle-und-nigella-80g\/\">\u00a0<strong>festes Shampoo Detox Kohle und Nigella 80g<\/strong><\/a>. Es erm\u00f6glicht\u00a0<strong>die Kopfhaut entgiften, mit Sauerstoff versorgen und reinigen<\/strong>.<\/p>\n<p>Die\u00a0<strong>Minze<\/strong>, wird die\u00a0<strong>Frische<\/strong>\u00a0und l\u00e4sst schlechte Ger\u00fcche verschwinden. Der Frischekick, den diese Zahnpasta bietet, wird Ihnen ein extrem sauberes Gef\u00fchl geben. Diese nat\u00fcrliche 100%-Zahnpasta\u00a0<strong>bewahrt den Zahnschmelz<\/strong>. Sie stellt eine Alternative zu herk\u00f6mmlichen Zahnpastatuben dar.<\/p>\n<h3><strong>Gebrauchsanweisung f\u00fcr diese nat\u00fcrliche Zahnpasta<\/strong><\/h3>\n<p>Diese Zahnpasta ist in einer<strong>\u00a0kleine Metalldose<\/strong>. So k\u00f6nnen Sie ihn \u00fcberall hin mitnehmen und die\u00a0<strong>Reinigung Ihrer Z\u00e4hne<\/strong>\u00a0zu jedem beliebigen Zeitpunkt. Um sie zu verwenden, m\u00fcssen Sie sie nur anfeuchten und mit Ihrer Zahnb\u00fcrste dar\u00fcber streichen. Dann schrubben Sie Ihre Z\u00e4hne und fertig!<\/p>\n<h2><strong>Ein Produkt, das f\u00fcr viele Anliegen eintritt<\/strong><\/h2>\n<p>Dieses Naturprodukt verf\u00fcgt \u00fcber eine\u00a0<a href=\"https:\/\/www.vegan-france.fr\/certification-vegan\/\" target=\"_blank\" rel=\"noopener\"><strong>Vegan-Zertifizierung<\/strong><\/a>\u00a0und ist au\u00dferdem 100% nat\u00fcrlich. Au\u00dferdem ist in seiner Zusammensetzung kein Natron enthalten. So profitieren Sie von einem Qualit\u00e4tsprodukt, das umweltfreundlich ist.\u2019<strong>Umgebung<\/strong>\u00a0und Ihrem Geldbeutel.\u00a0<strong>Safinel<\/strong>\u00a0denkt an das Wohlbefinden seiner Kunden, indem er ihnen eine breite Palette von Produkten zu wettbewerbsf\u00e4higen Preisen anbietet<\/p>","protected":false},"excerpt":{"rendered":"<p>Le\u00a0dentifrice solide charbon menthe\u00a0que nous commercialisons regroupe les diff\u00e9rentes qualit\u00e9s que l&rsquo;on recherche dans un dentifrice. De plus, il se distingue des dentifrices industriels par le fait qu&rsquo;il est\u00a0100% naturel. D\u00e9couvrez un dentifrice\u00a0d\u00e9pourvu de substances chimiques\u00a0qui vous \u00e9loignera du dentiste pour un bon moment. Le dentifrice solide charbon menthe, alli\u00e9 d&rsquo;une dentition parfaite Les deux [&#8230;]","protected":false},"featured_media":618,"template":"","meta":[],"product_brand":[],"product_cat":[34],"product_tag":[],"class_list":{"0":"post-617","1":"product","2":"type-product","3":"status-publish","4":"has-post-thumbnail","6":"product_cat-hygiene","8":"first","9":"outofstock","10":"shipping-taxable","11":"purchasable","12":"product-type-simple"},"yoast_head":"<!-- This site is optimized with the Yoast SEO plugin v26.6 - https:\/\/yoast.com\/wordpress\/plugins\/seo\/ -->\n<title>Dentifrice solide charbon menthe 35g | Confection artisanale<\/title>\n<meta name=\"description\" content=\"Le\u00a0dentifrice solide charbon menthe\u00a0que nous commercialisons regroupe les diff\u00e9rentes qualit\u00e9s que l&#039;on recherche dans un dentifrice.\" \/>\n<meta name=\"robots\" content=\"index, follow, max-snippet:-1, max-image-preview:large, max-video-preview:-1\" \/>\n<link rel=\"canonical\" href=\"https:\/\/www.safinel.fr\/de\/product-2\/feste-zahnpasta-kohle-minze\/\" \/>\n<meta property=\"og:locale\" content=\"de_DE\" \/>\n<meta property=\"og:type\" content=\"article\" \/>\n<meta property=\"og:title\" content=\"Dentifrice solide charbon menthe 35g | Confection artisanale\" \/>\n<meta property=\"og:description\" content=\"Le\u00a0dentifrice solide charbon menthe\u00a0que nous commercialisons regroupe les diff\u00e9rentes qualit\u00e9s que l&#039;on recherche dans un dentifrice.\" \/>\n<meta property=\"og:url\" content=\"https:\/\/www.safinel.fr\/de\/product-2\/feste-zahnpasta-kohle-minze\/\" \/>\n<meta property=\"og:site_name\" content=\"Safinel\" \/>\n<meta property=\"article:modified_time\" content=\"2024-09-03T12:36:42+00:00\" \/>\n<meta property=\"og:image\" content=\"https:\/\/www.safinel.fr\/wp-content\/uploads\/2021\/12\/dentifrice-solide-charbon-menthe.jpg\" \/>\n\t<meta property=\"og:image:width\" content=\"600\" \/>\n\t<meta property=\"og:image:height\" content=\"600\" \/>\n\t<meta property=\"og:image:type\" content=\"image\/jpeg\" \/>\n<meta name=\"twitter:card\" content=\"summary_large_image\" \/>\n<meta name=\"twitter:label1\" content=\"Gesch\u00e4tzte Lesezeit\" \/>\n\t<meta name=\"twitter:data1\" content=\"2\u00a0Minuten\" \/>\n<script type=\"application\/ld+json\" class=\"yoast-schema-graph\">{\"@context\":\"https:\/\/schema.org\",\"@graph\":[{\"@type\":\"WebPage\",\"@id\":\"https:\/\/www.safinel.fr\/produit\/dentifrice-solide-charbon-menthe\/\",\"url\":\"https:\/\/www.safinel.fr\/produit\/dentifrice-solide-charbon-menthe\/\",\"name\":\"Dentifrice solide charbon menthe 35g | Confection artisanale\",\"isPartOf\":{\"@id\":\"https:\/\/www.safinel.fr\/#website\"},\"primaryImageOfPage\":{\"@id\":\"https:\/\/www.safinel.fr\/produit\/dentifrice-solide-charbon-menthe\/#primaryimage\"},\"image\":{\"@id\":\"https:\/\/www.safinel.fr\/produit\/dentifrice-solide-charbon-menthe\/#primaryimage\"},\"thumbnailUrl\":\"https:\/\/www.safinel.fr\/wp-content\/uploads\/2021\/12\/dentifrice-solide-charbon-menthe.jpg\",\"datePublished\":\"2021-12-19T13:47:36+00:00\",\"dateModified\":\"2024-09-03T12:36:42+00:00\",\"description\":\"Le\u00a0dentifrice solide charbon menthe\u00a0que nous commercialisons regroupe les diff\u00e9rentes qualit\u00e9s que l'on recherche dans un dentifrice.\",\"breadcrumb\":{\"@id\":\"https:\/\/www.safinel.fr\/produit\/dentifrice-solide-charbon-menthe\/#breadcrumb\"},\"inLanguage\":\"de\",\"potentialAction\":[{\"@type\":\"ReadAction\",\"target\":[\"https:\/\/www.safinel.fr\/produit\/dentifrice-solide-charbon-menthe\/\"]}]},{\"@type\":\"ImageObject\",\"inLanguage\":\"de\",\"@id\":\"https:\/\/www.safinel.fr\/produit\/dentifrice-solide-charbon-menthe\/#primaryimage\",\"url\":\"https:\/\/www.safinel.fr\/wp-content\/uploads\/2021\/12\/dentifrice-solide-charbon-menthe.jpg\",\"contentUrl\":\"https:\/\/www.safinel.fr\/wp-content\/uploads\/2021\/12\/dentifrice-solide-charbon-menthe.jpg\",\"width\":600,\"height\":600,\"caption\":\"Dentifrice solide charbon menthe 35g\"},{\"@type\":\"BreadcrumbList\",\"@id\":\"https:\/\/www.safinel.fr\/produit\/dentifrice-solide-charbon-menthe\/#breadcrumb\",\"itemListElement\":[{\"@type\":\"ListItem\",\"position\":1,\"name\":\"Accueil\",\"item\":\"https:\/\/www.safinel.fr\/\"},{\"@type\":\"ListItem\",\"position\":2,\"name\":\"Boutique\",\"item\":\"https:\/\/www.safinel.fr\/boutique\/\"},{\"@type\":\"ListItem\",\"position\":3,\"name\":\"Dentifrice solide charbon menthe 35g\"}]},{\"@type\":\"WebSite\",\"@id\":\"https:\/\/www.safinel.fr\/#website\",\"url\":\"https:\/\/www.safinel.fr\/\",\"name\":\"Safinel\",\"description\":\"\",\"publisher\":{\"@id\":\"https:\/\/www.safinel.fr\/#organization\"},\"potentialAction\":[{\"@type\":\"SearchAction\",\"target\":{\"@type\":\"EntryPoint\",\"urlTemplate\":\"https:\/\/www.safinel.fr\/?s={search_term_string}\"},\"query-input\":{\"@type\":\"PropertyValueSpecification\",\"valueRequired\":true,\"valueName\":\"search_term_string\"}}],\"inLanguage\":\"de\"},{\"@type\":\"Organization\",\"@id\":\"https:\/\/www.safinel.fr\/#organization\",\"name\":\"Safinel\",\"url\":\"https:\/\/www.safinel.fr\/\",\"logo\":{\"@type\":\"ImageObject\",\"inLanguage\":\"de\",\"@id\":\"https:\/\/www.safinel.fr\/#\/schema\/logo\/image\/\",\"url\":\"https:\/\/www.safinel.fr\/wp-content\/uploads\/2021\/05\/boutique-cosmetique.png\",\"contentUrl\":\"https:\/\/www.safinel.fr\/wp-content\/uploads\/2021\/05\/boutique-cosmetique.png\",\"width\":800,\"height\":200,\"caption\":\"Safinel\"},\"image\":{\"@id\":\"https:\/\/www.safinel.fr\/#\/schema\/logo\/image\/\"}}]}<\/script>\n<!-- \/ Yoast SEO plugin. -->","yoast_head_json":{"title":"Feste Zahnpasta Kohle Minze 35g | Handwerkliche Herstellung","description":"Die feste Zahnpasta Kohle Minze, die wir vermarkten, vereint die verschiedenen Eigenschaften, die man sich von einer Zahnpasta w\u00fcnscht.","robots":{"index":"index","follow":"follow","max-snippet":"max-snippet:-1","max-image-preview":"max-image-preview:large","max-video-preview":"max-video-preview:-1"},"canonical":"https:\/\/www.safinel.fr\/de\/product-2\/feste-zahnpasta-kohle-minze\/","og_locale":"de_DE","og_type":"article","og_title":"Dentifrice solide charbon menthe 35g | Confection artisanale","og_description":"Le\u00a0dentifrice solide charbon menthe\u00a0que nous commercialisons regroupe les diff\u00e9rentes qualit\u00e9s que l'on recherche dans un dentifrice.","og_url":"https:\/\/www.safinel.fr\/de\/product-2\/feste-zahnpasta-kohle-minze\/","og_site_name":"Safinel","article_modified_time":"2024-09-03T12:36:42+00:00","og_image":[{"width":600,"height":600,"url":"https:\/\/www.safinel.fr\/wp-content\/uploads\/2021\/12\/dentifrice-solide-charbon-menthe.jpg","type":"image\/jpeg"}],"twitter_card":"summary_large_image","twitter_misc":{"Gesch\u00e4tzte Lesezeit":"2\u00a0Minuten"},"schema":{"@context":"https:\/\/schema.org","@graph":[{"@type":"WebPage","@id":"https:\/\/www.safinel.fr\/produit\/dentifrice-solide-charbon-menthe\/","url":"https:\/\/www.safinel.fr\/produit\/dentifrice-solide-charbon-menthe\/","name":"Feste Zahnpasta Kohle Minze 35g | Handwerkliche Herstellung","isPartOf":{"@id":"https:\/\/www.safinel.fr\/#website"},"primaryImageOfPage":{"@id":"https:\/\/www.safinel.fr\/produit\/dentifrice-solide-charbon-menthe\/#primaryimage"},"image":{"@id":"https:\/\/www.safinel.fr\/produit\/dentifrice-solide-charbon-menthe\/#primaryimage"},"thumbnailUrl":"https:\/\/www.safinel.fr\/wp-content\/uploads\/2021\/12\/dentifrice-solide-charbon-menthe.jpg","datePublished":"2021-12-19T13:47:36+00:00","dateModified":"2024-09-03T12:36:42+00:00","description":"Die feste Zahnpasta Kohle Minze, die wir vermarkten, vereint die verschiedenen Eigenschaften, die man sich von einer Zahnpasta w\u00fcnscht.","breadcrumb":{"@id":"https:\/\/www.safinel.fr\/produit\/dentifrice-solide-charbon-menthe\/#breadcrumb"},"inLanguage":"de","potentialAction":[{"@type":"ReadAction","target":["https:\/\/www.safinel.fr\/produit\/dentifrice-solide-charbon-menthe\/"]}]},{"@type":"ImageObject","inLanguage":"de","@id":"https:\/\/www.safinel.fr\/produit\/dentifrice-solide-charbon-menthe\/#primaryimage","url":"https:\/\/www.safinel.fr\/wp-content\/uploads\/2021\/12\/dentifrice-solide-charbon-menthe.jpg","contentUrl":"https:\/\/www.safinel.fr\/wp-content\/uploads\/2021\/12\/dentifrice-solide-charbon-menthe.jpg","width":600,"height":600,"caption":"Dentifrice solide charbon menthe 35g"},{"@type":"BreadcrumbList","@id":"https:\/\/www.safinel.fr\/produit\/dentifrice-solide-charbon-menthe\/#breadcrumb","itemListElement":[{"@type":"ListItem","position":1,"name":"Accueil","item":"https:\/\/www.safinel.fr\/"},{"@type":"ListItem","position":2,"name":"Boutique","item":"https:\/\/www.safinel.fr\/boutique\/"},{"@type":"ListItem","position":3,"name":"Dentifrice solide charbon menthe 35g"}]},{"@type":"WebSite","@id":"https:\/\/www.safinel.fr\/#website","url":"https:\/\/www.safinel.fr\/","name":"Safinel","description":"","publisher":{"@id":"https:\/\/www.safinel.fr\/#organization"},"potentialAction":[{"@type":"SearchAction","target":{"@type":"EntryPoint","urlTemplate":"https:\/\/www.safinel.fr\/?s={search_term_string}"},"query-input":{"@type":"PropertyValueSpecification","valueRequired":true,"valueName":"search_term_string"}}],"inLanguage":"de"},{"@type":"Organization","@id":"https:\/\/www.safinel.fr\/#organization","name":"Safinel","url":"https:\/\/www.safinel.fr\/","logo":{"@type":"ImageObject","inLanguage":"de","@id":"https:\/\/www.safinel.fr\/#\/schema\/logo\/image\/","url":"https:\/\/www.safinel.fr\/wp-content\/uploads\/2021\/05\/boutique-cosmetique.png","contentUrl":"https:\/\/www.safinel.fr\/wp-content\/uploads\/2021\/05\/boutique-cosmetique.png","width":800,"height":200,"caption":"Safinel"},"image":{"@id":"https:\/\/www.safinel.fr\/#\/schema\/logo\/image\/"}}]}},"_links":{"self":[{"href":"https:\/\/www.safinel.fr\/de\/wp-json\/wp\/v2\/product\/617","targetHints":{"allow":["GET"]}}],"collection":[{"href":"https:\/\/www.safinel.fr\/de\/wp-json\/wp\/v2\/product"}],"about":[{"href":"https:\/\/www.safinel.fr\/de\/wp-json\/wp\/v2\/types\/product"}],"wp:featuredmedia":[{"embeddable":true,"href":"https:\/\/www.safinel.fr\/de\/wp-json\/wp\/v2\/media\/618"}],"wp:attachment":[{"href":"https:\/\/www.safinel.fr\/de\/wp-json\/wp\/v2\/media?parent=617"}],"wp:term":[{"taxonomy":"product_brand","embeddable":true,"href":"https:\/\/www.safinel.fr\/de\/wp-json\/wp\/v2\/product_brand?post=617"},{"taxonomy":"product_cat","embeddable":true,"href":"https:\/\/www.safinel.fr\/de\/wp-json\/wp\/v2\/product_cat?post=617"},{"taxonomy":"product_tag","embeddable":true,"href":"https:\/\/www.safinel.fr\/de\/wp-json\/wp\/v2\/product_tag?post=617"}],"curies":[{"name":"wp","href":"https:\/\/api.w.org\/{rel}","templated":true}]}}