{"id":6160,"date":"2023-05-24T10:49:21","date_gmt":"2023-05-24T10:49:21","guid":{"rendered":"https:\/\/www.safinel.fr\/?post_type=product&#038;p=6160"},"modified":"2025-11-15T23:41:04","modified_gmt":"2025-11-15T23:41:04","slug":"affenbrotbaumblatter","status":"publish","type":"product","link":"https:\/\/www.safinel.fr\/de\/product-2\/affenbrotbaumblatter\/","title":{"rendered":"Bl\u00e4tter des Affenbrotbaums"},"content":{"rendered":"<p>Da sich unser Shop zum Ziel gesetzt hat, die <a href=\"https:\/\/www.safinel.fr\/de\/afrikanische-pharmakopoe\/\"><strong>afrikanische Pharmakop\u00f6e<\/strong><\/a>, Heute berichten wir \u00fcber die\u00a0<strong>Affenbrotbaumbl\u00e4tter<\/strong>. Denn sie sind immer noch unbekannt. Hier ist ein Artikel, der alles erkl\u00e4rt.<\/p>\n<h2><strong>Bl\u00e4tter des Affenbrotbaums: der typisch afrikanische Baum<\/strong><\/h2>\n<p>Der Baobab ist der ber\u00fchmteste Baum Afrikas. Er ist leicht an seinen wurzel\u00e4hnlichen \u00c4sten zu erkennen. Auch der Stammumfang von bis zu 38 Metern ist beeindruckend.<\/p>\n<p>Au\u00dferdem geh\u00f6rt er zur Familie der Bombakaceae, von denen es nicht weniger als 250 Arten gibt.<\/p>\n<p>Die am weitesten verbreitete und bekannteste ist diejenige, die auf dem afrikanischen Kontinent vorkommt. Genauer gesagt,\u00a0<strong>l\u2019<\/strong><strong>Adansonia digitata<\/strong>\u00a0die in 31 L\u00e4ndern von der s\u00fcdlichen Sahara bis zu den W\u00e4ldern Madagaskars zu finden sind.<\/p>\n<p>Aber wozu dienen die\u00a0<strong>Affenbrotbaumbl\u00e4tter?\u00a0<\/strong><\/p>\n<h2><strong>Ein Baum mit vielen Verwendungsm\u00f6glichkeiten<\/strong><\/h2>\n<p>Es muss betont werden, dass in Afrika das Interesse an Wildpflanzen weit verbreitet ist.<\/p>\n<p>Neben den essbaren Fr\u00fcchten, die als \u00abAffenbrot\u00bb bezeichnet werden, werden alle Teile des Affenbrotbaums zu therapeutischen Zwecken verwendet. So auch die Bl\u00e4tter des Baobab. Aber auch wegen seiner ern\u00e4hrungsphysiologischen Qualit\u00e4ten.<\/p>\n<p>Auch in der traditionellen afrikanischen Medizin ist es Teil vieler Heilmittel. Vor allem zur Behandlung von Verdauungsproblemen. Auch die entz\u00fcndungshemmenden Eigenschaften der Pflanze werden genutzt.<\/p>\n<h3><strong>Baobab-Bl\u00e4tter: Zoom auf eine reiche und vollst\u00e4ndige Zusammensetzung<\/strong><\/h3>\n<p>Zun\u00e4chst einmal muss man sagen, dass die\u00a0<strong>Affenbrotbaumbl\u00e4tter\u00a0<\/strong>sind sehr reich an Mikron\u00e4hrstoffen und Spurenelementen. Sie enthalten einen hohen Anteil an Kalzium und Eisen. Dar\u00fcber hinaus enthalten sie Phosphor, Kalium, Magnesium, Mangan und Zink. Au\u00dferdem sind sie mit Aminos\u00e4uren, Provitamin A und Vitamin C angereichert.<\/p>\n<p>Dank ihrer umfassenden Zusammensetzung z\u00e4hlen sie zu den Zutaten mit einem au\u00dfergew\u00f6hnlich hohen N\u00e4hrwert. Wie Spinat k\u00f6nnen sie roh oder gekocht verzehrt werden. Und sogar getrocknet.<\/p>\n<p>Au\u00dferdem werden sie traditionell je nach Verwendungszweck als Tee oder Kompressen verwendet. Sie sollen n\u00e4mlich bestimmte therapeutische Wirkungen haben. Zum Beispiel als Durchfallmittel oder entz\u00fcndungshemmend.<\/p>","protected":false},"excerpt":{"rendered":"<p><strong>Einige Vorteile :<\/strong><\/p>\n<ul>\n<li>Sie enthalten Phosphor, Kalium, Magnesium, Mangan und Zink.<\/li>\n<li>Mehr noch: Sie bestehen aus Aminos\u00e4uren, Provitamin A und Vitamin C.<\/li>\n<\/ul>\n<p><img decoding=\"async\" class=\"size-full wp-image-5091 aligncenter\" src=\"https:\/\/www.safinel.fr\/wp-content\/uploads\/2021\/06\/BANNIERE-ICONE-SAFINEL.webp\" alt=\"Satines-R\u00fcckversicherung\" width=\"800\" height=\"200\" srcset=\"https:\/\/www.safinel.fr\/wp-content\/uploads\/2021\/06\/BANNIERE-ICONE-SAFINEL.webp 800w, https:\/\/www.safinel.fr\/wp-content\/uploads\/2021\/06\/BANNIERE-ICONE-SAFINEL-600x150.webp 600w, https:\/\/www.safinel.fr\/wp-content\/uploads\/2021\/06\/BANNIERE-ICONE-SAFINEL-768x192.webp 768w\" sizes=\"(max-width: 800px) 100vw, 800px\" \/><\/p>","protected":false},"featured_media":6161,"template":"","meta":[],"product_brand":[],"product_cat":[27],"product_tag":[],"class_list":{"0":"post-6160","1":"product","2":"type-product","3":"status-publish","4":"has-post-thumbnail","6":"product_cat-plantes-medicinales","8":"first","9":"instock","10":"shipping-taxable","11":"purchasable","12":"product-type-variable"},"yoast_head":"<!-- This site is optimized with the Yoast SEO plugin v26.6 - https:\/\/yoast.com\/wordpress\/plugins\/seo\/ -->\n<title>Feuilles de Baobab I Propri\u00e9t\u00e9s et utilisations I Achat s\u00e9curis\u00e9<\/title>\n<meta name=\"description\" content=\"Comme notre boutique a pour vocation de mettre \u00e0 l\u2019honneur la pharmacop\u00e9e africaine, aujourd\u2019hui, nous vous parlons des\u00a0feuilles de baobab.\" \/>\n<meta name=\"robots\" content=\"index, follow, max-snippet:-1, max-image-preview:large, max-video-preview:-1\" \/>\n<link rel=\"canonical\" href=\"https:\/\/www.safinel.fr\/de\/product-2\/affenbrotbaumblatter\/\" \/>\n<meta property=\"og:locale\" content=\"de_DE\" \/>\n<meta property=\"og:type\" content=\"article\" \/>\n<meta property=\"og:title\" content=\"Feuilles de Baobab I Propri\u00e9t\u00e9s et utilisations I Achat s\u00e9curis\u00e9\" \/>\n<meta property=\"og:description\" content=\"Comme notre boutique a pour vocation de mettre \u00e0 l\u2019honneur la pharmacop\u00e9e africaine, aujourd\u2019hui, nous vous parlons des\u00a0feuilles de baobab.\" \/>\n<meta property=\"og:url\" content=\"https:\/\/www.safinel.fr\/de\/product-2\/affenbrotbaumblatter\/\" \/>\n<meta property=\"og:site_name\" content=\"Safinel\" \/>\n<meta property=\"article:modified_time\" content=\"2025-11-15T23:41:04+00:00\" \/>\n<meta property=\"og:image\" content=\"https:\/\/www.safinel.fr\/wp-content\/uploads\/2023\/05\/feuiles-de-baobab.jpg\" \/>\n\t<meta property=\"og:image:width\" content=\"600\" \/>\n\t<meta property=\"og:image:height\" content=\"600\" \/>\n\t<meta property=\"og:image:type\" content=\"image\/jpeg\" \/>\n<meta name=\"twitter:card\" content=\"summary_large_image\" \/>\n<meta name=\"twitter:label1\" content=\"Gesch\u00e4tzte Lesezeit\" \/>\n\t<meta name=\"twitter:data1\" content=\"2\u00a0Minuten\" \/>\n<script type=\"application\/ld+json\" class=\"yoast-schema-graph\">{\"@context\":\"https:\/\/schema.org\",\"@graph\":[{\"@type\":\"WebPage\",\"@id\":\"https:\/\/www.safinel.fr\/produit\/feuilles-de-baobab\/\",\"url\":\"https:\/\/www.safinel.fr\/produit\/feuilles-de-baobab\/\",\"name\":\"Feuilles de Baobab I Propri\u00e9t\u00e9s et utilisations I Achat s\u00e9curis\u00e9\",\"isPartOf\":{\"@id\":\"https:\/\/www.safinel.fr\/#website\"},\"primaryImageOfPage\":{\"@id\":\"https:\/\/www.safinel.fr\/produit\/feuilles-de-baobab\/#primaryimage\"},\"image\":{\"@id\":\"https:\/\/www.safinel.fr\/produit\/feuilles-de-baobab\/#primaryimage\"},\"thumbnailUrl\":\"https:\/\/www.safinel.fr\/wp-content\/uploads\/2023\/05\/feuiles-de-baobab.jpg\",\"datePublished\":\"2023-05-24T10:49:21+00:00\",\"dateModified\":\"2025-11-15T23:41:04+00:00\",\"description\":\"Comme notre boutique a pour vocation de mettre \u00e0 l\u2019honneur la pharmacop\u00e9e africaine, aujourd\u2019hui, nous vous parlons des\u00a0feuilles de baobab.\",\"breadcrumb\":{\"@id\":\"https:\/\/www.safinel.fr\/produit\/feuilles-de-baobab\/#breadcrumb\"},\"inLanguage\":\"de\",\"potentialAction\":[{\"@type\":\"ReadAction\",\"target\":[\"https:\/\/www.safinel.fr\/produit\/feuilles-de-baobab\/\"]}]},{\"@type\":\"ImageObject\",\"inLanguage\":\"de\",\"@id\":\"https:\/\/www.safinel.fr\/produit\/feuilles-de-baobab\/#primaryimage\",\"url\":\"https:\/\/www.safinel.fr\/wp-content\/uploads\/2023\/05\/feuiles-de-baobab.jpg\",\"contentUrl\":\"https:\/\/www.safinel.fr\/wp-content\/uploads\/2023\/05\/feuiles-de-baobab.jpg\",\"width\":600,\"height\":600,\"caption\":\"Feuilles de baobab\"},{\"@type\":\"BreadcrumbList\",\"@id\":\"https:\/\/www.safinel.fr\/produit\/feuilles-de-baobab\/#breadcrumb\",\"itemListElement\":[{\"@type\":\"ListItem\",\"position\":1,\"name\":\"Accueil\",\"item\":\"https:\/\/www.safinel.fr\/\"},{\"@type\":\"ListItem\",\"position\":2,\"name\":\"Boutique\",\"item\":\"https:\/\/www.safinel.fr\/boutique\/\"},{\"@type\":\"ListItem\",\"position\":3,\"name\":\"Feuilles de baobab\"}]},{\"@type\":\"WebSite\",\"@id\":\"https:\/\/www.safinel.fr\/#website\",\"url\":\"https:\/\/www.safinel.fr\/\",\"name\":\"Safinel\",\"description\":\"\",\"publisher\":{\"@id\":\"https:\/\/www.safinel.fr\/#organization\"},\"potentialAction\":[{\"@type\":\"SearchAction\",\"target\":{\"@type\":\"EntryPoint\",\"urlTemplate\":\"https:\/\/www.safinel.fr\/?s={search_term_string}\"},\"query-input\":{\"@type\":\"PropertyValueSpecification\",\"valueRequired\":true,\"valueName\":\"search_term_string\"}}],\"inLanguage\":\"de\"},{\"@type\":\"Organization\",\"@id\":\"https:\/\/www.safinel.fr\/#organization\",\"name\":\"Safinel\",\"url\":\"https:\/\/www.safinel.fr\/\",\"logo\":{\"@type\":\"ImageObject\",\"inLanguage\":\"de\",\"@id\":\"https:\/\/www.safinel.fr\/#\/schema\/logo\/image\/\",\"url\":\"https:\/\/www.safinel.fr\/wp-content\/uploads\/2021\/05\/boutique-cosmetique.png\",\"contentUrl\":\"https:\/\/www.safinel.fr\/wp-content\/uploads\/2021\/05\/boutique-cosmetique.png\",\"width\":800,\"height\":200,\"caption\":\"Safinel\"},\"image\":{\"@id\":\"https:\/\/www.safinel.fr\/#\/schema\/logo\/image\/\"}}]}<\/script>\n<!-- \/ Yoast SEO plugin. -->","yoast_head_json":{"title":"Baobab-Bl\u00e4tter I Eigenschaften und Verwendung I Sicherer Kauf","description":"Da es sich unser Shop zur Aufgabe gemacht hat, die afrikanische Pharmakop\u00f6e zu ehren, erz\u00e4hlen wir Ihnen heute von den Bl\u00e4ttern des Affenbrotbaums.","robots":{"index":"index","follow":"follow","max-snippet":"max-snippet:-1","max-image-preview":"max-image-preview:large","max-video-preview":"max-video-preview:-1"},"canonical":"https:\/\/www.safinel.fr\/de\/product-2\/affenbrotbaumblatter\/","og_locale":"de_DE","og_type":"article","og_title":"Feuilles de Baobab I Propri\u00e9t\u00e9s et utilisations I Achat s\u00e9curis\u00e9","og_description":"Comme notre boutique a pour vocation de mettre \u00e0 l\u2019honneur la pharmacop\u00e9e africaine, aujourd\u2019hui, nous vous parlons des\u00a0feuilles de baobab.","og_url":"https:\/\/www.safinel.fr\/de\/product-2\/affenbrotbaumblatter\/","og_site_name":"Safinel","article_modified_time":"2025-11-15T23:41:04+00:00","og_image":[{"width":600,"height":600,"url":"https:\/\/www.safinel.fr\/wp-content\/uploads\/2023\/05\/feuiles-de-baobab.jpg","type":"image\/jpeg"}],"twitter_card":"summary_large_image","twitter_misc":{"Gesch\u00e4tzte Lesezeit":"2\u00a0Minuten"},"schema":{"@context":"https:\/\/schema.org","@graph":[{"@type":"WebPage","@id":"https:\/\/www.safinel.fr\/produit\/feuilles-de-baobab\/","url":"https:\/\/www.safinel.fr\/produit\/feuilles-de-baobab\/","name":"Baobab-Bl\u00e4tter I Eigenschaften und Verwendung I Sicherer Kauf","isPartOf":{"@id":"https:\/\/www.safinel.fr\/#website"},"primaryImageOfPage":{"@id":"https:\/\/www.safinel.fr\/produit\/feuilles-de-baobab\/#primaryimage"},"image":{"@id":"https:\/\/www.safinel.fr\/produit\/feuilles-de-baobab\/#primaryimage"},"thumbnailUrl":"https:\/\/www.safinel.fr\/wp-content\/uploads\/2023\/05\/feuiles-de-baobab.jpg","datePublished":"2023-05-24T10:49:21+00:00","dateModified":"2025-11-15T23:41:04+00:00","description":"Da es sich unser Shop zur Aufgabe gemacht hat, die afrikanische Pharmakop\u00f6e zu ehren, erz\u00e4hlen wir Ihnen heute von den Bl\u00e4ttern des Affenbrotbaums.","breadcrumb":{"@id":"https:\/\/www.safinel.fr\/produit\/feuilles-de-baobab\/#breadcrumb"},"inLanguage":"de","potentialAction":[{"@type":"ReadAction","target":["https:\/\/www.safinel.fr\/produit\/feuilles-de-baobab\/"]}]},{"@type":"ImageObject","inLanguage":"de","@id":"https:\/\/www.safinel.fr\/produit\/feuilles-de-baobab\/#primaryimage","url":"https:\/\/www.safinel.fr\/wp-content\/uploads\/2023\/05\/feuiles-de-baobab.jpg","contentUrl":"https:\/\/www.safinel.fr\/wp-content\/uploads\/2023\/05\/feuiles-de-baobab.jpg","width":600,"height":600,"caption":"Feuilles de baobab"},{"@type":"BreadcrumbList","@id":"https:\/\/www.safinel.fr\/produit\/feuilles-de-baobab\/#breadcrumb","itemListElement":[{"@type":"ListItem","position":1,"name":"Accueil","item":"https:\/\/www.safinel.fr\/"},{"@type":"ListItem","position":2,"name":"Boutique","item":"https:\/\/www.safinel.fr\/boutique\/"},{"@type":"ListItem","position":3,"name":"Feuilles de baobab"}]},{"@type":"WebSite","@id":"https:\/\/www.safinel.fr\/#website","url":"https:\/\/www.safinel.fr\/","name":"Safinel","description":"","publisher":{"@id":"https:\/\/www.safinel.fr\/#organization"},"potentialAction":[{"@type":"SearchAction","target":{"@type":"EntryPoint","urlTemplate":"https:\/\/www.safinel.fr\/?s={search_term_string}"},"query-input":{"@type":"PropertyValueSpecification","valueRequired":true,"valueName":"search_term_string"}}],"inLanguage":"de"},{"@type":"Organization","@id":"https:\/\/www.safinel.fr\/#organization","name":"Safinel","url":"https:\/\/www.safinel.fr\/","logo":{"@type":"ImageObject","inLanguage":"de","@id":"https:\/\/www.safinel.fr\/#\/schema\/logo\/image\/","url":"https:\/\/www.safinel.fr\/wp-content\/uploads\/2021\/05\/boutique-cosmetique.png","contentUrl":"https:\/\/www.safinel.fr\/wp-content\/uploads\/2021\/05\/boutique-cosmetique.png","width":800,"height":200,"caption":"Safinel"},"image":{"@id":"https:\/\/www.safinel.fr\/#\/schema\/logo\/image\/"}}]}},"_links":{"self":[{"href":"https:\/\/www.safinel.fr\/de\/wp-json\/wp\/v2\/product\/6160","targetHints":{"allow":["GET"]}}],"collection":[{"href":"https:\/\/www.safinel.fr\/de\/wp-json\/wp\/v2\/product"}],"about":[{"href":"https:\/\/www.safinel.fr\/de\/wp-json\/wp\/v2\/types\/product"}],"wp:featuredmedia":[{"embeddable":true,"href":"https:\/\/www.safinel.fr\/de\/wp-json\/wp\/v2\/media\/6161"}],"wp:attachment":[{"href":"https:\/\/www.safinel.fr\/de\/wp-json\/wp\/v2\/media?parent=6160"}],"wp:term":[{"taxonomy":"product_brand","embeddable":true,"href":"https:\/\/www.safinel.fr\/de\/wp-json\/wp\/v2\/product_brand?post=6160"},{"taxonomy":"product_cat","embeddable":true,"href":"https:\/\/www.safinel.fr\/de\/wp-json\/wp\/v2\/product_cat?post=6160"},{"taxonomy":"product_tag","embeddable":true,"href":"https:\/\/www.safinel.fr\/de\/wp-json\/wp\/v2\/product_tag?post=6160"}],"curies":[{"name":"wp","href":"https:\/\/api.w.org\/{rel}","templated":true}]}}