{"id":6115,"date":"2023-05-21T10:41:21","date_gmt":"2023-05-21T10:41:21","guid":{"rendered":"https:\/\/www.safinel.fr\/?post_type=product&#038;p=6115"},"modified":"2024-03-12T13:19:33","modified_gmt":"2024-03-12T13:19:33","slug":"pomegranate-curl-smoothie","status":"publish","type":"product","link":"https:\/\/www.safinel.fr\/de\/product-2\/pomegranate-curl-smoothie\/","title":{"rendered":"Pomegranate Curl Smoothie 250ml - Tropikal Bliss"},"content":{"rendered":"<p>Wieder einmal hat Ihr Lieblingsshop Safinel einen echten Nugget f\u00fcr Sie aufgesp\u00fcrt. Es handelt sich um den\u00a0<strong>Pomegranate Curl Smoothie<\/strong>, ein\u00a0<strong>Haarmilch ohne Aussp\u00fclen\u00a0<\/strong>der zweifellos zum Verb\u00fcndeten der\u00a0<strong>curly hair!\u00a0<\/strong><\/p>\n<h2><strong>Der Pomegranate Curl Smoothie: Was ist das?\u00a0<\/strong><\/h2>\n<p>Der Pomegranate Curl Smoothie ist ein Produkt von\u00a0<strong>Haarpflege\u00a0<\/strong>der franz\u00f6sischen Marke\u00a0<strong>TropikalBliss<\/strong>. Es wurde speziell f\u00fcr lockiges, krauses und krauses Haar entwickelt.<\/p>\n<p>Dar\u00fcber hinaus ist diese Kosmetik aus nat\u00fcrlichen und biologischen Inhaltsstoffen formuliert und enth\u00e4lt keine Parabene, Sulfate, Silikone oder Mineral\u00f6le. Diese\u00a0<strong>Haarmilch\u00a0<\/strong>ist ebenfalls ein veganes und cruelty-free Produkt.<\/p>\n<p>Ebenfalls zum Testen: der Leave-in-Pflegespray\u00a0<strong><a href=\"https:\/\/www.safinel.fr\/de\/product-2\/pineapple-moisture-mist\/\">Pineapple Moisture Mist<\/a>. \u00a0<\/strong><\/p>\n<h2><strong>Ein s\u00fc\u00dfer Duft und unz\u00e4hlige Eigenschaften!\u00a0<\/strong><\/h2>\n<p>Diese\u00a0<strong>Pflege<\/strong>\u00a0ist ein feuchtigkeitsspendendes und n\u00e4hrendes Produkt f\u00fcr die\u00a0<strong>strukturiertes Haar.<\/strong>\u00a0So enth\u00e4lt er\u2019<strong>Granatapfel\u00f6l<\/strong>, das reich an Antioxidantien ist. Dieser Wirkstoff sch\u00fctzt das Haar vor allem vor \u00e4u\u00dferen Einfl\u00fcssen und beugt Sch\u00e4den durch freie Radikale vor.<\/p>\n<p>Diese\u00a0<strong>Kosmetik<\/strong>\u00a0enth\u00e4lt auch von<strong>\u00a0Himbeer\u00f6l,<\/strong>\u00a0die das Haar mit Feuchtigkeit versorgt und sch\u00fctzt. Sowie von<strong>\u00a0Hibiskus\u00f6l<\/strong>, Die Haut wird durch die Verwendung von Vitaminen und Mineralien revitalisiert und erh\u00e4lt einen strahlenden Glanz.<\/p>\n<p>Unsere Haarmilch hilft schlie\u00dflich dabei, Locken zu definieren und Frizz zu reduzieren. Das ist ideal f\u00fcr ein optimales Ergebnis, weicheres, kr\u00e4ftigeres und gl\u00e4nzenderes Haar.<\/p>\n<h3><strong>Wie verwende ich den Pomegranate Curl Smoothie?\u00a0<\/strong><\/h3>\n<p>Ihr neuer\u00a0<strong>Kosmetik<\/strong>\u00a0wird auf sauberem, feuchtem Haar angewendet. Nachdem Sie es mit einem milden Shampoo gewaschen haben, tragen Sie eine kleine Menge des Produkts auf und konzentrieren Sie sich dabei auf die Spitzen und die L\u00e4ngen.<\/p>\n<p>Vermeiden Sie au\u00dferdem Wurzeln, um die Faser nicht zu beschweren.<\/p>\n<p>Verteilen Sie das Produkt gleichm\u00e4\u00dfig mit einem grobzinkigen Kamm oder Ihren Fingern. Sie k\u00f6nnen Ihr Haar an der Luft trocknen lassen oder einen Diffusor verwenden, um das Haar schneller zu trocknen. Schlie\u00dflich diese\u00a0<strong>n\u00e4hrende Lockencreme<\/strong>\u00a0kann t\u00e4glich verwendet werden, um Ihr Haar mit Feuchtigkeit zu versorgen und es tiefgehend zu n\u00e4hren.<\/p>\n<p>Zusammenfassend l\u00e4sst sich sagen, dass es sich um ein nat\u00fcrliches und wirksames Haarpflegeprodukt f\u00fcr lockiges, krauses und krauses Haar handelt. Seine saubere Formel und seine biologischen Inhaltsstoffe machen es zu einem Produkt, das die Umwelt und Ihre Gesundheit schont!<\/p>","protected":false},"excerpt":{"rendered":"<p>Ihr Lieblingsshop Safinel hat wieder einmal einen echten Nugget f\u00fcr Sie aufgesp\u00fcrt.<\/p>\n<p>Es handelt sich um den\u00a0<strong>Pomegranate Curl Smoothie<\/strong>, ein\u00a0<strong>Haarmilch ohne Aussp\u00fclen\u00a0<\/strong>der zweifellos zum Verb\u00fcndeten der\u00a0<strong>curly hair!\u00a0<\/strong><\/p>\n<p><img decoding=\"async\" class=\"size-full wp-image-5091 aligncenter\" src=\"https:\/\/www.safinel.fr\/wp-content\/uploads\/2021\/06\/BANNIERE-ICONE-SAFINEL.webp\" alt=\"Satines-R\u00fcckversicherung\" width=\"800\" height=\"200\" srcset=\"https:\/\/www.safinel.fr\/wp-content\/uploads\/2021\/06\/BANNIERE-ICONE-SAFINEL.webp 800w, https:\/\/www.safinel.fr\/wp-content\/uploads\/2021\/06\/BANNIERE-ICONE-SAFINEL-600x150.webp 600w, https:\/\/www.safinel.fr\/wp-content\/uploads\/2021\/06\/BANNIERE-ICONE-SAFINEL-768x192.webp 768w\" sizes=\"(max-width: 800px) 100vw, 800px\" \/><\/p>","protected":false},"featured_media":6116,"template":"","meta":[],"product_brand":[],"product_cat":[146,154,153],"product_tag":[],"class_list":{"0":"post-6115","1":"product","2":"type-product","3":"status-publish","4":"has-post-thumbnail","6":"product_cat-produit-cheveux","7":"product_cat-produits-cheveux-boucles","8":"product_cat-tropikal-bliss","10":"first","11":"outofstock","12":"shipping-taxable","13":"purchasable","14":"product-type-simple"},"yoast_head":"<!-- This site is optimized with the Yoast SEO plugin v26.6 - https:\/\/yoast.com\/wordpress\/plugins\/seo\/ -->\n<title>Pomegranate Curl Smoothie I Cr\u00e8me nourrissante cheveux boucl\u00e9s<\/title>\n<meta name=\"description\" content=\"D\u00e9couvrez Pomegranate Curl Smoothie, un\u00a0lait capillaire sans rin\u00e7age\u00a0qui deviendra sans aucun doute l\u2019alli\u00e9 des\u00a0curly hair !\" \/>\n<meta name=\"robots\" content=\"index, follow, max-snippet:-1, max-image-preview:large, max-video-preview:-1\" \/>\n<link rel=\"canonical\" href=\"https:\/\/www.safinel.fr\/de\/product-2\/pomegranate-curl-smoothie\/\" \/>\n<meta property=\"og:locale\" content=\"de_DE\" \/>\n<meta property=\"og:type\" content=\"article\" \/>\n<meta property=\"og:title\" content=\"Pomegranate Curl Smoothie I Cr\u00e8me nourrissante cheveux boucl\u00e9s\" \/>\n<meta property=\"og:description\" content=\"D\u00e9couvrez Pomegranate Curl Smoothie, un\u00a0lait capillaire sans rin\u00e7age\u00a0qui deviendra sans aucun doute l\u2019alli\u00e9 des\u00a0curly hair !\" \/>\n<meta property=\"og:url\" content=\"https:\/\/www.safinel.fr\/de\/product-2\/pomegranate-curl-smoothie\/\" \/>\n<meta property=\"og:site_name\" content=\"Safinel\" \/>\n<meta property=\"article:modified_time\" content=\"2024-03-12T13:19:33+00:00\" \/>\n<meta property=\"og:image\" content=\"https:\/\/www.safinel.fr\/wp-content\/uploads\/2023\/05\/Pomegranate-Curl-Smoothie.jpg\" \/>\n\t<meta property=\"og:image:width\" content=\"600\" \/>\n\t<meta property=\"og:image:height\" content=\"600\" \/>\n\t<meta property=\"og:image:type\" content=\"image\/jpeg\" \/>\n<meta name=\"twitter:card\" content=\"summary_large_image\" \/>\n<meta name=\"twitter:label1\" content=\"Gesch\u00e4tzte Lesezeit\" \/>\n\t<meta name=\"twitter:data1\" content=\"2\u00a0Minuten\" \/>\n<script type=\"application\/ld+json\" class=\"yoast-schema-graph\">{\"@context\":\"https:\/\/schema.org\",\"@graph\":[{\"@type\":\"WebPage\",\"@id\":\"https:\/\/www.safinel.fr\/produit\/pomegranate-curl-smoothie\/\",\"url\":\"https:\/\/www.safinel.fr\/produit\/pomegranate-curl-smoothie\/\",\"name\":\"Pomegranate Curl Smoothie I Cr\u00e8me nourrissante cheveux boucl\u00e9s\",\"isPartOf\":{\"@id\":\"https:\/\/www.safinel.fr\/#website\"},\"primaryImageOfPage\":{\"@id\":\"https:\/\/www.safinel.fr\/produit\/pomegranate-curl-smoothie\/#primaryimage\"},\"image\":{\"@id\":\"https:\/\/www.safinel.fr\/produit\/pomegranate-curl-smoothie\/#primaryimage\"},\"thumbnailUrl\":\"https:\/\/www.safinel.fr\/wp-content\/uploads\/2023\/05\/Pomegranate-Curl-Smoothie.jpg\",\"datePublished\":\"2023-05-21T10:41:21+00:00\",\"dateModified\":\"2024-03-12T13:19:33+00:00\",\"description\":\"D\u00e9couvrez Pomegranate Curl Smoothie, un\u00a0lait capillaire sans rin\u00e7age\u00a0qui deviendra sans aucun doute l\u2019alli\u00e9 des\u00a0curly hair !\",\"breadcrumb\":{\"@id\":\"https:\/\/www.safinel.fr\/produit\/pomegranate-curl-smoothie\/#breadcrumb\"},\"inLanguage\":\"de\",\"potentialAction\":[{\"@type\":\"ReadAction\",\"target\":[\"https:\/\/www.safinel.fr\/produit\/pomegranate-curl-smoothie\/\"]}]},{\"@type\":\"ImageObject\",\"inLanguage\":\"de\",\"@id\":\"https:\/\/www.safinel.fr\/produit\/pomegranate-curl-smoothie\/#primaryimage\",\"url\":\"https:\/\/www.safinel.fr\/wp-content\/uploads\/2023\/05\/Pomegranate-Curl-Smoothie.jpg\",\"contentUrl\":\"https:\/\/www.safinel.fr\/wp-content\/uploads\/2023\/05\/Pomegranate-Curl-Smoothie.jpg\",\"width\":600,\"height\":600,\"caption\":\"Pomegranate Curl Smoothie\"},{\"@type\":\"BreadcrumbList\",\"@id\":\"https:\/\/www.safinel.fr\/produit\/pomegranate-curl-smoothie\/#breadcrumb\",\"itemListElement\":[{\"@type\":\"ListItem\",\"position\":1,\"name\":\"Accueil\",\"item\":\"https:\/\/www.safinel.fr\/\"},{\"@type\":\"ListItem\",\"position\":2,\"name\":\"Boutique\",\"item\":\"https:\/\/www.safinel.fr\/boutique\/\"},{\"@type\":\"ListItem\",\"position\":3,\"name\":\"Pomegranate Curl Smoothie 250ml &#8211; Tropikal Bliss\"}]},{\"@type\":\"WebSite\",\"@id\":\"https:\/\/www.safinel.fr\/#website\",\"url\":\"https:\/\/www.safinel.fr\/\",\"name\":\"Safinel\",\"description\":\"\",\"publisher\":{\"@id\":\"https:\/\/www.safinel.fr\/#organization\"},\"potentialAction\":[{\"@type\":\"SearchAction\",\"target\":{\"@type\":\"EntryPoint\",\"urlTemplate\":\"https:\/\/www.safinel.fr\/?s={search_term_string}\"},\"query-input\":{\"@type\":\"PropertyValueSpecification\",\"valueRequired\":true,\"valueName\":\"search_term_string\"}}],\"inLanguage\":\"de\"},{\"@type\":\"Organization\",\"@id\":\"https:\/\/www.safinel.fr\/#organization\",\"name\":\"Safinel\",\"url\":\"https:\/\/www.safinel.fr\/\",\"logo\":{\"@type\":\"ImageObject\",\"inLanguage\":\"de\",\"@id\":\"https:\/\/www.safinel.fr\/#\/schema\/logo\/image\/\",\"url\":\"https:\/\/www.safinel.fr\/wp-content\/uploads\/2021\/05\/boutique-cosmetique.png\",\"contentUrl\":\"https:\/\/www.safinel.fr\/wp-content\/uploads\/2021\/05\/boutique-cosmetique.png\",\"width\":800,\"height\":200,\"caption\":\"Safinel\"},\"image\":{\"@id\":\"https:\/\/www.safinel.fr\/#\/schema\/logo\/image\/\"}}]}<\/script>\n<!-- \/ Yoast SEO plugin. -->","yoast_head_json":{"title":"Pomegranate Curl Smoothie I N\u00e4hrende Creme f\u00fcr lockiges Haar","description":"Entdecken Sie Pomegranate Curl Smoothie, eine Haarmilch ohne Aussp\u00fclen, die zweifellos zum Verb\u00fcndeten von Curly Hair werden wird!","robots":{"index":"index","follow":"follow","max-snippet":"max-snippet:-1","max-image-preview":"max-image-preview:large","max-video-preview":"max-video-preview:-1"},"canonical":"https:\/\/www.safinel.fr\/de\/product-2\/pomegranate-curl-smoothie\/","og_locale":"de_DE","og_type":"article","og_title":"Pomegranate Curl Smoothie I Cr\u00e8me nourrissante cheveux boucl\u00e9s","og_description":"D\u00e9couvrez Pomegranate Curl Smoothie, un\u00a0lait capillaire sans rin\u00e7age\u00a0qui deviendra sans aucun doute l\u2019alli\u00e9 des\u00a0curly hair !","og_url":"https:\/\/www.safinel.fr\/de\/product-2\/pomegranate-curl-smoothie\/","og_site_name":"Safinel","article_modified_time":"2024-03-12T13:19:33+00:00","og_image":[{"width":600,"height":600,"url":"https:\/\/www.safinel.fr\/wp-content\/uploads\/2023\/05\/Pomegranate-Curl-Smoothie.jpg","type":"image\/jpeg"}],"twitter_card":"summary_large_image","twitter_misc":{"Gesch\u00e4tzte Lesezeit":"2\u00a0Minuten"},"schema":{"@context":"https:\/\/schema.org","@graph":[{"@type":"WebPage","@id":"https:\/\/www.safinel.fr\/produit\/pomegranate-curl-smoothie\/","url":"https:\/\/www.safinel.fr\/produit\/pomegranate-curl-smoothie\/","name":"Pomegranate Curl Smoothie I N\u00e4hrende Creme f\u00fcr lockiges Haar","isPartOf":{"@id":"https:\/\/www.safinel.fr\/#website"},"primaryImageOfPage":{"@id":"https:\/\/www.safinel.fr\/produit\/pomegranate-curl-smoothie\/#primaryimage"},"image":{"@id":"https:\/\/www.safinel.fr\/produit\/pomegranate-curl-smoothie\/#primaryimage"},"thumbnailUrl":"https:\/\/www.safinel.fr\/wp-content\/uploads\/2023\/05\/Pomegranate-Curl-Smoothie.jpg","datePublished":"2023-05-21T10:41:21+00:00","dateModified":"2024-03-12T13:19:33+00:00","description":"Entdecken Sie Pomegranate Curl Smoothie, eine Haarmilch ohne Aussp\u00fclen, die zweifellos zum Verb\u00fcndeten von Curly Hair werden wird!","breadcrumb":{"@id":"https:\/\/www.safinel.fr\/produit\/pomegranate-curl-smoothie\/#breadcrumb"},"inLanguage":"de","potentialAction":[{"@type":"ReadAction","target":["https:\/\/www.safinel.fr\/produit\/pomegranate-curl-smoothie\/"]}]},{"@type":"ImageObject","inLanguage":"de","@id":"https:\/\/www.safinel.fr\/produit\/pomegranate-curl-smoothie\/#primaryimage","url":"https:\/\/www.safinel.fr\/wp-content\/uploads\/2023\/05\/Pomegranate-Curl-Smoothie.jpg","contentUrl":"https:\/\/www.safinel.fr\/wp-content\/uploads\/2023\/05\/Pomegranate-Curl-Smoothie.jpg","width":600,"height":600,"caption":"Pomegranate Curl Smoothie"},{"@type":"BreadcrumbList","@id":"https:\/\/www.safinel.fr\/produit\/pomegranate-curl-smoothie\/#breadcrumb","itemListElement":[{"@type":"ListItem","position":1,"name":"Accueil","item":"https:\/\/www.safinel.fr\/"},{"@type":"ListItem","position":2,"name":"Boutique","item":"https:\/\/www.safinel.fr\/boutique\/"},{"@type":"ListItem","position":3,"name":"Pomegranate Curl Smoothie 250ml &#8211; Tropikal Bliss"}]},{"@type":"WebSite","@id":"https:\/\/www.safinel.fr\/#website","url":"https:\/\/www.safinel.fr\/","name":"Safinel","description":"","publisher":{"@id":"https:\/\/www.safinel.fr\/#organization"},"potentialAction":[{"@type":"SearchAction","target":{"@type":"EntryPoint","urlTemplate":"https:\/\/www.safinel.fr\/?s={search_term_string}"},"query-input":{"@type":"PropertyValueSpecification","valueRequired":true,"valueName":"search_term_string"}}],"inLanguage":"de"},{"@type":"Organization","@id":"https:\/\/www.safinel.fr\/#organization","name":"Safinel","url":"https:\/\/www.safinel.fr\/","logo":{"@type":"ImageObject","inLanguage":"de","@id":"https:\/\/www.safinel.fr\/#\/schema\/logo\/image\/","url":"https:\/\/www.safinel.fr\/wp-content\/uploads\/2021\/05\/boutique-cosmetique.png","contentUrl":"https:\/\/www.safinel.fr\/wp-content\/uploads\/2021\/05\/boutique-cosmetique.png","width":800,"height":200,"caption":"Safinel"},"image":{"@id":"https:\/\/www.safinel.fr\/#\/schema\/logo\/image\/"}}]}},"_links":{"self":[{"href":"https:\/\/www.safinel.fr\/de\/wp-json\/wp\/v2\/product\/6115","targetHints":{"allow":["GET"]}}],"collection":[{"href":"https:\/\/www.safinel.fr\/de\/wp-json\/wp\/v2\/product"}],"about":[{"href":"https:\/\/www.safinel.fr\/de\/wp-json\/wp\/v2\/types\/product"}],"wp:featuredmedia":[{"embeddable":true,"href":"https:\/\/www.safinel.fr\/de\/wp-json\/wp\/v2\/media\/6116"}],"wp:attachment":[{"href":"https:\/\/www.safinel.fr\/de\/wp-json\/wp\/v2\/media?parent=6115"}],"wp:term":[{"taxonomy":"product_brand","embeddable":true,"href":"https:\/\/www.safinel.fr\/de\/wp-json\/wp\/v2\/product_brand?post=6115"},{"taxonomy":"product_cat","embeddable":true,"href":"https:\/\/www.safinel.fr\/de\/wp-json\/wp\/v2\/product_cat?post=6115"},{"taxonomy":"product_tag","embeddable":true,"href":"https:\/\/www.safinel.fr\/de\/wp-json\/wp\/v2\/product_tag?post=6115"}],"curies":[{"name":"wp","href":"https:\/\/api.w.org\/{rel}","templated":true}]}}