{"id":6113,"date":"2023-05-21T10:27:49","date_gmt":"2023-05-21T10:27:49","guid":{"rendered":"https:\/\/www.safinel.fr\/?post_type=product&#038;p=6113"},"modified":"2025-03-10T10:04:25","modified_gmt":"2025-03-10T10:04:25","slug":"pineapple-moisture-mist","status":"publish","type":"product","link":"https:\/\/www.safinel.fr\/de\/product-2\/pineapple-moisture-mist\/","title":{"rendered":"Pineapple Moisture Mist 250ml - Tropikal Bliss"},"content":{"rendered":"<p>Entdecken Sie den <b>Pineapple Moisture Mist Spray<\/b>, eine <b>Haarnebel <\/b>mit dem herrlich fruchtigen Duft von Ananas. Ein Kosmetikum, das f\u00fcr lockiges, krauses und krauses Haar entwickelt wurde.<span class=\"Apple-converted-space\">\u00a0<\/span><\/p>\n<h2><b>Peppen Sie Ihre Routine mit dem Pineapple Moisture Mist Spray auf<\/b><\/h2>\n<p>Dieses Produkt von <b>Haarpflege <\/b>der Marke Tropikal Bliss ist ein fruchtig-leichter Spr\u00fchnebel, der sich unglaublich angenehm auftragen l\u00e4sst. Dieser Nebel ist speziell f\u00fcr<b> strukturiertes Haar, <\/b>lockige, krause und krause Haare. Es wurde mit nat\u00fcrlichen, pflegenden Inhaltsstoffen formuliert, um das Haar tiefgreifend mit Feuchtigkeit zu versorgen und zu revitalisieren.<span class=\"Apple-converted-space\">\u00a0<\/span><\/p>\n<p>Der frische, fruchtige Duft der Ananas verleiht Ihrer Haarroutine einen tropischen Touch!<\/p>\n<h2><b>Die Vorteile von Pineapple Moisture Mist Spray<\/b><\/h2>\n<p>Pineapple Moisture Mist Spray ist ein vielseitiges Produkt, das viele Vorteile f\u00fcr das Haar bietet:<span class=\"Apple-converted-space\">\u00a0<\/span><\/p>\n<p>Zun\u00e4chst einmal versorgt er sie tief im Inneren mit Feuchtigkeit, die wichtig ist, um Trockenheit und krauses Haar zu verhindern.<span class=\"Apple-converted-space\">\u00a0<\/span><\/p>\n<p>Anschlie\u00dfend revitalisiert es die Locken, sodass sie praller und definierter aussehen. Das Spray hilft au\u00dferdem dabei, das Haar zu entwirren, sodass es sich leichter k\u00e4mmen l\u00e4sst und weniger verknotet.<span class=\"Apple-converted-space\">\u00a0<\/span><\/p>\n<p>Und schlie\u00dflich sch\u00fctzt es das Haar vor \u00e4u\u00dferen Einfl\u00fcssen. Wie z.B. Umweltverschmutzung und UV-Strahlen, dank seiner Formel, die reich an Antioxidantien ist.<\/p>\n<h3><b>Unsere Tipps zur Verwendung<span class=\"Apple-converted-space\">\u00a0<\/span><\/b><\/h3>\n<p>Diese<b> feuchtigkeitsspendender Nebel aus Ananas und Marula-\u00d6l<\/b> ist einfach zu verwenden. Spr\u00fchen Sie das Produkt einfach auf das Haar und konzentrieren Sie sich dabei auf die trockensten und gesch\u00e4digten Stellen. Es kann je nach Vorliebe auf trockenem oder feuchtem Haar angewendet werden.<span class=\"Apple-converted-space\">\u00a0<\/span><\/p>\n<p>Um eine optimale Wirkung zu erzielen, empfiehlt es sich jedoch, das Spray in Kombination mit anderen Produkten aus der Tropikal Bliss-Reihe zu verwenden. Wie zum Beispiel <b><a href=\"https:\/\/www.safinel.fr\/de\/product-2\/marshmallow-melt-mask\/\">Marshmallow Melt Mask<\/a>\u00a0<\/b>oder das <a href=\"https:\/\/www.safinel.fr\/de\/product-2\/pomegranate-curl-smoothie\/\"><b>Pomegranate Curl Smoothie<\/b><\/a>.<span class=\"Apple-converted-space\">\u00a0<\/span><\/p>\n<p>Dieses Locken-Spray eignet sich f\u00fcr alle strukturierten Haartypen, egal ob lockig, kraus, kraus oder wellig. Es ist auch f\u00fcr den t\u00e4glichen Gebrauch sicher, da es keine aggressiven Chemikalien oder Parabene enth\u00e4lt.<\/p>","protected":false},"excerpt":{"rendered":"<p>Entdecken Sie den <b>Pineapple Moisture Mist Spray<\/b>, eine <b>Haarnebel <\/b>mit dem herrlich fruchtigen Duft von Ananas. Ein Kosmetikum, das f\u00fcr lockiges, krauses und krauses Haar entwickelt wurde.<\/p>\n<p><img decoding=\"async\" class=\"size-full wp-image-5091 aligncenter\" src=\"https:\/\/www.safinel.fr\/wp-content\/uploads\/2021\/06\/BANNIERE-ICONE-SAFINEL.webp\" alt=\"Satines-R\u00fcckversicherung\" width=\"800\" height=\"200\" srcset=\"https:\/\/www.safinel.fr\/wp-content\/uploads\/2021\/06\/BANNIERE-ICONE-SAFINEL.webp 800w, https:\/\/www.safinel.fr\/wp-content\/uploads\/2021\/06\/BANNIERE-ICONE-SAFINEL-600x150.webp 600w, https:\/\/www.safinel.fr\/wp-content\/uploads\/2021\/06\/BANNIERE-ICONE-SAFINEL-768x192.webp 768w\" sizes=\"(max-width: 800px) 100vw, 800px\" \/><\/p>","protected":false},"featured_media":6114,"template":"","meta":[],"product_brand":[],"product_cat":[146,154,153],"product_tag":[],"class_list":{"0":"post-6113","1":"product","2":"type-product","3":"status-publish","4":"has-post-thumbnail","6":"product_cat-produit-cheveux","7":"product_cat-produits-cheveux-boucles","8":"product_cat-tropikal-bliss","10":"first","11":"outofstock","12":"shipping-taxable","13":"purchasable","14":"product-type-simple"},"yoast_head":"<!-- This site is optimized with the Yoast SEO plugin v26.6 - https:\/\/yoast.com\/wordpress\/plugins\/seo\/ -->\n<title>Pineapple Moisture Mist I Spray au jus d&#039;ananas &amp; huile de marula<\/title>\n<meta name=\"description\" content=\"Pineapple Moisture Mist est une brume capillaire \u00e0 la d\u00e9licieuse et fruit\u00e9e senteur d\u2019ananas. Cosm\u00e9tique pens\u00e9 pour les cheveux boucl\u00e9s, cr\u00e9pus et fris\u00e9s.\" \/>\n<meta name=\"robots\" content=\"index, follow, max-snippet:-1, max-image-preview:large, max-video-preview:-1\" \/>\n<link rel=\"canonical\" href=\"https:\/\/www.safinel.fr\/de\/product-2\/pineapple-moisture-mist\/\" \/>\n<meta property=\"og:locale\" content=\"de_DE\" \/>\n<meta property=\"og:type\" content=\"article\" \/>\n<meta property=\"og:title\" content=\"Pineapple Moisture Mist I Spray au jus d&#039;ananas &amp; huile de marula\" \/>\n<meta property=\"og:description\" content=\"Pineapple Moisture Mist est une brume capillaire \u00e0 la d\u00e9licieuse et fruit\u00e9e senteur d\u2019ananas. Cosm\u00e9tique pens\u00e9 pour les cheveux boucl\u00e9s, cr\u00e9pus et fris\u00e9s.\" \/>\n<meta property=\"og:url\" content=\"https:\/\/www.safinel.fr\/de\/product-2\/pineapple-moisture-mist\/\" \/>\n<meta property=\"og:site_name\" content=\"Safinel\" \/>\n<meta property=\"article:modified_time\" content=\"2025-03-10T10:04:25+00:00\" \/>\n<meta property=\"og:image\" content=\"https:\/\/www.safinel.fr\/wp-content\/uploads\/2023\/05\/Pineapple-Moisture-Mist-Spray.jpg\" \/>\n\t<meta property=\"og:image:width\" content=\"600\" \/>\n\t<meta property=\"og:image:height\" content=\"600\" \/>\n\t<meta property=\"og:image:type\" content=\"image\/jpeg\" \/>\n<meta name=\"twitter:card\" content=\"summary_large_image\" \/>\n<meta name=\"twitter:label1\" content=\"Gesch\u00e4tzte Lesezeit\" \/>\n\t<meta name=\"twitter:data1\" content=\"2\u00a0Minuten\" \/>\n<script type=\"application\/ld+json\" class=\"yoast-schema-graph\">{\"@context\":\"https:\/\/schema.org\",\"@graph\":[{\"@type\":\"WebPage\",\"@id\":\"https:\/\/www.safinel.fr\/produit\/pineapple-moisture-mist\/\",\"url\":\"https:\/\/www.safinel.fr\/produit\/pineapple-moisture-mist\/\",\"name\":\"Pineapple Moisture Mist I Spray au jus d'ananas & huile de marula\",\"isPartOf\":{\"@id\":\"https:\/\/www.safinel.fr\/#website\"},\"primaryImageOfPage\":{\"@id\":\"https:\/\/www.safinel.fr\/produit\/pineapple-moisture-mist\/#primaryimage\"},\"image\":{\"@id\":\"https:\/\/www.safinel.fr\/produit\/pineapple-moisture-mist\/#primaryimage\"},\"thumbnailUrl\":\"https:\/\/www.safinel.fr\/wp-content\/uploads\/2023\/05\/Pineapple-Moisture-Mist-Spray.jpg\",\"datePublished\":\"2023-05-21T10:27:49+00:00\",\"dateModified\":\"2025-03-10T10:04:25+00:00\",\"description\":\"Pineapple Moisture Mist est une brume capillaire \u00e0 la d\u00e9licieuse et fruit\u00e9e senteur d\u2019ananas. Cosm\u00e9tique pens\u00e9 pour les cheveux boucl\u00e9s, cr\u00e9pus et fris\u00e9s.\",\"breadcrumb\":{\"@id\":\"https:\/\/www.safinel.fr\/produit\/pineapple-moisture-mist\/#breadcrumb\"},\"inLanguage\":\"de\",\"potentialAction\":[{\"@type\":\"ReadAction\",\"target\":[\"https:\/\/www.safinel.fr\/produit\/pineapple-moisture-mist\/\"]}]},{\"@type\":\"ImageObject\",\"inLanguage\":\"de\",\"@id\":\"https:\/\/www.safinel.fr\/produit\/pineapple-moisture-mist\/#primaryimage\",\"url\":\"https:\/\/www.safinel.fr\/wp-content\/uploads\/2023\/05\/Pineapple-Moisture-Mist-Spray.jpg\",\"contentUrl\":\"https:\/\/www.safinel.fr\/wp-content\/uploads\/2023\/05\/Pineapple-Moisture-Mist-Spray.jpg\",\"width\":600,\"height\":600,\"caption\":\"Brume Pineapple Moisture Mist 250ml - Tropikal Bliss\"},{\"@type\":\"BreadcrumbList\",\"@id\":\"https:\/\/www.safinel.fr\/produit\/pineapple-moisture-mist\/#breadcrumb\",\"itemListElement\":[{\"@type\":\"ListItem\",\"position\":1,\"name\":\"Accueil\",\"item\":\"https:\/\/www.safinel.fr\/\"},{\"@type\":\"ListItem\",\"position\":2,\"name\":\"Boutique\",\"item\":\"https:\/\/www.safinel.fr\/boutique\/\"},{\"@type\":\"ListItem\",\"position\":3,\"name\":\"Brume Pineapple Moisture Mist 250ml &#8211; Tropikal Bliss\"}]},{\"@type\":\"WebSite\",\"@id\":\"https:\/\/www.safinel.fr\/#website\",\"url\":\"https:\/\/www.safinel.fr\/\",\"name\":\"Safinel\",\"description\":\"\",\"publisher\":{\"@id\":\"https:\/\/www.safinel.fr\/#organization\"},\"potentialAction\":[{\"@type\":\"SearchAction\",\"target\":{\"@type\":\"EntryPoint\",\"urlTemplate\":\"https:\/\/www.safinel.fr\/?s={search_term_string}\"},\"query-input\":{\"@type\":\"PropertyValueSpecification\",\"valueRequired\":true,\"valueName\":\"search_term_string\"}}],\"inLanguage\":\"de\"},{\"@type\":\"Organization\",\"@id\":\"https:\/\/www.safinel.fr\/#organization\",\"name\":\"Safinel\",\"url\":\"https:\/\/www.safinel.fr\/\",\"logo\":{\"@type\":\"ImageObject\",\"inLanguage\":\"de\",\"@id\":\"https:\/\/www.safinel.fr\/#\/schema\/logo\/image\/\",\"url\":\"https:\/\/www.safinel.fr\/wp-content\/uploads\/2021\/05\/boutique-cosmetique.png\",\"contentUrl\":\"https:\/\/www.safinel.fr\/wp-content\/uploads\/2021\/05\/boutique-cosmetique.png\",\"width\":800,\"height\":200,\"caption\":\"Safinel\"},\"image\":{\"@id\":\"https:\/\/www.safinel.fr\/#\/schema\/logo\/image\/\"}}]}<\/script>\n<!-- \/ Yoast SEO plugin. -->","yoast_head_json":{"title":"Pineapple Moisture Mist I Spray mit Ananassaft &amp; Marula\u00f6l","description":"Pineapple Moisture Mist ist ein Haarspray mit dem k\u00f6stlichen, fruchtigen Duft von Ananas. Die Kosmetik wurde f\u00fcr lockiges, krauses und krauses Haar entwickelt.","robots":{"index":"index","follow":"follow","max-snippet":"max-snippet:-1","max-image-preview":"max-image-preview:large","max-video-preview":"max-video-preview:-1"},"canonical":"https:\/\/www.safinel.fr\/de\/product-2\/pineapple-moisture-mist\/","og_locale":"de_DE","og_type":"article","og_title":"Pineapple Moisture Mist I Spray au jus d'ananas & huile de marula","og_description":"Pineapple Moisture Mist est une brume capillaire \u00e0 la d\u00e9licieuse et fruit\u00e9e senteur d\u2019ananas. Cosm\u00e9tique pens\u00e9 pour les cheveux boucl\u00e9s, cr\u00e9pus et fris\u00e9s.","og_url":"https:\/\/www.safinel.fr\/de\/product-2\/pineapple-moisture-mist\/","og_site_name":"Safinel","article_modified_time":"2025-03-10T10:04:25+00:00","og_image":[{"width":600,"height":600,"url":"https:\/\/www.safinel.fr\/wp-content\/uploads\/2023\/05\/Pineapple-Moisture-Mist-Spray.jpg","type":"image\/jpeg"}],"twitter_card":"summary_large_image","twitter_misc":{"Gesch\u00e4tzte Lesezeit":"2\u00a0Minuten"},"schema":{"@context":"https:\/\/schema.org","@graph":[{"@type":"WebPage","@id":"https:\/\/www.safinel.fr\/produit\/pineapple-moisture-mist\/","url":"https:\/\/www.safinel.fr\/produit\/pineapple-moisture-mist\/","name":"Pineapple Moisture Mist I Spray mit Ananassaft &amp; Marula\u00f6l","isPartOf":{"@id":"https:\/\/www.safinel.fr\/#website"},"primaryImageOfPage":{"@id":"https:\/\/www.safinel.fr\/produit\/pineapple-moisture-mist\/#primaryimage"},"image":{"@id":"https:\/\/www.safinel.fr\/produit\/pineapple-moisture-mist\/#primaryimage"},"thumbnailUrl":"https:\/\/www.safinel.fr\/wp-content\/uploads\/2023\/05\/Pineapple-Moisture-Mist-Spray.jpg","datePublished":"2023-05-21T10:27:49+00:00","dateModified":"2025-03-10T10:04:25+00:00","description":"Pineapple Moisture Mist ist ein Haarspray mit dem k\u00f6stlichen, fruchtigen Duft von Ananas. Die Kosmetik wurde f\u00fcr lockiges, krauses und krauses Haar entwickelt.","breadcrumb":{"@id":"https:\/\/www.safinel.fr\/produit\/pineapple-moisture-mist\/#breadcrumb"},"inLanguage":"de","potentialAction":[{"@type":"ReadAction","target":["https:\/\/www.safinel.fr\/produit\/pineapple-moisture-mist\/"]}]},{"@type":"ImageObject","inLanguage":"de","@id":"https:\/\/www.safinel.fr\/produit\/pineapple-moisture-mist\/#primaryimage","url":"https:\/\/www.safinel.fr\/wp-content\/uploads\/2023\/05\/Pineapple-Moisture-Mist-Spray.jpg","contentUrl":"https:\/\/www.safinel.fr\/wp-content\/uploads\/2023\/05\/Pineapple-Moisture-Mist-Spray.jpg","width":600,"height":600,"caption":"Brume Pineapple Moisture Mist 250ml - Tropikal Bliss"},{"@type":"BreadcrumbList","@id":"https:\/\/www.safinel.fr\/produit\/pineapple-moisture-mist\/#breadcrumb","itemListElement":[{"@type":"ListItem","position":1,"name":"Accueil","item":"https:\/\/www.safinel.fr\/"},{"@type":"ListItem","position":2,"name":"Boutique","item":"https:\/\/www.safinel.fr\/boutique\/"},{"@type":"ListItem","position":3,"name":"Brume Pineapple Moisture Mist 250ml &#8211; Tropikal Bliss"}]},{"@type":"WebSite","@id":"https:\/\/www.safinel.fr\/#website","url":"https:\/\/www.safinel.fr\/","name":"Safinel","description":"","publisher":{"@id":"https:\/\/www.safinel.fr\/#organization"},"potentialAction":[{"@type":"SearchAction","target":{"@type":"EntryPoint","urlTemplate":"https:\/\/www.safinel.fr\/?s={search_term_string}"},"query-input":{"@type":"PropertyValueSpecification","valueRequired":true,"valueName":"search_term_string"}}],"inLanguage":"de"},{"@type":"Organization","@id":"https:\/\/www.safinel.fr\/#organization","name":"Safinel","url":"https:\/\/www.safinel.fr\/","logo":{"@type":"ImageObject","inLanguage":"de","@id":"https:\/\/www.safinel.fr\/#\/schema\/logo\/image\/","url":"https:\/\/www.safinel.fr\/wp-content\/uploads\/2021\/05\/boutique-cosmetique.png","contentUrl":"https:\/\/www.safinel.fr\/wp-content\/uploads\/2021\/05\/boutique-cosmetique.png","width":800,"height":200,"caption":"Safinel"},"image":{"@id":"https:\/\/www.safinel.fr\/#\/schema\/logo\/image\/"}}]}},"_links":{"self":[{"href":"https:\/\/www.safinel.fr\/de\/wp-json\/wp\/v2\/product\/6113","targetHints":{"allow":["GET"]}}],"collection":[{"href":"https:\/\/www.safinel.fr\/de\/wp-json\/wp\/v2\/product"}],"about":[{"href":"https:\/\/www.safinel.fr\/de\/wp-json\/wp\/v2\/types\/product"}],"wp:featuredmedia":[{"embeddable":true,"href":"https:\/\/www.safinel.fr\/de\/wp-json\/wp\/v2\/media\/6114"}],"wp:attachment":[{"href":"https:\/\/www.safinel.fr\/de\/wp-json\/wp\/v2\/media?parent=6113"}],"wp:term":[{"taxonomy":"product_brand","embeddable":true,"href":"https:\/\/www.safinel.fr\/de\/wp-json\/wp\/v2\/product_brand?post=6113"},{"taxonomy":"product_cat","embeddable":true,"href":"https:\/\/www.safinel.fr\/de\/wp-json\/wp\/v2\/product_cat?post=6113"},{"taxonomy":"product_tag","embeddable":true,"href":"https:\/\/www.safinel.fr\/de\/wp-json\/wp\/v2\/product_tag?post=6113"}],"curies":[{"name":"wp","href":"https:\/\/api.w.org\/{rel}","templated":true}]}}