{"id":6110,"date":"2023-05-21T09:55:28","date_gmt":"2023-05-21T09:55:28","guid":{"rendered":"https:\/\/www.safinel.fr\/?post_type=product&#038;p=6110"},"modified":"2024-02-02T15:58:12","modified_gmt":"2024-02-02T15:58:12","slug":"marshmallow-melt-mask","status":"publish","type":"product","link":"https:\/\/www.safinel.fr\/de\/product-2\/marshmallow-melt-mask\/","title":{"rendered":"Marshmallow melt mask 300ml - Tropikal Bliss"},"content":{"rendered":"<p>Die <b>strukturiertes Haar <\/b>bitten nur um eines: um<b> Haarprodukte<\/b> angepasst und respektvoll mit ihrer Natur umgehen. Es war nicht zu rechnen mit <i>Safinel<\/i> und sein neuer <strong>Marshmallow melt mask<\/strong>. Eine <b>schmelzende Pflege<\/b> mit einem unwiderstehlichen Bonbonduft, der Sie schon bei der ersten Begegnung verf\u00fchren wird...!<span class=\"Apple-converted-space\">\u00a0<\/span><\/p>\n<h2><b>Die Marshmallow melt mask bringt gute Laune in Ihre Haarroutine!<span class=\"Apple-converted-space\">\u00a0<\/span><\/b><\/h2>\n<p>Die Marshmallow Melt Mask ist eine <b>ultra-n\u00e4hrende Haarpflege<\/b> und reparierende Wirkung f\u00fcr alle strukturierten Haartypen. Ob Sie also eine wellige, lockige, krause oder krause M\u00e4hne haben, dies ist die Kosmetik, die Ihnen unbestreitbar noch gefehlt hat! <span class=\"Apple-converted-space\">\u00a0<\/span><\/p>\n<p>Diese zartschmelzende Marshmallow-Maske besteht aus nat\u00fcrlichen und biologischen Inhaltsstoffen. Die sorgf\u00e4ltig ausgew\u00e4hlten Inhaltsstoffe spenden Feuchtigkeit, n\u00e4hren das Haar und machen es geschmeidig.<\/p>\n<h2><b>Was sind die Vorteile dieser Haarpflege f\u00fcr Afro-Haar?<span class=\"Apple-converted-space\">\u00a0<\/span><\/b><\/h2>\n<p>Die Marshmallow Melt Mask hat viele Vorteile:<span class=\"Apple-converted-space\">\u00a0<\/span><\/p>\n<ul>\n<li>Zun\u00e4chst wird das Haar tiefenwirksam gest\u00e4rkt, dank einer Formel, die reich an Proteinen und Vitaminen ist. Diese werden aus dem Extrakt des Bio-Eibischs gewonnen.<span class=\"Apple-converted-space\">\u00a0<\/span><\/li>\n<li>Anschlie\u00dfend wird der <a href=\"https:\/\/www.safinel.fr\/de\/product-2\/karite-vegetal-butter-brut-certified-organic-100ml\/\"><b>Bio-Sheabutter<\/b><\/a> die es enth\u00e4lt, macht trockenes, stumpfes Haar geschmeidig, spendet Feuchtigkeit und verleiht ihm so neue Vitalit\u00e4t.<span class=\"Apple-converted-space\">\u00a0<\/span><\/li>\n<li>Endlich, <b>Bio-Sesam\u00f6l<\/b> in der Maske spendet Feuchtigkeit und n\u00e4hrt die Haarfaser. Sie macht das Haar weich und gl\u00e4nzend, bek\u00e4mpft Frizz und beugt Spliss vor.<\/li>\n<\/ul>\n<h3><b>Wie verwende ich die Marshmallow-Schmelzmaske?<span class=\"Apple-converted-space\">\u00a0<\/span><\/b><\/h3>\n<p>Um diesen <b>zartschmelzende Pflege mit Bonbonduft<\/b>, Wenn Sie ein Kind haben, m\u00fcssen Sie nur ein paar einfache Schritte befolgen:<span class=\"Apple-converted-space\">\u00a0<\/span><\/p>\n<ol>\n<li>Tragen Sie zun\u00e4chst eine haselnussgro\u00dfe Menge des Produkts auf das saubere, handtuchtrockene Haar auf. Je nach Haarmasse empfiehlt es sich, die Maske abschnittsweise aufzutragen.<span class=\"Apple-converted-space\">\u00a0<\/span><\/li>\n<li>Lassen Sie sie mindestens 15 Minuten abgedeckt einwirken, um die Pflegewirkung zu optimieren.<span class=\"Apple-converted-space\">\u00a0<\/span><\/li>\n<li>Anschlie\u00dfend das Haar sanft von den Spitzen bis zum Ansatz entwirren.<span class=\"Apple-converted-space\">\u00a0<\/span><\/li>\n<li>Sp\u00fclen Sie es abschlie\u00dfend gr\u00fcndlich aus, bevor Sie Ihre Stylingprodukte auftragen.<\/li>\n<\/ol>\n<p>Wir empfehlen Ihnen auch den <b>Pomegranate Curl Smoothie<\/b>, Mit der Haarmilch k\u00f6nnen Sie Ihre Frisur perfekt abrunden.<span class=\"Apple-converted-space\">\u00a0<\/span><\/p>","protected":false},"excerpt":{"rendered":"<p><strong>Verwendung :<\/strong><\/p>\n<ol>\n<li>Tragen Sie zun\u00e4chst eine haselnussgro\u00dfe Menge des Produkts auf das saubere, handtuchtrockene Haar auf. Je nach Haarmasse empfiehlt es sich, die Maske abschnittsweise aufzutragen.<\/li>\n<li>Lassen Sie sie mindestens 15 Minuten abgedeckt einwirken, um die Pflegewirkung zu optimieren.<\/li>\n<li>Anschlie\u00dfend das Haar sanft von den Spitzen bis zum Ansatz entwirren.<\/li>\n<li>Sp\u00fclen Sie es abschlie\u00dfend gr\u00fcndlich aus, bevor Sie Ihre Stylingprodukte auftragen.<\/li>\n<\/ol>\n<p><img decoding=\"async\" class=\"size-full wp-image-5091 aligncenter\" src=\"https:\/\/www.safinel.fr\/wp-content\/uploads\/2021\/06\/BANNIERE-ICONE-SAFINEL.webp\" alt=\"Satines-R\u00fcckversicherung\" width=\"800\" height=\"200\" srcset=\"https:\/\/www.safinel.fr\/wp-content\/uploads\/2021\/06\/BANNIERE-ICONE-SAFINEL.webp 800w, https:\/\/www.safinel.fr\/wp-content\/uploads\/2021\/06\/BANNIERE-ICONE-SAFINEL-600x150.webp 600w, https:\/\/www.safinel.fr\/wp-content\/uploads\/2021\/06\/BANNIERE-ICONE-SAFINEL-768x192.webp 768w\" sizes=\"(max-width: 800px) 100vw, 800px\" \/><\/p>","protected":false},"featured_media":6111,"template":"","meta":[],"product_brand":[],"product_cat":[146,154,153],"product_tag":[],"class_list":{"0":"post-6110","1":"product","2":"type-product","3":"status-publish","4":"has-post-thumbnail","6":"product_cat-produit-cheveux","7":"product_cat-produits-cheveux-boucles","8":"product_cat-tropikal-bliss","10":"first","11":"outofstock","12":"shipping-taxable","13":"purchasable","14":"product-type-simple"},"yoast_head":"<!-- This site is optimized with the Yoast SEO plugin v26.6 - https:\/\/yoast.com\/wordpress\/plugins\/seo\/ -->\n<title>Marshmallow melt mask I Soin senteur bonbon I Tropikal Bliss<\/title>\n<meta name=\"description\" content=\"Les cheveux textur\u00e9s ne demandent qu\u2019une chose : des produits capillaires adapt\u00e9s et respectueux de leur nature. D\u00e9couvrez Marshmallow melt mask !\" \/>\n<meta name=\"robots\" content=\"index, follow, max-snippet:-1, max-image-preview:large, max-video-preview:-1\" \/>\n<link rel=\"canonical\" href=\"https:\/\/www.safinel.fr\/de\/product-2\/marshmallow-melt-mask\/\" \/>\n<meta property=\"og:locale\" content=\"de_DE\" \/>\n<meta property=\"og:type\" content=\"article\" \/>\n<meta property=\"og:title\" content=\"Marshmallow melt mask I Soin senteur bonbon I Tropikal Bliss\" \/>\n<meta property=\"og:description\" content=\"Les cheveux textur\u00e9s ne demandent qu\u2019une chose : des produits capillaires adapt\u00e9s et respectueux de leur nature. D\u00e9couvrez Marshmallow melt mask !\" \/>\n<meta property=\"og:url\" content=\"https:\/\/www.safinel.fr\/de\/product-2\/marshmallow-melt-mask\/\" \/>\n<meta property=\"og:site_name\" content=\"Safinel\" \/>\n<meta property=\"article:modified_time\" content=\"2024-02-02T15:58:12+00:00\" \/>\n<meta property=\"og:image\" content=\"https:\/\/www.safinel.fr\/wp-content\/uploads\/2023\/05\/tropikal-bliss-marshmallow-melt-mask-.jpg\" \/>\n\t<meta property=\"og:image:width\" content=\"600\" \/>\n\t<meta property=\"og:image:height\" content=\"600\" \/>\n\t<meta property=\"og:image:type\" content=\"image\/jpeg\" \/>\n<meta name=\"twitter:card\" content=\"summary_large_image\" \/>\n<meta name=\"twitter:label1\" content=\"Gesch\u00e4tzte Lesezeit\" \/>\n\t<meta name=\"twitter:data1\" content=\"2\u00a0Minuten\" \/>\n<script type=\"application\/ld+json\" class=\"yoast-schema-graph\">{\"@context\":\"https:\/\/schema.org\",\"@graph\":[{\"@type\":\"WebPage\",\"@id\":\"https:\/\/www.safinel.fr\/produit\/marshmallow-melt-mask\/\",\"url\":\"https:\/\/www.safinel.fr\/produit\/marshmallow-melt-mask\/\",\"name\":\"Marshmallow melt mask I Soin senteur bonbon I Tropikal Bliss\",\"isPartOf\":{\"@id\":\"https:\/\/www.safinel.fr\/#website\"},\"primaryImageOfPage\":{\"@id\":\"https:\/\/www.safinel.fr\/produit\/marshmallow-melt-mask\/#primaryimage\"},\"image\":{\"@id\":\"https:\/\/www.safinel.fr\/produit\/marshmallow-melt-mask\/#primaryimage\"},\"thumbnailUrl\":\"https:\/\/www.safinel.fr\/wp-content\/uploads\/2023\/05\/tropikal-bliss-marshmallow-melt-mask-.jpg\",\"datePublished\":\"2023-05-21T09:55:28+00:00\",\"dateModified\":\"2024-02-02T15:58:12+00:00\",\"description\":\"Les cheveux textur\u00e9s ne demandent qu\u2019une chose : des produits capillaires adapt\u00e9s et respectueux de leur nature. D\u00e9couvrez Marshmallow melt mask !\",\"breadcrumb\":{\"@id\":\"https:\/\/www.safinel.fr\/produit\/marshmallow-melt-mask\/#breadcrumb\"},\"inLanguage\":\"de\",\"potentialAction\":[{\"@type\":\"ReadAction\",\"target\":[\"https:\/\/www.safinel.fr\/produit\/marshmallow-melt-mask\/\"]}]},{\"@type\":\"ImageObject\",\"inLanguage\":\"de\",\"@id\":\"https:\/\/www.safinel.fr\/produit\/marshmallow-melt-mask\/#primaryimage\",\"url\":\"https:\/\/www.safinel.fr\/wp-content\/uploads\/2023\/05\/tropikal-bliss-marshmallow-melt-mask-.jpg\",\"contentUrl\":\"https:\/\/www.safinel.fr\/wp-content\/uploads\/2023\/05\/tropikal-bliss-marshmallow-melt-mask-.jpg\",\"width\":600,\"height\":600,\"caption\":\"Marshmallow melt mask - Tropikal Bliss\"},{\"@type\":\"BreadcrumbList\",\"@id\":\"https:\/\/www.safinel.fr\/produit\/marshmallow-melt-mask\/#breadcrumb\",\"itemListElement\":[{\"@type\":\"ListItem\",\"position\":1,\"name\":\"Accueil\",\"item\":\"https:\/\/www.safinel.fr\/\"},{\"@type\":\"ListItem\",\"position\":2,\"name\":\"Boutique\",\"item\":\"https:\/\/www.safinel.fr\/boutique\/\"},{\"@type\":\"ListItem\",\"position\":3,\"name\":\"Marshmallow melt mask 300ml &#8211; Tropikal Bliss\"}]},{\"@type\":\"WebSite\",\"@id\":\"https:\/\/www.safinel.fr\/#website\",\"url\":\"https:\/\/www.safinel.fr\/\",\"name\":\"Safinel\",\"description\":\"\",\"publisher\":{\"@id\":\"https:\/\/www.safinel.fr\/#organization\"},\"potentialAction\":[{\"@type\":\"SearchAction\",\"target\":{\"@type\":\"EntryPoint\",\"urlTemplate\":\"https:\/\/www.safinel.fr\/?s={search_term_string}\"},\"query-input\":{\"@type\":\"PropertyValueSpecification\",\"valueRequired\":true,\"valueName\":\"search_term_string\"}}],\"inLanguage\":\"de\"},{\"@type\":\"Organization\",\"@id\":\"https:\/\/www.safinel.fr\/#organization\",\"name\":\"Safinel\",\"url\":\"https:\/\/www.safinel.fr\/\",\"logo\":{\"@type\":\"ImageObject\",\"inLanguage\":\"de\",\"@id\":\"https:\/\/www.safinel.fr\/#\/schema\/logo\/image\/\",\"url\":\"https:\/\/www.safinel.fr\/wp-content\/uploads\/2021\/05\/boutique-cosmetique.png\",\"contentUrl\":\"https:\/\/www.safinel.fr\/wp-content\/uploads\/2021\/05\/boutique-cosmetique.png\",\"width\":800,\"height\":200,\"caption\":\"Safinel\"},\"image\":{\"@id\":\"https:\/\/www.safinel.fr\/#\/schema\/logo\/image\/\"}}]}<\/script>\n<!-- \/ Yoast SEO plugin. -->","yoast_head_json":{"title":"Marshmallow melt mask I Pflege mit Bonbonduft I Tropikal Bliss","description":"Texturiertes Haar braucht nur eines: die richtigen Haarprodukte, die seine Natur respektieren. Entdecken Sie Marshmallow melt mask!","robots":{"index":"index","follow":"follow","max-snippet":"max-snippet:-1","max-image-preview":"max-image-preview:large","max-video-preview":"max-video-preview:-1"},"canonical":"https:\/\/www.safinel.fr\/de\/product-2\/marshmallow-melt-mask\/","og_locale":"de_DE","og_type":"article","og_title":"Marshmallow melt mask I Soin senteur bonbon I Tropikal Bliss","og_description":"Les cheveux textur\u00e9s ne demandent qu\u2019une chose : des produits capillaires adapt\u00e9s et respectueux de leur nature. D\u00e9couvrez Marshmallow melt mask !","og_url":"https:\/\/www.safinel.fr\/de\/product-2\/marshmallow-melt-mask\/","og_site_name":"Safinel","article_modified_time":"2024-02-02T15:58:12+00:00","og_image":[{"width":600,"height":600,"url":"https:\/\/www.safinel.fr\/wp-content\/uploads\/2023\/05\/tropikal-bliss-marshmallow-melt-mask-.jpg","type":"image\/jpeg"}],"twitter_card":"summary_large_image","twitter_misc":{"Gesch\u00e4tzte Lesezeit":"2\u00a0Minuten"},"schema":{"@context":"https:\/\/schema.org","@graph":[{"@type":"WebPage","@id":"https:\/\/www.safinel.fr\/produit\/marshmallow-melt-mask\/","url":"https:\/\/www.safinel.fr\/produit\/marshmallow-melt-mask\/","name":"Marshmallow melt mask I Pflege mit Bonbonduft I Tropikal Bliss","isPartOf":{"@id":"https:\/\/www.safinel.fr\/#website"},"primaryImageOfPage":{"@id":"https:\/\/www.safinel.fr\/produit\/marshmallow-melt-mask\/#primaryimage"},"image":{"@id":"https:\/\/www.safinel.fr\/produit\/marshmallow-melt-mask\/#primaryimage"},"thumbnailUrl":"https:\/\/www.safinel.fr\/wp-content\/uploads\/2023\/05\/tropikal-bliss-marshmallow-melt-mask-.jpg","datePublished":"2023-05-21T09:55:28+00:00","dateModified":"2024-02-02T15:58:12+00:00","description":"Texturiertes Haar braucht nur eines: die richtigen Haarprodukte, die seine Natur respektieren. Entdecken Sie Marshmallow melt mask!","breadcrumb":{"@id":"https:\/\/www.safinel.fr\/produit\/marshmallow-melt-mask\/#breadcrumb"},"inLanguage":"de","potentialAction":[{"@type":"ReadAction","target":["https:\/\/www.safinel.fr\/produit\/marshmallow-melt-mask\/"]}]},{"@type":"ImageObject","inLanguage":"de","@id":"https:\/\/www.safinel.fr\/produit\/marshmallow-melt-mask\/#primaryimage","url":"https:\/\/www.safinel.fr\/wp-content\/uploads\/2023\/05\/tropikal-bliss-marshmallow-melt-mask-.jpg","contentUrl":"https:\/\/www.safinel.fr\/wp-content\/uploads\/2023\/05\/tropikal-bliss-marshmallow-melt-mask-.jpg","width":600,"height":600,"caption":"Marshmallow melt mask - Tropikal Bliss"},{"@type":"BreadcrumbList","@id":"https:\/\/www.safinel.fr\/produit\/marshmallow-melt-mask\/#breadcrumb","itemListElement":[{"@type":"ListItem","position":1,"name":"Accueil","item":"https:\/\/www.safinel.fr\/"},{"@type":"ListItem","position":2,"name":"Boutique","item":"https:\/\/www.safinel.fr\/boutique\/"},{"@type":"ListItem","position":3,"name":"Marshmallow melt mask 300ml &#8211; Tropikal Bliss"}]},{"@type":"WebSite","@id":"https:\/\/www.safinel.fr\/#website","url":"https:\/\/www.safinel.fr\/","name":"Safinel","description":"","publisher":{"@id":"https:\/\/www.safinel.fr\/#organization"},"potentialAction":[{"@type":"SearchAction","target":{"@type":"EntryPoint","urlTemplate":"https:\/\/www.safinel.fr\/?s={search_term_string}"},"query-input":{"@type":"PropertyValueSpecification","valueRequired":true,"valueName":"search_term_string"}}],"inLanguage":"de"},{"@type":"Organization","@id":"https:\/\/www.safinel.fr\/#organization","name":"Safinel","url":"https:\/\/www.safinel.fr\/","logo":{"@type":"ImageObject","inLanguage":"de","@id":"https:\/\/www.safinel.fr\/#\/schema\/logo\/image\/","url":"https:\/\/www.safinel.fr\/wp-content\/uploads\/2021\/05\/boutique-cosmetique.png","contentUrl":"https:\/\/www.safinel.fr\/wp-content\/uploads\/2021\/05\/boutique-cosmetique.png","width":800,"height":200,"caption":"Safinel"},"image":{"@id":"https:\/\/www.safinel.fr\/#\/schema\/logo\/image\/"}}]}},"_links":{"self":[{"href":"https:\/\/www.safinel.fr\/de\/wp-json\/wp\/v2\/product\/6110","targetHints":{"allow":["GET"]}}],"collection":[{"href":"https:\/\/www.safinel.fr\/de\/wp-json\/wp\/v2\/product"}],"about":[{"href":"https:\/\/www.safinel.fr\/de\/wp-json\/wp\/v2\/types\/product"}],"wp:featuredmedia":[{"embeddable":true,"href":"https:\/\/www.safinel.fr\/de\/wp-json\/wp\/v2\/media\/6111"}],"wp:attachment":[{"href":"https:\/\/www.safinel.fr\/de\/wp-json\/wp\/v2\/media?parent=6110"}],"wp:term":[{"taxonomy":"product_brand","embeddable":true,"href":"https:\/\/www.safinel.fr\/de\/wp-json\/wp\/v2\/product_brand?post=6110"},{"taxonomy":"product_cat","embeddable":true,"href":"https:\/\/www.safinel.fr\/de\/wp-json\/wp\/v2\/product_cat?post=6110"},{"taxonomy":"product_tag","embeddable":true,"href":"https:\/\/www.safinel.fr\/de\/wp-json\/wp\/v2\/product_tag?post=6110"}],"curies":[{"name":"wp","href":"https:\/\/api.w.org\/{rel}","templated":true}]}}