{"id":5928,"date":"2023-05-11T20:44:52","date_gmt":"2023-05-11T20:44:52","guid":{"rendered":"https:\/\/www.safinel.fr\/?post_type=product&#038;p=5928"},"modified":"2023-12-28T17:15:58","modified_gmt":"2023-12-28T17:15:58","slug":"senfol","status":"publish","type":"product","link":"https:\/\/www.safinel.fr\/de\/product-2\/senfol\/","title":{"rendered":"Senf\u00f6l 50ml"},"content":{"rendered":"<p>Wie w\u00e4re es mit einem Salat? Eine Vinaigrette? Sie fragen sich bestimmt, welches Rezept aus Gro\u00dfmutters Zeiten wir f\u00fcr Sie zusammengestellt haben? Nun, nichts davon. Oder zumindest nicht so, wie Sie denken! In der Tat,\u00a0<strong>das Senf\u00f6l\u00a0<\/strong>ist super interessant... aber als\u00a0<strong>Kosmetik<\/strong>\u00a0hier zu finden. Und ganz besonders f\u00fcr die Sch\u00f6nheit unserer Haare!<\/p>\n<h2><strong>Kosmetisches Senf\u00f6l: Wir sind interessiert!\u00a0<\/strong><\/h2>\n<p><strong>Kosmetisches Senf\u00f6l\u00a0<\/strong>wird aus den Samen der Senfpflanze aus der Familie der Brassicaceae gewonnen. Er stammt haupts\u00e4chlich aus Deutschland, \u00d6sterreich und dem franz\u00f6sischen Mutterland. Die Destillation der Samen ist das am h\u00e4ufigsten verwendete Verfahren zur Gewinnung.<\/p>\n<p>Dies ist ein jahrhundertealtes Heilmittel. Diese\u00a0<strong>Pflanzen\u00f6l\u00a0<\/strong>ist in Indien und im Maghreb wegen seiner positiven Auswirkungen auf die Haarpflege sehr beliebt. Aber auch wegen seiner Anti-Aging-Wirkung, die auf seine Isothiocyanat-Komponenten zur\u00fcckzuf\u00fchren ist.<\/p>\n<p>Es stimmt also, dass Sie bei der ersten Begegnung vielleicht nicht den etwas... ausgepr\u00e4gten Duft m\u00f6gen. Da es sich hierbei um Senf handelt, kann man sich vorstellen, dass der Geruch sehr ungew\u00f6hnlich ist. Aber wenn man ihn mit anderen \u00d6len mischt, verfl\u00fcchtigt er sich.<\/p>\n<h2><strong>Senf\u00f6l f\u00fcr die Haare: Ihr neues Sch\u00f6nheitsgeheimnis!\u00a0<\/strong><\/h2>\n<p>Reich an essentiellen Fetts\u00e4uren,\u00a0<strong>pflanzliches Senf\u00f6l<\/strong>\u00a0n\u00e4hrt die Haarfaser, um trockenem Haar die n\u00f6tige Feuchtigkeit zu spenden. Es hat aber auch noch viele andere Eigenschaften, die wir Ihnen gleich verraten werden!<\/p>\n<ul>\n<li>Durch die enthaltene Erucas\u00e4ure und das Allylisothiocyanat regt es die Durchblutung der Kopfhaut an. Dies verleiht ihr folglich die Kraft, das Haarwachstum zu beschleunigen ;<\/li>\n<li>Sie wird besonders f\u00fcr feines, br\u00fcchiges und trockenes Haar empfohlen und hat eine umh\u00fcllende und st\u00e4rkende Wirkung auf die L\u00e4ngen .<\/li>\n<li>Sie ist auch\u00a0<strong>Anti-Schuppenmittel<\/strong>\u00a0und kann als Massage oder Einreibung oder als Teil einer regelm\u00e4\u00dfigen Haardi\u00e4t verwendet werden ;<\/li>\n<li>Es wird jedoch empfohlen, zu mischen\u00a0<strong>das Senf\u00f6l<\/strong>\u00a0mit anderen \u00d6len, bevor du es auf die Kopfhaut auftr\u00e4gst, und verwende es sparsam. Wie zum Beispiel von\u00a0<strong>Brokkoli\u00f6l<\/strong>, von\u00a0<a href=\"https:\/\/www.safinel.fr\/de\/product-2\/karapatenol\/\"><strong>carapate<\/strong><\/a>\u00a0oder auch von\u00a0<a href=\"https:\/\/www.safinel.fr\/de\/product-2\/leinol-haare\/\"><strong>Leinen<\/strong><\/a>.<\/li>\n<\/ul>\n<h3><strong>Wie kann man die Eigenschaften von Senf\u00f6l nutzen? \u00a0<\/strong><\/h3>\n<p>Um in den vollen Genuss all seiner Tugenden zu kommen, ist nichts einfacher als das!<\/p>\n<p>Unser kostbares\u00a0<strong>Elixier<\/strong>\u00a0von Senf enth\u00e4lt Beta-Carotin, Zink, Omega-3-Fetts\u00e4uren, Vitamin A und E sowie S\u00e4ure. Das macht es zu einem wirksamen Produkt<strong>\u00a0f\u00fcr das Haarwachstum.\u00a0<\/strong>Zu seinen Vorteilen geh\u00f6ren die Verhinderung von Haarausfall und die Anregung des Haarwachstums.<\/p>\n<p>Es ist wichtig zu wissen, dass einige Synergien die Verwendung von Zedern-, Lavendel-, Grapefruit-, Palmarosa- und Patschuli\u00f6l f\u00fcr das Haarwachstum beinhalten.<\/p>\n<p>Tats\u00e4chlich brauchen Sie, um von einer Haarwuchsbehandlung zu profitieren, :<\/p>\n<h3><strong>Zutaten :<\/strong><\/h3>\n<ul>\n<li>2 Teel\u00f6ffel reines Senf\u00f6l,<\/li>\n<li>1 Teel\u00f6ffel \u00d6l aus\u00a0<strong>Jojoba<\/strong>,<\/li>\n<li>1 Teel\u00f6ffel Avocado\u00f6l,<\/li>\n<li>5 Tropfen \u00e4therisches Grapefruit\u00f6l und ebenso viele Tropfen \u00e4therisches Zedernholz\u00f6l aus dem Libanon.<\/li>\n<\/ul>\n<p>Tragen Sie die Mischung dann auf das Haar und die Kopfhaut auf und lassen Sie sie zwanzig Minuten lang einwirken, bevor Sie das Haar shampoonieren.<\/p>","protected":false},"excerpt":{"rendered":"<p><img decoding=\"async\" class=\"size-full wp-image-5091 aligncenter\" src=\"https:\/\/www.safinel.fr\/wp-content\/uploads\/2021\/06\/BANNIERE-ICONE-SAFINEL.webp\" alt=\"Satines-R\u00fcckversicherung\" width=\"800\" height=\"200\" srcset=\"https:\/\/www.safinel.fr\/wp-content\/uploads\/2021\/06\/BANNIERE-ICONE-SAFINEL.webp 800w, https:\/\/www.safinel.fr\/wp-content\/uploads\/2021\/06\/BANNIERE-ICONE-SAFINEL-600x150.webp 600w, https:\/\/www.safinel.fr\/wp-content\/uploads\/2021\/06\/BANNIERE-ICONE-SAFINEL-768x192.webp 768w\" sizes=\"(max-width: 800px) 100vw, 800px\" \/><\/p>","protected":false},"featured_media":5929,"template":"","meta":[],"product_brand":[],"product_cat":[122],"product_tag":[],"class_list":{"0":"post-5928","1":"product","2":"type-product","3":"status-publish","4":"has-post-thumbnail","6":"product_cat-huile-vegetale","8":"first","9":"instock","10":"shipping-taxable","11":"purchasable","12":"product-type-simple"},"yoast_head":"<!-- This site is optimized with the Yoast SEO plugin v26.6 - https:\/\/yoast.com\/wordpress\/plugins\/seo\/ -->\n<title>Huile de moutarde I Huile naturelle aux bienfaits nombreux<\/title>\n<meta name=\"description\" content=\"L&#039;huile de moutarde offre de nombreux avantages pour la sant\u00e9 et la beaut\u00e9. D\u00e9couvrez comment l&#039;incorporer dans votre routine quotidienne.\" \/>\n<meta name=\"robots\" content=\"index, follow, max-snippet:-1, max-image-preview:large, max-video-preview:-1\" \/>\n<link rel=\"canonical\" href=\"https:\/\/www.safinel.fr\/de\/product-2\/senfol\/\" \/>\n<meta property=\"og:locale\" content=\"de_DE\" \/>\n<meta property=\"og:type\" content=\"article\" \/>\n<meta property=\"og:title\" content=\"Huile de moutarde I Huile naturelle aux bienfaits nombreux\" \/>\n<meta property=\"og:description\" content=\"L&#039;huile de moutarde offre de nombreux avantages pour la sant\u00e9 et la beaut\u00e9. D\u00e9couvrez comment l&#039;incorporer dans votre routine quotidienne.\" \/>\n<meta property=\"og:url\" content=\"https:\/\/www.safinel.fr\/de\/product-2\/senfol\/\" \/>\n<meta property=\"og:site_name\" content=\"Safinel\" \/>\n<meta property=\"article:modified_time\" content=\"2023-12-28T17:15:58+00:00\" \/>\n<meta property=\"og:image\" content=\"https:\/\/www.safinel.fr\/wp-content\/uploads\/2023\/05\/huile-de-moutarde-1.jpg.webp\" \/>\n\t<meta property=\"og:image:width\" content=\"600\" \/>\n\t<meta property=\"og:image:height\" content=\"600\" \/>\n\t<meta property=\"og:image:type\" content=\"image\/webp\" \/>\n<meta name=\"twitter:card\" content=\"summary_large_image\" \/>\n<meta name=\"twitter:label1\" content=\"Gesch\u00e4tzte Lesezeit\" \/>\n\t<meta name=\"twitter:data1\" content=\"3\u00a0Minuten\" \/>\n<script type=\"application\/ld+json\" class=\"yoast-schema-graph\">{\"@context\":\"https:\/\/schema.org\",\"@graph\":[{\"@type\":\"WebPage\",\"@id\":\"https:\/\/www.safinel.fr\/produit\/huile-de-moutarde\/\",\"url\":\"https:\/\/www.safinel.fr\/produit\/huile-de-moutarde\/\",\"name\":\"Huile de moutarde I Huile naturelle aux bienfaits nombreux\",\"isPartOf\":{\"@id\":\"https:\/\/www.safinel.fr\/#website\"},\"primaryImageOfPage\":{\"@id\":\"https:\/\/www.safinel.fr\/produit\/huile-de-moutarde\/#primaryimage\"},\"image\":{\"@id\":\"https:\/\/www.safinel.fr\/produit\/huile-de-moutarde\/#primaryimage\"},\"thumbnailUrl\":\"https:\/\/www.safinel.fr\/wp-content\/uploads\/2023\/05\/huile-de-moutarde-1.jpg.webp\",\"datePublished\":\"2023-05-11T20:44:52+00:00\",\"dateModified\":\"2023-12-28T17:15:58+00:00\",\"description\":\"L'huile de moutarde offre de nombreux avantages pour la sant\u00e9 et la beaut\u00e9. D\u00e9couvrez comment l'incorporer dans votre routine quotidienne.\",\"breadcrumb\":{\"@id\":\"https:\/\/www.safinel.fr\/produit\/huile-de-moutarde\/#breadcrumb\"},\"inLanguage\":\"de\",\"potentialAction\":[{\"@type\":\"ReadAction\",\"target\":[\"https:\/\/www.safinel.fr\/produit\/huile-de-moutarde\/\"]}]},{\"@type\":\"ImageObject\",\"inLanguage\":\"de\",\"@id\":\"https:\/\/www.safinel.fr\/produit\/huile-de-moutarde\/#primaryimage\",\"url\":\"https:\/\/www.safinel.fr\/wp-content\/uploads\/2023\/05\/huile-de-moutarde-1.jpg.webp\",\"contentUrl\":\"https:\/\/www.safinel.fr\/wp-content\/uploads\/2023\/05\/huile-de-moutarde-1.jpg.webp\",\"width\":600,\"height\":600,\"caption\":\"Huile de moutarde 50ml\"},{\"@type\":\"BreadcrumbList\",\"@id\":\"https:\/\/www.safinel.fr\/produit\/huile-de-moutarde\/#breadcrumb\",\"itemListElement\":[{\"@type\":\"ListItem\",\"position\":1,\"name\":\"Accueil\",\"item\":\"https:\/\/www.safinel.fr\/\"},{\"@type\":\"ListItem\",\"position\":2,\"name\":\"Boutique\",\"item\":\"https:\/\/www.safinel.fr\/boutique\/\"},{\"@type\":\"ListItem\",\"position\":3,\"name\":\"Huile de moutarde 50ml\"}]},{\"@type\":\"WebSite\",\"@id\":\"https:\/\/www.safinel.fr\/#website\",\"url\":\"https:\/\/www.safinel.fr\/\",\"name\":\"Safinel\",\"description\":\"\",\"publisher\":{\"@id\":\"https:\/\/www.safinel.fr\/#organization\"},\"potentialAction\":[{\"@type\":\"SearchAction\",\"target\":{\"@type\":\"EntryPoint\",\"urlTemplate\":\"https:\/\/www.safinel.fr\/?s={search_term_string}\"},\"query-input\":{\"@type\":\"PropertyValueSpecification\",\"valueRequired\":true,\"valueName\":\"search_term_string\"}}],\"inLanguage\":\"de\"},{\"@type\":\"Organization\",\"@id\":\"https:\/\/www.safinel.fr\/#organization\",\"name\":\"Safinel\",\"url\":\"https:\/\/www.safinel.fr\/\",\"logo\":{\"@type\":\"ImageObject\",\"inLanguage\":\"de\",\"@id\":\"https:\/\/www.safinel.fr\/#\/schema\/logo\/image\/\",\"url\":\"https:\/\/www.safinel.fr\/wp-content\/uploads\/2021\/05\/boutique-cosmetique.png\",\"contentUrl\":\"https:\/\/www.safinel.fr\/wp-content\/uploads\/2021\/05\/boutique-cosmetique.png\",\"width\":800,\"height\":200,\"caption\":\"Safinel\"},\"image\":{\"@id\":\"https:\/\/www.safinel.fr\/#\/schema\/logo\/image\/\"}}]}<\/script>\n<!-- \/ Yoast SEO plugin. -->","yoast_head_json":{"title":"Senf\u00f6l I Nat\u00fcrliches \u00d6l mit vielen Vorteilen","description":"Senf\u00f6l bietet viele Vorteile f\u00fcr Gesundheit und Sch\u00f6nheit. Erfahren Sie, wie Sie es in Ihre t\u00e4gliche Routine einbauen k\u00f6nnen.","robots":{"index":"index","follow":"follow","max-snippet":"max-snippet:-1","max-image-preview":"max-image-preview:large","max-video-preview":"max-video-preview:-1"},"canonical":"https:\/\/www.safinel.fr\/de\/product-2\/senfol\/","og_locale":"de_DE","og_type":"article","og_title":"Huile de moutarde I Huile naturelle aux bienfaits nombreux","og_description":"L'huile de moutarde offre de nombreux avantages pour la sant\u00e9 et la beaut\u00e9. D\u00e9couvrez comment l'incorporer dans votre routine quotidienne.","og_url":"https:\/\/www.safinel.fr\/de\/product-2\/senfol\/","og_site_name":"Safinel","article_modified_time":"2023-12-28T17:15:58+00:00","og_image":[{"width":600,"height":600,"url":"https:\/\/www.safinel.fr\/wp-content\/uploads\/2023\/05\/huile-de-moutarde-1.jpg.webp","type":"image\/webp"}],"twitter_card":"summary_large_image","twitter_misc":{"Gesch\u00e4tzte Lesezeit":"3\u00a0Minuten"},"schema":{"@context":"https:\/\/schema.org","@graph":[{"@type":"WebPage","@id":"https:\/\/www.safinel.fr\/produit\/huile-de-moutarde\/","url":"https:\/\/www.safinel.fr\/produit\/huile-de-moutarde\/","name":"Senf\u00f6l I Nat\u00fcrliches \u00d6l mit vielen Vorteilen","isPartOf":{"@id":"https:\/\/www.safinel.fr\/#website"},"primaryImageOfPage":{"@id":"https:\/\/www.safinel.fr\/produit\/huile-de-moutarde\/#primaryimage"},"image":{"@id":"https:\/\/www.safinel.fr\/produit\/huile-de-moutarde\/#primaryimage"},"thumbnailUrl":"https:\/\/www.safinel.fr\/wp-content\/uploads\/2023\/05\/huile-de-moutarde-1.jpg.webp","datePublished":"2023-05-11T20:44:52+00:00","dateModified":"2023-12-28T17:15:58+00:00","description":"Senf\u00f6l bietet viele Vorteile f\u00fcr Gesundheit und Sch\u00f6nheit. Erfahren Sie, wie Sie es in Ihre t\u00e4gliche Routine einbauen k\u00f6nnen.","breadcrumb":{"@id":"https:\/\/www.safinel.fr\/produit\/huile-de-moutarde\/#breadcrumb"},"inLanguage":"de","potentialAction":[{"@type":"ReadAction","target":["https:\/\/www.safinel.fr\/produit\/huile-de-moutarde\/"]}]},{"@type":"ImageObject","inLanguage":"de","@id":"https:\/\/www.safinel.fr\/produit\/huile-de-moutarde\/#primaryimage","url":"https:\/\/www.safinel.fr\/wp-content\/uploads\/2023\/05\/huile-de-moutarde-1.jpg.webp","contentUrl":"https:\/\/www.safinel.fr\/wp-content\/uploads\/2023\/05\/huile-de-moutarde-1.jpg.webp","width":600,"height":600,"caption":"Huile de moutarde 50ml"},{"@type":"BreadcrumbList","@id":"https:\/\/www.safinel.fr\/produit\/huile-de-moutarde\/#breadcrumb","itemListElement":[{"@type":"ListItem","position":1,"name":"Accueil","item":"https:\/\/www.safinel.fr\/"},{"@type":"ListItem","position":2,"name":"Boutique","item":"https:\/\/www.safinel.fr\/boutique\/"},{"@type":"ListItem","position":3,"name":"Huile de moutarde 50ml"}]},{"@type":"WebSite","@id":"https:\/\/www.safinel.fr\/#website","url":"https:\/\/www.safinel.fr\/","name":"Safinel","description":"","publisher":{"@id":"https:\/\/www.safinel.fr\/#organization"},"potentialAction":[{"@type":"SearchAction","target":{"@type":"EntryPoint","urlTemplate":"https:\/\/www.safinel.fr\/?s={search_term_string}"},"query-input":{"@type":"PropertyValueSpecification","valueRequired":true,"valueName":"search_term_string"}}],"inLanguage":"de"},{"@type":"Organization","@id":"https:\/\/www.safinel.fr\/#organization","name":"Safinel","url":"https:\/\/www.safinel.fr\/","logo":{"@type":"ImageObject","inLanguage":"de","@id":"https:\/\/www.safinel.fr\/#\/schema\/logo\/image\/","url":"https:\/\/www.safinel.fr\/wp-content\/uploads\/2021\/05\/boutique-cosmetique.png","contentUrl":"https:\/\/www.safinel.fr\/wp-content\/uploads\/2021\/05\/boutique-cosmetique.png","width":800,"height":200,"caption":"Safinel"},"image":{"@id":"https:\/\/www.safinel.fr\/#\/schema\/logo\/image\/"}}]}},"_links":{"self":[{"href":"https:\/\/www.safinel.fr\/de\/wp-json\/wp\/v2\/product\/5928","targetHints":{"allow":["GET"]}}],"collection":[{"href":"https:\/\/www.safinel.fr\/de\/wp-json\/wp\/v2\/product"}],"about":[{"href":"https:\/\/www.safinel.fr\/de\/wp-json\/wp\/v2\/types\/product"}],"wp:featuredmedia":[{"embeddable":true,"href":"https:\/\/www.safinel.fr\/de\/wp-json\/wp\/v2\/media\/5929"}],"wp:attachment":[{"href":"https:\/\/www.safinel.fr\/de\/wp-json\/wp\/v2\/media?parent=5928"}],"wp:term":[{"taxonomy":"product_brand","embeddable":true,"href":"https:\/\/www.safinel.fr\/de\/wp-json\/wp\/v2\/product_brand?post=5928"},{"taxonomy":"product_cat","embeddable":true,"href":"https:\/\/www.safinel.fr\/de\/wp-json\/wp\/v2\/product_cat?post=5928"},{"taxonomy":"product_tag","embeddable":true,"href":"https:\/\/www.safinel.fr\/de\/wp-json\/wp\/v2\/product_tag?post=5928"}],"curies":[{"name":"wp","href":"https:\/\/api.w.org\/{rel}","templated":true}]}}