{"id":5880,"date":"2023-05-09T08:31:05","date_gmt":"2023-05-09T08:31:05","guid":{"rendered":"https:\/\/www.safinel.fr\/?post_type=product&#038;p=5880"},"modified":"2025-07-27T01:19:37","modified_gmt":"2025-07-27T01:19:37","slug":"reines-safranol","status":"publish","type":"product","link":"https:\/\/www.safinel.fr\/de\/product-2\/reines-safranol\/","title":{"rendered":"Reines Safran\u00f6l 30 ml"},"content":{"rendered":"<p><strong>Safran\u00f6l<\/strong>\u00a0ist eine echte Neuheit, die noch zu wenig bekannt ist. Dabei ist diese\u00a0<strong>Gew\u00fcrz<\/strong>\u00a0ist nicht erst seit gestern bekannt. Und das ist noch untertrieben! Entdecken Sie bei Vertus D'Orient ein Produkt mit vielen Verwendungsm\u00f6glichkeiten und erstaunlichen Vorteilen!<\/p>\n<h2><strong>Safran\u00f6l: Das rote Gold im fl\u00fcssigen Format<\/strong><\/h2>\n<p>Wegen seiner Seltenheit und seines Preises von fast 40.000 Euro wird es auch das rote Gold genannt! Safran wird seit der Antike verwendet. Heute geh\u00f6rt Marokko zu den L\u00e4ndern, in denen Safran regelm\u00e4\u00dfig verwendet wird.<\/p>\n<p>Aus diesen und anderen Gr\u00fcnden haben wir ausgew\u00e4hlt\u00a0<strong>Bio-Safran\u00f6l aus Marokko, in der Gr\u00f6\u00dfe 30mL<\/strong>. Au\u00dferdem ist zu beachten, dass dieses Pflanzen\u00f6l durch mechanische Extraktion gewonnen wird.\u00a0<strong>De facto keine Verwendung von L\u00f6sungsmitteln oder Konservierungsstoffen<\/strong>\u00a0!<\/p>\n<h2><strong>Alle Vorteile von reinem Safran\u00f6l<\/strong><\/h2>\n<p>Bei dieser\u00a0<strong>orientalisches Gew\u00fcrz<\/strong>, Es ist nicht nur der Preis, der uns erstaunt! Aus diesem Grund sind hier einige Tugenden, die aus dem ber\u00fchmten Bio-Safran\u00f6l gewonnen werden:<\/p>\n<ul>\n<li>\u00a0\u00a0\u00a0\u00a0N\u00fctzlich gegen Gelenk- und Muskelschmerzen ;<\/li>\n<li>\u00a0\u00a0\u00a0\u00a0Ihm werden beruhigende und bes\u00e4nftigende Eigenschaften nachgesagt; ;<\/li>\n<li>\u00a0\u00a0\u00a0\u00a0Dieses Safran\u00f6l enth\u00e4lt Antioxidantien, die gegen die Hautalterung hilfreich sind; ;<\/li>\n<li>\u00a0\u00a0\u00a0\u00a0Es ist bekannt f\u00fcr seine aphrodisierende und stimulierende Wirkung, vor allem bei M\u00e4nnern ;<\/li>\n<li>\u00a0\u00a0\u00a0\u00a0Erm\u00f6glicht\u00a0<a href=\"https:\/\/www.safinel.fr\/de\/product-2\/djeka-blatter\/\" rel=\"noreferrer noopener\"><strong>Menstruationsschmerzen lindern<\/strong><\/a>\u00a0;<\/li>\n<li>\u00a0\u00a0\u00a0\u00a0Macht die Haut geschmeidig und sorgt f\u00fcr einen ebenm\u00e4\u00dfigen Teint ;<\/li>\n<li>\u00a0\u00a0\u00a0\u00a0Schlie\u00dflich hilft sie dem Haar, seine Spannkraft und Vitalit\u00e4t wiederzuerlangen.<\/li>\n<\/ul>\n<h2><strong>M\u00f6gliche Verwendungszwecke von Safran\u00f6l<\/strong><\/h2>\n<p>Ihr neues Kosmetikum erweist sich auch als ein\u00a0<strong>nat\u00fcrliche Nahrungserg\u00e4nzung\u00a0<\/strong>an Auswahl!<\/p>\n<h3><strong>Auf internem Weg<\/strong><\/h3>\n<p>Diese\u00a0<strong>Safran in \u00d6l<\/strong>\u00a0kann in der K\u00fcche zum W\u00fcrzen von Speisen verwendet werden. Um es als therapeutisches Mittel zu verwenden, empfehlen wir Ihnen, die genaue Dosierung mit einem Gesundheitsexperten abzusprechen.<\/p>\n<h3><strong>Extern<\/strong><\/h3>\n<p><strong>Dieses kostbare Elixier kann auf verschiedene Weise verwendet werden:<\/strong><\/p>\n<ul>\n<li><strong>F\u00fcr die Haare :<\/strong>\u00a0als \u00d6lbad<\/li>\n<li><strong>Auf der Haut :<\/strong>\u00a0zu anderen Pflanzen\u00f6len hinzuzuf\u00fcgen oder auch in selbstgemachte Kosmetikpr\u00e4parate zu geben. Au\u00dferdem kann es pur direkt auf die zu behandelnde Stelle aufgetragen werden<\/li>\n<li><strong>In der Badewanne :\u00a0<\/strong>Die Ausd\u00fcnstungen dieser Superzutat versprechen Ihnen einen entspannenden Moment. Aufbewahrung Dieses Safran\u00f6l ist oxidationsempfindlich. Bewahren Sie es daher vor Licht und Feuchtigkeit gesch\u00fctzt auf.<\/li>\n<\/ul>\n<h3><strong>Vorsichtsma\u00dfnahmen f\u00fcr Ihr reines Safran\u00f6l<\/strong><\/h3>\n<p>Achten Sie darauf, dass Sie die Gebrauchsanweisung und die auf der Verpackung angegebene Dosierung einhalten. Dar\u00fcber hinaus wird Kindern, schwangeren und stillenden Frauen davon abgeraten. Bitte konsultieren Sie Ihren behandelnden Arzt, bevor Sie ein Nahrungserg\u00e4nzungsmittel einf\u00fchren. Ebenso bei allen medizinischen Fragen. Safran in all seinen Formen!<\/p>\n<p>Schlie\u00dflich, f\u00fcr diejenigen, die Safran sch\u00e4tzen oder ihn auf eine andere Art und Weise entdecken m\u00f6chten, ist hier etwas dabei: - - - - - - - - - - - - - - - - - - - - - - - - - - - - - - - - - - - - - - - - - - - - - - - - - - - - - - - - - - - - - - - - - - - -.<\/p>\n<ul>\n<li><strong>Nat\u00fcrliche Safranseife\u00a0<\/strong>: ein multifunktionales Kosmetikum, das sowohl f\u00fcr das Gesicht, als auch f\u00fcr K\u00f6rper und Haare verwendet werden kann!<\/li>\n<li><strong>Nat\u00fcrlicher Safran 1g\u00a0<\/strong>: Hochwertige Stigmata zum W\u00fcrzen all Ihrer Gerichte!<\/li>\n<\/ul>","protected":false},"excerpt":{"rendered":"<p><strong>*Foto ohne Vertrag.<\/strong><\/p>\n<p><img decoding=\"async\" class=\"size-full wp-image-5091 aligncenter\" src=\"https:\/\/www.safinel.fr\/wp-content\/uploads\/2021\/06\/BANNIERE-ICONE-SAFINEL.webp\" alt=\"Satines-R\u00fcckversicherung\" width=\"800\" height=\"200\" srcset=\"https:\/\/www.safinel.fr\/wp-content\/uploads\/2021\/06\/BANNIERE-ICONE-SAFINEL.webp 800w, https:\/\/www.safinel.fr\/wp-content\/uploads\/2021\/06\/BANNIERE-ICONE-SAFINEL-600x150.webp 600w, https:\/\/www.safinel.fr\/wp-content\/uploads\/2021\/06\/BANNIERE-ICONE-SAFINEL-768x192.webp 768w\" sizes=\"(max-width: 800px) 100vw, 800px\" \/><\/p>","protected":false},"featured_media":5881,"template":"","meta":[],"product_brand":[],"product_cat":[146,122],"product_tag":[],"class_list":{"0":"post-5880","1":"product","2":"type-product","3":"status-publish","4":"has-post-thumbnail","6":"product_cat-produit-cheveux","7":"product_cat-huile-vegetale","9":"first","10":"instock","11":"shipping-taxable","12":"purchasable","13":"product-type-simple"},"yoast_head":"<!-- This site is optimized with the Yoast SEO plugin v26.6 - https:\/\/yoast.com\/wordpress\/plugins\/seo\/ -->\n<title>Huile de Safran I Un tr\u00e9sor pur aux multiples vertus<\/title>\n<meta name=\"description\" content=\"D\u00e9couvrez les bienfaits de l&#039;huile de safran, une huile pr\u00e9cieuse riche en antioxydants. Utilis\u00e9e en cuisine et en cosm\u00e9tique. Adoptez-l\u00e0 !\" \/>\n<meta name=\"robots\" content=\"index, follow, max-snippet:-1, max-image-preview:large, max-video-preview:-1\" \/>\n<link rel=\"canonical\" href=\"https:\/\/www.safinel.fr\/de\/product-2\/reines-safranol\/\" \/>\n<meta property=\"og:locale\" content=\"de_DE\" \/>\n<meta property=\"og:type\" content=\"article\" \/>\n<meta property=\"og:title\" content=\"Huile de Safran I Un tr\u00e9sor pur aux multiples vertus\" \/>\n<meta property=\"og:description\" content=\"D\u00e9couvrez les bienfaits de l&#039;huile de safran, une huile pr\u00e9cieuse riche en antioxydants. Utilis\u00e9e en cuisine et en cosm\u00e9tique. Adoptez-l\u00e0 !\" \/>\n<meta property=\"og:url\" content=\"https:\/\/www.safinel.fr\/de\/product-2\/reines-safranol\/\" \/>\n<meta property=\"og:site_name\" content=\"Safinel\" \/>\n<meta property=\"article:modified_time\" content=\"2025-07-27T01:19:37+00:00\" \/>\n<meta property=\"og:image\" content=\"https:\/\/www.safinel.fr\/wp-content\/uploads\/2023\/05\/huile-de-safran.jpg\" \/>\n\t<meta property=\"og:image:width\" content=\"600\" \/>\n\t<meta property=\"og:image:height\" content=\"600\" \/>\n\t<meta property=\"og:image:type\" content=\"image\/jpeg\" \/>\n<meta name=\"twitter:card\" content=\"summary_large_image\" \/>\n<meta name=\"twitter:label1\" content=\"Gesch\u00e4tzte Lesezeit\" \/>\n\t<meta name=\"twitter:data1\" content=\"3\u00a0Minuten\" \/>\n<script type=\"application\/ld+json\" class=\"yoast-schema-graph\">{\"@context\":\"https:\/\/schema.org\",\"@graph\":[{\"@type\":\"WebPage\",\"@id\":\"https:\/\/www.safinel.fr\/produit\/huile-de-safran-pur\/\",\"url\":\"https:\/\/www.safinel.fr\/produit\/huile-de-safran-pur\/\",\"name\":\"Huile de Safran I Un tr\u00e9sor pur aux multiples vertus\",\"isPartOf\":{\"@id\":\"https:\/\/www.safinel.fr\/#website\"},\"primaryImageOfPage\":{\"@id\":\"https:\/\/www.safinel.fr\/produit\/huile-de-safran-pur\/#primaryimage\"},\"image\":{\"@id\":\"https:\/\/www.safinel.fr\/produit\/huile-de-safran-pur\/#primaryimage\"},\"thumbnailUrl\":\"https:\/\/www.safinel.fr\/wp-content\/uploads\/2023\/05\/huile-de-safran.jpg\",\"datePublished\":\"2023-05-09T08:31:05+00:00\",\"dateModified\":\"2025-07-27T01:19:37+00:00\",\"description\":\"D\u00e9couvrez les bienfaits de l'huile de safran, une huile pr\u00e9cieuse riche en antioxydants. Utilis\u00e9e en cuisine et en cosm\u00e9tique. Adoptez-l\u00e0 !\",\"breadcrumb\":{\"@id\":\"https:\/\/www.safinel.fr\/produit\/huile-de-safran-pur\/#breadcrumb\"},\"inLanguage\":\"de\",\"potentialAction\":[{\"@type\":\"ReadAction\",\"target\":[\"https:\/\/www.safinel.fr\/produit\/huile-de-safran-pur\/\"]}]},{\"@type\":\"ImageObject\",\"inLanguage\":\"de\",\"@id\":\"https:\/\/www.safinel.fr\/produit\/huile-de-safran-pur\/#primaryimage\",\"url\":\"https:\/\/www.safinel.fr\/wp-content\/uploads\/2023\/05\/huile-de-safran.jpg\",\"contentUrl\":\"https:\/\/www.safinel.fr\/wp-content\/uploads\/2023\/05\/huile-de-safran.jpg\",\"width\":600,\"height\":600,\"caption\":\"Huile de safran pur 30 ml\"},{\"@type\":\"BreadcrumbList\",\"@id\":\"https:\/\/www.safinel.fr\/produit\/huile-de-safran-pur\/#breadcrumb\",\"itemListElement\":[{\"@type\":\"ListItem\",\"position\":1,\"name\":\"Accueil\",\"item\":\"https:\/\/www.safinel.fr\/\"},{\"@type\":\"ListItem\",\"position\":2,\"name\":\"Boutique\",\"item\":\"https:\/\/www.safinel.fr\/boutique\/\"},{\"@type\":\"ListItem\",\"position\":3,\"name\":\"Huile de safran pur 30 ml\"}]},{\"@type\":\"WebSite\",\"@id\":\"https:\/\/www.safinel.fr\/#website\",\"url\":\"https:\/\/www.safinel.fr\/\",\"name\":\"Safinel\",\"description\":\"\",\"publisher\":{\"@id\":\"https:\/\/www.safinel.fr\/#organization\"},\"potentialAction\":[{\"@type\":\"SearchAction\",\"target\":{\"@type\":\"EntryPoint\",\"urlTemplate\":\"https:\/\/www.safinel.fr\/?s={search_term_string}\"},\"query-input\":{\"@type\":\"PropertyValueSpecification\",\"valueRequired\":true,\"valueName\":\"search_term_string\"}}],\"inLanguage\":\"de\"},{\"@type\":\"Organization\",\"@id\":\"https:\/\/www.safinel.fr\/#organization\",\"name\":\"Safinel\",\"url\":\"https:\/\/www.safinel.fr\/\",\"logo\":{\"@type\":\"ImageObject\",\"inLanguage\":\"de\",\"@id\":\"https:\/\/www.safinel.fr\/#\/schema\/logo\/image\/\",\"url\":\"https:\/\/www.safinel.fr\/wp-content\/uploads\/2021\/05\/boutique-cosmetique.png\",\"contentUrl\":\"https:\/\/www.safinel.fr\/wp-content\/uploads\/2021\/05\/boutique-cosmetique.png\",\"width\":800,\"height\":200,\"caption\":\"Safinel\"},\"image\":{\"@id\":\"https:\/\/www.safinel.fr\/#\/schema\/logo\/image\/\"}}]}<\/script>\n<!-- \/ Yoast SEO plugin. -->","yoast_head_json":{"title":"Safran\u00f6l I Ein reiner Schatz mit vielen positiven Eigenschaften","description":"Entdecken Sie die Vorteile von Safran\u00f6l, einem wertvollen \u00d6l, das reich an Antioxidantien ist. Es wird in der K\u00fcche und in der Kosmetik verwendet. Nehmen Sie es an!","robots":{"index":"index","follow":"follow","max-snippet":"max-snippet:-1","max-image-preview":"max-image-preview:large","max-video-preview":"max-video-preview:-1"},"canonical":"https:\/\/www.safinel.fr\/de\/product-2\/reines-safranol\/","og_locale":"de_DE","og_type":"article","og_title":"Huile de Safran I Un tr\u00e9sor pur aux multiples vertus","og_description":"D\u00e9couvrez les bienfaits de l'huile de safran, une huile pr\u00e9cieuse riche en antioxydants. Utilis\u00e9e en cuisine et en cosm\u00e9tique. Adoptez-l\u00e0 !","og_url":"https:\/\/www.safinel.fr\/de\/product-2\/reines-safranol\/","og_site_name":"Safinel","article_modified_time":"2025-07-27T01:19:37+00:00","og_image":[{"width":600,"height":600,"url":"https:\/\/www.safinel.fr\/wp-content\/uploads\/2023\/05\/huile-de-safran.jpg","type":"image\/jpeg"}],"twitter_card":"summary_large_image","twitter_misc":{"Gesch\u00e4tzte Lesezeit":"3\u00a0Minuten"},"schema":{"@context":"https:\/\/schema.org","@graph":[{"@type":"WebPage","@id":"https:\/\/www.safinel.fr\/produit\/huile-de-safran-pur\/","url":"https:\/\/www.safinel.fr\/produit\/huile-de-safran-pur\/","name":"Safran\u00f6l I Ein reiner Schatz mit vielen positiven Eigenschaften","isPartOf":{"@id":"https:\/\/www.safinel.fr\/#website"},"primaryImageOfPage":{"@id":"https:\/\/www.safinel.fr\/produit\/huile-de-safran-pur\/#primaryimage"},"image":{"@id":"https:\/\/www.safinel.fr\/produit\/huile-de-safran-pur\/#primaryimage"},"thumbnailUrl":"https:\/\/www.safinel.fr\/wp-content\/uploads\/2023\/05\/huile-de-safran.jpg","datePublished":"2023-05-09T08:31:05+00:00","dateModified":"2025-07-27T01:19:37+00:00","description":"Entdecken Sie die Vorteile von Safran\u00f6l, einem wertvollen \u00d6l, das reich an Antioxidantien ist. Es wird in der K\u00fcche und in der Kosmetik verwendet. Nehmen Sie es an!","breadcrumb":{"@id":"https:\/\/www.safinel.fr\/produit\/huile-de-safran-pur\/#breadcrumb"},"inLanguage":"de","potentialAction":[{"@type":"ReadAction","target":["https:\/\/www.safinel.fr\/produit\/huile-de-safran-pur\/"]}]},{"@type":"ImageObject","inLanguage":"de","@id":"https:\/\/www.safinel.fr\/produit\/huile-de-safran-pur\/#primaryimage","url":"https:\/\/www.safinel.fr\/wp-content\/uploads\/2023\/05\/huile-de-safran.jpg","contentUrl":"https:\/\/www.safinel.fr\/wp-content\/uploads\/2023\/05\/huile-de-safran.jpg","width":600,"height":600,"caption":"Huile de safran pur 30 ml"},{"@type":"BreadcrumbList","@id":"https:\/\/www.safinel.fr\/produit\/huile-de-safran-pur\/#breadcrumb","itemListElement":[{"@type":"ListItem","position":1,"name":"Accueil","item":"https:\/\/www.safinel.fr\/"},{"@type":"ListItem","position":2,"name":"Boutique","item":"https:\/\/www.safinel.fr\/boutique\/"},{"@type":"ListItem","position":3,"name":"Huile de safran pur 30 ml"}]},{"@type":"WebSite","@id":"https:\/\/www.safinel.fr\/#website","url":"https:\/\/www.safinel.fr\/","name":"Safinel","description":"","publisher":{"@id":"https:\/\/www.safinel.fr\/#organization"},"potentialAction":[{"@type":"SearchAction","target":{"@type":"EntryPoint","urlTemplate":"https:\/\/www.safinel.fr\/?s={search_term_string}"},"query-input":{"@type":"PropertyValueSpecification","valueRequired":true,"valueName":"search_term_string"}}],"inLanguage":"de"},{"@type":"Organization","@id":"https:\/\/www.safinel.fr\/#organization","name":"Safinel","url":"https:\/\/www.safinel.fr\/","logo":{"@type":"ImageObject","inLanguage":"de","@id":"https:\/\/www.safinel.fr\/#\/schema\/logo\/image\/","url":"https:\/\/www.safinel.fr\/wp-content\/uploads\/2021\/05\/boutique-cosmetique.png","contentUrl":"https:\/\/www.safinel.fr\/wp-content\/uploads\/2021\/05\/boutique-cosmetique.png","width":800,"height":200,"caption":"Safinel"},"image":{"@id":"https:\/\/www.safinel.fr\/#\/schema\/logo\/image\/"}}]}},"_links":{"self":[{"href":"https:\/\/www.safinel.fr\/de\/wp-json\/wp\/v2\/product\/5880","targetHints":{"allow":["GET"]}}],"collection":[{"href":"https:\/\/www.safinel.fr\/de\/wp-json\/wp\/v2\/product"}],"about":[{"href":"https:\/\/www.safinel.fr\/de\/wp-json\/wp\/v2\/types\/product"}],"wp:featuredmedia":[{"embeddable":true,"href":"https:\/\/www.safinel.fr\/de\/wp-json\/wp\/v2\/media\/5881"}],"wp:attachment":[{"href":"https:\/\/www.safinel.fr\/de\/wp-json\/wp\/v2\/media?parent=5880"}],"wp:term":[{"taxonomy":"product_brand","embeddable":true,"href":"https:\/\/www.safinel.fr\/de\/wp-json\/wp\/v2\/product_brand?post=5880"},{"taxonomy":"product_cat","embeddable":true,"href":"https:\/\/www.safinel.fr\/de\/wp-json\/wp\/v2\/product_cat?post=5880"},{"taxonomy":"product_tag","embeddable":true,"href":"https:\/\/www.safinel.fr\/de\/wp-json\/wp\/v2\/product_tag?post=5880"}],"curies":[{"name":"wp","href":"https:\/\/api.w.org\/{rel}","templated":true}]}}