{"id":582,"date":"2021-12-03T11:21:58","date_gmt":"2021-12-03T11:21:58","guid":{"rendered":"https:\/\/www.safinel.fr\/?post_type=product&#038;p=582"},"modified":"2023-12-28T17:15:09","modified_gmt":"2023-12-28T17:15:09","slug":"kigelia-africana","status":"publish","type":"product","link":"https:\/\/www.safinel.fr\/de\/product-2\/kigelia-africana\/","title":{"rendered":"Kigelia africana 100g Pulver"},"content":{"rendered":"<p>Die\u00a0<strong>Kigelia africana,<\/strong>\u00a0kommt Ihnen das bekannt vor? Dieser Baum, die Kigelia africana oder auch Wurstbaum genannt, ist erstaunlich! Das Besondere an diesem Baum ist, dass er sich mit Fr\u00fcchten bedeckt. Dann kann man n\u00e4mlich Hunderte von \u00abW\u00fcrsten\u00bb beobachten, die an langen Stielen h\u00e4ngen. Dieser Baum hat einiges zu bieten...<\/p>\n<p>Lassen Sie uns keine Zeit verlieren und herausfinden, was sich hinter diesem Produkt verbirgt.<\/p>\n<h2><strong>Auf Entdeckungstour mit der Kigelia africana<\/strong><\/h2>\n<p>Die Kigelia ist ein schnell wachsender, halbverholzter Baum, der eine H\u00f6he von 18 Metern erreichen kann. Er hat eine glatte, gr\u00e4uliche Rinde und eine kompakte, runde Baumkrone. Seine Fr\u00fcchte sind steif und besitzen eine beeindruckende Gr\u00f6\u00dfe.<\/p>\n<p>Dieser w\u00e4chst in der Regel in tropischen Umgebungen, insbesondere in mehreren L\u00e4ndern wie der Elfenbeink\u00fcste oder Togo.<\/p>\n<p>Kigelia wird in ganz Afrika weit verbreitet verwendet und ist ein Hauptprodukt der afrikanischen Pharmakop\u00f6e. Sie ist f\u00fcr ihre therapeutischen Eigenschaften bekannt, die den Unterschied ausmachen.<\/p>\n<h3><strong>Entdecken Sie die \u00fcberraschenden Vorteile der Kigelia\u00a0<\/strong><\/h3>\n<p>Die Vorteile der Kigelia sind seit vielen Jahrhunderten bekannt. Lassen Sie uns daher einen Blick auf sie werfen.<\/p>\n<ul>\n<li>Eine aphrodisierende Pflege :<\/li>\n<\/ul>\n<p>Dieses nat\u00fcrliche Heilmittel in Form von Pulver oder \u00d6l wird verwendet, um Probleme im Zusammenhang mit der Sexualit\u00e4t des Mannes zu beseitigen. Mit anderen Worten, es handelt sich um ein Mittel, das die sexuellen F\u00e4higkeiten des Mannes steigert.<\/p>\n<p>Zweitens kann das \u00d6l bei Frauen die Br\u00fcste und das Ges\u00e4\u00df straffen und festigen. Die Frucht dieses Baumes enth\u00e4lt n\u00e4mlich Sterole. Sie kommen vor allem in den weiblichen Hormonen vor, die f\u00fcr die Entwicklung von Brust und Ges\u00e4\u00df verantwortlich sind.<\/p>\n<p>Das kleine Extra: Sie finden auf unserer Website auch den\u00a0<strong><a href=\"https:\/\/www.safinel.fr\/de\/product-2\/kacip-fatimah\/\">Kacip Fatimah<\/a>\u00a0<\/strong>die aphrodisierende Eigenschaften besitzen.<\/p>\n<ul>\n<li>Ein Tonikum f\u00fcr die Haut :<\/li>\n<\/ul>\n<p>Diese Pflege ist sehr empfehlenswert f\u00fcr empfindliche Haut und zu Neurodermitis neigende Haut. Denn sie hilft, das Hautgewebe zu straffen und tr\u00e4gt zu einer guten Spannkraft der Haut bei. Es besitzt auch beruhigende Eigenschaften f\u00fcr sehr empfindliche und zarte Haut. Au\u00dferdem wirkt es der schnellen Hautalterung und den Auswirkungen freier Radikale entgegen.<\/p>\n<p>Au\u00dferdem verwenden Frauen es auch f\u00fcr ihre Haarpflege, da das Produkt das Haarwachstum anregt und das Haar strafft.<\/p>\n<h2><strong>Wie verwendet man Kigelia africana?<\/strong><\/h2>\n<p>Je nachdem, f\u00fcr welches Endprodukt Sie sich entscheiden, k\u00f6nnen Sie dieses Produkt entsprechend verwenden.<\/p>\n<p>Wenn Sie sich f\u00fcr die Kapseln entscheiden, m\u00fcssen Sie sie nur wie in der Packungsbeilage beschrieben verwenden.<\/p>\n<p>Wenn Sie sich f\u00fcr das Pulver entscheiden, wie wir es Ihnen anbieten, k\u00f6nnen Sie es direkt \u00fcber Ihre Nahrung streuen oder in der Milch aufl\u00f6sen.<\/p>\n<p>Und wenn Sie sich f\u00fcr \u00d6l entscheiden, k\u00f6nnen Sie es direkt auf Ihre Haut auftragen.<\/p>\n<h3><strong>Vorsichtsma\u00dfnahmen<\/strong><\/h3>\n<p>Wie alle nat\u00fcrlichen Heilmittel ist auch Kigelia africana mit Vorsicht zu genie\u00dfen. Au\u00dferdem ist ein gesunder Lebensstil notwendig, um seine Ergebnisse zu sehen.<\/p>\n<p>Zu Problemen im Zusammenhang mit der Sexualit\u00e4t ist zu sagen, dass diese eine medizinische Ursache haben k\u00f6nnen, die manchmal eine professionelle Beratung erfordert.<\/p>\n<p>Schlie\u00dflich ist dieses Naturprodukt kein Ersatz f\u00fcr eine medizinische Behandlung. Daher ist es ratsam, vor der Anwendung den Rat eines Spezialisten einzuholen.<\/p>","protected":false},"excerpt":{"rendered":"<p>Sagt Ihnen Kigelia africana etwas? Dieser Baum, Kigelia africana oder auch W\u00fcrstchenbaum genannt, ist erstaunlich! Was ihn so einzigartig macht, ist, dass er sich mit Fr\u00fcchten bedeckt. Man kann Hunderte von \u00abW\u00fcrstchen\u00bb beobachten, die an langen Stielen h\u00e4ngen. Dieser Baum wird Sie \u00fcberraschen... [\u2026]","protected":false},"featured_media":583,"template":"","meta":[],"product_brand":[],"product_cat":[27],"product_tag":[],"class_list":{"0":"post-582","1":"product","2":"type-product","3":"status-publish","4":"has-post-thumbnail","6":"product_cat-plantes-medicinales","8":"first","9":"instock","10":"shipping-taxable","11":"purchasable","12":"product-type-simple"},"yoast_head":"<!-- This site is optimized with the Yoast SEO plugin v26.6 - https:\/\/yoast.com\/wordpress\/plugins\/seo\/ -->\n<title>Kigelia aficana | Plante \u00e9galement nomm\u00e9e Arbre \u00e0 saucisse<\/title>\n<meta name=\"description\" content=\"Le\u00a0Kigelia africana,\u00a0cela vous dit quelque chose ? Cet arbre, le kigelia africana ou encore arbre \u00e0 saucisses est \u00e9tonnant !\" \/>\n<meta name=\"robots\" content=\"index, follow, max-snippet:-1, max-image-preview:large, max-video-preview:-1\" \/>\n<link rel=\"canonical\" href=\"https:\/\/www.safinel.fr\/de\/product-2\/kigelia-africana\/\" \/>\n<meta property=\"og:locale\" content=\"de_DE\" \/>\n<meta property=\"og:type\" content=\"article\" \/>\n<meta property=\"og:title\" content=\"Kigelia aficana | Plante \u00e9galement nomm\u00e9e Arbre \u00e0 saucisse\" \/>\n<meta property=\"og:description\" content=\"Le\u00a0Kigelia africana,\u00a0cela vous dit quelque chose ? Cet arbre, le kigelia africana ou encore arbre \u00e0 saucisses est \u00e9tonnant !\" \/>\n<meta property=\"og:url\" content=\"https:\/\/www.safinel.fr\/de\/product-2\/kigelia-africana\/\" \/>\n<meta property=\"og:site_name\" content=\"Safinel\" \/>\n<meta property=\"article:modified_time\" content=\"2023-12-28T17:15:09+00:00\" \/>\n<meta property=\"og:image\" content=\"https:\/\/www.safinel.fr\/wp-content\/uploads\/2021\/12\/kigelia-africana.jpg\" \/>\n\t<meta property=\"og:image:width\" content=\"600\" \/>\n\t<meta property=\"og:image:height\" content=\"600\" \/>\n\t<meta property=\"og:image:type\" content=\"image\/jpeg\" \/>\n<meta name=\"twitter:card\" content=\"summary_large_image\" \/>\n<meta name=\"twitter:label1\" content=\"Gesch\u00e4tzte Lesezeit\" \/>\n\t<meta name=\"twitter:data1\" content=\"3\u00a0Minuten\" \/>\n<script type=\"application\/ld+json\" class=\"yoast-schema-graph\">{\"@context\":\"https:\/\/schema.org\",\"@graph\":[{\"@type\":\"WebPage\",\"@id\":\"https:\/\/www.safinel.fr\/produit\/kigelia-africana\/\",\"url\":\"https:\/\/www.safinel.fr\/produit\/kigelia-africana\/\",\"name\":\"Kigelia aficana | Plante \u00e9galement nomm\u00e9e Arbre \u00e0 saucisse\",\"isPartOf\":{\"@id\":\"https:\/\/www.safinel.fr\/#website\"},\"primaryImageOfPage\":{\"@id\":\"https:\/\/www.safinel.fr\/produit\/kigelia-africana\/#primaryimage\"},\"image\":{\"@id\":\"https:\/\/www.safinel.fr\/produit\/kigelia-africana\/#primaryimage\"},\"thumbnailUrl\":\"https:\/\/www.safinel.fr\/wp-content\/uploads\/2021\/12\/kigelia-africana.jpg\",\"datePublished\":\"2021-12-03T11:21:58+00:00\",\"dateModified\":\"2023-12-28T17:15:09+00:00\",\"description\":\"Le\u00a0Kigelia africana,\u00a0cela vous dit quelque chose ? Cet arbre, le kigelia africana ou encore arbre \u00e0 saucisses est \u00e9tonnant !\",\"breadcrumb\":{\"@id\":\"https:\/\/www.safinel.fr\/produit\/kigelia-africana\/#breadcrumb\"},\"inLanguage\":\"de\",\"potentialAction\":[{\"@type\":\"ReadAction\",\"target\":[\"https:\/\/www.safinel.fr\/produit\/kigelia-africana\/\"]}]},{\"@type\":\"ImageObject\",\"inLanguage\":\"de\",\"@id\":\"https:\/\/www.safinel.fr\/produit\/kigelia-africana\/#primaryimage\",\"url\":\"https:\/\/www.safinel.fr\/wp-content\/uploads\/2021\/12\/kigelia-africana.jpg\",\"contentUrl\":\"https:\/\/www.safinel.fr\/wp-content\/uploads\/2021\/12\/kigelia-africana.jpg\",\"width\":600,\"height\":600,\"caption\":\"Kigelia africana 100g\"},{\"@type\":\"BreadcrumbList\",\"@id\":\"https:\/\/www.safinel.fr\/produit\/kigelia-africana\/#breadcrumb\",\"itemListElement\":[{\"@type\":\"ListItem\",\"position\":1,\"name\":\"Accueil\",\"item\":\"https:\/\/www.safinel.fr\/\"},{\"@type\":\"ListItem\",\"position\":2,\"name\":\"Boutique\",\"item\":\"https:\/\/www.safinel.fr\/boutique\/\"},{\"@type\":\"ListItem\",\"position\":3,\"name\":\"Kigelia africana 100g en poudre\"}]},{\"@type\":\"WebSite\",\"@id\":\"https:\/\/www.safinel.fr\/#website\",\"url\":\"https:\/\/www.safinel.fr\/\",\"name\":\"Safinel\",\"description\":\"\",\"publisher\":{\"@id\":\"https:\/\/www.safinel.fr\/#organization\"},\"potentialAction\":[{\"@type\":\"SearchAction\",\"target\":{\"@type\":\"EntryPoint\",\"urlTemplate\":\"https:\/\/www.safinel.fr\/?s={search_term_string}\"},\"query-input\":{\"@type\":\"PropertyValueSpecification\",\"valueRequired\":true,\"valueName\":\"search_term_string\"}}],\"inLanguage\":\"de\"},{\"@type\":\"Organization\",\"@id\":\"https:\/\/www.safinel.fr\/#organization\",\"name\":\"Safinel\",\"url\":\"https:\/\/www.safinel.fr\/\",\"logo\":{\"@type\":\"ImageObject\",\"inLanguage\":\"de\",\"@id\":\"https:\/\/www.safinel.fr\/#\/schema\/logo\/image\/\",\"url\":\"https:\/\/www.safinel.fr\/wp-content\/uploads\/2021\/05\/boutique-cosmetique.png\",\"contentUrl\":\"https:\/\/www.safinel.fr\/wp-content\/uploads\/2021\/05\/boutique-cosmetique.png\",\"width\":800,\"height\":200,\"caption\":\"Safinel\"},\"image\":{\"@id\":\"https:\/\/www.safinel.fr\/#\/schema\/logo\/image\/\"}}]}<\/script>\n<!-- \/ Yoast SEO plugin. -->","yoast_head_json":{"title":"Kigelia aficana | Pflanze, die auch als Wurstbaum bezeichnet wird","description":"Sagt Ihnen der Name Kigelia africana etwas? Dieser Baum, die Kigelia africana oder auch Wurstbaum genannt, ist erstaunlich!","robots":{"index":"index","follow":"follow","max-snippet":"max-snippet:-1","max-image-preview":"max-image-preview:large","max-video-preview":"max-video-preview:-1"},"canonical":"https:\/\/www.safinel.fr\/de\/product-2\/kigelia-africana\/","og_locale":"de_DE","og_type":"article","og_title":"Kigelia aficana | Plante \u00e9galement nomm\u00e9e Arbre \u00e0 saucisse","og_description":"Le\u00a0Kigelia africana,\u00a0cela vous dit quelque chose ? Cet arbre, le kigelia africana ou encore arbre \u00e0 saucisses est \u00e9tonnant !","og_url":"https:\/\/www.safinel.fr\/de\/product-2\/kigelia-africana\/","og_site_name":"Safinel","article_modified_time":"2023-12-28T17:15:09+00:00","og_image":[{"width":600,"height":600,"url":"https:\/\/www.safinel.fr\/wp-content\/uploads\/2021\/12\/kigelia-africana.jpg","type":"image\/jpeg"}],"twitter_card":"summary_large_image","twitter_misc":{"Gesch\u00e4tzte Lesezeit":"3\u00a0Minuten"},"schema":{"@context":"https:\/\/schema.org","@graph":[{"@type":"WebPage","@id":"https:\/\/www.safinel.fr\/produit\/kigelia-africana\/","url":"https:\/\/www.safinel.fr\/produit\/kigelia-africana\/","name":"Kigelia aficana | Pflanze, die auch als Wurstbaum bezeichnet wird","isPartOf":{"@id":"https:\/\/www.safinel.fr\/#website"},"primaryImageOfPage":{"@id":"https:\/\/www.safinel.fr\/produit\/kigelia-africana\/#primaryimage"},"image":{"@id":"https:\/\/www.safinel.fr\/produit\/kigelia-africana\/#primaryimage"},"thumbnailUrl":"https:\/\/www.safinel.fr\/wp-content\/uploads\/2021\/12\/kigelia-africana.jpg","datePublished":"2021-12-03T11:21:58+00:00","dateModified":"2023-12-28T17:15:09+00:00","description":"Sagt Ihnen der Name Kigelia africana etwas? Dieser Baum, die Kigelia africana oder auch Wurstbaum genannt, ist erstaunlich!","breadcrumb":{"@id":"https:\/\/www.safinel.fr\/produit\/kigelia-africana\/#breadcrumb"},"inLanguage":"de","potentialAction":[{"@type":"ReadAction","target":["https:\/\/www.safinel.fr\/produit\/kigelia-africana\/"]}]},{"@type":"ImageObject","inLanguage":"de","@id":"https:\/\/www.safinel.fr\/produit\/kigelia-africana\/#primaryimage","url":"https:\/\/www.safinel.fr\/wp-content\/uploads\/2021\/12\/kigelia-africana.jpg","contentUrl":"https:\/\/www.safinel.fr\/wp-content\/uploads\/2021\/12\/kigelia-africana.jpg","width":600,"height":600,"caption":"Kigelia africana 100g"},{"@type":"BreadcrumbList","@id":"https:\/\/www.safinel.fr\/produit\/kigelia-africana\/#breadcrumb","itemListElement":[{"@type":"ListItem","position":1,"name":"Accueil","item":"https:\/\/www.safinel.fr\/"},{"@type":"ListItem","position":2,"name":"Boutique","item":"https:\/\/www.safinel.fr\/boutique\/"},{"@type":"ListItem","position":3,"name":"Kigelia africana 100g en poudre"}]},{"@type":"WebSite","@id":"https:\/\/www.safinel.fr\/#website","url":"https:\/\/www.safinel.fr\/","name":"Safinel","description":"","publisher":{"@id":"https:\/\/www.safinel.fr\/#organization"},"potentialAction":[{"@type":"SearchAction","target":{"@type":"EntryPoint","urlTemplate":"https:\/\/www.safinel.fr\/?s={search_term_string}"},"query-input":{"@type":"PropertyValueSpecification","valueRequired":true,"valueName":"search_term_string"}}],"inLanguage":"de"},{"@type":"Organization","@id":"https:\/\/www.safinel.fr\/#organization","name":"Safinel","url":"https:\/\/www.safinel.fr\/","logo":{"@type":"ImageObject","inLanguage":"de","@id":"https:\/\/www.safinel.fr\/#\/schema\/logo\/image\/","url":"https:\/\/www.safinel.fr\/wp-content\/uploads\/2021\/05\/boutique-cosmetique.png","contentUrl":"https:\/\/www.safinel.fr\/wp-content\/uploads\/2021\/05\/boutique-cosmetique.png","width":800,"height":200,"caption":"Safinel"},"image":{"@id":"https:\/\/www.safinel.fr\/#\/schema\/logo\/image\/"}}]}},"_links":{"self":[{"href":"https:\/\/www.safinel.fr\/de\/wp-json\/wp\/v2\/product\/582","targetHints":{"allow":["GET"]}}],"collection":[{"href":"https:\/\/www.safinel.fr\/de\/wp-json\/wp\/v2\/product"}],"about":[{"href":"https:\/\/www.safinel.fr\/de\/wp-json\/wp\/v2\/types\/product"}],"wp:featuredmedia":[{"embeddable":true,"href":"https:\/\/www.safinel.fr\/de\/wp-json\/wp\/v2\/media\/583"}],"wp:attachment":[{"href":"https:\/\/www.safinel.fr\/de\/wp-json\/wp\/v2\/media?parent=582"}],"wp:term":[{"taxonomy":"product_brand","embeddable":true,"href":"https:\/\/www.safinel.fr\/de\/wp-json\/wp\/v2\/product_brand?post=582"},{"taxonomy":"product_cat","embeddable":true,"href":"https:\/\/www.safinel.fr\/de\/wp-json\/wp\/v2\/product_cat?post=582"},{"taxonomy":"product_tag","embeddable":true,"href":"https:\/\/www.safinel.fr\/de\/wp-json\/wp\/v2\/product_tag?post=582"}],"curies":[{"name":"wp","href":"https:\/\/api.w.org\/{rel}","templated":true}]}}