{"id":5719,"date":"2023-04-27T18:17:59","date_gmt":"2023-04-27T18:17:59","guid":{"rendered":"https:\/\/www.safinel.fr\/?post_type=product&#038;p=5719"},"modified":"2023-12-28T17:15:58","modified_gmt":"2023-12-28T17:15:58","slug":"yoni-steam","status":"publish","type":"product","link":"https:\/\/www.safinel.fr\/de\/product-2\/yoni-steam\/","title":{"rendered":"Yoni Steam (Vaginales Dampfbad)"},"content":{"rendered":"<p>Die\u00a0<strong>Yoni Steam<\/strong>\u00a0ist ein<strong>\u00a0vaginales Dampfbad\u00a0<\/strong>wird seit Jahrzehnten in verschiedenen Kulturen verwendet. Er soll die Durchblutung f\u00f6rdern und die allgemeine Gesundheit der Geb\u00e4rmutter verbessern. Es gibt aber noch weitere Vorteile.<\/p>\n<p>Entdecken Sie diese uralte Technik in Ihrem Safinel-Shop.<\/p>\n<h2><strong>Das Vaginaldampfbad - eine uralte Frauengesundheitspflege\u00a0<\/strong><\/h2>\n<p>Auch genannt\u00a0<strong>Chai-Yok<\/strong>\u00a0oder\u00a0<strong>Bajo\u00a0<\/strong>in einigen Kulturen wird dieses intime Sitzbad als gesundheitsf\u00f6rdernd f\u00fcr Frauen angesehen.<\/p>\n<p>Sei es zur Vorbeugung oder auch im Rahmen bestimmter zus\u00e4tzlicher Behandlungen. Vaginaldampf aus der Sauna ist eine uralte Praxis, die in vielen Kulturen zur F\u00f6rderung der allgemeinen vaginalen Gesundheit eingesetzt wird.<\/p>\n<p>So ist der Yoni Steam eine nat\u00fcrliche, einfache, unkomplizierte und kosteng\u00fcnstige Methode, die direkt von zu Hause aus praktiziert werden kann.<\/p>\n<p>Aber wie funktioniert das?<\/p>\n<p>Diese\u00a0<strong>Vaginalsauna\u00a0<\/strong>greift auf sanfte und wirksame Pflegetechniken zur\u00fcck, bei denen W\u00e4rme und Kr\u00e4uter und\/oder organische Salze eingesetzt werden.<\/p>\n<h2><strong>Welche Vorteile hat die Verwendung eines Intimsitzbades?\u00a0<\/strong><\/h2>\n<p>So wird angenommen, dass der Dampf hilft, Stagnation in der Geb\u00e4rmutter zu beseitigen und die Durchblutung zu verbessern.<\/p>\n<p><strong>Aber noch viel mehr :<\/strong><\/p>\n<ul>\n<li>Es kann auch helfen, den Menstruationszyklus zu verl\u00e4ngern und Zwischenblutungen zu stoppen.<\/li>\n<li>Zu den Vorteilen der Vaginalsauna geh\u00f6rt die F\u00f6rderung der Durchblutung<\/li>\n<li>Tr\u00e4gt zur Straffung des Beckenbodens bei<\/li>\n<li>Hilft bei der Reinigung des Intimbereichs<\/li>\n<li>Linderung der Symptome der Menopause<\/li>\n<li>Die Verringerung des Menstruationsflusses und der braunen Farbe (R\u00fcckst\u00e4nde) am Ende der Menstruation<\/li>\n<li>Wohltuend bei der Verringerung von Schmerzen, Ersch\u00f6pfung und Menstruationskr\u00e4mpfen<\/li>\n<li>Erm\u00f6glicht eine Verbesserung der Fruchtbarkeit<\/li>\n<li>w\u00fcrde die Heilung des Damms nach der Geburt, die Heilung von Wunden sowie den Hormonhaushalt f\u00f6rdern<\/li>\n<li>Beteiligt an der Regeneration der Geb\u00e4rmutter und am Tonus des Beckenbodenbereichs<\/li>\n<li>Hilft bei der Regulierung des Menstruationszyklus<\/li>\n<li>W\u00e4re hilfreich bei der Verringerung von Vaginalbeschwerden und der Vorbeugung von Vaginalinfektionen.<\/li>\n<\/ul>\n<p>Selbstverst\u00e4ndlich ist diese Liste nicht ersch\u00f6pfend.\u00a0<strong>Intimsauna f\u00fcr Frauen\u00a0<\/strong>nicht an die Stelle einer medikament\u00f6sen Behandlung treten.<\/p>\n<h3><strong>K\u00fcmmern Sie sich um Ihre Intimsph\u00e4re mit Safinel\u00a0<\/strong><\/h3>\n<p>Ihr Safinel Shop bietet Ihnen die M\u00f6glichkeit, diskret in unserem Online-Shop einzukaufen. Wir bieten Ihnen eine gro\u00dfe Auswahl an Produkten f\u00fcr die Intimit\u00e4t. Ob es nun darum geht, die Gesundheit zu verbessern oder die Libido zu steigern.<\/p>\n<p>Zum Beispiel finden Sie die<strong>\u00a0<a href=\"https:\/\/www.safinel.fr\/de\/product-2\/vetiverwurzeln\/\">Vetiverwurzeln<\/a><\/strong>, Der Khamar\u00e9, auch bekannt als Khamar\u00e9, ist der Verb\u00fcndete der Frauen.<\/p>\n<p>Aber auch verschiedene Pflanzen wie<strong>\u00a0<a href=\"https:\/\/www.safinel.fr\/de\/product-2\/djeka-blatter\/\">Djeka-Bl\u00e4tter<\/a>\u00a0<\/strong>oder das<strong>\u00a0<a href=\"https:\/\/www.safinel.fr\/de\/product-2\/4-seitige-frucht-3-stuck\/\">Frucht 4 Seiten<\/a>.\u00a0<\/strong><\/p>\n<p>Seien Sie dabei!<\/p>\n<h3><strong>Einige Vorsichtsma\u00dfnahmen\u00a0<\/strong><\/h3>\n<p>Obwohl es sich hierbei um eine nat\u00fcrliche Technik handelt, m\u00f6chten wir Sie dennoch auf einige Gefahren hinweisen, die w\u00e4hrend der Sitzung auftreten k\u00f6nnen. Insbesondere das Risiko von Verbrennungen ist nicht ausgeschlossen.<\/p>\n<p>Au\u00dferdem empfehlen wir Ihnen, vor der Anwendung eines Intimsitzbades Ihren Arzt um Rat zu fragen.<\/p>\n<p>Bei wiederkehrenden gyn\u00e4kologischen Problemen oder Krankheiten ist es ratsam, einen Gesundheitsspezialisten zu konsultieren.<\/p>\n<p>Schlie\u00dflich ist Yoni Steam nicht f\u00fcr schwangere Frauen zugelassen.<\/p>","protected":false},"excerpt":{"rendered":"<p><strong>Eigenschaften :<\/strong><\/p>\n<ul>\n<li>Material: Plastik<\/li>\n<li>Gr\u00f6\u00dfe: 37x39cm \/14.57 Zoll x 15.35 Zoll<\/li>\n<\/ul>\n<p><img decoding=\"async\" class=\"size-full wp-image-5091 aligncenter\" src=\"https:\/\/www.safinel.fr\/wp-content\/uploads\/2021\/06\/BANNIERE-ICONE-SAFINEL.webp\" alt=\"Satines-R\u00fcckversicherung\" width=\"800\" height=\"200\" srcset=\"https:\/\/www.safinel.fr\/wp-content\/uploads\/2021\/06\/BANNIERE-ICONE-SAFINEL.webp 800w, https:\/\/www.safinel.fr\/wp-content\/uploads\/2021\/06\/BANNIERE-ICONE-SAFINEL-600x150.webp 600w, https:\/\/www.safinel.fr\/wp-content\/uploads\/2021\/06\/BANNIERE-ICONE-SAFINEL-768x192.webp 768w\" sizes=\"(max-width: 800px) 100vw, 800px\" \/><\/p>","protected":false},"featured_media":5720,"template":"","meta":[],"product_brand":[],"product_cat":[34,23],"product_tag":[],"class_list":{"0":"post-5719","1":"product","2":"type-product","3":"status-publish","4":"has-post-thumbnail","6":"product_cat-hygiene","7":"product_cat-hygiene-feminine","9":"first","10":"outofstock","11":"shipping-taxable","12":"purchasable","13":"product-type-simple"},"yoast_head":"<!-- This site is optimized with the Yoast SEO plugin v26.6 - https:\/\/yoast.com\/wordpress\/plugins\/seo\/ -->\n<title>Yoni Steam I Le bain de vapeur vaginal par excellence<\/title>\n<meta name=\"description\" content=\"Le\u00a0Yoni Steam\u00a0est un\u00a0bain de vapeur vaginal\u00a0utilis\u00e9 depuis des d\u00e9cennies, et ce, dans plusieurs cultures. Adoptez-le sans plus attendre !\" \/>\n<meta name=\"robots\" content=\"index, follow, max-snippet:-1, max-image-preview:large, max-video-preview:-1\" \/>\n<link rel=\"canonical\" href=\"https:\/\/www.safinel.fr\/de\/product-2\/yoni-steam\/\" \/>\n<meta property=\"og:locale\" content=\"de_DE\" \/>\n<meta property=\"og:type\" content=\"article\" \/>\n<meta property=\"og:title\" content=\"Yoni Steam I Le bain de vapeur vaginal par excellence\" \/>\n<meta property=\"og:description\" content=\"Le\u00a0Yoni Steam\u00a0est un\u00a0bain de vapeur vaginal\u00a0utilis\u00e9 depuis des d\u00e9cennies, et ce, dans plusieurs cultures. Adoptez-le sans plus attendre !\" \/>\n<meta property=\"og:url\" content=\"https:\/\/www.safinel.fr\/de\/product-2\/yoni-steam\/\" \/>\n<meta property=\"og:site_name\" content=\"Safinel\" \/>\n<meta property=\"article:modified_time\" content=\"2023-12-28T17:15:58+00:00\" \/>\n<meta property=\"og:image\" content=\"https:\/\/www.safinel.fr\/wp-content\/uploads\/2023\/04\/bain-siege-site.jpg\" \/>\n\t<meta property=\"og:image:width\" content=\"600\" \/>\n\t<meta property=\"og:image:height\" content=\"600\" \/>\n\t<meta property=\"og:image:type\" content=\"image\/jpeg\" \/>\n<meta name=\"twitter:card\" content=\"summary_large_image\" \/>\n<meta name=\"twitter:label1\" content=\"Gesch\u00e4tzte Lesezeit\" \/>\n\t<meta name=\"twitter:data1\" content=\"3\u00a0Minuten\" \/>\n<script type=\"application\/ld+json\" class=\"yoast-schema-graph\">{\"@context\":\"https:\/\/schema.org\",\"@graph\":[{\"@type\":\"WebPage\",\"@id\":\"https:\/\/www.safinel.fr\/produit\/yoni-steam\/\",\"url\":\"https:\/\/www.safinel.fr\/produit\/yoni-steam\/\",\"name\":\"Yoni Steam I Le bain de vapeur vaginal par excellence\",\"isPartOf\":{\"@id\":\"https:\/\/www.safinel.fr\/#website\"},\"primaryImageOfPage\":{\"@id\":\"https:\/\/www.safinel.fr\/produit\/yoni-steam\/#primaryimage\"},\"image\":{\"@id\":\"https:\/\/www.safinel.fr\/produit\/yoni-steam\/#primaryimage\"},\"thumbnailUrl\":\"https:\/\/www.safinel.fr\/wp-content\/uploads\/2023\/04\/bain-siege-site.jpg\",\"datePublished\":\"2023-04-27T18:17:59+00:00\",\"dateModified\":\"2023-12-28T17:15:58+00:00\",\"description\":\"Le\u00a0Yoni Steam\u00a0est un\u00a0bain de vapeur vaginal\u00a0utilis\u00e9 depuis des d\u00e9cennies, et ce, dans plusieurs cultures. Adoptez-le sans plus attendre !\",\"breadcrumb\":{\"@id\":\"https:\/\/www.safinel.fr\/produit\/yoni-steam\/#breadcrumb\"},\"inLanguage\":\"de\",\"potentialAction\":[{\"@type\":\"ReadAction\",\"target\":[\"https:\/\/www.safinel.fr\/produit\/yoni-steam\/\"]}]},{\"@type\":\"ImageObject\",\"inLanguage\":\"de\",\"@id\":\"https:\/\/www.safinel.fr\/produit\/yoni-steam\/#primaryimage\",\"url\":\"https:\/\/www.safinel.fr\/wp-content\/uploads\/2023\/04\/bain-siege-site.jpg\",\"contentUrl\":\"https:\/\/www.safinel.fr\/wp-content\/uploads\/2023\/04\/bain-siege-site.jpg\",\"width\":600,\"height\":600,\"caption\":\"Yoni Steam (Bain de vapeur vaginal)\"},{\"@type\":\"BreadcrumbList\",\"@id\":\"https:\/\/www.safinel.fr\/produit\/yoni-steam\/#breadcrumb\",\"itemListElement\":[{\"@type\":\"ListItem\",\"position\":1,\"name\":\"Accueil\",\"item\":\"https:\/\/www.safinel.fr\/\"},{\"@type\":\"ListItem\",\"position\":2,\"name\":\"Boutique\",\"item\":\"https:\/\/www.safinel.fr\/boutique\/\"},{\"@type\":\"ListItem\",\"position\":3,\"name\":\"Yoni Steam (Bain de vapeur vaginal)\"}]},{\"@type\":\"WebSite\",\"@id\":\"https:\/\/www.safinel.fr\/#website\",\"url\":\"https:\/\/www.safinel.fr\/\",\"name\":\"Safinel\",\"description\":\"\",\"publisher\":{\"@id\":\"https:\/\/www.safinel.fr\/#organization\"},\"potentialAction\":[{\"@type\":\"SearchAction\",\"target\":{\"@type\":\"EntryPoint\",\"urlTemplate\":\"https:\/\/www.safinel.fr\/?s={search_term_string}\"},\"query-input\":{\"@type\":\"PropertyValueSpecification\",\"valueRequired\":true,\"valueName\":\"search_term_string\"}}],\"inLanguage\":\"de\"},{\"@type\":\"Organization\",\"@id\":\"https:\/\/www.safinel.fr\/#organization\",\"name\":\"Safinel\",\"url\":\"https:\/\/www.safinel.fr\/\",\"logo\":{\"@type\":\"ImageObject\",\"inLanguage\":\"de\",\"@id\":\"https:\/\/www.safinel.fr\/#\/schema\/logo\/image\/\",\"url\":\"https:\/\/www.safinel.fr\/wp-content\/uploads\/2021\/05\/boutique-cosmetique.png\",\"contentUrl\":\"https:\/\/www.safinel.fr\/wp-content\/uploads\/2021\/05\/boutique-cosmetique.png\",\"width\":800,\"height\":200,\"caption\":\"Safinel\"},\"image\":{\"@id\":\"https:\/\/www.safinel.fr\/#\/schema\/logo\/image\/\"}}]}<\/script>\n<!-- \/ Yoast SEO plugin. -->","yoast_head_json":{"title":"Yoni Steam I Das ultimative Vaginal-Dampfbad","description":"Yoni Steam ist ein vaginales Dampfbad, das seit Jahrzehnten in verschiedenen Kulturen verwendet wird. Machen Sie es sich sofort zu eigen!","robots":{"index":"index","follow":"follow","max-snippet":"max-snippet:-1","max-image-preview":"max-image-preview:large","max-video-preview":"max-video-preview:-1"},"canonical":"https:\/\/www.safinel.fr\/de\/product-2\/yoni-steam\/","og_locale":"de_DE","og_type":"article","og_title":"Yoni Steam I Le bain de vapeur vaginal par excellence","og_description":"Le\u00a0Yoni Steam\u00a0est un\u00a0bain de vapeur vaginal\u00a0utilis\u00e9 depuis des d\u00e9cennies, et ce, dans plusieurs cultures. Adoptez-le sans plus attendre !","og_url":"https:\/\/www.safinel.fr\/de\/product-2\/yoni-steam\/","og_site_name":"Safinel","article_modified_time":"2023-12-28T17:15:58+00:00","og_image":[{"width":600,"height":600,"url":"https:\/\/www.safinel.fr\/wp-content\/uploads\/2023\/04\/bain-siege-site.jpg","type":"image\/jpeg"}],"twitter_card":"summary_large_image","twitter_misc":{"Gesch\u00e4tzte Lesezeit":"3\u00a0Minuten"},"schema":{"@context":"https:\/\/schema.org","@graph":[{"@type":"WebPage","@id":"https:\/\/www.safinel.fr\/produit\/yoni-steam\/","url":"https:\/\/www.safinel.fr\/produit\/yoni-steam\/","name":"Yoni Steam I Das ultimative Vaginal-Dampfbad","isPartOf":{"@id":"https:\/\/www.safinel.fr\/#website"},"primaryImageOfPage":{"@id":"https:\/\/www.safinel.fr\/produit\/yoni-steam\/#primaryimage"},"image":{"@id":"https:\/\/www.safinel.fr\/produit\/yoni-steam\/#primaryimage"},"thumbnailUrl":"https:\/\/www.safinel.fr\/wp-content\/uploads\/2023\/04\/bain-siege-site.jpg","datePublished":"2023-04-27T18:17:59+00:00","dateModified":"2023-12-28T17:15:58+00:00","description":"Yoni Steam ist ein vaginales Dampfbad, das seit Jahrzehnten in verschiedenen Kulturen verwendet wird. Machen Sie es sich sofort zu eigen!","breadcrumb":{"@id":"https:\/\/www.safinel.fr\/produit\/yoni-steam\/#breadcrumb"},"inLanguage":"de","potentialAction":[{"@type":"ReadAction","target":["https:\/\/www.safinel.fr\/produit\/yoni-steam\/"]}]},{"@type":"ImageObject","inLanguage":"de","@id":"https:\/\/www.safinel.fr\/produit\/yoni-steam\/#primaryimage","url":"https:\/\/www.safinel.fr\/wp-content\/uploads\/2023\/04\/bain-siege-site.jpg","contentUrl":"https:\/\/www.safinel.fr\/wp-content\/uploads\/2023\/04\/bain-siege-site.jpg","width":600,"height":600,"caption":"Yoni Steam (Bain de vapeur vaginal)"},{"@type":"BreadcrumbList","@id":"https:\/\/www.safinel.fr\/produit\/yoni-steam\/#breadcrumb","itemListElement":[{"@type":"ListItem","position":1,"name":"Accueil","item":"https:\/\/www.safinel.fr\/"},{"@type":"ListItem","position":2,"name":"Boutique","item":"https:\/\/www.safinel.fr\/boutique\/"},{"@type":"ListItem","position":3,"name":"Yoni Steam (Bain de vapeur vaginal)"}]},{"@type":"WebSite","@id":"https:\/\/www.safinel.fr\/#website","url":"https:\/\/www.safinel.fr\/","name":"Safinel","description":"","publisher":{"@id":"https:\/\/www.safinel.fr\/#organization"},"potentialAction":[{"@type":"SearchAction","target":{"@type":"EntryPoint","urlTemplate":"https:\/\/www.safinel.fr\/?s={search_term_string}"},"query-input":{"@type":"PropertyValueSpecification","valueRequired":true,"valueName":"search_term_string"}}],"inLanguage":"de"},{"@type":"Organization","@id":"https:\/\/www.safinel.fr\/#organization","name":"Safinel","url":"https:\/\/www.safinel.fr\/","logo":{"@type":"ImageObject","inLanguage":"de","@id":"https:\/\/www.safinel.fr\/#\/schema\/logo\/image\/","url":"https:\/\/www.safinel.fr\/wp-content\/uploads\/2021\/05\/boutique-cosmetique.png","contentUrl":"https:\/\/www.safinel.fr\/wp-content\/uploads\/2021\/05\/boutique-cosmetique.png","width":800,"height":200,"caption":"Safinel"},"image":{"@id":"https:\/\/www.safinel.fr\/#\/schema\/logo\/image\/"}}]}},"_links":{"self":[{"href":"https:\/\/www.safinel.fr\/de\/wp-json\/wp\/v2\/product\/5719","targetHints":{"allow":["GET"]}}],"collection":[{"href":"https:\/\/www.safinel.fr\/de\/wp-json\/wp\/v2\/product"}],"about":[{"href":"https:\/\/www.safinel.fr\/de\/wp-json\/wp\/v2\/types\/product"}],"wp:featuredmedia":[{"embeddable":true,"href":"https:\/\/www.safinel.fr\/de\/wp-json\/wp\/v2\/media\/5720"}],"wp:attachment":[{"href":"https:\/\/www.safinel.fr\/de\/wp-json\/wp\/v2\/media?parent=5719"}],"wp:term":[{"taxonomy":"product_brand","embeddable":true,"href":"https:\/\/www.safinel.fr\/de\/wp-json\/wp\/v2\/product_brand?post=5719"},{"taxonomy":"product_cat","embeddable":true,"href":"https:\/\/www.safinel.fr\/de\/wp-json\/wp\/v2\/product_cat?post=5719"},{"taxonomy":"product_tag","embeddable":true,"href":"https:\/\/www.safinel.fr\/de\/wp-json\/wp\/v2\/product_tag?post=5719"}],"curies":[{"name":"wp","href":"https:\/\/api.w.org\/{rel}","templated":true}]}}