{"id":5655,"date":"2023-04-23T19:54:52","date_gmt":"2023-04-23T19:54:52","guid":{"rendered":"https:\/\/www.safinel.fr\/?post_type=product&#038;p=5655"},"modified":"2023-12-30T11:57:07","modified_gmt":"2023-12-30T11:57:07","slug":"honeybush","status":"publish","type":"product","link":"https:\/\/www.safinel.fr\/de\/product-2\/honeybush\/","title":{"rendered":"Kr\u00e4utertee mit Honiggeschmack (Honeybush)"},"content":{"rendered":"<p>Kennen Sie den\u00a0<strong>Honeybush\u00a0<\/strong>? Es handelt sich um einen nat\u00fcrlichen Kr\u00e4utertee, der durch die gro\u00dfe T\u00fcr in die Teezeit eingetreten ist.<\/p>\n<p>Sie k\u00f6nnen sie ab sofort im Shop entdecken.\u00a0<strong>Safinel<\/strong>.<\/p>\n<h2><strong>Honeybush: Ein Kr\u00e4utertee, der von weit her kommt<\/strong><\/h2>\n<p>Auf den ersten Blick mag sein Name etwas kompliziert auszusprechen sein. Aber keine Sorge, sein Geschmack ist leichter zu verdauen.<\/p>\n<p>Genauer gesagt, der\u00a0<strong>Honeybush\u00a0<\/strong>ist ein Kr\u00e4utertee, der aus den Bl\u00e4ttern eines kleinen Strauches zubereitet wird. Dieser w\u00e4chst wild in S\u00fcdafrika. Vor allem auf den Bergen n\u00f6rdlich von Kapstadt.<\/p>\n<p>Im Herbst erscheinen h\u00fcbsche gelbe Bl\u00fcten. Diese haben die Eigenschaft, reichlich zu bl\u00fchen und einen angenehmen Honigduft zu verstr\u00f6men. Folglich hat ihr dies den Spitznamen \u00ab?\u00ab<strong>\u00a0Honigbusch<\/strong>\u00a0\u00bb.<\/p>\n<p>Dieser Strauch geh\u00f6rt jedoch zur Familie der\u00a0<strong>Fabaceae<\/strong>\u00a0ebenso wie der rote Roobio.<\/p>\n<p>Um diesen konsumieren zu k\u00f6nnen\u00a0<strong>Kr\u00e4utertee mit Honiggeschmack<\/strong>, Die Bl\u00e4tter des Strauches m\u00fcssen zun\u00e4chst geerntet und dann getrocknet werden.\u00a0<strong>Cyclopia<\/strong>.<\/p>\n<p>Anschlie\u00dfend m\u00fcssen Sie die Bl\u00e4tter mehr oder weniger grob zerkleinern. Beachten Sie, dass dies in etwa derselbe Prozess ist wie bei der Zubereitung der Bl\u00e4tter von\u00a0<strong>Mate<\/strong>.<\/p>\n<h2><strong>Ein Kr\u00e4utertee mit Honiggeschmack und vielen Vorteilen<\/strong><\/h2>\n<p>In der Tat ist der\u00a0<strong>Honeybush<\/strong>\u00a0ist ein hei\u00dfes Getr\u00e4nk, das Ihnen nur gut tun kann. Au\u00dferdem ist es im Gegensatz zum\u00a0<strong>Kaffee\u00a0<\/strong>oder im\u00a0<strong>Mate<\/strong>, Es enth\u00e4lt weder Koffein noch Teein. Dennoch bietet er viele Vorteile.<\/p>\n<p>Darunter finden sich Effekte :<\/p>\n<ul>\n<li><strong>Antimykotikum<\/strong><\/li>\n<li><strong>Krampfl\u00f6send<\/strong><\/li>\n<li><strong>St\u00e4rkung des Immunsystems<\/strong><\/li>\n<li><strong>Reich an Antioxidantien ...<\/strong><\/li>\n<\/ul>\n<p>Die Pflanze wird seit jeher zur Bek\u00e4mpfung von Atemwegserkrankungen eingesetzt. Man sagt ihm nach, dass er Husten und Erk\u00e4ltungen lindern kann. Aber auch bei Koliken und Stress kann er hilfreich sein.<\/p>\n<p>Schlie\u00dflich ist dank seines Gehalts an\u00a0<strong>Pinitol<\/strong>, Er ist ideal, um das Abhusten zu f\u00f6rdern und zu erleichtern. Daher ist der Genuss von Tee<strong>\u00a0Honeybush<\/strong>\u00a0wenn Sie eine Lungenstauung haben, kann f\u00fcr Sie eine gro\u00dfe Erleichterung sein.<\/p>\n<h3><strong>Wie wird der Honigbusch-Tee konsumiert?<\/strong><\/h3>\n<p>Sie sollten wissen, dass die Zubereitung von Kr\u00e4utertee nicht kompliziert ist.<strong>\u00a0Honeybush<\/strong>. Er hat n\u00e4mlich die Besonderheit, dass er keine Bitterkeit entwickelt. Das ist bei herk\u00f6mmlichem Tee nicht der Fall. Es besteht also nicht die Gefahr, dass man den Tee zu lange ziehen l\u00e4sst und vom Geschmack angewidert ist. Das macht ihn zu einem leicht zu trinkenden Getr\u00e4nk.<\/p>\n<p>Zur Vorbereitung Ihres\u00a0<strong>Kr\u00e4utertee mit Honiggeschmack<\/strong>, Wir empfehlen Ihnen, 100 ml Wasser auf 90 Grad zu erhitzen, um 1 Teel\u00f6ffel Tee zuzubereiten.<\/p>\n<p>Au\u00dferdem k\u00f6nnen Sie Ihren Kr\u00e4utertee problemlos kombinieren\u00a0<strong>Honeybush\u00a0<\/strong>mit anderen Gew\u00fcrzen oder Kr\u00e4utern, um den Geschmack zu erg\u00e4nzen oder die Wirkung zu verst\u00e4rken.<\/p>\n<p>Ingwer oder Zimt sind zum Beispiel gute Erg\u00e4nzungen.<\/p>\n<p>Abschlie\u00dfend sei gesagt, dass ebenso wie die\u00a0<a href=\"https:\/\/www.safinel.fr\/de\/product-2\/susholztee\/\"><strong>Lakritztee<\/strong><\/a>\u00a0die Sie im Online-Shop finden k\u00f6nnen\u00a0<strong>Safinel<\/strong>. Der Kr\u00e4utertee\u00a0<strong>Honeybush<\/strong>\u00a0ist f\u00fcr Sie geeignet, wenn Sie sich einen Moment des Genusses und des Wohlbefindens w\u00fcnschen, indem Sie die Geschmacksrichtungen variieren.<\/p>","protected":false},"excerpt":{"rendered":"<p><strong>Verpackung : <\/strong>Wird lose in Kraftpapierbeuteln verkauft.<\/p>\n<p><img decoding=\"async\" class=\"size-full wp-image-5091 aligncenter\" src=\"https:\/\/www.safinel.fr\/wp-content\/uploads\/2021\/06\/BANNIERE-ICONE-SAFINEL.webp\" alt=\"Satines-R\u00fcckversicherung\" width=\"800\" height=\"200\" srcset=\"https:\/\/www.safinel.fr\/wp-content\/uploads\/2021\/06\/BANNIERE-ICONE-SAFINEL.webp 800w, https:\/\/www.safinel.fr\/wp-content\/uploads\/2021\/06\/BANNIERE-ICONE-SAFINEL-600x150.webp 600w, https:\/\/www.safinel.fr\/wp-content\/uploads\/2021\/06\/BANNIERE-ICONE-SAFINEL-768x192.webp 768w\" sizes=\"(max-width: 800px) 100vw, 800px\" \/><\/p>","protected":false},"featured_media":5659,"template":"","meta":[],"product_brand":[],"product_cat":[24,19],"product_tag":[],"class_list":{"0":"post-5655","1":"product","2":"type-product","3":"status-publish","4":"has-post-thumbnail","6":"product_cat-apiculture","7":"product_cat-thes-tisanes","9":"first","10":"instock","11":"shipping-taxable","12":"purchasable","13":"product-type-variable"},"yoast_head":"<!-- This site is optimized with the Yoast SEO plugin v26.6 - https:\/\/yoast.com\/wordpress\/plugins\/seo\/ -->\n<title>Honeybush (Cyclopia) I La tisane au go\u00fbt de miel par excellence<\/title>\n<meta name=\"description\" content=\"Connaissez-vous le\u00a0Honeybush\u00a0? Il s\u2019agit d\u2019une tisane naturelle ayant fait son entr\u00e9e par la grande porte pour l\u2019heure du tee time.\" \/>\n<meta name=\"robots\" content=\"index, follow, max-snippet:-1, max-image-preview:large, max-video-preview:-1\" \/>\n<link rel=\"canonical\" href=\"https:\/\/www.safinel.fr\/de\/product-2\/honeybush\/\" \/>\n<meta property=\"og:locale\" content=\"de_DE\" \/>\n<meta property=\"og:type\" content=\"article\" \/>\n<meta property=\"og:title\" content=\"Honeybush (Cyclopia) I La tisane au go\u00fbt de miel par excellence\" \/>\n<meta property=\"og:description\" content=\"Connaissez-vous le\u00a0Honeybush\u00a0? Il s\u2019agit d\u2019une tisane naturelle ayant fait son entr\u00e9e par la grande porte pour l\u2019heure du tee time.\" \/>\n<meta property=\"og:url\" content=\"https:\/\/www.safinel.fr\/de\/product-2\/honeybush\/\" \/>\n<meta property=\"og:site_name\" content=\"Safinel\" \/>\n<meta property=\"article:modified_time\" content=\"2023-12-30T11:57:07+00:00\" \/>\n<meta property=\"og:image\" content=\"https:\/\/www.safinel.fr\/wp-content\/uploads\/2023\/04\/Tisane-au-gout-de-miel-Honeybush.jpg\" \/>\n\t<meta property=\"og:image:width\" content=\"600\" \/>\n\t<meta property=\"og:image:height\" content=\"600\" \/>\n\t<meta property=\"og:image:type\" content=\"image\/jpeg\" \/>\n<meta name=\"twitter:card\" content=\"summary_large_image\" \/>\n<meta name=\"twitter:label1\" content=\"Gesch\u00e4tzte Lesezeit\" \/>\n\t<meta name=\"twitter:data1\" content=\"3\u00a0Minuten\" \/>\n<script type=\"application\/ld+json\" class=\"yoast-schema-graph\">{\"@context\":\"https:\/\/schema.org\",\"@graph\":[{\"@type\":\"WebPage\",\"@id\":\"https:\/\/www.safinel.fr\/produit\/honeybush\/\",\"url\":\"https:\/\/www.safinel.fr\/produit\/honeybush\/\",\"name\":\"Honeybush (Cyclopia) I La tisane au go\u00fbt de miel par excellence\",\"isPartOf\":{\"@id\":\"https:\/\/www.safinel.fr\/#website\"},\"primaryImageOfPage\":{\"@id\":\"https:\/\/www.safinel.fr\/produit\/honeybush\/#primaryimage\"},\"image\":{\"@id\":\"https:\/\/www.safinel.fr\/produit\/honeybush\/#primaryimage\"},\"thumbnailUrl\":\"https:\/\/www.safinel.fr\/wp-content\/uploads\/2023\/04\/Tisane-au-gout-de-miel-Honeybush.jpg\",\"datePublished\":\"2023-04-23T19:54:52+00:00\",\"dateModified\":\"2023-12-30T11:57:07+00:00\",\"description\":\"Connaissez-vous le\u00a0Honeybush\u00a0? Il s\u2019agit d\u2019une tisane naturelle ayant fait son entr\u00e9e par la grande porte pour l\u2019heure du tee time.\",\"breadcrumb\":{\"@id\":\"https:\/\/www.safinel.fr\/produit\/honeybush\/#breadcrumb\"},\"inLanguage\":\"de\",\"potentialAction\":[{\"@type\":\"ReadAction\",\"target\":[\"https:\/\/www.safinel.fr\/produit\/honeybush\/\"]}]},{\"@type\":\"ImageObject\",\"inLanguage\":\"de\",\"@id\":\"https:\/\/www.safinel.fr\/produit\/honeybush\/#primaryimage\",\"url\":\"https:\/\/www.safinel.fr\/wp-content\/uploads\/2023\/04\/Tisane-au-gout-de-miel-Honeybush.jpg\",\"contentUrl\":\"https:\/\/www.safinel.fr\/wp-content\/uploads\/2023\/04\/Tisane-au-gout-de-miel-Honeybush.jpg\",\"width\":600,\"height\":600},{\"@type\":\"BreadcrumbList\",\"@id\":\"https:\/\/www.safinel.fr\/produit\/honeybush\/#breadcrumb\",\"itemListElement\":[{\"@type\":\"ListItem\",\"position\":1,\"name\":\"Accueil\",\"item\":\"https:\/\/www.safinel.fr\/\"},{\"@type\":\"ListItem\",\"position\":2,\"name\":\"Boutique\",\"item\":\"https:\/\/www.safinel.fr\/boutique\/\"},{\"@type\":\"ListItem\",\"position\":3,\"name\":\"Tisane au go\u00fbt de miel (Honeybush)\"}]},{\"@type\":\"WebSite\",\"@id\":\"https:\/\/www.safinel.fr\/#website\",\"url\":\"https:\/\/www.safinel.fr\/\",\"name\":\"Safinel\",\"description\":\"\",\"publisher\":{\"@id\":\"https:\/\/www.safinel.fr\/#organization\"},\"potentialAction\":[{\"@type\":\"SearchAction\",\"target\":{\"@type\":\"EntryPoint\",\"urlTemplate\":\"https:\/\/www.safinel.fr\/?s={search_term_string}\"},\"query-input\":{\"@type\":\"PropertyValueSpecification\",\"valueRequired\":true,\"valueName\":\"search_term_string\"}}],\"inLanguage\":\"de\"},{\"@type\":\"Organization\",\"@id\":\"https:\/\/www.safinel.fr\/#organization\",\"name\":\"Safinel\",\"url\":\"https:\/\/www.safinel.fr\/\",\"logo\":{\"@type\":\"ImageObject\",\"inLanguage\":\"de\",\"@id\":\"https:\/\/www.safinel.fr\/#\/schema\/logo\/image\/\",\"url\":\"https:\/\/www.safinel.fr\/wp-content\/uploads\/2021\/05\/boutique-cosmetique.png\",\"contentUrl\":\"https:\/\/www.safinel.fr\/wp-content\/uploads\/2021\/05\/boutique-cosmetique.png\",\"width\":800,\"height\":200,\"caption\":\"Safinel\"},\"image\":{\"@id\":\"https:\/\/www.safinel.fr\/#\/schema\/logo\/image\/\"}}]}<\/script>\n<!-- \/ Yoast SEO plugin. -->","yoast_head_json":{"title":"Honeybush (Cyclopia) I Der Kr\u00e4utertee mit dem ultimativen Honiggeschmack","description":"Kennen Sie den Honeybush? Es handelt sich um einen nat\u00fcrlichen Kr\u00e4utertee, der durch die gro\u00dfe T\u00fcr in die Teezeit gekommen ist.","robots":{"index":"index","follow":"follow","max-snippet":"max-snippet:-1","max-image-preview":"max-image-preview:large","max-video-preview":"max-video-preview:-1"},"canonical":"https:\/\/www.safinel.fr\/de\/product-2\/honeybush\/","og_locale":"de_DE","og_type":"article","og_title":"Honeybush (Cyclopia) I La tisane au go\u00fbt de miel par excellence","og_description":"Connaissez-vous le\u00a0Honeybush\u00a0? Il s\u2019agit d\u2019une tisane naturelle ayant fait son entr\u00e9e par la grande porte pour l\u2019heure du tee time.","og_url":"https:\/\/www.safinel.fr\/de\/product-2\/honeybush\/","og_site_name":"Safinel","article_modified_time":"2023-12-30T11:57:07+00:00","og_image":[{"width":600,"height":600,"url":"https:\/\/www.safinel.fr\/wp-content\/uploads\/2023\/04\/Tisane-au-gout-de-miel-Honeybush.jpg","type":"image\/jpeg"}],"twitter_card":"summary_large_image","twitter_misc":{"Gesch\u00e4tzte Lesezeit":"3\u00a0Minuten"},"schema":{"@context":"https:\/\/schema.org","@graph":[{"@type":"WebPage","@id":"https:\/\/www.safinel.fr\/produit\/honeybush\/","url":"https:\/\/www.safinel.fr\/produit\/honeybush\/","name":"Honeybush (Cyclopia) I Der Kr\u00e4utertee mit dem ultimativen Honiggeschmack","isPartOf":{"@id":"https:\/\/www.safinel.fr\/#website"},"primaryImageOfPage":{"@id":"https:\/\/www.safinel.fr\/produit\/honeybush\/#primaryimage"},"image":{"@id":"https:\/\/www.safinel.fr\/produit\/honeybush\/#primaryimage"},"thumbnailUrl":"https:\/\/www.safinel.fr\/wp-content\/uploads\/2023\/04\/Tisane-au-gout-de-miel-Honeybush.jpg","datePublished":"2023-04-23T19:54:52+00:00","dateModified":"2023-12-30T11:57:07+00:00","description":"Kennen Sie den Honeybush? Es handelt sich um einen nat\u00fcrlichen Kr\u00e4utertee, der durch die gro\u00dfe T\u00fcr in die Teezeit gekommen ist.","breadcrumb":{"@id":"https:\/\/www.safinel.fr\/produit\/honeybush\/#breadcrumb"},"inLanguage":"de","potentialAction":[{"@type":"ReadAction","target":["https:\/\/www.safinel.fr\/produit\/honeybush\/"]}]},{"@type":"ImageObject","inLanguage":"de","@id":"https:\/\/www.safinel.fr\/produit\/honeybush\/#primaryimage","url":"https:\/\/www.safinel.fr\/wp-content\/uploads\/2023\/04\/Tisane-au-gout-de-miel-Honeybush.jpg","contentUrl":"https:\/\/www.safinel.fr\/wp-content\/uploads\/2023\/04\/Tisane-au-gout-de-miel-Honeybush.jpg","width":600,"height":600},{"@type":"BreadcrumbList","@id":"https:\/\/www.safinel.fr\/produit\/honeybush\/#breadcrumb","itemListElement":[{"@type":"ListItem","position":1,"name":"Accueil","item":"https:\/\/www.safinel.fr\/"},{"@type":"ListItem","position":2,"name":"Boutique","item":"https:\/\/www.safinel.fr\/boutique\/"},{"@type":"ListItem","position":3,"name":"Tisane au go\u00fbt de miel (Honeybush)"}]},{"@type":"WebSite","@id":"https:\/\/www.safinel.fr\/#website","url":"https:\/\/www.safinel.fr\/","name":"Safinel","description":"","publisher":{"@id":"https:\/\/www.safinel.fr\/#organization"},"potentialAction":[{"@type":"SearchAction","target":{"@type":"EntryPoint","urlTemplate":"https:\/\/www.safinel.fr\/?s={search_term_string}"},"query-input":{"@type":"PropertyValueSpecification","valueRequired":true,"valueName":"search_term_string"}}],"inLanguage":"de"},{"@type":"Organization","@id":"https:\/\/www.safinel.fr\/#organization","name":"Safinel","url":"https:\/\/www.safinel.fr\/","logo":{"@type":"ImageObject","inLanguage":"de","@id":"https:\/\/www.safinel.fr\/#\/schema\/logo\/image\/","url":"https:\/\/www.safinel.fr\/wp-content\/uploads\/2021\/05\/boutique-cosmetique.png","contentUrl":"https:\/\/www.safinel.fr\/wp-content\/uploads\/2021\/05\/boutique-cosmetique.png","width":800,"height":200,"caption":"Safinel"},"image":{"@id":"https:\/\/www.safinel.fr\/#\/schema\/logo\/image\/"}}]}},"_links":{"self":[{"href":"https:\/\/www.safinel.fr\/de\/wp-json\/wp\/v2\/product\/5655","targetHints":{"allow":["GET"]}}],"collection":[{"href":"https:\/\/www.safinel.fr\/de\/wp-json\/wp\/v2\/product"}],"about":[{"href":"https:\/\/www.safinel.fr\/de\/wp-json\/wp\/v2\/types\/product"}],"wp:featuredmedia":[{"embeddable":true,"href":"https:\/\/www.safinel.fr\/de\/wp-json\/wp\/v2\/media\/5659"}],"wp:attachment":[{"href":"https:\/\/www.safinel.fr\/de\/wp-json\/wp\/v2\/media?parent=5655"}],"wp:term":[{"taxonomy":"product_brand","embeddable":true,"href":"https:\/\/www.safinel.fr\/de\/wp-json\/wp\/v2\/product_brand?post=5655"},{"taxonomy":"product_cat","embeddable":true,"href":"https:\/\/www.safinel.fr\/de\/wp-json\/wp\/v2\/product_cat?post=5655"},{"taxonomy":"product_tag","embeddable":true,"href":"https:\/\/www.safinel.fr\/de\/wp-json\/wp\/v2\/product_tag?post=5655"}],"curies":[{"name":"wp","href":"https:\/\/api.w.org\/{rel}","templated":true}]}}