{"id":5596,"date":"2023-04-20T10:57:41","date_gmt":"2023-04-20T10:57:41","guid":{"rendered":"https:\/\/www.safinel.fr\/?post_type=product&#038;p=5596"},"modified":"2025-10-15T09:58:03","modified_gmt":"2025-10-15T09:58:03","slug":"galette-de-the-pu-erh","status":"publish","type":"product","link":"https:\/\/www.safinel.fr\/de\/product-2\/galette-de-the-pu-erh\/","title":{"rendered":"Ein Pu Erh Teefladen von 100g"},"content":{"rendered":"<p>Pu Erh Tee ist eine schwarze Teesorte, die aus der Provinz Yunnan in China stammt. Seine au\u00dfergew\u00f6hnlichen Eigenschaften und sein einzigartiger Geschmack machen ihn zu einem wahren Schatz f\u00fcr Teeliebhaber. <strong>Pu-Erh-Teefladen sind besondere und beliebte Formen dieser Teesorte.<\/strong>. Sie bieten eine praktische und kosteng\u00fcnstige M\u00f6glichkeit, diesen wertvollen Tee aufzubewahren, zuzubereiten und zu genie\u00dfen.<\/p>\n<p>In diesem Artikel erkl\u00e4ren wir Ihnen, wie Sie einen Mini-Teekuchen verwenden k\u00f6nnen <strong><a href=\"https:\/\/www.safinel.fr\/de\/product-category-2\/asiatische-pflanzen\/\">Chinesisch<\/a><\/strong>, Sie sollten auch die Vorteile und Besonderheiten dieser besonderen Form kennen.<\/p>\n<h2><strong>Die verschiedenen Formen des Pu Erh Teefladens<\/strong><\/h2>\n<p>Es gibt zwei Haupttypen von Pu Erh Teefladen:<\/p>\n<ul>\n<li><strong>Der gepresste Fladen<\/strong>\u00a0: Dies ist die h\u00e4ufigste und traditionellste Form. Sie besteht aus getrockneten Teebl\u00e4ttern, die gepresst werden, bis sie eine kompakte Scheibe bilden. Die Gr\u00f6\u00dfe dieser Fladen variiert in der Regel zwischen 100 und 400 Gramm.<\/li>\n<li><strong>Der Mini-Pu Erh Gr\u00fcntee-Kuchen<\/strong>\u00a0Kleinere und modernere Fladenbrote sind eine praktische Alternative zu herk\u00f6mmlichen Fladenbroten. Sie wiegt in der Regel um die 5 Gramm und wird in Form von einzelnen kleinen, separat verpackten Fladen angeboten. Sie ist ideal f\u00fcr diejenigen, die chinesischen Tee kennenlernen m\u00f6chten oder ein Format suchen, das sich leichter mitnehmen und zubereiten l\u00e4sst.<\/li>\n<\/ul>\n<h2><strong>Die Vorteile des Mini-Pu Erh Gr\u00fcntee-Kuchens<\/strong><\/h2>\n<p>Der Mini-Pu Erh Gr\u00fcntee-Kuchen bietet gegen\u00fcber dem traditionellen Kuchen viele Vorteile:<\/p>\n<ul>\n<li>Praktisch: Seine geringe Gr\u00f6\u00dfe und die Einzelverpackung machen ihn zu einem idealen Format f\u00fcr unterwegs. So k\u00f6nnen Sie Ihren Pu Erh Tee \u00fcberall genie\u00dfen, ohne einen gro\u00dfen Fladen oder ein abgebrochenes St\u00fcck mit sich herumtragen zu m\u00fcssen.<\/li>\n<li>Einfache Zubereitung: Packen Sie einfach einen Mini-Kuchen aus und legen Sie ihn direkt in Ihr Teegef\u00e4\u00df, ohne dass Sie Tee abwiegen oder St\u00fccke abbrechen m\u00fcssen.<\/li>\n<li>Optimierte Haltbarkeit: Da jeder Mini-Kuchen einzeln verpackt ist, ist der restliche Tee nicht der Luft ausgesetzt und beh\u00e4lt so l\u00e4nger alle seine Eigenschaften und seinen Geschmack.<\/li>\n<li>Entdeckung: Die Mini-K\u00fcchlein sind perfekt f\u00fcr diejenigen, die mit Pu Erh Tee beginnen m\u00f6chten, da sie es erm\u00f6glichen, verschiedene Sorten auszuprobieren, ohne in gro\u00dfe Mengen Tee zu investieren.<\/li>\n<\/ul>\n<h3><strong>Wie man einen Mini-Pu Erh Gr\u00fcntee-Kuchen verwendet<\/strong><\/h3>\n<p>Hier sind die wichtigsten Schritte, um einen Mini-Pu Erh Gr\u00fcntee-Kuchen zuzubereiten und zu genie\u00dfen:<\/p>\n<ol>\n<li>\u00d6ffnen Sie die Verpackung des Mini-Kuchens und legen Sie ihn in ein f\u00fcr die Zubereitung von Tee geeignetes Gef\u00e4\u00df, z. B. eine Teekanne oder einen Gaiwan.<\/li>\n<li>Sp\u00fclen Sie den Tee ab, indem Sie eine kleine Menge hei\u00dfes Wasser \u00fcber den Mini-Fladen gie\u00dfen. Lassen Sie ihn einige Sekunden lang stehen und sch\u00fctten Sie das Wasser dann weg. Dieser Schritt hilft, die Aromen des Tees zu wecken und eventuelle Unreinheiten zu entfernen.<\/li>\n<li>Ziehen Sie den Tee auf, indem Sie den Mini-Kuchen mit hei\u00dfem Wasser (ca. 95 \u00b0C) \u00fcbergie\u00dfen. Lassen Sie den Tee f\u00fcr den ersten Aufguss 20 bis 30 Sekunden ziehen und passen Sie die Ziehzeit f\u00fcr die weiteren Aufg\u00fcsse Ihren Geschmacksvorlieben an. Der Tee kann mehrmals aufgegossen werden, wobei jeder Aufguss leicht unterschiedliche Geschmacksrichtungen bietet.<\/li>\n<li>Verkosten und genie\u00dfen Sie Ihre Tasse gr\u00fcnen Tee und nehmen Sie sich die Zeit, seine komplexen Aromen und seine samtige Textur zu sch\u00e4tzen. Sie k\u00f6nnen diesen besonderen Moment auch mit Freunden oder Verwandten teilen, indem Sie ihnen die Feinheiten des Pu-Erh-Tees n\u00e4her bringen.<\/li>\n<\/ol>\n<h2><strong>Aufbewahrung<\/strong><\/h2>\n<p>Die Aufbewahrung von Pu-Erh-Teek\u00fcchlein ist wichtig, um ihre Eigenschaften und ihren Geschmack zu bewahren. Hier sind einige Tipps, wie Sie Ihre Fladen richtig aufbewahren k\u00f6nnen :<\/p>\n<ul>\n<li>Lagern Sie die Fladenbrote an einem Ort, an dem sie vor Licht, Feuchtigkeit und W\u00e4rmequellen gesch\u00fctzt sind. Dies geschieht in einem geeigneten Beh\u00e4lter wie einem Tonkrug oder einer Papiert\u00fcte.<\/li>\n<li>Lassen Sie die Luft um die Fladen herum zirkulieren, damit sie atmen und langsam weiter altern k\u00f6nnen. Vermeiden Sie es, sie in luftdicht verschlossenen Beh\u00e4ltern oder Plastikbeh\u00e4ltern einzuschlie\u00dfen.<\/li>\n<li>Trennen Sie die verschiedenen Arten von chinesischem Tee, damit sich ihre Aromen nicht vermischen und gegenseitig beeinflussen.<\/li>\n<\/ul>\n<h3><strong>Gute Praktiken, damit Sie Ihren chinesischen Fladen in vollen Z\u00fcgen genie\u00dfen k\u00f6nnen<\/strong><\/h3>\n<p>Um Ihren Mini-Pu Erh Gr\u00fcntee-Kuchen am besten zu genie\u00dfen, denken Sie auch an :<\/p>\n<ul>\n<li>Verwenden Sie f\u00fcr die Zubereitung Ihres Tees Wasser von guter Qualit\u00e4t mit geringem Mineralgehalt und ohne Chlor.<\/li>\n<li>Reinigen Sie Ihre Utensilien und Teebeh\u00e4lter regelm\u00e4\u00dfig, um R\u00fcckst\u00e4nde unerw\u00fcnschter Geschmacksstoffe zu vermeiden.<\/li>\n<li>Nehmen Sie sich die Zeit, die verschiedenen Phasen der Verkostung zu genie\u00dfen. Von der Beobachtung der Teebl\u00e4tter bis zur schrittweisen Entdeckung der Aromen und Empfindungen im Mund.<\/li>\n<\/ul>\n<p>Wenn Sie diese Ratschl\u00e4ge befolgen und hochwertige Mini-Pu-Erh-Gr\u00fcntee-K\u00fcchlein w\u00e4hlen. So k\u00f6nnen Sie den einzigartigen Geschmack und die anerkannten Vorteile dieses au\u00dfergew\u00f6hnlichen Tees in vollen Z\u00fcgen genie\u00dfen. Jetzt m\u00fcssen Sie nur noch die vielen Facetten des Pu Erh Tees entdecken, experimentieren und genie\u00dfen!<\/p>","protected":false},"excerpt":{"rendered":"<p><strong>Gute Praktiken :<\/strong><\/p>\n<ul>\n<li>Verwenden Sie f\u00fcr die Zubereitung Ihres Tees Wasser von guter Qualit\u00e4t mit geringem Mineralgehalt und ohne Chlor.<\/li>\n<li>Reinigen Sie Ihre Utensilien und Teebeh\u00e4lter regelm\u00e4\u00dfig, um R\u00fcckst\u00e4nde unerw\u00fcnschter Geschmacksstoffe zu vermeiden.<\/li>\n<li>Nehmen Sie sich Zeit, um die verschiedenen Phasen der Verkostung von Pu-Erh-Tee zu genie\u00dfen.<\/li>\n<\/ul>\n<p><img decoding=\"async\" class=\"size-full wp-image-5091 aligncenter\" src=\"https:\/\/www.safinel.fr\/wp-content\/uploads\/2021\/06\/BANNIERE-ICONE-SAFINEL.webp\" alt=\"Satines-R\u00fcckversicherung\" width=\"800\" height=\"200\" srcset=\"https:\/\/www.safinel.fr\/wp-content\/uploads\/2021\/06\/BANNIERE-ICONE-SAFINEL.webp 800w, https:\/\/www.safinel.fr\/wp-content\/uploads\/2021\/06\/BANNIERE-ICONE-SAFINEL-600x150.webp 600w, https:\/\/www.safinel.fr\/wp-content\/uploads\/2021\/06\/BANNIERE-ICONE-SAFINEL-768x192.webp 768w\" sizes=\"(max-width: 800px) 100vw, 800px\" \/><\/p>","protected":false},"featured_media":5597,"template":"","meta":[],"product_brand":[],"product_cat":[108,19],"product_tag":[],"class_list":{"0":"post-5596","1":"product","2":"type-product","3":"status-publish","4":"has-post-thumbnail","6":"product_cat-plantes-asiatiques","7":"product_cat-thes-tisanes","9":"first","10":"outofstock","11":"shipping-taxable","12":"purchasable","13":"product-type-simple"},"yoast_head":"<!-- This site is optimized with the Yoast SEO plugin v26.6 - https:\/\/yoast.com\/wordpress\/plugins\/seo\/ -->\n<title>Th\u00e9 Pu Erh I Achat en ligne de galette traditionnelle chinioise<\/title>\n<meta name=\"description\" content=\"Le th\u00e9 Pu Erh est une vari\u00e9t\u00e9 de th\u00e9 noir de la province du Yunnan. Ses propri\u00e9t\u00e9s exceptionnelles et sa saveur unique en font un v\u00e9ritable tr\u00e9sor.\" \/>\n<meta name=\"robots\" content=\"index, follow, max-snippet:-1, max-image-preview:large, max-video-preview:-1\" \/>\n<link rel=\"canonical\" href=\"https:\/\/www.safinel.fr\/de\/product-2\/galette-de-the-pu-erh\/\" \/>\n<meta property=\"og:locale\" content=\"de_DE\" \/>\n<meta property=\"og:type\" content=\"article\" \/>\n<meta property=\"og:title\" content=\"Th\u00e9 Pu Erh I Achat en ligne de galette traditionnelle chinioise\" \/>\n<meta property=\"og:description\" content=\"Le th\u00e9 Pu Erh est une vari\u00e9t\u00e9 de th\u00e9 noir de la province du Yunnan. Ses propri\u00e9t\u00e9s exceptionnelles et sa saveur unique en font un v\u00e9ritable tr\u00e9sor.\" \/>\n<meta property=\"og:url\" content=\"https:\/\/www.safinel.fr\/de\/product-2\/galette-de-the-pu-erh\/\" \/>\n<meta property=\"og:site_name\" content=\"Safinel\" \/>\n<meta property=\"article:modified_time\" content=\"2025-10-15T09:58:03+00:00\" \/>\n<meta property=\"og:image\" content=\"https:\/\/www.safinel.fr\/wp-content\/uploads\/2023\/04\/Une-galette-de-the-Pu-Erh-de-100g.jpg\" \/>\n\t<meta property=\"og:image:width\" content=\"600\" \/>\n\t<meta property=\"og:image:height\" content=\"600\" \/>\n\t<meta property=\"og:image:type\" content=\"image\/jpeg\" \/>\n<meta name=\"twitter:card\" content=\"summary_large_image\" \/>\n<meta name=\"twitter:label1\" content=\"Gesch\u00e4tzte Lesezeit\" \/>\n\t<meta name=\"twitter:data1\" content=\"4\u00a0Minuten\" \/>\n<script type=\"application\/ld+json\" class=\"yoast-schema-graph\">{\"@context\":\"https:\/\/schema.org\",\"@graph\":[{\"@type\":\"WebPage\",\"@id\":\"https:\/\/www.safinel.fr\/produit\/galette-de-the-pu-erh\/\",\"url\":\"https:\/\/www.safinel.fr\/produit\/galette-de-the-pu-erh\/\",\"name\":\"Th\u00e9 Pu Erh I Achat en ligne de galette traditionnelle chinioise\",\"isPartOf\":{\"@id\":\"https:\/\/www.safinel.fr\/#website\"},\"primaryImageOfPage\":{\"@id\":\"https:\/\/www.safinel.fr\/produit\/galette-de-the-pu-erh\/#primaryimage\"},\"image\":{\"@id\":\"https:\/\/www.safinel.fr\/produit\/galette-de-the-pu-erh\/#primaryimage\"},\"thumbnailUrl\":\"https:\/\/www.safinel.fr\/wp-content\/uploads\/2023\/04\/Une-galette-de-the-Pu-Erh-de-100g.jpg\",\"datePublished\":\"2023-04-20T10:57:41+00:00\",\"dateModified\":\"2025-10-15T09:58:03+00:00\",\"description\":\"Le th\u00e9 Pu Erh est une vari\u00e9t\u00e9 de th\u00e9 noir de la province du Yunnan. Ses propri\u00e9t\u00e9s exceptionnelles et sa saveur unique en font un v\u00e9ritable tr\u00e9sor.\",\"breadcrumb\":{\"@id\":\"https:\/\/www.safinel.fr\/produit\/galette-de-the-pu-erh\/#breadcrumb\"},\"inLanguage\":\"de\",\"potentialAction\":[{\"@type\":\"ReadAction\",\"target\":[\"https:\/\/www.safinel.fr\/produit\/galette-de-the-pu-erh\/\"]}]},{\"@type\":\"ImageObject\",\"inLanguage\":\"de\",\"@id\":\"https:\/\/www.safinel.fr\/produit\/galette-de-the-pu-erh\/#primaryimage\",\"url\":\"https:\/\/www.safinel.fr\/wp-content\/uploads\/2023\/04\/Une-galette-de-the-Pu-Erh-de-100g.jpg\",\"contentUrl\":\"https:\/\/www.safinel.fr\/wp-content\/uploads\/2023\/04\/Une-galette-de-the-Pu-Erh-de-100g.jpg\",\"width\":600,\"height\":600,\"caption\":\"Une galette de th\u00e9 Pu Erh de 100g\"},{\"@type\":\"BreadcrumbList\",\"@id\":\"https:\/\/www.safinel.fr\/produit\/galette-de-the-pu-erh\/#breadcrumb\",\"itemListElement\":[{\"@type\":\"ListItem\",\"position\":1,\"name\":\"Accueil\",\"item\":\"https:\/\/www.safinel.fr\/\"},{\"@type\":\"ListItem\",\"position\":2,\"name\":\"Boutique\",\"item\":\"https:\/\/www.safinel.fr\/boutique\/\"},{\"@type\":\"ListItem\",\"position\":3,\"name\":\"Une galette de th\u00e9 Pu Erh de 100g\"}]},{\"@type\":\"WebSite\",\"@id\":\"https:\/\/www.safinel.fr\/#website\",\"url\":\"https:\/\/www.safinel.fr\/\",\"name\":\"Safinel\",\"description\":\"\",\"publisher\":{\"@id\":\"https:\/\/www.safinel.fr\/#organization\"},\"potentialAction\":[{\"@type\":\"SearchAction\",\"target\":{\"@type\":\"EntryPoint\",\"urlTemplate\":\"https:\/\/www.safinel.fr\/?s={search_term_string}\"},\"query-input\":{\"@type\":\"PropertyValueSpecification\",\"valueRequired\":true,\"valueName\":\"search_term_string\"}}],\"inLanguage\":\"de\"},{\"@type\":\"Organization\",\"@id\":\"https:\/\/www.safinel.fr\/#organization\",\"name\":\"Safinel\",\"url\":\"https:\/\/www.safinel.fr\/\",\"logo\":{\"@type\":\"ImageObject\",\"inLanguage\":\"de\",\"@id\":\"https:\/\/www.safinel.fr\/#\/schema\/logo\/image\/\",\"url\":\"https:\/\/www.safinel.fr\/wp-content\/uploads\/2021\/05\/boutique-cosmetique.png\",\"contentUrl\":\"https:\/\/www.safinel.fr\/wp-content\/uploads\/2021\/05\/boutique-cosmetique.png\",\"width\":800,\"height\":200,\"caption\":\"Safinel\"},\"image\":{\"@id\":\"https:\/\/www.safinel.fr\/#\/schema\/logo\/image\/\"}}]}<\/script>\n<!-- \/ Yoast SEO plugin. -->","yoast_head_json":{"title":"Pu Erh Tee I Online-Kauf von traditionellem Chinioise-Kuchen","description":"Pu Erh Tee ist eine schwarze Teesorte aus der Provinz Yunnan. Seine au\u00dfergew\u00f6hnlichen Eigenschaften und sein einzigartiger Geschmack machen ihn zu einem wahren Schatz.","robots":{"index":"index","follow":"follow","max-snippet":"max-snippet:-1","max-image-preview":"max-image-preview:large","max-video-preview":"max-video-preview:-1"},"canonical":"https:\/\/www.safinel.fr\/de\/product-2\/galette-de-the-pu-erh\/","og_locale":"de_DE","og_type":"article","og_title":"Th\u00e9 Pu Erh I Achat en ligne de galette traditionnelle chinioise","og_description":"Le th\u00e9 Pu Erh est une vari\u00e9t\u00e9 de th\u00e9 noir de la province du Yunnan. Ses propri\u00e9t\u00e9s exceptionnelles et sa saveur unique en font un v\u00e9ritable tr\u00e9sor.","og_url":"https:\/\/www.safinel.fr\/de\/product-2\/galette-de-the-pu-erh\/","og_site_name":"Safinel","article_modified_time":"2025-10-15T09:58:03+00:00","og_image":[{"width":600,"height":600,"url":"https:\/\/www.safinel.fr\/wp-content\/uploads\/2023\/04\/Une-galette-de-the-Pu-Erh-de-100g.jpg","type":"image\/jpeg"}],"twitter_card":"summary_large_image","twitter_misc":{"Gesch\u00e4tzte Lesezeit":"4\u00a0Minuten"},"schema":{"@context":"https:\/\/schema.org","@graph":[{"@type":"WebPage","@id":"https:\/\/www.safinel.fr\/produit\/galette-de-the-pu-erh\/","url":"https:\/\/www.safinel.fr\/produit\/galette-de-the-pu-erh\/","name":"Pu Erh Tee I Online-Kauf von traditionellem Chinioise-Kuchen","isPartOf":{"@id":"https:\/\/www.safinel.fr\/#website"},"primaryImageOfPage":{"@id":"https:\/\/www.safinel.fr\/produit\/galette-de-the-pu-erh\/#primaryimage"},"image":{"@id":"https:\/\/www.safinel.fr\/produit\/galette-de-the-pu-erh\/#primaryimage"},"thumbnailUrl":"https:\/\/www.safinel.fr\/wp-content\/uploads\/2023\/04\/Une-galette-de-the-Pu-Erh-de-100g.jpg","datePublished":"2023-04-20T10:57:41+00:00","dateModified":"2025-10-15T09:58:03+00:00","description":"Pu Erh Tee ist eine schwarze Teesorte aus der Provinz Yunnan. Seine au\u00dfergew\u00f6hnlichen Eigenschaften und sein einzigartiger Geschmack machen ihn zu einem wahren Schatz.","breadcrumb":{"@id":"https:\/\/www.safinel.fr\/produit\/galette-de-the-pu-erh\/#breadcrumb"},"inLanguage":"de","potentialAction":[{"@type":"ReadAction","target":["https:\/\/www.safinel.fr\/produit\/galette-de-the-pu-erh\/"]}]},{"@type":"ImageObject","inLanguage":"de","@id":"https:\/\/www.safinel.fr\/produit\/galette-de-the-pu-erh\/#primaryimage","url":"https:\/\/www.safinel.fr\/wp-content\/uploads\/2023\/04\/Une-galette-de-the-Pu-Erh-de-100g.jpg","contentUrl":"https:\/\/www.safinel.fr\/wp-content\/uploads\/2023\/04\/Une-galette-de-the-Pu-Erh-de-100g.jpg","width":600,"height":600,"caption":"Une galette de th\u00e9 Pu Erh de 100g"},{"@type":"BreadcrumbList","@id":"https:\/\/www.safinel.fr\/produit\/galette-de-the-pu-erh\/#breadcrumb","itemListElement":[{"@type":"ListItem","position":1,"name":"Accueil","item":"https:\/\/www.safinel.fr\/"},{"@type":"ListItem","position":2,"name":"Boutique","item":"https:\/\/www.safinel.fr\/boutique\/"},{"@type":"ListItem","position":3,"name":"Une galette de th\u00e9 Pu Erh de 100g"}]},{"@type":"WebSite","@id":"https:\/\/www.safinel.fr\/#website","url":"https:\/\/www.safinel.fr\/","name":"Safinel","description":"","publisher":{"@id":"https:\/\/www.safinel.fr\/#organization"},"potentialAction":[{"@type":"SearchAction","target":{"@type":"EntryPoint","urlTemplate":"https:\/\/www.safinel.fr\/?s={search_term_string}"},"query-input":{"@type":"PropertyValueSpecification","valueRequired":true,"valueName":"search_term_string"}}],"inLanguage":"de"},{"@type":"Organization","@id":"https:\/\/www.safinel.fr\/#organization","name":"Safinel","url":"https:\/\/www.safinel.fr\/","logo":{"@type":"ImageObject","inLanguage":"de","@id":"https:\/\/www.safinel.fr\/#\/schema\/logo\/image\/","url":"https:\/\/www.safinel.fr\/wp-content\/uploads\/2021\/05\/boutique-cosmetique.png","contentUrl":"https:\/\/www.safinel.fr\/wp-content\/uploads\/2021\/05\/boutique-cosmetique.png","width":800,"height":200,"caption":"Safinel"},"image":{"@id":"https:\/\/www.safinel.fr\/#\/schema\/logo\/image\/"}}]}},"_links":{"self":[{"href":"https:\/\/www.safinel.fr\/de\/wp-json\/wp\/v2\/product\/5596","targetHints":{"allow":["GET"]}}],"collection":[{"href":"https:\/\/www.safinel.fr\/de\/wp-json\/wp\/v2\/product"}],"about":[{"href":"https:\/\/www.safinel.fr\/de\/wp-json\/wp\/v2\/types\/product"}],"wp:featuredmedia":[{"embeddable":true,"href":"https:\/\/www.safinel.fr\/de\/wp-json\/wp\/v2\/media\/5597"}],"wp:attachment":[{"href":"https:\/\/www.safinel.fr\/de\/wp-json\/wp\/v2\/media?parent=5596"}],"wp:term":[{"taxonomy":"product_brand","embeddable":true,"href":"https:\/\/www.safinel.fr\/de\/wp-json\/wp\/v2\/product_brand?post=5596"},{"taxonomy":"product_cat","embeddable":true,"href":"https:\/\/www.safinel.fr\/de\/wp-json\/wp\/v2\/product_cat?post=5596"},{"taxonomy":"product_tag","embeddable":true,"href":"https:\/\/www.safinel.fr\/de\/wp-json\/wp\/v2\/product_tag?post=5596"}],"curies":[{"name":"wp","href":"https:\/\/api.w.org\/{rel}","templated":true}]}}