{"id":5490,"date":"2023-04-14T18:32:40","date_gmt":"2023-04-14T18:32:40","guid":{"rendered":"https:\/\/www.safinel.fr\/?post_type=product&#038;p=5490"},"modified":"2025-06-10T12:50:09","modified_gmt":"2025-06-10T12:50:09","slug":"korossolblatter","status":"publish","type":"product","link":"https:\/\/www.safinel.fr\/de\/product-2\/korossolblatter\/","title":{"rendered":"Bl\u00e4tter des Korosols 50g (Annona muricata)"},"content":{"rendered":"<p>In der gro\u00dfen Familie der Heilpflanzen nannte man die\u00a0<strong>Korossolbl\u00e4tter<\/strong>\u00a0! Ein Blatt voller Vorteile f\u00fcr den K\u00f6rper - entdecken Sie sie gleich!<\/p>\n<h2><strong>Die Bl\u00e4tter des Korosols: was<\/strong>\u2019<strong>ist c<\/strong>\u2019<strong>ist?<\/strong><\/h2>\n<p>Die Bl\u00e4tter des Korossolbaums stammen von dem Fruchtbaum, der nach seinem wissenschaftlichen Namen Korossolbaum\u00ab genannt wird.\u00ab\u00a0<strong>Annona muricata<\/strong>\u00a0\u00bb.<\/p>\n<p>Sie w\u00e4chst in den tropischen Regionen Amerikas, Asiens, Ozeaniens und Afrikas. Er bietet eine exotische gr\u00fcne stachelige Frucht, die mal als\u00a0<strong>corossol<\/strong>,\u00a0<strong>graviola<\/strong>,\u00a0<strong>sapotille<\/strong>\u00a0oder sogar\u00a0<strong>coronsol<\/strong>, je nach Land.<\/p>\n<p>Diese Frucht ist bekannt f\u00fcr ihre unz\u00e4hligen Vorteile und ihren einzigartigen Geschmack, der zwischen Malabar-Kaugummi, Harlekin-Bonbons und gleichzeitig einem s\u00e4uerlichen Hauch von Ananas und Litschi liegt.<\/p>\n<p>Auch die Bl\u00e4tter der Korossol strotzen vor\u00a0<strong>Tugenden f\u00fcr die<\/strong>\u2019<strong>Organisation<\/strong>\u00a0und weisen\u00a0<strong>therapeutische Qualit\u00e4ten<\/strong>\u00a0nicht zu vernachl\u00e4ssigen.<\/p>\n<h2><strong>Die vielen positiven Eigenschaften der Bl\u00e4tter des Korosols<\/strong><\/h2>\n<p>Die Bl\u00e4tter des Fruchtbaums Corossol besitzen zahlreiche medizinische Eigenschaften, darunter :<\/p>\n<ul>\n<li>Anti-Krebs-Eigenschaften (hilft, die Nebenwirkungen der Chemotherapie zu ertragen und die Vermehrung von Krebszellen zu hemmen)\u00a0<strong>siehe Vorsichtsma\u00dfnahmen f\u00fcr den Gebrauch<\/strong>)\u00a0;<\/li>\n<li>Entz\u00fcndungshemmende Eigenschaften ;<\/li>\n<li>Hilft beim Einschlafen und ist wohltuend bei Stress ;<\/li>\n<li>Hilft bei der Verdauung ;<\/li>\n<li>St\u00e4rken das Immunsystem ;<\/li>\n<li>Schmerzen bei H\u00e4morrhoiden lindern ;<\/li>\n<li>Erhalten die Funktionsf\u00e4higkeit der Prostata ;<\/li>\n<li><a href=\"https:\/\/www.safinel.fr\/de\/product-2\/daghmous-honig\/\"><strong>lindern trockenen Husten und n\u00e4chtlichen Husten<\/strong><\/a>\u00a0;<\/li>\n<li>Helfen, W\u00fcrmer und innere Parasiten zu verhindern und zu beseitigen ;<\/li>\n<li>Beruhigen und helfen, Ekzeme zu reduzieren ;<\/li>\n<li>usw.<\/li>\n<\/ul>\n<h2><strong>Wie werden sie verwendet?<\/strong><\/h2>\n<p>Die einfachste innerliche Anwendung der Pflanze bleibt die\u2019<strong>Aufguss<\/strong>.<\/p>\n<ul>\n<li>Dazu m\u00fcssen Sie nur wie bei einer<strong>\u00a0Kr\u00e4utertee<\/strong>\u00a0klassisch, indem Sie 5-10 Bl\u00e4tter in 1 Liter Wasser etwa 10 Minuten lang kochen lassen. Dann abseihen und den Aufguss am besten innerhalb von Minuten oder Stunden trinken. Dies dient dazu\u00a0<strong>alle Eigenschaften der Pflanze nutzen<\/strong>.<\/li>\n<li>So werden als Aufguss die Bl\u00e4tter des Korosols\u00a0<strong>st\u00e4rken das Immunsystem<\/strong>\u00a0und erm\u00f6glichen unter anderem\u00a0<strong>Winterbeschwerden vorbeugen<\/strong>\u00a0(Grippe, Erk\u00e4ltungen, Husten) und die\u00a0<strong>Infektionskrankheiten\u00a0<\/strong>im Allgemeinen.<\/li>\n<li>Man kann sie auch\u00a0<strong>zu geschmorten Gerichten und Zubereitungen hinzuf\u00fcgen<\/strong>.<\/li>\n<li>\u00c4u\u00dferlich kann man die Bl\u00e4tter des Korosols verwenden\u00a0<strong>als Kompresse<\/strong>\u00a0oder\u00a0<strong>als Umschlag<\/strong>\u00a0f\u00fcr\u00a0<strong>bes\u00e4nftigen l<\/strong>\u2019<strong>Ekzem<\/strong>\u00a0und die\u00a0<strong>entz\u00fcndliche Schmerzen<\/strong>.<\/li>\n<li>Schlie\u00dflich sind diese Bl\u00e4tter bekannt f\u00fcr ihre\u00a0<strong>beruhigende und entspannende Wirkung<\/strong>. Das macht sie besonders interessant f\u00fcr unruhige Kinder oder bei\u00a0<strong>Stress<\/strong>, von\u00a0<strong>Nervosit\u00e4t<\/strong>\u00a0und von\u00a0<strong>Schlafschwierigkeiten<\/strong>.<\/li>\n<li>Sie k\u00f6nnen dann daf\u00fcr einige Bl\u00e4tter zerkn\u00fcllen, um sie in eine hei\u00dfe Badewanne zu geben und einen\u00a0<strong>Bad in l<\/strong>\u2019<strong>beruhigende und entspannende Wirkung<\/strong>.<\/li>\n<\/ul>\n<h3><strong>Vorsichtsma\u00dfnahmen d<\/strong>\u2019<strong>Verwendung<\/strong><\/h3>\n<p>Die Bl\u00e4tter von Korossol werden nicht\u00a0<strong>ersetzen keine medizinische Behandlung<\/strong>\u00a0von einem Angeh\u00f6rigen der Gesundheitsberufe gegeben.<\/p>\n<p>Au\u00dferdem ist, anders als an anderer Stelle zu lesen\u00a0<strong>n<\/strong>\u2019<strong>beenden Sie niemals eine von Ihrem Arzt gegebene Behandlung ohne dessen Zustimmung<\/strong>\u00a0um ihn durch irgendeine nat\u00fcrliche Pflanze zu ersetzen.<\/p>\n<p>Die Bl\u00e4tter der Korossol-Pflanze haben eine Reihe von Vorteilen, wenn es darum geht, Patienten bei der Genesung zu unterst\u00fctzen. Sie helfen zum Beispiel Patienten, die sich in einem\u00a0<strong>Chemotherapie<\/strong>\u00a0\u00e0\u00a0<strong>unerw\u00fcnschte Nebenwirkungen lindern<\/strong>\u00a0von dieser, ersetzt sie aber keinesfalls.<\/p>\n<p><strong>Schwangere und stillende Frauen<\/strong>\u00a0sollten vorsichtshalber auf den Verzehr dieser Bl\u00e4tter verzichten.<\/p>\n<p>Die Bl\u00e4tter k\u00f6nnten\u00a0<strong>Wechselwirkungen mit bestimmten Medikamenten<\/strong>. Vorsichtshalber sollten Sie daher vor der Einnahme dieses Nahrungserg\u00e4nzungsmittels den Rat Ihres Arztes einholen.<\/p>\n<p>Achten Sie schlie\u00dflich immer darauf, dass Sie die empfohlene Tagesdosis einhalten.<\/p>","protected":false},"excerpt":{"rendered":"<p><strong>Einige Vorteile :\u00a0<\/strong><\/p>\n<ul>\n<li>Anti-Krebs-Eigenschaften (hilft, die Nebenwirkungen der Chemotherapie zu ertragen und die Vermehrung von Krebszellen zu hemmen)\u00a0<strong>siehe Vorsichtsma\u00dfnahmen f\u00fcr den Gebrauch<\/strong>)\u00a0;<\/li>\n<li>Entz\u00fcndungshemmende Eigenschaften ;<\/li>\n<li>Hilft beim Einschlafen und ist wohltuend bei Stress ;<\/li>\n<li>Hilft bei der Verdauung ;<\/li>\n<li>St\u00e4rken das Immunsystem<\/li>\n<\/ul>\n<p><img decoding=\"async\" class=\"size-full wp-image-5091 aligncenter\" src=\"https:\/\/www.safinel.fr\/wp-content\/uploads\/2021\/06\/BANNIERE-ICONE-SAFINEL.webp\" alt=\"Satines-R\u00fcckversicherung\" width=\"800\" height=\"200\" srcset=\"https:\/\/www.safinel.fr\/wp-content\/uploads\/2021\/06\/BANNIERE-ICONE-SAFINEL.webp 800w, https:\/\/www.safinel.fr\/wp-content\/uploads\/2021\/06\/BANNIERE-ICONE-SAFINEL-600x150.webp 600w, https:\/\/www.safinel.fr\/wp-content\/uploads\/2021\/06\/BANNIERE-ICONE-SAFINEL-768x192.webp 768w\" sizes=\"(max-width: 800px) 100vw, 800px\" \/><\/p>","protected":false},"featured_media":5491,"template":"","meta":[],"product_brand":[],"product_cat":[27],"product_tag":[],"class_list":{"0":"post-5490","1":"product","2":"type-product","3":"status-publish","4":"has-post-thumbnail","6":"product_cat-plantes-medicinales","8":"first","9":"outofstock","10":"shipping-taxable","11":"purchasable","12":"product-type-simple"},"yoast_head":"<!-- This site is optimized with the Yoast SEO plugin v26.6 - https:\/\/yoast.com\/wordpress\/plugins\/seo\/ -->\n<title>Feuilles de corossol I Bienfaits nombreux I Achat en ligne s\u00e9curis\u00e9<\/title>\n<meta name=\"description\" content=\"Dans la grande famille des plantes m\u00e9dicinales on a nomm\u00e9 les\u00a0feuilles de corossol\u00a0! Un feuillage plein de bienfaits pour l\u2019organisme, d\u00e9couvrez-les\u00a0!\" \/>\n<meta name=\"robots\" content=\"index, follow, max-snippet:-1, max-image-preview:large, max-video-preview:-1\" \/>\n<link rel=\"canonical\" href=\"https:\/\/www.safinel.fr\/de\/product-2\/korossolblatter\/\" \/>\n<meta property=\"og:locale\" content=\"de_DE\" \/>\n<meta property=\"og:type\" content=\"article\" \/>\n<meta property=\"og:title\" content=\"Feuilles de corossol I Bienfaits nombreux I Achat en ligne s\u00e9curis\u00e9\" \/>\n<meta property=\"og:description\" content=\"Dans la grande famille des plantes m\u00e9dicinales on a nomm\u00e9 les\u00a0feuilles de corossol\u00a0! Un feuillage plein de bienfaits pour l\u2019organisme, d\u00e9couvrez-les\u00a0!\" \/>\n<meta property=\"og:url\" content=\"https:\/\/www.safinel.fr\/de\/product-2\/korossolblatter\/\" \/>\n<meta property=\"og:site_name\" content=\"Safinel\" \/>\n<meta property=\"article:modified_time\" content=\"2025-06-10T12:50:09+00:00\" \/>\n<meta property=\"og:image\" content=\"https:\/\/www.safinel.fr\/wp-content\/uploads\/2023\/04\/feuilles-de-corrosol.jpg\" \/>\n\t<meta property=\"og:image:width\" content=\"600\" \/>\n\t<meta property=\"og:image:height\" content=\"600\" \/>\n\t<meta property=\"og:image:type\" content=\"image\/jpeg\" \/>\n<meta name=\"twitter:card\" content=\"summary_large_image\" \/>\n<meta name=\"twitter:label1\" content=\"Gesch\u00e4tzte Lesezeit\" \/>\n\t<meta name=\"twitter:data1\" content=\"3\u00a0Minuten\" \/>\n<script type=\"application\/ld+json\" class=\"yoast-schema-graph\">{\"@context\":\"https:\/\/schema.org\",\"@graph\":[{\"@type\":\"WebPage\",\"@id\":\"https:\/\/www.safinel.fr\/produit\/feuilles-de-corossol\/\",\"url\":\"https:\/\/www.safinel.fr\/produit\/feuilles-de-corossol\/\",\"name\":\"Feuilles de corossol I Bienfaits nombreux I Achat en ligne s\u00e9curis\u00e9\",\"isPartOf\":{\"@id\":\"https:\/\/www.safinel.fr\/#website\"},\"primaryImageOfPage\":{\"@id\":\"https:\/\/www.safinel.fr\/produit\/feuilles-de-corossol\/#primaryimage\"},\"image\":{\"@id\":\"https:\/\/www.safinel.fr\/produit\/feuilles-de-corossol\/#primaryimage\"},\"thumbnailUrl\":\"https:\/\/www.safinel.fr\/wp-content\/uploads\/2023\/04\/feuilles-de-corrosol.jpg\",\"datePublished\":\"2023-04-14T18:32:40+00:00\",\"dateModified\":\"2025-06-10T12:50:09+00:00\",\"description\":\"Dans la grande famille des plantes m\u00e9dicinales on a nomm\u00e9 les\u00a0feuilles de corossol\u00a0! Un feuillage plein de bienfaits pour l\u2019organisme, d\u00e9couvrez-les\u00a0!\",\"breadcrumb\":{\"@id\":\"https:\/\/www.safinel.fr\/produit\/feuilles-de-corossol\/#breadcrumb\"},\"inLanguage\":\"de\",\"potentialAction\":[{\"@type\":\"ReadAction\",\"target\":[\"https:\/\/www.safinel.fr\/produit\/feuilles-de-corossol\/\"]}]},{\"@type\":\"ImageObject\",\"inLanguage\":\"de\",\"@id\":\"https:\/\/www.safinel.fr\/produit\/feuilles-de-corossol\/#primaryimage\",\"url\":\"https:\/\/www.safinel.fr\/wp-content\/uploads\/2023\/04\/feuilles-de-corrosol.jpg\",\"contentUrl\":\"https:\/\/www.safinel.fr\/wp-content\/uploads\/2023\/04\/feuilles-de-corrosol.jpg\",\"width\":600,\"height\":600},{\"@type\":\"BreadcrumbList\",\"@id\":\"https:\/\/www.safinel.fr\/produit\/feuilles-de-corossol\/#breadcrumb\",\"itemListElement\":[{\"@type\":\"ListItem\",\"position\":1,\"name\":\"Accueil\",\"item\":\"https:\/\/www.safinel.fr\/\"},{\"@type\":\"ListItem\",\"position\":2,\"name\":\"Boutique\",\"item\":\"https:\/\/www.safinel.fr\/boutique\/\"},{\"@type\":\"ListItem\",\"position\":3,\"name\":\"Feuilles de corossol 50g (Annona muricata)\"}]},{\"@type\":\"WebSite\",\"@id\":\"https:\/\/www.safinel.fr\/#website\",\"url\":\"https:\/\/www.safinel.fr\/\",\"name\":\"Safinel\",\"description\":\"\",\"publisher\":{\"@id\":\"https:\/\/www.safinel.fr\/#organization\"},\"potentialAction\":[{\"@type\":\"SearchAction\",\"target\":{\"@type\":\"EntryPoint\",\"urlTemplate\":\"https:\/\/www.safinel.fr\/?s={search_term_string}\"},\"query-input\":{\"@type\":\"PropertyValueSpecification\",\"valueRequired\":true,\"valueName\":\"search_term_string\"}}],\"inLanguage\":\"de\"},{\"@type\":\"Organization\",\"@id\":\"https:\/\/www.safinel.fr\/#organization\",\"name\":\"Safinel\",\"url\":\"https:\/\/www.safinel.fr\/\",\"logo\":{\"@type\":\"ImageObject\",\"inLanguage\":\"de\",\"@id\":\"https:\/\/www.safinel.fr\/#\/schema\/logo\/image\/\",\"url\":\"https:\/\/www.safinel.fr\/wp-content\/uploads\/2021\/05\/boutique-cosmetique.png\",\"contentUrl\":\"https:\/\/www.safinel.fr\/wp-content\/uploads\/2021\/05\/boutique-cosmetique.png\",\"width\":800,\"height\":200,\"caption\":\"Safinel\"},\"image\":{\"@id\":\"https:\/\/www.safinel.fr\/#\/schema\/logo\/image\/\"}}]}<\/script>\n<!-- \/ Yoast SEO plugin. -->","yoast_head_json":{"title":"Korossolbl\u00e4tter I Zahlreiche Vorteile I Sicherer Online-Einkauf","description":"In der gro\u00dfen Familie der Heilpflanzen hat man die Bl\u00e4tter des Korosols genannt! Ein Blatt voller Vorteile f\u00fcr den K\u00f6rper - entdecken Sie sie!","robots":{"index":"index","follow":"follow","max-snippet":"max-snippet:-1","max-image-preview":"max-image-preview:large","max-video-preview":"max-video-preview:-1"},"canonical":"https:\/\/www.safinel.fr\/de\/product-2\/korossolblatter\/","og_locale":"de_DE","og_type":"article","og_title":"Feuilles de corossol I Bienfaits nombreux I Achat en ligne s\u00e9curis\u00e9","og_description":"Dans la grande famille des plantes m\u00e9dicinales on a nomm\u00e9 les\u00a0feuilles de corossol\u00a0! Un feuillage plein de bienfaits pour l\u2019organisme, d\u00e9couvrez-les\u00a0!","og_url":"https:\/\/www.safinel.fr\/de\/product-2\/korossolblatter\/","og_site_name":"Safinel","article_modified_time":"2025-06-10T12:50:09+00:00","og_image":[{"width":600,"height":600,"url":"https:\/\/www.safinel.fr\/wp-content\/uploads\/2023\/04\/feuilles-de-corrosol.jpg","type":"image\/jpeg"}],"twitter_card":"summary_large_image","twitter_misc":{"Gesch\u00e4tzte Lesezeit":"3\u00a0Minuten"},"schema":{"@context":"https:\/\/schema.org","@graph":[{"@type":"WebPage","@id":"https:\/\/www.safinel.fr\/produit\/feuilles-de-corossol\/","url":"https:\/\/www.safinel.fr\/produit\/feuilles-de-corossol\/","name":"Korossolbl\u00e4tter I Zahlreiche Vorteile I Sicherer Online-Einkauf","isPartOf":{"@id":"https:\/\/www.safinel.fr\/#website"},"primaryImageOfPage":{"@id":"https:\/\/www.safinel.fr\/produit\/feuilles-de-corossol\/#primaryimage"},"image":{"@id":"https:\/\/www.safinel.fr\/produit\/feuilles-de-corossol\/#primaryimage"},"thumbnailUrl":"https:\/\/www.safinel.fr\/wp-content\/uploads\/2023\/04\/feuilles-de-corrosol.jpg","datePublished":"2023-04-14T18:32:40+00:00","dateModified":"2025-06-10T12:50:09+00:00","description":"In der gro\u00dfen Familie der Heilpflanzen hat man die Bl\u00e4tter des Korosols genannt! Ein Blatt voller Vorteile f\u00fcr den K\u00f6rper - entdecken Sie sie!","breadcrumb":{"@id":"https:\/\/www.safinel.fr\/produit\/feuilles-de-corossol\/#breadcrumb"},"inLanguage":"de","potentialAction":[{"@type":"ReadAction","target":["https:\/\/www.safinel.fr\/produit\/feuilles-de-corossol\/"]}]},{"@type":"ImageObject","inLanguage":"de","@id":"https:\/\/www.safinel.fr\/produit\/feuilles-de-corossol\/#primaryimage","url":"https:\/\/www.safinel.fr\/wp-content\/uploads\/2023\/04\/feuilles-de-corrosol.jpg","contentUrl":"https:\/\/www.safinel.fr\/wp-content\/uploads\/2023\/04\/feuilles-de-corrosol.jpg","width":600,"height":600},{"@type":"BreadcrumbList","@id":"https:\/\/www.safinel.fr\/produit\/feuilles-de-corossol\/#breadcrumb","itemListElement":[{"@type":"ListItem","position":1,"name":"Accueil","item":"https:\/\/www.safinel.fr\/"},{"@type":"ListItem","position":2,"name":"Boutique","item":"https:\/\/www.safinel.fr\/boutique\/"},{"@type":"ListItem","position":3,"name":"Feuilles de corossol 50g (Annona muricata)"}]},{"@type":"WebSite","@id":"https:\/\/www.safinel.fr\/#website","url":"https:\/\/www.safinel.fr\/","name":"Safinel","description":"","publisher":{"@id":"https:\/\/www.safinel.fr\/#organization"},"potentialAction":[{"@type":"SearchAction","target":{"@type":"EntryPoint","urlTemplate":"https:\/\/www.safinel.fr\/?s={search_term_string}"},"query-input":{"@type":"PropertyValueSpecification","valueRequired":true,"valueName":"search_term_string"}}],"inLanguage":"de"},{"@type":"Organization","@id":"https:\/\/www.safinel.fr\/#organization","name":"Safinel","url":"https:\/\/www.safinel.fr\/","logo":{"@type":"ImageObject","inLanguage":"de","@id":"https:\/\/www.safinel.fr\/#\/schema\/logo\/image\/","url":"https:\/\/www.safinel.fr\/wp-content\/uploads\/2021\/05\/boutique-cosmetique.png","contentUrl":"https:\/\/www.safinel.fr\/wp-content\/uploads\/2021\/05\/boutique-cosmetique.png","width":800,"height":200,"caption":"Safinel"},"image":{"@id":"https:\/\/www.safinel.fr\/#\/schema\/logo\/image\/"}}]}},"_links":{"self":[{"href":"https:\/\/www.safinel.fr\/de\/wp-json\/wp\/v2\/product\/5490","targetHints":{"allow":["GET"]}}],"collection":[{"href":"https:\/\/www.safinel.fr\/de\/wp-json\/wp\/v2\/product"}],"about":[{"href":"https:\/\/www.safinel.fr\/de\/wp-json\/wp\/v2\/types\/product"}],"wp:featuredmedia":[{"embeddable":true,"href":"https:\/\/www.safinel.fr\/de\/wp-json\/wp\/v2\/media\/5491"}],"wp:attachment":[{"href":"https:\/\/www.safinel.fr\/de\/wp-json\/wp\/v2\/media?parent=5490"}],"wp:term":[{"taxonomy":"product_brand","embeddable":true,"href":"https:\/\/www.safinel.fr\/de\/wp-json\/wp\/v2\/product_brand?post=5490"},{"taxonomy":"product_cat","embeddable":true,"href":"https:\/\/www.safinel.fr\/de\/wp-json\/wp\/v2\/product_cat?post=5490"},{"taxonomy":"product_tag","embeddable":true,"href":"https:\/\/www.safinel.fr\/de\/wp-json\/wp\/v2\/product_tag?post=5490"}],"curies":[{"name":"wp","href":"https:\/\/api.w.org\/{rel}","templated":true}]}}