{"id":5484,"date":"2023-04-14T18:17:39","date_gmt":"2023-04-14T18:17:39","guid":{"rendered":"https:\/\/www.safinel.fr\/?post_type=product&#038;p=5484"},"modified":"2023-12-28T17:15:55","modified_gmt":"2023-12-28T17:15:55","slug":"macadamiaol","status":"publish","type":"product","link":"https:\/\/www.safinel.fr\/de\/product-2\/macadamiaol\/","title":{"rendered":"Macadamia-\u00d6l 100ml"},"content":{"rendered":"<p>Macadamia\u00f6l ist ein echter Star unter den nat\u00fcrlichen Pflegeprodukten f\u00fcr Haut, Haare und sogar w\u00e4hrend der Schwangerschaft. Bekannt f\u00fcr seine feuchtigkeitsspendenden und reparierenden Eigenschaften, bringt dieses wertvolle \u00d6l auch eine ganze Reihe von gesundheitlichen Vorteilen mit sich.<\/p>\n<p>In diesem Artikel, <strong>wir stellen Ihnen die vielen Facetten dieses wunderbaren \u00d6ls vor<\/strong> und erkl\u00e4ren Ihnen, wie Sie sie am besten einsetzen k\u00f6nnen, um alle Vorteile zu nutzen.<\/p>\n<h2><strong>Macadamia\u00f6l: Herkunft und einzigartige Zusammensetzung<\/strong><\/h2>\n<p>Macadamia\u00f6l wird aus den N\u00fcssen des Macadamia int\u00e9grifolia-Baums gewonnen, der in Australien beheimatet ist. Es ist reich an einfach unges\u00e4ttigten Fetts\u00e4uren, Vitaminen, Mineralien und Antioxidantien und verf\u00fcgt \u00fcber eine einzigartige Zusammensetzung, die ihm au\u00dfergew\u00f6hnliche Eigenschaften f\u00fcr Sch\u00f6nheit und Gesundheit verleiht. Zu den bemerkenswertesten Bestandteilen von Macadamia\u00f6l geh\u00f6ren :<\/p>\n<ul>\n<li><strong>\u00d6ls\u00e4ure<\/strong><\/li>\n<li><strong>Palmitoleins\u00e4ure<\/strong><\/li>\n<li><strong>Vitamin E<\/strong><\/li>\n<li><strong>Vitamin B1<\/strong><\/li>\n<li><strong>pflanzliches Squalen<\/strong><\/li>\n<\/ul>\n<h2><strong>Die Vorteile von Macadamia\u00f6l f\u00fcr das Haar<\/strong><\/h2>\n<h3><strong>Queensland Walnuss\u00f6l Haar: Feuchtigkeitsspendend und tiefenreparierend<\/strong><\/h3>\n<p>Dank seines hohen Gehalts an Fetts\u00e4uren ist Macadamia\u00f6l besonders f\u00fcr trockenes, gesch\u00e4digtes oder br\u00fcchiges Haar geeignet. Es dringt leicht in die Haarfaser ein und versorgt das Haar mit intensiver Feuchtigkeit und repariert es bis in die Tiefe. Au\u00dferdem besitzt Macadamia\u00f6l eine starke entwirrende und geschmeidig machende Wirkung, die das K\u00e4mmen erleichtert und Haarbruch vorbeugt.<\/p>\n<h3><strong>Eine sch\u00fctzende Anti-Aging-Pflege f\u00fcr das Haar<\/strong><\/h3>\n<p>Neben seiner feuchtigkeitsspendenden und reparierenden Wirkung ist Queensland-Nuss\u00f6l auch ein echtes Schutzschild gegen \u00e4u\u00dfere Einfl\u00fcsse. Dank seines Gehalts an Vitamin E und pflanzlichem Squalen sch\u00fctzt es das Haar vor den sch\u00e4dlichen Auswirkungen von Sonne, Umweltverschmutzung und hei\u00dfen Werkzeugen und versorgt es gleichzeitig mit einer Dosis Antioxidantien, die der vorzeitigen Alterung der Haarfaser entgegenwirken.<\/p>\n<h2><strong>Macadamia-Gesichts\u00f6l: Ein Schatz an Wohltaten f\u00fcr die Haut<\/strong><\/h2>\n<p>Macadamia\u00f6l wirkt nicht nur Wunder bei den Haaren, sondern ist auch f\u00fcr seine wohltuende Wirkung auf die Haut sehr beliebt. Seine reichhaltige Zusammensetzung aus Fetts\u00e4uren und Vitaminen verleiht ihm eine Vielzahl von Eigenschaften, die es zu einem wichtigen Bestandteil der Gesichtspflege machen:<\/p>\n<ul>\n<li><strong>N\u00e4hrend und feuchtigkeitsspendend<\/strong>\u00a0: Australisches Walnuss\u00f6l versorgt die Haut intensiv und langanhaltend mit Feuchtigkeit. Gleichzeitig wird die Hautbarriere gest\u00e4rkt.<\/li>\n<li><strong>Regenerierend und heilend<\/strong>\u00a0: Dank ihres hohen Gehalts an Palmitoleins\u00e4ure f\u00f6rdert sie die Zellerneuerung und tr\u00e4gt zur Reparatur von Mikroverletzungen der Haut bei.<\/li>\n<li><strong>Beruhigend und entz\u00fcndungshemmend<\/strong>\u00a0Australisches Walnuss\u00f6l: Australisches Walnuss\u00f6l ist besonders f\u00fcr empfindliche und gereizte Haut geeignet, die es schnell beruhigt und lindert.<\/li>\n<li><strong>Sch\u00fctzend und antioxidativ<\/strong>\u00a0: Sie bewahrt die Jugend und Vitalit\u00e4t der Haut, indem sie die sch\u00e4dlichen Auswirkungen freier Radikale bek\u00e4mpft.<\/li>\n<\/ul>\n<h2><strong>Ein wertvoller Verb\u00fcndeter f\u00fcr werdende M\u00fctter in der Schwangerschaft<\/strong><\/h2>\n<p>W\u00e4hrend der Schwangerschaft durchl\u00e4uft die Haut zahlreiche Ver\u00e4nderungen. Sie kann eine kleine Hilfe ben\u00f6tigen, um ihre Sch\u00f6nheit und Elastizit\u00e4t zu bewahren.<\/p>\n<p>Dann ist das Queensland-Nuss\u00f6l dank seiner n\u00e4hrenden, regenerierenden und sch\u00fctzenden Eigenschaften ein echter Gewinn. Es hilft, Dehnungsstreifen zu bek\u00e4mpfen und die Elastizit\u00e4t der Haut zu erhalten.<\/p>\n<p>Au\u00dferdem dank seiner beruhigenden und entz\u00fcndungshemmenden Eigenschaften. Dieses nat\u00fcrliche \u00d6l ist besonders f\u00fcr schwangere Frauen geeignet, die unter Juckreiz oder Hautbeschwerden leiden. Schlie\u00dflich erm\u00f6glicht seine leichte, nicht fettende Textur ein einfaches und schnelles Auftragen und verhindert gleichzeitig ein unangenehmes fettiges Gef\u00fchl auf der Haut.<\/p>\n<h2><strong>Verwendung und praktische Tipps, um die Vorteile von Macadamia\u00f6l zu nutzen<\/strong><\/h2>\n<h3><strong>Wie verwende ich Macadamia\u00f6l auf dem Haar?<\/strong><\/h3>\n<p>Um die Vorteile von Macadamia\u00f6l f\u00fcr das Haar optimal zu nutzen, hier ein paar Tipps:<\/p>\n<ol>\n<li><strong>Tragen Sie das nat\u00fcrliche australische \u00d6l auf die L\u00e4ngen und Spitzen Ihrer <a href=\"https:\/\/www.safinel.fr\/de\/product-category-2\/haarprodukt\/\">Haar<\/a>, Sie sollten die Wurzeln vermeiden.<\/strong><\/li>\n<li><strong>Lassen Sie die Creme mindestens 30 Minuten einwirken oder \u00fcber Nacht, um eine noch intensivere Pflege zu erhalten.<\/strong><\/li>\n<li><strong>Sp\u00fclen Sie es gr\u00fcndlich mit lauwarmem Wasser aus und waschen Sie es anschlie\u00dfend wie gewohnt mit Shampoo.<\/strong><\/li>\n<\/ol>\n<h3><strong>Wie kann man Macadamia\u00f6l in seine Sch\u00f6nheitsroutine f\u00fcr das Gesicht einbauen?<\/strong><\/h3>\n<p>Um die Vorteile des Australischen Walnuss\u00f6ls f\u00fcr Ihr Gesicht zu nutzen, befolgen Sie diese einfachen Schritte :<\/p>\n<ol>\n<li><strong>Schminken Sie sich ab und reinigen Sie Ihre Haut gr\u00fcndlich.<\/strong><\/li>\n<li><strong>Tragen Sie einige Tropfen Macadamia\u00f6l auf Ihr Gesicht auf und massieren Sie es sanft ein, damit es besser einziehen kann.<\/strong><\/li>\n<li><strong>Sie k\u00f6nnen auch ein paar Tropfen Macadamia\u00f6l in Ihre normale Feuchtigkeitscreme geben, um eine noch n\u00e4hrendere Wirkung zu erzielen.<\/strong><\/li>\n<\/ol>\n<p>Zusammenfassend l\u00e4sst sich sagen, dass das australische Walnuss\u00f6l ein echter Naturnugget ist, der zahlreiche Vorteile f\u00fcr die Sch\u00f6nheit von Haaren, Gesicht und sogar w\u00e4hrend der Schwangerschaft bietet. Sie m\u00fcssen es nur noch in Ihre t\u00e4gliche Routine integrieren, um seine au\u00dfergew\u00f6hnlichen Vorz\u00fcge voll und ganz zu genie\u00dfen!<\/p>","protected":false},"excerpt":{"rendered":"<p><strong>Verwendungen:<\/strong><\/p>\n<ol>\n<li><strong>Tragen Sie das Macadamia\u00f6l auf die L\u00e4ngen und Spitzen Ihres Haares auf und sparen Sie dabei die Haarwurzeln aus.<\/strong><\/li>\n<li><strong>Lassen Sie die Creme mindestens 30 Minuten einwirken oder \u00fcber Nacht, um eine noch intensivere Pflege zu erhalten.<\/strong><\/li>\n<li><strong>Sp\u00fclen Sie es gr\u00fcndlich mit lauwarmem Wasser aus und waschen Sie es anschlie\u00dfend wie gewohnt mit Shampoo.<\/strong><\/li>\n<\/ol>\n<p><img decoding=\"async\" class=\"size-full wp-image-5091 aligncenter\" src=\"https:\/\/www.safinel.fr\/wp-content\/uploads\/2021\/06\/BANNIERE-ICONE-SAFINEL.webp\" alt=\"Satines-R\u00fcckversicherung\" width=\"800\" height=\"200\" srcset=\"https:\/\/www.safinel.fr\/wp-content\/uploads\/2021\/06\/BANNIERE-ICONE-SAFINEL.webp 800w, https:\/\/www.safinel.fr\/wp-content\/uploads\/2021\/06\/BANNIERE-ICONE-SAFINEL-600x150.webp 600w, https:\/\/www.safinel.fr\/wp-content\/uploads\/2021\/06\/BANNIERE-ICONE-SAFINEL-768x192.webp 768w\" sizes=\"(max-width: 800px) 100vw, 800px\" \/><\/p>","protected":false},"featured_media":5485,"template":"","meta":[],"product_brand":[],"product_cat":[146,122],"product_tag":[],"class_list":{"0":"post-5484","1":"product","2":"type-product","3":"status-publish","4":"has-post-thumbnail","6":"product_cat-produit-cheveux","7":"product_cat-huile-vegetale","9":"first","10":"instock","11":"shipping-taxable","12":"purchasable","13":"product-type-simple"},"yoast_head":"<!-- This site is optimized with the Yoast SEO plugin v26.6 - https:\/\/yoast.com\/wordpress\/plugins\/seo\/ -->\n<title>Huile de macadamia I Bienfaits nombreux pour les cheveux<\/title>\n<meta name=\"description\" content=\"Dans le domaine des soins naturels pour la peau, les cheveux et m\u00eame la grossesse, l&#039;huile de macadamia\u00a0est une v\u00e9ritable star.\" \/>\n<meta name=\"robots\" content=\"index, follow, max-snippet:-1, max-image-preview:large, max-video-preview:-1\" \/>\n<link rel=\"canonical\" href=\"https:\/\/www.safinel.fr\/de\/product-2\/macadamiaol\/\" \/>\n<meta property=\"og:locale\" content=\"de_DE\" \/>\n<meta property=\"og:type\" content=\"article\" \/>\n<meta property=\"og:title\" content=\"Huile de macadamia I Bienfaits nombreux pour les cheveux\" \/>\n<meta property=\"og:description\" content=\"Dans le domaine des soins naturels pour la peau, les cheveux et m\u00eame la grossesse, l&#039;huile de macadamia\u00a0est une v\u00e9ritable star.\" \/>\n<meta property=\"og:url\" content=\"https:\/\/www.safinel.fr\/de\/product-2\/macadamiaol\/\" \/>\n<meta property=\"og:site_name\" content=\"Safinel\" \/>\n<meta property=\"article:modified_time\" content=\"2023-12-28T17:15:55+00:00\" \/>\n<meta property=\"og:image\" content=\"https:\/\/www.safinel.fr\/wp-content\/uploads\/2023\/04\/Huile-de-macadamia.jpg\" \/>\n\t<meta property=\"og:image:width\" content=\"600\" \/>\n\t<meta property=\"og:image:height\" content=\"600\" \/>\n\t<meta property=\"og:image:type\" content=\"image\/jpeg\" \/>\n<meta name=\"twitter:card\" content=\"summary_large_image\" \/>\n<meta name=\"twitter:label1\" content=\"Gesch\u00e4tzte Lesezeit\" \/>\n\t<meta name=\"twitter:data1\" content=\"4\u00a0Minuten\" \/>\n<script type=\"application\/ld+json\" class=\"yoast-schema-graph\">{\"@context\":\"https:\/\/schema.org\",\"@graph\":[{\"@type\":\"WebPage\",\"@id\":\"https:\/\/www.safinel.fr\/produit\/huile-de-macadamia\/\",\"url\":\"https:\/\/www.safinel.fr\/produit\/huile-de-macadamia\/\",\"name\":\"Huile de macadamia I Bienfaits nombreux pour les cheveux\",\"isPartOf\":{\"@id\":\"https:\/\/www.safinel.fr\/#website\"},\"primaryImageOfPage\":{\"@id\":\"https:\/\/www.safinel.fr\/produit\/huile-de-macadamia\/#primaryimage\"},\"image\":{\"@id\":\"https:\/\/www.safinel.fr\/produit\/huile-de-macadamia\/#primaryimage\"},\"thumbnailUrl\":\"https:\/\/www.safinel.fr\/wp-content\/uploads\/2023\/04\/Huile-de-macadamia.jpg\",\"datePublished\":\"2023-04-14T18:17:39+00:00\",\"dateModified\":\"2023-12-28T17:15:55+00:00\",\"description\":\"Dans le domaine des soins naturels pour la peau, les cheveux et m\u00eame la grossesse, l'huile de macadamia\u00a0est une v\u00e9ritable star.\",\"breadcrumb\":{\"@id\":\"https:\/\/www.safinel.fr\/produit\/huile-de-macadamia\/#breadcrumb\"},\"inLanguage\":\"de\",\"potentialAction\":[{\"@type\":\"ReadAction\",\"target\":[\"https:\/\/www.safinel.fr\/produit\/huile-de-macadamia\/\"]}]},{\"@type\":\"ImageObject\",\"inLanguage\":\"de\",\"@id\":\"https:\/\/www.safinel.fr\/produit\/huile-de-macadamia\/#primaryimage\",\"url\":\"https:\/\/www.safinel.fr\/wp-content\/uploads\/2023\/04\/Huile-de-macadamia.jpg\",\"contentUrl\":\"https:\/\/www.safinel.fr\/wp-content\/uploads\/2023\/04\/Huile-de-macadamia.jpg\",\"width\":600,\"height\":600,\"caption\":\"Huile de macadamia\"},{\"@type\":\"BreadcrumbList\",\"@id\":\"https:\/\/www.safinel.fr\/produit\/huile-de-macadamia\/#breadcrumb\",\"itemListElement\":[{\"@type\":\"ListItem\",\"position\":1,\"name\":\"Accueil\",\"item\":\"https:\/\/www.safinel.fr\/\"},{\"@type\":\"ListItem\",\"position\":2,\"name\":\"Boutique\",\"item\":\"https:\/\/www.safinel.fr\/boutique\/\"},{\"@type\":\"ListItem\",\"position\":3,\"name\":\"Huile de macadamia 100ml\"}]},{\"@type\":\"WebSite\",\"@id\":\"https:\/\/www.safinel.fr\/#website\",\"url\":\"https:\/\/www.safinel.fr\/\",\"name\":\"Safinel\",\"description\":\"\",\"publisher\":{\"@id\":\"https:\/\/www.safinel.fr\/#organization\"},\"potentialAction\":[{\"@type\":\"SearchAction\",\"target\":{\"@type\":\"EntryPoint\",\"urlTemplate\":\"https:\/\/www.safinel.fr\/?s={search_term_string}\"},\"query-input\":{\"@type\":\"PropertyValueSpecification\",\"valueRequired\":true,\"valueName\":\"search_term_string\"}}],\"inLanguage\":\"de\"},{\"@type\":\"Organization\",\"@id\":\"https:\/\/www.safinel.fr\/#organization\",\"name\":\"Safinel\",\"url\":\"https:\/\/www.safinel.fr\/\",\"logo\":{\"@type\":\"ImageObject\",\"inLanguage\":\"de\",\"@id\":\"https:\/\/www.safinel.fr\/#\/schema\/logo\/image\/\",\"url\":\"https:\/\/www.safinel.fr\/wp-content\/uploads\/2021\/05\/boutique-cosmetique.png\",\"contentUrl\":\"https:\/\/www.safinel.fr\/wp-content\/uploads\/2021\/05\/boutique-cosmetique.png\",\"width\":800,\"height\":200,\"caption\":\"Safinel\"},\"image\":{\"@id\":\"https:\/\/www.safinel.fr\/#\/schema\/logo\/image\/\"}}]}<\/script>\n<!-- \/ Yoast SEO plugin. -->","yoast_head_json":{"title":"Macadamia\u00f6l I Zahlreiche Vorteile f\u00fcr das Haar","description":"Im Bereich der nat\u00fcrlichen Pflege f\u00fcr Haut, Haare und sogar w\u00e4hrend der Schwangerschaft ist Macadamia\u00f6l ein echter Star.","robots":{"index":"index","follow":"follow","max-snippet":"max-snippet:-1","max-image-preview":"max-image-preview:large","max-video-preview":"max-video-preview:-1"},"canonical":"https:\/\/www.safinel.fr\/de\/product-2\/macadamiaol\/","og_locale":"de_DE","og_type":"article","og_title":"Huile de macadamia I Bienfaits nombreux pour les cheveux","og_description":"Dans le domaine des soins naturels pour la peau, les cheveux et m\u00eame la grossesse, l'huile de macadamia\u00a0est une v\u00e9ritable star.","og_url":"https:\/\/www.safinel.fr\/de\/product-2\/macadamiaol\/","og_site_name":"Safinel","article_modified_time":"2023-12-28T17:15:55+00:00","og_image":[{"width":600,"height":600,"url":"https:\/\/www.safinel.fr\/wp-content\/uploads\/2023\/04\/Huile-de-macadamia.jpg","type":"image\/jpeg"}],"twitter_card":"summary_large_image","twitter_misc":{"Gesch\u00e4tzte Lesezeit":"4\u00a0Minuten"},"schema":{"@context":"https:\/\/schema.org","@graph":[{"@type":"WebPage","@id":"https:\/\/www.safinel.fr\/produit\/huile-de-macadamia\/","url":"https:\/\/www.safinel.fr\/produit\/huile-de-macadamia\/","name":"Macadamia\u00f6l I Zahlreiche Vorteile f\u00fcr das Haar","isPartOf":{"@id":"https:\/\/www.safinel.fr\/#website"},"primaryImageOfPage":{"@id":"https:\/\/www.safinel.fr\/produit\/huile-de-macadamia\/#primaryimage"},"image":{"@id":"https:\/\/www.safinel.fr\/produit\/huile-de-macadamia\/#primaryimage"},"thumbnailUrl":"https:\/\/www.safinel.fr\/wp-content\/uploads\/2023\/04\/Huile-de-macadamia.jpg","datePublished":"2023-04-14T18:17:39+00:00","dateModified":"2023-12-28T17:15:55+00:00","description":"Im Bereich der nat\u00fcrlichen Pflege f\u00fcr Haut, Haare und sogar w\u00e4hrend der Schwangerschaft ist Macadamia\u00f6l ein echter Star.","breadcrumb":{"@id":"https:\/\/www.safinel.fr\/produit\/huile-de-macadamia\/#breadcrumb"},"inLanguage":"de","potentialAction":[{"@type":"ReadAction","target":["https:\/\/www.safinel.fr\/produit\/huile-de-macadamia\/"]}]},{"@type":"ImageObject","inLanguage":"de","@id":"https:\/\/www.safinel.fr\/produit\/huile-de-macadamia\/#primaryimage","url":"https:\/\/www.safinel.fr\/wp-content\/uploads\/2023\/04\/Huile-de-macadamia.jpg","contentUrl":"https:\/\/www.safinel.fr\/wp-content\/uploads\/2023\/04\/Huile-de-macadamia.jpg","width":600,"height":600,"caption":"Huile de macadamia"},{"@type":"BreadcrumbList","@id":"https:\/\/www.safinel.fr\/produit\/huile-de-macadamia\/#breadcrumb","itemListElement":[{"@type":"ListItem","position":1,"name":"Accueil","item":"https:\/\/www.safinel.fr\/"},{"@type":"ListItem","position":2,"name":"Boutique","item":"https:\/\/www.safinel.fr\/boutique\/"},{"@type":"ListItem","position":3,"name":"Huile de macadamia 100ml"}]},{"@type":"WebSite","@id":"https:\/\/www.safinel.fr\/#website","url":"https:\/\/www.safinel.fr\/","name":"Safinel","description":"","publisher":{"@id":"https:\/\/www.safinel.fr\/#organization"},"potentialAction":[{"@type":"SearchAction","target":{"@type":"EntryPoint","urlTemplate":"https:\/\/www.safinel.fr\/?s={search_term_string}"},"query-input":{"@type":"PropertyValueSpecification","valueRequired":true,"valueName":"search_term_string"}}],"inLanguage":"de"},{"@type":"Organization","@id":"https:\/\/www.safinel.fr\/#organization","name":"Safinel","url":"https:\/\/www.safinel.fr\/","logo":{"@type":"ImageObject","inLanguage":"de","@id":"https:\/\/www.safinel.fr\/#\/schema\/logo\/image\/","url":"https:\/\/www.safinel.fr\/wp-content\/uploads\/2021\/05\/boutique-cosmetique.png","contentUrl":"https:\/\/www.safinel.fr\/wp-content\/uploads\/2021\/05\/boutique-cosmetique.png","width":800,"height":200,"caption":"Safinel"},"image":{"@id":"https:\/\/www.safinel.fr\/#\/schema\/logo\/image\/"}}]}},"_links":{"self":[{"href":"https:\/\/www.safinel.fr\/de\/wp-json\/wp\/v2\/product\/5484","targetHints":{"allow":["GET"]}}],"collection":[{"href":"https:\/\/www.safinel.fr\/de\/wp-json\/wp\/v2\/product"}],"about":[{"href":"https:\/\/www.safinel.fr\/de\/wp-json\/wp\/v2\/types\/product"}],"wp:featuredmedia":[{"embeddable":true,"href":"https:\/\/www.safinel.fr\/de\/wp-json\/wp\/v2\/media\/5485"}],"wp:attachment":[{"href":"https:\/\/www.safinel.fr\/de\/wp-json\/wp\/v2\/media?parent=5484"}],"wp:term":[{"taxonomy":"product_brand","embeddable":true,"href":"https:\/\/www.safinel.fr\/de\/wp-json\/wp\/v2\/product_brand?post=5484"},{"taxonomy":"product_cat","embeddable":true,"href":"https:\/\/www.safinel.fr\/de\/wp-json\/wp\/v2\/product_cat?post=5484"},{"taxonomy":"product_tag","embeddable":true,"href":"https:\/\/www.safinel.fr\/de\/wp-json\/wp\/v2\/product_tag?post=5484"}],"curies":[{"name":"wp","href":"https:\/\/api.w.org\/{rel}","templated":true}]}}