{"id":5441,"date":"2023-04-11T16:18:35","date_gmt":"2023-04-11T16:18:35","guid":{"rendered":"https:\/\/www.safinel.fr\/?post_type=product&#038;p=5441"},"modified":"2023-12-28T17:15:54","modified_gmt":"2023-12-28T17:15:54","slug":"habbat-al-moulouk","status":"publish","type":"product","link":"https:\/\/www.safinel.fr\/de\/product-2\/habbat-al-moulouk\/","title":{"rendered":"5 Samen von Habbat al Moulouk"},"content":{"rendered":"<p>Seit Jahrhunderten werden Pflanzen wegen ihrer gesundheitlichen Vorteile und insbesondere zur Linderung bestimmter Alltagsbeschwerden verwendet. Dazu geh\u00f6rt auch die ber\u00fchmte Habbat al Moulouk, eine Pflanze, die f\u00fcr ihre stark abf\u00fchrenden Eigenschaften bekannt ist. In diesem Artikel erfahren Sie mehr \u00fcber diese unbekannte Pflanze und wie Sie sie verwenden k\u00f6nnen, um wieder einen harmonischen Stuhlgang zu erreichen.<\/p>\n<h2><strong>Warum sollte man Habbat al Moulouk als nat\u00fcrliches Abf\u00fchrmittel w\u00e4hlen?<\/strong><\/h2>\n<p>Menschen, die unter Verstopfung leiden, suchen oft nach L\u00f6sungen, um ihre Darmpassage zu erleichtern. Obwohl es mehrere Medikamente auf dem Markt gibt, kann die Entscheidung f\u00fcr eine nat\u00fcrliche Behandlung eine interessante Alternative sein, die weniger invasiv f\u00fcr den K\u00f6rper ist. Es ist eine Pflanze mit abf\u00fchrenden Eigenschaften, die seit Jahrtausenden bekannt sind.<\/p>\n<h3><strong>Effektive Wirkstoffe<\/strong><\/h3>\n<p>Das Besondere an diesem nat\u00fcrlichen Abf\u00fchrmittel ist sein Reichtum an Wirkstoffen mit abf\u00fchrender Wirkung.<\/p>\n<p><strong>Darunter befinden sich unter anderem:<\/strong><\/p>\n<ul>\n<li><strong>\u00c4therische \u00d6le, die die Kontraktion des Darms f\u00f6rdern;<\/strong><\/li>\n<li><strong>Anthrachinone, chemische Verbindungen, die den Stuhlgang anregen;<\/strong><\/li>\n<li><strong>Ballaststoffe, die es erm\u00f6glichen, den Stuhlgang zu erleichtern.<\/strong><\/li>\n<\/ul>\n<h3><strong>Eine traditionelle Verwendung bei Verstopfung<\/strong><\/h3>\n<p>Habbat al Moulouk ist eine Heilpflanze, die seit Jahrhunderten von traditionellen Heilern und in der persischen Medizin verwendet wird. Ihre Wirksamkeit als nat\u00fcrliches Abf\u00fchrmittel wird daher durch eine lange Geschichte der Verwendung gest\u00fctzt.<\/p>\n<h2><strong>Wie verwende ich Habbat al Moulouk, um Verstopfung zu lindern?<\/strong><\/h2>\n<p>Es gibt verschiedene M\u00f6glichkeiten, Habbat al Moulouk zu verwenden, um von seiner abf\u00fchrenden Wirkung zu profitieren. Hier sind einige Methoden:<\/p>\n<ul>\n<li><strong>Als Aufguss\u00a0<\/strong>: Die h\u00e4ufigste Art, diese Pflanze zu verwenden, ist in Form eines Aufgusses. Kochen Sie einfach Wasser und f\u00fcgen Sie einige zerdr\u00fcckte Samen von Habbat al Moulouk hinzu. Lassen Sie den Tee etwa zehn Minuten lang ziehen, filtern Sie ihn dann ab und trinken Sie ihn lauwarm. Achten Sie darauf, dass Sie nicht mehr als eine Tasse pro Tag zu sich nehmen, um m\u00f6gliche Nebenwirkungen zu vermeiden.<\/li>\n<li><a href=\"https:\/\/www.safinel.fr\/de\/product-category-2\/gelules\/\"><strong>Kapseln<\/strong><\/a> : Wer eine bequemere L\u00f6sung bevorzugt, kann Habbat al Moulouk-Kapseln in der Apotheke oder im Fachgesch\u00e4ft kaufen. Befolgen Sie sorgf\u00e4ltig die Empfehlungen des Herstellers bez\u00fcglich der Dosierung und der Dauer der Behandlung.<\/li>\n<li><strong>In Pulverform<\/strong> Sie k\u00f6nnen die Pflanze auch in Pulverform zu sich nehmen und z. B. mit Joghurt oder Kompott mischen. Achten Sie jedoch darauf, dass Sie die empfohlene Menge nicht \u00fcberschreiten.<\/li>\n<\/ul>\n<h2><strong>Vorsichtsma\u00dfnahmen und Kontraindikationen mit diesen Samen\u00a0<\/strong><b>nat\u00fcrlichen<\/b><\/h2>\n<p>Wie bei jeder nat\u00fcrlichen Behandlung. Bei der Verwendung dieser Samen als Abf\u00fchrmittel sind einige Vorsichtsma\u00dfnahmen zu beachten:<\/p>\n<ul>\n<li>Konsultieren Sie immer Ihren Arzt, bevor Sie diese Pflanze verwenden, besonders wenn Sie bereits Medikamente einnehmen, unter besonderen gesundheitlichen Problemen leiden oder schwanger sind;<\/li>\n<li>\u00dcberschreiten Sie nicht die empfohlene Dosis und halten Sie sich an die Behandlungsdauer;<\/li>\n<li>Verwenden Sie dieses Naturprodukt ohne \u00e4rztlichen Rat nicht \u00fcber einen l\u00e4ngeren Zeitraum, da dies zu einer Gew\u00f6hnung f\u00fchren und die normale Funktion der Darmt\u00e4tigkeit beeintr\u00e4chtigen kann;<\/li>\n<li>Manche Menschen k\u00f6nnen gegen diese Pflanze allergisch sein. Im Falle einer allergischen Reaktion beenden Sie sofort die Anwendung und suchen Sie einen Arzt auf.<\/li>\n<\/ul>\n<h2><strong>Habbat al Moulouk: Ein Verb\u00fcndeter f\u00fcr Ihren Darmtransit<\/strong><\/h2>\n<p>Zusammenfassend l\u00e4sst sich sagen, dass Habbat al Moulouk eine Pflanze mit starken abf\u00fchrenden Eigenschaften ist, die bei vor\u00fcbergehenden Verstopfungsepisoden eine wirksame und nat\u00fcrliche Linderung bewirken kann. Es ist jedoch wichtig, dass Sie die Anwendungshinweise genau befolgen und im Zweifelsfall oder bei anhaltenden Symptomen einen Arzt aufsuchen.<\/p>\n<h3><strong>Zusammenfassend l\u00e4sst sich sagen, dass das Habbat al Moulouk :<\/strong><\/h3>\n<ol>\n<li>Ist eine stark abf\u00fchrende Pflanze, die seit Jahrhunderten verwendet wird;<\/li>\n<li>Besitzt Wirkstoffe, die f\u00fcr die Darmt\u00e4tigkeit f\u00f6rderlich sind;<\/li>\n<li>Kann in verschiedenen Formen verwendet werden, z. B. als Tee oder in Kapseln;<\/li>\n<li>Erfordert bestimmte Vorsichtsma\u00dfnahmen bei der Anwendung und bei Bedarf die Konsultation eines Arztes.<\/li>\n<\/ol>\n<p>Z\u00f6gern Sie also nicht l\u00e4nger und probieren Sie diese nat\u00fcrliche L\u00f6sung aus, um Ihren Darm sanft wieder in Gang zu bringen und sich von Verstopfungsproblemen zu verabschieden!<\/p>","protected":false},"excerpt":{"rendered":"<p><strong>Verwendungen:<\/strong><\/p>\n<ul>\n<li><strong>Als Aufguss\u00a0<\/strong>: Die h\u00e4ufigste Art, diese Pflanze zu verwenden, ist in Form eines Aufgusses. Kochen Sie einfach Wasser und f\u00fcgen Sie einige zerdr\u00fcckte Samen von Habbat al Moulouk hinzu. Lassen Sie den Tee etwa zehn Minuten lang ziehen, filtern Sie ihn dann ab und trinken Sie ihn lauwarm. Achten Sie darauf, dass Sie nicht mehr als eine Tasse pro Tag zu sich nehmen, um m\u00f6gliche Nebenwirkungen zu vermeiden.<\/li>\n<li><strong>Kapseln<\/strong> : Wer eine bequemere L\u00f6sung bevorzugt, kann Habbat al Moulouk-Kapseln in der Apotheke oder im Fachgesch\u00e4ft kaufen. Befolgen Sie sorgf\u00e4ltig die Empfehlungen des Herstellers bez\u00fcglich der Dosierung und der Dauer der Behandlung.<\/li>\n<li><strong>In Pulverform<\/strong> Sie k\u00f6nnen die Pflanze auch in Pulverform zu sich nehmen und z. B. mit Joghurt oder Kompott mischen. Achten Sie jedoch darauf, dass Sie die empfohlene Menge nicht \u00fcberschreiten.<\/li>\n<\/ul>\n<p><img decoding=\"async\" class=\"size-full wp-image-5091 aligncenter\" src=\"https:\/\/www.safinel.fr\/wp-content\/uploads\/2021\/06\/BANNIERE-ICONE-SAFINEL.webp\" alt=\"Satines-R\u00fcckversicherung\" width=\"800\" height=\"200\" srcset=\"https:\/\/www.safinel.fr\/wp-content\/uploads\/2021\/06\/BANNIERE-ICONE-SAFINEL.webp 800w, https:\/\/www.safinel.fr\/wp-content\/uploads\/2021\/06\/BANNIERE-ICONE-SAFINEL-600x150.webp 600w, https:\/\/www.safinel.fr\/wp-content\/uploads\/2021\/06\/BANNIERE-ICONE-SAFINEL-768x192.webp 768w\" sizes=\"(max-width: 800px) 100vw, 800px\" \/><\/p>","protected":false},"featured_media":5443,"template":"","meta":[],"product_brand":[],"product_cat":[27],"product_tag":[],"class_list":{"0":"post-5441","1":"product","2":"type-product","3":"status-publish","4":"has-post-thumbnail","6":"product_cat-plantes-medicinales","8":"first","9":"outofstock","10":"shipping-taxable","11":"purchasable","12":"product-type-simple"},"yoast_head":"<!-- This site is optimized with the Yoast SEO plugin v26.6 - https:\/\/yoast.com\/wordpress\/plugins\/seo\/ -->\n<title>Habbat Al Moulouk I Graines naturelles aux bienfaits nombreux<\/title>\n<meta name=\"description\" content=\"Dans cet article, nous vous proposons de d\u00e9couvrir Habbat Al Moulouk cette plante m\u00e9connue qui poss\u00e8des des bienfaits nombreux.\" \/>\n<meta name=\"robots\" content=\"index, follow, max-snippet:-1, max-image-preview:large, max-video-preview:-1\" \/>\n<link rel=\"canonical\" href=\"https:\/\/www.safinel.fr\/de\/product-2\/habbat-al-moulouk\/\" \/>\n<meta property=\"og:locale\" content=\"de_DE\" \/>\n<meta property=\"og:type\" content=\"article\" \/>\n<meta property=\"og:title\" content=\"Habbat Al Moulouk I Graines naturelles aux bienfaits nombreux\" \/>\n<meta property=\"og:description\" content=\"Dans cet article, nous vous proposons de d\u00e9couvrir Habbat Al Moulouk cette plante m\u00e9connue qui poss\u00e8des des bienfaits nombreux.\" \/>\n<meta property=\"og:url\" content=\"https:\/\/www.safinel.fr\/de\/product-2\/habbat-al-moulouk\/\" \/>\n<meta property=\"og:site_name\" content=\"Safinel\" \/>\n<meta property=\"article:modified_time\" content=\"2023-12-28T17:15:54+00:00\" \/>\n<meta property=\"og:image\" content=\"https:\/\/www.safinel.fr\/wp-content\/uploads\/2023\/04\/graines-de-habbat-al-moulouk.jpg\" \/>\n\t<meta property=\"og:image:width\" content=\"600\" \/>\n\t<meta property=\"og:image:height\" content=\"600\" \/>\n\t<meta property=\"og:image:type\" content=\"image\/jpeg\" \/>\n<meta name=\"twitter:card\" content=\"summary_large_image\" \/>\n<meta name=\"twitter:label1\" content=\"Gesch\u00e4tzte Lesezeit\" \/>\n\t<meta name=\"twitter:data1\" content=\"3\u00a0Minuten\" \/>\n<script type=\"application\/ld+json\" class=\"yoast-schema-graph\">{\"@context\":\"https:\/\/schema.org\",\"@graph\":[{\"@type\":\"WebPage\",\"@id\":\"https:\/\/www.safinel.fr\/produit\/habbat-al-moulouk\/\",\"url\":\"https:\/\/www.safinel.fr\/produit\/habbat-al-moulouk\/\",\"name\":\"Habbat Al Moulouk I Graines naturelles aux bienfaits nombreux\",\"isPartOf\":{\"@id\":\"https:\/\/www.safinel.fr\/#website\"},\"primaryImageOfPage\":{\"@id\":\"https:\/\/www.safinel.fr\/produit\/habbat-al-moulouk\/#primaryimage\"},\"image\":{\"@id\":\"https:\/\/www.safinel.fr\/produit\/habbat-al-moulouk\/#primaryimage\"},\"thumbnailUrl\":\"https:\/\/www.safinel.fr\/wp-content\/uploads\/2023\/04\/graines-de-habbat-al-moulouk.jpg\",\"datePublished\":\"2023-04-11T16:18:35+00:00\",\"dateModified\":\"2023-12-28T17:15:54+00:00\",\"description\":\"Dans cet article, nous vous proposons de d\u00e9couvrir Habbat Al Moulouk cette plante m\u00e9connue qui poss\u00e8des des bienfaits nombreux.\",\"breadcrumb\":{\"@id\":\"https:\/\/www.safinel.fr\/produit\/habbat-al-moulouk\/#breadcrumb\"},\"inLanguage\":\"de\",\"potentialAction\":[{\"@type\":\"ReadAction\",\"target\":[\"https:\/\/www.safinel.fr\/produit\/habbat-al-moulouk\/\"]}]},{\"@type\":\"ImageObject\",\"inLanguage\":\"de\",\"@id\":\"https:\/\/www.safinel.fr\/produit\/habbat-al-moulouk\/#primaryimage\",\"url\":\"https:\/\/www.safinel.fr\/wp-content\/uploads\/2023\/04\/graines-de-habbat-al-moulouk.jpg\",\"contentUrl\":\"https:\/\/www.safinel.fr\/wp-content\/uploads\/2023\/04\/graines-de-habbat-al-moulouk.jpg\",\"width\":600,\"height\":600,\"caption\":\"5 graines de Habbat al Moulouk\"},{\"@type\":\"BreadcrumbList\",\"@id\":\"https:\/\/www.safinel.fr\/produit\/habbat-al-moulouk\/#breadcrumb\",\"itemListElement\":[{\"@type\":\"ListItem\",\"position\":1,\"name\":\"Accueil\",\"item\":\"https:\/\/www.safinel.fr\/\"},{\"@type\":\"ListItem\",\"position\":2,\"name\":\"Boutique\",\"item\":\"https:\/\/www.safinel.fr\/boutique\/\"},{\"@type\":\"ListItem\",\"position\":3,\"name\":\"5 graines de Habbat al Moulouk\"}]},{\"@type\":\"WebSite\",\"@id\":\"https:\/\/www.safinel.fr\/#website\",\"url\":\"https:\/\/www.safinel.fr\/\",\"name\":\"Safinel\",\"description\":\"\",\"publisher\":{\"@id\":\"https:\/\/www.safinel.fr\/#organization\"},\"potentialAction\":[{\"@type\":\"SearchAction\",\"target\":{\"@type\":\"EntryPoint\",\"urlTemplate\":\"https:\/\/www.safinel.fr\/?s={search_term_string}\"},\"query-input\":{\"@type\":\"PropertyValueSpecification\",\"valueRequired\":true,\"valueName\":\"search_term_string\"}}],\"inLanguage\":\"de\"},{\"@type\":\"Organization\",\"@id\":\"https:\/\/www.safinel.fr\/#organization\",\"name\":\"Safinel\",\"url\":\"https:\/\/www.safinel.fr\/\",\"logo\":{\"@type\":\"ImageObject\",\"inLanguage\":\"de\",\"@id\":\"https:\/\/www.safinel.fr\/#\/schema\/logo\/image\/\",\"url\":\"https:\/\/www.safinel.fr\/wp-content\/uploads\/2021\/05\/boutique-cosmetique.png\",\"contentUrl\":\"https:\/\/www.safinel.fr\/wp-content\/uploads\/2021\/05\/boutique-cosmetique.png\",\"width\":800,\"height\":200,\"caption\":\"Safinel\"},\"image\":{\"@id\":\"https:\/\/www.safinel.fr\/#\/schema\/logo\/image\/\"}}]}<\/script>\n<!-- \/ Yoast SEO plugin. -->","yoast_head_json":{"title":"Habbat Al Moulouk I Nat\u00fcrliche Samen mit vielen Vorteilen","description":"In diesem Artikel erfahren Sie mehr \u00fcber Habbat Al Moulouk, eine unbekannte Pflanze mit vielen Vorteilen.","robots":{"index":"index","follow":"follow","max-snippet":"max-snippet:-1","max-image-preview":"max-image-preview:large","max-video-preview":"max-video-preview:-1"},"canonical":"https:\/\/www.safinel.fr\/de\/product-2\/habbat-al-moulouk\/","og_locale":"de_DE","og_type":"article","og_title":"Habbat Al Moulouk I Graines naturelles aux bienfaits nombreux","og_description":"Dans cet article, nous vous proposons de d\u00e9couvrir Habbat Al Moulouk cette plante m\u00e9connue qui poss\u00e8des des bienfaits nombreux.","og_url":"https:\/\/www.safinel.fr\/de\/product-2\/habbat-al-moulouk\/","og_site_name":"Safinel","article_modified_time":"2023-12-28T17:15:54+00:00","og_image":[{"width":600,"height":600,"url":"https:\/\/www.safinel.fr\/wp-content\/uploads\/2023\/04\/graines-de-habbat-al-moulouk.jpg","type":"image\/jpeg"}],"twitter_card":"summary_large_image","twitter_misc":{"Gesch\u00e4tzte Lesezeit":"3\u00a0Minuten"},"schema":{"@context":"https:\/\/schema.org","@graph":[{"@type":"WebPage","@id":"https:\/\/www.safinel.fr\/produit\/habbat-al-moulouk\/","url":"https:\/\/www.safinel.fr\/produit\/habbat-al-moulouk\/","name":"Habbat Al Moulouk I Nat\u00fcrliche Samen mit vielen Vorteilen","isPartOf":{"@id":"https:\/\/www.safinel.fr\/#website"},"primaryImageOfPage":{"@id":"https:\/\/www.safinel.fr\/produit\/habbat-al-moulouk\/#primaryimage"},"image":{"@id":"https:\/\/www.safinel.fr\/produit\/habbat-al-moulouk\/#primaryimage"},"thumbnailUrl":"https:\/\/www.safinel.fr\/wp-content\/uploads\/2023\/04\/graines-de-habbat-al-moulouk.jpg","datePublished":"2023-04-11T16:18:35+00:00","dateModified":"2023-12-28T17:15:54+00:00","description":"In diesem Artikel erfahren Sie mehr \u00fcber Habbat Al Moulouk, eine unbekannte Pflanze mit vielen Vorteilen.","breadcrumb":{"@id":"https:\/\/www.safinel.fr\/produit\/habbat-al-moulouk\/#breadcrumb"},"inLanguage":"de","potentialAction":[{"@type":"ReadAction","target":["https:\/\/www.safinel.fr\/produit\/habbat-al-moulouk\/"]}]},{"@type":"ImageObject","inLanguage":"de","@id":"https:\/\/www.safinel.fr\/produit\/habbat-al-moulouk\/#primaryimage","url":"https:\/\/www.safinel.fr\/wp-content\/uploads\/2023\/04\/graines-de-habbat-al-moulouk.jpg","contentUrl":"https:\/\/www.safinel.fr\/wp-content\/uploads\/2023\/04\/graines-de-habbat-al-moulouk.jpg","width":600,"height":600,"caption":"5 graines de Habbat al Moulouk"},{"@type":"BreadcrumbList","@id":"https:\/\/www.safinel.fr\/produit\/habbat-al-moulouk\/#breadcrumb","itemListElement":[{"@type":"ListItem","position":1,"name":"Accueil","item":"https:\/\/www.safinel.fr\/"},{"@type":"ListItem","position":2,"name":"Boutique","item":"https:\/\/www.safinel.fr\/boutique\/"},{"@type":"ListItem","position":3,"name":"5 graines de Habbat al Moulouk"}]},{"@type":"WebSite","@id":"https:\/\/www.safinel.fr\/#website","url":"https:\/\/www.safinel.fr\/","name":"Safinel","description":"","publisher":{"@id":"https:\/\/www.safinel.fr\/#organization"},"potentialAction":[{"@type":"SearchAction","target":{"@type":"EntryPoint","urlTemplate":"https:\/\/www.safinel.fr\/?s={search_term_string}"},"query-input":{"@type":"PropertyValueSpecification","valueRequired":true,"valueName":"search_term_string"}}],"inLanguage":"de"},{"@type":"Organization","@id":"https:\/\/www.safinel.fr\/#organization","name":"Safinel","url":"https:\/\/www.safinel.fr\/","logo":{"@type":"ImageObject","inLanguage":"de","@id":"https:\/\/www.safinel.fr\/#\/schema\/logo\/image\/","url":"https:\/\/www.safinel.fr\/wp-content\/uploads\/2021\/05\/boutique-cosmetique.png","contentUrl":"https:\/\/www.safinel.fr\/wp-content\/uploads\/2021\/05\/boutique-cosmetique.png","width":800,"height":200,"caption":"Safinel"},"image":{"@id":"https:\/\/www.safinel.fr\/#\/schema\/logo\/image\/"}}]}},"_links":{"self":[{"href":"https:\/\/www.safinel.fr\/de\/wp-json\/wp\/v2\/product\/5441","targetHints":{"allow":["GET"]}}],"collection":[{"href":"https:\/\/www.safinel.fr\/de\/wp-json\/wp\/v2\/product"}],"about":[{"href":"https:\/\/www.safinel.fr\/de\/wp-json\/wp\/v2\/types\/product"}],"wp:featuredmedia":[{"embeddable":true,"href":"https:\/\/www.safinel.fr\/de\/wp-json\/wp\/v2\/media\/5443"}],"wp:attachment":[{"href":"https:\/\/www.safinel.fr\/de\/wp-json\/wp\/v2\/media?parent=5441"}],"wp:term":[{"taxonomy":"product_brand","embeddable":true,"href":"https:\/\/www.safinel.fr\/de\/wp-json\/wp\/v2\/product_brand?post=5441"},{"taxonomy":"product_cat","embeddable":true,"href":"https:\/\/www.safinel.fr\/de\/wp-json\/wp\/v2\/product_cat?post=5441"},{"taxonomy":"product_tag","embeddable":true,"href":"https:\/\/www.safinel.fr\/de\/wp-json\/wp\/v2\/product_tag?post=5441"}],"curies":[{"name":"wp","href":"https:\/\/api.w.org\/{rel}","templated":true}]}}