{"id":5404,"date":"2023-04-09T17:45:09","date_gmt":"2023-04-09T17:45:09","guid":{"rendered":"https:\/\/www.safinel.fr\/?post_type=product&#038;p=5404"},"modified":"2024-02-27T21:18:52","modified_gmt":"2024-02-27T21:18:52","slug":"natrium-lauroyl-methyl-isethionate-slmi","status":"publish","type":"product","link":"https:\/\/www.safinel.fr\/de\/product-2\/natrium-lauroyl-methyl-isethionate-slmi\/","title":{"rendered":"Sodium Lauroyl Methyl Isethionate (SLMI)"},"content":{"rendered":"<p>Sie sind auf der Suche nach Sodium Lauroyl Methyl Isethionate (SLMI), einer nat\u00fcrlichen oberfl\u00e4chenaktiven Verbindung f\u00fcr Ihre Kosmetikprodukte? Dann sind Sie hier genau richtig! In diesem Artikel bieten wir Ihnen einen umfassenden Leitfaden f\u00fcr den Online-Kauf und die Verwendung dieses vielseitigen Produkts mit seinen zahlreichen Vorteilen. Erfahren Sie, warum SLMI zu einem unverzichtbaren Inhaltsstoff in der Kosmetikindustrie geworden ist.<\/p>\n<h2><strong>Was ist Sodium Lauroyl Methyl Isethionate (SLMI)?<\/strong><\/h2>\n<p>Sodium Lauroyl Methyl Isethionate, auch SLMI genannt, ist ein mildes Tensid nat\u00fcrlichen Ursprungs. Es dient haupts\u00e4chlich als Reinigungs- und Schaummittel in Shampoo- und Duschgelformeln, <a href=\"https:\/\/www.safinel.fr\/de\/product-category-2\/seife\/\"><strong>Fl\u00fcssigseifen<\/strong><\/a> und andere Pflegeprodukte f\u00fcr Haut und Haar.<\/p>\n<p>SLMI wird in der Regel aus Laurins\u00e4ure hergestellt, einer Fetts\u00e4ure, die in Kokosnuss\u00f6l vorkommt. Aufgrund ihrer spezifischen chemischen Struktur besitzt sie hochl\u00f6sliche Eigenschaften, die einen reichhaltigen, cremigen Schaum erzeugen und dabei hautfreundlich und umweltvertr\u00e4glich sind.<\/p>\n<h3><strong>Die Vorteile von Sodium Lauroyl Methyl Isethionate<\/strong><\/h3>\n<p>SLMI hat viele Vorteile f\u00fcr kosmetische Produkte, darunter :<\/p>\n<ul>\n<li><strong>Seine Weichheit<\/strong> : Im Gegensatz zu anderen, aggressiveren Tensiden, die die Haut oder Kopfhaut reizen k\u00f6nnen. SLMI ist f\u00fcr seine Sanftheit und seine R\u00fccksichtnahme auf empfindliche Haut bekannt.<\/li>\n<li><strong>Sein cremiger Schaum<\/strong> : SLMI erzeugt einen reichhaltigen, cremigen Schaum, der die Haut effektiv reinigt und sich dabei angenehm anf\u00fchlt.<\/li>\n<li><strong>Seine biologische Abbaubarkeit<\/strong> SLMI ist ein umweltfreundlicher Inhaltsstoff, der in der Umwelt leicht abgebaut wird. Das macht es zu einer verantwortungsbewussten Wahl, um unseren Planeten zu erhalten.<\/li>\n<li><strong>Sein nat\u00fcrlicher Ursprung<\/strong> : Hergestellt auf der Basis von Laurins\u00e4ure aus der\u2019<a href=\"https:\/\/www.safinel.fr\/de\/product-2\/kokosnussol-extra-vergine-biozertifiziert-100ml\/\"><strong>Kokosnuss\u00f6l<\/strong><\/a>, SLMI ist ein pflanzliches und erneuerbares Produkt.<\/li>\n<\/ul>\n<h2><strong>Wo kann ich Sodium Lauroyl Methyl Isethionate online kaufen?<\/strong><\/h2>\n<p>Um sich SLMI zu beschaffen, stehen Ihnen mehrere M\u00f6glichkeiten zur Verf\u00fcgung. Wir haben die besten Alternativen f\u00fcr Sie zusammengestellt, damit Sie Ihr Sodium Lauroyl Methyl Isethionate online, sicher und zu den besten Preisen kaufen k\u00f6nnen.<\/p>\n<h3><strong>Fachgesch\u00e4fte f\u00fcr kosmetische Inhaltsstoffe<\/strong><\/h3>\n<p>Viele Online-Shops bieten hochwertige und nat\u00fcrliche kosmetische Inhaltsstoffe an, darunter auch Sodium Lauroyl Methyl Isethionate. Diese Seiten bieten in der Regel eine gro\u00dfe Auswahl an Produkten und erm\u00f6glichen es Ihnen, die Preise zu vergleichen, um das beste Angebot zu finden.<\/p>\n<h3><strong>Online-Verkaufsplattformen<\/strong><\/h3>\n<p>Auch Plattformen wie Amazon, eBay oder Alibaba bieten SLMI zum Verkauf an. Es ist wichtig, dass Sie vor dem Kauf die Angaben des Verk\u00e4ufers genau pr\u00fcfen und Kundenbewertungen lesen. So k\u00f6nnen Sie sich von der Qualit\u00e4t des Produkts \u00fcberzeugen.<\/p>\n<h3><strong>Industrielle Zulieferer<\/strong><\/h3>\n<p>Wenn Sie ein Unternehmen vertreten und SLMI in gro\u00dfen Mengen kaufen m\u00f6chten. Am besten wenden Sie sich direkt an die industriellen Hersteller und Lieferanten. Diese k\u00f6nnen Ihnen g\u00fcnstige Preise und Lieferbedingungen anbieten, die auf Ihre Bed\u00fcrfnisse zugeschnitten sind.<\/p>\n<h2><strong>Wie k\u00f6nnen Sie SLMI in Ihren Kosmetikprodukten verwenden?<\/strong><\/h2>\n<p>SLMI ist ein vielseitiger Inhaltsstoff, der in verschiedenen kosmetischen Formeln verwendet werden kann. Hier sind einige Tipps, wie Sie seine Eigenschaften optimal nutzen k\u00f6nnen:<\/p>\n<h3><strong>Verwendung in Shampoos und Duschgelen<\/strong><\/h3>\n<p>Um ein mildes und wirksames Shampoo oder Duschgel herzustellen, mischen Sie Sodium Lauroyl Methyl Isethionate mit anderen Tensiden und f\u00fcgen Sie Wirkstoffe Ihrer Wahl hinzu (\u00e4therische \u00d6le, Pflanzenextrakte usw.). Die empfohlene Konzentration von SLMI in diesen Formulierungen schwankt normalerweise zwischen 10% und 25%.<\/p>\n<h3><strong>Verwendung in Fl\u00fcssigseifen<\/strong><\/h3>\n<p>SLMI kann anstelle oder zus\u00e4tzlich zu den \u00fcblicherweise in Fl\u00fcssigseifen enthaltenen Tensiden verwendet werden. Seine Schaumkraft und Milde sorgen f\u00fcr ein hautfreundliches und umweltfreundliches Produkt.<\/p>\n<h3><strong>Verwendung in Produkten f\u00fcr empfindliche Haut<\/strong><\/h3>\n<p>Aufgrund seiner Milde eignet sich SLMI besonders f\u00fcr Produkte, die f\u00fcr empfindliche oder zu Irritationen neigende Haut bestimmt sind. Es kann in Gesichtsreinigern, Babywaschcremes oder speziellen Pflegeprodukten f\u00fcr reaktive Haut enthalten sein.<\/p>\n<p>Zusammenfassend l\u00e4sst sich sagen, dass Sodium Lauroyl Methyl Isethionate ein nat\u00fcrliches Tensid mit vielen Vorteilen ist. Seine Milde, Schaumbildung und biologische Abbaubarkeit machen es zu einem bevorzugten Bestandteil Ihrer Kosmetikprodukte. Sie sind haut- und umweltfreundlich. Z\u00f6gern Sie nicht, die Google-Bewertungen und -Suchen zu \u00fcberpr\u00fcfen, um sicherzustellen, dass Sie den richtigen Anbieter f\u00fcr Ihren Online-Kauf von SLMI w\u00e4hlen.<\/p>","protected":false},"excerpt":{"rendered":"<p><img decoding=\"async\" class=\"size-full wp-image-5091 aligncenter\" src=\"https:\/\/www.safinel.fr\/wp-content\/uploads\/2021\/06\/BANNIERE-ICONE-SAFINEL.webp\" alt=\"Satines-R\u00fcckversicherung\" width=\"800\" height=\"200\" srcset=\"https:\/\/www.safinel.fr\/wp-content\/uploads\/2021\/06\/BANNIERE-ICONE-SAFINEL.webp 800w, https:\/\/www.safinel.fr\/wp-content\/uploads\/2021\/06\/BANNIERE-ICONE-SAFINEL-600x150.webp 600w, https:\/\/www.safinel.fr\/wp-content\/uploads\/2021\/06\/BANNIERE-ICONE-SAFINEL-768x192.webp 768w\" sizes=\"(max-width: 800px) 100vw, 800px\" \/><\/p>","protected":false},"featured_media":5409,"template":"","meta":[],"product_brand":[],"product_cat":[28],"product_tag":[],"class_list":{"0":"post-5404","1":"product","2":"type-product","3":"status-publish","4":"has-post-thumbnail","6":"product_cat-divers","8":"first","9":"outofstock","10":"shipping-taxable","11":"purchasable","12":"product-type-variable"},"yoast_head":"<!-- This site is optimized with the Yoast SEO plugin v26.6 - https:\/\/yoast.com\/wordpress\/plugins\/seo\/ -->\n<title>Sodium Lauroyl Methyl Isethionate I (SLMI) I Ses bienfaits<\/title>\n<meta name=\"description\" content=\"Vous \u00eates \u00e0 la recherche du\u00a0Sodium Lauroyl Methyl Isethionate (SLMI), un compos\u00e9 tensioactif naturel pour vos produits cosm\u00e9tiques ?\" \/>\n<meta name=\"robots\" content=\"index, follow, max-snippet:-1, max-image-preview:large, max-video-preview:-1\" \/>\n<link rel=\"canonical\" href=\"https:\/\/www.safinel.fr\/de\/product-2\/natrium-lauroyl-methyl-isethionate-slmi\/\" \/>\n<meta property=\"og:locale\" content=\"de_DE\" \/>\n<meta property=\"og:type\" content=\"article\" \/>\n<meta property=\"og:title\" content=\"Sodium Lauroyl Methyl Isethionate I (SLMI) I Ses bienfaits\" \/>\n<meta property=\"og:description\" content=\"Vous \u00eates \u00e0 la recherche du\u00a0Sodium Lauroyl Methyl Isethionate (SLMI), un compos\u00e9 tensioactif naturel pour vos produits cosm\u00e9tiques ?\" \/>\n<meta property=\"og:url\" content=\"https:\/\/www.safinel.fr\/de\/product-2\/natrium-lauroyl-methyl-isethionate-slmi\/\" \/>\n<meta property=\"og:site_name\" content=\"Safinel\" \/>\n<meta property=\"article:modified_time\" content=\"2024-02-27T21:18:52+00:00\" \/>\n<meta property=\"og:image\" content=\"https:\/\/www.safinel.fr\/wp-content\/uploads\/2023\/04\/Sodium-Lauroyl-Methyl-Isethionate.jpg\" \/>\n\t<meta property=\"og:image:width\" content=\"600\" \/>\n\t<meta property=\"og:image:height\" content=\"600\" \/>\n\t<meta property=\"og:image:type\" content=\"image\/jpeg\" \/>\n<meta name=\"twitter:card\" content=\"summary_large_image\" \/>\n<meta name=\"twitter:label1\" content=\"Gesch\u00e4tzte Lesezeit\" \/>\n\t<meta name=\"twitter:data1\" content=\"4\u00a0Minuten\" \/>\n<script type=\"application\/ld+json\" class=\"yoast-schema-graph\">{\"@context\":\"https:\/\/schema.org\",\"@graph\":[{\"@type\":\"WebPage\",\"@id\":\"https:\/\/www.safinel.fr\/produit\/sodium-lauroyl-methyl-isethionate-slmi\/\",\"url\":\"https:\/\/www.safinel.fr\/produit\/sodium-lauroyl-methyl-isethionate-slmi\/\",\"name\":\"Sodium Lauroyl Methyl Isethionate I (SLMI) I Ses bienfaits\",\"isPartOf\":{\"@id\":\"https:\/\/www.safinel.fr\/#website\"},\"primaryImageOfPage\":{\"@id\":\"https:\/\/www.safinel.fr\/produit\/sodium-lauroyl-methyl-isethionate-slmi\/#primaryimage\"},\"image\":{\"@id\":\"https:\/\/www.safinel.fr\/produit\/sodium-lauroyl-methyl-isethionate-slmi\/#primaryimage\"},\"thumbnailUrl\":\"https:\/\/www.safinel.fr\/wp-content\/uploads\/2023\/04\/Sodium-Lauroyl-Methyl-Isethionate.jpg\",\"datePublished\":\"2023-04-09T17:45:09+00:00\",\"dateModified\":\"2024-02-27T21:18:52+00:00\",\"description\":\"Vous \u00eates \u00e0 la recherche du\u00a0Sodium Lauroyl Methyl Isethionate (SLMI), un compos\u00e9 tensioactif naturel pour vos produits cosm\u00e9tiques ?\",\"breadcrumb\":{\"@id\":\"https:\/\/www.safinel.fr\/produit\/sodium-lauroyl-methyl-isethionate-slmi\/#breadcrumb\"},\"inLanguage\":\"de\",\"potentialAction\":[{\"@type\":\"ReadAction\",\"target\":[\"https:\/\/www.safinel.fr\/produit\/sodium-lauroyl-methyl-isethionate-slmi\/\"]}]},{\"@type\":\"ImageObject\",\"inLanguage\":\"de\",\"@id\":\"https:\/\/www.safinel.fr\/produit\/sodium-lauroyl-methyl-isethionate-slmi\/#primaryimage\",\"url\":\"https:\/\/www.safinel.fr\/wp-content\/uploads\/2023\/04\/Sodium-Lauroyl-Methyl-Isethionate.jpg\",\"contentUrl\":\"https:\/\/www.safinel.fr\/wp-content\/uploads\/2023\/04\/Sodium-Lauroyl-Methyl-Isethionate.jpg\",\"width\":600,\"height\":600,\"caption\":\"Sodium Lauroyl Methyl Isethionate (SLMI)\"},{\"@type\":\"BreadcrumbList\",\"@id\":\"https:\/\/www.safinel.fr\/produit\/sodium-lauroyl-methyl-isethionate-slmi\/#breadcrumb\",\"itemListElement\":[{\"@type\":\"ListItem\",\"position\":1,\"name\":\"Accueil\",\"item\":\"https:\/\/www.safinel.fr\/\"},{\"@type\":\"ListItem\",\"position\":2,\"name\":\"Boutique\",\"item\":\"https:\/\/www.safinel.fr\/boutique\/\"},{\"@type\":\"ListItem\",\"position\":3,\"name\":\"Sodium Lauroyl Methyl Isethionate (SLMI)\"}]},{\"@type\":\"WebSite\",\"@id\":\"https:\/\/www.safinel.fr\/#website\",\"url\":\"https:\/\/www.safinel.fr\/\",\"name\":\"Safinel\",\"description\":\"\",\"publisher\":{\"@id\":\"https:\/\/www.safinel.fr\/#organization\"},\"potentialAction\":[{\"@type\":\"SearchAction\",\"target\":{\"@type\":\"EntryPoint\",\"urlTemplate\":\"https:\/\/www.safinel.fr\/?s={search_term_string}\"},\"query-input\":{\"@type\":\"PropertyValueSpecification\",\"valueRequired\":true,\"valueName\":\"search_term_string\"}}],\"inLanguage\":\"de\"},{\"@type\":\"Organization\",\"@id\":\"https:\/\/www.safinel.fr\/#organization\",\"name\":\"Safinel\",\"url\":\"https:\/\/www.safinel.fr\/\",\"logo\":{\"@type\":\"ImageObject\",\"inLanguage\":\"de\",\"@id\":\"https:\/\/www.safinel.fr\/#\/schema\/logo\/image\/\",\"url\":\"https:\/\/www.safinel.fr\/wp-content\/uploads\/2021\/05\/boutique-cosmetique.png\",\"contentUrl\":\"https:\/\/www.safinel.fr\/wp-content\/uploads\/2021\/05\/boutique-cosmetique.png\",\"width\":800,\"height\":200,\"caption\":\"Safinel\"},\"image\":{\"@id\":\"https:\/\/www.safinel.fr\/#\/schema\/logo\/image\/\"}}]}<\/script>\n<!-- \/ Yoast SEO plugin. -->","yoast_head_json":{"title":"Sodium Lauroyl Methyl Isethionate I (SLMI) I Seine Vorteile","description":"Sie sind auf der Suche nach Sodium Lauroyl Methyl Isethionate (SLMI), einer nat\u00fcrlichen oberfl\u00e4chenaktiven Verbindung f\u00fcr Ihre Kosmetikprodukte?","robots":{"index":"index","follow":"follow","max-snippet":"max-snippet:-1","max-image-preview":"max-image-preview:large","max-video-preview":"max-video-preview:-1"},"canonical":"https:\/\/www.safinel.fr\/de\/product-2\/natrium-lauroyl-methyl-isethionate-slmi\/","og_locale":"de_DE","og_type":"article","og_title":"Sodium Lauroyl Methyl Isethionate I (SLMI) I Ses bienfaits","og_description":"Vous \u00eates \u00e0 la recherche du\u00a0Sodium Lauroyl Methyl Isethionate (SLMI), un compos\u00e9 tensioactif naturel pour vos produits cosm\u00e9tiques ?","og_url":"https:\/\/www.safinel.fr\/de\/product-2\/natrium-lauroyl-methyl-isethionate-slmi\/","og_site_name":"Safinel","article_modified_time":"2024-02-27T21:18:52+00:00","og_image":[{"width":600,"height":600,"url":"https:\/\/www.safinel.fr\/wp-content\/uploads\/2023\/04\/Sodium-Lauroyl-Methyl-Isethionate.jpg","type":"image\/jpeg"}],"twitter_card":"summary_large_image","twitter_misc":{"Gesch\u00e4tzte Lesezeit":"4\u00a0Minuten"},"schema":{"@context":"https:\/\/schema.org","@graph":[{"@type":"WebPage","@id":"https:\/\/www.safinel.fr\/produit\/sodium-lauroyl-methyl-isethionate-slmi\/","url":"https:\/\/www.safinel.fr\/produit\/sodium-lauroyl-methyl-isethionate-slmi\/","name":"Sodium Lauroyl Methyl Isethionate I (SLMI) I Seine Vorteile","isPartOf":{"@id":"https:\/\/www.safinel.fr\/#website"},"primaryImageOfPage":{"@id":"https:\/\/www.safinel.fr\/produit\/sodium-lauroyl-methyl-isethionate-slmi\/#primaryimage"},"image":{"@id":"https:\/\/www.safinel.fr\/produit\/sodium-lauroyl-methyl-isethionate-slmi\/#primaryimage"},"thumbnailUrl":"https:\/\/www.safinel.fr\/wp-content\/uploads\/2023\/04\/Sodium-Lauroyl-Methyl-Isethionate.jpg","datePublished":"2023-04-09T17:45:09+00:00","dateModified":"2024-02-27T21:18:52+00:00","description":"Sie sind auf der Suche nach Sodium Lauroyl Methyl Isethionate (SLMI), einer nat\u00fcrlichen oberfl\u00e4chenaktiven Verbindung f\u00fcr Ihre Kosmetikprodukte?","breadcrumb":{"@id":"https:\/\/www.safinel.fr\/produit\/sodium-lauroyl-methyl-isethionate-slmi\/#breadcrumb"},"inLanguage":"de","potentialAction":[{"@type":"ReadAction","target":["https:\/\/www.safinel.fr\/produit\/sodium-lauroyl-methyl-isethionate-slmi\/"]}]},{"@type":"ImageObject","inLanguage":"de","@id":"https:\/\/www.safinel.fr\/produit\/sodium-lauroyl-methyl-isethionate-slmi\/#primaryimage","url":"https:\/\/www.safinel.fr\/wp-content\/uploads\/2023\/04\/Sodium-Lauroyl-Methyl-Isethionate.jpg","contentUrl":"https:\/\/www.safinel.fr\/wp-content\/uploads\/2023\/04\/Sodium-Lauroyl-Methyl-Isethionate.jpg","width":600,"height":600,"caption":"Sodium Lauroyl Methyl Isethionate (SLMI)"},{"@type":"BreadcrumbList","@id":"https:\/\/www.safinel.fr\/produit\/sodium-lauroyl-methyl-isethionate-slmi\/#breadcrumb","itemListElement":[{"@type":"ListItem","position":1,"name":"Accueil","item":"https:\/\/www.safinel.fr\/"},{"@type":"ListItem","position":2,"name":"Boutique","item":"https:\/\/www.safinel.fr\/boutique\/"},{"@type":"ListItem","position":3,"name":"Sodium Lauroyl Methyl Isethionate (SLMI)"}]},{"@type":"WebSite","@id":"https:\/\/www.safinel.fr\/#website","url":"https:\/\/www.safinel.fr\/","name":"Safinel","description":"","publisher":{"@id":"https:\/\/www.safinel.fr\/#organization"},"potentialAction":[{"@type":"SearchAction","target":{"@type":"EntryPoint","urlTemplate":"https:\/\/www.safinel.fr\/?s={search_term_string}"},"query-input":{"@type":"PropertyValueSpecification","valueRequired":true,"valueName":"search_term_string"}}],"inLanguage":"de"},{"@type":"Organization","@id":"https:\/\/www.safinel.fr\/#organization","name":"Safinel","url":"https:\/\/www.safinel.fr\/","logo":{"@type":"ImageObject","inLanguage":"de","@id":"https:\/\/www.safinel.fr\/#\/schema\/logo\/image\/","url":"https:\/\/www.safinel.fr\/wp-content\/uploads\/2021\/05\/boutique-cosmetique.png","contentUrl":"https:\/\/www.safinel.fr\/wp-content\/uploads\/2021\/05\/boutique-cosmetique.png","width":800,"height":200,"caption":"Safinel"},"image":{"@id":"https:\/\/www.safinel.fr\/#\/schema\/logo\/image\/"}}]}},"_links":{"self":[{"href":"https:\/\/www.safinel.fr\/de\/wp-json\/wp\/v2\/product\/5404","targetHints":{"allow":["GET"]}}],"collection":[{"href":"https:\/\/www.safinel.fr\/de\/wp-json\/wp\/v2\/product"}],"about":[{"href":"https:\/\/www.safinel.fr\/de\/wp-json\/wp\/v2\/types\/product"}],"wp:featuredmedia":[{"embeddable":true,"href":"https:\/\/www.safinel.fr\/de\/wp-json\/wp\/v2\/media\/5409"}],"wp:attachment":[{"href":"https:\/\/www.safinel.fr\/de\/wp-json\/wp\/v2\/media?parent=5404"}],"wp:term":[{"taxonomy":"product_brand","embeddable":true,"href":"https:\/\/www.safinel.fr\/de\/wp-json\/wp\/v2\/product_brand?post=5404"},{"taxonomy":"product_cat","embeddable":true,"href":"https:\/\/www.safinel.fr\/de\/wp-json\/wp\/v2\/product_cat?post=5404"},{"taxonomy":"product_tag","embeddable":true,"href":"https:\/\/www.safinel.fr\/de\/wp-json\/wp\/v2\/product_tag?post=5404"}],"curies":[{"name":"wp","href":"https:\/\/api.w.org\/{rel}","templated":true}]}}