{"id":5402,"date":"2023-04-09T17:20:46","date_gmt":"2023-04-09T17:20:46","guid":{"rendered":"https:\/\/www.safinel.fr\/?post_type=product&#038;p=5402"},"modified":"2025-01-12T20:12:46","modified_gmt":"2025-01-12T20:12:46","slug":"okra-pulver","status":"publish","type":"product","link":"https:\/\/www.safinel.fr\/de\/product-2\/okra-pulver\/","title":{"rendered":"Okra-Pulver 100g"},"content":{"rendered":"<p>Nat\u00fcrliche Produkte bieten ein authentisches und angenehmes Geschmackserlebnis. Ihre reichhaltigen und vielf\u00e4ltigen Aromen verw\u00f6hnen den Gaumen und bieten gleichzeitig gesundheitliche Vorteile. Durch die Wahl von<strong>\u00a0unverarbeitete Lebensmittel<\/strong>, Wenn Sie sich f\u00fcr eine ges\u00fcndere und nachhaltigere Ern\u00e4hrungsweise entscheiden, kommen Sie ihr einen Schritt n\u00e4her. Aus diesem Grund m\u00f6chte Ihnen Ihr Safinel Online-Shop die\u00a0<strong>Okra-Pulver<\/strong>\u00a0!<\/p>\n<h2><strong>Okra-Pulver Was ist das?<\/strong><\/h2>\n<p>Okra-Pulver ist ein Naturprodukt, das aufgrund seiner zahlreichen gesundheitlichen Vorteile immer beliebter wird. Dieses Pulver wird aus\u00a0<strong>getrocknete Okra<\/strong>\u00a0und zu einem feinen Pulver gemahlen, was sie zu einem hervorragenden\u00a0<strong>Nahrungserg\u00e4nzung<\/strong>.<\/p>\n<p>Okra ist reich an wichtigen N\u00e4hrstoffen wie Ballaststoffen, Vitamin C, Vitamin K und Magnesium. Au\u00dferdem ist es auch eine Quelle f\u00fcr Kalzium, Eisen und Vitamin B. E Da sie reich an Antioxidantien ist, kann sie ein Vorteil gegen freie Radikale sein.<\/p>\n<h2><strong>Entdecken Sie die Vorteile von Okra-Pulver!<\/strong><\/h2>\n<p>Einer der Hauptvorteile der<strong>\u00a0Okra-Pulver<\/strong>\u00a0ist seine F\u00e4higkeit, den Blutzuckerspiegel zu regulieren. Die Ballaststoffe in Okra helfen dabei, die <strong><a href=\"https:\/\/www.safinel.fr\/de\/product-2\/schafgarbe\/\">Verdauung<\/a><\/strong> von Kohlenhydraten, wodurch der Blutzuckerspiegel stabil gehalten und Blutzuckerspitzen verhindert werden. Das macht sie zu einem besonders vorteilhaften Nahrungserg\u00e4nzungsmittel f\u00fcr Menschen mit Diabetes.<\/p>\n<p>Dar\u00fcber hinaus ist sie auch f\u00fcr ihre entz\u00fcndungshemmenden Eigenschaften bekannt. Es kann helfen, Entz\u00fcndungen im K\u00f6rper zu reduzieren, was wiederum das Risiko chronischer Krankheiten wie Arthritis, Herzerkrankungen und bestimmter Krebsarten verringern kann.<\/p>\n<p>Schlie\u00dflich ist diese<strong>\u00a0nat\u00fcrliches Puder<\/strong>\u00a0kann helfen, die Verdauung zu verbessern. Die enthaltenen Ballaststoffe helfen, den Stuhlgang zu regulieren und Verstopfungen vorzubeugen.<\/p>\n<h3><strong>Z\u00f6gern Sie nicht l\u00e4nger und entscheiden Sie sich f\u00fcr Nat\u00fcrlichkeit!<\/strong><\/h3>\n<p>Nun, da Sie sich mit diesem\u00a0<strong>Naturschatz<\/strong>, Wenn Sie sich nicht sicher sind, ob Sie es als\u00a0<strong>nat\u00fcrliche Nahrungserg\u00e4nzung\u00a0<\/strong>? Ob als Kur oder punktuell, das ist Ihre Entscheidung!<\/p>\n<p>Au\u00dferdem m\u00f6chte Ihnen Ihr Safinel-Shop auch die\u00a0<strong>Mehl von Placali<\/strong>. Wenn Sie sie noch nicht kennen, werden wir sie in einem der n\u00e4chsten Artikel vorstellen!<\/p>\n<p>Z\u00f6gern Sie nicht l\u00e4nger und kommen Sie in den Genuss von nat\u00fcrlichen Produkten, die gut f\u00fcr Ihre Gesundheit sind!<\/p>","protected":false},"excerpt":{"rendered":"<p><img decoding=\"async\" class=\"size-full wp-image-5091 aligncenter\" src=\"https:\/\/www.safinel.fr\/wp-content\/uploads\/2021\/06\/BANNIERE-ICONE-SAFINEL.webp\" alt=\"Satines-R\u00fcckversicherung\" width=\"800\" height=\"200\" srcset=\"https:\/\/www.safinel.fr\/wp-content\/uploads\/2021\/06\/BANNIERE-ICONE-SAFINEL.webp 800w, https:\/\/www.safinel.fr\/wp-content\/uploads\/2021\/06\/BANNIERE-ICONE-SAFINEL-600x150.webp 600w, https:\/\/www.safinel.fr\/wp-content\/uploads\/2021\/06\/BANNIERE-ICONE-SAFINEL-768x192.webp 768w\" sizes=\"(max-width: 800px) 100vw, 800px\" \/><\/p>","protected":false},"featured_media":5403,"template":"","meta":[],"product_brand":[],"product_cat":[59,150],"product_tag":[],"class_list":{"0":"post-5402","1":"product","2":"type-product","3":"status-publish","4":"has-post-thumbnail","6":"product_cat-fruit-tropical","7":"product_cat-legume-africain","9":"first","10":"instock","11":"shipping-taxable","12":"purchasable","13":"product-type-simple"},"yoast_head":"<!-- This site is optimized with the Yoast SEO plugin v26.6 - https:\/\/yoast.com\/wordpress\/plugins\/seo\/ -->\n<title>Poudre de gombo I Bienfaits nombreux I Vertus aphrodisiaque<\/title>\n<meta name=\"description\" content=\"La poudre de gombo est un produit naturel qui gagne en popularit\u00e9 en raison de ses nombreux avantages pour la sant\u00e9. Adoptez-l\u00e0 !\" \/>\n<meta name=\"robots\" content=\"index, follow, max-snippet:-1, max-image-preview:large, max-video-preview:-1\" \/>\n<link rel=\"canonical\" href=\"https:\/\/www.safinel.fr\/de\/product-2\/okra-pulver\/\" \/>\n<meta property=\"og:locale\" content=\"de_DE\" \/>\n<meta property=\"og:type\" content=\"article\" \/>\n<meta property=\"og:title\" content=\"Poudre de gombo I Bienfaits nombreux I Vertus aphrodisiaque\" \/>\n<meta property=\"og:description\" content=\"La poudre de gombo est un produit naturel qui gagne en popularit\u00e9 en raison de ses nombreux avantages pour la sant\u00e9. Adoptez-l\u00e0 !\" \/>\n<meta property=\"og:url\" content=\"https:\/\/www.safinel.fr\/de\/product-2\/okra-pulver\/\" \/>\n<meta property=\"og:site_name\" content=\"Safinel\" \/>\n<meta property=\"article:modified_time\" content=\"2025-01-12T20:12:46+00:00\" \/>\n<meta property=\"og:image\" content=\"https:\/\/www.safinel.fr\/wp-content\/uploads\/2023\/04\/poudre-de-gombo.jpg\" \/>\n\t<meta property=\"og:image:width\" content=\"600\" \/>\n\t<meta property=\"og:image:height\" content=\"600\" \/>\n\t<meta property=\"og:image:type\" content=\"image\/jpeg\" \/>\n<meta name=\"twitter:card\" content=\"summary_large_image\" \/>\n<meta name=\"twitter:label1\" content=\"Gesch\u00e4tzte Lesezeit\" \/>\n\t<meta name=\"twitter:data1\" content=\"2\u00a0Minuten\" \/>\n<script type=\"application\/ld+json\" class=\"yoast-schema-graph\">{\"@context\":\"https:\/\/schema.org\",\"@graph\":[{\"@type\":\"WebPage\",\"@id\":\"https:\/\/www.safinel.fr\/produit\/poudre-de-gombo\/\",\"url\":\"https:\/\/www.safinel.fr\/produit\/poudre-de-gombo\/\",\"name\":\"Poudre de gombo I Bienfaits nombreux I Vertus aphrodisiaque\",\"isPartOf\":{\"@id\":\"https:\/\/www.safinel.fr\/#website\"},\"primaryImageOfPage\":{\"@id\":\"https:\/\/www.safinel.fr\/produit\/poudre-de-gombo\/#primaryimage\"},\"image\":{\"@id\":\"https:\/\/www.safinel.fr\/produit\/poudre-de-gombo\/#primaryimage\"},\"thumbnailUrl\":\"https:\/\/www.safinel.fr\/wp-content\/uploads\/2023\/04\/poudre-de-gombo.jpg\",\"datePublished\":\"2023-04-09T17:20:46+00:00\",\"dateModified\":\"2025-01-12T20:12:46+00:00\",\"description\":\"La poudre de gombo est un produit naturel qui gagne en popularit\u00e9 en raison de ses nombreux avantages pour la sant\u00e9. Adoptez-l\u00e0 !\",\"breadcrumb\":{\"@id\":\"https:\/\/www.safinel.fr\/produit\/poudre-de-gombo\/#breadcrumb\"},\"inLanguage\":\"de\",\"potentialAction\":[{\"@type\":\"ReadAction\",\"target\":[\"https:\/\/www.safinel.fr\/produit\/poudre-de-gombo\/\"]}]},{\"@type\":\"ImageObject\",\"inLanguage\":\"de\",\"@id\":\"https:\/\/www.safinel.fr\/produit\/poudre-de-gombo\/#primaryimage\",\"url\":\"https:\/\/www.safinel.fr\/wp-content\/uploads\/2023\/04\/poudre-de-gombo.jpg\",\"contentUrl\":\"https:\/\/www.safinel.fr\/wp-content\/uploads\/2023\/04\/poudre-de-gombo.jpg\",\"width\":600,\"height\":600,\"caption\":\"Poudre de gombo 100g\"},{\"@type\":\"BreadcrumbList\",\"@id\":\"https:\/\/www.safinel.fr\/produit\/poudre-de-gombo\/#breadcrumb\",\"itemListElement\":[{\"@type\":\"ListItem\",\"position\":1,\"name\":\"Accueil\",\"item\":\"https:\/\/www.safinel.fr\/\"},{\"@type\":\"ListItem\",\"position\":2,\"name\":\"Boutique\",\"item\":\"https:\/\/www.safinel.fr\/boutique\/\"},{\"@type\":\"ListItem\",\"position\":3,\"name\":\"Poudre de gombo 100g\"}]},{\"@type\":\"WebSite\",\"@id\":\"https:\/\/www.safinel.fr\/#website\",\"url\":\"https:\/\/www.safinel.fr\/\",\"name\":\"Safinel\",\"description\":\"\",\"publisher\":{\"@id\":\"https:\/\/www.safinel.fr\/#organization\"},\"potentialAction\":[{\"@type\":\"SearchAction\",\"target\":{\"@type\":\"EntryPoint\",\"urlTemplate\":\"https:\/\/www.safinel.fr\/?s={search_term_string}\"},\"query-input\":{\"@type\":\"PropertyValueSpecification\",\"valueRequired\":true,\"valueName\":\"search_term_string\"}}],\"inLanguage\":\"de\"},{\"@type\":\"Organization\",\"@id\":\"https:\/\/www.safinel.fr\/#organization\",\"name\":\"Safinel\",\"url\":\"https:\/\/www.safinel.fr\/\",\"logo\":{\"@type\":\"ImageObject\",\"inLanguage\":\"de\",\"@id\":\"https:\/\/www.safinel.fr\/#\/schema\/logo\/image\/\",\"url\":\"https:\/\/www.safinel.fr\/wp-content\/uploads\/2021\/05\/boutique-cosmetique.png\",\"contentUrl\":\"https:\/\/www.safinel.fr\/wp-content\/uploads\/2021\/05\/boutique-cosmetique.png\",\"width\":800,\"height\":200,\"caption\":\"Safinel\"},\"image\":{\"@id\":\"https:\/\/www.safinel.fr\/#\/schema\/logo\/image\/\"}}]}<\/script>\n<!-- \/ Yoast SEO plugin. -->","yoast_head_json":{"title":"Okra-Pulver I Zahlreiche Vorteile I Aphrodisierende Wirkung","description":"Okra-Pulver ist ein nat\u00fcrliches Produkt, das aufgrund seiner vielen gesundheitlichen Vorteile immer beliebter wird. Nehmen Sie es an!","robots":{"index":"index","follow":"follow","max-snippet":"max-snippet:-1","max-image-preview":"max-image-preview:large","max-video-preview":"max-video-preview:-1"},"canonical":"https:\/\/www.safinel.fr\/de\/product-2\/okra-pulver\/","og_locale":"de_DE","og_type":"article","og_title":"Poudre de gombo I Bienfaits nombreux I Vertus aphrodisiaque","og_description":"La poudre de gombo est un produit naturel qui gagne en popularit\u00e9 en raison de ses nombreux avantages pour la sant\u00e9. Adoptez-l\u00e0 !","og_url":"https:\/\/www.safinel.fr\/de\/product-2\/okra-pulver\/","og_site_name":"Safinel","article_modified_time":"2025-01-12T20:12:46+00:00","og_image":[{"width":600,"height":600,"url":"https:\/\/www.safinel.fr\/wp-content\/uploads\/2023\/04\/poudre-de-gombo.jpg","type":"image\/jpeg"}],"twitter_card":"summary_large_image","twitter_misc":{"Gesch\u00e4tzte Lesezeit":"2\u00a0Minuten"},"schema":{"@context":"https:\/\/schema.org","@graph":[{"@type":"WebPage","@id":"https:\/\/www.safinel.fr\/produit\/poudre-de-gombo\/","url":"https:\/\/www.safinel.fr\/produit\/poudre-de-gombo\/","name":"Okra-Pulver I Zahlreiche Vorteile I Aphrodisierende Wirkung","isPartOf":{"@id":"https:\/\/www.safinel.fr\/#website"},"primaryImageOfPage":{"@id":"https:\/\/www.safinel.fr\/produit\/poudre-de-gombo\/#primaryimage"},"image":{"@id":"https:\/\/www.safinel.fr\/produit\/poudre-de-gombo\/#primaryimage"},"thumbnailUrl":"https:\/\/www.safinel.fr\/wp-content\/uploads\/2023\/04\/poudre-de-gombo.jpg","datePublished":"2023-04-09T17:20:46+00:00","dateModified":"2025-01-12T20:12:46+00:00","description":"Okra-Pulver ist ein nat\u00fcrliches Produkt, das aufgrund seiner vielen gesundheitlichen Vorteile immer beliebter wird. Nehmen Sie es an!","breadcrumb":{"@id":"https:\/\/www.safinel.fr\/produit\/poudre-de-gombo\/#breadcrumb"},"inLanguage":"de","potentialAction":[{"@type":"ReadAction","target":["https:\/\/www.safinel.fr\/produit\/poudre-de-gombo\/"]}]},{"@type":"ImageObject","inLanguage":"de","@id":"https:\/\/www.safinel.fr\/produit\/poudre-de-gombo\/#primaryimage","url":"https:\/\/www.safinel.fr\/wp-content\/uploads\/2023\/04\/poudre-de-gombo.jpg","contentUrl":"https:\/\/www.safinel.fr\/wp-content\/uploads\/2023\/04\/poudre-de-gombo.jpg","width":600,"height":600,"caption":"Poudre de gombo 100g"},{"@type":"BreadcrumbList","@id":"https:\/\/www.safinel.fr\/produit\/poudre-de-gombo\/#breadcrumb","itemListElement":[{"@type":"ListItem","position":1,"name":"Accueil","item":"https:\/\/www.safinel.fr\/"},{"@type":"ListItem","position":2,"name":"Boutique","item":"https:\/\/www.safinel.fr\/boutique\/"},{"@type":"ListItem","position":3,"name":"Poudre de gombo 100g"}]},{"@type":"WebSite","@id":"https:\/\/www.safinel.fr\/#website","url":"https:\/\/www.safinel.fr\/","name":"Safinel","description":"","publisher":{"@id":"https:\/\/www.safinel.fr\/#organization"},"potentialAction":[{"@type":"SearchAction","target":{"@type":"EntryPoint","urlTemplate":"https:\/\/www.safinel.fr\/?s={search_term_string}"},"query-input":{"@type":"PropertyValueSpecification","valueRequired":true,"valueName":"search_term_string"}}],"inLanguage":"de"},{"@type":"Organization","@id":"https:\/\/www.safinel.fr\/#organization","name":"Safinel","url":"https:\/\/www.safinel.fr\/","logo":{"@type":"ImageObject","inLanguage":"de","@id":"https:\/\/www.safinel.fr\/#\/schema\/logo\/image\/","url":"https:\/\/www.safinel.fr\/wp-content\/uploads\/2021\/05\/boutique-cosmetique.png","contentUrl":"https:\/\/www.safinel.fr\/wp-content\/uploads\/2021\/05\/boutique-cosmetique.png","width":800,"height":200,"caption":"Safinel"},"image":{"@id":"https:\/\/www.safinel.fr\/#\/schema\/logo\/image\/"}}]}},"_links":{"self":[{"href":"https:\/\/www.safinel.fr\/de\/wp-json\/wp\/v2\/product\/5402","targetHints":{"allow":["GET"]}}],"collection":[{"href":"https:\/\/www.safinel.fr\/de\/wp-json\/wp\/v2\/product"}],"about":[{"href":"https:\/\/www.safinel.fr\/de\/wp-json\/wp\/v2\/types\/product"}],"wp:featuredmedia":[{"embeddable":true,"href":"https:\/\/www.safinel.fr\/de\/wp-json\/wp\/v2\/media\/5403"}],"wp:attachment":[{"href":"https:\/\/www.safinel.fr\/de\/wp-json\/wp\/v2\/media?parent=5402"}],"wp:term":[{"taxonomy":"product_brand","embeddable":true,"href":"https:\/\/www.safinel.fr\/de\/wp-json\/wp\/v2\/product_brand?post=5402"},{"taxonomy":"product_cat","embeddable":true,"href":"https:\/\/www.safinel.fr\/de\/wp-json\/wp\/v2\/product_cat?post=5402"},{"taxonomy":"product_tag","embeddable":true,"href":"https:\/\/www.safinel.fr\/de\/wp-json\/wp\/v2\/product_tag?post=5402"}],"curies":[{"name":"wp","href":"https:\/\/api.w.org\/{rel}","templated":true}]}}