{"id":5394,"date":"2023-04-09T12:36:40","date_gmt":"2023-04-09T12:36:40","guid":{"rendered":"https:\/\/www.safinel.fr\/?post_type=product&#038;p=5394"},"modified":"2025-12-02T10:34:56","modified_gmt":"2025-12-02T10:34:56","slug":"ingwerbonbons-begue","status":"publish","type":"product","link":"https:\/\/www.safinel.fr\/de\/product-2\/ingwerbonbons-begue\/","title":{"rendered":"Ingwerbonbons Begue"},"content":{"rendered":"<p>Die Naschkatzen unter Ihnen k\u00f6nnten auf ihre Kosten kommen ... Entdecken Sie den Ingwer! Er ist eine vielseitige Zutat, die jeder Leckerei einen Hauch von Sch\u00e4rfe verleihen kann. Wenn Sie eine\u00a0<strong>Ingwers\u00fc\u00dfigkeit<\/strong>, Sie werden von einer Explosion von Aromen empfangen, die Ihre Geschmacksknospen wecken, aber nicht nur das... Machen Sie Platz und entdecken Sie die<strong>\u00a0Ingwerbonbons B\u00e9gu\u00e9<\/strong>\u00a0!<\/p>\n<h2><strong>Entdecken Sie endlich\u00a0<\/strong><strong>b<\/strong><strong>Ingwerbonbons B\u00e9gu\u00e9<\/strong><strong>\u00a0!<\/strong><\/h2>\n<p>Die Ingwerbonbons B\u00e9gu\u00e9 sind eine<strong>\u00a0senegalesische Spezialit\u00e4t<\/strong>\u00a0hergestellt aus frischem Ingwer und Zucker. Diese traditionelle S\u00fc\u00dfigkeit wird zur Linderung von\u00a0<strong>Magenbeschwerden<\/strong>\u00a0und \u00dcbelkeit zu lindern. Der scharfe, warme Geschmack des Ingwers harmoniert perfekt mit dem Zucker und der weichen Textur der S\u00fc\u00dfigkeit. Es ist ein einzigartiges Geschmackserlebnis, das Ihre Sinne verw\u00f6hnen und Ihnen Lust auf mehr machen kann...<\/p>\n<h2><strong>Die b<\/strong><strong>B\u00e9gu\u00e9 Ingwerbonbons, ein k\u00f6stliches Aphrodisiakum!<\/strong><\/h2>\n<p>Bei\u00a0<strong>Safinel<\/strong>, In unserem Shop finden Sie hochwertige Begue-Ingwerbonbons! Praktisch verpackt, sind sie in unserem Shop erh\u00e4ltlich, um Ihren Bed\u00fcrfnissen gerecht zu werden.<\/p>\n<p>Zus\u00e4tzlich zu seinen medizinischen Eigenschaften hat das Begue Ingwer Bonbon einen\u00a0<strong>einzigartiger und k\u00f6stlicher Geschmack<\/strong>\u00a0der allen S\u00fc\u00dfigkeitenliebhabern gefallen wird. Er ist s\u00fc\u00df und leicht w\u00fcrzig, mit einer Textur, die auf der Zunge zergeht.<\/p>\n<p>Probieren Sie diese\u00a0<strong>Ingwers\u00fc\u00dfigkeit<\/strong>\u00a0heute und finden Sie heraus, warum es ein Favorit ist, von Liebhabern senegalesischer S\u00fc\u00dfigkeiten!<\/p>\n<h3><strong>Ein kleiner Schub f\u00fcr die Libido?<\/strong><\/h3>\n<p>Tats\u00e4chlich wird Ingwer oft wegen seiner vielen gesundheitlichen Vorteile angepriesen, aber nur wenige kennen seine Vorteile f\u00fcr die Intimit\u00e4t. Ingwerbonbons k\u00f6nnen helfen\u00a0<strong><a href=\"https:\/\/www.safinel.fr\/de\/product-2\/black-horse-candy\/\">die Libido anregen<\/a>\u00a0<\/strong>und die sexuelle Leistungsf\u00e4higkeit zu verbessern. Dar\u00fcber hinaus ist es auch daf\u00fcr bekannt, dass es die Durchblutung steigert, was helfen kann<strong>\u00a0eine Erektion aufrechterhalten<\/strong>\u00a0l\u00e4nger zu halten und den Orgasmus zu intensivieren.<\/p>\n<p>Schlie\u00dflich kann Ingwer helfen, Stress und Angstzust\u00e4nde zu reduzieren, was die Stimmung und die intimen Beziehungen verbessern kann. Es ist jedoch wichtig, dass Sie einen Angeh\u00f6rigen der Gesundheitsberufe konsultieren, bevor Sie Ingwer zur Behandlung von medizinischen Problemen verwenden.<\/p>","protected":false},"excerpt":{"rendered":"<p><img decoding=\"async\" class=\"size-full wp-image-5091 aligncenter\" src=\"https:\/\/www.safinel.fr\/wp-content\/uploads\/2021\/06\/BANNIERE-ICONE-SAFINEL.webp\" alt=\"Satines-R\u00fcckversicherung\" width=\"800\" height=\"200\" srcset=\"https:\/\/www.safinel.fr\/wp-content\/uploads\/2021\/06\/BANNIERE-ICONE-SAFINEL.webp 800w, https:\/\/www.safinel.fr\/wp-content\/uploads\/2021\/06\/BANNIERE-ICONE-SAFINEL-600x150.webp 600w, https:\/\/www.safinel.fr\/wp-content\/uploads\/2021\/06\/BANNIERE-ICONE-SAFINEL-768x192.webp 768w\" sizes=\"(max-width: 800px) 100vw, 800px\" \/><\/p>","protected":false},"featured_media":5395,"template":"","meta":[],"product_brand":[],"product_cat":[102],"product_tag":[],"class_list":{"0":"post-5394","1":"product","2":"type-product","3":"status-publish","4":"has-post-thumbnail","6":"product_cat-bonbon-aphrodisiaque","8":"first","9":"outofstock","10":"shipping-taxable","11":"purchasable","12":"product-type-variable"},"yoast_head":"<!-- This site is optimized with the Yoast SEO plugin v26.6 - https:\/\/yoast.com\/wordpress\/plugins\/seo\/ -->\n<title>Bonbons au gingembre b\u00e9gu\u00e9 I Bonbon aphrodisiaque<\/title>\n<meta name=\"description\" content=\"Les bonbons au gingembre B\u00e9gu\u00e9 sont une\u00a0sp\u00e9cialit\u00e9 s\u00e9n\u00e9galaise\u00a0fabriqu\u00e9e \u00e0 partir de gingembre frais et de sucre. Bonne d\u00e9gustation !\" \/>\n<meta name=\"robots\" content=\"index, follow, max-snippet:-1, max-image-preview:large, max-video-preview:-1\" \/>\n<link rel=\"canonical\" href=\"https:\/\/www.safinel.fr\/de\/product-2\/ingwerbonbons-begue\/\" \/>\n<meta property=\"og:locale\" content=\"de_DE\" \/>\n<meta property=\"og:type\" content=\"article\" \/>\n<meta property=\"og:title\" content=\"Bonbons au gingembre b\u00e9gu\u00e9 I Bonbon aphrodisiaque\" \/>\n<meta property=\"og:description\" content=\"Les bonbons au gingembre B\u00e9gu\u00e9 sont une\u00a0sp\u00e9cialit\u00e9 s\u00e9n\u00e9galaise\u00a0fabriqu\u00e9e \u00e0 partir de gingembre frais et de sucre. Bonne d\u00e9gustation !\" \/>\n<meta property=\"og:url\" content=\"https:\/\/www.safinel.fr\/de\/product-2\/ingwerbonbons-begue\/\" \/>\n<meta property=\"og:site_name\" content=\"Safinel\" \/>\n<meta property=\"article:modified_time\" content=\"2025-12-02T10:34:56+00:00\" \/>\n<meta property=\"og:image\" content=\"https:\/\/www.safinel.fr\/wp-content\/uploads\/2023\/04\/Bonbon-Gingembre-Begue.jpg\" \/>\n\t<meta property=\"og:image:width\" content=\"600\" \/>\n\t<meta property=\"og:image:height\" content=\"600\" \/>\n\t<meta property=\"og:image:type\" content=\"image\/jpeg\" \/>\n<meta name=\"twitter:card\" content=\"summary_large_image\" \/>\n<meta name=\"twitter:label1\" content=\"Gesch\u00e4tzte Lesezeit\" \/>\n\t<meta name=\"twitter:data1\" content=\"2\u00a0Minuten\" \/>\n<script type=\"application\/ld+json\" class=\"yoast-schema-graph\">{\"@context\":\"https:\/\/schema.org\",\"@graph\":[{\"@type\":\"WebPage\",\"@id\":\"https:\/\/www.safinel.fr\/produit\/bonbons-au-gingembre-begue\/\",\"url\":\"https:\/\/www.safinel.fr\/produit\/bonbons-au-gingembre-begue\/\",\"name\":\"Bonbons au gingembre b\u00e9gu\u00e9 I Bonbon aphrodisiaque\",\"isPartOf\":{\"@id\":\"https:\/\/www.safinel.fr\/#website\"},\"primaryImageOfPage\":{\"@id\":\"https:\/\/www.safinel.fr\/produit\/bonbons-au-gingembre-begue\/#primaryimage\"},\"image\":{\"@id\":\"https:\/\/www.safinel.fr\/produit\/bonbons-au-gingembre-begue\/#primaryimage\"},\"thumbnailUrl\":\"https:\/\/www.safinel.fr\/wp-content\/uploads\/2023\/04\/Bonbon-Gingembre-Begue.jpg\",\"datePublished\":\"2023-04-09T12:36:40+00:00\",\"dateModified\":\"2025-12-02T10:34:56+00:00\",\"description\":\"Les bonbons au gingembre B\u00e9gu\u00e9 sont une\u00a0sp\u00e9cialit\u00e9 s\u00e9n\u00e9galaise\u00a0fabriqu\u00e9e \u00e0 partir de gingembre frais et de sucre. Bonne d\u00e9gustation !\",\"breadcrumb\":{\"@id\":\"https:\/\/www.safinel.fr\/produit\/bonbons-au-gingembre-begue\/#breadcrumb\"},\"inLanguage\":\"de\",\"potentialAction\":[{\"@type\":\"ReadAction\",\"target\":[\"https:\/\/www.safinel.fr\/produit\/bonbons-au-gingembre-begue\/\"]}]},{\"@type\":\"ImageObject\",\"inLanguage\":\"de\",\"@id\":\"https:\/\/www.safinel.fr\/produit\/bonbons-au-gingembre-begue\/#primaryimage\",\"url\":\"https:\/\/www.safinel.fr\/wp-content\/uploads\/2023\/04\/Bonbon-Gingembre-Begue.jpg\",\"contentUrl\":\"https:\/\/www.safinel.fr\/wp-content\/uploads\/2023\/04\/Bonbon-Gingembre-Begue.jpg\",\"width\":600,\"height\":600,\"caption\":\"Bonbons au gingembre b\u00e9gu\u00e9\"},{\"@type\":\"BreadcrumbList\",\"@id\":\"https:\/\/www.safinel.fr\/produit\/bonbons-au-gingembre-begue\/#breadcrumb\",\"itemListElement\":[{\"@type\":\"ListItem\",\"position\":1,\"name\":\"Accueil\",\"item\":\"https:\/\/www.safinel.fr\/\"},{\"@type\":\"ListItem\",\"position\":2,\"name\":\"Boutique\",\"item\":\"https:\/\/www.safinel.fr\/boutique\/\"},{\"@type\":\"ListItem\",\"position\":3,\"name\":\"Bonbons au gingembre b\u00e9gu\u00e9\"}]},{\"@type\":\"WebSite\",\"@id\":\"https:\/\/www.safinel.fr\/#website\",\"url\":\"https:\/\/www.safinel.fr\/\",\"name\":\"Safinel\",\"description\":\"\",\"publisher\":{\"@id\":\"https:\/\/www.safinel.fr\/#organization\"},\"potentialAction\":[{\"@type\":\"SearchAction\",\"target\":{\"@type\":\"EntryPoint\",\"urlTemplate\":\"https:\/\/www.safinel.fr\/?s={search_term_string}\"},\"query-input\":{\"@type\":\"PropertyValueSpecification\",\"valueRequired\":true,\"valueName\":\"search_term_string\"}}],\"inLanguage\":\"de\"},{\"@type\":\"Organization\",\"@id\":\"https:\/\/www.safinel.fr\/#organization\",\"name\":\"Safinel\",\"url\":\"https:\/\/www.safinel.fr\/\",\"logo\":{\"@type\":\"ImageObject\",\"inLanguage\":\"de\",\"@id\":\"https:\/\/www.safinel.fr\/#\/schema\/logo\/image\/\",\"url\":\"https:\/\/www.safinel.fr\/wp-content\/uploads\/2021\/05\/boutique-cosmetique.png\",\"contentUrl\":\"https:\/\/www.safinel.fr\/wp-content\/uploads\/2021\/05\/boutique-cosmetique.png\",\"width\":800,\"height\":200,\"caption\":\"Safinel\"},\"image\":{\"@id\":\"https:\/\/www.safinel.fr\/#\/schema\/logo\/image\/\"}}]}<\/script>\n<!-- \/ Yoast SEO plugin. -->","yoast_head_json":{"title":"Begine-Ingwer-Bonbons I Aphrodisierende Bonbons","description":"Die B\u00e9gu\u00e9-Ingwerbonbons sind eine senegalesische Spezialit\u00e4t, die aus frischem Ingwer und Zucker hergestellt wird. Viel Spa\u00df beim Probieren!","robots":{"index":"index","follow":"follow","max-snippet":"max-snippet:-1","max-image-preview":"max-image-preview:large","max-video-preview":"max-video-preview:-1"},"canonical":"https:\/\/www.safinel.fr\/de\/product-2\/ingwerbonbons-begue\/","og_locale":"de_DE","og_type":"article","og_title":"Bonbons au gingembre b\u00e9gu\u00e9 I Bonbon aphrodisiaque","og_description":"Les bonbons au gingembre B\u00e9gu\u00e9 sont une\u00a0sp\u00e9cialit\u00e9 s\u00e9n\u00e9galaise\u00a0fabriqu\u00e9e \u00e0 partir de gingembre frais et de sucre. Bonne d\u00e9gustation !","og_url":"https:\/\/www.safinel.fr\/de\/product-2\/ingwerbonbons-begue\/","og_site_name":"Safinel","article_modified_time":"2025-12-02T10:34:56+00:00","og_image":[{"width":600,"height":600,"url":"https:\/\/www.safinel.fr\/wp-content\/uploads\/2023\/04\/Bonbon-Gingembre-Begue.jpg","type":"image\/jpeg"}],"twitter_card":"summary_large_image","twitter_misc":{"Gesch\u00e4tzte Lesezeit":"2\u00a0Minuten"},"schema":{"@context":"https:\/\/schema.org","@graph":[{"@type":"WebPage","@id":"https:\/\/www.safinel.fr\/produit\/bonbons-au-gingembre-begue\/","url":"https:\/\/www.safinel.fr\/produit\/bonbons-au-gingembre-begue\/","name":"Begine-Ingwer-Bonbons I Aphrodisierende Bonbons","isPartOf":{"@id":"https:\/\/www.safinel.fr\/#website"},"primaryImageOfPage":{"@id":"https:\/\/www.safinel.fr\/produit\/bonbons-au-gingembre-begue\/#primaryimage"},"image":{"@id":"https:\/\/www.safinel.fr\/produit\/bonbons-au-gingembre-begue\/#primaryimage"},"thumbnailUrl":"https:\/\/www.safinel.fr\/wp-content\/uploads\/2023\/04\/Bonbon-Gingembre-Begue.jpg","datePublished":"2023-04-09T12:36:40+00:00","dateModified":"2025-12-02T10:34:56+00:00","description":"Die B\u00e9gu\u00e9-Ingwerbonbons sind eine senegalesische Spezialit\u00e4t, die aus frischem Ingwer und Zucker hergestellt wird. Viel Spa\u00df beim Probieren!","breadcrumb":{"@id":"https:\/\/www.safinel.fr\/produit\/bonbons-au-gingembre-begue\/#breadcrumb"},"inLanguage":"de","potentialAction":[{"@type":"ReadAction","target":["https:\/\/www.safinel.fr\/produit\/bonbons-au-gingembre-begue\/"]}]},{"@type":"ImageObject","inLanguage":"de","@id":"https:\/\/www.safinel.fr\/produit\/bonbons-au-gingembre-begue\/#primaryimage","url":"https:\/\/www.safinel.fr\/wp-content\/uploads\/2023\/04\/Bonbon-Gingembre-Begue.jpg","contentUrl":"https:\/\/www.safinel.fr\/wp-content\/uploads\/2023\/04\/Bonbon-Gingembre-Begue.jpg","width":600,"height":600,"caption":"Bonbons au gingembre b\u00e9gu\u00e9"},{"@type":"BreadcrumbList","@id":"https:\/\/www.safinel.fr\/produit\/bonbons-au-gingembre-begue\/#breadcrumb","itemListElement":[{"@type":"ListItem","position":1,"name":"Accueil","item":"https:\/\/www.safinel.fr\/"},{"@type":"ListItem","position":2,"name":"Boutique","item":"https:\/\/www.safinel.fr\/boutique\/"},{"@type":"ListItem","position":3,"name":"Bonbons au gingembre b\u00e9gu\u00e9"}]},{"@type":"WebSite","@id":"https:\/\/www.safinel.fr\/#website","url":"https:\/\/www.safinel.fr\/","name":"Safinel","description":"","publisher":{"@id":"https:\/\/www.safinel.fr\/#organization"},"potentialAction":[{"@type":"SearchAction","target":{"@type":"EntryPoint","urlTemplate":"https:\/\/www.safinel.fr\/?s={search_term_string}"},"query-input":{"@type":"PropertyValueSpecification","valueRequired":true,"valueName":"search_term_string"}}],"inLanguage":"de"},{"@type":"Organization","@id":"https:\/\/www.safinel.fr\/#organization","name":"Safinel","url":"https:\/\/www.safinel.fr\/","logo":{"@type":"ImageObject","inLanguage":"de","@id":"https:\/\/www.safinel.fr\/#\/schema\/logo\/image\/","url":"https:\/\/www.safinel.fr\/wp-content\/uploads\/2021\/05\/boutique-cosmetique.png","contentUrl":"https:\/\/www.safinel.fr\/wp-content\/uploads\/2021\/05\/boutique-cosmetique.png","width":800,"height":200,"caption":"Safinel"},"image":{"@id":"https:\/\/www.safinel.fr\/#\/schema\/logo\/image\/"}}]}},"_links":{"self":[{"href":"https:\/\/www.safinel.fr\/de\/wp-json\/wp\/v2\/product\/5394","targetHints":{"allow":["GET"]}}],"collection":[{"href":"https:\/\/www.safinel.fr\/de\/wp-json\/wp\/v2\/product"}],"about":[{"href":"https:\/\/www.safinel.fr\/de\/wp-json\/wp\/v2\/types\/product"}],"wp:featuredmedia":[{"embeddable":true,"href":"https:\/\/www.safinel.fr\/de\/wp-json\/wp\/v2\/media\/5395"}],"wp:attachment":[{"href":"https:\/\/www.safinel.fr\/de\/wp-json\/wp\/v2\/media?parent=5394"}],"wp:term":[{"taxonomy":"product_brand","embeddable":true,"href":"https:\/\/www.safinel.fr\/de\/wp-json\/wp\/v2\/product_brand?post=5394"},{"taxonomy":"product_cat","embeddable":true,"href":"https:\/\/www.safinel.fr\/de\/wp-json\/wp\/v2\/product_cat?post=5394"},{"taxonomy":"product_tag","embeddable":true,"href":"https:\/\/www.safinel.fr\/de\/wp-json\/wp\/v2\/product_tag?post=5394"}],"curies":[{"name":"wp","href":"https:\/\/api.w.org\/{rel}","templated":true}]}}