{"id":5383,"date":"2023-04-09T11:30:35","date_gmt":"2023-04-09T11:30:35","guid":{"rendered":"https:\/\/www.safinel.fr\/?post_type=product&#038;p=5383"},"modified":"2023-12-30T11:59:16","modified_gmt":"2023-12-30T11:59:16","slug":"schafgarbe","status":"publish","type":"product","link":"https:\/\/www.safinel.fr\/de\/product-2\/schafgarbe\/","title":{"rendered":"Schafgarbe"},"content":{"rendered":"<p>Die Schafgarbe, eine Heilpflanze mit vielen positiven Eigenschaften, erfreut sich aufgrund ihrer gesundheitlichen Vorteile immer gr\u00f6\u00dferer Beliebtheit. <strong>In diesem Artikel stellen wir Ihnen diese erstaunliche Pflanze sowie die Gefahren und Kontraindikationen im Zusammenhang mit ihrer Verwendung vor.<\/strong>.<\/p>\n<p>Au\u00dferdem erfahren Sie, wie Sie einen Kr\u00e4utertee zubereiten, um seine Eigenschaften voll auszusch\u00f6pfen.<\/p>\n<h2><strong>Was ist Schafgarbe?<\/strong><\/h2>\n<p>Die Schafgarbe (Achillea millefolium) ist eine mehrj\u00e4hrige krautige Pflanze aus der Familie der Korbbl\u00fctler (Asteraceae). Sie ist in den gem\u00e4\u00dfigten Regionen Europas und Asiens verbreitet und w\u00e4chst meist auf Wiesen, an Wegr\u00e4ndern und auf \u00d6dland. Die Pflanze zeichnet sich durch ihre stark zerteilten Bl\u00e4tter, daher der Name \u00abMillefeuille\u00bb, und ihre kleinen wei\u00dfen oder rosafarbenen Bl\u00fcten aus, die in Bl\u00fctenst\u00e4nden gruppiert sind.<\/p>\n<p>Im Laufe der Jahrhunderte wurde sie zur Behandlung zahlreicher Beschwerden eingesetzt, insbesondere aufgrund ihrer krampfl\u00f6senden, entz\u00fcndungshemmenden, wundheilenden und verdauungstonikalen Eigenschaften. Auch heute noch wird sie in der Phytotherapie zur Behandlung verschiedener Gesundheitsst\u00f6rungen hoch gesch\u00e4tzt.<\/p>\n<h2><strong>Die medizinischen Eigenschaften der Schafgarbe<\/strong><\/h2>\n<p>Diese nat\u00fcrliche Pflanze verdankt ihre medizinischen Eigenschaften ihrer reichhaltigen Zusammensetzung, zu der Flavonoide, Sesquiterpenlaktone, Phenols\u00e4uren, Alkaloide und \u00e4therische \u00d6le geh\u00f6ren.<\/p>\n<h3><strong>krampfl\u00f6send und entz\u00fcndungshemmend<\/strong><\/h3>\n<p>Diese Pflanze wird zur Linderung von Menstruationsschmerzen, Magenkr\u00e4mpfen und Muskelkr\u00e4mpfen verwendet. Ihre entz\u00fcndungshemmenden Verbindungen helfen au\u00dferdem, Entz\u00fcndungen und Schwellungen zu reduzieren.<\/p>\n<h3><strong>wundheilend und blutungshemmend<\/strong><\/h3>\n<p>Die Schafgarbe ist f\u00fcr ihre wundheilende und blutungshemmende Wirkung bekannt. Sie f\u00f6rdert die Blutgerinnung und beschleunigt die Heilung von Wunden und Sch\u00fcrfwunden.<\/p>\n<h3><strong>Verdauungstonikum<\/strong><\/h3>\n<p>Dank seiner verdauungstonikalen Eigenschaften f\u00f6rdert diese wohltuende Pflanze die Verdauung und tr\u00e4gt zur Linderung von Verdauungsbeschwerden wie Bl\u00e4hungen, V\u00f6llegef\u00fchl oder auch Verdauungsst\u00f6rungen bei.<\/p>\n<h2><strong>Schafgarbentee: Zubereitung und Dosierung<\/strong><\/h2>\n<p>Um die Vorteile der Schafgarbe zu nutzen, kann man einen Tee aus dieser Pflanze zubereiten. Dabei gehen Sie wie folgt vor:<\/p>\n<ol>\n<li>250 ml Wasser zum Kochen bringen.<\/li>\n<li>F\u00fcge einen Essl\u00f6ffel getrocknete Bl\u00fcten und Bl\u00e4tter der Schafgarbe hinzu.<\/li>\n<li>Etwa 10 Minuten ziehen lassen und dann filtern.<\/li>\n<li>Trinken Sie zwei- bis dreimal t\u00e4glich eine Tasse dieses Tees, um Verdauungsbeschwerden zu behandeln und <a href=\"https:\/\/www.safinel.fr\/de\/product-2\/krautertee-zur-regulierung-der-menstruation\/\"><strong>Menstruation<\/strong><\/a>, Oder als Kompresse auf Wunden auftragen, um die Wundheilung zu f\u00f6rdern.<\/li>\n<\/ol>\n<p>Es ist wichtig, dass Sie sich an diese Dosierungen halten und die empfohlene Dosierung nicht \u00fcberschreiten. Eine \u00fcberm\u00e4\u00dfige Anwendung von Schafgarbe kann n\u00e4mlich zu unerw\u00fcnschten Nebenwirkungen f\u00fchren.<\/p>\n<h2><strong>Gefahren, Gegenanzeigen und Vorsichtsma\u00dfnahmen f\u00fcr die Anwendung<\/strong><\/h2>\n<p>Obwohl Schafgarbe allgemein als sicher gilt, wenn sie in den empfohlenen Dosen verwendet wird, sollten einige Vorsichtsma\u00dfnahmen beachtet werden:<\/p>\n<ul>\n<li><strong>Allergien und Hautreizungen<\/strong><\/li>\n<\/ul>\n<p>Manche Menschen k\u00f6nnen allergisch auf Schafgarbe reagieren und nach Hautkontakt mit ihr Hautreaktionen zeigen. Es ist daher ratsam, einen Hauttest durchzuf\u00fchren, bevor Sie diese Pflanze auf der Haut anwenden.<\/p>\n<ul>\n<li><strong>Schwangerschaft und Stillzeit<\/strong><\/li>\n<\/ul>\n<p>W\u00e4hrend der Schwangerschaft und Stillzeit wird vom Verzehr der Schafgarbe abgeraten, da sie Geb\u00e4rmutterkontraktionen ausl\u00f6sen und abortive Wirkungen haben k\u00f6nnte.<\/p>\n<ul>\n<li><strong>Wechselwirkungen mit Medikamenten<\/strong><\/li>\n<\/ul>\n<p>Achillea millefolium kann Wechselwirkungen mit bestimmten Medikamenten aufweisen, insbesondere mit Blutverd\u00fcnnern und Thrombozytenaggregationshemmern. Wenn Sie solche Medikamente einnehmen, ist es wichtig, dass Sie sich vor der Verwendung dieser Pflanze an einen Angeh\u00f6rigen der Gesundheitsberufe wenden. Zusammenfassend l\u00e4sst sich sagen, dass sie eine Heilpflanze mit vielen gesundheitsf\u00f6rdernden Eigenschaften ist.<\/p>\n<p>Es ist jedoch von entscheidender Bedeutung, dass Sie Folgendes beachten <strong>die empfohlenen Dosierungen zu beachten und die Gegenanzeigen und Vorsichtsma\u00dfnahmen zu ber\u00fccksichtigen<\/strong>. Z\u00f6gern Sie nicht, eine medizinische Fachkraft zu konsultieren, um eine pers\u00f6nliche Beratung zur Verwendung dieser Pflanze zu erhalten.<\/p>","protected":false},"excerpt":{"rendered":"<p><strong>Als Kr\u00e4utertee :<\/strong><\/p>\n<ol>\n<li>250 ml Wasser zum Kochen bringen.<\/li>\n<li>F\u00fcge einen Essl\u00f6ffel getrocknete Bl\u00fcten und Bl\u00e4tter der Schafgarbe hinzu.<\/li>\n<li>Etwa 10 Minuten ziehen lassen und dann filtern.<\/li>\n<li>Trinken Sie zwei- bis dreimal t\u00e4glich eine Tasse dieses Tees, um Verdauungs- und Menstruationsbeschwerden zu behandeln, oder legen Sie eine Kompresse auf Wunden, um die Wundheilung zu f\u00f6rdern.<\/li>\n<\/ol>\n<p><img decoding=\"async\" class=\"size-full wp-image-5091 aligncenter\" src=\"https:\/\/www.safinel.fr\/wp-content\/uploads\/2021\/06\/BANNIERE-ICONE-SAFINEL.webp\" alt=\"Satines-R\u00fcckversicherung\" width=\"800\" height=\"200\" srcset=\"https:\/\/www.safinel.fr\/wp-content\/uploads\/2021\/06\/BANNIERE-ICONE-SAFINEL.webp 800w, https:\/\/www.safinel.fr\/wp-content\/uploads\/2021\/06\/BANNIERE-ICONE-SAFINEL-600x150.webp 600w, https:\/\/www.safinel.fr\/wp-content\/uploads\/2021\/06\/BANNIERE-ICONE-SAFINEL-768x192.webp 768w\" sizes=\"(max-width: 800px) 100vw, 800px\" \/><\/p>","protected":false},"featured_media":5387,"template":"","meta":[],"product_brand":[],"product_cat":[27],"product_tag":[],"class_list":{"0":"post-5383","1":"product","2":"type-product","3":"status-publish","4":"has-post-thumbnail","6":"product_cat-plantes-medicinales","8":"first","9":"instock","10":"shipping-taxable","11":"purchasable","12":"product-type-variable"},"yoast_head":"<!-- This site is optimized with the Yoast SEO plugin v26.6 - https:\/\/yoast.com\/wordpress\/plugins\/seo\/ -->\n<title>Achill\u00e9e millefeuille I Bienfaits &amp; utilisations I Achat s\u00e9curis\u00e9<\/title>\n<meta name=\"description\" content=\"L\u2019Achill\u00e9e millefeuille, une plante m\u00e9dicinale aux multiples vertus, est de plus en plus pris\u00e9e pour ses bienfaits sur la sant\u00e9.\" \/>\n<meta name=\"robots\" content=\"index, follow, max-snippet:-1, max-image-preview:large, max-video-preview:-1\" \/>\n<link rel=\"canonical\" href=\"https:\/\/www.safinel.fr\/de\/product-2\/schafgarbe\/\" \/>\n<meta property=\"og:locale\" content=\"de_DE\" \/>\n<meta property=\"og:type\" content=\"article\" \/>\n<meta property=\"og:title\" content=\"Achill\u00e9e millefeuille I Bienfaits &amp; utilisations I Achat s\u00e9curis\u00e9\" \/>\n<meta property=\"og:description\" content=\"L\u2019Achill\u00e9e millefeuille, une plante m\u00e9dicinale aux multiples vertus, est de plus en plus pris\u00e9e pour ses bienfaits sur la sant\u00e9.\" \/>\n<meta property=\"og:url\" content=\"https:\/\/www.safinel.fr\/de\/product-2\/schafgarbe\/\" \/>\n<meta property=\"og:site_name\" content=\"Safinel\" \/>\n<meta property=\"article:modified_time\" content=\"2023-12-30T11:59:16+00:00\" \/>\n<meta property=\"og:image\" content=\"https:\/\/www.safinel.fr\/wp-content\/uploads\/2023\/04\/Achillee-millefeuille.jpg\" \/>\n\t<meta property=\"og:image:width\" content=\"600\" \/>\n\t<meta property=\"og:image:height\" content=\"600\" \/>\n\t<meta property=\"og:image:type\" content=\"image\/jpeg\" \/>\n<meta name=\"twitter:card\" content=\"summary_large_image\" \/>\n<meta name=\"twitter:label1\" content=\"Gesch\u00e4tzte Lesezeit\" \/>\n\t<meta name=\"twitter:data1\" content=\"3\u00a0Minuten\" \/>\n<script type=\"application\/ld+json\" class=\"yoast-schema-graph\">{\"@context\":\"https:\/\/schema.org\",\"@graph\":[{\"@type\":\"WebPage\",\"@id\":\"https:\/\/www.safinel.fr\/produit\/achillee-millefeuille\/\",\"url\":\"https:\/\/www.safinel.fr\/produit\/achillee-millefeuille\/\",\"name\":\"Achill\u00e9e millefeuille I Bienfaits & utilisations I Achat s\u00e9curis\u00e9\",\"isPartOf\":{\"@id\":\"https:\/\/www.safinel.fr\/#website\"},\"primaryImageOfPage\":{\"@id\":\"https:\/\/www.safinel.fr\/produit\/achillee-millefeuille\/#primaryimage\"},\"image\":{\"@id\":\"https:\/\/www.safinel.fr\/produit\/achillee-millefeuille\/#primaryimage\"},\"thumbnailUrl\":\"https:\/\/www.safinel.fr\/wp-content\/uploads\/2023\/04\/Achillee-millefeuille.jpg\",\"datePublished\":\"2023-04-09T11:30:35+00:00\",\"dateModified\":\"2023-12-30T11:59:16+00:00\",\"description\":\"L\u2019Achill\u00e9e millefeuille, une plante m\u00e9dicinale aux multiples vertus, est de plus en plus pris\u00e9e pour ses bienfaits sur la sant\u00e9.\",\"breadcrumb\":{\"@id\":\"https:\/\/www.safinel.fr\/produit\/achillee-millefeuille\/#breadcrumb\"},\"inLanguage\":\"de\",\"potentialAction\":[{\"@type\":\"ReadAction\",\"target\":[\"https:\/\/www.safinel.fr\/produit\/achillee-millefeuille\/\"]}]},{\"@type\":\"ImageObject\",\"inLanguage\":\"de\",\"@id\":\"https:\/\/www.safinel.fr\/produit\/achillee-millefeuille\/#primaryimage\",\"url\":\"https:\/\/www.safinel.fr\/wp-content\/uploads\/2023\/04\/Achillee-millefeuille.jpg\",\"contentUrl\":\"https:\/\/www.safinel.fr\/wp-content\/uploads\/2023\/04\/Achillee-millefeuille.jpg\",\"width\":600,\"height\":600,\"caption\":\"Achill\u00e9e millefeuille\"},{\"@type\":\"BreadcrumbList\",\"@id\":\"https:\/\/www.safinel.fr\/produit\/achillee-millefeuille\/#breadcrumb\",\"itemListElement\":[{\"@type\":\"ListItem\",\"position\":1,\"name\":\"Accueil\",\"item\":\"https:\/\/www.safinel.fr\/\"},{\"@type\":\"ListItem\",\"position\":2,\"name\":\"Boutique\",\"item\":\"https:\/\/www.safinel.fr\/boutique\/\"},{\"@type\":\"ListItem\",\"position\":3,\"name\":\"Achill\u00e9e millefeuille\"}]},{\"@type\":\"WebSite\",\"@id\":\"https:\/\/www.safinel.fr\/#website\",\"url\":\"https:\/\/www.safinel.fr\/\",\"name\":\"Safinel\",\"description\":\"\",\"publisher\":{\"@id\":\"https:\/\/www.safinel.fr\/#organization\"},\"potentialAction\":[{\"@type\":\"SearchAction\",\"target\":{\"@type\":\"EntryPoint\",\"urlTemplate\":\"https:\/\/www.safinel.fr\/?s={search_term_string}\"},\"query-input\":{\"@type\":\"PropertyValueSpecification\",\"valueRequired\":true,\"valueName\":\"search_term_string\"}}],\"inLanguage\":\"de\"},{\"@type\":\"Organization\",\"@id\":\"https:\/\/www.safinel.fr\/#organization\",\"name\":\"Safinel\",\"url\":\"https:\/\/www.safinel.fr\/\",\"logo\":{\"@type\":\"ImageObject\",\"inLanguage\":\"de\",\"@id\":\"https:\/\/www.safinel.fr\/#\/schema\/logo\/image\/\",\"url\":\"https:\/\/www.safinel.fr\/wp-content\/uploads\/2021\/05\/boutique-cosmetique.png\",\"contentUrl\":\"https:\/\/www.safinel.fr\/wp-content\/uploads\/2021\/05\/boutique-cosmetique.png\",\"width\":800,\"height\":200,\"caption\":\"Safinel\"},\"image\":{\"@id\":\"https:\/\/www.safinel.fr\/#\/schema\/logo\/image\/\"}}]}<\/script>\n<!-- \/ Yoast SEO plugin. -->","yoast_head_json":{"title":"Schafgarbe I Vorteile &amp; Verwendung I Sicherer Kauf","description":"Die Schafgarbe, eine Heilpflanze mit vielen positiven Eigenschaften, erfreut sich aufgrund ihrer gesundheitlichen Vorteile immer gr\u00f6\u00dferer Beliebtheit.","robots":{"index":"index","follow":"follow","max-snippet":"max-snippet:-1","max-image-preview":"max-image-preview:large","max-video-preview":"max-video-preview:-1"},"canonical":"https:\/\/www.safinel.fr\/de\/product-2\/schafgarbe\/","og_locale":"de_DE","og_type":"article","og_title":"Achill\u00e9e millefeuille I Bienfaits & utilisations I Achat s\u00e9curis\u00e9","og_description":"L\u2019Achill\u00e9e millefeuille, une plante m\u00e9dicinale aux multiples vertus, est de plus en plus pris\u00e9e pour ses bienfaits sur la sant\u00e9.","og_url":"https:\/\/www.safinel.fr\/de\/product-2\/schafgarbe\/","og_site_name":"Safinel","article_modified_time":"2023-12-30T11:59:16+00:00","og_image":[{"width":600,"height":600,"url":"https:\/\/www.safinel.fr\/wp-content\/uploads\/2023\/04\/Achillee-millefeuille.jpg","type":"image\/jpeg"}],"twitter_card":"summary_large_image","twitter_misc":{"Gesch\u00e4tzte Lesezeit":"3\u00a0Minuten"},"schema":{"@context":"https:\/\/schema.org","@graph":[{"@type":"WebPage","@id":"https:\/\/www.safinel.fr\/produit\/achillee-millefeuille\/","url":"https:\/\/www.safinel.fr\/produit\/achillee-millefeuille\/","name":"Schafgarbe I Vorteile &amp; Verwendung I Sicherer Kauf","isPartOf":{"@id":"https:\/\/www.safinel.fr\/#website"},"primaryImageOfPage":{"@id":"https:\/\/www.safinel.fr\/produit\/achillee-millefeuille\/#primaryimage"},"image":{"@id":"https:\/\/www.safinel.fr\/produit\/achillee-millefeuille\/#primaryimage"},"thumbnailUrl":"https:\/\/www.safinel.fr\/wp-content\/uploads\/2023\/04\/Achillee-millefeuille.jpg","datePublished":"2023-04-09T11:30:35+00:00","dateModified":"2023-12-30T11:59:16+00:00","description":"Die Schafgarbe, eine Heilpflanze mit vielen positiven Eigenschaften, erfreut sich aufgrund ihrer gesundheitlichen Vorteile immer gr\u00f6\u00dferer Beliebtheit.","breadcrumb":{"@id":"https:\/\/www.safinel.fr\/produit\/achillee-millefeuille\/#breadcrumb"},"inLanguage":"de","potentialAction":[{"@type":"ReadAction","target":["https:\/\/www.safinel.fr\/produit\/achillee-millefeuille\/"]}]},{"@type":"ImageObject","inLanguage":"de","@id":"https:\/\/www.safinel.fr\/produit\/achillee-millefeuille\/#primaryimage","url":"https:\/\/www.safinel.fr\/wp-content\/uploads\/2023\/04\/Achillee-millefeuille.jpg","contentUrl":"https:\/\/www.safinel.fr\/wp-content\/uploads\/2023\/04\/Achillee-millefeuille.jpg","width":600,"height":600,"caption":"Achill\u00e9e millefeuille"},{"@type":"BreadcrumbList","@id":"https:\/\/www.safinel.fr\/produit\/achillee-millefeuille\/#breadcrumb","itemListElement":[{"@type":"ListItem","position":1,"name":"Accueil","item":"https:\/\/www.safinel.fr\/"},{"@type":"ListItem","position":2,"name":"Boutique","item":"https:\/\/www.safinel.fr\/boutique\/"},{"@type":"ListItem","position":3,"name":"Achill\u00e9e millefeuille"}]},{"@type":"WebSite","@id":"https:\/\/www.safinel.fr\/#website","url":"https:\/\/www.safinel.fr\/","name":"Safinel","description":"","publisher":{"@id":"https:\/\/www.safinel.fr\/#organization"},"potentialAction":[{"@type":"SearchAction","target":{"@type":"EntryPoint","urlTemplate":"https:\/\/www.safinel.fr\/?s={search_term_string}"},"query-input":{"@type":"PropertyValueSpecification","valueRequired":true,"valueName":"search_term_string"}}],"inLanguage":"de"},{"@type":"Organization","@id":"https:\/\/www.safinel.fr\/#organization","name":"Safinel","url":"https:\/\/www.safinel.fr\/","logo":{"@type":"ImageObject","inLanguage":"de","@id":"https:\/\/www.safinel.fr\/#\/schema\/logo\/image\/","url":"https:\/\/www.safinel.fr\/wp-content\/uploads\/2021\/05\/boutique-cosmetique.png","contentUrl":"https:\/\/www.safinel.fr\/wp-content\/uploads\/2021\/05\/boutique-cosmetique.png","width":800,"height":200,"caption":"Safinel"},"image":{"@id":"https:\/\/www.safinel.fr\/#\/schema\/logo\/image\/"}}]}},"_links":{"self":[{"href":"https:\/\/www.safinel.fr\/de\/wp-json\/wp\/v2\/product\/5383","targetHints":{"allow":["GET"]}}],"collection":[{"href":"https:\/\/www.safinel.fr\/de\/wp-json\/wp\/v2\/product"}],"about":[{"href":"https:\/\/www.safinel.fr\/de\/wp-json\/wp\/v2\/types\/product"}],"wp:featuredmedia":[{"embeddable":true,"href":"https:\/\/www.safinel.fr\/de\/wp-json\/wp\/v2\/media\/5387"}],"wp:attachment":[{"href":"https:\/\/www.safinel.fr\/de\/wp-json\/wp\/v2\/media?parent=5383"}],"wp:term":[{"taxonomy":"product_brand","embeddable":true,"href":"https:\/\/www.safinel.fr\/de\/wp-json\/wp\/v2\/product_brand?post=5383"},{"taxonomy":"product_cat","embeddable":true,"href":"https:\/\/www.safinel.fr\/de\/wp-json\/wp\/v2\/product_cat?post=5383"},{"taxonomy":"product_tag","embeddable":true,"href":"https:\/\/www.safinel.fr\/de\/wp-json\/wp\/v2\/product_tag?post=5383"}],"curies":[{"name":"wp","href":"https:\/\/api.w.org\/{rel}","templated":true}]}}