{"id":538,"date":"2021-11-13T14:05:00","date_gmt":"2021-11-13T14:05:00","guid":{"rendered":"https:\/\/www.safinel.fr\/?post_type=product&#038;p=538"},"modified":"2025-10-14T15:12:33","modified_gmt":"2025-10-14T15:12:33","slug":"ysop","status":"publish","type":"product","link":"https:\/\/www.safinel.fr\/de\/product-2\/ysop\/","title":{"rendered":"Beutel mit Ysopbl\u00e4ttern 45g"},"content":{"rendered":"<p><strong>Ysop<\/strong>\u00a0ist eine mehrj\u00e4hrige Pflanze mit einem aromatischen Geschmack, der herrlich nach Minze schmeckt. Das macht sie perfekt f\u00fcr Tees und andere Kr\u00e4uterheilmittel.<\/p>\n<p>Es wird auch als K\u00fcchengew\u00fcrz verzehrt, das in Parf\u00fcm\u00f6len f\u00fcr Seifen, Kerzen und Potpourris enthalten ist.<\/p>\n<p>Die Bl\u00e4tter sind in einigen Hustens\u00e4ften enthalten, w\u00e4hrend die Wurzeln antibiotische Eigenschaften haben. Wenn Sie ein Gew\u00fcrz mit vielen Verwendungsm\u00f6glichkeiten suchen, dann suchen Sie nicht weiter als dieses!<\/p>\n<h2><strong>Was ist Ysop und wie kann er Ihnen helfen?<\/strong><\/h2>\n<p>Ysop ist ein Strauch, der seit Jahrhunderten im Nahen Osten und im Mittelmeerraum verwendet wird. Auch in Indien, China und Nordamerika ist er h\u00e4ufig anzutreffen.<\/p>\n<p>Zur Familie der Lamiaceae geh\u00f6ren viele Pflanzen, darunter auch der Ysop. Das Wort \u00bbYsop\u00bb stammt von einem altgriechischen Ausdruck ab, der \u00bbheilen\u00ab bedeutet . Dieser kleine Strauch kann bis zu 70 cm hoch werden und hat h\u00fcbsche Bl\u00e4tter und Bl\u00fcten, die sehr gut riechen!<\/p>\n<p>Tats\u00e4chlich gibt es zwei verschiedene Sorten: Hyssopus officinalis var. officinalis, eine h\u00e4ufigere Sorte, die als Ysop officinalis bezeichnet wird. An zweiter Stelle kommt Hyssopus montana, fr\u00fcher Decumbensia genannt, dessen Zweige niederliegend sind.<\/p>\n<p>Zun\u00e4chst einmal muss man sagen, dass diese aromatische Pflanze f\u00fcr ihre starken therapeutischen Eigenschaften bekannt ist. Ein Ysop-Tee verbessert die Atmung und f\u00f6rdert die Entspannung.<\/p>\n<p>Man nimmt an, dass sie durch die Freisetzung bestimmter chemischer Substanzen im Gehirn wirkt, die Neurotransmitter genannt werden. Diese leiten Nervenimpulse an das Gehirn weiter, die schl\u00e4frig machen und daher leicht beim Einschlafen helfen.<\/p>\n<p>Diese Heilpflanze wird sowohl innerlich als auch \u00e4u\u00dferlich angewendet. Wenn sie innerlich eingenommen, d. h. geschluckt wird, f\u00f6rdert sie die geistige Klarheit und das Ged\u00e4chtnis.<\/p>\n<p>Seine therapeutische Verwendung erfolgt h\u00e4ufig als Tee, um Schwei\u00dfausbr\u00fcche zu bewirken und die Durchblutung zu verbessern. Insbesondere bei Schlaganf\u00e4llen und hohem Fieber.<\/p>\n<p>Die Bl\u00e4tter des Ysop enthalten Rosmarins\u00e4ure, die entz\u00fcndungshemmende Eigenschaften hat. Sie erweist sich daher als empfehlenswert gegen bestimmte Lungeninfektionen sowie gegen Husten.<\/p>\n<p>Sie besitzen auch eine antibakterielle Wirkung gegen bestimmte Arten von Mikroben wie Pneumokokken, Staphylokokken, Meningitis, Gonokokken. Aber auch gegen Bacillus subtilis, Pseudomonas aeruginosa und andere.<\/p>\n<p>Bei \u00e4u\u00dferlicher Anwendung wirkt die Pflanze antiseptisch und entstopfend. Ihr \u00e4therisches \u00d6l kann topisch zur Behandlung von Wunden aufgetragen werden. Studien haben gezeigt, dass es das Wachstum von Bakterien und Viren hemmt.<\/p>\n<h3><strong>Die Vorteile von Ysop<\/strong><\/h3>\n<p>Ysopbl\u00e4tter sind daf\u00fcr bekannt, dass sie die St\u00e4rke des Immunsystems erh\u00f6hen. Er hat viele Vorteile, u. a. folgende :<\/p>\n<ul>\n<li>Reduziert die Lungenstauung ;<\/li>\n<li>Beteiligt sich an der Befreiung des Atmungssystems ;<\/li>\n<li>Verringert das Wachstum von Candida albicans ;<\/li>\n<li>Wird als Diuretikum verwendet, um Giftstoffe aus dem K\u00f6rper zu entfernen ;<\/li>\n<li>Erh\u00f6ht die Anzahl der Erythrozyten bei An\u00e4mie ;<\/li>\n<li>Es wirkt entz\u00fcndungshemmend und hilft bei der Behandlung von Arthritis ;<\/li>\n<li>Hilfe bei der Krebsbek\u00e4mpfung ;<\/li>\n<li>Beseitigt Darmw\u00fcrmer und Parasiten ;<\/li>\n<li>Stimuliert die Verdauungsfl\u00fcssigkeiten und erh\u00f6ht ihre Bewegung im Darm ;<\/li>\n<li>Reguliert den Blutdruck und den Herzrhythmus ;<\/li>\n<li>Tr\u00e4gt zur Vorbeugung zahlreicher Krankheiten und Beschwerden bei, z. B. Allergien, Arteriosklerose, Bronchitis, Lungenentz\u00fcndung, Arteriosklerose und Meningitis ;<\/li>\n<li>Ist ein Antioxidans, das den K\u00f6rper gegen freie Radikale immunisiert ;<\/li>\n<li>Sch\u00fctzt durch seine antiseptischen Eigenschaften vor Viren und Bakterien<\/li>\n<li>Beseitigt Mundgeruch ;<\/li>\n<li>Behandelt Herpes, Warzen, Aphten, Fieberbl\u00e4schen und wunde Stellen auf der Haut ;<\/li>\n<li>F\u00f6rdert die Linderung von <a href=\"https:\/\/www.cancer.be\/les-cancers\/effets-secondaires\/que-faire-en-cas-de-naus-es\" target=\"_blank\" rel=\"noopener\"><strong>durch Chemotherapie verursachte \u00dcbelkeit<\/strong><\/a> oder andere Behandlungen.<\/li>\n<\/ul>\n<p>Ysop wird seit dem alten \u00c4gypten zur Schmerzlinderung eingesetzt. Die Forscher haben gerade erst begonnen, den Grund daf\u00fcr zu verstehen! Aidskranke und Patienten mit Autoimmunerkrankungen erhalten alle eine Therapie mit Ysop.<\/p>\n<p>Die entz\u00fcndungshemmenden Eigenschaften dieses Krauts machen es ideal zur Behandlung von Asthma, Allergien, Nesselsucht und Hautproblemen.<\/p>\n<p>So kann eine Kr\u00e4uterbehandlung topisch angewendet werden. Tats\u00e4chlich kann eine Salbe, die aus dem \u00d6l in Kombination mit anderen Kr\u00e4utern hergestellt wird, bei Hautentz\u00fcndungen verabreicht werden.<\/p>\n<h2><strong>Einige Rezepte aus Gro\u00dfmutters Zeiten, um Ysop richtig zu nutzen\u00a0<\/strong><\/h2>\n<p>Eine M\u00f6glichkeit, von Ysop zu profitieren, ist, ihn gegen Erk\u00e4ltungen einzusetzen.<\/p>\n<p>Geben Sie eine Handvoll getrocknete Ysopbl\u00e4tter in 4 Tassen kochendes Wasser. Reduzieren Sie dann die Hitze und lassen Sie die Mischung 10 Minuten lang k\u00f6cheln. Dann filtern Sie diese Mischung in eine Tasse und f\u00fcgen Sie nach Geschmack Honig hinzu.<\/p>\n<p>Trinken Sie 2 Tassen pro Tag, um Halsschmerzen zu lindern und \u00fcbersch\u00fcssigen Schleim zu bek\u00e4mpfen. Dieses Mittel ist auch wirksam bei Atemproblemen wie Asthma, Bronchitis und Keuchhusten.<\/p>\n<p>Ysop ist auch ein sehr gutes antiseptisches Reinigungsmittel als Mundsp\u00fclung. Geben Sie 1 Essl\u00f6ffel getrockneten Ysop in eine Tasse (240 ml) abgekochtes Wasser und lassen Sie ihn 5 Minuten lang ziehen.<\/p>\n<p>Verwende diese L\u00f6sung dann als Mundsp\u00fclung oder zum Waschen frischer Wunden, um Infektionen zu verhindern. Au\u00dferdem ist es gut, die Z\u00e4hne mit einem\u00a0<strong>Bambuszahnb\u00fcrste<\/strong>.<\/p>\n<p>Um ein optimales Ergebnis zu erzielen, verwenden Sie unseren\u00a0<a href=\"https:\/\/www.safinel.fr\/de\/product-2\/naturliche-zahnpasta-mentholpulver-in-nelken-30g\/\"><strong>nat\u00fcrliches mentholhaltiges Zahnpastapulver mit Nelke<\/strong><\/a>. Sowie unser\u00a0<strong><a href=\"https:\/\/www.safinel.fr\/de\/product-2\/naturliche-menthol-zahnpasta-aus-siwak-pulver-30g\/\">nat\u00fcrliche mentholhaltige Zahnpasta aus Siwak-Pulver<\/a>\u00a0<\/strong>oder unser\u00a0<a href=\"https:\/\/www.safinel.fr\/de\/product-2\/feste-zahnpasta-ackerminze\/\"><strong>feste Zahnpasta Ackerminze<\/strong><\/a>.<\/p>\n<p>Ein Teel\u00f6ffel Bl\u00e4tter kann in das Badewasser gegeben werden, um Muskelschmerzen zu lindern. Ebenso werden Rheumaerkrankungen auf die Schippe genommen, was langfristig das Erscheinungsbild von Narben und Flecken reduziert. Das sind gute Voraussetzungen f\u00fcr eine neue Sch\u00f6nheit!<\/p>\n<p>Wenn man also dieses nat\u00fcrliche Heilmittel in seinem Medizinschrank hat, kann man bei vor\u00fcbergehendem Unwohlsein eingreifen.<\/p>\n<h2><strong>Aufbewahrung\u00a0<\/strong><\/h2>\n<p>F\u00fcr eine optimale Aufbewahrung dieses Produkts ist es wichtig, eine konstante Temperatur zu halten. Wenn die Bedingungen zu stark schwanken, kann sich Schimmel bilden.<\/p>\n<p>Bewahren Sie Ihre T\u00fcte mit den getrockneten Bl\u00e4ttern an einem dunklen, trockenen Ort auf. Zum Beispiel in einer Speisekammer oder einem K\u00fcchenschrank, bis Sie es brauchen.<\/p>\n<p>Es ist auch m\u00f6glich, die Bl\u00e4tter einzufrieren. Durch diesen Prozess verliert das Kraut jedoch etwa 25% seines Aromas.<\/p>\n<p>Vorsichtsma\u00dfnahmen<\/p>\n<p>Es ist wichtig, die Anwendung w\u00e4hrend der Schwangerschaft und Stillzeit zu vermeiden. Auch Personen, die unter Bluthochdruck leiden, sollten darauf verzichten.<\/p>\n<p>Kontraindiziert, wenn eine Person \u00fcberm\u00e4\u00dfiger Hitze ausgesetzt war. Dies kann n\u00e4mlich insbesondere bei Kindern Fieberanf\u00e4lle ausl\u00f6sen.<\/p>\n<p>Nicht empfohlen f\u00fcr Personen, die an gastro\u00f6sophagealem Reflux oder an einer Infektion des Magen-Darm-Trakts leiden.<\/p>","protected":false},"excerpt":{"rendered":"<p>L&rsquo;hysope\u00a0est une plante vivace \u00e0 la saveur aromatique au d\u00e9licieux go\u00fbt de menthe. Ce qui la rend parfaite pour les th\u00e9s et autres rem\u00e8des \u00e0 base d\u2019herbes. Elle est aussi consomm\u00e9e comme \u00e9pice culinaire, incorpor\u00e9e dans les huiles de parfum pour savons, les bougies et les pots-pourris. Les feuilles sont pr\u00e9sentes dans certains sirops contre [&#8230;]","protected":false},"featured_media":539,"template":"","meta":[],"product_brand":[],"product_cat":[27],"product_tag":[],"class_list":{"0":"post-538","1":"product","2":"type-product","3":"status-publish","4":"has-post-thumbnail","6":"product_cat-plantes-medicinales","8":"first","9":"outofstock","10":"shipping-taxable","11":"purchasable","12":"product-type-simple"},"yoast_head":"<!-- This site is optimized with the Yoast SEO plugin v26.6 - https:\/\/yoast.com\/wordpress\/plugins\/seo\/ -->\n<title>Hysope | Plante aux bienfaits nombreux | Achat s\u00e9curis\u00e9 en ligne<\/title>\n<meta name=\"description\" content=\"L&#039;hysope\u00a0est une plante vivace \u00e0 la saveur aromatique au d\u00e9licieux go\u00fbt de menthe. Ce qui la rend parfaite pour les th\u00e9s.\" \/>\n<meta name=\"robots\" content=\"index, follow, max-snippet:-1, max-image-preview:large, max-video-preview:-1\" \/>\n<link rel=\"canonical\" href=\"https:\/\/www.safinel.fr\/de\/product-2\/ysop\/\" \/>\n<meta property=\"og:locale\" content=\"de_DE\" \/>\n<meta property=\"og:type\" content=\"article\" \/>\n<meta property=\"og:title\" content=\"Hysope | Plante aux bienfaits nombreux | Achat s\u00e9curis\u00e9 en ligne\" \/>\n<meta property=\"og:description\" content=\"L&#039;hysope\u00a0est une plante vivace \u00e0 la saveur aromatique au d\u00e9licieux go\u00fbt de menthe. Ce qui la rend parfaite pour les th\u00e9s.\" \/>\n<meta property=\"og:url\" content=\"https:\/\/www.safinel.fr\/de\/product-2\/ysop\/\" \/>\n<meta property=\"og:site_name\" content=\"Safinel\" \/>\n<meta property=\"article:modified_time\" content=\"2025-10-14T15:12:33+00:00\" \/>\n<meta property=\"og:image\" content=\"https:\/\/www.safinel.fr\/wp-content\/uploads\/2021\/11\/feuilles-d-hysope.jpg\" \/>\n\t<meta property=\"og:image:width\" content=\"600\" \/>\n\t<meta property=\"og:image:height\" content=\"600\" \/>\n\t<meta property=\"og:image:type\" content=\"image\/jpeg\" \/>\n<meta name=\"twitter:card\" content=\"summary_large_image\" \/>\n<meta name=\"twitter:label1\" content=\"Gesch\u00e4tzte Lesezeit\" \/>\n\t<meta name=\"twitter:data1\" content=\"5\u00a0Minuten\" \/>\n<script type=\"application\/ld+json\" class=\"yoast-schema-graph\">{\"@context\":\"https:\/\/schema.org\",\"@graph\":[{\"@type\":\"WebPage\",\"@id\":\"https:\/\/www.safinel.fr\/produit\/hysope\/\",\"url\":\"https:\/\/www.safinel.fr\/produit\/hysope\/\",\"name\":\"Hysope | Plante aux bienfaits nombreux | Achat s\u00e9curis\u00e9 en ligne\",\"isPartOf\":{\"@id\":\"https:\/\/www.safinel.fr\/#website\"},\"primaryImageOfPage\":{\"@id\":\"https:\/\/www.safinel.fr\/produit\/hysope\/#primaryimage\"},\"image\":{\"@id\":\"https:\/\/www.safinel.fr\/produit\/hysope\/#primaryimage\"},\"thumbnailUrl\":\"https:\/\/www.safinel.fr\/wp-content\/uploads\/2021\/11\/feuilles-d-hysope.jpg\",\"datePublished\":\"2021-11-13T14:05:00+00:00\",\"dateModified\":\"2025-10-14T15:12:33+00:00\",\"description\":\"L'hysope\u00a0est une plante vivace \u00e0 la saveur aromatique au d\u00e9licieux go\u00fbt de menthe. Ce qui la rend parfaite pour les th\u00e9s.\",\"breadcrumb\":{\"@id\":\"https:\/\/www.safinel.fr\/produit\/hysope\/#breadcrumb\"},\"inLanguage\":\"de\",\"potentialAction\":[{\"@type\":\"ReadAction\",\"target\":[\"https:\/\/www.safinel.fr\/produit\/hysope\/\"]}]},{\"@type\":\"ImageObject\",\"inLanguage\":\"de\",\"@id\":\"https:\/\/www.safinel.fr\/produit\/hysope\/#primaryimage\",\"url\":\"https:\/\/www.safinel.fr\/wp-content\/uploads\/2021\/11\/feuilles-d-hysope.jpg\",\"contentUrl\":\"https:\/\/www.safinel.fr\/wp-content\/uploads\/2021\/11\/feuilles-d-hysope.jpg\",\"width\":600,\"height\":600,\"caption\":\"Sachet de feuilles d\u2019hysope 45g\"},{\"@type\":\"BreadcrumbList\",\"@id\":\"https:\/\/www.safinel.fr\/produit\/hysope\/#breadcrumb\",\"itemListElement\":[{\"@type\":\"ListItem\",\"position\":1,\"name\":\"Accueil\",\"item\":\"https:\/\/www.safinel.fr\/\"},{\"@type\":\"ListItem\",\"position\":2,\"name\":\"Boutique\",\"item\":\"https:\/\/www.safinel.fr\/boutique\/\"},{\"@type\":\"ListItem\",\"position\":3,\"name\":\"Sachet de feuilles d&#8217;hysope 45g\"}]},{\"@type\":\"WebSite\",\"@id\":\"https:\/\/www.safinel.fr\/#website\",\"url\":\"https:\/\/www.safinel.fr\/\",\"name\":\"Safinel\",\"description\":\"\",\"publisher\":{\"@id\":\"https:\/\/www.safinel.fr\/#organization\"},\"potentialAction\":[{\"@type\":\"SearchAction\",\"target\":{\"@type\":\"EntryPoint\",\"urlTemplate\":\"https:\/\/www.safinel.fr\/?s={search_term_string}\"},\"query-input\":{\"@type\":\"PropertyValueSpecification\",\"valueRequired\":true,\"valueName\":\"search_term_string\"}}],\"inLanguage\":\"de\"},{\"@type\":\"Organization\",\"@id\":\"https:\/\/www.safinel.fr\/#organization\",\"name\":\"Safinel\",\"url\":\"https:\/\/www.safinel.fr\/\",\"logo\":{\"@type\":\"ImageObject\",\"inLanguage\":\"de\",\"@id\":\"https:\/\/www.safinel.fr\/#\/schema\/logo\/image\/\",\"url\":\"https:\/\/www.safinel.fr\/wp-content\/uploads\/2021\/05\/boutique-cosmetique.png\",\"contentUrl\":\"https:\/\/www.safinel.fr\/wp-content\/uploads\/2021\/05\/boutique-cosmetique.png\",\"width\":800,\"height\":200,\"caption\":\"Safinel\"},\"image\":{\"@id\":\"https:\/\/www.safinel.fr\/#\/schema\/logo\/image\/\"}}]}<\/script>\n<!-- \/ Yoast SEO plugin. -->","yoast_head_json":{"title":"Ysop | Pflanze mit zahlreichen Vorteilen | Sicherer Online-Kauf","description":"Ysop ist eine mehrj\u00e4hrige Pflanze mit einem aromatischen Geschmack, der herrlich nach Minze schmeckt. Dadurch eignet sie sich hervorragend f\u00fcr Tees.","robots":{"index":"index","follow":"follow","max-snippet":"max-snippet:-1","max-image-preview":"max-image-preview:large","max-video-preview":"max-video-preview:-1"},"canonical":"https:\/\/www.safinel.fr\/de\/product-2\/ysop\/","og_locale":"de_DE","og_type":"article","og_title":"Hysope | Plante aux bienfaits nombreux | Achat s\u00e9curis\u00e9 en ligne","og_description":"L'hysope\u00a0est une plante vivace \u00e0 la saveur aromatique au d\u00e9licieux go\u00fbt de menthe. Ce qui la rend parfaite pour les th\u00e9s.","og_url":"https:\/\/www.safinel.fr\/de\/product-2\/ysop\/","og_site_name":"Safinel","article_modified_time":"2025-10-14T15:12:33+00:00","og_image":[{"width":600,"height":600,"url":"https:\/\/www.safinel.fr\/wp-content\/uploads\/2021\/11\/feuilles-d-hysope.jpg","type":"image\/jpeg"}],"twitter_card":"summary_large_image","twitter_misc":{"Gesch\u00e4tzte Lesezeit":"5\u00a0Minuten"},"schema":{"@context":"https:\/\/schema.org","@graph":[{"@type":"WebPage","@id":"https:\/\/www.safinel.fr\/produit\/hysope\/","url":"https:\/\/www.safinel.fr\/produit\/hysope\/","name":"Ysop | Pflanze mit zahlreichen Vorteilen | Sicherer Online-Kauf","isPartOf":{"@id":"https:\/\/www.safinel.fr\/#website"},"primaryImageOfPage":{"@id":"https:\/\/www.safinel.fr\/produit\/hysope\/#primaryimage"},"image":{"@id":"https:\/\/www.safinel.fr\/produit\/hysope\/#primaryimage"},"thumbnailUrl":"https:\/\/www.safinel.fr\/wp-content\/uploads\/2021\/11\/feuilles-d-hysope.jpg","datePublished":"2021-11-13T14:05:00+00:00","dateModified":"2025-10-14T15:12:33+00:00","description":"Ysop ist eine mehrj\u00e4hrige Pflanze mit einem aromatischen Geschmack, der herrlich nach Minze schmeckt. Dadurch eignet sie sich hervorragend f\u00fcr Tees.","breadcrumb":{"@id":"https:\/\/www.safinel.fr\/produit\/hysope\/#breadcrumb"},"inLanguage":"de","potentialAction":[{"@type":"ReadAction","target":["https:\/\/www.safinel.fr\/produit\/hysope\/"]}]},{"@type":"ImageObject","inLanguage":"de","@id":"https:\/\/www.safinel.fr\/produit\/hysope\/#primaryimage","url":"https:\/\/www.safinel.fr\/wp-content\/uploads\/2021\/11\/feuilles-d-hysope.jpg","contentUrl":"https:\/\/www.safinel.fr\/wp-content\/uploads\/2021\/11\/feuilles-d-hysope.jpg","width":600,"height":600,"caption":"Sachet de feuilles d\u2019hysope 45g"},{"@type":"BreadcrumbList","@id":"https:\/\/www.safinel.fr\/produit\/hysope\/#breadcrumb","itemListElement":[{"@type":"ListItem","position":1,"name":"Accueil","item":"https:\/\/www.safinel.fr\/"},{"@type":"ListItem","position":2,"name":"Boutique","item":"https:\/\/www.safinel.fr\/boutique\/"},{"@type":"ListItem","position":3,"name":"Sachet de feuilles d&#8217;hysope 45g"}]},{"@type":"WebSite","@id":"https:\/\/www.safinel.fr\/#website","url":"https:\/\/www.safinel.fr\/","name":"Safinel","description":"","publisher":{"@id":"https:\/\/www.safinel.fr\/#organization"},"potentialAction":[{"@type":"SearchAction","target":{"@type":"EntryPoint","urlTemplate":"https:\/\/www.safinel.fr\/?s={search_term_string}"},"query-input":{"@type":"PropertyValueSpecification","valueRequired":true,"valueName":"search_term_string"}}],"inLanguage":"de"},{"@type":"Organization","@id":"https:\/\/www.safinel.fr\/#organization","name":"Safinel","url":"https:\/\/www.safinel.fr\/","logo":{"@type":"ImageObject","inLanguage":"de","@id":"https:\/\/www.safinel.fr\/#\/schema\/logo\/image\/","url":"https:\/\/www.safinel.fr\/wp-content\/uploads\/2021\/05\/boutique-cosmetique.png","contentUrl":"https:\/\/www.safinel.fr\/wp-content\/uploads\/2021\/05\/boutique-cosmetique.png","width":800,"height":200,"caption":"Safinel"},"image":{"@id":"https:\/\/www.safinel.fr\/#\/schema\/logo\/image\/"}}]}},"_links":{"self":[{"href":"https:\/\/www.safinel.fr\/de\/wp-json\/wp\/v2\/product\/538","targetHints":{"allow":["GET"]}}],"collection":[{"href":"https:\/\/www.safinel.fr\/de\/wp-json\/wp\/v2\/product"}],"about":[{"href":"https:\/\/www.safinel.fr\/de\/wp-json\/wp\/v2\/types\/product"}],"wp:featuredmedia":[{"embeddable":true,"href":"https:\/\/www.safinel.fr\/de\/wp-json\/wp\/v2\/media\/539"}],"wp:attachment":[{"href":"https:\/\/www.safinel.fr\/de\/wp-json\/wp\/v2\/media?parent=538"}],"wp:term":[{"taxonomy":"product_brand","embeddable":true,"href":"https:\/\/www.safinel.fr\/de\/wp-json\/wp\/v2\/product_brand?post=538"},{"taxonomy":"product_cat","embeddable":true,"href":"https:\/\/www.safinel.fr\/de\/wp-json\/wp\/v2\/product_cat?post=538"},{"taxonomy":"product_tag","embeddable":true,"href":"https:\/\/www.safinel.fr\/de\/wp-json\/wp\/v2\/product_tag?post=538"}],"curies":[{"name":"wp","href":"https:\/\/api.w.org\/{rel}","templated":true}]}}