{"id":5375,"date":"2023-04-09T10:49:38","date_gmt":"2023-04-09T10:49:38","guid":{"rendered":"https:\/\/www.safinel.fr\/?post_type=product&#038;p=5375"},"modified":"2023-12-28T17:15:52","modified_gmt":"2023-12-28T17:15:52","slug":"harpagophytum-bio-teufelskralle","status":"publish","type":"product","link":"https:\/\/www.safinel.fr\/de\/product-2\/harpagophytum-bio-teufelskralle\/","title":{"rendered":"Harpagophytum bio (Teufelskralle)"},"content":{"rendered":"<p>Die\u00a0<strong>Teufelskralle (Harpagophytum)<\/strong>\u00a0ist eine Pflanze mit vielen positiven Eigenschaften aus der Kalahari-W\u00fcste. Wenn auch Sie diese Pflanze mit dem faszinierenden Namen kennenlernen m\u00f6chten, bleiben Sie dran. Fortsetzung folgt.<\/p>\n<h2><strong>Harpagophytum: Was ist das?\u00a0<\/strong><\/h2>\n<p>L\u2019<strong>harpagophytum<\/strong>\u00a0ist eine mehrj\u00e4hrige krautige Pflanze. Die Pflanze stammt urspr\u00fcnglich aus Afrika, genauer gesagt aus Namibia, Madagaskar und S\u00fcdafrika.<\/p>\n<p>Seine Wurzeln werden traditionell von Hand geerntet. Au\u00dferdem ist der Teil, der in der Pflanzenheilkunde verwendet wird, die Wurzel.<\/p>\n<p>Man kann diese Pflanze konsumieren in <a href=\"https:\/\/www.safinel.fr\/de\/product-category-2\/krautertees\/\"><strong>Kr\u00e4utertee<\/strong><\/a>, Sie k\u00f6nnen in Form von Kapseln, Tabletten, Balsam oder Creme eingenommen werden.<\/p>\n<h2><strong>Die Vorteile der Teufelskralle\u00a0<\/strong><b>bio<\/b><\/h2>\n<p>Harpagophytum enth\u00e4lt\u00a0<strong>zahlreiche Wirkstoffe<\/strong>\u00a0insbesondere Harpagosid, Phenole, Flavonoide und Vitamin B1.<\/p>\n<p>Dank dieser verschiedenen Wirkstoffe verleiht ihr das vielf\u00e4ltige Eigenschaften, die auf wissenschaftlicher und medizinischer Ebene anerkannt sind. In der Tat ist diese Pflanze :<\/p>\n<ul>\n<li>Entz\u00fcndungshemmend, schmerzlindernd und antirheumatisch ;<\/li>\n<li>Cholagogue und Choleretikum.<\/li>\n<\/ul>\n<p>Ebenso geh\u00f6rt zu diesen positiven Wirkungen, dass diese Pflanze eine :<\/p>\n<ul>\n<li><strong>Wirkung auf die Gelenke :\u00a0<\/strong><\/li>\n<\/ul>\n<p>Die Teufelskralle wirkt vor allem auf die Gelenke, indem sie die Entz\u00fcndung reduziert. Dieser entz\u00fcndungshemmende Effekt macht die Pflanze zu einem starken Schmerzmittel f\u00fcr die Gelenke. Wenn Sie also unter Rheuma leiden, wird diese ein Verb\u00fcndeter sein, um Ihre Schmerzen und Beschwerden zu verringern.<\/p>\n<p>Rheuma Qu\u00e9saco: Das sind Schmerzen in den Gelenken, Muskeln und B\u00e4ndern. Dazu geh\u00f6ren Arthrose, Arthritis, Osteoporose, rheumatoide Arthritis etc.<\/p>\n<ul>\n<li><strong>Wirkung auf die Verdauung :\u00a0<\/strong><\/li>\n<\/ul>\n<p>Die Teufelskralle besitzt eine Wirkung auf die Verdauung und insbesondere auf die Leber und die Gallenblase. Die cholagogische Wirkung hilft der Leber bei der Produktion von Galle. Die choleretische Wirkung stimuliert die Ausscheidung der Galle durch Kontraktion der Gallenblase. Auf diese Weise wird eine Entw\u00e4sserung der Leber erm\u00f6glicht.<\/p>\n<p>Vorteile, die den Unterschied ausmachen.<\/p>\n<h2><strong>Wie wird die Harpagophytum-Pflanze verwendet?\u00a0<\/strong><\/h2>\n<p>Wenn Sie die Eigenschaften der Teufelskralle nutzen m\u00f6chten, besuchen Sie unsere Website. Um sie zu verwenden, gibt es verschiedene M\u00f6glichkeiten, z. B. :<\/p>\n<ul>\n<li><strong>Als Kr\u00e4utertee :<\/strong>\u00a0k\u00f6nnen Sie die Pflanze mit Ackerschachtelhalm wegen seiner remineralisierenden Wirkung kombinieren. 1 Gramm der Pflanze auf 200 ml Wasser.<\/li>\n<\/ul>\n<ul>\n<li><strong>Als Tinktur:<\/strong>\u00a05 bis 15 Tropfen in einem Glas Wasser verd\u00fcnnt, alles einmal t\u00e4glich. Und als dreiw\u00f6chige Kur.<\/li>\n<\/ul>\n<ul>\n<li><strong>Kapseln oder Tabletten :<\/strong>\u00a0in Bezug auf die Dosierung sollten Sie sich auf dem Beipackzettel informieren.<\/li>\n<\/ul>\n<ul>\n<li>Oder schlie\u00dflich in\u00a0<strong>Balsam oder Creme :<\/strong>\u00a0k\u00f6nnen Sie es 2 bis 3 Mal t\u00e4glich auf die schmerzenden Gelenke auftragen und ziemlich stark einmassieren, damit die Wirkstoffe eindringen k\u00f6nnen.<\/li>\n<\/ul>\n<h3><strong>Einige Vorsichtsma\u00dfnahmen bei Harpagophytum<\/strong><\/h3>\n<p>Es ist wichtig, dass Sie die empfohlene Dosis einhalten. Denn bei einer \u00dcberdosierung kann es zu unerw\u00fcnschten Nebenwirkungen kommen.<\/p>\n<p>Wenn Sie eine medizinische Behandlung einnehmen, sollten Sie au\u00dferdem vor Beginn einer Kur den Rat Ihres Arztes einholen.<\/p>\n<p>Und schlie\u00dflich: Wenn Sie einen empfindlichen Magen haben und Harpagophytum oral anwenden m\u00f6chten, denken Sie daran, es beim Essen einzunehmen.<\/p>","protected":false},"excerpt":{"rendered":"<p><strong>Verwendungen:\u00a0<\/strong><\/p>\n<ul>\n<li><strong>Als Kr\u00e4utertee :<\/strong>\u00a0k\u00f6nnen Sie die Pflanze mit Ackerschachtelhalm wegen seiner remineralisierenden Wirkung kombinieren. 1 Gramm der Pflanze auf 200 ml Wasser.<\/li>\n<li><strong>Als Tinktur:<\/strong>\u00a05 bis 15 Tropfen in einem Glas Wasser verd\u00fcnnt, alles einmal t\u00e4glich. Und als dreiw\u00f6chige Kur.<\/li>\n<li><strong>Kapseln oder Tabletten :<\/strong>\u00a0in Bezug auf die Dosierung sollten Sie sich auf dem Beipackzettel informieren.<\/li>\n<li>Oder schlie\u00dflich in\u00a0<strong>Balsam oder Creme :<\/strong>\u00a0k\u00f6nnen Sie es 2 bis 3 Mal t\u00e4glich auf die schmerzenden Gelenke auftragen und ziemlich stark einmassieren, damit die Wirkstoffe eindringen k\u00f6nnen.<\/li>\n<\/ul>\n<p><img decoding=\"async\" class=\"size-full wp-image-5091 aligncenter\" src=\"https:\/\/www.safinel.fr\/wp-content\/uploads\/2021\/06\/BANNIERE-ICONE-SAFINEL.webp\" alt=\"Satines-R\u00fcckversicherung\" width=\"800\" height=\"200\" srcset=\"https:\/\/www.safinel.fr\/wp-content\/uploads\/2021\/06\/BANNIERE-ICONE-SAFINEL.webp 800w, https:\/\/www.safinel.fr\/wp-content\/uploads\/2021\/06\/BANNIERE-ICONE-SAFINEL-600x150.webp 600w, https:\/\/www.safinel.fr\/wp-content\/uploads\/2021\/06\/BANNIERE-ICONE-SAFINEL-768x192.webp 768w\" sizes=\"(max-width: 800px) 100vw, 800px\" \/><\/p>","protected":false},"featured_media":5376,"template":"","meta":[],"product_brand":[],"product_cat":[27],"product_tag":[],"class_list":{"0":"post-5375","1":"product","2":"type-product","3":"status-publish","4":"has-post-thumbnail","6":"product_cat-plantes-medicinales","8":"first","9":"instock","10":"shipping-taxable","11":"purchasable","12":"product-type-variable"},"yoast_head":"<!-- This site is optimized with the Yoast SEO plugin v26.6 - https:\/\/yoast.com\/wordpress\/plugins\/seo\/ -->\n<title>Harpagophytum bio I Griffe du diable I Racines coup\u00e9es &amp; G\u00e9lules<\/title>\n<meta name=\"description\" content=\"La\u00a0griffe du diable (Harpagophytum)\u00a0est une plante aux nombreux bienfaits venant du d\u00e9sert du Kalahari. Adoptez-l\u00e0 sans plus attendre !\" \/>\n<meta name=\"robots\" content=\"index, follow, max-snippet:-1, max-image-preview:large, max-video-preview:-1\" \/>\n<link rel=\"canonical\" href=\"https:\/\/www.safinel.fr\/de\/product-2\/harpagophytum-bio-teufelskralle\/\" \/>\n<meta property=\"og:locale\" content=\"de_DE\" \/>\n<meta property=\"og:type\" content=\"article\" \/>\n<meta property=\"og:title\" content=\"Harpagophytum bio I Griffe du diable I Racines coup\u00e9es &amp; G\u00e9lules\" \/>\n<meta property=\"og:description\" content=\"La\u00a0griffe du diable (Harpagophytum)\u00a0est une plante aux nombreux bienfaits venant du d\u00e9sert du Kalahari. Adoptez-l\u00e0 sans plus attendre !\" \/>\n<meta property=\"og:url\" content=\"https:\/\/www.safinel.fr\/de\/product-2\/harpagophytum-bio-teufelskralle\/\" \/>\n<meta property=\"og:site_name\" content=\"Safinel\" \/>\n<meta property=\"article:modified_time\" content=\"2023-12-28T17:15:52+00:00\" \/>\n<meta property=\"og:image\" content=\"https:\/\/www.safinel.fr\/wp-content\/uploads\/2023\/04\/gelule-Harpagophytum.jpg\" \/>\n\t<meta property=\"og:image:width\" content=\"600\" \/>\n\t<meta property=\"og:image:height\" content=\"600\" \/>\n\t<meta property=\"og:image:type\" content=\"image\/jpeg\" \/>\n<meta name=\"twitter:card\" content=\"summary_large_image\" \/>\n<meta name=\"twitter:label1\" content=\"Gesch\u00e4tzte Lesezeit\" \/>\n\t<meta name=\"twitter:data1\" content=\"3\u00a0Minuten\" \/>\n<script type=\"application\/ld+json\" class=\"yoast-schema-graph\">{\"@context\":\"https:\/\/schema.org\",\"@graph\":[{\"@type\":\"WebPage\",\"@id\":\"https:\/\/www.safinel.fr\/produit\/harpagophytum-bio-griffe-du-diable\/\",\"url\":\"https:\/\/www.safinel.fr\/produit\/harpagophytum-bio-griffe-du-diable\/\",\"name\":\"Harpagophytum bio I Griffe du diable I Racines coup\u00e9es & G\u00e9lules\",\"isPartOf\":{\"@id\":\"https:\/\/www.safinel.fr\/#website\"},\"primaryImageOfPage\":{\"@id\":\"https:\/\/www.safinel.fr\/produit\/harpagophytum-bio-griffe-du-diable\/#primaryimage\"},\"image\":{\"@id\":\"https:\/\/www.safinel.fr\/produit\/harpagophytum-bio-griffe-du-diable\/#primaryimage\"},\"thumbnailUrl\":\"https:\/\/www.safinel.fr\/wp-content\/uploads\/2023\/04\/gelule-Harpagophytum.jpg\",\"datePublished\":\"2023-04-09T10:49:38+00:00\",\"dateModified\":\"2023-12-28T17:15:52+00:00\",\"description\":\"La\u00a0griffe du diable (Harpagophytum)\u00a0est une plante aux nombreux bienfaits venant du d\u00e9sert du Kalahari. Adoptez-l\u00e0 sans plus attendre !\",\"breadcrumb\":{\"@id\":\"https:\/\/www.safinel.fr\/produit\/harpagophytum-bio-griffe-du-diable\/#breadcrumb\"},\"inLanguage\":\"de\",\"potentialAction\":[{\"@type\":\"ReadAction\",\"target\":[\"https:\/\/www.safinel.fr\/produit\/harpagophytum-bio-griffe-du-diable\/\"]}]},{\"@type\":\"ImageObject\",\"inLanguage\":\"de\",\"@id\":\"https:\/\/www.safinel.fr\/produit\/harpagophytum-bio-griffe-du-diable\/#primaryimage\",\"url\":\"https:\/\/www.safinel.fr\/wp-content\/uploads\/2023\/04\/gelule-Harpagophytum.jpg\",\"contentUrl\":\"https:\/\/www.safinel.fr\/wp-content\/uploads\/2023\/04\/gelule-Harpagophytum.jpg\",\"width\":600,\"height\":600,\"caption\":\"g\u00e9lule Harpagophytum\"},{\"@type\":\"BreadcrumbList\",\"@id\":\"https:\/\/www.safinel.fr\/produit\/harpagophytum-bio-griffe-du-diable\/#breadcrumb\",\"itemListElement\":[{\"@type\":\"ListItem\",\"position\":1,\"name\":\"Accueil\",\"item\":\"https:\/\/www.safinel.fr\/\"},{\"@type\":\"ListItem\",\"position\":2,\"name\":\"Boutique\",\"item\":\"https:\/\/www.safinel.fr\/boutique\/\"},{\"@type\":\"ListItem\",\"position\":3,\"name\":\"Harpagophytum bio (Griffe du diable)\"}]},{\"@type\":\"WebSite\",\"@id\":\"https:\/\/www.safinel.fr\/#website\",\"url\":\"https:\/\/www.safinel.fr\/\",\"name\":\"Safinel\",\"description\":\"\",\"publisher\":{\"@id\":\"https:\/\/www.safinel.fr\/#organization\"},\"potentialAction\":[{\"@type\":\"SearchAction\",\"target\":{\"@type\":\"EntryPoint\",\"urlTemplate\":\"https:\/\/www.safinel.fr\/?s={search_term_string}\"},\"query-input\":{\"@type\":\"PropertyValueSpecification\",\"valueRequired\":true,\"valueName\":\"search_term_string\"}}],\"inLanguage\":\"de\"},{\"@type\":\"Organization\",\"@id\":\"https:\/\/www.safinel.fr\/#organization\",\"name\":\"Safinel\",\"url\":\"https:\/\/www.safinel.fr\/\",\"logo\":{\"@type\":\"ImageObject\",\"inLanguage\":\"de\",\"@id\":\"https:\/\/www.safinel.fr\/#\/schema\/logo\/image\/\",\"url\":\"https:\/\/www.safinel.fr\/wp-content\/uploads\/2021\/05\/boutique-cosmetique.png\",\"contentUrl\":\"https:\/\/www.safinel.fr\/wp-content\/uploads\/2021\/05\/boutique-cosmetique.png\",\"width\":800,\"height\":200,\"caption\":\"Safinel\"},\"image\":{\"@id\":\"https:\/\/www.safinel.fr\/#\/schema\/logo\/image\/\"}}]}<\/script>\n<!-- \/ Yoast SEO plugin. -->","yoast_head_json":{"title":"Harpagophytum bio I Teufelskralle I Geschnittene Wurzeln &amp; Kapseln","description":"Die Teufelskralle (Harpagophytum) ist eine Pflanze aus der Kalahari-W\u00fcste mit vielen positiven Eigenschaften. Sie ist eine der besten Pflanzen der Welt.","robots":{"index":"index","follow":"follow","max-snippet":"max-snippet:-1","max-image-preview":"max-image-preview:large","max-video-preview":"max-video-preview:-1"},"canonical":"https:\/\/www.safinel.fr\/de\/product-2\/harpagophytum-bio-teufelskralle\/","og_locale":"de_DE","og_type":"article","og_title":"Harpagophytum bio I Griffe du diable I Racines coup\u00e9es & G\u00e9lules","og_description":"La\u00a0griffe du diable (Harpagophytum)\u00a0est une plante aux nombreux bienfaits venant du d\u00e9sert du Kalahari. Adoptez-l\u00e0 sans plus attendre !","og_url":"https:\/\/www.safinel.fr\/de\/product-2\/harpagophytum-bio-teufelskralle\/","og_site_name":"Safinel","article_modified_time":"2023-12-28T17:15:52+00:00","og_image":[{"width":600,"height":600,"url":"https:\/\/www.safinel.fr\/wp-content\/uploads\/2023\/04\/gelule-Harpagophytum.jpg","type":"image\/jpeg"}],"twitter_card":"summary_large_image","twitter_misc":{"Gesch\u00e4tzte Lesezeit":"3\u00a0Minuten"},"schema":{"@context":"https:\/\/schema.org","@graph":[{"@type":"WebPage","@id":"https:\/\/www.safinel.fr\/produit\/harpagophytum-bio-griffe-du-diable\/","url":"https:\/\/www.safinel.fr\/produit\/harpagophytum-bio-griffe-du-diable\/","name":"Harpagophytum bio I Teufelskralle I Geschnittene Wurzeln &amp; Kapseln","isPartOf":{"@id":"https:\/\/www.safinel.fr\/#website"},"primaryImageOfPage":{"@id":"https:\/\/www.safinel.fr\/produit\/harpagophytum-bio-griffe-du-diable\/#primaryimage"},"image":{"@id":"https:\/\/www.safinel.fr\/produit\/harpagophytum-bio-griffe-du-diable\/#primaryimage"},"thumbnailUrl":"https:\/\/www.safinel.fr\/wp-content\/uploads\/2023\/04\/gelule-Harpagophytum.jpg","datePublished":"2023-04-09T10:49:38+00:00","dateModified":"2023-12-28T17:15:52+00:00","description":"Die Teufelskralle (Harpagophytum) ist eine Pflanze aus der Kalahari-W\u00fcste mit vielen positiven Eigenschaften. Sie ist eine der besten Pflanzen der Welt.","breadcrumb":{"@id":"https:\/\/www.safinel.fr\/produit\/harpagophytum-bio-griffe-du-diable\/#breadcrumb"},"inLanguage":"de","potentialAction":[{"@type":"ReadAction","target":["https:\/\/www.safinel.fr\/produit\/harpagophytum-bio-griffe-du-diable\/"]}]},{"@type":"ImageObject","inLanguage":"de","@id":"https:\/\/www.safinel.fr\/produit\/harpagophytum-bio-griffe-du-diable\/#primaryimage","url":"https:\/\/www.safinel.fr\/wp-content\/uploads\/2023\/04\/gelule-Harpagophytum.jpg","contentUrl":"https:\/\/www.safinel.fr\/wp-content\/uploads\/2023\/04\/gelule-Harpagophytum.jpg","width":600,"height":600,"caption":"g\u00e9lule Harpagophytum"},{"@type":"BreadcrumbList","@id":"https:\/\/www.safinel.fr\/produit\/harpagophytum-bio-griffe-du-diable\/#breadcrumb","itemListElement":[{"@type":"ListItem","position":1,"name":"Accueil","item":"https:\/\/www.safinel.fr\/"},{"@type":"ListItem","position":2,"name":"Boutique","item":"https:\/\/www.safinel.fr\/boutique\/"},{"@type":"ListItem","position":3,"name":"Harpagophytum bio (Griffe du diable)"}]},{"@type":"WebSite","@id":"https:\/\/www.safinel.fr\/#website","url":"https:\/\/www.safinel.fr\/","name":"Safinel","description":"","publisher":{"@id":"https:\/\/www.safinel.fr\/#organization"},"potentialAction":[{"@type":"SearchAction","target":{"@type":"EntryPoint","urlTemplate":"https:\/\/www.safinel.fr\/?s={search_term_string}"},"query-input":{"@type":"PropertyValueSpecification","valueRequired":true,"valueName":"search_term_string"}}],"inLanguage":"de"},{"@type":"Organization","@id":"https:\/\/www.safinel.fr\/#organization","name":"Safinel","url":"https:\/\/www.safinel.fr\/","logo":{"@type":"ImageObject","inLanguage":"de","@id":"https:\/\/www.safinel.fr\/#\/schema\/logo\/image\/","url":"https:\/\/www.safinel.fr\/wp-content\/uploads\/2021\/05\/boutique-cosmetique.png","contentUrl":"https:\/\/www.safinel.fr\/wp-content\/uploads\/2021\/05\/boutique-cosmetique.png","width":800,"height":200,"caption":"Safinel"},"image":{"@id":"https:\/\/www.safinel.fr\/#\/schema\/logo\/image\/"}}]}},"_links":{"self":[{"href":"https:\/\/www.safinel.fr\/de\/wp-json\/wp\/v2\/product\/5375","targetHints":{"allow":["GET"]}}],"collection":[{"href":"https:\/\/www.safinel.fr\/de\/wp-json\/wp\/v2\/product"}],"about":[{"href":"https:\/\/www.safinel.fr\/de\/wp-json\/wp\/v2\/types\/product"}],"wp:featuredmedia":[{"embeddable":true,"href":"https:\/\/www.safinel.fr\/de\/wp-json\/wp\/v2\/media\/5376"}],"wp:attachment":[{"href":"https:\/\/www.safinel.fr\/de\/wp-json\/wp\/v2\/media?parent=5375"}],"wp:term":[{"taxonomy":"product_brand","embeddable":true,"href":"https:\/\/www.safinel.fr\/de\/wp-json\/wp\/v2\/product_brand?post=5375"},{"taxonomy":"product_cat","embeddable":true,"href":"https:\/\/www.safinel.fr\/de\/wp-json\/wp\/v2\/product_cat?post=5375"},{"taxonomy":"product_tag","embeddable":true,"href":"https:\/\/www.safinel.fr\/de\/wp-json\/wp\/v2\/product_tag?post=5375"}],"curies":[{"name":"wp","href":"https:\/\/api.w.org\/{rel}","templated":true}]}}