{"id":5370,"date":"2023-04-09T10:31:34","date_gmt":"2023-04-09T10:31:34","guid":{"rendered":"https:\/\/www.safinel.fr\/?post_type=product&#038;p=5370"},"modified":"2025-11-24T15:52:41","modified_gmt":"2025-11-24T15:52:41","slug":"gefriergetrocknetes-konigliches-geleepulver","status":"publish","type":"product","link":"https:\/\/www.safinel.fr\/de\/product-2\/gefriergetrocknetes-konigliches-geleepulver\/","title":{"rendered":"Gel\u00e9e Royale gefriergetrocknetes Pulver"},"content":{"rendered":"<p>Gelee Royale als gefriergetrocknetes Pulver ist ein nat\u00fcrliches und wirkungsvolles Nahrungserg\u00e4nzungsmittel, <strong>ideal zur Bek\u00e4mpfung von M\u00fcdigkeit und zur St\u00e4rkung des Immunsystems<\/strong>. Dieses Produkt aus der Welt der Bienen ist reich an essentiellen N\u00e4hrstoffen und besitzt zahlreiche st\u00e4rkende und stimulierende Eigenschaften. Hier erfahren Sie alles, was Sie \u00fcber diesen unumg\u00e4nglichen Gesundheitsverb\u00fcndeten wissen m\u00fcssen.<\/p>\n<h2><strong>Was ist Gelee Royale?<\/strong><\/h2>\n<p><strong>Gelee Royal ist eine Substanz, die von Arbeitsbienen produziert wird und die K\u00f6nigin sowie die Larven des Bienenvolkes ern\u00e4hren soll.<\/strong>. Dank dieser exklusiven Nahrung erreicht die K\u00f6nigin eine au\u00dfergew\u00f6hnliche Gr\u00f6\u00dfe und lebt viel l\u00e4nger als die anderen Mitglieder des Bienenstocks (bis zu 5 Jahre, im Vergleich zu einigen Wochen bei den Arbeiterinnen). Seine einzigartige Zusammensetzung und seine wohltuenden Eigenschaften machen Gelee Royale zu einem wahren Schatz der Natur. Es besteht insbesondere aus :<\/p>\n<ul>\n<li>Vitamine: B-Gruppe (B3, B5, B6, B8), A, C, D, E<\/li>\n<li>Mineralien: Kalzium, Phosphor, Kalium, Schwefel, Eisen, Kupfer<\/li>\n<li>Essentielle und nicht-essentielle Aminos\u00e4uren<\/li>\n<li>Proteine und Peptide<\/li>\n<li>Unges\u00e4ttigte Fetts\u00e4uren<\/li>\n<li>Enzyme und Hormone<\/li>\n<li>Antioxidantien<\/li>\n<\/ul>\n<h2><strong>Die Vorteile von gefriergetrocknetem Gel\u00e9e Royale-Pulver<\/strong><\/h2>\n<p>Gefriergetrocknetes Gel\u00e9e Royale-Pulver hat mehrere Vorteile gegen\u00fcber der frischen Form, darunter :<\/p>\n<h3><strong>Bessere Haltbarkeit<\/strong><\/h3>\n<p>Die Gefriertrocknung ist ein Verfahren, mit dem die Eigenschaften und der N\u00e4hrwert von Gel\u00e9e Royale erhalten bleiben. Bei diesem Verfahren wird die Substanz gefroren und dann bei niedrigem Druck dehydriert, wodurch das Wasser entfernt wird und die aktiven Molek\u00fcle erhalten bleiben.<\/p>\n<p>Diese Methode der Aufbewahrung <strong>bietet eine l\u00e4ngere Haltbarkeit des Gel\u00e9e Royale<\/strong>, Das bedeutet, dass es mehrere Monate lang gelagert werden kann, ohne dass es seinen Nutzen verliert.<\/p>\n<h3><strong>Praktische und vielseitige Verwendung<\/strong><\/h3>\n<p>Das gefriergetrocknete Gelee Royale-Pulver l\u00f6st sich leicht in Wasser, Fruchtsaft oder Joghurt auf, sodass es leicht in Ihre t\u00e4gliche Ern\u00e4hrung integriert werden kann. Es kann auch als Zutat in hausgemachten Koch- und Kosmetikrezepten verwendet werden. Au\u00dferdem ist das Pulver weniger empfindlich gegen\u00fcber Temperaturschwankungen, sodass das Produkt unter optimalen Bedingungen transportiert und verzehrt werden kann.<\/p>\n<h2><strong>Die gesundheitlichen Vorteile von gefriergetrocknetem Gel\u00e9e Royale-Pulver<\/strong><\/h2>\n<p>Gel\u00e9e Royale als gefriergetrocknetes Pulver hat viele positive Eigenschaften f\u00fcr unseren K\u00f6rper:<\/p>\n<h3><strong>Ein nat\u00fcrliches St\u00e4rkungsmittel gegen M\u00fcdigkeit<\/strong><\/h3>\n<p>Dank seines Reichtums an Vitaminen, Mineralien und Aminos\u00e4uren ist Gelee Royal ein nat\u00fcrliches Tonikum und Stimulans, das gegen k\u00f6rperliche und geistige M\u00fcdigkeit hilft. Es tr\u00e4gt auch dazu bei, die Widerstandsf\u00e4higkeit des K\u00f6rpers gegen\u00fcber Stress und \u00e4u\u00dferen Einfl\u00fcssen zu verbessern.<\/p>\n<h3><strong>Eine Unterst\u00fctzung f\u00fcr das Immunsystem<\/strong><\/h3>\n<p>Gelee Royal st\u00e4rkt dank seiner Antioxidantien und seines Vitamin-C-Gehalts die Immunabwehr. So hilft es, Infektionen vorzubeugen und zu bek\u00e4mpfen. Gleichzeitig f\u00f6rdert es eine bessere Erholung nach einer Anstrengung oder einer Krankheit.<\/p>\n<h3><strong>Eine positive Wirkung auf Haut und Haar<\/strong><\/h3>\n<p>Die Vitamine der B-Gruppe sowie die im Gelee Royale enthaltenen essentiellen Fetts\u00e4uren sind f\u00fcr ihre g\u00fcnstige Wirkung auf Haut und Haare bekannt. Sie tragen insbesondere dazu bei, dass :<\/p>\n<ul>\n<li>Die Haut regenerieren und mit Feuchtigkeit versorgen<\/li>\n<li>Verbesserung der Elastizit\u00e4t und Festigkeit der Haut<\/li>\n<li>Hautprobleme (Akne, Ekzeme, Psoriasis) bek\u00e4mpfen<\/li>\n<li>F\u00f6rderung des Haarwachstums und der Vitalit\u00e4t des Haares<\/li>\n<\/ul>\n<h2><strong>Wie konsumiert man gefriergetrocknetes Gelee Royale Pulver?<\/strong><\/h2>\n<p>Um die Vorteile von gefriergetrocknetem Gelee Royale-Pulver voll auszusch\u00f6pfen, empfiehlt sich eine regelm\u00e4\u00dfige Kur, insbesondere beim Wechsel der Jahreszeiten oder in Zeiten der M\u00fcdigkeit. Hier sind einige Tipps, die Ihnen helfen, dieses Nahrungserg\u00e4nzungsmittel richtig zu verwenden :<\/p>\n<h3><strong>W\u00e4hlen Sie ein Qualit\u00e4tsprodukt<\/strong><\/h3>\n<p>Bevorzugen Sie Gelee Royale aus biologischem Anbau, das ohne Pestizide zertifiziert wurde, um die Reinheit und Qualit\u00e4t des Produkts zu gew\u00e4hrleisten.<\/p>\n<h3><strong>Halten Sie sich an die empfohlene Dosierung<\/strong><\/h3>\n<p>Die empfohlene Tagesdosis betr\u00e4gt im Allgemeinen 1 g Pulver (etwa ein Teel\u00f6ffel) f\u00fcr einen Erwachsenen, die je nach Ihrem Alter und Ihren spezifischen Bed\u00fcrfnissen angepasst werden sollte. Es ist am besten, Gelee Royale morgens zu konsumieren, wenn der K\u00f6rper am aufnahmef\u00e4higsten f\u00fcr N\u00e4hrstoffe ist.<\/p>\n<h3><strong>Mischen Sie es mit anderen gesunden Zutaten<\/strong><\/h3>\n<p>Um die Wirkung von gefriergetrocknetem Gelee Royale Pulver zu optimieren, kombinieren Sie es ruhig mit Lebensmitteln, die reich an Vitaminen, Mineralien und Antioxidantien sind, wie z. B. :<\/p>\n<ul>\n<li>Frische Fruchts\u00e4fte (Orange, Zitrone, Apfel, Granatapfel, etc.)<\/li>\n<li>Smoothies aus gr\u00fcnem Gem\u00fcse (Spinat, Gr\u00fcnkohl, Gurke usw.)<\/li>\n<li>Naturjoghurt oder Quark<\/li>\n<li>Vollkorngetreide (Haferflocken, Quinoa, Bulgur usw.)<\/li>\n<li>N\u00fcsse, Samen und <a href=\"https:\/\/www.safinel.fr\/de\/product-category-2\/tropische-frucht\/\"><strong>Fr\u00fcchte<\/strong><\/a> getrocknet (Mandeln, Haseln\u00fcsse, Rosinen, Aprikosen usw.)<\/li>\n<\/ul>\n<p>Wenn Sie gefriergetrocknetes Gel\u00e9e Royale-Pulver regelm\u00e4\u00dfig in Ihre Ern\u00e4hrung einbauen, k\u00f6nnen Sie von seinen revitalisierenden und stimulierenden Eigenschaften profitieren und gleichzeitig Ihre nat\u00fcrlichen Abwehrkr\u00e4fte st\u00e4rken. Ein wertvoller Trumpf, um Ihre Gesundheit und Ihr Wohlbefinden im Alltag zu erhalten.<\/p>","protected":false},"excerpt":{"rendered":"<p><img decoding=\"async\" class=\"size-full wp-image-5091 aligncenter\" src=\"https:\/\/www.safinel.fr\/wp-content\/uploads\/2021\/06\/BANNIERE-ICONE-SAFINEL.webp\" alt=\"Satines-R\u00fcckversicherung\" width=\"800\" height=\"200\" srcset=\"https:\/\/www.safinel.fr\/wp-content\/uploads\/2021\/06\/BANNIERE-ICONE-SAFINEL.webp 800w, https:\/\/www.safinel.fr\/wp-content\/uploads\/2021\/06\/BANNIERE-ICONE-SAFINEL-600x150.webp 600w, https:\/\/www.safinel.fr\/wp-content\/uploads\/2021\/06\/BANNIERE-ICONE-SAFINEL-768x192.webp 768w\" sizes=\"(max-width: 800px) 100vw, 800px\" \/><\/p>","protected":false},"featured_media":5371,"template":"","meta":[],"product_brand":[],"product_cat":[24],"product_tag":[],"class_list":{"0":"post-5370","1":"product","2":"type-product","3":"status-publish","4":"has-post-thumbnail","6":"product_cat-apiculture","8":"first","9":"outofstock","10":"shipping-taxable","11":"purchasable","12":"product-type-variable"},"yoast_head":"<!-- This site is optimized with the Yoast SEO plugin v26.6 - https:\/\/yoast.com\/wordpress\/plugins\/seo\/ -->\n<title>Gel\u00e9e royale en poudre lyophilis\u00e9e I Bienfaits nombreux<\/title>\n<meta name=\"description\" content=\"La\u00a0gel\u00e9e royale en poudre lyophilis\u00e9e\u00a0est un compl\u00e9ment alimentaire naturel et puissant, id\u00e9al pour lutter contre la fatigue.\" \/>\n<meta name=\"robots\" content=\"index, follow, max-snippet:-1, max-image-preview:large, max-video-preview:-1\" \/>\n<link rel=\"canonical\" href=\"https:\/\/www.safinel.fr\/de\/product-2\/gefriergetrocknetes-konigliches-geleepulver\/\" \/>\n<meta property=\"og:locale\" content=\"de_DE\" \/>\n<meta property=\"og:type\" content=\"article\" \/>\n<meta property=\"og:title\" content=\"Gel\u00e9e royale en poudre lyophilis\u00e9e I Bienfaits nombreux\" \/>\n<meta property=\"og:description\" content=\"La\u00a0gel\u00e9e royale en poudre lyophilis\u00e9e\u00a0est un compl\u00e9ment alimentaire naturel et puissant, id\u00e9al pour lutter contre la fatigue.\" \/>\n<meta property=\"og:url\" content=\"https:\/\/www.safinel.fr\/de\/product-2\/gefriergetrocknetes-konigliches-geleepulver\/\" \/>\n<meta property=\"og:site_name\" content=\"Safinel\" \/>\n<meta property=\"article:modified_time\" content=\"2025-11-24T15:52:41+00:00\" \/>\n<meta property=\"og:image\" content=\"https:\/\/www.safinel.fr\/wp-content\/uploads\/2023\/04\/gelee-royal-en-poudre-lyophilise.jpg\" \/>\n\t<meta property=\"og:image:width\" content=\"600\" \/>\n\t<meta property=\"og:image:height\" content=\"600\" \/>\n\t<meta property=\"og:image:type\" content=\"image\/jpeg\" \/>\n<meta name=\"twitter:card\" content=\"summary_large_image\" \/>\n<meta name=\"twitter:label1\" content=\"Gesch\u00e4tzte Lesezeit\" \/>\n\t<meta name=\"twitter:data1\" content=\"4\u00a0Minuten\" \/>\n<script type=\"application\/ld+json\" class=\"yoast-schema-graph\">{\"@context\":\"https:\/\/schema.org\",\"@graph\":[{\"@type\":\"WebPage\",\"@id\":\"https:\/\/www.safinel.fr\/produit\/gelee-royale-en-poudre-lyophilisee\/\",\"url\":\"https:\/\/www.safinel.fr\/produit\/gelee-royale-en-poudre-lyophilisee\/\",\"name\":\"Gel\u00e9e royale en poudre lyophilis\u00e9e I Bienfaits nombreux\",\"isPartOf\":{\"@id\":\"https:\/\/www.safinel.fr\/#website\"},\"primaryImageOfPage\":{\"@id\":\"https:\/\/www.safinel.fr\/produit\/gelee-royale-en-poudre-lyophilisee\/#primaryimage\"},\"image\":{\"@id\":\"https:\/\/www.safinel.fr\/produit\/gelee-royale-en-poudre-lyophilisee\/#primaryimage\"},\"thumbnailUrl\":\"https:\/\/www.safinel.fr\/wp-content\/uploads\/2023\/04\/gelee-royal-en-poudre-lyophilise.jpg\",\"datePublished\":\"2023-04-09T10:31:34+00:00\",\"dateModified\":\"2025-11-24T15:52:41+00:00\",\"description\":\"La\u00a0gel\u00e9e royale en poudre lyophilis\u00e9e\u00a0est un compl\u00e9ment alimentaire naturel et puissant, id\u00e9al pour lutter contre la fatigue.\",\"breadcrumb\":{\"@id\":\"https:\/\/www.safinel.fr\/produit\/gelee-royale-en-poudre-lyophilisee\/#breadcrumb\"},\"inLanguage\":\"de\",\"potentialAction\":[{\"@type\":\"ReadAction\",\"target\":[\"https:\/\/www.safinel.fr\/produit\/gelee-royale-en-poudre-lyophilisee\/\"]}]},{\"@type\":\"ImageObject\",\"inLanguage\":\"de\",\"@id\":\"https:\/\/www.safinel.fr\/produit\/gelee-royale-en-poudre-lyophilisee\/#primaryimage\",\"url\":\"https:\/\/www.safinel.fr\/wp-content\/uploads\/2023\/04\/gelee-royal-en-poudre-lyophilise.jpg\",\"contentUrl\":\"https:\/\/www.safinel.fr\/wp-content\/uploads\/2023\/04\/gelee-royal-en-poudre-lyophilise.jpg\",\"width\":600,\"height\":600,\"caption\":\"Gel\u00e9e royale en poudre lyophilis\u00e9e\"},{\"@type\":\"BreadcrumbList\",\"@id\":\"https:\/\/www.safinel.fr\/produit\/gelee-royale-en-poudre-lyophilisee\/#breadcrumb\",\"itemListElement\":[{\"@type\":\"ListItem\",\"position\":1,\"name\":\"Accueil\",\"item\":\"https:\/\/www.safinel.fr\/\"},{\"@type\":\"ListItem\",\"position\":2,\"name\":\"Boutique\",\"item\":\"https:\/\/www.safinel.fr\/boutique\/\"},{\"@type\":\"ListItem\",\"position\":3,\"name\":\"Gel\u00e9e royale en poudre lyophilis\u00e9e\"}]},{\"@type\":\"WebSite\",\"@id\":\"https:\/\/www.safinel.fr\/#website\",\"url\":\"https:\/\/www.safinel.fr\/\",\"name\":\"Safinel\",\"description\":\"\",\"publisher\":{\"@id\":\"https:\/\/www.safinel.fr\/#organization\"},\"potentialAction\":[{\"@type\":\"SearchAction\",\"target\":{\"@type\":\"EntryPoint\",\"urlTemplate\":\"https:\/\/www.safinel.fr\/?s={search_term_string}\"},\"query-input\":{\"@type\":\"PropertyValueSpecification\",\"valueRequired\":true,\"valueName\":\"search_term_string\"}}],\"inLanguage\":\"de\"},{\"@type\":\"Organization\",\"@id\":\"https:\/\/www.safinel.fr\/#organization\",\"name\":\"Safinel\",\"url\":\"https:\/\/www.safinel.fr\/\",\"logo\":{\"@type\":\"ImageObject\",\"inLanguage\":\"de\",\"@id\":\"https:\/\/www.safinel.fr\/#\/schema\/logo\/image\/\",\"url\":\"https:\/\/www.safinel.fr\/wp-content\/uploads\/2021\/05\/boutique-cosmetique.png\",\"contentUrl\":\"https:\/\/www.safinel.fr\/wp-content\/uploads\/2021\/05\/boutique-cosmetique.png\",\"width\":800,\"height\":200,\"caption\":\"Safinel\"},\"image\":{\"@id\":\"https:\/\/www.safinel.fr\/#\/schema\/logo\/image\/\"}}]}<\/script>\n<!-- \/ Yoast SEO plugin. -->","yoast_head_json":{"title":"Gel\u00e9e Royale als gefriergetrocknetes Pulver I Zahlreiche Vorteile","description":"Gelee Royale als gefriergetrocknetes Pulver ist ein nat\u00fcrliches und wirkungsvolles Nahrungserg\u00e4nzungsmittel, das sich ideal zur Bek\u00e4mpfung von M\u00fcdigkeit eignet.","robots":{"index":"index","follow":"follow","max-snippet":"max-snippet:-1","max-image-preview":"max-image-preview:large","max-video-preview":"max-video-preview:-1"},"canonical":"https:\/\/www.safinel.fr\/de\/product-2\/gefriergetrocknetes-konigliches-geleepulver\/","og_locale":"de_DE","og_type":"article","og_title":"Gel\u00e9e royale en poudre lyophilis\u00e9e I Bienfaits nombreux","og_description":"La\u00a0gel\u00e9e royale en poudre lyophilis\u00e9e\u00a0est un compl\u00e9ment alimentaire naturel et puissant, id\u00e9al pour lutter contre la fatigue.","og_url":"https:\/\/www.safinel.fr\/de\/product-2\/gefriergetrocknetes-konigliches-geleepulver\/","og_site_name":"Safinel","article_modified_time":"2025-11-24T15:52:41+00:00","og_image":[{"width":600,"height":600,"url":"https:\/\/www.safinel.fr\/wp-content\/uploads\/2023\/04\/gelee-royal-en-poudre-lyophilise.jpg","type":"image\/jpeg"}],"twitter_card":"summary_large_image","twitter_misc":{"Gesch\u00e4tzte Lesezeit":"4\u00a0Minuten"},"schema":{"@context":"https:\/\/schema.org","@graph":[{"@type":"WebPage","@id":"https:\/\/www.safinel.fr\/produit\/gelee-royale-en-poudre-lyophilisee\/","url":"https:\/\/www.safinel.fr\/produit\/gelee-royale-en-poudre-lyophilisee\/","name":"Gel\u00e9e Royale als gefriergetrocknetes Pulver I Zahlreiche Vorteile","isPartOf":{"@id":"https:\/\/www.safinel.fr\/#website"},"primaryImageOfPage":{"@id":"https:\/\/www.safinel.fr\/produit\/gelee-royale-en-poudre-lyophilisee\/#primaryimage"},"image":{"@id":"https:\/\/www.safinel.fr\/produit\/gelee-royale-en-poudre-lyophilisee\/#primaryimage"},"thumbnailUrl":"https:\/\/www.safinel.fr\/wp-content\/uploads\/2023\/04\/gelee-royal-en-poudre-lyophilise.jpg","datePublished":"2023-04-09T10:31:34+00:00","dateModified":"2025-11-24T15:52:41+00:00","description":"Gelee Royale als gefriergetrocknetes Pulver ist ein nat\u00fcrliches und wirkungsvolles Nahrungserg\u00e4nzungsmittel, das sich ideal zur Bek\u00e4mpfung von M\u00fcdigkeit eignet.","breadcrumb":{"@id":"https:\/\/www.safinel.fr\/produit\/gelee-royale-en-poudre-lyophilisee\/#breadcrumb"},"inLanguage":"de","potentialAction":[{"@type":"ReadAction","target":["https:\/\/www.safinel.fr\/produit\/gelee-royale-en-poudre-lyophilisee\/"]}]},{"@type":"ImageObject","inLanguage":"de","@id":"https:\/\/www.safinel.fr\/produit\/gelee-royale-en-poudre-lyophilisee\/#primaryimage","url":"https:\/\/www.safinel.fr\/wp-content\/uploads\/2023\/04\/gelee-royal-en-poudre-lyophilise.jpg","contentUrl":"https:\/\/www.safinel.fr\/wp-content\/uploads\/2023\/04\/gelee-royal-en-poudre-lyophilise.jpg","width":600,"height":600,"caption":"Gel\u00e9e royale en poudre lyophilis\u00e9e"},{"@type":"BreadcrumbList","@id":"https:\/\/www.safinel.fr\/produit\/gelee-royale-en-poudre-lyophilisee\/#breadcrumb","itemListElement":[{"@type":"ListItem","position":1,"name":"Accueil","item":"https:\/\/www.safinel.fr\/"},{"@type":"ListItem","position":2,"name":"Boutique","item":"https:\/\/www.safinel.fr\/boutique\/"},{"@type":"ListItem","position":3,"name":"Gel\u00e9e royale en poudre lyophilis\u00e9e"}]},{"@type":"WebSite","@id":"https:\/\/www.safinel.fr\/#website","url":"https:\/\/www.safinel.fr\/","name":"Safinel","description":"","publisher":{"@id":"https:\/\/www.safinel.fr\/#organization"},"potentialAction":[{"@type":"SearchAction","target":{"@type":"EntryPoint","urlTemplate":"https:\/\/www.safinel.fr\/?s={search_term_string}"},"query-input":{"@type":"PropertyValueSpecification","valueRequired":true,"valueName":"search_term_string"}}],"inLanguage":"de"},{"@type":"Organization","@id":"https:\/\/www.safinel.fr\/#organization","name":"Safinel","url":"https:\/\/www.safinel.fr\/","logo":{"@type":"ImageObject","inLanguage":"de","@id":"https:\/\/www.safinel.fr\/#\/schema\/logo\/image\/","url":"https:\/\/www.safinel.fr\/wp-content\/uploads\/2021\/05\/boutique-cosmetique.png","contentUrl":"https:\/\/www.safinel.fr\/wp-content\/uploads\/2021\/05\/boutique-cosmetique.png","width":800,"height":200,"caption":"Safinel"},"image":{"@id":"https:\/\/www.safinel.fr\/#\/schema\/logo\/image\/"}}]}},"_links":{"self":[{"href":"https:\/\/www.safinel.fr\/de\/wp-json\/wp\/v2\/product\/5370","targetHints":{"allow":["GET"]}}],"collection":[{"href":"https:\/\/www.safinel.fr\/de\/wp-json\/wp\/v2\/product"}],"about":[{"href":"https:\/\/www.safinel.fr\/de\/wp-json\/wp\/v2\/types\/product"}],"wp:featuredmedia":[{"embeddable":true,"href":"https:\/\/www.safinel.fr\/de\/wp-json\/wp\/v2\/media\/5371"}],"wp:attachment":[{"href":"https:\/\/www.safinel.fr\/de\/wp-json\/wp\/v2\/media?parent=5370"}],"wp:term":[{"taxonomy":"product_brand","embeddable":true,"href":"https:\/\/www.safinel.fr\/de\/wp-json\/wp\/v2\/product_brand?post=5370"},{"taxonomy":"product_cat","embeddable":true,"href":"https:\/\/www.safinel.fr\/de\/wp-json\/wp\/v2\/product_cat?post=5370"},{"taxonomy":"product_tag","embeddable":true,"href":"https:\/\/www.safinel.fr\/de\/wp-json\/wp\/v2\/product_tag?post=5370"}],"curies":[{"name":"wp","href":"https:\/\/api.w.org\/{rel}","templated":true}]}}