{"id":5351,"date":"2023-04-08T08:23:01","date_gmt":"2023-04-08T08:23:01","guid":{"rendered":"https:\/\/www.safinel.fr\/?post_type=product&#038;p=5351"},"modified":"2023-12-30T12:01:00","modified_gmt":"2023-12-30T12:01:00","slug":"peniszange","status":"publish","type":"product","link":"https:\/\/www.safinel.fr\/de\/product-2\/peniszange\/","title":{"rendered":"Penisklemme f\u00fcr m\u00e4nnliche Inkontinenz"},"content":{"rendered":"<p>Inkontinenz ist eine Erkrankung, von der viele M\u00e4nner auf der ganzen Welt betroffen sind. Sie zeichnet sich durch unkontrollierten Harnverlust aus. Dies kann bei den Betroffenen ein Gef\u00fchl der Peinlichkeit und Verlegenheit hervorrufen. Blasenschw\u00e4che kann durch verschiedene Faktoren verursacht werden, z. B. durch das Alter, zugrunde liegende Gesundheitsprobleme oder einen defekten Schlie\u00dfmuskel. Zu den verf\u00fcgbaren L\u00f6sungen f\u00fcr diese Probleme geh\u00f6rt die Penisklemme, ein medizinisches Ger\u00e4t zur Kontrolle von Blasenschw\u00e4che bei M\u00e4nnern.<\/p>\n<p>Es gibt auch L\u00f6sungen f\u00fcr sch\u00e4umenden Urin, ein weiteres Problem im Zusammenhang mit der Blase, das Menschen mit Inkontinenz betreffen kann. In diesem Artikel erkl\u00e4ren wir Ihnen alles, was Sie \u00fcber diese beiden Probleme wissen m\u00fcssen und wie Sie sie mit einem Anti-Leckage-Ger\u00e4t f\u00fcr M\u00e4nner l\u00f6sen k\u00f6nnen.<\/p>\n<h2><strong>Die Penisklemme: Eine wirksame L\u00f6sung gegen Blasenschw\u00e4che<\/strong><\/h2>\n<h3><strong>Was ist eine Penisklemme?<\/strong><\/h3>\n<p>Eine Penisklemme ist ein medizinisches Ger\u00e4t, das speziell daf\u00fcr entwickelt wurde, M\u00e4nnern zu helfen, ihren Harnverlust zu kontrollieren, indem es Folgendes zusammendr\u00fcckt <a href=\"https:\/\/www.safinel.fr\/de\/product-2\/bazooka-creme\/\"><strong>die Harnr\u00f6hre<\/strong><\/a>. Diese Vorrichtung, die auch als Penisklemme bezeichnet wird, wird normalerweise bei <strong>M\u00e4nner<\/strong> deren Schlie\u00dfmuskel versagt oder die sich einer Prostatektomie unterzogen haben.<\/p>\n<h2><strong>Wie funktioniert die Penisklemme?<\/strong><\/h2>\n<p>Die Penisklemme wird um den Penis gelegt und \u00fcbt Druck auf die Harnr\u00f6hre aus, um deren Durchgang vor\u00fcbergehend zu blockieren. Wenn der Mann also den Harndrang versp\u00fcrt, kann er die Klemme entfernen, damit der Urin normal flie\u00dfen kann. Wenn dies geschehen ist, kann die Klemme einfach wieder eingesetzt werden, um die Blasenentleerung zu kontrollieren.<\/p>\n<h3><strong>Hier sind einige Vorteile der Penisklemme :<\/strong><\/h3>\n<ul>\n<li>Sie ist einfach zu verwenden und kann schnell eingerichtet werden.<\/li>\n<li>Sie ist unauff\u00e4llig und f\u00e4llt unter der Kleidung nicht auf.<\/li>\n<li>Die Penisklemme ist wiederverwendbar und kann nach dem Gebrauch leicht gereinigt werden.<\/li>\n<\/ul>\n<p>Es ist jedoch wichtig zu beachten, dass die Penisklemme beim Wasserlassen immer entfernt werden muss, um medizinische Komplikationen wie Harnwegsinfektionen oder Sch\u00e4den am Penisgewebe zu vermeiden.<\/p>\n<h3><strong>Wie l\u00f6st man das Problem mit sch\u00e4umendem Urin?<\/strong><\/h3>\n<p>Wenn Sie von sch\u00e4umendem Urin betroffen sind, ist es wichtig, dass Sie Ihren Arzt aufsuchen, der Sie \u00fcber geeignete L\u00f6sungen f\u00fcr Ihre Situation informieren kann. Zu den m\u00f6glichen Behandlungen geh\u00f6ren unter anderem :<\/p>\n<ul>\n<li>Die Einnahme von Medikamenten, die die Proteinproduktion in den Nieren verringern.<\/li>\n<li>Die Anpassung der Ern\u00e4hrung, um die Menge an konsumiertem Protein zu verringern.<\/li>\n<li>Die Kontrolle der zugrunde liegenden St\u00f6rungen, die zum Problem des sch\u00e4umenden Urins beitragen k\u00f6nnen, wie Bluthochdruck oder Diabetes.<\/li>\n<\/ul>\n<h3><strong>Ein Anti-Urinal-Leckage-Ger\u00e4t f\u00fcr M\u00e4nner: Eine umfassende L\u00f6sung<\/strong><\/h3>\n<p>F\u00fcr M\u00e4nner, die an Inkontinenz leiden, kann die Verwendung eines Anti-Leckage-Ger\u00e4ts f\u00fcr M\u00e4nner eine wirksame L\u00f6sung sein. Damit werden die Probleme vermieden, die mit Blasenschw\u00e4che und sch\u00e4umendem Urin verbunden sind. Diese Vorrichtungen k\u00f6nnen verschiedene Formen annehmen, wie z. B. Penisklemmen. Vorlagen f\u00fcr M\u00e4nner oder auch Windeln, die speziell f\u00fcr Erwachsene entwickelt wurden. Diese Vorrichtungen haben viele Vorteile, darunter :<\/p>\n<ul>\n<li>Die einfache Handhabung und die schnelle Einrichtung.<\/li>\n<li>Unauff\u00e4lligkeit unter der Kleidung, sodass der Nutzer ein normales Leben f\u00fchren kann, ohne sich Sorgen \u00fcber Blasenentleerung machen zu m\u00fcssen.<\/li>\n<li>Schutz vor gesundheitlichen Problemen, die mit Blasenschw\u00e4che und sch\u00e4umendem Urin verbunden sind. Wie z. B. Harnwegsinfektionen, Hautreizungen oder eine Beeintr\u00e4chtigung der Lebensqualit\u00e4t.<\/li>\n<li>Die M\u00f6glichkeit, ein Ger\u00e4t zu w\u00e4hlen, das auf ihre Bed\u00fcrfnisse und ihren Lebensstil zugeschnitten ist.<\/li>\n<\/ul>\n<p>Fazit: Wenn Sie unter Blasenschw\u00e4che leiden. Z\u00f6gern Sie nicht, sich \u00fcber bestehende L\u00f6sungen zu informieren und Ihren Arzt zu konsultieren. Ein Blasenentleerungsger\u00e4t f\u00fcr M\u00e4nner kann Ihre Lebensqualit\u00e4t erheblich verbessern und Ihnen helfen, wieder gelassener mit diesen Problemen umzugehen.<\/p>","protected":false},"excerpt":{"rendered":"<p><strong>Eigenschaften :<\/strong><\/p>\n<ul>\n<li>Die einfache Handhabung und die schnelle Einrichtung.<\/li>\n<li>Unauff\u00e4lligkeit unter der Kleidung, sodass der Nutzer ein normales Leben f\u00fchren kann, ohne sich Sorgen \u00fcber Blasenentleerung machen zu m\u00fcssen.<\/li>\n<li>Schutz vor gesundheitlichen Problemen, die mit Blasenschw\u00e4che und sch\u00e4umendem Urin verbunden sind. Wie z. B. Harnwegsinfektionen, Hautreizungen oder eine Beeintr\u00e4chtigung der Lebensqualit\u00e4t.<\/li>\n<li>Die M\u00f6glichkeit, ein Ger\u00e4t zu w\u00e4hlen, das auf ihre Bed\u00fcrfnisse und ihren Lebensstil zugeschnitten ist.<\/li>\n<\/ul>\n<p><img decoding=\"async\" class=\"size-full wp-image-5091 aligncenter\" src=\"https:\/\/www.safinel.fr\/wp-content\/uploads\/2021\/06\/BANNIERE-ICONE-SAFINEL.webp\" alt=\"Satines-R\u00fcckversicherung\" width=\"800\" height=\"200\" srcset=\"https:\/\/www.safinel.fr\/wp-content\/uploads\/2021\/06\/BANNIERE-ICONE-SAFINEL.webp 800w, https:\/\/www.safinel.fr\/wp-content\/uploads\/2021\/06\/BANNIERE-ICONE-SAFINEL-600x150.webp 600w, https:\/\/www.safinel.fr\/wp-content\/uploads\/2021\/06\/BANNIERE-ICONE-SAFINEL-768x192.webp 768w\" sizes=\"(max-width: 800px) 100vw, 800px\" \/><\/p>","protected":false},"featured_media":5354,"template":"","meta":[],"product_brand":[],"product_cat":[131],"product_tag":[],"class_list":{"0":"post-5351","1":"product","2":"type-product","3":"status-publish","4":"has-post-thumbnail","6":"product_cat-intimite-masculine","8":"first","9":"instock","10":"shipping-taxable","11":"purchasable","12":"product-type-simple"},"yoast_head":"<!-- This site is optimized with the Yoast SEO plugin v26.6 - https:\/\/yoast.com\/wordpress\/plugins\/seo\/ -->\n<title>Pince P\u00e9nienne I Anti-fuite urinaire pour homme I Achat s\u00e9curis\u00e9<\/title>\n<meta name=\"description\" content=\"L&#039;incontinence\u00a0est une affection qui touche de nombreux hommes dans le monde entier. D\u00e9couvrez la pince p\u00e9nienne sans plus attendre !\" \/>\n<meta name=\"robots\" content=\"index, follow, max-snippet:-1, max-image-preview:large, max-video-preview:-1\" \/>\n<link rel=\"canonical\" href=\"https:\/\/www.safinel.fr\/de\/product-2\/peniszange\/\" \/>\n<meta property=\"og:locale\" content=\"de_DE\" \/>\n<meta property=\"og:type\" content=\"article\" \/>\n<meta property=\"og:title\" content=\"Pince P\u00e9nienne I Anti-fuite urinaire pour homme I Achat s\u00e9curis\u00e9\" \/>\n<meta property=\"og:description\" content=\"L&#039;incontinence\u00a0est une affection qui touche de nombreux hommes dans le monde entier. D\u00e9couvrez la pince p\u00e9nienne sans plus attendre !\" \/>\n<meta property=\"og:url\" content=\"https:\/\/www.safinel.fr\/de\/product-2\/peniszange\/\" \/>\n<meta property=\"og:site_name\" content=\"Safinel\" \/>\n<meta property=\"article:modified_time\" content=\"2023-12-30T12:01:00+00:00\" \/>\n<meta property=\"og:image\" content=\"https:\/\/www.safinel.fr\/wp-content\/uploads\/2023\/04\/Pince-Penienne-pour-incontinence-masculine.jpg\" \/>\n\t<meta property=\"og:image:width\" content=\"600\" \/>\n\t<meta property=\"og:image:height\" content=\"600\" \/>\n\t<meta property=\"og:image:type\" content=\"image\/jpeg\" \/>\n<meta name=\"twitter:card\" content=\"summary_large_image\" \/>\n<meta name=\"twitter:label1\" content=\"Gesch\u00e4tzte Lesezeit\" \/>\n\t<meta name=\"twitter:data1\" content=\"3\u00a0Minuten\" \/>\n<script type=\"application\/ld+json\" class=\"yoast-schema-graph\">{\"@context\":\"https:\/\/schema.org\",\"@graph\":[{\"@type\":\"WebPage\",\"@id\":\"https:\/\/www.safinel.fr\/produit\/pince-penienne\/\",\"url\":\"https:\/\/www.safinel.fr\/produit\/pince-penienne\/\",\"name\":\"Pince P\u00e9nienne I Anti-fuite urinaire pour homme I Achat s\u00e9curis\u00e9\",\"isPartOf\":{\"@id\":\"https:\/\/www.safinel.fr\/#website\"},\"primaryImageOfPage\":{\"@id\":\"https:\/\/www.safinel.fr\/produit\/pince-penienne\/#primaryimage\"},\"image\":{\"@id\":\"https:\/\/www.safinel.fr\/produit\/pince-penienne\/#primaryimage\"},\"thumbnailUrl\":\"https:\/\/www.safinel.fr\/wp-content\/uploads\/2023\/04\/Pince-Penienne-pour-incontinence-masculine.jpg\",\"datePublished\":\"2023-04-08T08:23:01+00:00\",\"dateModified\":\"2023-12-30T12:01:00+00:00\",\"description\":\"L'incontinence\u00a0est une affection qui touche de nombreux hommes dans le monde entier. D\u00e9couvrez la pince p\u00e9nienne sans plus attendre !\",\"breadcrumb\":{\"@id\":\"https:\/\/www.safinel.fr\/produit\/pince-penienne\/#breadcrumb\"},\"inLanguage\":\"de\",\"potentialAction\":[{\"@type\":\"ReadAction\",\"target\":[\"https:\/\/www.safinel.fr\/produit\/pince-penienne\/\"]}]},{\"@type\":\"ImageObject\",\"inLanguage\":\"de\",\"@id\":\"https:\/\/www.safinel.fr\/produit\/pince-penienne\/#primaryimage\",\"url\":\"https:\/\/www.safinel.fr\/wp-content\/uploads\/2023\/04\/Pince-Penienne-pour-incontinence-masculine.jpg\",\"contentUrl\":\"https:\/\/www.safinel.fr\/wp-content\/uploads\/2023\/04\/Pince-Penienne-pour-incontinence-masculine.jpg\",\"width\":600,\"height\":600,\"caption\":\"Pince P\u00e9nienne pour incontinence masculine\"},{\"@type\":\"BreadcrumbList\",\"@id\":\"https:\/\/www.safinel.fr\/produit\/pince-penienne\/#breadcrumb\",\"itemListElement\":[{\"@type\":\"ListItem\",\"position\":1,\"name\":\"Accueil\",\"item\":\"https:\/\/www.safinel.fr\/\"},{\"@type\":\"ListItem\",\"position\":2,\"name\":\"Boutique\",\"item\":\"https:\/\/www.safinel.fr\/boutique\/\"},{\"@type\":\"ListItem\",\"position\":3,\"name\":\"Pince p\u00e9nienne pour incontinence masculine\"}]},{\"@type\":\"WebSite\",\"@id\":\"https:\/\/www.safinel.fr\/#website\",\"url\":\"https:\/\/www.safinel.fr\/\",\"name\":\"Safinel\",\"description\":\"\",\"publisher\":{\"@id\":\"https:\/\/www.safinel.fr\/#organization\"},\"potentialAction\":[{\"@type\":\"SearchAction\",\"target\":{\"@type\":\"EntryPoint\",\"urlTemplate\":\"https:\/\/www.safinel.fr\/?s={search_term_string}\"},\"query-input\":{\"@type\":\"PropertyValueSpecification\",\"valueRequired\":true,\"valueName\":\"search_term_string\"}}],\"inLanguage\":\"de\"},{\"@type\":\"Organization\",\"@id\":\"https:\/\/www.safinel.fr\/#organization\",\"name\":\"Safinel\",\"url\":\"https:\/\/www.safinel.fr\/\",\"logo\":{\"@type\":\"ImageObject\",\"inLanguage\":\"de\",\"@id\":\"https:\/\/www.safinel.fr\/#\/schema\/logo\/image\/\",\"url\":\"https:\/\/www.safinel.fr\/wp-content\/uploads\/2021\/05\/boutique-cosmetique.png\",\"contentUrl\":\"https:\/\/www.safinel.fr\/wp-content\/uploads\/2021\/05\/boutique-cosmetique.png\",\"width\":800,\"height\":200,\"caption\":\"Safinel\"},\"image\":{\"@id\":\"https:\/\/www.safinel.fr\/#\/schema\/logo\/image\/\"}}]}<\/script>\n<!-- \/ Yoast SEO plugin. -->","yoast_head_json":{"title":"Penisklemme I Anti-Urinleckage f\u00fcr M\u00e4nner I Sicherer Einkauf","description":"Inkontinenz ist ein Leiden, von dem viele M\u00e4nner auf der ganzen Welt betroffen sind. Entdecken Sie jetzt die Penisklemme!","robots":{"index":"index","follow":"follow","max-snippet":"max-snippet:-1","max-image-preview":"max-image-preview:large","max-video-preview":"max-video-preview:-1"},"canonical":"https:\/\/www.safinel.fr\/de\/product-2\/peniszange\/","og_locale":"de_DE","og_type":"article","og_title":"Pince P\u00e9nienne I Anti-fuite urinaire pour homme I Achat s\u00e9curis\u00e9","og_description":"L'incontinence\u00a0est une affection qui touche de nombreux hommes dans le monde entier. D\u00e9couvrez la pince p\u00e9nienne sans plus attendre !","og_url":"https:\/\/www.safinel.fr\/de\/product-2\/peniszange\/","og_site_name":"Safinel","article_modified_time":"2023-12-30T12:01:00+00:00","og_image":[{"width":600,"height":600,"url":"https:\/\/www.safinel.fr\/wp-content\/uploads\/2023\/04\/Pince-Penienne-pour-incontinence-masculine.jpg","type":"image\/jpeg"}],"twitter_card":"summary_large_image","twitter_misc":{"Gesch\u00e4tzte Lesezeit":"3\u00a0Minuten"},"schema":{"@context":"https:\/\/schema.org","@graph":[{"@type":"WebPage","@id":"https:\/\/www.safinel.fr\/produit\/pince-penienne\/","url":"https:\/\/www.safinel.fr\/produit\/pince-penienne\/","name":"Penisklemme I Anti-Urinleckage f\u00fcr M\u00e4nner I Sicherer Einkauf","isPartOf":{"@id":"https:\/\/www.safinel.fr\/#website"},"primaryImageOfPage":{"@id":"https:\/\/www.safinel.fr\/produit\/pince-penienne\/#primaryimage"},"image":{"@id":"https:\/\/www.safinel.fr\/produit\/pince-penienne\/#primaryimage"},"thumbnailUrl":"https:\/\/www.safinel.fr\/wp-content\/uploads\/2023\/04\/Pince-Penienne-pour-incontinence-masculine.jpg","datePublished":"2023-04-08T08:23:01+00:00","dateModified":"2023-12-30T12:01:00+00:00","description":"Inkontinenz ist ein Leiden, von dem viele M\u00e4nner auf der ganzen Welt betroffen sind. Entdecken Sie jetzt die Penisklemme!","breadcrumb":{"@id":"https:\/\/www.safinel.fr\/produit\/pince-penienne\/#breadcrumb"},"inLanguage":"de","potentialAction":[{"@type":"ReadAction","target":["https:\/\/www.safinel.fr\/produit\/pince-penienne\/"]}]},{"@type":"ImageObject","inLanguage":"de","@id":"https:\/\/www.safinel.fr\/produit\/pince-penienne\/#primaryimage","url":"https:\/\/www.safinel.fr\/wp-content\/uploads\/2023\/04\/Pince-Penienne-pour-incontinence-masculine.jpg","contentUrl":"https:\/\/www.safinel.fr\/wp-content\/uploads\/2023\/04\/Pince-Penienne-pour-incontinence-masculine.jpg","width":600,"height":600,"caption":"Pince P\u00e9nienne pour incontinence masculine"},{"@type":"BreadcrumbList","@id":"https:\/\/www.safinel.fr\/produit\/pince-penienne\/#breadcrumb","itemListElement":[{"@type":"ListItem","position":1,"name":"Accueil","item":"https:\/\/www.safinel.fr\/"},{"@type":"ListItem","position":2,"name":"Boutique","item":"https:\/\/www.safinel.fr\/boutique\/"},{"@type":"ListItem","position":3,"name":"Pince p\u00e9nienne pour incontinence masculine"}]},{"@type":"WebSite","@id":"https:\/\/www.safinel.fr\/#website","url":"https:\/\/www.safinel.fr\/","name":"Safinel","description":"","publisher":{"@id":"https:\/\/www.safinel.fr\/#organization"},"potentialAction":[{"@type":"SearchAction","target":{"@type":"EntryPoint","urlTemplate":"https:\/\/www.safinel.fr\/?s={search_term_string}"},"query-input":{"@type":"PropertyValueSpecification","valueRequired":true,"valueName":"search_term_string"}}],"inLanguage":"de"},{"@type":"Organization","@id":"https:\/\/www.safinel.fr\/#organization","name":"Safinel","url":"https:\/\/www.safinel.fr\/","logo":{"@type":"ImageObject","inLanguage":"de","@id":"https:\/\/www.safinel.fr\/#\/schema\/logo\/image\/","url":"https:\/\/www.safinel.fr\/wp-content\/uploads\/2021\/05\/boutique-cosmetique.png","contentUrl":"https:\/\/www.safinel.fr\/wp-content\/uploads\/2021\/05\/boutique-cosmetique.png","width":800,"height":200,"caption":"Safinel"},"image":{"@id":"https:\/\/www.safinel.fr\/#\/schema\/logo\/image\/"}}]}},"_links":{"self":[{"href":"https:\/\/www.safinel.fr\/de\/wp-json\/wp\/v2\/product\/5351","targetHints":{"allow":["GET"]}}],"collection":[{"href":"https:\/\/www.safinel.fr\/de\/wp-json\/wp\/v2\/product"}],"about":[{"href":"https:\/\/www.safinel.fr\/de\/wp-json\/wp\/v2\/types\/product"}],"wp:featuredmedia":[{"embeddable":true,"href":"https:\/\/www.safinel.fr\/de\/wp-json\/wp\/v2\/media\/5354"}],"wp:attachment":[{"href":"https:\/\/www.safinel.fr\/de\/wp-json\/wp\/v2\/media?parent=5351"}],"wp:term":[{"taxonomy":"product_brand","embeddable":true,"href":"https:\/\/www.safinel.fr\/de\/wp-json\/wp\/v2\/product_brand?post=5351"},{"taxonomy":"product_cat","embeddable":true,"href":"https:\/\/www.safinel.fr\/de\/wp-json\/wp\/v2\/product_cat?post=5351"},{"taxonomy":"product_tag","embeddable":true,"href":"https:\/\/www.safinel.fr\/de\/wp-json\/wp\/v2\/product_tag?post=5351"}],"curies":[{"name":"wp","href":"https:\/\/api.w.org\/{rel}","templated":true}]}}