{"id":5192,"date":"2023-03-30T18:06:15","date_gmt":"2023-03-30T18:06:15","guid":{"rendered":"https:\/\/www.safinel.fr\/?post_type=product&#038;p=5192"},"modified":"2026-01-13T10:21:23","modified_gmt":"2026-01-13T10:21:23","slug":"bazooka-creme","status":"publish","type":"product","link":"https:\/\/www.safinel.fr\/de\/product-2\/bazooka-creme\/","title":{"rendered":"Bazooka-Creme (Bazuka cream) 100ml"},"content":{"rendered":"<p>Wenn Sie auf der Suche nach einem einfach zu verwendenden Produkt zur Straffung und Festigung von Ges\u00e4\u00df, Penis und Brust sind, ist die\u00a0<strong>Bazooka-Creme<\/strong>\u00a0ist eine hervorragende Option. Entdecken Sie sie in Ihrem Safinel-Shop, neben vielen anderen \u00dcberraschungen...<\/p>\n<h2><strong>Die Bazooka-Creme: Eine Salbe, die Ihnen gefallen wird!<\/strong><\/h2>\n<p>Die Bazooka-Creme ist ein sehr originelles Produkt, das sich zur Straffung und Festigung von Ges\u00e4\u00df, Penis und Brust bew\u00e4hrt hat. Ihre Anwendung ist sehr einfach und bietet erstaunliche Vorteile f\u00fcr alle.<\/p>\n<p>Sie enth\u00e4lt nat\u00fcrliche Inhaltsstoffe wie <a href=\"https:\/\/www.safinel.fr\/de\/product-2\/dakpi-ol\/\"><strong>das \u00d6l von Akpi<\/strong><\/a>\u00a0oder vom\u00a0<a href=\"https:\/\/www.safinel.fr\/de\/product-2\/kigelia-africana\/\"><strong>kig\u00e9lia<\/strong><\/a>\u00a0und des\u00a0<a href=\"https:\/\/www.safinel.fr\/de\/product-2\/bockshornkleeol\/\"><strong>Bockshornklee<\/strong><\/a>. Diese sind daf\u00fcr bekannt, das Hautgewebe zu straffen, Dehnungsstreifen zu vermeiden. Sie k\u00f6nnen auch das Volumen bestimmter K\u00f6rperzonen erh\u00f6hen.<\/p>\n<p>In Form einer Creme, die lokal aufgetragen wird, kann man sie dank ihres praktischen Formats \u00fcberall hin mitnehmen. Sie ist sehr einfach anzuwenden und wird schnell zu Ihrem Must-have werden!<\/p>\n<h2><strong>Was sind die Vorteile der Bazooka-Creme?\u00a0<\/strong><\/h2>\n<p>Diese\u00a0<strong>belebende Salbe<\/strong>\u00a0besitzt eine starke Formel, die helfen kann, Ges\u00e4\u00df und Brust zu straffen und zu festigen. Aber auch :<\/p>\n<ul>\n<li>Zur Verbesserung der Durchblutung und der Gesundheit der Fortpflanzungsorgane bei M\u00e4nnern<\/li>\n<li>Sie kann helfen, die Haut zu revitalisieren,<\/li>\n<li>Tr\u00e4gt dazu bei, Dehnungsstreifen zu reduzieren und die Elastizit\u00e4t der Haut zu verbessern<\/li>\n<li>Die Bazooka-Creme kann auch helfen, die sexuelle Ausdauer und Kraft zu steigern.<\/li>\n<li>Schlie\u00dflich kann man damit auch intime Beziehungen ein wenig aufpeppen.<\/li>\n<\/ul>\n<p>Wenn Sie ein Produkt w\u00fcnschen, das vor allem der St\u00e4rkung des Ges\u00e4\u00dfes dient und dessen Volumen zu vergr\u00f6\u00dfern versucht, dann gibt es folgende M\u00f6glichkeiten\u00a0<strong>Yokebe<\/strong>\u00a0! Z\u00e4pfchen nur f\u00fcr Erwachsene, um den Umfang von Ges\u00e4\u00df und H\u00fcften zu vergr\u00f6\u00dfern.<\/p>\n<h3><strong>Wie verwende ich die Bazooka-Creme?<\/strong><\/h3>\n<p>Die Bazooka-Creme ist sehr einfach zu verwenden und beginnt schon nach der ersten Anwendung zu wirken. Sie m\u00fcssen die Creme nur zweimal t\u00e4glich in die zu behandelnde Stelle einmassieren, um gute Ergebnisse zu erzielen.<\/p>\n<p>F\u00fcr die Brust k\u00f6nnen Sie zum Beispiel parallel dazu<strong>\u00a0das Spezial\u00f6l f\u00fcr breiige Formen.\u00a0<\/strong>Ein ultrapraktisches Format, das Sie \u00fcberallhin mitnehmen k\u00f6nnen und das Ihnen schnell Ergebnisse liefert.<\/p>\n<h3><strong>Vorsichtsma\u00dfnahmen\u00a0<\/strong><\/h3>\n<p>Es ist wichtig zu beachten, dass die Creme sehr stark ist und bei unsachgem\u00e4\u00dfer Anwendung zu Nebenwirkungen f\u00fchren kann. Insbesondere, wenn sie zu h\u00e4ufig oder auf zu empfindlicher Haut aufgetragen wird. Daher ist es wichtig, dass Sie die Anweisungen des Herstellers befolgen und es nicht \u00fcbertreiben.<\/p>\n<h3><strong>Verbessern Sie Ihre Privatsph\u00e4re mit Safinel<\/strong><\/h3>\n<p>Unser Linienshop ist auf Wellness- und Naturprodukte spezialisiert. So k\u00f6nnen Sie sich t\u00e4glich und in jedem Moment Ihres Lebens um sich selbst k\u00fcmmern! Au\u00dferdem m\u00f6chten wir Ihnen auch eine gro\u00dfe Auswahl an Produkten f\u00fcr das Intimleben bieten. Daher haben wir eine gro\u00dfe Auswahl an Produkten, die Ihr Eheleben aufpeppen.<\/p>\n<p>Entdecken Sie zum Beispiel unsere aphrodisierenden Honigsorten, wie den\u00a0<strong>libidomiel<\/strong>. Aber auch die\u00a0<strong>Vaginalkreide<\/strong>, Das ist ein Angebot f\u00fcr Frauen, die eine einzigartige Erfahrung machen m\u00f6chten.<\/p>\n<p>Aber auch viele Leckereien, wie z. B. stimulierende Bonbons. Ein ganz s\u00fc\u00dfer Geschmack sowie erstaunliche - und verbl\u00fcffende - Eigenschaften! Wir lassen Sie das selbst herausfinden!<\/p>","protected":false},"excerpt":{"rendered":"<p><strong>Eigenschaften :\u00a0<\/strong><\/p>\n<ul>\n<li>Zur Verbesserung der Durchblutung und der Gesundheit der Fortpflanzungsorgane bei M\u00e4nnern<\/li>\n<li>Sie kann helfen, die Haut zu revitalisieren,<\/li>\n<li>Tr\u00e4gt dazu bei, Dehnungsstreifen zu reduzieren und die Elastizit\u00e4t der Haut zu verbessern<\/li>\n<li>Die Bazooka-Creme kann auch helfen, die sexuelle Ausdauer und Kraft zu steigern.<\/li>\n<li>Schlie\u00dflich kann man damit auch intime Beziehungen ein wenig aufpeppen.<\/li>\n<\/ul>\n<p><img decoding=\"async\" class=\"size-full wp-image-5091 aligncenter\" src=\"https:\/\/www.safinel.fr\/wp-content\/uploads\/2021\/06\/BANNIERE-ICONE-SAFINEL.webp\" alt=\"Satines-R\u00fcckversicherung\" width=\"800\" height=\"200\" srcset=\"https:\/\/www.safinel.fr\/wp-content\/uploads\/2021\/06\/BANNIERE-ICONE-SAFINEL.webp 800w, https:\/\/www.safinel.fr\/wp-content\/uploads\/2021\/06\/BANNIERE-ICONE-SAFINEL-600x150.webp 600w, https:\/\/www.safinel.fr\/wp-content\/uploads\/2021\/06\/BANNIERE-ICONE-SAFINEL-768x192.webp 768w\" sizes=\"(max-width: 800px) 100vw, 800px\" \/><\/p>","protected":false},"featured_media":5193,"template":"","meta":[],"product_brand":[],"product_cat":[149,131],"product_tag":[],"class_list":{"0":"post-5192","1":"product","2":"type-product","3":"status-publish","4":"has-post-thumbnail","6":"product_cat-creme-aphrodisiaque","7":"product_cat-intimite-masculine","9":"first","10":"instock","11":"shipping-taxable","12":"purchasable","13":"product-type-simple"},"yoast_head":"<!-- This site is optimized with the Yoast SEO plugin v26.6 - https:\/\/yoast.com\/wordpress\/plugins\/seo\/ -->\n<title>Cr\u00e8me bazooka pour homme I Achat en ligne de la bazuka cream<\/title>\n<meta name=\"description\" content=\"La\u00a0cr\u00e8me bazooka\u00a0est une excellente option pour raffermir et tonifier les fesses, le p\u00e9nis et la poitrine. Adoptez-l\u00e0 sans plus attendre !\" \/>\n<meta name=\"robots\" content=\"index, follow, max-snippet:-1, max-image-preview:large, max-video-preview:-1\" \/>\n<link rel=\"canonical\" href=\"https:\/\/www.safinel.fr\/de\/product-2\/bazooka-creme\/\" \/>\n<meta property=\"og:locale\" content=\"de_DE\" \/>\n<meta property=\"og:type\" content=\"article\" \/>\n<meta property=\"og:title\" content=\"Cr\u00e8me bazooka pour homme I Achat en ligne de la bazuka cream\" \/>\n<meta property=\"og:description\" content=\"La\u00a0cr\u00e8me bazooka\u00a0est une excellente option pour raffermir et tonifier les fesses, le p\u00e9nis et la poitrine. Adoptez-l\u00e0 sans plus attendre !\" \/>\n<meta property=\"og:url\" content=\"https:\/\/www.safinel.fr\/de\/product-2\/bazooka-creme\/\" \/>\n<meta property=\"og:site_name\" content=\"Safinel\" \/>\n<meta property=\"article:modified_time\" content=\"2026-01-13T10:21:23+00:00\" \/>\n<meta property=\"og:image\" content=\"https:\/\/www.safinel.fr\/wp-content\/uploads\/2023\/03\/creme-bazouka-site.jpg\" \/>\n\t<meta property=\"og:image:width\" content=\"600\" \/>\n\t<meta property=\"og:image:height\" content=\"600\" \/>\n\t<meta property=\"og:image:type\" content=\"image\/jpeg\" \/>\n<meta name=\"twitter:card\" content=\"summary_large_image\" \/>\n<meta name=\"twitter:label1\" content=\"Gesch\u00e4tzte Lesezeit\" \/>\n\t<meta name=\"twitter:data1\" content=\"3\u00a0Minuten\" \/>\n<script type=\"application\/ld+json\" class=\"yoast-schema-graph\">{\"@context\":\"https:\/\/schema.org\",\"@graph\":[{\"@type\":\"WebPage\",\"@id\":\"https:\/\/www.safinel.fr\/produit\/creme-bazooka\/\",\"url\":\"https:\/\/www.safinel.fr\/produit\/creme-bazooka\/\",\"name\":\"Cr\u00e8me bazooka pour homme I Achat en ligne de la bazuka cream\",\"isPartOf\":{\"@id\":\"https:\/\/www.safinel.fr\/#website\"},\"primaryImageOfPage\":{\"@id\":\"https:\/\/www.safinel.fr\/produit\/creme-bazooka\/#primaryimage\"},\"image\":{\"@id\":\"https:\/\/www.safinel.fr\/produit\/creme-bazooka\/#primaryimage\"},\"thumbnailUrl\":\"https:\/\/www.safinel.fr\/wp-content\/uploads\/2023\/03\/creme-bazouka-site.jpg\",\"datePublished\":\"2023-03-30T18:06:15+00:00\",\"dateModified\":\"2026-01-13T10:21:23+00:00\",\"description\":\"La\u00a0cr\u00e8me bazooka\u00a0est une excellente option pour raffermir et tonifier les fesses, le p\u00e9nis et la poitrine. Adoptez-l\u00e0 sans plus attendre !\",\"breadcrumb\":{\"@id\":\"https:\/\/www.safinel.fr\/produit\/creme-bazooka\/#breadcrumb\"},\"inLanguage\":\"de\",\"potentialAction\":[{\"@type\":\"ReadAction\",\"target\":[\"https:\/\/www.safinel.fr\/produit\/creme-bazooka\/\"]}]},{\"@type\":\"ImageObject\",\"inLanguage\":\"de\",\"@id\":\"https:\/\/www.safinel.fr\/produit\/creme-bazooka\/#primaryimage\",\"url\":\"https:\/\/www.safinel.fr\/wp-content\/uploads\/2023\/03\/creme-bazouka-site.jpg\",\"contentUrl\":\"https:\/\/www.safinel.fr\/wp-content\/uploads\/2023\/03\/creme-bazouka-site.jpg\",\"width\":600,\"height\":600,\"caption\":\"Cr\u00e8me bazooka (Bazuka cream) 100ml\"},{\"@type\":\"BreadcrumbList\",\"@id\":\"https:\/\/www.safinel.fr\/produit\/creme-bazooka\/#breadcrumb\",\"itemListElement\":[{\"@type\":\"ListItem\",\"position\":1,\"name\":\"Accueil\",\"item\":\"https:\/\/www.safinel.fr\/\"},{\"@type\":\"ListItem\",\"position\":2,\"name\":\"Boutique\",\"item\":\"https:\/\/www.safinel.fr\/boutique\/\"},{\"@type\":\"ListItem\",\"position\":3,\"name\":\"Cr\u00e8me bazooka (Bazuka cream) 100ml\"}]},{\"@type\":\"WebSite\",\"@id\":\"https:\/\/www.safinel.fr\/#website\",\"url\":\"https:\/\/www.safinel.fr\/\",\"name\":\"Safinel\",\"description\":\"\",\"publisher\":{\"@id\":\"https:\/\/www.safinel.fr\/#organization\"},\"potentialAction\":[{\"@type\":\"SearchAction\",\"target\":{\"@type\":\"EntryPoint\",\"urlTemplate\":\"https:\/\/www.safinel.fr\/?s={search_term_string}\"},\"query-input\":{\"@type\":\"PropertyValueSpecification\",\"valueRequired\":true,\"valueName\":\"search_term_string\"}}],\"inLanguage\":\"de\"},{\"@type\":\"Organization\",\"@id\":\"https:\/\/www.safinel.fr\/#organization\",\"name\":\"Safinel\",\"url\":\"https:\/\/www.safinel.fr\/\",\"logo\":{\"@type\":\"ImageObject\",\"inLanguage\":\"de\",\"@id\":\"https:\/\/www.safinel.fr\/#\/schema\/logo\/image\/\",\"url\":\"https:\/\/www.safinel.fr\/wp-content\/uploads\/2021\/05\/boutique-cosmetique.png\",\"contentUrl\":\"https:\/\/www.safinel.fr\/wp-content\/uploads\/2021\/05\/boutique-cosmetique.png\",\"width\":800,\"height\":200,\"caption\":\"Safinel\"},\"image\":{\"@id\":\"https:\/\/www.safinel.fr\/#\/schema\/logo\/image\/\"}}]}<\/script>\n<!-- \/ Yoast SEO plugin. -->","yoast_head_json":{"title":"Bazooka-Creme f\u00fcr M\u00e4nner I Online-Kauf der Bazuka Cream","description":"Die Bazooka-Creme ist eine hervorragende Option, um das Ges\u00e4\u00df, den Penis und die Brust zu straffen und zu festigen. Die Bazooka-Creme ist ein Muss f\u00fcr jeden, der sie einmal ausprobiert hat.","robots":{"index":"index","follow":"follow","max-snippet":"max-snippet:-1","max-image-preview":"max-image-preview:large","max-video-preview":"max-video-preview:-1"},"canonical":"https:\/\/www.safinel.fr\/de\/product-2\/bazooka-creme\/","og_locale":"de_DE","og_type":"article","og_title":"Cr\u00e8me bazooka pour homme I Achat en ligne de la bazuka cream","og_description":"La\u00a0cr\u00e8me bazooka\u00a0est une excellente option pour raffermir et tonifier les fesses, le p\u00e9nis et la poitrine. Adoptez-l\u00e0 sans plus attendre !","og_url":"https:\/\/www.safinel.fr\/de\/product-2\/bazooka-creme\/","og_site_name":"Safinel","article_modified_time":"2026-01-13T10:21:23+00:00","og_image":[{"width":600,"height":600,"url":"https:\/\/www.safinel.fr\/wp-content\/uploads\/2023\/03\/creme-bazouka-site.jpg","type":"image\/jpeg"}],"twitter_card":"summary_large_image","twitter_misc":{"Gesch\u00e4tzte Lesezeit":"3\u00a0Minuten"},"schema":{"@context":"https:\/\/schema.org","@graph":[{"@type":"WebPage","@id":"https:\/\/www.safinel.fr\/produit\/creme-bazooka\/","url":"https:\/\/www.safinel.fr\/produit\/creme-bazooka\/","name":"Bazooka-Creme f\u00fcr M\u00e4nner I Online-Kauf der Bazuka Cream","isPartOf":{"@id":"https:\/\/www.safinel.fr\/#website"},"primaryImageOfPage":{"@id":"https:\/\/www.safinel.fr\/produit\/creme-bazooka\/#primaryimage"},"image":{"@id":"https:\/\/www.safinel.fr\/produit\/creme-bazooka\/#primaryimage"},"thumbnailUrl":"https:\/\/www.safinel.fr\/wp-content\/uploads\/2023\/03\/creme-bazouka-site.jpg","datePublished":"2023-03-30T18:06:15+00:00","dateModified":"2026-01-13T10:21:23+00:00","description":"Die Bazooka-Creme ist eine hervorragende Option, um das Ges\u00e4\u00df, den Penis und die Brust zu straffen und zu festigen. Die Bazooka-Creme ist ein Muss f\u00fcr jeden, der sie einmal ausprobiert hat.","breadcrumb":{"@id":"https:\/\/www.safinel.fr\/produit\/creme-bazooka\/#breadcrumb"},"inLanguage":"de","potentialAction":[{"@type":"ReadAction","target":["https:\/\/www.safinel.fr\/produit\/creme-bazooka\/"]}]},{"@type":"ImageObject","inLanguage":"de","@id":"https:\/\/www.safinel.fr\/produit\/creme-bazooka\/#primaryimage","url":"https:\/\/www.safinel.fr\/wp-content\/uploads\/2023\/03\/creme-bazouka-site.jpg","contentUrl":"https:\/\/www.safinel.fr\/wp-content\/uploads\/2023\/03\/creme-bazouka-site.jpg","width":600,"height":600,"caption":"Cr\u00e8me bazooka (Bazuka cream) 100ml"},{"@type":"BreadcrumbList","@id":"https:\/\/www.safinel.fr\/produit\/creme-bazooka\/#breadcrumb","itemListElement":[{"@type":"ListItem","position":1,"name":"Accueil","item":"https:\/\/www.safinel.fr\/"},{"@type":"ListItem","position":2,"name":"Boutique","item":"https:\/\/www.safinel.fr\/boutique\/"},{"@type":"ListItem","position":3,"name":"Cr\u00e8me bazooka (Bazuka cream) 100ml"}]},{"@type":"WebSite","@id":"https:\/\/www.safinel.fr\/#website","url":"https:\/\/www.safinel.fr\/","name":"Safinel","description":"","publisher":{"@id":"https:\/\/www.safinel.fr\/#organization"},"potentialAction":[{"@type":"SearchAction","target":{"@type":"EntryPoint","urlTemplate":"https:\/\/www.safinel.fr\/?s={search_term_string}"},"query-input":{"@type":"PropertyValueSpecification","valueRequired":true,"valueName":"search_term_string"}}],"inLanguage":"de"},{"@type":"Organization","@id":"https:\/\/www.safinel.fr\/#organization","name":"Safinel","url":"https:\/\/www.safinel.fr\/","logo":{"@type":"ImageObject","inLanguage":"de","@id":"https:\/\/www.safinel.fr\/#\/schema\/logo\/image\/","url":"https:\/\/www.safinel.fr\/wp-content\/uploads\/2021\/05\/boutique-cosmetique.png","contentUrl":"https:\/\/www.safinel.fr\/wp-content\/uploads\/2021\/05\/boutique-cosmetique.png","width":800,"height":200,"caption":"Safinel"},"image":{"@id":"https:\/\/www.safinel.fr\/#\/schema\/logo\/image\/"}}]}},"_links":{"self":[{"href":"https:\/\/www.safinel.fr\/de\/wp-json\/wp\/v2\/product\/5192","targetHints":{"allow":["GET"]}}],"collection":[{"href":"https:\/\/www.safinel.fr\/de\/wp-json\/wp\/v2\/product"}],"about":[{"href":"https:\/\/www.safinel.fr\/de\/wp-json\/wp\/v2\/types\/product"}],"wp:featuredmedia":[{"embeddable":true,"href":"https:\/\/www.safinel.fr\/de\/wp-json\/wp\/v2\/media\/5193"}],"wp:attachment":[{"href":"https:\/\/www.safinel.fr\/de\/wp-json\/wp\/v2\/media?parent=5192"}],"wp:term":[{"taxonomy":"product_brand","embeddable":true,"href":"https:\/\/www.safinel.fr\/de\/wp-json\/wp\/v2\/product_brand?post=5192"},{"taxonomy":"product_cat","embeddable":true,"href":"https:\/\/www.safinel.fr\/de\/wp-json\/wp\/v2\/product_cat?post=5192"},{"taxonomy":"product_tag","embeddable":true,"href":"https:\/\/www.safinel.fr\/de\/wp-json\/wp\/v2\/product_tag?post=5192"}],"curies":[{"name":"wp","href":"https:\/\/api.w.org\/{rel}","templated":true}]}}