{"id":4955,"date":"2023-03-08T15:21:03","date_gmt":"2023-03-08T15:21:03","guid":{"rendered":"https:\/\/www.safinel.fr\/?post_type=product&#038;p=4955"},"modified":"2025-11-24T16:07:58","modified_gmt":"2025-11-24T16:07:58","slug":"kinkeliba-blatter","status":"publish","type":"product","link":"https:\/\/www.safinel.fr\/de\/product-2\/kinkeliba-blatter\/","title":{"rendered":"Kinkeliba-Bl\u00e4tter"},"content":{"rendered":"<p>Die im Westen unbekannte Kinkeliba ist eine in Westafrika beheimatete Pflanze. Sie wird seit Jahrhunderten in der afrikanischen Medizin verwendet und besitzt erstaunliche Eigenschaften, was ihr den Spitznamen Kinkaji eingebracht hat.\u00a0<strong>Kr\u00e4utertee des langen Lebens<\/strong>.<\/p>\n<p>Blutdrucksenkung, Diuretikum, Diabetes, Antioxidantien, Schlankheitskur ... Kinkeliba hat viel zu bieten.\u00a0<strong>Entdecken Sie mit uns diese Pflanze mit ihren unsch\u00e4tzbaren Eigenschaften!<\/strong><\/p>\n<h2><strong>Kinkeliba: Vorteile f\u00fcr den Blutdruck<\/strong><\/h2>\n<p>Bluthochdruck ist in Europa ein h\u00e4ufiges Ph\u00e4nomen. Stress, Ern\u00e4hrung und Vererbung sind allesamt Faktoren, die seine Entwicklung beg\u00fcnstigen. Quinqu\u00e9liba hat eine blutdrucksenkende Wirkung.<\/p>\n<p>Es wurden Studien mit Patienten durchgef\u00fchrt, die an Bluthochdruck litten. Nach vier Wochen Behandlung mit einer Kapsel aus pflanzlichem Kinkelibapulver war ihr normaler Blutdruck wiederhergestellt.<\/p>\n<h2><strong>Kr\u00e4utertee des langen Lebens: harntreibende Eigenschaften<\/strong><\/h2>\n<p>Diese Tugend ist sicherlich die bekannteste. Ihre Konzentration an Kaliumnitrat und Flavonoiden soll f\u00fcr ihre\u00a0<strong>diuretische Tugenden.<\/strong><\/p>\n<p>Indem es die Urinproduktion und -ausscheidung f\u00f6rdert, tr\u00e4gt es tendenziell zur Ausscheidung von Natrium aus dem K\u00f6rper bei. Ein \u00dcberschuss an Natrium gilt als besonders sch\u00e4dlich f\u00fcr den K\u00f6rper.<\/p>\n<p>Diuretika wirken sich auf folgende Erkrankungen aus\u00a0<strong>Niereninsuffizienz und Herzinsuffizienz.<\/strong>\u00a0Kinkeliba kann Ihnen daher bei der Bek\u00e4mpfung helfen.<\/p>\n<p>Vorsicht jedoch :\u00a0<strong>die Einnahme von Quinqu\u00e9liba entbindet nicht von \u00e4rztlichem Rat und einer angemessenen Behandlung.<\/strong><\/p>\n<h2><strong>Die Vorteile von Kinkeliba bei Diabetes<\/strong><\/h2>\n<p>Diabetes ist durch einen zu hohen Blutzuckerspiegel und eine Glukoseintoleranz gekennzeichnet. Aus diesem Grund muss ein Diabetiker seinen Glukosespiegel st\u00e4ndig \u00fcberwachen. Betroffene werden Ihnen best\u00e4tigen, dass Diabetes im Alltag mehr als nur eine Behinderung ist.<\/p>\n<p><strong>Kinkeliba senkt den Glukosespiegel im Blut und k\u00f6nnte sogar die Glukosetoleranz einer Person erh\u00f6hen<\/strong>. Diese Tugend macht es zu einem wichtigen Verb\u00fcndeten im Kampf gegen Diabetes. Studien belegen, dass eine siebenw\u00f6chige Einnahme von Quinqu\u00e9liba die Glukosetoleranz erh\u00f6ht.<\/p>\n<h2><strong>Die antioxidativen Eigenschaften von Langlebigkeitstee<\/strong><\/h2>\n<p>Freie Radikale lassen die Zellen altern und haben negative Auswirkungen auf den K\u00f6rper. Diese werden durch Stress, Alterung, Umweltverschmutzung und andere \u00e4u\u00dfere Faktoren verursacht.\u00a0<strong>Antioxidantien bek\u00e4mpfen die sch\u00e4dlichen Wirkungen freier Radikale<\/strong>. Sie wirken wie ein Kugelfang f\u00fcr den K\u00f6rper, um schwere gesundheitliche Probleme zu vermeiden.<\/p>\n<p>Kinkeliba besitzt aktive Verbindungen, insbesondere Flavonoide. Diese wirken im K\u00f6rper als Antioxidantien. Die Pflanze kann daher bei der Behandlung verschiedener Erkrankungen eingesetzt werden, die mit freien Radikalen in Verbindung stehen.<\/p>\n<h3><strong>Ist Kinkeliba eine Schlankheitspflanze?<\/strong><\/h3>\n<p>Traditionell gilt der Tee des langen Lebens als\u00a0<a href=\"https:\/\/www.safinel.fr\/de\/product-2\/kirschschwanze\/\"><strong>Schlankheitsverb\u00fcndeter<\/strong><\/a>.<\/p>\n<p>Die Studien behaupten eher das Gegenteil. Eine Studie \u00fcber die Auswirkungen von Kinkeliba auf den K\u00f6rperfettanteil ergab, dass keine signifikanten Auswirkungen zu verzeichnen waren.<\/p>\n<p>Seine harntreibenden Eigenschaften erleichtern jedoch die Entstauung des K\u00f6rpers und\u00a0<strong>bek\u00e4mpft Wassereinlagerungen.<\/strong>\u00a0Der K\u00f6rper, der auf diese Weise gereinigt und mit weniger Wasser versorgt wird, hat bessere Chancen, \u00fcbersch\u00fcssige Pfunde leicht loszuwerden!<\/p>\n<p><strong>Wenn Sie Kinkeliba in Ihren Alltag integrieren, profitieren Sie von einer Pflanze mit uralten und vielf\u00e4ltigen Eigenschaften! Wer ist an der Reihe?<\/strong><\/p>","protected":false},"excerpt":{"rendered":"<p><img decoding=\"async\" class=\"size-full wp-image-5091 aligncenter\" src=\"https:\/\/www.safinel.fr\/wp-content\/uploads\/2021\/06\/BANNIERE-ICONE-SAFINEL.webp\" alt=\"Satines-R\u00fcckversicherung\" width=\"800\" height=\"200\" srcset=\"https:\/\/www.safinel.fr\/wp-content\/uploads\/2021\/06\/BANNIERE-ICONE-SAFINEL.webp 800w, https:\/\/www.safinel.fr\/wp-content\/uploads\/2021\/06\/BANNIERE-ICONE-SAFINEL-600x150.webp 600w, https:\/\/www.safinel.fr\/wp-content\/uploads\/2021\/06\/BANNIERE-ICONE-SAFINEL-768x192.webp 768w\" sizes=\"(max-width: 800px) 100vw, 800px\" \/><\/p>","protected":false},"featured_media":4958,"template":"","meta":[],"product_brand":[],"product_cat":[15],"product_tag":[],"class_list":{"0":"post-4955","1":"product","2":"type-product","3":"status-publish","4":"has-post-thumbnail","6":"product_cat-fertilite","8":"first","9":"outofstock","10":"shipping-taxable","11":"purchasable","12":"product-type-variable"},"yoast_head":"<!-- This site is optimized with the Yoast SEO plugin v26.6 - https:\/\/yoast.com\/wordpress\/plugins\/seo\/ -->\n<title>Kinkeliba | Bienfaits nombreux | Id\u00e9al pour la perte de poids<\/title>\n<meta name=\"description\" content=\"M\u00e9connu en occident, le kinkeliba est une plante originaire d\u2019Afrique de l\u2019Ouest. Utilis\u00e9e depuis des si\u00e8cles dans la m\u00e9decine africaine.\" \/>\n<meta name=\"robots\" content=\"index, follow, max-snippet:-1, max-image-preview:large, max-video-preview:-1\" \/>\n<link rel=\"canonical\" href=\"https:\/\/www.safinel.fr\/de\/product-2\/kinkeliba-blatter\/\" \/>\n<meta property=\"og:locale\" content=\"de_DE\" \/>\n<meta property=\"og:type\" content=\"article\" \/>\n<meta property=\"og:title\" content=\"Kinkeliba | Bienfaits nombreux | Id\u00e9al pour la perte de poids\" \/>\n<meta property=\"og:description\" content=\"M\u00e9connu en occident, le kinkeliba est une plante originaire d\u2019Afrique de l\u2019Ouest. Utilis\u00e9e depuis des si\u00e8cles dans la m\u00e9decine africaine.\" \/>\n<meta property=\"og:url\" content=\"https:\/\/www.safinel.fr\/de\/product-2\/kinkeliba-blatter\/\" \/>\n<meta property=\"og:site_name\" content=\"Safinel\" \/>\n<meta property=\"article:modified_time\" content=\"2025-11-24T16:07:58+00:00\" \/>\n<meta property=\"og:image\" content=\"https:\/\/www.safinel.fr\/wp-content\/uploads\/2023\/03\/kinkeliba.jpg\" \/>\n\t<meta property=\"og:image:width\" content=\"600\" \/>\n\t<meta property=\"og:image:height\" content=\"600\" \/>\n\t<meta property=\"og:image:type\" content=\"image\/jpeg\" \/>\n<meta name=\"twitter:card\" content=\"summary_large_image\" \/>\n<meta name=\"twitter:label1\" content=\"Gesch\u00e4tzte Lesezeit\" \/>\n\t<meta name=\"twitter:data1\" content=\"3\u00a0Minuten\" \/>\n<script type=\"application\/ld+json\" class=\"yoast-schema-graph\">{\"@context\":\"https:\/\/schema.org\",\"@graph\":[{\"@type\":\"WebPage\",\"@id\":\"https:\/\/www.safinel.fr\/produit\/feuilles-de-kinkeliba\/\",\"url\":\"https:\/\/www.safinel.fr\/produit\/feuilles-de-kinkeliba\/\",\"name\":\"Kinkeliba | Bienfaits nombreux | Id\u00e9al pour la perte de poids\",\"isPartOf\":{\"@id\":\"https:\/\/www.safinel.fr\/#website\"},\"primaryImageOfPage\":{\"@id\":\"https:\/\/www.safinel.fr\/produit\/feuilles-de-kinkeliba\/#primaryimage\"},\"image\":{\"@id\":\"https:\/\/www.safinel.fr\/produit\/feuilles-de-kinkeliba\/#primaryimage\"},\"thumbnailUrl\":\"https:\/\/www.safinel.fr\/wp-content\/uploads\/2023\/03\/kinkeliba.jpg\",\"datePublished\":\"2023-03-08T15:21:03+00:00\",\"dateModified\":\"2025-11-24T16:07:58+00:00\",\"description\":\"M\u00e9connu en occident, le kinkeliba est une plante originaire d\u2019Afrique de l\u2019Ouest. Utilis\u00e9e depuis des si\u00e8cles dans la m\u00e9decine africaine.\",\"breadcrumb\":{\"@id\":\"https:\/\/www.safinel.fr\/produit\/feuilles-de-kinkeliba\/#breadcrumb\"},\"inLanguage\":\"de\",\"potentialAction\":[{\"@type\":\"ReadAction\",\"target\":[\"https:\/\/www.safinel.fr\/produit\/feuilles-de-kinkeliba\/\"]}]},{\"@type\":\"ImageObject\",\"inLanguage\":\"de\",\"@id\":\"https:\/\/www.safinel.fr\/produit\/feuilles-de-kinkeliba\/#primaryimage\",\"url\":\"https:\/\/www.safinel.fr\/wp-content\/uploads\/2023\/03\/kinkeliba.jpg\",\"contentUrl\":\"https:\/\/www.safinel.fr\/wp-content\/uploads\/2023\/03\/kinkeliba.jpg\",\"width\":600,\"height\":600,\"caption\":\"Kinkeliba\"},{\"@type\":\"BreadcrumbList\",\"@id\":\"https:\/\/www.safinel.fr\/produit\/feuilles-de-kinkeliba\/#breadcrumb\",\"itemListElement\":[{\"@type\":\"ListItem\",\"position\":1,\"name\":\"Accueil\",\"item\":\"https:\/\/www.safinel.fr\/\"},{\"@type\":\"ListItem\",\"position\":2,\"name\":\"Boutique\",\"item\":\"https:\/\/www.safinel.fr\/boutique\/\"},{\"@type\":\"ListItem\",\"position\":3,\"name\":\"Feuilles de Kinkeliba\"}]},{\"@type\":\"WebSite\",\"@id\":\"https:\/\/www.safinel.fr\/#website\",\"url\":\"https:\/\/www.safinel.fr\/\",\"name\":\"Safinel\",\"description\":\"\",\"publisher\":{\"@id\":\"https:\/\/www.safinel.fr\/#organization\"},\"potentialAction\":[{\"@type\":\"SearchAction\",\"target\":{\"@type\":\"EntryPoint\",\"urlTemplate\":\"https:\/\/www.safinel.fr\/?s={search_term_string}\"},\"query-input\":{\"@type\":\"PropertyValueSpecification\",\"valueRequired\":true,\"valueName\":\"search_term_string\"}}],\"inLanguage\":\"de\"},{\"@type\":\"Organization\",\"@id\":\"https:\/\/www.safinel.fr\/#organization\",\"name\":\"Safinel\",\"url\":\"https:\/\/www.safinel.fr\/\",\"logo\":{\"@type\":\"ImageObject\",\"inLanguage\":\"de\",\"@id\":\"https:\/\/www.safinel.fr\/#\/schema\/logo\/image\/\",\"url\":\"https:\/\/www.safinel.fr\/wp-content\/uploads\/2021\/05\/boutique-cosmetique.png\",\"contentUrl\":\"https:\/\/www.safinel.fr\/wp-content\/uploads\/2021\/05\/boutique-cosmetique.png\",\"width\":800,\"height\":200,\"caption\":\"Safinel\"},\"image\":{\"@id\":\"https:\/\/www.safinel.fr\/#\/schema\/logo\/image\/\"}}]}<\/script>\n<!-- \/ Yoast SEO plugin. -->","yoast_head_json":{"title":"Kinkeliba | Zahlreiche Vorteile | Ideal zur Gewichtsabnahme","description":"Die im Westen unbekannte Kinkeliba ist eine in Westafrika beheimatete Pflanze. Sie wird seit Jahrhunderten in der afrikanischen Medizin verwendet.","robots":{"index":"index","follow":"follow","max-snippet":"max-snippet:-1","max-image-preview":"max-image-preview:large","max-video-preview":"max-video-preview:-1"},"canonical":"https:\/\/www.safinel.fr\/de\/product-2\/kinkeliba-blatter\/","og_locale":"de_DE","og_type":"article","og_title":"Kinkeliba | Bienfaits nombreux | Id\u00e9al pour la perte de poids","og_description":"M\u00e9connu en occident, le kinkeliba est une plante originaire d\u2019Afrique de l\u2019Ouest. Utilis\u00e9e depuis des si\u00e8cles dans la m\u00e9decine africaine.","og_url":"https:\/\/www.safinel.fr\/de\/product-2\/kinkeliba-blatter\/","og_site_name":"Safinel","article_modified_time":"2025-11-24T16:07:58+00:00","og_image":[{"width":600,"height":600,"url":"https:\/\/www.safinel.fr\/wp-content\/uploads\/2023\/03\/kinkeliba.jpg","type":"image\/jpeg"}],"twitter_card":"summary_large_image","twitter_misc":{"Gesch\u00e4tzte Lesezeit":"3\u00a0Minuten"},"schema":{"@context":"https:\/\/schema.org","@graph":[{"@type":"WebPage","@id":"https:\/\/www.safinel.fr\/produit\/feuilles-de-kinkeliba\/","url":"https:\/\/www.safinel.fr\/produit\/feuilles-de-kinkeliba\/","name":"Kinkeliba | Zahlreiche Vorteile | Ideal zur Gewichtsabnahme","isPartOf":{"@id":"https:\/\/www.safinel.fr\/#website"},"primaryImageOfPage":{"@id":"https:\/\/www.safinel.fr\/produit\/feuilles-de-kinkeliba\/#primaryimage"},"image":{"@id":"https:\/\/www.safinel.fr\/produit\/feuilles-de-kinkeliba\/#primaryimage"},"thumbnailUrl":"https:\/\/www.safinel.fr\/wp-content\/uploads\/2023\/03\/kinkeliba.jpg","datePublished":"2023-03-08T15:21:03+00:00","dateModified":"2025-11-24T16:07:58+00:00","description":"Die im Westen unbekannte Kinkeliba ist eine in Westafrika beheimatete Pflanze. Sie wird seit Jahrhunderten in der afrikanischen Medizin verwendet.","breadcrumb":{"@id":"https:\/\/www.safinel.fr\/produit\/feuilles-de-kinkeliba\/#breadcrumb"},"inLanguage":"de","potentialAction":[{"@type":"ReadAction","target":["https:\/\/www.safinel.fr\/produit\/feuilles-de-kinkeliba\/"]}]},{"@type":"ImageObject","inLanguage":"de","@id":"https:\/\/www.safinel.fr\/produit\/feuilles-de-kinkeliba\/#primaryimage","url":"https:\/\/www.safinel.fr\/wp-content\/uploads\/2023\/03\/kinkeliba.jpg","contentUrl":"https:\/\/www.safinel.fr\/wp-content\/uploads\/2023\/03\/kinkeliba.jpg","width":600,"height":600,"caption":"Kinkeliba"},{"@type":"BreadcrumbList","@id":"https:\/\/www.safinel.fr\/produit\/feuilles-de-kinkeliba\/#breadcrumb","itemListElement":[{"@type":"ListItem","position":1,"name":"Accueil","item":"https:\/\/www.safinel.fr\/"},{"@type":"ListItem","position":2,"name":"Boutique","item":"https:\/\/www.safinel.fr\/boutique\/"},{"@type":"ListItem","position":3,"name":"Feuilles de Kinkeliba"}]},{"@type":"WebSite","@id":"https:\/\/www.safinel.fr\/#website","url":"https:\/\/www.safinel.fr\/","name":"Safinel","description":"","publisher":{"@id":"https:\/\/www.safinel.fr\/#organization"},"potentialAction":[{"@type":"SearchAction","target":{"@type":"EntryPoint","urlTemplate":"https:\/\/www.safinel.fr\/?s={search_term_string}"},"query-input":{"@type":"PropertyValueSpecification","valueRequired":true,"valueName":"search_term_string"}}],"inLanguage":"de"},{"@type":"Organization","@id":"https:\/\/www.safinel.fr\/#organization","name":"Safinel","url":"https:\/\/www.safinel.fr\/","logo":{"@type":"ImageObject","inLanguage":"de","@id":"https:\/\/www.safinel.fr\/#\/schema\/logo\/image\/","url":"https:\/\/www.safinel.fr\/wp-content\/uploads\/2021\/05\/boutique-cosmetique.png","contentUrl":"https:\/\/www.safinel.fr\/wp-content\/uploads\/2021\/05\/boutique-cosmetique.png","width":800,"height":200,"caption":"Safinel"},"image":{"@id":"https:\/\/www.safinel.fr\/#\/schema\/logo\/image\/"}}]}},"_links":{"self":[{"href":"https:\/\/www.safinel.fr\/de\/wp-json\/wp\/v2\/product\/4955","targetHints":{"allow":["GET"]}}],"collection":[{"href":"https:\/\/www.safinel.fr\/de\/wp-json\/wp\/v2\/product"}],"about":[{"href":"https:\/\/www.safinel.fr\/de\/wp-json\/wp\/v2\/types\/product"}],"wp:featuredmedia":[{"embeddable":true,"href":"https:\/\/www.safinel.fr\/de\/wp-json\/wp\/v2\/media\/4958"}],"wp:attachment":[{"href":"https:\/\/www.safinel.fr\/de\/wp-json\/wp\/v2\/media?parent=4955"}],"wp:term":[{"taxonomy":"product_brand","embeddable":true,"href":"https:\/\/www.safinel.fr\/de\/wp-json\/wp\/v2\/product_brand?post=4955"},{"taxonomy":"product_cat","embeddable":true,"href":"https:\/\/www.safinel.fr\/de\/wp-json\/wp\/v2\/product_cat?post=4955"},{"taxonomy":"product_tag","embeddable":true,"href":"https:\/\/www.safinel.fr\/de\/wp-json\/wp\/v2\/product_tag?post=4955"}],"curies":[{"name":"wp","href":"https:\/\/api.w.org\/{rel}","templated":true}]}}