{"id":493,"date":"2021-10-16T09:54:05","date_gmt":"2021-10-16T09:54:05","guid":{"rendered":"https:\/\/www.safinel.fr\/?post_type=product&#038;p=493"},"modified":"2023-12-30T13:30:53","modified_gmt":"2023-12-30T13:30:53","slug":"karite-schlagsahne","status":"publish","type":"product","link":"https:\/\/www.safinel.fr\/de\/product-2\/karite-schlagsahne\/","title":{"rendered":"Karit\u00e9-Schlagsahne 100g"},"content":{"rendered":"<p><strong>Karit\u00e9butter<\/strong>\u00a0ist ein Muss unter den\u00a0<strong>nat\u00fcrliche Sch\u00f6nheitsprodukte<\/strong>, wirtschaftlich und \u00f6kologisch. Aber, kennen Sie<strong>\u00a0die Karit\u00e9-Schlagsahne\u00a0<\/strong>? Das w\u00fcrde uns fast hungrig machen, das stimmt! Doch obwohl diese Textur appetitlich aussieht, haben wir es tats\u00e4chlich mit einem\u00a0<strong>Kosmetik<\/strong>.<\/p>\n<p>Zoom auf diese Qualit\u00e4tsbutter, die zu unserer Freude eine Sch\u00f6nheitskur erhalten hat!<\/p>\n<h2><strong>Karit\u00e9-Chantilly: Vorstellung eines ultra-glamour\u00f6sen Kosmetikums\u00a0<\/strong><\/h2>\n<p>Schon beim blo\u00dfen Betrachten wissen wir, dass wir es hier mit einem hochwertigen, bearbeiteten Produkt zu tun haben, das vor allem viele Tugenden f\u00fcr uns bereith\u00e4lt...<\/p>\n<p>Das sogenannte \u00abGold der Frauen\u00bb wird seit Jahrhunderten f\u00fcr seine n\u00e4hrende Wirkung gesch\u00e4tzt. Aber nicht nur.<\/p>\n<p>Stammt aus Zentralafrika,<strong>\u00a0der Butterbaum\u00a0<\/strong>ist ber\u00fchmt f\u00fcr seine Fr\u00fcchte, die Mandeln enthalten, aus denen die ber\u00fchmte Butter hergestellt wird.<\/p>\n<p>Doch die Kenner der Materie wissen, dass dieser\u00a0<strong>Pflanzenbutter<\/strong>\u00a0hat ein festes, wachs\u00e4hnliches Aussehen. Daher muss man es zwischen den H\u00e4nden erw\u00e4rmen, um es zu verwenden, sei es, um es mit anderen Zutaten zu mischen. Oder um es auf dem K\u00f6rper oder in den Haaren zu verwenden.<\/p>\n<p>So ist die Karit\u00e9-Schlagsahne eine Pflege, die geschlagen wurde, so wie man auch eine hausgemachte Schlagsahne herstellen w\u00fcrde! Das Ergebnis ist eine zartschmelzende, leicht zu handhabende, cremige, geschmeidige und leichte Textur. All das, was man sich w\u00fcnscht, wenn man eine\u00a0<strong>Naturkosmetik<\/strong>\u00a0als<strong>\u00a0K\u00f6rpercreme.\u00a0<\/strong><\/p>\n<h2><strong>Was sind die Vorteile dieses Sch\u00f6nheitsprodukts?\u00a0<\/strong><\/h2>\n<p>Diese Pflege enth\u00e4lt ein Maximum an <strong>Eigenschaften f\u00fcr Haut und Haare.\u00a0<\/strong>Sie beh\u00e4lt die gleichen Tugenden wie rohe Sheabutter, n\u00e4mlich :<\/p>\n<h3><strong>F\u00fcr die Haut\u00a0<\/strong><\/h3>\n<ul>\n<li>Extrem n\u00e4hrend<\/li>\n<li><strong>Macht die Haut geschmeidig<\/strong><\/li>\n<li>Spendet Feuchtigkeit<\/li>\n<li>Quelle von Antioxidantien<\/li>\n<li>Beruhigt Ekzeme<\/li>\n<li>F\u00fcr trockene Haut empfohlen<\/li>\n<\/ul>\n<h3><strong>F\u00fcr die Haare\u00a0<\/strong><\/h3>\n<ul>\n<li>Wirksam gegen Schuppen<\/li>\n<li>Wohltuend f\u00fcr br\u00fcchiges Haar<\/li>\n<li>Versorgt die Kopfhaut mit Feuchtigkeit und macht sie geschmeidig<\/li>\n<\/ul>\n<h2><strong>Die vielen M\u00f6glichkeiten, meine Karit\u00e9-Schlagsahne zu verwenden\u00a0<\/strong><\/h2>\n<p>Diese Karit\u00e9-Schlagsahne ist so angenehm in der t\u00e4glichen Anwendung, dass Sie nicht mehr darauf verzichten wollen! Zumal es sich um ein hochwertiges Kosmetikum handelt, das auf vielf\u00e4ltige Weise verwendet werden kann.<\/p>\n<h3><strong>Pflege f\u00fcr das Haar\u00a0<\/strong><\/h3>\n<p>Es wird empfohlen, diese Pflege vor Ihrem normalen Shampoo zu verwenden:<\/p>\n<ol>\n<li>In einem ersten Schritt, <a href=\"https:\/\/www.hairbeaute.fr\/71-revlon\" target=\"_blank\" rel=\"noopener\"><strong>das Haar entwirren<\/strong><\/a> ;<\/li>\n<li>Nehmen Sie dann eine haselnussgro\u00dfe Menge dieser Schlagsahne und tragen Sie sie auf die L\u00e4ngen und Spitzen auf; ;<\/li>\n<li>Mindestens 15 Minuten einwirken lassen ;<\/li>\n<li>Anschlie\u00dfend Shampoo und Sp\u00fclung verwenden.<\/li>\n<\/ol>\n<p>Wenn Sie dieses Sch\u00f6nheitsmittel vorher auftragen, bleibt die Haarfaser mit Feuchtigkeit versorgt.<\/p>\n<h3><strong>Pflege f\u00fcr die Haut\u00a0<\/strong><\/h3>\n<p>F\u00fcr die Verwendung als K\u00f6rpercreme ist dieses Kosmetikum eine wahre Freude. Als Massage f\u00fcr die H\u00e4nde oder auch die F\u00fc\u00dfe, aber auch f\u00fcr jeden anderen Teil des K\u00f6rpers.<\/p>\n<p>Ein Tipp ist, diese Pflanzenbutter vor dem Duschen oder Baden aufzutragen. Dadurch kann die Haut sie vor wasserbedingter Trockenheit sch\u00fctzen.<\/p>\n<p>Au\u00dferdem ist es eine Pflege, die f\u00fcr jeden geeignet ist, egal ob gro\u00df oder klein!<\/p>\n<h2><strong>Wie bewahre ich meine Karit\u00e9-Schlagsahne auf?\u00a0<\/strong><\/h2>\n<p>Bewahren Sie dieses Kosmetikprodukt an einem dunklen, trockenen Ort auf. Achten Sie darauf, das Haltbarkeitsdatum auf der Produktverpackung zu \u00fcberpr\u00fcfen.<\/p>","protected":false},"excerpt":{"rendered":"<p>Sheabutter ist ein Muss unter den nat\u00fcrlichen, kosteng\u00fcnstigen und umweltfreundlichen Sch\u00f6nheitsprodukten. Aber, kennen Sie schon die Karit\u00e9-Chantilly? Das w\u00fcrde uns fast hungrig machen, das stimmt! Doch auch wenn diese Textur appetitlich aussieht, haben wir es hier tats\u00e4chlich mit einem Kosmetikprodukt zu tun. Zoom auf diese hochwertige Butter, die eine Sch\u00f6nheitskur f\u00fcr [...] erhalten hat.","protected":false},"featured_media":855,"template":"","meta":[],"product_brand":[],"product_cat":[41],"product_tag":[],"class_list":{"0":"post-493","1":"product","2":"type-product","3":"status-publish","4":"has-post-thumbnail","6":"product_cat-produits-naturels-divers","8":"first","9":"outofstock","10":"shipping-taxable","11":"purchasable","12":"product-type-simple"},"yoast_head":"<!-- This site is optimized with the Yoast SEO plugin v26.6 - https:\/\/yoast.com\/wordpress\/plugins\/seo\/ -->\n<title>Chantilly de Karit\u00e9 | Cosm\u00e9tique naturel pour la peau et les cheveux<\/title>\n<meta name=\"description\" content=\"Cette chantilly de karit\u00e9 est tellement agr\u00e9able \u00e0 utiliser quotidiennement que vous ne vous en passerez plus ! Ici, adoptez-l\u00e0 !\" \/>\n<meta name=\"robots\" content=\"index, follow, max-snippet:-1, max-image-preview:large, max-video-preview:-1\" \/>\n<link rel=\"canonical\" href=\"https:\/\/www.safinel.fr\/de\/product-2\/karite-schlagsahne\/\" \/>\n<meta property=\"og:locale\" content=\"de_DE\" \/>\n<meta property=\"og:type\" content=\"article\" \/>\n<meta property=\"og:title\" content=\"Chantilly de Karit\u00e9 | Cosm\u00e9tique naturel pour la peau et les cheveux\" \/>\n<meta property=\"og:description\" content=\"Cette chantilly de karit\u00e9 est tellement agr\u00e9able \u00e0 utiliser quotidiennement que vous ne vous en passerez plus ! Ici, adoptez-l\u00e0 !\" \/>\n<meta property=\"og:url\" content=\"https:\/\/www.safinel.fr\/de\/product-2\/karite-schlagsahne\/\" \/>\n<meta property=\"og:site_name\" content=\"Safinel\" \/>\n<meta property=\"article:modified_time\" content=\"2023-12-30T13:30:53+00:00\" \/>\n<meta property=\"og:image\" content=\"https:\/\/www.safinel.fr\/wp-content\/uploads\/2021\/10\/chantilly-de-karite-1.jpg\" \/>\n\t<meta property=\"og:image:width\" content=\"600\" \/>\n\t<meta property=\"og:image:height\" content=\"600\" \/>\n\t<meta property=\"og:image:type\" content=\"image\/jpeg\" \/>\n<meta name=\"twitter:card\" content=\"summary_large_image\" \/>\n<meta name=\"twitter:label1\" content=\"Gesch\u00e4tzte Lesezeit\" \/>\n\t<meta name=\"twitter:data1\" content=\"3\u00a0Minuten\" \/>\n<script type=\"application\/ld+json\" class=\"yoast-schema-graph\">{\"@context\":\"https:\/\/schema.org\",\"@graph\":[{\"@type\":\"WebPage\",\"@id\":\"https:\/\/www.safinel.fr\/produit\/chantilly-de-karite\/\",\"url\":\"https:\/\/www.safinel.fr\/produit\/chantilly-de-karite\/\",\"name\":\"Chantilly de Karit\u00e9 | Cosm\u00e9tique naturel pour la peau et les cheveux\",\"isPartOf\":{\"@id\":\"https:\/\/www.safinel.fr\/#website\"},\"primaryImageOfPage\":{\"@id\":\"https:\/\/www.safinel.fr\/produit\/chantilly-de-karite\/#primaryimage\"},\"image\":{\"@id\":\"https:\/\/www.safinel.fr\/produit\/chantilly-de-karite\/#primaryimage\"},\"thumbnailUrl\":\"https:\/\/www.safinel.fr\/wp-content\/uploads\/2021\/10\/chantilly-de-karite-1.jpg\",\"datePublished\":\"2021-10-16T09:54:05+00:00\",\"dateModified\":\"2023-12-30T13:30:53+00:00\",\"description\":\"Cette chantilly de karit\u00e9 est tellement agr\u00e9able \u00e0 utiliser quotidiennement que vous ne vous en passerez plus ! Ici, adoptez-l\u00e0 !\",\"breadcrumb\":{\"@id\":\"https:\/\/www.safinel.fr\/produit\/chantilly-de-karite\/#breadcrumb\"},\"inLanguage\":\"de\",\"potentialAction\":[{\"@type\":\"ReadAction\",\"target\":[\"https:\/\/www.safinel.fr\/produit\/chantilly-de-karite\/\"]}]},{\"@type\":\"ImageObject\",\"inLanguage\":\"de\",\"@id\":\"https:\/\/www.safinel.fr\/produit\/chantilly-de-karite\/#primaryimage\",\"url\":\"https:\/\/www.safinel.fr\/wp-content\/uploads\/2021\/10\/chantilly-de-karite-1.jpg\",\"contentUrl\":\"https:\/\/www.safinel.fr\/wp-content\/uploads\/2021\/10\/chantilly-de-karite-1.jpg\",\"width\":600,\"height\":600,\"caption\":\"Chantilly de karit\u00e9 100g\"},{\"@type\":\"BreadcrumbList\",\"@id\":\"https:\/\/www.safinel.fr\/produit\/chantilly-de-karite\/#breadcrumb\",\"itemListElement\":[{\"@type\":\"ListItem\",\"position\":1,\"name\":\"Accueil\",\"item\":\"https:\/\/www.safinel.fr\/\"},{\"@type\":\"ListItem\",\"position\":2,\"name\":\"Boutique\",\"item\":\"https:\/\/www.safinel.fr\/boutique\/\"},{\"@type\":\"ListItem\",\"position\":3,\"name\":\"Chantilly de karit\u00e9 100g\"}]},{\"@type\":\"WebSite\",\"@id\":\"https:\/\/www.safinel.fr\/#website\",\"url\":\"https:\/\/www.safinel.fr\/\",\"name\":\"Safinel\",\"description\":\"\",\"publisher\":{\"@id\":\"https:\/\/www.safinel.fr\/#organization\"},\"potentialAction\":[{\"@type\":\"SearchAction\",\"target\":{\"@type\":\"EntryPoint\",\"urlTemplate\":\"https:\/\/www.safinel.fr\/?s={search_term_string}\"},\"query-input\":{\"@type\":\"PropertyValueSpecification\",\"valueRequired\":true,\"valueName\":\"search_term_string\"}}],\"inLanguage\":\"de\"},{\"@type\":\"Organization\",\"@id\":\"https:\/\/www.safinel.fr\/#organization\",\"name\":\"Safinel\",\"url\":\"https:\/\/www.safinel.fr\/\",\"logo\":{\"@type\":\"ImageObject\",\"inLanguage\":\"de\",\"@id\":\"https:\/\/www.safinel.fr\/#\/schema\/logo\/image\/\",\"url\":\"https:\/\/www.safinel.fr\/wp-content\/uploads\/2021\/05\/boutique-cosmetique.png\",\"contentUrl\":\"https:\/\/www.safinel.fr\/wp-content\/uploads\/2021\/05\/boutique-cosmetique.png\",\"width\":800,\"height\":200,\"caption\":\"Safinel\"},\"image\":{\"@id\":\"https:\/\/www.safinel.fr\/#\/schema\/logo\/image\/\"}}]}<\/script>\n<!-- \/ Yoast SEO plugin. -->","yoast_head_json":{"title":"Karit\u00e9-Schlagsahne | Naturkosmetik f\u00fcr Haut und Haare","description":"Diese Karit\u00e9-Schlagsahne ist so angenehm in der t\u00e4glichen Anwendung, dass Sie sie nicht mehr missen m\u00f6chten! Hier geht's zur Adoption!","robots":{"index":"index","follow":"follow","max-snippet":"max-snippet:-1","max-image-preview":"max-image-preview:large","max-video-preview":"max-video-preview:-1"},"canonical":"https:\/\/www.safinel.fr\/de\/product-2\/karite-schlagsahne\/","og_locale":"de_DE","og_type":"article","og_title":"Chantilly de Karit\u00e9 | Cosm\u00e9tique naturel pour la peau et les cheveux","og_description":"Cette chantilly de karit\u00e9 est tellement agr\u00e9able \u00e0 utiliser quotidiennement que vous ne vous en passerez plus ! Ici, adoptez-l\u00e0 !","og_url":"https:\/\/www.safinel.fr\/de\/product-2\/karite-schlagsahne\/","og_site_name":"Safinel","article_modified_time":"2023-12-30T13:30:53+00:00","og_image":[{"width":600,"height":600,"url":"https:\/\/www.safinel.fr\/wp-content\/uploads\/2021\/10\/chantilly-de-karite-1.jpg","type":"image\/jpeg"}],"twitter_card":"summary_large_image","twitter_misc":{"Gesch\u00e4tzte Lesezeit":"3\u00a0Minuten"},"schema":{"@context":"https:\/\/schema.org","@graph":[{"@type":"WebPage","@id":"https:\/\/www.safinel.fr\/produit\/chantilly-de-karite\/","url":"https:\/\/www.safinel.fr\/produit\/chantilly-de-karite\/","name":"Karit\u00e9-Schlagsahne | Naturkosmetik f\u00fcr Haut und Haare","isPartOf":{"@id":"https:\/\/www.safinel.fr\/#website"},"primaryImageOfPage":{"@id":"https:\/\/www.safinel.fr\/produit\/chantilly-de-karite\/#primaryimage"},"image":{"@id":"https:\/\/www.safinel.fr\/produit\/chantilly-de-karite\/#primaryimage"},"thumbnailUrl":"https:\/\/www.safinel.fr\/wp-content\/uploads\/2021\/10\/chantilly-de-karite-1.jpg","datePublished":"2021-10-16T09:54:05+00:00","dateModified":"2023-12-30T13:30:53+00:00","description":"Diese Karit\u00e9-Schlagsahne ist so angenehm in der t\u00e4glichen Anwendung, dass Sie sie nicht mehr missen m\u00f6chten! Hier geht's zur Adoption!","breadcrumb":{"@id":"https:\/\/www.safinel.fr\/produit\/chantilly-de-karite\/#breadcrumb"},"inLanguage":"de","potentialAction":[{"@type":"ReadAction","target":["https:\/\/www.safinel.fr\/produit\/chantilly-de-karite\/"]}]},{"@type":"ImageObject","inLanguage":"de","@id":"https:\/\/www.safinel.fr\/produit\/chantilly-de-karite\/#primaryimage","url":"https:\/\/www.safinel.fr\/wp-content\/uploads\/2021\/10\/chantilly-de-karite-1.jpg","contentUrl":"https:\/\/www.safinel.fr\/wp-content\/uploads\/2021\/10\/chantilly-de-karite-1.jpg","width":600,"height":600,"caption":"Chantilly de karit\u00e9 100g"},{"@type":"BreadcrumbList","@id":"https:\/\/www.safinel.fr\/produit\/chantilly-de-karite\/#breadcrumb","itemListElement":[{"@type":"ListItem","position":1,"name":"Accueil","item":"https:\/\/www.safinel.fr\/"},{"@type":"ListItem","position":2,"name":"Boutique","item":"https:\/\/www.safinel.fr\/boutique\/"},{"@type":"ListItem","position":3,"name":"Chantilly de karit\u00e9 100g"}]},{"@type":"WebSite","@id":"https:\/\/www.safinel.fr\/#website","url":"https:\/\/www.safinel.fr\/","name":"Safinel","description":"","publisher":{"@id":"https:\/\/www.safinel.fr\/#organization"},"potentialAction":[{"@type":"SearchAction","target":{"@type":"EntryPoint","urlTemplate":"https:\/\/www.safinel.fr\/?s={search_term_string}"},"query-input":{"@type":"PropertyValueSpecification","valueRequired":true,"valueName":"search_term_string"}}],"inLanguage":"de"},{"@type":"Organization","@id":"https:\/\/www.safinel.fr\/#organization","name":"Safinel","url":"https:\/\/www.safinel.fr\/","logo":{"@type":"ImageObject","inLanguage":"de","@id":"https:\/\/www.safinel.fr\/#\/schema\/logo\/image\/","url":"https:\/\/www.safinel.fr\/wp-content\/uploads\/2021\/05\/boutique-cosmetique.png","contentUrl":"https:\/\/www.safinel.fr\/wp-content\/uploads\/2021\/05\/boutique-cosmetique.png","width":800,"height":200,"caption":"Safinel"},"image":{"@id":"https:\/\/www.safinel.fr\/#\/schema\/logo\/image\/"}}]}},"_links":{"self":[{"href":"https:\/\/www.safinel.fr\/de\/wp-json\/wp\/v2\/product\/493","targetHints":{"allow":["GET"]}}],"collection":[{"href":"https:\/\/www.safinel.fr\/de\/wp-json\/wp\/v2\/product"}],"about":[{"href":"https:\/\/www.safinel.fr\/de\/wp-json\/wp\/v2\/types\/product"}],"wp:featuredmedia":[{"embeddable":true,"href":"https:\/\/www.safinel.fr\/de\/wp-json\/wp\/v2\/media\/855"}],"wp:attachment":[{"href":"https:\/\/www.safinel.fr\/de\/wp-json\/wp\/v2\/media?parent=493"}],"wp:term":[{"taxonomy":"product_brand","embeddable":true,"href":"https:\/\/www.safinel.fr\/de\/wp-json\/wp\/v2\/product_brand?post=493"},{"taxonomy":"product_cat","embeddable":true,"href":"https:\/\/www.safinel.fr\/de\/wp-json\/wp\/v2\/product_cat?post=493"},{"taxonomy":"product_tag","embeddable":true,"href":"https:\/\/www.safinel.fr\/de\/wp-json\/wp\/v2\/product_tag?post=493"}],"curies":[{"name":"wp","href":"https:\/\/api.w.org\/{rel}","templated":true}]}}