{"id":4920,"date":"2023-03-06T17:31:09","date_gmt":"2023-03-06T17:31:09","guid":{"rendered":"https:\/\/www.safinel.fr\/?post_type=product&#038;p=4920"},"modified":"2023-12-28T17:15:51","modified_gmt":"2023-12-28T17:15:51","slug":"ovarialinsuffizienz-paket-3-monate","status":"publish","type":"product","link":"https:\/\/www.safinel.fr\/de\/product-2\/ovarialinsuffizienz-paket-3-monate\/","title":{"rendered":"Pack Ovarialinsuffizienz 3 Monate"},"content":{"rendered":"<p><strong>Diese Kur mit einer Dauer von drei Monaten besteht aus :<\/strong><\/p>\n<ul>\n<li>3 Gl\u00e4ser Honig 250gr Euphorbia (Daghmous) oder anderer Honig je nach Saison und verf\u00fcgbaren Best\u00e4nden (Jujube, Johannisbrotbaum, Akazie, Fr\u00fchling, Thymian, alle Blumen, Luzerne, Linde...)<\/li>\n<li>3 Palmenpollen zu je 20 g<\/li>\n<li>3 indische Costus zu je 15 g<\/li>\n<li>1 Nigella-\u00d6l (60 ml) oder 3 Nigella-P\u00e4ckchen (je 15 g)<\/li>\n<\/ul>\n<p><img decoding=\"async\" class=\"wp-image-4921 size-full aligncenter\" src=\"https:\/\/www.safinel.fr\/wp-content\/uploads\/2023\/03\/pack-insuffisance-ovarienne-3-mois-2.jpg\" alt=\"Pack Ovarialinsuffizienz 3 Monate\" width=\"600\" height=\"600\" srcset=\"https:\/\/www.safinel.fr\/wp-content\/uploads\/2023\/03\/pack-insuffisance-ovarienne-3-mois-2.jpg 600w, https:\/\/www.safinel.fr\/wp-content\/uploads\/2023\/03\/pack-insuffisance-ovarienne-3-mois-2-100x100.jpg 100w, https:\/\/www.safinel.fr\/wp-content\/uploads\/2023\/03\/pack-insuffisance-ovarienne-3-mois-2-400x400.jpg 400w, https:\/\/www.safinel.fr\/wp-content\/uploads\/2023\/03\/pack-insuffisance-ovarienne-3-mois-2-280x280.jpg 280w, https:\/\/www.safinel.fr\/wp-content\/uploads\/2023\/03\/pack-insuffisance-ovarienne-3-mois-2-300x300.jpg 300w\" sizes=\"(max-width: 600px) 100vw, 600px\" \/><\/p>","protected":false},"excerpt":{"rendered":"<p><img decoding=\"async\" class=\"size-full wp-image-5091 aligncenter\" src=\"https:\/\/www.safinel.fr\/wp-content\/uploads\/2021\/06\/BANNIERE-ICONE-SAFINEL.webp\" alt=\"Satines-R\u00fcckversicherung\" width=\"800\" height=\"200\" srcset=\"https:\/\/www.safinel.fr\/wp-content\/uploads\/2021\/06\/BANNIERE-ICONE-SAFINEL.webp 800w, https:\/\/www.safinel.fr\/wp-content\/uploads\/2021\/06\/BANNIERE-ICONE-SAFINEL-600x150.webp 600w, https:\/\/www.safinel.fr\/wp-content\/uploads\/2021\/06\/BANNIERE-ICONE-SAFINEL-768x192.webp 768w\" sizes=\"(max-width: 800px) 100vw, 800px\" \/><\/p>","protected":false},"featured_media":4922,"template":"","meta":[],"product_brand":[],"product_cat":[15,90],"product_tag":[],"class_list":{"0":"post-4920","1":"product","2":"type-product","3":"status-publish","4":"has-post-thumbnail","6":"product_cat-fertilite","7":"product_cat-pack-fertilite","9":"first","10":"instock","11":"shipping-taxable","12":"purchasable","13":"product-type-simple"},"yoast_head":"<!-- This site is optimized with the Yoast SEO plugin v26.6 - https:\/\/yoast.com\/wordpress\/plugins\/seo\/ -->\n<title>Pack insuffisance ovarienne 3 mois - Safinel<\/title>\n<meta name=\"robots\" content=\"index, follow, max-snippet:-1, max-image-preview:large, max-video-preview:-1\" \/>\n<link rel=\"canonical\" href=\"https:\/\/www.safinel.fr\/de\/product-2\/ovarialinsuffizienz-paket-3-monate\/\" \/>\n<meta property=\"og:locale\" content=\"de_DE\" \/>\n<meta property=\"og:type\" content=\"article\" \/>\n<meta property=\"og:title\" content=\"Pack insuffisance ovarienne 3 mois - Safinel\" \/>\n<meta property=\"og:url\" content=\"https:\/\/www.safinel.fr\/de\/product-2\/ovarialinsuffizienz-paket-3-monate\/\" \/>\n<meta property=\"og:site_name\" content=\"Safinel\" \/>\n<meta property=\"article:modified_time\" content=\"2023-12-28T17:15:51+00:00\" \/>\n<meta property=\"og:image\" content=\"https:\/\/www.safinel.fr\/wp-content\/uploads\/2023\/03\/pack-insuffisance-ovarienne-3-mois.jpg\" \/>\n\t<meta property=\"og:image:width\" content=\"600\" \/>\n\t<meta property=\"og:image:height\" content=\"600\" \/>\n\t<meta property=\"og:image:type\" content=\"image\/jpeg\" \/>\n<meta name=\"twitter:card\" content=\"summary_large_image\" \/>\n<script type=\"application\/ld+json\" class=\"yoast-schema-graph\">{\"@context\":\"https:\/\/schema.org\",\"@graph\":[{\"@type\":\"WebPage\",\"@id\":\"https:\/\/www.safinel.fr\/produit\/pack-insuffisance-ovarienne-3-mois\/\",\"url\":\"https:\/\/www.safinel.fr\/produit\/pack-insuffisance-ovarienne-3-mois\/\",\"name\":\"Pack insuffisance ovarienne 3 mois - Safinel\",\"isPartOf\":{\"@id\":\"https:\/\/www.safinel.fr\/#website\"},\"primaryImageOfPage\":{\"@id\":\"https:\/\/www.safinel.fr\/produit\/pack-insuffisance-ovarienne-3-mois\/#primaryimage\"},\"image\":{\"@id\":\"https:\/\/www.safinel.fr\/produit\/pack-insuffisance-ovarienne-3-mois\/#primaryimage\"},\"thumbnailUrl\":\"https:\/\/www.safinel.fr\/wp-content\/uploads\/2023\/03\/pack-insuffisance-ovarienne-3-mois.jpg\",\"datePublished\":\"2023-03-06T17:31:09+00:00\",\"dateModified\":\"2023-12-28T17:15:51+00:00\",\"breadcrumb\":{\"@id\":\"https:\/\/www.safinel.fr\/produit\/pack-insuffisance-ovarienne-3-mois\/#breadcrumb\"},\"inLanguage\":\"de\",\"potentialAction\":[{\"@type\":\"ReadAction\",\"target\":[\"https:\/\/www.safinel.fr\/produit\/pack-insuffisance-ovarienne-3-mois\/\"]}]},{\"@type\":\"ImageObject\",\"inLanguage\":\"de\",\"@id\":\"https:\/\/www.safinel.fr\/produit\/pack-insuffisance-ovarienne-3-mois\/#primaryimage\",\"url\":\"https:\/\/www.safinel.fr\/wp-content\/uploads\/2023\/03\/pack-insuffisance-ovarienne-3-mois.jpg\",\"contentUrl\":\"https:\/\/www.safinel.fr\/wp-content\/uploads\/2023\/03\/pack-insuffisance-ovarienne-3-mois.jpg\",\"width\":600,\"height\":600,\"caption\":\"Pack insuffisance ovarienne 3 mois\"},{\"@type\":\"BreadcrumbList\",\"@id\":\"https:\/\/www.safinel.fr\/produit\/pack-insuffisance-ovarienne-3-mois\/#breadcrumb\",\"itemListElement\":[{\"@type\":\"ListItem\",\"position\":1,\"name\":\"Accueil\",\"item\":\"https:\/\/www.safinel.fr\/\"},{\"@type\":\"ListItem\",\"position\":2,\"name\":\"Boutique\",\"item\":\"https:\/\/www.safinel.fr\/boutique\/\"},{\"@type\":\"ListItem\",\"position\":3,\"name\":\"Pack insuffisance ovarienne 3 mois\"}]},{\"@type\":\"WebSite\",\"@id\":\"https:\/\/www.safinel.fr\/#website\",\"url\":\"https:\/\/www.safinel.fr\/\",\"name\":\"Safinel\",\"description\":\"\",\"publisher\":{\"@id\":\"https:\/\/www.safinel.fr\/#organization\"},\"potentialAction\":[{\"@type\":\"SearchAction\",\"target\":{\"@type\":\"EntryPoint\",\"urlTemplate\":\"https:\/\/www.safinel.fr\/?s={search_term_string}\"},\"query-input\":{\"@type\":\"PropertyValueSpecification\",\"valueRequired\":true,\"valueName\":\"search_term_string\"}}],\"inLanguage\":\"de\"},{\"@type\":\"Organization\",\"@id\":\"https:\/\/www.safinel.fr\/#organization\",\"name\":\"Safinel\",\"url\":\"https:\/\/www.safinel.fr\/\",\"logo\":{\"@type\":\"ImageObject\",\"inLanguage\":\"de\",\"@id\":\"https:\/\/www.safinel.fr\/#\/schema\/logo\/image\/\",\"url\":\"https:\/\/www.safinel.fr\/wp-content\/uploads\/2021\/05\/boutique-cosmetique.png\",\"contentUrl\":\"https:\/\/www.safinel.fr\/wp-content\/uploads\/2021\/05\/boutique-cosmetique.png\",\"width\":800,\"height\":200,\"caption\":\"Safinel\"},\"image\":{\"@id\":\"https:\/\/www.safinel.fr\/#\/schema\/logo\/image\/\"}}]}<\/script>\n<!-- \/ Yoast SEO plugin. -->","yoast_head_json":{"title":"Ovarialinsuffizienz-Paket 3 Monate - Safinel","robots":{"index":"index","follow":"follow","max-snippet":"max-snippet:-1","max-image-preview":"max-image-preview:large","max-video-preview":"max-video-preview:-1"},"canonical":"https:\/\/www.safinel.fr\/de\/product-2\/ovarialinsuffizienz-paket-3-monate\/","og_locale":"de_DE","og_type":"article","og_title":"Pack insuffisance ovarienne 3 mois - Safinel","og_url":"https:\/\/www.safinel.fr\/de\/product-2\/ovarialinsuffizienz-paket-3-monate\/","og_site_name":"Safinel","article_modified_time":"2023-12-28T17:15:51+00:00","og_image":[{"width":600,"height":600,"url":"https:\/\/www.safinel.fr\/wp-content\/uploads\/2023\/03\/pack-insuffisance-ovarienne-3-mois.jpg","type":"image\/jpeg"}],"twitter_card":"summary_large_image","schema":{"@context":"https:\/\/schema.org","@graph":[{"@type":"WebPage","@id":"https:\/\/www.safinel.fr\/produit\/pack-insuffisance-ovarienne-3-mois\/","url":"https:\/\/www.safinel.fr\/produit\/pack-insuffisance-ovarienne-3-mois\/","name":"Ovarialinsuffizienz-Paket 3 Monate - Safinel","isPartOf":{"@id":"https:\/\/www.safinel.fr\/#website"},"primaryImageOfPage":{"@id":"https:\/\/www.safinel.fr\/produit\/pack-insuffisance-ovarienne-3-mois\/#primaryimage"},"image":{"@id":"https:\/\/www.safinel.fr\/produit\/pack-insuffisance-ovarienne-3-mois\/#primaryimage"},"thumbnailUrl":"https:\/\/www.safinel.fr\/wp-content\/uploads\/2023\/03\/pack-insuffisance-ovarienne-3-mois.jpg","datePublished":"2023-03-06T17:31:09+00:00","dateModified":"2023-12-28T17:15:51+00:00","breadcrumb":{"@id":"https:\/\/www.safinel.fr\/produit\/pack-insuffisance-ovarienne-3-mois\/#breadcrumb"},"inLanguage":"de","potentialAction":[{"@type":"ReadAction","target":["https:\/\/www.safinel.fr\/produit\/pack-insuffisance-ovarienne-3-mois\/"]}]},{"@type":"ImageObject","inLanguage":"de","@id":"https:\/\/www.safinel.fr\/produit\/pack-insuffisance-ovarienne-3-mois\/#primaryimage","url":"https:\/\/www.safinel.fr\/wp-content\/uploads\/2023\/03\/pack-insuffisance-ovarienne-3-mois.jpg","contentUrl":"https:\/\/www.safinel.fr\/wp-content\/uploads\/2023\/03\/pack-insuffisance-ovarienne-3-mois.jpg","width":600,"height":600,"caption":"Pack insuffisance ovarienne 3 mois"},{"@type":"BreadcrumbList","@id":"https:\/\/www.safinel.fr\/produit\/pack-insuffisance-ovarienne-3-mois\/#breadcrumb","itemListElement":[{"@type":"ListItem","position":1,"name":"Accueil","item":"https:\/\/www.safinel.fr\/"},{"@type":"ListItem","position":2,"name":"Boutique","item":"https:\/\/www.safinel.fr\/boutique\/"},{"@type":"ListItem","position":3,"name":"Pack insuffisance ovarienne 3 mois"}]},{"@type":"WebSite","@id":"https:\/\/www.safinel.fr\/#website","url":"https:\/\/www.safinel.fr\/","name":"Safinel","description":"","publisher":{"@id":"https:\/\/www.safinel.fr\/#organization"},"potentialAction":[{"@type":"SearchAction","target":{"@type":"EntryPoint","urlTemplate":"https:\/\/www.safinel.fr\/?s={search_term_string}"},"query-input":{"@type":"PropertyValueSpecification","valueRequired":true,"valueName":"search_term_string"}}],"inLanguage":"de"},{"@type":"Organization","@id":"https:\/\/www.safinel.fr\/#organization","name":"Safinel","url":"https:\/\/www.safinel.fr\/","logo":{"@type":"ImageObject","inLanguage":"de","@id":"https:\/\/www.safinel.fr\/#\/schema\/logo\/image\/","url":"https:\/\/www.safinel.fr\/wp-content\/uploads\/2021\/05\/boutique-cosmetique.png","contentUrl":"https:\/\/www.safinel.fr\/wp-content\/uploads\/2021\/05\/boutique-cosmetique.png","width":800,"height":200,"caption":"Safinel"},"image":{"@id":"https:\/\/www.safinel.fr\/#\/schema\/logo\/image\/"}}]}},"_links":{"self":[{"href":"https:\/\/www.safinel.fr\/de\/wp-json\/wp\/v2\/product\/4920","targetHints":{"allow":["GET"]}}],"collection":[{"href":"https:\/\/www.safinel.fr\/de\/wp-json\/wp\/v2\/product"}],"about":[{"href":"https:\/\/www.safinel.fr\/de\/wp-json\/wp\/v2\/types\/product"}],"wp:featuredmedia":[{"embeddable":true,"href":"https:\/\/www.safinel.fr\/de\/wp-json\/wp\/v2\/media\/4922"}],"wp:attachment":[{"href":"https:\/\/www.safinel.fr\/de\/wp-json\/wp\/v2\/media?parent=4920"}],"wp:term":[{"taxonomy":"product_brand","embeddable":true,"href":"https:\/\/www.safinel.fr\/de\/wp-json\/wp\/v2\/product_brand?post=4920"},{"taxonomy":"product_cat","embeddable":true,"href":"https:\/\/www.safinel.fr\/de\/wp-json\/wp\/v2\/product_cat?post=4920"},{"taxonomy":"product_tag","embeddable":true,"href":"https:\/\/www.safinel.fr\/de\/wp-json\/wp\/v2\/product_tag?post=4920"}],"curies":[{"name":"wp","href":"https:\/\/api.w.org\/{rel}","templated":true}]}}