{"id":4698,"date":"2023-02-19T09:47:38","date_gmt":"2023-02-19T09:47:38","guid":{"rendered":"https:\/\/www.safinel.fr\/?post_type=product&#038;p=4698"},"modified":"2026-01-13T11:03:14","modified_gmt":"2026-01-13T11:03:14","slug":"magischer-lippenstift","status":"publish","type":"product","link":"https:\/\/www.safinel.fr\/de\/product-2\/magischer-lippenstift\/","title":{"rendered":"Magischer wasserfester Lippenstift - Fushia Pink"},"content":{"rendered":"<p>Sie m\u00f6chten etwas Pep und Farbe in Ihre Sch\u00f6nheitsroutine bringen? Daf\u00fcr gibt es das\u00a0<strong>RAL<\/strong>\u00a0ist eine nicht zu vernachl\u00e4ssigende Option. Es ist sogar noch viel mehr, vor allem, wenn Sie den\u00a0<strong>magischer Lippenstift aus Marokko<\/strong>.<\/p>\n<h2><strong>Trendig und originell mit dem Lippenstift aus Marokko<\/strong><\/h2>\n<p>Die auff\u00e4llige gr\u00fcne Verpackung mag Sie vielleicht nicht inspirieren. Und doch w\u00e4re es falsch, darauf zu verzichten. Denn wie das Sprichwort schon sagt: \u00abDer Schein tr\u00fcgt\u00bb. Und dieser magische Lippenstift ist der beste Beweis daf\u00fcr!<\/p>\n<p>Wenn Sie die Kappe vom\u00a0<strong>magischer Lippenstift aus Marokko<\/strong>, ... eine \u00dcberraschung! Oder auch nicht. Seine Farbe ist n\u00e4mlich ebenfalls gr\u00fcn. Wir haben Ihnen also von Ver\u00e4nderung und Farbe in Ihrem Leben erz\u00e4hlt, aber nicht so viel. Wenn Sie diese Creme auf Ihre Lippen auftragen, verwandelt sie Sie sofort. Und zwar in einem trendigen und glamour\u00f6sen Fuchsia-Pink.<\/p>\n<h2><strong>Wie funktioniert das?<\/strong><\/h2>\n<p>Diese Formel passt sich ganz einfach dem pH-Wert Ihrer Haut an. So kann dieses h\u00fcbsche Rosa je nach Person einen mehr oder weniger ausgepr\u00e4gten Farbton annehmen. Magisch, haben wir gesagt! Manche nennen es sogar den\u00a0<strong>Cham\u00e4leon-Lippenstift.\u00a0<\/strong><\/p>\n<h2><strong>Einige Besonderheiten des marokkanischen Zauberlippenstifts\u00a0<\/strong><\/h2>\n<p>Diese\u00a0<strong>Lippen-Make-up<\/strong>\u00a0bietet Ihnen eine sch\u00f6ne Farbe, aber nicht nur das. Er wird ein Muss f\u00fcr Ihre\u00a0<strong>Sch\u00f6nheitstasche<\/strong>\u00a0im Alltag und zu jeder Jahreszeit. Tats\u00e4chlich ist seine\u00a0<strong>wasserfeste Formel<\/strong>\u00a0mit Aloe Vera verspricht 48 Stunden lang anhaltenden Halt! Die Gelegenheit, sich sogar im Schwimmbad sch\u00f6n zu machen, ohne dass das Make-up verl\u00e4uft.<\/p>\n<p>Au\u00dferdem bietet er einen leichten, nicht klebenden Schleier, der leicht glossy ist.<\/p>\n<h3><strong>Wie verwendet man dieses magische Make-up?\u00a0<\/strong><\/h3>\n<p>Um den sch\u00f6nen Farbton dieses gr\u00fcnen RAL zu genie\u00dfen, ist nichts einfacher als das. Tragen Sie ihn auf sauberen, trockenen Lippen auf die gesamte Lippenpartie auf. Warten Sie dann einfach ein paar Augenblicke, damit Ihr neuer\u00a0<strong>Make-up<\/strong>\u00a0enth\u00fcllt seine endg\u00fcltige Farbe!<\/p>\n<p>Z\u00f6gern Sie schlie\u00dflich nicht, regelm\u00e4\u00dfig ein kleines Lippenpeeling durchzuf\u00fchren, um Ihre Haut weich zu halten. Dazu wird ein kleiner Teel\u00f6ffel mit\u00a0<strong><a href=\"https:\/\/www.safinel.fr\/de\/product-2\/rosmarinhonig\/\">Rosmarinhonig<\/a>\u00a0<\/strong>mit etwas Zucker vermischt, und Ihr (k\u00f6stliches) Peeling ist fertig!<\/p>","protected":false},"excerpt":{"rendered":"<p>M\u00f6chten Sie Ihre Sch\u00f6nheitsroutine ein wenig aufpeppen und Farbe ins Spiel bringen? Daf\u00fcr ist der RAL eine nicht zu vernachl\u00e4ssigende Option. Es ist sogar noch viel mehr als das, vor allem, wenn Sie den magischen Lippenstift aus Marokko kennenlernen. Trendig und originell mit dem Lippenstift aus Marokko Seine Verpackung mit der auff\u00e4lligen gr\u00fcnen Farbe ist nicht [...].","protected":false},"featured_media":4699,"template":"","meta":[],"product_brand":[],"product_cat":[23],"product_tag":[],"class_list":{"0":"post-4698","1":"product","2":"type-product","3":"status-publish","4":"has-post-thumbnail","6":"product_cat-hygiene-feminine","8":"first","9":"outofstock","10":"shipping-taxable","11":"purchasable","12":"product-type-simple"},"yoast_head":"<!-- This site is optimized with the Yoast SEO plugin v26.6 - https:\/\/yoast.com\/wordpress\/plugins\/seo\/ -->\n<title>Rouge \u00e0 l\u00e8vres magique du Maroc I Waterproof I Rose Fushia<\/title>\n<meta name=\"description\" content=\"Lorsque vous \u00f4tez le capuchon du\u00a0rouge \u00e0 l\u00e8vres magique du Maroc, surprise ! Ou pas. Sa couleur est, en effet, \u00e9galement verte.\" \/>\n<meta name=\"robots\" content=\"index, follow, max-snippet:-1, max-image-preview:large, max-video-preview:-1\" \/>\n<link rel=\"canonical\" href=\"https:\/\/www.safinel.fr\/de\/product-2\/magischer-lippenstift\/\" \/>\n<meta property=\"og:locale\" content=\"de_DE\" \/>\n<meta property=\"og:type\" content=\"article\" \/>\n<meta property=\"og:title\" content=\"Rouge \u00e0 l\u00e8vres magique du Maroc I Waterproof I Rose Fushia\" \/>\n<meta property=\"og:description\" content=\"Lorsque vous \u00f4tez le capuchon du\u00a0rouge \u00e0 l\u00e8vres magique du Maroc, surprise ! Ou pas. Sa couleur est, en effet, \u00e9galement verte.\" \/>\n<meta property=\"og:url\" content=\"https:\/\/www.safinel.fr\/de\/product-2\/magischer-lippenstift\/\" \/>\n<meta property=\"og:site_name\" content=\"Safinel\" \/>\n<meta property=\"article:modified_time\" content=\"2026-01-13T11:03:14+00:00\" \/>\n<meta property=\"og:image\" content=\"https:\/\/www.safinel.fr\/wp-content\/uploads\/2023\/02\/Rouge-a-levres-magique-du-maroc.jpg\" \/>\n\t<meta property=\"og:image:width\" content=\"600\" \/>\n\t<meta property=\"og:image:height\" content=\"600\" \/>\n\t<meta property=\"og:image:type\" content=\"image\/jpeg\" \/>\n<meta name=\"twitter:card\" content=\"summary_large_image\" \/>\n<meta name=\"twitter:label1\" content=\"Gesch\u00e4tzte Lesezeit\" \/>\n\t<meta name=\"twitter:data1\" content=\"2\u00a0Minuten\" \/>\n<script type=\"application\/ld+json\" class=\"yoast-schema-graph\">{\"@context\":\"https:\/\/schema.org\",\"@graph\":[{\"@type\":\"WebPage\",\"@id\":\"https:\/\/www.safinel.fr\/produit\/rouge-a-levres-magique\/\",\"url\":\"https:\/\/www.safinel.fr\/produit\/rouge-a-levres-magique\/\",\"name\":\"Rouge \u00e0 l\u00e8vres magique du Maroc I Waterproof I Rose Fushia\",\"isPartOf\":{\"@id\":\"https:\/\/www.safinel.fr\/#website\"},\"primaryImageOfPage\":{\"@id\":\"https:\/\/www.safinel.fr\/produit\/rouge-a-levres-magique\/#primaryimage\"},\"image\":{\"@id\":\"https:\/\/www.safinel.fr\/produit\/rouge-a-levres-magique\/#primaryimage\"},\"thumbnailUrl\":\"https:\/\/www.safinel.fr\/wp-content\/uploads\/2023\/02\/Rouge-a-levres-magique-du-maroc.jpg\",\"datePublished\":\"2023-02-19T09:47:38+00:00\",\"dateModified\":\"2026-01-13T11:03:14+00:00\",\"description\":\"Lorsque vous \u00f4tez le capuchon du\u00a0rouge \u00e0 l\u00e8vres magique du Maroc, surprise ! Ou pas. Sa couleur est, en effet, \u00e9galement verte.\",\"breadcrumb\":{\"@id\":\"https:\/\/www.safinel.fr\/produit\/rouge-a-levres-magique\/#breadcrumb\"},\"inLanguage\":\"de\",\"potentialAction\":[{\"@type\":\"ReadAction\",\"target\":[\"https:\/\/www.safinel.fr\/produit\/rouge-a-levres-magique\/\"]}]},{\"@type\":\"ImageObject\",\"inLanguage\":\"de\",\"@id\":\"https:\/\/www.safinel.fr\/produit\/rouge-a-levres-magique\/#primaryimage\",\"url\":\"https:\/\/www.safinel.fr\/wp-content\/uploads\/2023\/02\/Rouge-a-levres-magique-du-maroc.jpg\",\"contentUrl\":\"https:\/\/www.safinel.fr\/wp-content\/uploads\/2023\/02\/Rouge-a-levres-magique-du-maroc.jpg\",\"width\":600,\"height\":600,\"caption\":\"Rouge \u00e0 l\u00e8vres magique waterproof - Rose Fushia\"},{\"@type\":\"BreadcrumbList\",\"@id\":\"https:\/\/www.safinel.fr\/produit\/rouge-a-levres-magique\/#breadcrumb\",\"itemListElement\":[{\"@type\":\"ListItem\",\"position\":1,\"name\":\"Accueil\",\"item\":\"https:\/\/www.safinel.fr\/\"},{\"@type\":\"ListItem\",\"position\":2,\"name\":\"Boutique\",\"item\":\"https:\/\/www.safinel.fr\/boutique\/\"},{\"@type\":\"ListItem\",\"position\":3,\"name\":\"Rouge \u00e0 l\u00e8vres magique waterproof &#8211; Rose Fushia\"}]},{\"@type\":\"WebSite\",\"@id\":\"https:\/\/www.safinel.fr\/#website\",\"url\":\"https:\/\/www.safinel.fr\/\",\"name\":\"Safinel\",\"description\":\"\",\"publisher\":{\"@id\":\"https:\/\/www.safinel.fr\/#organization\"},\"potentialAction\":[{\"@type\":\"SearchAction\",\"target\":{\"@type\":\"EntryPoint\",\"urlTemplate\":\"https:\/\/www.safinel.fr\/?s={search_term_string}\"},\"query-input\":{\"@type\":\"PropertyValueSpecification\",\"valueRequired\":true,\"valueName\":\"search_term_string\"}}],\"inLanguage\":\"de\"},{\"@type\":\"Organization\",\"@id\":\"https:\/\/www.safinel.fr\/#organization\",\"name\":\"Safinel\",\"url\":\"https:\/\/www.safinel.fr\/\",\"logo\":{\"@type\":\"ImageObject\",\"inLanguage\":\"de\",\"@id\":\"https:\/\/www.safinel.fr\/#\/schema\/logo\/image\/\",\"url\":\"https:\/\/www.safinel.fr\/wp-content\/uploads\/2021\/05\/boutique-cosmetique.png\",\"contentUrl\":\"https:\/\/www.safinel.fr\/wp-content\/uploads\/2021\/05\/boutique-cosmetique.png\",\"width\":800,\"height\":200,\"caption\":\"Safinel\"},\"image\":{\"@id\":\"https:\/\/www.safinel.fr\/#\/schema\/logo\/image\/\"}}]}<\/script>\n<!-- \/ Yoast SEO plugin. -->","yoast_head_json":{"title":"Magischer Lippenstift aus Marokko I Waterproof I Fushia Pink","description":"Wenn Sie die Kappe des magischen Lippenstifts aus Marokko entfernen, ist das eine \u00dcberraschung! Oder auch nicht. Seine Farbe ist n\u00e4mlich ebenfalls gr\u00fcn.","robots":{"index":"index","follow":"follow","max-snippet":"max-snippet:-1","max-image-preview":"max-image-preview:large","max-video-preview":"max-video-preview:-1"},"canonical":"https:\/\/www.safinel.fr\/de\/product-2\/magischer-lippenstift\/","og_locale":"de_DE","og_type":"article","og_title":"Rouge \u00e0 l\u00e8vres magique du Maroc I Waterproof I Rose Fushia","og_description":"Lorsque vous \u00f4tez le capuchon du\u00a0rouge \u00e0 l\u00e8vres magique du Maroc, surprise ! Ou pas. Sa couleur est, en effet, \u00e9galement verte.","og_url":"https:\/\/www.safinel.fr\/de\/product-2\/magischer-lippenstift\/","og_site_name":"Safinel","article_modified_time":"2026-01-13T11:03:14+00:00","og_image":[{"width":600,"height":600,"url":"https:\/\/www.safinel.fr\/wp-content\/uploads\/2023\/02\/Rouge-a-levres-magique-du-maroc.jpg","type":"image\/jpeg"}],"twitter_card":"summary_large_image","twitter_misc":{"Gesch\u00e4tzte Lesezeit":"2\u00a0Minuten"},"schema":{"@context":"https:\/\/schema.org","@graph":[{"@type":"WebPage","@id":"https:\/\/www.safinel.fr\/produit\/rouge-a-levres-magique\/","url":"https:\/\/www.safinel.fr\/produit\/rouge-a-levres-magique\/","name":"Magischer Lippenstift aus Marokko I Waterproof I Fushia Pink","isPartOf":{"@id":"https:\/\/www.safinel.fr\/#website"},"primaryImageOfPage":{"@id":"https:\/\/www.safinel.fr\/produit\/rouge-a-levres-magique\/#primaryimage"},"image":{"@id":"https:\/\/www.safinel.fr\/produit\/rouge-a-levres-magique\/#primaryimage"},"thumbnailUrl":"https:\/\/www.safinel.fr\/wp-content\/uploads\/2023\/02\/Rouge-a-levres-magique-du-maroc.jpg","datePublished":"2023-02-19T09:47:38+00:00","dateModified":"2026-01-13T11:03:14+00:00","description":"Wenn Sie die Kappe des magischen Lippenstifts aus Marokko entfernen, ist das eine \u00dcberraschung! Oder auch nicht. Seine Farbe ist n\u00e4mlich ebenfalls gr\u00fcn.","breadcrumb":{"@id":"https:\/\/www.safinel.fr\/produit\/rouge-a-levres-magique\/#breadcrumb"},"inLanguage":"de","potentialAction":[{"@type":"ReadAction","target":["https:\/\/www.safinel.fr\/produit\/rouge-a-levres-magique\/"]}]},{"@type":"ImageObject","inLanguage":"de","@id":"https:\/\/www.safinel.fr\/produit\/rouge-a-levres-magique\/#primaryimage","url":"https:\/\/www.safinel.fr\/wp-content\/uploads\/2023\/02\/Rouge-a-levres-magique-du-maroc.jpg","contentUrl":"https:\/\/www.safinel.fr\/wp-content\/uploads\/2023\/02\/Rouge-a-levres-magique-du-maroc.jpg","width":600,"height":600,"caption":"Rouge \u00e0 l\u00e8vres magique waterproof - Rose Fushia"},{"@type":"BreadcrumbList","@id":"https:\/\/www.safinel.fr\/produit\/rouge-a-levres-magique\/#breadcrumb","itemListElement":[{"@type":"ListItem","position":1,"name":"Accueil","item":"https:\/\/www.safinel.fr\/"},{"@type":"ListItem","position":2,"name":"Boutique","item":"https:\/\/www.safinel.fr\/boutique\/"},{"@type":"ListItem","position":3,"name":"Rouge \u00e0 l\u00e8vres magique waterproof &#8211; Rose Fushia"}]},{"@type":"WebSite","@id":"https:\/\/www.safinel.fr\/#website","url":"https:\/\/www.safinel.fr\/","name":"Safinel","description":"","publisher":{"@id":"https:\/\/www.safinel.fr\/#organization"},"potentialAction":[{"@type":"SearchAction","target":{"@type":"EntryPoint","urlTemplate":"https:\/\/www.safinel.fr\/?s={search_term_string}"},"query-input":{"@type":"PropertyValueSpecification","valueRequired":true,"valueName":"search_term_string"}}],"inLanguage":"de"},{"@type":"Organization","@id":"https:\/\/www.safinel.fr\/#organization","name":"Safinel","url":"https:\/\/www.safinel.fr\/","logo":{"@type":"ImageObject","inLanguage":"de","@id":"https:\/\/www.safinel.fr\/#\/schema\/logo\/image\/","url":"https:\/\/www.safinel.fr\/wp-content\/uploads\/2021\/05\/boutique-cosmetique.png","contentUrl":"https:\/\/www.safinel.fr\/wp-content\/uploads\/2021\/05\/boutique-cosmetique.png","width":800,"height":200,"caption":"Safinel"},"image":{"@id":"https:\/\/www.safinel.fr\/#\/schema\/logo\/image\/"}}]}},"_links":{"self":[{"href":"https:\/\/www.safinel.fr\/de\/wp-json\/wp\/v2\/product\/4698","targetHints":{"allow":["GET"]}}],"collection":[{"href":"https:\/\/www.safinel.fr\/de\/wp-json\/wp\/v2\/product"}],"about":[{"href":"https:\/\/www.safinel.fr\/de\/wp-json\/wp\/v2\/types\/product"}],"wp:featuredmedia":[{"embeddable":true,"href":"https:\/\/www.safinel.fr\/de\/wp-json\/wp\/v2\/media\/4699"}],"wp:attachment":[{"href":"https:\/\/www.safinel.fr\/de\/wp-json\/wp\/v2\/media?parent=4698"}],"wp:term":[{"taxonomy":"product_brand","embeddable":true,"href":"https:\/\/www.safinel.fr\/de\/wp-json\/wp\/v2\/product_brand?post=4698"},{"taxonomy":"product_cat","embeddable":true,"href":"https:\/\/www.safinel.fr\/de\/wp-json\/wp\/v2\/product_cat?post=4698"},{"taxonomy":"product_tag","embeddable":true,"href":"https:\/\/www.safinel.fr\/de\/wp-json\/wp\/v2\/product_tag?post=4698"}],"curies":[{"name":"wp","href":"https:\/\/api.w.org\/{rel}","templated":true}]}}