{"id":4688,"date":"2023-01-18T11:46:28","date_gmt":"2023-01-18T11:46:28","guid":{"rendered":"https:\/\/www.safinel.fr\/?post_type=product&#038;p=4688"},"modified":"2023-12-28T17:15:48","modified_gmt":"2023-12-28T17:15:48","slug":"astaxanthin","status":"publish","type":"product","link":"https:\/\/www.safinel.fr\/de\/product-2\/astaxanthin\/","title":{"rendered":"Astaxanthin-Pulver 100g"},"content":{"rendered":"<p>L\u2019<strong>Astaxanthin<\/strong>\u00a0ist ein nat\u00fcrliches, rot-orangefarbenes Pigment, das zur Familie der Carotinoide geh\u00f6rt und eine wichtige Rolle beim Schutz der Zellen vor Sch\u00e4den durch freie Radikale spielt. Es ist auch f\u00fcr seine entz\u00fcndungshemmenden und antioxidativen Eigenschaften bekannt und wird bei der Behandlung einiger Autoimmunerkrankungen eingesetzt. Es wird \u00fcblicherweise als Nahrungserg\u00e4nzungsmittel in Form von Kapseln oder Tabletten verwendet.<\/p>\n<h2><strong>Alles \u00fcber Astaxanthin<\/strong><\/h2>\n<p>L\u2019<strong>Astaxanthin<\/strong>\u00a0ist ein Molek\u00fcl, das von einigen lebenden Organismen auf nat\u00fcrliche Weise produziert wird, um ihnen Schutz vor oxidativem Stress zu bieten. Es wird haupts\u00e4chlich in Algen gefunden, ist aber auch in Lachs, Garnelen, Krabben und Hummern enthalten. Es ist ein Carotinoid, was bedeutet, dass es ein dem Vitamin A \u00e4hnliches Molek\u00fcl ist.<\/p>\n<h2><strong>Astaxanthin: Ein starkes Antioxidans f\u00fcr Ihre Gesundheit<\/strong><\/h2>\n<p>L\u2019<strong>Astaxanthin<\/strong>\u00a0ist ein starkes nat\u00fcrliches Antioxidans, das viele gesundheitliche Vorteile bietet. Das Molek\u00fcl ist in bestimmten Lebensmitteln wie Lachs, Garnelen und Schalentieren enthalten und auch als Nahrungserg\u00e4nzungsmittel erh\u00e4ltlich. Studien haben gezeigt, dass dieses Molek\u00fcl die Gesundheit von Augen, Herz und Gehirn verbessern und zum Schutz der Zellen vor oxidativem Stress beitragen kann. Lassen Sie uns herausfinden, wie dieses starke Antioxidans Ihnen helfen kann, eine gute Gesundheit zu erhalten.<\/p>\n<h3><strong>Die gesundheitlichen Vorteile von Astaxanthin\u00a0<\/strong><\/h3>\n<p>L\u2019<strong>Astaxanthin<\/strong>\u00a0kann eine Vielzahl von gesundheitlichen Vorteilen bieten, darunter die Verbesserung der Augengesundheit. Studien haben gezeigt, dass sie das Risiko einer altersbedingten Makuladegeneration senken kann, einer Krankheit, die zu Sehverlust f\u00fchren kann. Einige Studien zeigen auch, dass sie zum Schutz des Herzens beitr\u00e4gt und den schlechten Cholesterinspiegel und Entz\u00fcndungen senkt.<\/p>\n<h2><strong>Wie erreiche ich einen optimalen Astaxanthin-Spiegel?\u00a0<\/strong><\/h2>\n<p>Es gibt viele M\u00f6glichkeiten, um einen optimalen Spiegel an\u2019<strong>Astaxanthin.<\/strong>\u00a0Der beste Weg ist, Lebensmittel zu essen, die viel davon enthalten. Wie z. B. Lachs, Garnelen, Krabben und Hummer. Wenn Ihr <a href=\"https:\/\/www.safinel.fr\/de\/product-category-2\/tropische-frucht\/\"><strong>Ern\u00e4hrung<\/strong><\/a> ist, ist es empfehlenswert, sie zu erg\u00e4nzen. Sie k\u00f6nnen folgende Nahrungserg\u00e4nzungsmittel einnehmen\u2019<strong>Astaxanthin<\/strong>\u00a0ausgew\u00e4hlt von\u00a0<strong>SAFINEL<\/strong>.<\/p>\n<h3><strong>Kontraindikationen f\u00fcr Astaxanthin\u00a0<\/strong><\/h3>\n<p>Zun\u00e4chst einmal ist die\u2019<strong>Astaxanthin<\/strong>\u00a0ist daf\u00fcr bekannt, ein starkes Antioxidans zu sein und kann daher andere antioxidative Medikamente beeintr\u00e4chtigen. Daher ist es wichtig, dass Sie mit Ihrem Arzt sprechen, bevor Sie Erg\u00e4nzungsmittel mit diesem Molek\u00fcl einnehmen.<\/p>\n<p>Studien haben gezeigt, dass die Einnahme von Nahrungserg\u00e4nzungsmitteln bei manchen Personen zu einem deutlichen Anstieg der Leberenzyme f\u00fchren kann. Daher wird Personen, die an Lebererkrankungen leiden oder Medikamente einnehmen, die die Leber beeintr\u00e4chtigen, von der Einnahme abgeraten.<\/p>\n<p>L\u2019<strong>Astaxanthin<\/strong>\u00a0kann auch die Wirkung einiger Medikamente beeintr\u00e4chtigen, insbesondere solcher, die zur Behandlung von Depressionen und Angstzust\u00e4nden eingesetzt werden. Daher sollten diejenigen, die diese Behandlungen einnehmen, auch eine Kombination der beiden vermeiden.<\/p>\n<p>Au\u00dferdem kann es bei manchen Menschen das Risiko von Blutungen und H\u00e4morrhagien erh\u00f6hen. Studien haben gezeigt, dass Personen, die Blutverd\u00fcnner einnehmen oder bei denen ein erh\u00f6htes Blutungsrisiko besteht, diese Nahrungserg\u00e4nzungsmittel nicht einnehmen sollten.<\/p>\n<p>Schlie\u00dflich haben andere Studien gezeigt, dass es den Blutdruck senken kann. Daher sollten Personen, die eine medikament\u00f6se Behandlung zur Senkung des Blutdrucks einnehmen, dieses nat\u00fcrliche Heilmittel nicht verwenden.<\/p>\n<h3><strong>Krankheiten, bei deren Behandlung Astaxanthin helfen kann :\u00a0<\/strong><\/h3>\n<ul>\n<li>Herz-Kreislauf-Erkrankungen: Die\u2019<strong>Astaxanthin\u00a0<\/strong>kann helfen, den oxidativen Stress in den Zellen zu verringern und den Cholesterinspiegel zu kontrollieren, was das Risiko von Herzerkrankungen und Schlaganf\u00e4llen senken kann.<\/li>\n<\/ul>\n<ul>\n<li><strong>Diabetes :<\/strong>\u00a0wirksam bei der Regulierung des Blutzuckerspiegels und der Aufrechterhaltung eines gesunden Blutzuckerspiegels und kann auch helfen, das Risiko von diabetesbedingten Komplikationen wie Nierensch\u00e4den, Neuropathie und Retinopathie zu verringern.<\/li>\n<\/ul>\n<ul>\n<li><strong>AMD :\u00a0<\/strong>tr\u00e4gt zur Vorbeugung und Behandlung von AMD (altersbedingter Makuladegeneration) und zur Erhaltung der allgemeinen Augengesundheit bei.<\/li>\n<\/ul>\n<ul>\n<li>Arthritis: Sie kann dazu beitragen, die Symptome von Arthritis zu verringern und Gelenk- und Muskelschmerzen zu lindern.<\/li>\n<\/ul>\n<ul>\n<li><strong>Psoriasis und Ekzeme :\u00a0<\/strong>hilft, Entz\u00fcndungen und Juckreiz zu reduzieren, die mit diesen Hauterkrankungen einhergehen.<\/li>\n<\/ul>\n<ul>\n<li><strong>St\u00e4rkung des Immunsystems :<\/strong>\u00a0tr\u00e4gt zur St\u00e4rkung des Immunsystems und zur Bek\u00e4mpfung von bakteriellen und viralen Infektionen bei.<\/li>\n<\/ul>\n<ul>\n<li><strong>Krebs :\u00a0<\/strong>kann Krebs vorbeugen und kann auch helfen, die Nebenwirkungen von Krebsbehandlungen zu verringern.<\/li>\n<\/ul>\n<ul>\n<li><strong>Dem Altern vorbeugen :\u00a0<\/strong>dieses starke Antioxidans sch\u00fctzt die Zellen vor oxidativem Stress und vorzeitiger Alterung. Es kann auch Sch\u00e4den durch UV-Strahlen reduzieren, was Ihnen helfen kann, Ihre Haut jung und gesund zu erhalten.<\/li>\n<\/ul>\n<ul>\n<li><strong>Die kognitive Gesundheit verbessern :\u00a0<\/strong>tr\u00e4gt zur Verbesserung der kognitiven Gesundheit bei und verringert das Risiko von neurologischen Erkrankungen. Studien haben gezeigt, dass sie das Ged\u00e4chtnis und die Konzentration verbessern kann. Sie kann das Gehirn auch vor oxidativem Stress und altersbedingter Degeneration sch\u00fctzen.<\/li>\n<\/ul>\n<h3><strong>Ist sie wirksam bei der Fruchtbarkeit?<\/strong><\/h3>\n<p>L\u2019<strong>Astaxanthin<\/strong>\u00a0ist ein Antioxidans, das sich positiv auf die Fruchtbarkeit auswirkt. Studien haben gezeigt, dass es helfen kann, die Qualit\u00e4t der Spermien zu verbessern und ihre Anzahl zu erh\u00f6hen. Untersuchungen haben auch gezeigt, dass dieses Molek\u00fcl helfen kann, Entz\u00fcndungen zu reduzieren und die Immunfunktion zu verbessern. De facto kann es zur Fruchtbarkeit beitragen. Versuche haben auch gezeigt, dass es helfen kann, oxidativen Stress zu reduzieren und die Eizellenfunktion zu verbessern.<\/p>\n<h3><strong>Schlussfolgerung\u00a0<\/strong><\/h3>\n<p>L\u2019<strong>Astaxanthin<\/strong>\u00a0ist ein starkes Antioxidans, das eine Vielzahl von gesundheitlichen Vorteilen bieten kann. Sie kann <a href=\"https:\/\/www.mon-khol.com\" target=\"_blank\" rel=\"noopener\"><strong>die Gesundheit der Augen verbessern<\/strong><\/a> und Herz und kann auch vorzeitiger Alterung vorbeugen und die kognitive Gesundheit verbessern. Um einen optimalen Spiegel zu erreichen, k\u00f6nnen Sie wirkstoffreiche Lebensmittel essen oder auch Nahrungserg\u00e4nzungsmittel einnehmen.<\/p>\n<p>Zusammenfassend l\u00e4sst sich sagen, dass diese Substanz zwar f\u00fcr ihre gesundheitlichen Vorteile bekannt ist, es aber auch Kontraindikationen gibt. Diese Nahrungserg\u00e4nzungsmittel sind daher nicht empfehlenswert f\u00fcr diejenigen, die :<\/p>\n<ul>\n<li>Antioxidantien<\/li>\n<li>Antikoagulantien<\/li>\n<li>Medikamente zur Behandlung von Depressionen und Angstzust\u00e4nden<\/li>\n<li>medikament\u00f6se Behandlung zur Senkung des Blutdrucks<\/li>\n<\/ul>\n<p>Es wird empfohlen, vor der Einnahme von nat\u00fcrlichen Heilmitteln immer einen Arzt zu konsultieren. Und insbesondere dann, wenn Sie an einem medizinischen Zustand leiden oder verschreibungspflichtige Medikamente einnehmen. Diese k\u00f6nnen Wechselwirkungen mit Medikamenten haben oder einen medizinischen Zustand verschlimmern.<\/p>","protected":false},"excerpt":{"rendered":"<p>Astaxanthin ist ein nat\u00fcrliches, rot-orangefarbenes Pigment, das zur Familie der Carotinoide geh\u00f6rt und eine wichtige Rolle beim Schutz der Zellen vor Sch\u00e4den durch freie Radikale spielt. Es ist auch f\u00fcr seine entz\u00fcndungshemmenden und antioxidativen Eigenschaften bekannt und wird bei der Behandlung bestimmter Autoimmunerkrankungen eingesetzt. Es wird h\u00e4ufig [...] verwendet.","protected":false},"featured_media":4689,"template":"","meta":[],"product_brand":[],"product_cat":[28],"product_tag":[],"class_list":{"0":"post-4688","1":"product","2":"type-product","3":"status-publish","4":"has-post-thumbnail","6":"product_cat-divers","8":"first","9":"outofstock","10":"shipping-taxable","11":"purchasable","12":"product-type-simple"},"yoast_head":"<!-- This site is optimized with the Yoast SEO plugin v26.6 - https:\/\/yoast.com\/wordpress\/plugins\/seo\/ -->\n<title>Astaxanthine I Poudre naturelle I Bienfaits nombreux<\/title>\n<meta name=\"description\" content=\"L\u2019astaxanthine\u00a0est un puissant antioxydant qui peut offrir une vari\u00e9t\u00e9 de bienfaits pour la sant\u00e9. Elle peut am\u00e9liorer la sant\u00e9 des yeux et du c\u0153ur.\" \/>\n<meta name=\"robots\" content=\"index, follow, max-snippet:-1, max-image-preview:large, max-video-preview:-1\" \/>\n<link rel=\"canonical\" href=\"https:\/\/www.safinel.fr\/de\/product-2\/astaxanthin\/\" \/>\n<meta property=\"og:locale\" content=\"de_DE\" \/>\n<meta property=\"og:type\" content=\"article\" \/>\n<meta property=\"og:title\" content=\"Astaxanthine I Poudre naturelle I Bienfaits nombreux\" \/>\n<meta property=\"og:description\" content=\"L\u2019astaxanthine\u00a0est un puissant antioxydant qui peut offrir une vari\u00e9t\u00e9 de bienfaits pour la sant\u00e9. Elle peut am\u00e9liorer la sant\u00e9 des yeux et du c\u0153ur.\" \/>\n<meta property=\"og:url\" content=\"https:\/\/www.safinel.fr\/de\/product-2\/astaxanthin\/\" \/>\n<meta property=\"og:site_name\" content=\"Safinel\" \/>\n<meta property=\"article:modified_time\" content=\"2023-12-28T17:15:48+00:00\" \/>\n<meta property=\"og:image\" content=\"https:\/\/www.safinel.fr\/wp-content\/uploads\/2023\/02\/Poudre-dastaxanthine-100g.jpg\" \/>\n\t<meta property=\"og:image:width\" content=\"600\" \/>\n\t<meta property=\"og:image:height\" content=\"600\" \/>\n\t<meta property=\"og:image:type\" content=\"image\/jpeg\" \/>\n<meta name=\"twitter:card\" content=\"summary_large_image\" \/>\n<meta name=\"twitter:label1\" content=\"Gesch\u00e4tzte Lesezeit\" \/>\n\t<meta name=\"twitter:data1\" content=\"6\u00a0Minuten\" \/>\n<script type=\"application\/ld+json\" class=\"yoast-schema-graph\">{\"@context\":\"https:\/\/schema.org\",\"@graph\":[{\"@type\":\"WebPage\",\"@id\":\"https:\/\/www.safinel.fr\/produit\/astaxanthine\/\",\"url\":\"https:\/\/www.safinel.fr\/produit\/astaxanthine\/\",\"name\":\"Astaxanthine I Poudre naturelle I Bienfaits nombreux\",\"isPartOf\":{\"@id\":\"https:\/\/www.safinel.fr\/#website\"},\"primaryImageOfPage\":{\"@id\":\"https:\/\/www.safinel.fr\/produit\/astaxanthine\/#primaryimage\"},\"image\":{\"@id\":\"https:\/\/www.safinel.fr\/produit\/astaxanthine\/#primaryimage\"},\"thumbnailUrl\":\"https:\/\/www.safinel.fr\/wp-content\/uploads\/2023\/02\/Poudre-dastaxanthine-100g.jpg\",\"datePublished\":\"2023-01-18T11:46:28+00:00\",\"dateModified\":\"2023-12-28T17:15:48+00:00\",\"description\":\"L\u2019astaxanthine\u00a0est un puissant antioxydant qui peut offrir une vari\u00e9t\u00e9 de bienfaits pour la sant\u00e9. Elle peut am\u00e9liorer la sant\u00e9 des yeux et du c\u0153ur.\",\"breadcrumb\":{\"@id\":\"https:\/\/www.safinel.fr\/produit\/astaxanthine\/#breadcrumb\"},\"inLanguage\":\"de\",\"potentialAction\":[{\"@type\":\"ReadAction\",\"target\":[\"https:\/\/www.safinel.fr\/produit\/astaxanthine\/\"]}]},{\"@type\":\"ImageObject\",\"inLanguage\":\"de\",\"@id\":\"https:\/\/www.safinel.fr\/produit\/astaxanthine\/#primaryimage\",\"url\":\"https:\/\/www.safinel.fr\/wp-content\/uploads\/2023\/02\/Poudre-dastaxanthine-100g.jpg\",\"contentUrl\":\"https:\/\/www.safinel.fr\/wp-content\/uploads\/2023\/02\/Poudre-dastaxanthine-100g.jpg\",\"width\":600,\"height\":600,\"caption\":\"Poudre d'astaxanthine 100g\"},{\"@type\":\"BreadcrumbList\",\"@id\":\"https:\/\/www.safinel.fr\/produit\/astaxanthine\/#breadcrumb\",\"itemListElement\":[{\"@type\":\"ListItem\",\"position\":1,\"name\":\"Accueil\",\"item\":\"https:\/\/www.safinel.fr\/\"},{\"@type\":\"ListItem\",\"position\":2,\"name\":\"Boutique\",\"item\":\"https:\/\/www.safinel.fr\/boutique\/\"},{\"@type\":\"ListItem\",\"position\":3,\"name\":\"Poudre d&rsquo;astaxanthine 100g\"}]},{\"@type\":\"WebSite\",\"@id\":\"https:\/\/www.safinel.fr\/#website\",\"url\":\"https:\/\/www.safinel.fr\/\",\"name\":\"Safinel\",\"description\":\"\",\"publisher\":{\"@id\":\"https:\/\/www.safinel.fr\/#organization\"},\"potentialAction\":[{\"@type\":\"SearchAction\",\"target\":{\"@type\":\"EntryPoint\",\"urlTemplate\":\"https:\/\/www.safinel.fr\/?s={search_term_string}\"},\"query-input\":{\"@type\":\"PropertyValueSpecification\",\"valueRequired\":true,\"valueName\":\"search_term_string\"}}],\"inLanguage\":\"de\"},{\"@type\":\"Organization\",\"@id\":\"https:\/\/www.safinel.fr\/#organization\",\"name\":\"Safinel\",\"url\":\"https:\/\/www.safinel.fr\/\",\"logo\":{\"@type\":\"ImageObject\",\"inLanguage\":\"de\",\"@id\":\"https:\/\/www.safinel.fr\/#\/schema\/logo\/image\/\",\"url\":\"https:\/\/www.safinel.fr\/wp-content\/uploads\/2021\/05\/boutique-cosmetique.png\",\"contentUrl\":\"https:\/\/www.safinel.fr\/wp-content\/uploads\/2021\/05\/boutique-cosmetique.png\",\"width\":800,\"height\":200,\"caption\":\"Safinel\"},\"image\":{\"@id\":\"https:\/\/www.safinel.fr\/#\/schema\/logo\/image\/\"}}]}<\/script>\n<!-- \/ Yoast SEO plugin. -->","yoast_head_json":{"title":"Astaxanthin I Nat\u00fcrliches Pulver I Zahlreiche Vorteile","description":"Astaxanthin ist ein starkes Antioxidans, das eine Vielzahl von gesundheitlichen Vorteilen bieten kann. Es kann die Gesundheit der Augen und des Herzens verbessern.","robots":{"index":"index","follow":"follow","max-snippet":"max-snippet:-1","max-image-preview":"max-image-preview:large","max-video-preview":"max-video-preview:-1"},"canonical":"https:\/\/www.safinel.fr\/de\/product-2\/astaxanthin\/","og_locale":"de_DE","og_type":"article","og_title":"Astaxanthine I Poudre naturelle I Bienfaits nombreux","og_description":"L\u2019astaxanthine\u00a0est un puissant antioxydant qui peut offrir une vari\u00e9t\u00e9 de bienfaits pour la sant\u00e9. Elle peut am\u00e9liorer la sant\u00e9 des yeux et du c\u0153ur.","og_url":"https:\/\/www.safinel.fr\/de\/product-2\/astaxanthin\/","og_site_name":"Safinel","article_modified_time":"2023-12-28T17:15:48+00:00","og_image":[{"width":600,"height":600,"url":"https:\/\/www.safinel.fr\/wp-content\/uploads\/2023\/02\/Poudre-dastaxanthine-100g.jpg","type":"image\/jpeg"}],"twitter_card":"summary_large_image","twitter_misc":{"Gesch\u00e4tzte Lesezeit":"6\u00a0Minuten"},"schema":{"@context":"https:\/\/schema.org","@graph":[{"@type":"WebPage","@id":"https:\/\/www.safinel.fr\/produit\/astaxanthine\/","url":"https:\/\/www.safinel.fr\/produit\/astaxanthine\/","name":"Astaxanthin I Nat\u00fcrliches Pulver I Zahlreiche Vorteile","isPartOf":{"@id":"https:\/\/www.safinel.fr\/#website"},"primaryImageOfPage":{"@id":"https:\/\/www.safinel.fr\/produit\/astaxanthine\/#primaryimage"},"image":{"@id":"https:\/\/www.safinel.fr\/produit\/astaxanthine\/#primaryimage"},"thumbnailUrl":"https:\/\/www.safinel.fr\/wp-content\/uploads\/2023\/02\/Poudre-dastaxanthine-100g.jpg","datePublished":"2023-01-18T11:46:28+00:00","dateModified":"2023-12-28T17:15:48+00:00","description":"Astaxanthin ist ein starkes Antioxidans, das eine Vielzahl von gesundheitlichen Vorteilen bieten kann. Es kann die Gesundheit der Augen und des Herzens verbessern.","breadcrumb":{"@id":"https:\/\/www.safinel.fr\/produit\/astaxanthine\/#breadcrumb"},"inLanguage":"de","potentialAction":[{"@type":"ReadAction","target":["https:\/\/www.safinel.fr\/produit\/astaxanthine\/"]}]},{"@type":"ImageObject","inLanguage":"de","@id":"https:\/\/www.safinel.fr\/produit\/astaxanthine\/#primaryimage","url":"https:\/\/www.safinel.fr\/wp-content\/uploads\/2023\/02\/Poudre-dastaxanthine-100g.jpg","contentUrl":"https:\/\/www.safinel.fr\/wp-content\/uploads\/2023\/02\/Poudre-dastaxanthine-100g.jpg","width":600,"height":600,"caption":"Poudre d'astaxanthine 100g"},{"@type":"BreadcrumbList","@id":"https:\/\/www.safinel.fr\/produit\/astaxanthine\/#breadcrumb","itemListElement":[{"@type":"ListItem","position":1,"name":"Accueil","item":"https:\/\/www.safinel.fr\/"},{"@type":"ListItem","position":2,"name":"Boutique","item":"https:\/\/www.safinel.fr\/boutique\/"},{"@type":"ListItem","position":3,"name":"Poudre d&rsquo;astaxanthine 100g"}]},{"@type":"WebSite","@id":"https:\/\/www.safinel.fr\/#website","url":"https:\/\/www.safinel.fr\/","name":"Safinel","description":"","publisher":{"@id":"https:\/\/www.safinel.fr\/#organization"},"potentialAction":[{"@type":"SearchAction","target":{"@type":"EntryPoint","urlTemplate":"https:\/\/www.safinel.fr\/?s={search_term_string}"},"query-input":{"@type":"PropertyValueSpecification","valueRequired":true,"valueName":"search_term_string"}}],"inLanguage":"de"},{"@type":"Organization","@id":"https:\/\/www.safinel.fr\/#organization","name":"Safinel","url":"https:\/\/www.safinel.fr\/","logo":{"@type":"ImageObject","inLanguage":"de","@id":"https:\/\/www.safinel.fr\/#\/schema\/logo\/image\/","url":"https:\/\/www.safinel.fr\/wp-content\/uploads\/2021\/05\/boutique-cosmetique.png","contentUrl":"https:\/\/www.safinel.fr\/wp-content\/uploads\/2021\/05\/boutique-cosmetique.png","width":800,"height":200,"caption":"Safinel"},"image":{"@id":"https:\/\/www.safinel.fr\/#\/schema\/logo\/image\/"}}]}},"_links":{"self":[{"href":"https:\/\/www.safinel.fr\/de\/wp-json\/wp\/v2\/product\/4688","targetHints":{"allow":["GET"]}}],"collection":[{"href":"https:\/\/www.safinel.fr\/de\/wp-json\/wp\/v2\/product"}],"about":[{"href":"https:\/\/www.safinel.fr\/de\/wp-json\/wp\/v2\/types\/product"}],"wp:featuredmedia":[{"embeddable":true,"href":"https:\/\/www.safinel.fr\/de\/wp-json\/wp\/v2\/media\/4689"}],"wp:attachment":[{"href":"https:\/\/www.safinel.fr\/de\/wp-json\/wp\/v2\/media?parent=4688"}],"wp:term":[{"taxonomy":"product_brand","embeddable":true,"href":"https:\/\/www.safinel.fr\/de\/wp-json\/wp\/v2\/product_brand?post=4688"},{"taxonomy":"product_cat","embeddable":true,"href":"https:\/\/www.safinel.fr\/de\/wp-json\/wp\/v2\/product_cat?post=4688"},{"taxonomy":"product_tag","embeddable":true,"href":"https:\/\/www.safinel.fr\/de\/wp-json\/wp\/v2\/product_tag?post=4688"}],"curies":[{"name":"wp","href":"https:\/\/api.w.org\/{rel}","templated":true}]}}