{"id":4659,"date":"2023-02-15T15:34:00","date_gmt":"2023-02-15T15:34:00","guid":{"rendered":"https:\/\/www.safinel.fr\/?post_type=product&#038;p=4659"},"modified":"2023-12-28T17:15:48","modified_gmt":"2023-12-28T17:15:48","slug":"moschus-tahara-jasmin","status":"publish","type":"product","link":"https:\/\/www.safinel.fr\/de\/product-2\/moschus-tahara-jasmin\/","title":{"rendered":"Moschus Tahara Jasmin 3ml"},"content":{"rendered":"<p>In der Kategorie Tahara-Moschus nennen wir einen kleinen, facettenreichen Nugget, es handelt sich nat\u00fcrlich um den<strong>\u00a0Moschus Tahara Jasmin und seinem au\u00dfergew\u00f6hnlichen Duft.<\/strong><\/p>\n<p>Wir freuen uns sehr, dass wir Ihnen hier davon berichten k\u00f6nnen, denn ganz sicher werden auch Sie davon begeistert sein. Zoom auf Musc Tahara Jasmin, ein zarter Duft, der uns in ferne L\u00e4nder entf\u00fchrt.<\/p>\n<h2><strong>Musc Tahara Jasmin, ein Aroma, das mehr als ein Geheimnis verbirgt<\/strong><\/h2>\n<p>Der Jasmin erobert uns zweifellos, weil er uns eine Vielzahl von Facetten bietet, die wunderbar verr\u00fcckt sind. So verleiht Ihnen dieser Moschus nicht nur eine unnachahmliche Frische, sondern auch eine Vielzahl kostbarer D\u00fcfte.<\/p>\n<p>Unter anderem, was er uns auf exquisite Weise anbietet,\u00a0<strong>Jasmin wird uns vor allem sonnige und fruchtige Facetten bieten. Aber auch honigs\u00fc\u00df und sinnlich.<\/strong><\/p>\n<p>Dar\u00fcber hinaus bringt Jasmin\u00a0<strong>blumige und frische Reflexe.\u00a0<\/strong>So wird er uns in unserem Fall hier versichern\u00a0<strong>ein unvergleichliches Gef\u00fchl von Sauberkeit.<\/strong>\u00a0Die Verwendung um den Intimbereich herum sorgt n\u00e4mlich daf\u00fcr, dass das weibliche Geschlecht dauerhaft eine gro\u00dfe Frische erh\u00e4lt.<\/p>\n<h2><strong>Tahara Jasmin Moschus begleitet Sie vom Abend bis zum Morgen!<\/strong><\/h2>\n<p>Und wie! Es ist bekannt, dass Moschus lange h\u00e4lt! In der Tat,\u00a0<strong>Tahara-Moschus ist sowohl f\u00fcr seine cremige Textur, die das Auftragen erleichtert, als auch f\u00fcr seine unwiderstehliche Hartn\u00e4ckigkeit bekannt.<\/strong><\/p>\n<p>So nach einem anstrengenden Tag. Und nach einer guten Dusche noch dazu. <strong>Ein paar Tropfen Tahara-Moschus mit Jasmin sorgen f\u00fcr Sinnlichkeit und Frische bis zum n\u00e4chsten Tag!\u00a0<\/strong><\/p>\n<p>Sie sind also frisch und verf\u00fcgbar. Ein Pluspunkt, wenn Sie Lust auf eine entspannte Zeit mit Ihrem kleinen Ehemann haben!<\/p>\n<h3><strong>Und hiermit?<\/strong><\/h3>\n<p>Mit diesem mit Jasmin parf\u00fcmierten Schmuckst\u00fcck finden Sie eine ganze Reihe von k\u00f6stlichen D\u00fcften, damit Sie\u00a0<strong>sich nach Lust und Laune parf\u00fcmieren.<\/strong>\u00a0Kirsche, Kokosnuss, Mango, Bernstein oder auch <a href=\"https:\/\/www.safinel.fr\/de\/product-2\/moschus-tahara-rote-fruchte\/\"><strong>rote Fr\u00fcchte<\/strong><\/a>, Es ist also f\u00fcr jeden Geschmack etwas dabei.<\/p>\n<p>Und angesichts der niedrigen Preise, die sie haben, k\u00f6nnten Sie fast alle nehmen!<\/p>","protected":false},"excerpt":{"rendered":"<p><img decoding=\"async\" class=\"size-full wp-image-5091 aligncenter\" src=\"https:\/\/www.safinel.fr\/wp-content\/uploads\/2021\/06\/BANNIERE-ICONE-SAFINEL.webp\" alt=\"Satines-R\u00fcckversicherung\" width=\"800\" height=\"200\" srcset=\"https:\/\/www.safinel.fr\/wp-content\/uploads\/2021\/06\/BANNIERE-ICONE-SAFINEL.webp 800w, https:\/\/www.safinel.fr\/wp-content\/uploads\/2021\/06\/BANNIERE-ICONE-SAFINEL-600x150.webp 600w, https:\/\/www.safinel.fr\/wp-content\/uploads\/2021\/06\/BANNIERE-ICONE-SAFINEL-768x192.webp 768w\" sizes=\"(max-width: 800px) 100vw, 800px\" \/><\/p>","protected":false},"featured_media":4646,"template":"","meta":[],"product_brand":[],"product_cat":[127],"product_tag":[],"class_list":{"0":"post-4659","1":"product","2":"type-product","3":"status-publish","4":"has-post-thumbnail","6":"product_cat-musc-tahara-intime","8":"first","9":"instock","10":"shipping-taxable","11":"purchasable","12":"product-type-simple"},"yoast_head":"<!-- This site is optimized with the Yoast SEO plugin v26.6 - https:\/\/yoast.com\/wordpress\/plugins\/seo\/ -->\n<title>Musc Tahara Jasmin I Fiole 3ml I Parfum frais<\/title>\n<meta name=\"description\" content=\"Dans la cat\u00e9gorie musc Tahara nous appelons une petite p\u00e9pite aux multiples facettes, il s&#039;agit bien \u00e9videment du\u00a0musc Tahara Jasmin.\" \/>\n<meta name=\"robots\" content=\"index, follow, max-snippet:-1, max-image-preview:large, max-video-preview:-1\" \/>\n<link rel=\"canonical\" href=\"https:\/\/www.safinel.fr\/de\/product-2\/moschus-tahara-jasmin\/\" \/>\n<meta property=\"og:locale\" content=\"de_DE\" \/>\n<meta property=\"og:type\" content=\"article\" \/>\n<meta property=\"og:title\" content=\"Musc Tahara Jasmin I Fiole 3ml I Parfum frais\" \/>\n<meta property=\"og:description\" content=\"Dans la cat\u00e9gorie musc Tahara nous appelons une petite p\u00e9pite aux multiples facettes, il s&#039;agit bien \u00e9videment du\u00a0musc Tahara Jasmin.\" \/>\n<meta property=\"og:url\" content=\"https:\/\/www.safinel.fr\/de\/product-2\/moschus-tahara-jasmin\/\" \/>\n<meta property=\"og:site_name\" content=\"Safinel\" \/>\n<meta property=\"article:modified_time\" content=\"2023-12-28T17:15:48+00:00\" \/>\n<meta property=\"og:image\" content=\"https:\/\/www.safinel.fr\/wp-content\/uploads\/2023\/02\/musc-tahara-jasmin.jpg\" \/>\n\t<meta property=\"og:image:width\" content=\"600\" \/>\n\t<meta property=\"og:image:height\" content=\"600\" \/>\n\t<meta property=\"og:image:type\" content=\"image\/jpeg\" \/>\n<meta name=\"twitter:card\" content=\"summary_large_image\" \/>\n<meta name=\"twitter:label1\" content=\"Gesch\u00e4tzte Lesezeit\" \/>\n\t<meta name=\"twitter:data1\" content=\"2\u00a0Minuten\" \/>\n<script type=\"application\/ld+json\" class=\"yoast-schema-graph\">{\"@context\":\"https:\/\/schema.org\",\"@graph\":[{\"@type\":\"WebPage\",\"@id\":\"https:\/\/www.safinel.fr\/produit\/musc-tahara-jasmin\/\",\"url\":\"https:\/\/www.safinel.fr\/produit\/musc-tahara-jasmin\/\",\"name\":\"Musc Tahara Jasmin I Fiole 3ml I Parfum frais\",\"isPartOf\":{\"@id\":\"https:\/\/www.safinel.fr\/#website\"},\"primaryImageOfPage\":{\"@id\":\"https:\/\/www.safinel.fr\/produit\/musc-tahara-jasmin\/#primaryimage\"},\"image\":{\"@id\":\"https:\/\/www.safinel.fr\/produit\/musc-tahara-jasmin\/#primaryimage\"},\"thumbnailUrl\":\"https:\/\/www.safinel.fr\/wp-content\/uploads\/2023\/02\/musc-tahara-jasmin.jpg\",\"datePublished\":\"2023-02-15T15:34:00+00:00\",\"dateModified\":\"2023-12-28T17:15:48+00:00\",\"description\":\"Dans la cat\u00e9gorie musc Tahara nous appelons une petite p\u00e9pite aux multiples facettes, il s'agit bien \u00e9videment du\u00a0musc Tahara Jasmin.\",\"breadcrumb\":{\"@id\":\"https:\/\/www.safinel.fr\/produit\/musc-tahara-jasmin\/#breadcrumb\"},\"inLanguage\":\"de\",\"potentialAction\":[{\"@type\":\"ReadAction\",\"target\":[\"https:\/\/www.safinel.fr\/produit\/musc-tahara-jasmin\/\"]}]},{\"@type\":\"ImageObject\",\"inLanguage\":\"de\",\"@id\":\"https:\/\/www.safinel.fr\/produit\/musc-tahara-jasmin\/#primaryimage\",\"url\":\"https:\/\/www.safinel.fr\/wp-content\/uploads\/2023\/02\/musc-tahara-jasmin.jpg\",\"contentUrl\":\"https:\/\/www.safinel.fr\/wp-content\/uploads\/2023\/02\/musc-tahara-jasmin.jpg\",\"width\":600,\"height\":600,\"caption\":\"musc tahara jasmin\"},{\"@type\":\"BreadcrumbList\",\"@id\":\"https:\/\/www.safinel.fr\/produit\/musc-tahara-jasmin\/#breadcrumb\",\"itemListElement\":[{\"@type\":\"ListItem\",\"position\":1,\"name\":\"Accueil\",\"item\":\"https:\/\/www.safinel.fr\/\"},{\"@type\":\"ListItem\",\"position\":2,\"name\":\"Boutique\",\"item\":\"https:\/\/www.safinel.fr\/boutique\/\"},{\"@type\":\"ListItem\",\"position\":3,\"name\":\"Musc Tahara jasmin 3ml\"}]},{\"@type\":\"WebSite\",\"@id\":\"https:\/\/www.safinel.fr\/#website\",\"url\":\"https:\/\/www.safinel.fr\/\",\"name\":\"Safinel\",\"description\":\"\",\"publisher\":{\"@id\":\"https:\/\/www.safinel.fr\/#organization\"},\"potentialAction\":[{\"@type\":\"SearchAction\",\"target\":{\"@type\":\"EntryPoint\",\"urlTemplate\":\"https:\/\/www.safinel.fr\/?s={search_term_string}\"},\"query-input\":{\"@type\":\"PropertyValueSpecification\",\"valueRequired\":true,\"valueName\":\"search_term_string\"}}],\"inLanguage\":\"de\"},{\"@type\":\"Organization\",\"@id\":\"https:\/\/www.safinel.fr\/#organization\",\"name\":\"Safinel\",\"url\":\"https:\/\/www.safinel.fr\/\",\"logo\":{\"@type\":\"ImageObject\",\"inLanguage\":\"de\",\"@id\":\"https:\/\/www.safinel.fr\/#\/schema\/logo\/image\/\",\"url\":\"https:\/\/www.safinel.fr\/wp-content\/uploads\/2021\/05\/boutique-cosmetique.png\",\"contentUrl\":\"https:\/\/www.safinel.fr\/wp-content\/uploads\/2021\/05\/boutique-cosmetique.png\",\"width\":800,\"height\":200,\"caption\":\"Safinel\"},\"image\":{\"@id\":\"https:\/\/www.safinel.fr\/#\/schema\/logo\/image\/\"}}]}<\/script>\n<!-- \/ Yoast SEO plugin. -->","yoast_head_json":{"title":"Moschus Tahara Jasmin I Fl\u00e4schchen 3ml I Frischer Duft","description":"In der Kategorie Tahara-Moschus nennen wir einen kleinen Nugget mit vielen Facetten, es handelt sich nat\u00fcrlich um Tahara Jasmin-Moschus.","robots":{"index":"index","follow":"follow","max-snippet":"max-snippet:-1","max-image-preview":"max-image-preview:large","max-video-preview":"max-video-preview:-1"},"canonical":"https:\/\/www.safinel.fr\/de\/product-2\/moschus-tahara-jasmin\/","og_locale":"de_DE","og_type":"article","og_title":"Musc Tahara Jasmin I Fiole 3ml I Parfum frais","og_description":"Dans la cat\u00e9gorie musc Tahara nous appelons une petite p\u00e9pite aux multiples facettes, il s'agit bien \u00e9videment du\u00a0musc Tahara Jasmin.","og_url":"https:\/\/www.safinel.fr\/de\/product-2\/moschus-tahara-jasmin\/","og_site_name":"Safinel","article_modified_time":"2023-12-28T17:15:48+00:00","og_image":[{"width":600,"height":600,"url":"https:\/\/www.safinel.fr\/wp-content\/uploads\/2023\/02\/musc-tahara-jasmin.jpg","type":"image\/jpeg"}],"twitter_card":"summary_large_image","twitter_misc":{"Gesch\u00e4tzte Lesezeit":"2\u00a0Minuten"},"schema":{"@context":"https:\/\/schema.org","@graph":[{"@type":"WebPage","@id":"https:\/\/www.safinel.fr\/produit\/musc-tahara-jasmin\/","url":"https:\/\/www.safinel.fr\/produit\/musc-tahara-jasmin\/","name":"Moschus Tahara Jasmin I Fl\u00e4schchen 3ml I Frischer Duft","isPartOf":{"@id":"https:\/\/www.safinel.fr\/#website"},"primaryImageOfPage":{"@id":"https:\/\/www.safinel.fr\/produit\/musc-tahara-jasmin\/#primaryimage"},"image":{"@id":"https:\/\/www.safinel.fr\/produit\/musc-tahara-jasmin\/#primaryimage"},"thumbnailUrl":"https:\/\/www.safinel.fr\/wp-content\/uploads\/2023\/02\/musc-tahara-jasmin.jpg","datePublished":"2023-02-15T15:34:00+00:00","dateModified":"2023-12-28T17:15:48+00:00","description":"In der Kategorie Tahara-Moschus nennen wir einen kleinen Nugget mit vielen Facetten, es handelt sich nat\u00fcrlich um Tahara Jasmin-Moschus.","breadcrumb":{"@id":"https:\/\/www.safinel.fr\/produit\/musc-tahara-jasmin\/#breadcrumb"},"inLanguage":"de","potentialAction":[{"@type":"ReadAction","target":["https:\/\/www.safinel.fr\/produit\/musc-tahara-jasmin\/"]}]},{"@type":"ImageObject","inLanguage":"de","@id":"https:\/\/www.safinel.fr\/produit\/musc-tahara-jasmin\/#primaryimage","url":"https:\/\/www.safinel.fr\/wp-content\/uploads\/2023\/02\/musc-tahara-jasmin.jpg","contentUrl":"https:\/\/www.safinel.fr\/wp-content\/uploads\/2023\/02\/musc-tahara-jasmin.jpg","width":600,"height":600,"caption":"musc tahara jasmin"},{"@type":"BreadcrumbList","@id":"https:\/\/www.safinel.fr\/produit\/musc-tahara-jasmin\/#breadcrumb","itemListElement":[{"@type":"ListItem","position":1,"name":"Accueil","item":"https:\/\/www.safinel.fr\/"},{"@type":"ListItem","position":2,"name":"Boutique","item":"https:\/\/www.safinel.fr\/boutique\/"},{"@type":"ListItem","position":3,"name":"Musc Tahara jasmin 3ml"}]},{"@type":"WebSite","@id":"https:\/\/www.safinel.fr\/#website","url":"https:\/\/www.safinel.fr\/","name":"Safinel","description":"","publisher":{"@id":"https:\/\/www.safinel.fr\/#organization"},"potentialAction":[{"@type":"SearchAction","target":{"@type":"EntryPoint","urlTemplate":"https:\/\/www.safinel.fr\/?s={search_term_string}"},"query-input":{"@type":"PropertyValueSpecification","valueRequired":true,"valueName":"search_term_string"}}],"inLanguage":"de"},{"@type":"Organization","@id":"https:\/\/www.safinel.fr\/#organization","name":"Safinel","url":"https:\/\/www.safinel.fr\/","logo":{"@type":"ImageObject","inLanguage":"de","@id":"https:\/\/www.safinel.fr\/#\/schema\/logo\/image\/","url":"https:\/\/www.safinel.fr\/wp-content\/uploads\/2021\/05\/boutique-cosmetique.png","contentUrl":"https:\/\/www.safinel.fr\/wp-content\/uploads\/2021\/05\/boutique-cosmetique.png","width":800,"height":200,"caption":"Safinel"},"image":{"@id":"https:\/\/www.safinel.fr\/#\/schema\/logo\/image\/"}}]}},"_links":{"self":[{"href":"https:\/\/www.safinel.fr\/de\/wp-json\/wp\/v2\/product\/4659","targetHints":{"allow":["GET"]}}],"collection":[{"href":"https:\/\/www.safinel.fr\/de\/wp-json\/wp\/v2\/product"}],"about":[{"href":"https:\/\/www.safinel.fr\/de\/wp-json\/wp\/v2\/types\/product"}],"wp:featuredmedia":[{"embeddable":true,"href":"https:\/\/www.safinel.fr\/de\/wp-json\/wp\/v2\/media\/4646"}],"wp:attachment":[{"href":"https:\/\/www.safinel.fr\/de\/wp-json\/wp\/v2\/media?parent=4659"}],"wp:term":[{"taxonomy":"product_brand","embeddable":true,"href":"https:\/\/www.safinel.fr\/de\/wp-json\/wp\/v2\/product_brand?post=4659"},{"taxonomy":"product_cat","embeddable":true,"href":"https:\/\/www.safinel.fr\/de\/wp-json\/wp\/v2\/product_cat?post=4659"},{"taxonomy":"product_tag","embeddable":true,"href":"https:\/\/www.safinel.fr\/de\/wp-json\/wp\/v2\/product_tag?post=4659"}],"curies":[{"name":"wp","href":"https:\/\/api.w.org\/{rel}","templated":true}]}}