{"id":4658,"date":"2023-02-15T15:32:08","date_gmt":"2023-02-15T15:32:08","guid":{"rendered":"https:\/\/www.safinel.fr\/?post_type=product&#038;p=4658"},"modified":"2026-01-29T12:49:36","modified_gmt":"2026-01-29T12:49:36","slug":"moschus-tahara-rote-fruchte","status":"publish","type":"product","link":"https:\/\/www.safinel.fr\/de\/product-2\/moschus-tahara-rote-fruchte\/","title":{"rendered":"Moschus Tahara Rote Fr\u00fcchte 3ml"},"content":{"rendered":"<p><strong>Seien Sie bereit! Ein wahrhaft saurer Cocktail erwartet Sie in dieser kleinen Flasche mit goldenem Verschluss!<\/strong>\u00a0Und wie! Mit gro\u00dfer Freude teilen wir mit Ihnen diese au\u00dfergew\u00f6hnliche Entdeckung des\u00a0<strong>Moschus Tahara rote Fr\u00fcchte und diese erhabenen Facetten<\/strong>\u00a0! Wir berichten Ihnen gleich ausf\u00fchrlicher dar\u00fcber.<\/p>\n<p><strong>Zoom auf diesen Moschus mit seiner unglaublichen Textur und seinem unvergleichlichen Duft.\u00a0<\/strong><\/p>\n<h2><strong>Tahara Moschus rote Fr\u00fcchte und seine einzigartige Textur, die uns alle verf\u00fchrt<\/strong><\/h2>\n<p>Der Moschus Tahara Rote Fr\u00fcchte ist vor allem wegen seiner einzigartigen Textur ein Muss. Er hat\u00a0<strong>ein herrlich cremiges und gro\u00dfz\u00fcgiges Aussehen.<\/strong><\/p>\n<p>Sein unvergleichlicher Duft l\u00e4sst uns seinem Charme erliegen. Moschus ist in der Tat auf der ganzen Welt beliebt. Vor allem von\u00a0<strong>sein voll s\u00e4uerlicher Geruch.<\/strong><\/p>\n<p>So tr\u00e4nken Frauen einen Wattebausch damit, um ihren Intimbereich zu reinigen, damit nur dieser herrliche Duft zur\u00fcckbleibt. Was k\u00f6nnen Sie also genau erwarten?<\/p>\n<h2><strong>Genie\u00dfen Sie die s\u00fc\u00dfe Frische des Obstgartens<\/strong><\/h2>\n<p>Rote Fr\u00fcchte haben unsere Kindheit gepr\u00e4gt. Und auch als Erwachsener lassen sie unsere Geschmacksknospen noch immer kribbeln. In Geb\u00e4ck verf\u00fchren sie uns ganz sicher.<\/p>\n<p>Und auch in der Parf\u00fcmerie begeistern uns ihre D\u00fcfte! Rote Fr\u00fcchte bieten uns\u00a0<strong>ein fruchtig-s\u00fc\u00dfer Duft, den Tahara-Moschus perfekt zu unterstreichen wei\u00df.<\/strong><\/p>\n<p>Es ist also ein reines Vergn\u00fcgen, diesen zarten und erhabenen Duft auf den Intimbereich auftragen zu k\u00f6nnen. Und das Wissen, dass man ihn lange Zeit genie\u00dfen kann. Es ist also schwer, dem Duft zu widerstehen!<\/p>\n<h3><strong>Die Z\u00e4higkeit von Tahara-Moschus, sicher unvergleichlich<\/strong><\/h3>\n<p>Wenn es eine Eigenschaft von Moschus gibt, die die Welt der Parf\u00fcmerie verf\u00fchrt, dann ist es seine fixierende Wirkung. Und das ohne jegliche Opulenz in seinem Duft.\u00a0<strong>Tahara Moschus ist leicht und wattig, ganz zart und sanft.<\/strong><\/p>\n<p>So in Verbindung mit s\u00e4uerlichen roten Fr\u00fcchten\u00a0<strong>versetzt uns zweifellos in eine s\u00fc\u00dfe Atmosph\u00e4re und <a href=\"https:\/\/www.safinel.fr\/de\/product-2\/moschus-tahara-zuckerwatte\/\">s\u00fc\u00df<\/a>.<\/strong>\u00a0Wir lassen Sie diese erhabene Kreation gleich hier entdecken.<\/p>","protected":false},"excerpt":{"rendered":"<p>Seien Sie bereit! In diesem kleinen Fl\u00e4schchen mit goldenem Verschluss erwartet Sie ein wahrhaft s\u00e4uerlicher Cocktail! Und ja! Es ist uns eine gro\u00dfe Freude, diese au\u00dfergew\u00f6hnliche Entdeckung des Tahara-Moschus rote Fr\u00fcchte und seine erhabenen Facetten mit Ihnen zu teilen! Wir erz\u00e4hlen Ihnen sofort ausf\u00fchrlicher davon. Zoom auf diesen [...].","protected":false},"featured_media":4647,"template":"","meta":[],"product_brand":[],"product_cat":[127],"product_tag":[],"class_list":{"0":"post-4658","1":"product","2":"type-product","3":"status-publish","4":"has-post-thumbnail","6":"product_cat-musc-tahara-intime","8":"first","9":"instock","10":"shipping-taxable","11":"purchasable","12":"product-type-simple"},"yoast_head":"<!-- This site is optimized with the Yoast SEO plugin v26.6 - https:\/\/yoast.com\/wordpress\/plugins\/seo\/ -->\n<title>Musc Tahara fruits rouges I Odeur exquise I Contenance 3ml<\/title>\n<meta name=\"description\" content=\"Le musc Tahara fruits rouges c&#039;est avant tout un incontournable par sa texture unique. En effet, il arbore\u00a0un aspect d\u00e9licieusement onctueux et g\u00e9n\u00e9reux.\" \/>\n<meta name=\"robots\" content=\"index, follow, max-snippet:-1, max-image-preview:large, max-video-preview:-1\" \/>\n<link rel=\"canonical\" href=\"https:\/\/www.safinel.fr\/de\/product-2\/moschus-tahara-rote-fruchte\/\" \/>\n<meta property=\"og:locale\" content=\"de_DE\" \/>\n<meta property=\"og:type\" content=\"article\" \/>\n<meta property=\"og:title\" content=\"Musc Tahara fruits rouges I Odeur exquise I Contenance 3ml\" \/>\n<meta property=\"og:description\" content=\"Le musc Tahara fruits rouges c&#039;est avant tout un incontournable par sa texture unique. En effet, il arbore\u00a0un aspect d\u00e9licieusement onctueux et g\u00e9n\u00e9reux.\" \/>\n<meta property=\"og:url\" content=\"https:\/\/www.safinel.fr\/de\/product-2\/moschus-tahara-rote-fruchte\/\" \/>\n<meta property=\"og:site_name\" content=\"Safinel\" \/>\n<meta property=\"article:modified_time\" content=\"2026-01-29T12:49:36+00:00\" \/>\n<meta property=\"og:image\" content=\"https:\/\/www.safinel.fr\/wp-content\/uploads\/2023\/02\/musc-tahara-fruits-rouges.jpg\" \/>\n\t<meta property=\"og:image:width\" content=\"600\" \/>\n\t<meta property=\"og:image:height\" content=\"600\" \/>\n\t<meta property=\"og:image:type\" content=\"image\/jpeg\" \/>\n<meta name=\"twitter:card\" content=\"summary_large_image\" \/>\n<meta name=\"twitter:label1\" content=\"Gesch\u00e4tzte Lesezeit\" \/>\n\t<meta name=\"twitter:data1\" content=\"2\u00a0Minuten\" \/>\n<script type=\"application\/ld+json\" class=\"yoast-schema-graph\">{\"@context\":\"https:\/\/schema.org\",\"@graph\":[{\"@type\":\"WebPage\",\"@id\":\"https:\/\/www.safinel.fr\/produit\/musc-tahara-fruits-rouges\/\",\"url\":\"https:\/\/www.safinel.fr\/produit\/musc-tahara-fruits-rouges\/\",\"name\":\"Musc Tahara fruits rouges I Odeur exquise I Contenance 3ml\",\"isPartOf\":{\"@id\":\"https:\/\/www.safinel.fr\/#website\"},\"primaryImageOfPage\":{\"@id\":\"https:\/\/www.safinel.fr\/produit\/musc-tahara-fruits-rouges\/#primaryimage\"},\"image\":{\"@id\":\"https:\/\/www.safinel.fr\/produit\/musc-tahara-fruits-rouges\/#primaryimage\"},\"thumbnailUrl\":\"https:\/\/www.safinel.fr\/wp-content\/uploads\/2023\/02\/musc-tahara-fruits-rouges.jpg\",\"datePublished\":\"2023-02-15T15:32:08+00:00\",\"dateModified\":\"2026-01-29T12:49:36+00:00\",\"description\":\"Le musc Tahara fruits rouges c'est avant tout un incontournable par sa texture unique. En effet, il arbore\u00a0un aspect d\u00e9licieusement onctueux et g\u00e9n\u00e9reux.\",\"breadcrumb\":{\"@id\":\"https:\/\/www.safinel.fr\/produit\/musc-tahara-fruits-rouges\/#breadcrumb\"},\"inLanguage\":\"de\",\"potentialAction\":[{\"@type\":\"ReadAction\",\"target\":[\"https:\/\/www.safinel.fr\/produit\/musc-tahara-fruits-rouges\/\"]}]},{\"@type\":\"ImageObject\",\"inLanguage\":\"de\",\"@id\":\"https:\/\/www.safinel.fr\/produit\/musc-tahara-fruits-rouges\/#primaryimage\",\"url\":\"https:\/\/www.safinel.fr\/wp-content\/uploads\/2023\/02\/musc-tahara-fruits-rouges.jpg\",\"contentUrl\":\"https:\/\/www.safinel.fr\/wp-content\/uploads\/2023\/02\/musc-tahara-fruits-rouges.jpg\",\"width\":600,\"height\":600,\"caption\":\"Musc Tahara fruits rouges\"},{\"@type\":\"BreadcrumbList\",\"@id\":\"https:\/\/www.safinel.fr\/produit\/musc-tahara-fruits-rouges\/#breadcrumb\",\"itemListElement\":[{\"@type\":\"ListItem\",\"position\":1,\"name\":\"Accueil\",\"item\":\"https:\/\/www.safinel.fr\/\"},{\"@type\":\"ListItem\",\"position\":2,\"name\":\"Boutique\",\"item\":\"https:\/\/www.safinel.fr\/boutique\/\"},{\"@type\":\"ListItem\",\"position\":3,\"name\":\"Musc Tahara fruits rouges 3ml\"}]},{\"@type\":\"WebSite\",\"@id\":\"https:\/\/www.safinel.fr\/#website\",\"url\":\"https:\/\/www.safinel.fr\/\",\"name\":\"Safinel\",\"description\":\"\",\"publisher\":{\"@id\":\"https:\/\/www.safinel.fr\/#organization\"},\"potentialAction\":[{\"@type\":\"SearchAction\",\"target\":{\"@type\":\"EntryPoint\",\"urlTemplate\":\"https:\/\/www.safinel.fr\/?s={search_term_string}\"},\"query-input\":{\"@type\":\"PropertyValueSpecification\",\"valueRequired\":true,\"valueName\":\"search_term_string\"}}],\"inLanguage\":\"de\"},{\"@type\":\"Organization\",\"@id\":\"https:\/\/www.safinel.fr\/#organization\",\"name\":\"Safinel\",\"url\":\"https:\/\/www.safinel.fr\/\",\"logo\":{\"@type\":\"ImageObject\",\"inLanguage\":\"de\",\"@id\":\"https:\/\/www.safinel.fr\/#\/schema\/logo\/image\/\",\"url\":\"https:\/\/www.safinel.fr\/wp-content\/uploads\/2021\/05\/boutique-cosmetique.png\",\"contentUrl\":\"https:\/\/www.safinel.fr\/wp-content\/uploads\/2021\/05\/boutique-cosmetique.png\",\"width\":800,\"height\":200,\"caption\":\"Safinel\"},\"image\":{\"@id\":\"https:\/\/www.safinel.fr\/#\/schema\/logo\/image\/\"}}]}<\/script>\n<!-- \/ Yoast SEO plugin. -->","yoast_head_json":{"title":"Moschus Tahara Rote Fr\u00fcchte I Exquisiter Duft I Inhalt 3ml","description":"Der Tahara-Moschus mit roten Fr\u00fcchten ist vor allem wegen seiner einzigartigen Textur ein Muss. Er ist herrlich cremig und gro\u00dfz\u00fcgig.","robots":{"index":"index","follow":"follow","max-snippet":"max-snippet:-1","max-image-preview":"max-image-preview:large","max-video-preview":"max-video-preview:-1"},"canonical":"https:\/\/www.safinel.fr\/de\/product-2\/moschus-tahara-rote-fruchte\/","og_locale":"de_DE","og_type":"article","og_title":"Musc Tahara fruits rouges I Odeur exquise I Contenance 3ml","og_description":"Le musc Tahara fruits rouges c'est avant tout un incontournable par sa texture unique. En effet, il arbore\u00a0un aspect d\u00e9licieusement onctueux et g\u00e9n\u00e9reux.","og_url":"https:\/\/www.safinel.fr\/de\/product-2\/moschus-tahara-rote-fruchte\/","og_site_name":"Safinel","article_modified_time":"2026-01-29T12:49:36+00:00","og_image":[{"width":600,"height":600,"url":"https:\/\/www.safinel.fr\/wp-content\/uploads\/2023\/02\/musc-tahara-fruits-rouges.jpg","type":"image\/jpeg"}],"twitter_card":"summary_large_image","twitter_misc":{"Gesch\u00e4tzte Lesezeit":"2\u00a0Minuten"},"schema":{"@context":"https:\/\/schema.org","@graph":[{"@type":"WebPage","@id":"https:\/\/www.safinel.fr\/produit\/musc-tahara-fruits-rouges\/","url":"https:\/\/www.safinel.fr\/produit\/musc-tahara-fruits-rouges\/","name":"Moschus Tahara Rote Fr\u00fcchte I Exquisiter Duft I Inhalt 3ml","isPartOf":{"@id":"https:\/\/www.safinel.fr\/#website"},"primaryImageOfPage":{"@id":"https:\/\/www.safinel.fr\/produit\/musc-tahara-fruits-rouges\/#primaryimage"},"image":{"@id":"https:\/\/www.safinel.fr\/produit\/musc-tahara-fruits-rouges\/#primaryimage"},"thumbnailUrl":"https:\/\/www.safinel.fr\/wp-content\/uploads\/2023\/02\/musc-tahara-fruits-rouges.jpg","datePublished":"2023-02-15T15:32:08+00:00","dateModified":"2026-01-29T12:49:36+00:00","description":"Der Tahara-Moschus mit roten Fr\u00fcchten ist vor allem wegen seiner einzigartigen Textur ein Muss. Er ist herrlich cremig und gro\u00dfz\u00fcgig.","breadcrumb":{"@id":"https:\/\/www.safinel.fr\/produit\/musc-tahara-fruits-rouges\/#breadcrumb"},"inLanguage":"de","potentialAction":[{"@type":"ReadAction","target":["https:\/\/www.safinel.fr\/produit\/musc-tahara-fruits-rouges\/"]}]},{"@type":"ImageObject","inLanguage":"de","@id":"https:\/\/www.safinel.fr\/produit\/musc-tahara-fruits-rouges\/#primaryimage","url":"https:\/\/www.safinel.fr\/wp-content\/uploads\/2023\/02\/musc-tahara-fruits-rouges.jpg","contentUrl":"https:\/\/www.safinel.fr\/wp-content\/uploads\/2023\/02\/musc-tahara-fruits-rouges.jpg","width":600,"height":600,"caption":"Musc Tahara fruits rouges"},{"@type":"BreadcrumbList","@id":"https:\/\/www.safinel.fr\/produit\/musc-tahara-fruits-rouges\/#breadcrumb","itemListElement":[{"@type":"ListItem","position":1,"name":"Accueil","item":"https:\/\/www.safinel.fr\/"},{"@type":"ListItem","position":2,"name":"Boutique","item":"https:\/\/www.safinel.fr\/boutique\/"},{"@type":"ListItem","position":3,"name":"Musc Tahara fruits rouges 3ml"}]},{"@type":"WebSite","@id":"https:\/\/www.safinel.fr\/#website","url":"https:\/\/www.safinel.fr\/","name":"Safinel","description":"","publisher":{"@id":"https:\/\/www.safinel.fr\/#organization"},"potentialAction":[{"@type":"SearchAction","target":{"@type":"EntryPoint","urlTemplate":"https:\/\/www.safinel.fr\/?s={search_term_string}"},"query-input":{"@type":"PropertyValueSpecification","valueRequired":true,"valueName":"search_term_string"}}],"inLanguage":"de"},{"@type":"Organization","@id":"https:\/\/www.safinel.fr\/#organization","name":"Safinel","url":"https:\/\/www.safinel.fr\/","logo":{"@type":"ImageObject","inLanguage":"de","@id":"https:\/\/www.safinel.fr\/#\/schema\/logo\/image\/","url":"https:\/\/www.safinel.fr\/wp-content\/uploads\/2021\/05\/boutique-cosmetique.png","contentUrl":"https:\/\/www.safinel.fr\/wp-content\/uploads\/2021\/05\/boutique-cosmetique.png","width":800,"height":200,"caption":"Safinel"},"image":{"@id":"https:\/\/www.safinel.fr\/#\/schema\/logo\/image\/"}}]}},"_links":{"self":[{"href":"https:\/\/www.safinel.fr\/de\/wp-json\/wp\/v2\/product\/4658","targetHints":{"allow":["GET"]}}],"collection":[{"href":"https:\/\/www.safinel.fr\/de\/wp-json\/wp\/v2\/product"}],"about":[{"href":"https:\/\/www.safinel.fr\/de\/wp-json\/wp\/v2\/types\/product"}],"wp:featuredmedia":[{"embeddable":true,"href":"https:\/\/www.safinel.fr\/de\/wp-json\/wp\/v2\/media\/4647"}],"wp:attachment":[{"href":"https:\/\/www.safinel.fr\/de\/wp-json\/wp\/v2\/media?parent=4658"}],"wp:term":[{"taxonomy":"product_brand","embeddable":true,"href":"https:\/\/www.safinel.fr\/de\/wp-json\/wp\/v2\/product_brand?post=4658"},{"taxonomy":"product_cat","embeddable":true,"href":"https:\/\/www.safinel.fr\/de\/wp-json\/wp\/v2\/product_cat?post=4658"},{"taxonomy":"product_tag","embeddable":true,"href":"https:\/\/www.safinel.fr\/de\/wp-json\/wp\/v2\/product_tag?post=4658"}],"curies":[{"name":"wp","href":"https:\/\/api.w.org\/{rel}","templated":true}]}}