{"id":4656,"date":"2023-02-15T15:26:12","date_gmt":"2023-02-15T15:26:12","guid":{"rendered":"https:\/\/www.safinel.fr\/?post_type=product&#038;p=4656"},"modified":"2023-12-28T17:15:48","modified_gmt":"2023-12-28T17:15:48","slug":"moschus-tahara-kokosnuss-5ml","status":"publish","type":"product","link":"https:\/\/www.safinel.fr\/de\/product-2\/moschus-tahara-kokosnuss-5ml\/","title":{"rendered":"Moschus Tahara Kokosnuss 3ml"},"content":{"rendered":"<p>Wenn es\u00a0<strong>Ein Duft, der uns auf Reisen schickt, ist Kokosnuss, ohne zu z\u00f6gern.<\/strong>\u00a0Sie verschafft uns ein v\u00f6llig neues olfaktorisches Vergn\u00fcgen, das uns bei der ersten Begegnung mit ihr in Wallung bringt. Undenkbar also, Ihnen nicht ein Must-have in der Kategorie Tahara anzubieten:\u00a0<strong>der Tahara-Kokosnuss-Moschus mit seinem unvergleichlichen Geschmack.<\/strong><\/p>\n<p>Wir stellen Ihnen diesen Kokosduft ohne weitere Verz\u00f6gerung vor, seien Sie bereit, er wird Sie umhauen!<\/p>\n<h2><strong>Die Wahl von Musc Tahara coco<\/strong><\/h2>\n<p>Als intimes Elixier der Frauenwelt ist Tahara-Moschus f\u00fcr Frauen nahezu unverzichtbar. In der Tat,\u00a0<strong>Tahara Moschus ist ein Duft im Dienste der Weiblichkeit, der Ihnen ein echtes Gef\u00fchl von Frische und Sauberkeit verleiht.<\/strong><\/p>\n<p>Wenn Sie ihn in der N\u00e4he des Intimbereichs auftragen, sorgt er f\u00fcr einen ganz neuen Duftmoment. In diesem Fall ist es der Moschus Tahara Coco, der Ihnen nicht nur eine unbestreitbare Frische, sondern auch einen sinnlichen und exotischen Duft verleiht. Wir sagen es Ihnen ganz genau.<\/p>\n<h2><strong>Die Sinnlichkeit von Tahara Coco Musc<\/strong><\/h2>\n<p>Es ist eine Tatsache, dass der Geruch der Kokosnuss zweifellos sinnlich ist. Er macht uns<strong>\u00a0assoziiert man unweigerlich mit Sonne, Sommerhitze und Kokosnuss-Idylle.<\/strong><\/p>\n<p>So ist es in Kombination mit Tahara-Moschus\u00a0<strong>ein unvergleichliches Kondensat an Sinnlichkeit<\/strong>. Tahara Coco Moschus sorgt\u00a0<strong>einen sonnigen, milchigen und leckeren Duft.<\/strong><\/p>\n<p>Es ist also schwer, ihm lange zu widerstehen. Wenn Sie es an bestimmten Stellen auftragen, wird es Ihnen bei Ihren intimen Begegnungen die ultimative Sinnlichkeit verleihen.<\/p>\n<h3><strong>Und wenn Sie Abwechslung w\u00fcnschen<\/strong><\/h3>\n<p>Mit diesem garantiert exotischen und exquisiten Geschmack finden Sie auf unserer Website auch andere Wunder von Tahara-Moschus. Wir haben versucht, alle Ihre W\u00fcnsche zu erf\u00fcllen, also<strong>\u00a0Genie\u00dfen Sie die Entdeckung von Aromen wie roten Fr\u00fcchten, <a href=\"https:\/\/www.safinel.fr\/de\/product-2\/moschus-tahara-jasmin\/\">jasmin<\/a>, <a href=\"https:\/\/www.safinel.fr\/de\/product-2\/moschus-tahara-mango\/\">Mango<\/a>, Sie k\u00f6nnen auch eine Mischung aus Monoi, Melone, Pfirsich oder Kirsche verwenden.<\/strong><\/p>\n<p>Die Auswahl, die wir f\u00fcr Sie zusammengestellt haben, ist einfach gro\u00dfartig. Besuchen Sie die Kategorie, die wir ihnen gewidmet haben!<\/p>","protected":false},"excerpt":{"rendered":"<p>Si il y a bien\u00a0une senteur qui nous fait voyager c&rsquo;est la noix de coco, sans h\u00e9siter.\u00a0Elle nous procure un plaisir olfactif in\u00e9dit, qui nous \u00e9moustille \u00e0 la premi\u00e8re rencontre de celle-ci. Impensable donc de ne pas vous proposer un incontournable dans la cat\u00e9gorie Tahara :\u00a0le musc Tahara coco \u00e0 la saveur incomparable. On vous [&#8230;]","protected":false},"featured_media":4649,"template":"","meta":[],"product_brand":[],"product_cat":[127],"product_tag":[],"class_list":{"0":"post-4656","1":"product","2":"type-product","3":"status-publish","4":"has-post-thumbnail","6":"product_cat-musc-tahara-intime","8":"first","9":"instock","10":"shipping-taxable","11":"purchasable","12":"product-type-simple"},"yoast_head":"<!-- This site is optimized with the Yoast SEO plugin v26.6 - https:\/\/yoast.com\/wordpress\/plugins\/seo\/ -->\n<title>Musc Tahara coco I Parfum senteur coco I Contenance 3ml<\/title>\n<meta name=\"description\" content=\"Le musc Tahara coco est un parfum au service de la f\u00e9minit\u00e9 qui vous offre une r\u00e9elle sensation de fraicheur et de propret\u00e9.\" \/>\n<meta name=\"robots\" content=\"index, follow, max-snippet:-1, max-image-preview:large, max-video-preview:-1\" \/>\n<link rel=\"canonical\" href=\"https:\/\/www.safinel.fr\/de\/product-2\/moschus-tahara-kokosnuss-5ml\/\" \/>\n<meta property=\"og:locale\" content=\"de_DE\" \/>\n<meta property=\"og:type\" content=\"article\" \/>\n<meta property=\"og:title\" content=\"Musc Tahara coco I Parfum senteur coco I Contenance 3ml\" \/>\n<meta property=\"og:description\" content=\"Le musc Tahara coco est un parfum au service de la f\u00e9minit\u00e9 qui vous offre une r\u00e9elle sensation de fraicheur et de propret\u00e9.\" \/>\n<meta property=\"og:url\" content=\"https:\/\/www.safinel.fr\/de\/product-2\/moschus-tahara-kokosnuss-5ml\/\" \/>\n<meta property=\"og:site_name\" content=\"Safinel\" \/>\n<meta property=\"article:modified_time\" content=\"2023-12-28T17:15:48+00:00\" \/>\n<meta property=\"og:image\" content=\"https:\/\/www.safinel.fr\/wp-content\/uploads\/2023\/02\/musc-tahara-coco.jpg\" \/>\n\t<meta property=\"og:image:width\" content=\"600\" \/>\n\t<meta property=\"og:image:height\" content=\"600\" \/>\n\t<meta property=\"og:image:type\" content=\"image\/jpeg\" \/>\n<meta name=\"twitter:card\" content=\"summary_large_image\" \/>\n<meta name=\"twitter:label1\" content=\"Gesch\u00e4tzte Lesezeit\" \/>\n\t<meta name=\"twitter:data1\" content=\"2\u00a0Minuten\" \/>\n<script type=\"application\/ld+json\" class=\"yoast-schema-graph\">{\"@context\":\"https:\/\/schema.org\",\"@graph\":[{\"@type\":\"WebPage\",\"@id\":\"https:\/\/www.safinel.fr\/produit\/musc-tahara-coco-5ml\/\",\"url\":\"https:\/\/www.safinel.fr\/produit\/musc-tahara-coco-5ml\/\",\"name\":\"Musc Tahara coco I Parfum senteur coco I Contenance 3ml\",\"isPartOf\":{\"@id\":\"https:\/\/www.safinel.fr\/#website\"},\"primaryImageOfPage\":{\"@id\":\"https:\/\/www.safinel.fr\/produit\/musc-tahara-coco-5ml\/#primaryimage\"},\"image\":{\"@id\":\"https:\/\/www.safinel.fr\/produit\/musc-tahara-coco-5ml\/#primaryimage\"},\"thumbnailUrl\":\"https:\/\/www.safinel.fr\/wp-content\/uploads\/2023\/02\/musc-tahara-coco.jpg\",\"datePublished\":\"2023-02-15T15:26:12+00:00\",\"dateModified\":\"2023-12-28T17:15:48+00:00\",\"description\":\"Le musc Tahara coco est un parfum au service de la f\u00e9minit\u00e9 qui vous offre une r\u00e9elle sensation de fraicheur et de propret\u00e9.\",\"breadcrumb\":{\"@id\":\"https:\/\/www.safinel.fr\/produit\/musc-tahara-coco-5ml\/#breadcrumb\"},\"inLanguage\":\"de\",\"potentialAction\":[{\"@type\":\"ReadAction\",\"target\":[\"https:\/\/www.safinel.fr\/produit\/musc-tahara-coco-5ml\/\"]}]},{\"@type\":\"ImageObject\",\"inLanguage\":\"de\",\"@id\":\"https:\/\/www.safinel.fr\/produit\/musc-tahara-coco-5ml\/#primaryimage\",\"url\":\"https:\/\/www.safinel.fr\/wp-content\/uploads\/2023\/02\/musc-tahara-coco.jpg\",\"contentUrl\":\"https:\/\/www.safinel.fr\/wp-content\/uploads\/2023\/02\/musc-tahara-coco.jpg\",\"width\":600,\"height\":600,\"caption\":\"musc tahara coco\"},{\"@type\":\"BreadcrumbList\",\"@id\":\"https:\/\/www.safinel.fr\/produit\/musc-tahara-coco-5ml\/#breadcrumb\",\"itemListElement\":[{\"@type\":\"ListItem\",\"position\":1,\"name\":\"Accueil\",\"item\":\"https:\/\/www.safinel.fr\/\"},{\"@type\":\"ListItem\",\"position\":2,\"name\":\"Boutique\",\"item\":\"https:\/\/www.safinel.fr\/boutique\/\"},{\"@type\":\"ListItem\",\"position\":3,\"name\":\"Musc Tahara coco 3ml\"}]},{\"@type\":\"WebSite\",\"@id\":\"https:\/\/www.safinel.fr\/#website\",\"url\":\"https:\/\/www.safinel.fr\/\",\"name\":\"Safinel\",\"description\":\"\",\"publisher\":{\"@id\":\"https:\/\/www.safinel.fr\/#organization\"},\"potentialAction\":[{\"@type\":\"SearchAction\",\"target\":{\"@type\":\"EntryPoint\",\"urlTemplate\":\"https:\/\/www.safinel.fr\/?s={search_term_string}\"},\"query-input\":{\"@type\":\"PropertyValueSpecification\",\"valueRequired\":true,\"valueName\":\"search_term_string\"}}],\"inLanguage\":\"de\"},{\"@type\":\"Organization\",\"@id\":\"https:\/\/www.safinel.fr\/#organization\",\"name\":\"Safinel\",\"url\":\"https:\/\/www.safinel.fr\/\",\"logo\":{\"@type\":\"ImageObject\",\"inLanguage\":\"de\",\"@id\":\"https:\/\/www.safinel.fr\/#\/schema\/logo\/image\/\",\"url\":\"https:\/\/www.safinel.fr\/wp-content\/uploads\/2021\/05\/boutique-cosmetique.png\",\"contentUrl\":\"https:\/\/www.safinel.fr\/wp-content\/uploads\/2021\/05\/boutique-cosmetique.png\",\"width\":800,\"height\":200,\"caption\":\"Safinel\"},\"image\":{\"@id\":\"https:\/\/www.safinel.fr\/#\/schema\/logo\/image\/\"}}]}<\/script>\n<!-- \/ Yoast SEO plugin. -->","yoast_head_json":{"title":"Moschus Tahara Kokosnuss I Parf\u00fcm Kokosnussduft I Inhalt 3ml","description":"Moschus Tahara Kokos ist ein Duft im Dienste der Weiblichkeit, der Ihnen ein echtes Gef\u00fchl von Frische und Sauberkeit verleiht.","robots":{"index":"index","follow":"follow","max-snippet":"max-snippet:-1","max-image-preview":"max-image-preview:large","max-video-preview":"max-video-preview:-1"},"canonical":"https:\/\/www.safinel.fr\/de\/product-2\/moschus-tahara-kokosnuss-5ml\/","og_locale":"de_DE","og_type":"article","og_title":"Musc Tahara coco I Parfum senteur coco I Contenance 3ml","og_description":"Le musc Tahara coco est un parfum au service de la f\u00e9minit\u00e9 qui vous offre une r\u00e9elle sensation de fraicheur et de propret\u00e9.","og_url":"https:\/\/www.safinel.fr\/de\/product-2\/moschus-tahara-kokosnuss-5ml\/","og_site_name":"Safinel","article_modified_time":"2023-12-28T17:15:48+00:00","og_image":[{"width":600,"height":600,"url":"https:\/\/www.safinel.fr\/wp-content\/uploads\/2023\/02\/musc-tahara-coco.jpg","type":"image\/jpeg"}],"twitter_card":"summary_large_image","twitter_misc":{"Gesch\u00e4tzte Lesezeit":"2\u00a0Minuten"},"schema":{"@context":"https:\/\/schema.org","@graph":[{"@type":"WebPage","@id":"https:\/\/www.safinel.fr\/produit\/musc-tahara-coco-5ml\/","url":"https:\/\/www.safinel.fr\/produit\/musc-tahara-coco-5ml\/","name":"Moschus Tahara Kokosnuss I Parf\u00fcm Kokosnussduft I Inhalt 3ml","isPartOf":{"@id":"https:\/\/www.safinel.fr\/#website"},"primaryImageOfPage":{"@id":"https:\/\/www.safinel.fr\/produit\/musc-tahara-coco-5ml\/#primaryimage"},"image":{"@id":"https:\/\/www.safinel.fr\/produit\/musc-tahara-coco-5ml\/#primaryimage"},"thumbnailUrl":"https:\/\/www.safinel.fr\/wp-content\/uploads\/2023\/02\/musc-tahara-coco.jpg","datePublished":"2023-02-15T15:26:12+00:00","dateModified":"2023-12-28T17:15:48+00:00","description":"Moschus Tahara Kokos ist ein Duft im Dienste der Weiblichkeit, der Ihnen ein echtes Gef\u00fchl von Frische und Sauberkeit verleiht.","breadcrumb":{"@id":"https:\/\/www.safinel.fr\/produit\/musc-tahara-coco-5ml\/#breadcrumb"},"inLanguage":"de","potentialAction":[{"@type":"ReadAction","target":["https:\/\/www.safinel.fr\/produit\/musc-tahara-coco-5ml\/"]}]},{"@type":"ImageObject","inLanguage":"de","@id":"https:\/\/www.safinel.fr\/produit\/musc-tahara-coco-5ml\/#primaryimage","url":"https:\/\/www.safinel.fr\/wp-content\/uploads\/2023\/02\/musc-tahara-coco.jpg","contentUrl":"https:\/\/www.safinel.fr\/wp-content\/uploads\/2023\/02\/musc-tahara-coco.jpg","width":600,"height":600,"caption":"musc tahara coco"},{"@type":"BreadcrumbList","@id":"https:\/\/www.safinel.fr\/produit\/musc-tahara-coco-5ml\/#breadcrumb","itemListElement":[{"@type":"ListItem","position":1,"name":"Accueil","item":"https:\/\/www.safinel.fr\/"},{"@type":"ListItem","position":2,"name":"Boutique","item":"https:\/\/www.safinel.fr\/boutique\/"},{"@type":"ListItem","position":3,"name":"Musc Tahara coco 3ml"}]},{"@type":"WebSite","@id":"https:\/\/www.safinel.fr\/#website","url":"https:\/\/www.safinel.fr\/","name":"Safinel","description":"","publisher":{"@id":"https:\/\/www.safinel.fr\/#organization"},"potentialAction":[{"@type":"SearchAction","target":{"@type":"EntryPoint","urlTemplate":"https:\/\/www.safinel.fr\/?s={search_term_string}"},"query-input":{"@type":"PropertyValueSpecification","valueRequired":true,"valueName":"search_term_string"}}],"inLanguage":"de"},{"@type":"Organization","@id":"https:\/\/www.safinel.fr\/#organization","name":"Safinel","url":"https:\/\/www.safinel.fr\/","logo":{"@type":"ImageObject","inLanguage":"de","@id":"https:\/\/www.safinel.fr\/#\/schema\/logo\/image\/","url":"https:\/\/www.safinel.fr\/wp-content\/uploads\/2021\/05\/boutique-cosmetique.png","contentUrl":"https:\/\/www.safinel.fr\/wp-content\/uploads\/2021\/05\/boutique-cosmetique.png","width":800,"height":200,"caption":"Safinel"},"image":{"@id":"https:\/\/www.safinel.fr\/#\/schema\/logo\/image\/"}}]}},"_links":{"self":[{"href":"https:\/\/www.safinel.fr\/de\/wp-json\/wp\/v2\/product\/4656","targetHints":{"allow":["GET"]}}],"collection":[{"href":"https:\/\/www.safinel.fr\/de\/wp-json\/wp\/v2\/product"}],"about":[{"href":"https:\/\/www.safinel.fr\/de\/wp-json\/wp\/v2\/types\/product"}],"wp:featuredmedia":[{"embeddable":true,"href":"https:\/\/www.safinel.fr\/de\/wp-json\/wp\/v2\/media\/4649"}],"wp:attachment":[{"href":"https:\/\/www.safinel.fr\/de\/wp-json\/wp\/v2\/media?parent=4656"}],"wp:term":[{"taxonomy":"product_brand","embeddable":true,"href":"https:\/\/www.safinel.fr\/de\/wp-json\/wp\/v2\/product_brand?post=4656"},{"taxonomy":"product_cat","embeddable":true,"href":"https:\/\/www.safinel.fr\/de\/wp-json\/wp\/v2\/product_cat?post=4656"},{"taxonomy":"product_tag","embeddable":true,"href":"https:\/\/www.safinel.fr\/de\/wp-json\/wp\/v2\/product_tag?post=4656"}],"curies":[{"name":"wp","href":"https:\/\/api.w.org\/{rel}","templated":true}]}}