{"id":4655,"date":"2023-02-15T15:25:18","date_gmt":"2023-02-15T15:25:18","guid":{"rendered":"https:\/\/www.safinel.fr\/?post_type=product&#038;p=4655"},"modified":"2023-12-30T12:11:03","modified_gmt":"2023-12-30T12:11:03","slug":"moschus-tahara-zuckerwatte","status":"publish","type":"product","link":"https:\/\/www.safinel.fr\/de\/product-2\/moschus-tahara-zuckerwatte\/","title":{"rendered":"Moschus Tahara Zuckerwatte 3ml"},"content":{"rendered":"<p>Z\u00f6gern Sie nicht l\u00e4nger und entdecken Sie den\u00a0<strong>Moschus Tahara Zuckerwatte<\/strong>. Erh\u00e4ltlich im Shop\u00a0<strong>Safinel<\/strong>, Das ist zweifellos die Essenz, die Sie brauchen, um die Gaumenfreude zu sp\u00fcren.<\/p>\n<h2><strong>Tahara Zuckerwatte-Musk ist f\u00fcr Sie gemacht<\/strong><\/h2>\n<p>Der Shop\u00a0<strong>Safinel<\/strong>, Die Firma ist stets bem\u00fcht, Ihnen ein Produkt anzubieten, das Ihren Erwartungen entspricht. Um Sie zufrieden zu stellen, hat sie eine gro\u00dfe Auswahl an\u00a0<strong>Moschus Tahara intim<\/strong>.<\/p>\n<p>Dies soll Ihnen dabei helfen, sich nach dem Waschen zu versch\u00f6nern. Deshalb sind wir davon \u00fcberzeugt, dass die\u00a0<strong>Moschus Tahara Zuckerwatte<\/strong>\u00a0wird Sie zweifellos erf\u00fcllen.<\/p>\n<p>Mit seinem herrlichen Bonbonduft verleiht er Ihrer Haut einen zarten und angenehmen Duft. So k\u00f6nnen Sie sich in einen emotionalen Zustand des Wohlbefindens versetzen. Diese subtilen und zarten D\u00fcfte versetzen Sie f\u00fcr einige Augenblicke in die Unbeschwertheit Ihrer Kindheit zur\u00fcck.<\/p>\n<p>Sie sollten jedoch wissen, dass Sie damit mehrere K\u00f6rperteile parf\u00fcmieren k\u00f6nnen:<\/p>\n<ul>\n<li><strong>Hals,<\/strong><\/li>\n<li><strong>Auf der<\/strong><strong>ie Handgelenke,<\/strong><\/li>\n<li><strong>Der Schritt.<\/strong><\/li>\n<\/ul>\n<p>Bitte beachten Sie, dass es im letzteren Fall ideal ist, wenn Sie Ihre Menstruation hinter sich haben.<\/p>\n<p>Er wird zu Ihrem zuverl\u00e4ssigen Verb\u00fcndeten, wenn es darum geht, hartn\u00e4ckige Ger\u00fcche zu beseitigen.<\/p>\n<p>Haben Sie keine Angst mehr, sich zu trauen, Ihren ganzen K\u00f6rper zu parf\u00fcmieren, denn dieser Duft ist wie daf\u00fcr gemacht.<\/p>\n<h3><strong>Ein Duft voller Gaumenfreuden<\/strong><\/h3>\n<p>Mit dem\u00a0<strong>Moschus Tahara Zuckerwatte<\/strong>,Mit diesem duftenden Leckerbissen k\u00f6nnen Sie Ihre Komfortzone verlassen. Dieses kleine Fl\u00e4schchen mit 3 ml Inhalt erfrischt Sie unter verschiedenen Umst\u00e4nden.<\/p>\n<p>Nach deinem Bad, um deinen Tag mit einem angenehm frischen Duft auf deiner Haut zu beenden. Dabei beseitigen Sie gleichzeitig bestimmte Ger\u00fcche von Umweltverschmutzung oder Essen. Au\u00dferdem k\u00f6nnen Sie es als t\u00e4glichen Duft verwenden, bevor Sie Ihren Tag beginnen.<\/p>\n<p>Und schlie\u00dflich, f\u00fcr diejenigen, die zu stressigen Tagen neigen, ist der\u00a0<strong>Moschus Tahara Zuckerwatte\u00a0<\/strong>wird Ihnen helfen, Ihren Tag mit seinen k\u00f6stlichen D\u00fcften zu beleben. Wenn Sie fruchtige Parf\u00fcms m\u00f6gen, sollten Sie unbedingt den\u00a0<strong><a href=\"https:\/\/www.safinel.fr\/de\/product-2\/moschus-tahara-mango\/\">Moschus Tahara Mango<\/a>\u00a0<\/strong>auch im Shop erh\u00e4ltlich\u00a0<strong>Safinel<\/strong>.<\/p>","protected":false},"excerpt":{"rendered":"<p>Z\u00f6gern Sie nicht l\u00e4nger und entdecken Sie Musc Tahara Barbe \u00e0 Papa. Erh\u00e4ltlich im Safinel-Shop, ist dies zweifellos die Essenz, die Sie brauchen, um sich verw\u00f6hnen zu lassen. Musc Tahara Barbe \u00e0 Papa ist wie f\u00fcr Sie gemacht. Der Safinel-Shop ist stets bem\u00fcht, Ihnen Produkte anzubieten, die Ihren Erwartungen entsprechen. Um Sie zufrieden zu stellen, [\u2026]","protected":false},"featured_media":4651,"template":"","meta":[],"product_brand":[],"product_cat":[127],"product_tag":[],"class_list":{"0":"post-4655","1":"product","2":"type-product","3":"status-publish","4":"has-post-thumbnail","6":"product_cat-musc-tahara-intime","8":"first","9":"instock","10":"shipping-taxable","11":"purchasable","12":"product-type-simple"},"yoast_head":"<!-- This site is optimized with the Yoast SEO plugin v26.6 - https:\/\/yoast.com\/wordpress\/plugins\/seo\/ -->\n<title>Musc Tahara barbe \u00e0 papa I Parfum gourmand I 3ml<\/title>\n<meta name=\"description\" content=\"Ne tardez plus \u00e0 d\u00e9couvrir le\u00a0Musc Tahara barbe \u00e0 papa. C\u2019est sans nul doute l\u2019essence qu\u2019il vous faut pour sentir la gourmandise.\" \/>\n<meta name=\"robots\" content=\"index, follow, max-snippet:-1, max-image-preview:large, max-video-preview:-1\" \/>\n<link rel=\"canonical\" href=\"https:\/\/www.safinel.fr\/de\/product-2\/moschus-tahara-zuckerwatte\/\" \/>\n<meta property=\"og:locale\" content=\"de_DE\" \/>\n<meta property=\"og:type\" content=\"article\" \/>\n<meta property=\"og:title\" content=\"Musc Tahara barbe \u00e0 papa I Parfum gourmand I 3ml\" \/>\n<meta property=\"og:description\" content=\"Ne tardez plus \u00e0 d\u00e9couvrir le\u00a0Musc Tahara barbe \u00e0 papa. C\u2019est sans nul doute l\u2019essence qu\u2019il vous faut pour sentir la gourmandise.\" \/>\n<meta property=\"og:url\" content=\"https:\/\/www.safinel.fr\/de\/product-2\/moschus-tahara-zuckerwatte\/\" \/>\n<meta property=\"og:site_name\" content=\"Safinel\" \/>\n<meta property=\"article:modified_time\" content=\"2023-12-30T12:11:03+00:00\" \/>\n<meta property=\"og:image\" content=\"https:\/\/www.safinel.fr\/wp-content\/uploads\/2023\/02\/musc-tahara-barbe-a-papa.jpg\" \/>\n\t<meta property=\"og:image:width\" content=\"600\" \/>\n\t<meta property=\"og:image:height\" content=\"600\" \/>\n\t<meta property=\"og:image:type\" content=\"image\/jpeg\" \/>\n<meta name=\"twitter:card\" content=\"summary_large_image\" \/>\n<meta name=\"twitter:label1\" content=\"Gesch\u00e4tzte Lesezeit\" \/>\n\t<meta name=\"twitter:data1\" content=\"2\u00a0Minuten\" \/>\n<script type=\"application\/ld+json\" class=\"yoast-schema-graph\">{\"@context\":\"https:\/\/schema.org\",\"@graph\":[{\"@type\":\"WebPage\",\"@id\":\"https:\/\/www.safinel.fr\/produit\/musc-tahara-barbe-a-papa\/\",\"url\":\"https:\/\/www.safinel.fr\/produit\/musc-tahara-barbe-a-papa\/\",\"name\":\"Musc Tahara barbe \u00e0 papa I Parfum gourmand I 3ml\",\"isPartOf\":{\"@id\":\"https:\/\/www.safinel.fr\/#website\"},\"primaryImageOfPage\":{\"@id\":\"https:\/\/www.safinel.fr\/produit\/musc-tahara-barbe-a-papa\/#primaryimage\"},\"image\":{\"@id\":\"https:\/\/www.safinel.fr\/produit\/musc-tahara-barbe-a-papa\/#primaryimage\"},\"thumbnailUrl\":\"https:\/\/www.safinel.fr\/wp-content\/uploads\/2023\/02\/musc-tahara-barbe-a-papa.jpg\",\"datePublished\":\"2023-02-15T15:25:18+00:00\",\"dateModified\":\"2023-12-30T12:11:03+00:00\",\"description\":\"Ne tardez plus \u00e0 d\u00e9couvrir le\u00a0Musc Tahara barbe \u00e0 papa. C\u2019est sans nul doute l\u2019essence qu\u2019il vous faut pour sentir la gourmandise.\",\"breadcrumb\":{\"@id\":\"https:\/\/www.safinel.fr\/produit\/musc-tahara-barbe-a-papa\/#breadcrumb\"},\"inLanguage\":\"de\",\"potentialAction\":[{\"@type\":\"ReadAction\",\"target\":[\"https:\/\/www.safinel.fr\/produit\/musc-tahara-barbe-a-papa\/\"]}]},{\"@type\":\"ImageObject\",\"inLanguage\":\"de\",\"@id\":\"https:\/\/www.safinel.fr\/produit\/musc-tahara-barbe-a-papa\/#primaryimage\",\"url\":\"https:\/\/www.safinel.fr\/wp-content\/uploads\/2023\/02\/musc-tahara-barbe-a-papa.jpg\",\"contentUrl\":\"https:\/\/www.safinel.fr\/wp-content\/uploads\/2023\/02\/musc-tahara-barbe-a-papa.jpg\",\"width\":600,\"height\":600,\"caption\":\"musc tahara barbe a papa\"},{\"@type\":\"BreadcrumbList\",\"@id\":\"https:\/\/www.safinel.fr\/produit\/musc-tahara-barbe-a-papa\/#breadcrumb\",\"itemListElement\":[{\"@type\":\"ListItem\",\"position\":1,\"name\":\"Accueil\",\"item\":\"https:\/\/www.safinel.fr\/\"},{\"@type\":\"ListItem\",\"position\":2,\"name\":\"Boutique\",\"item\":\"https:\/\/www.safinel.fr\/boutique\/\"},{\"@type\":\"ListItem\",\"position\":3,\"name\":\"Musc Tahara barbe \u00e0 papa 3ml\"}]},{\"@type\":\"WebSite\",\"@id\":\"https:\/\/www.safinel.fr\/#website\",\"url\":\"https:\/\/www.safinel.fr\/\",\"name\":\"Safinel\",\"description\":\"\",\"publisher\":{\"@id\":\"https:\/\/www.safinel.fr\/#organization\"},\"potentialAction\":[{\"@type\":\"SearchAction\",\"target\":{\"@type\":\"EntryPoint\",\"urlTemplate\":\"https:\/\/www.safinel.fr\/?s={search_term_string}\"},\"query-input\":{\"@type\":\"PropertyValueSpecification\",\"valueRequired\":true,\"valueName\":\"search_term_string\"}}],\"inLanguage\":\"de\"},{\"@type\":\"Organization\",\"@id\":\"https:\/\/www.safinel.fr\/#organization\",\"name\":\"Safinel\",\"url\":\"https:\/\/www.safinel.fr\/\",\"logo\":{\"@type\":\"ImageObject\",\"inLanguage\":\"de\",\"@id\":\"https:\/\/www.safinel.fr\/#\/schema\/logo\/image\/\",\"url\":\"https:\/\/www.safinel.fr\/wp-content\/uploads\/2021\/05\/boutique-cosmetique.png\",\"contentUrl\":\"https:\/\/www.safinel.fr\/wp-content\/uploads\/2021\/05\/boutique-cosmetique.png\",\"width\":800,\"height\":200,\"caption\":\"Safinel\"},\"image\":{\"@id\":\"https:\/\/www.safinel.fr\/#\/schema\/logo\/image\/\"}}]}<\/script>\n<!-- \/ Yoast SEO plugin. -->","yoast_head_json":{"title":"Moschus Tahara Zuckerwatte I Gourmand Parfum I 3ml","description":"Z\u00f6gern Sie nicht l\u00e4nger und entdecken Sie Musc Tahara Zuckerwatte. Es ist zweifellos die Essenz, die Sie brauchen, um die Gourmandise zu riechen.","robots":{"index":"index","follow":"follow","max-snippet":"max-snippet:-1","max-image-preview":"max-image-preview:large","max-video-preview":"max-video-preview:-1"},"canonical":"https:\/\/www.safinel.fr\/de\/product-2\/moschus-tahara-zuckerwatte\/","og_locale":"de_DE","og_type":"article","og_title":"Musc Tahara barbe \u00e0 papa I Parfum gourmand I 3ml","og_description":"Ne tardez plus \u00e0 d\u00e9couvrir le\u00a0Musc Tahara barbe \u00e0 papa. C\u2019est sans nul doute l\u2019essence qu\u2019il vous faut pour sentir la gourmandise.","og_url":"https:\/\/www.safinel.fr\/de\/product-2\/moschus-tahara-zuckerwatte\/","og_site_name":"Safinel","article_modified_time":"2023-12-30T12:11:03+00:00","og_image":[{"width":600,"height":600,"url":"https:\/\/www.safinel.fr\/wp-content\/uploads\/2023\/02\/musc-tahara-barbe-a-papa.jpg","type":"image\/jpeg"}],"twitter_card":"summary_large_image","twitter_misc":{"Gesch\u00e4tzte Lesezeit":"2\u00a0Minuten"},"schema":{"@context":"https:\/\/schema.org","@graph":[{"@type":"WebPage","@id":"https:\/\/www.safinel.fr\/produit\/musc-tahara-barbe-a-papa\/","url":"https:\/\/www.safinel.fr\/produit\/musc-tahara-barbe-a-papa\/","name":"Moschus Tahara Zuckerwatte I Gourmand Parfum I 3ml","isPartOf":{"@id":"https:\/\/www.safinel.fr\/#website"},"primaryImageOfPage":{"@id":"https:\/\/www.safinel.fr\/produit\/musc-tahara-barbe-a-papa\/#primaryimage"},"image":{"@id":"https:\/\/www.safinel.fr\/produit\/musc-tahara-barbe-a-papa\/#primaryimage"},"thumbnailUrl":"https:\/\/www.safinel.fr\/wp-content\/uploads\/2023\/02\/musc-tahara-barbe-a-papa.jpg","datePublished":"2023-02-15T15:25:18+00:00","dateModified":"2023-12-30T12:11:03+00:00","description":"Z\u00f6gern Sie nicht l\u00e4nger und entdecken Sie Musc Tahara Zuckerwatte. Es ist zweifellos die Essenz, die Sie brauchen, um die Gourmandise zu riechen.","breadcrumb":{"@id":"https:\/\/www.safinel.fr\/produit\/musc-tahara-barbe-a-papa\/#breadcrumb"},"inLanguage":"de","potentialAction":[{"@type":"ReadAction","target":["https:\/\/www.safinel.fr\/produit\/musc-tahara-barbe-a-papa\/"]}]},{"@type":"ImageObject","inLanguage":"de","@id":"https:\/\/www.safinel.fr\/produit\/musc-tahara-barbe-a-papa\/#primaryimage","url":"https:\/\/www.safinel.fr\/wp-content\/uploads\/2023\/02\/musc-tahara-barbe-a-papa.jpg","contentUrl":"https:\/\/www.safinel.fr\/wp-content\/uploads\/2023\/02\/musc-tahara-barbe-a-papa.jpg","width":600,"height":600,"caption":"musc tahara barbe a papa"},{"@type":"BreadcrumbList","@id":"https:\/\/www.safinel.fr\/produit\/musc-tahara-barbe-a-papa\/#breadcrumb","itemListElement":[{"@type":"ListItem","position":1,"name":"Accueil","item":"https:\/\/www.safinel.fr\/"},{"@type":"ListItem","position":2,"name":"Boutique","item":"https:\/\/www.safinel.fr\/boutique\/"},{"@type":"ListItem","position":3,"name":"Musc Tahara barbe \u00e0 papa 3ml"}]},{"@type":"WebSite","@id":"https:\/\/www.safinel.fr\/#website","url":"https:\/\/www.safinel.fr\/","name":"Safinel","description":"","publisher":{"@id":"https:\/\/www.safinel.fr\/#organization"},"potentialAction":[{"@type":"SearchAction","target":{"@type":"EntryPoint","urlTemplate":"https:\/\/www.safinel.fr\/?s={search_term_string}"},"query-input":{"@type":"PropertyValueSpecification","valueRequired":true,"valueName":"search_term_string"}}],"inLanguage":"de"},{"@type":"Organization","@id":"https:\/\/www.safinel.fr\/#organization","name":"Safinel","url":"https:\/\/www.safinel.fr\/","logo":{"@type":"ImageObject","inLanguage":"de","@id":"https:\/\/www.safinel.fr\/#\/schema\/logo\/image\/","url":"https:\/\/www.safinel.fr\/wp-content\/uploads\/2021\/05\/boutique-cosmetique.png","contentUrl":"https:\/\/www.safinel.fr\/wp-content\/uploads\/2021\/05\/boutique-cosmetique.png","width":800,"height":200,"caption":"Safinel"},"image":{"@id":"https:\/\/www.safinel.fr\/#\/schema\/logo\/image\/"}}]}},"_links":{"self":[{"href":"https:\/\/www.safinel.fr\/de\/wp-json\/wp\/v2\/product\/4655","targetHints":{"allow":["GET"]}}],"collection":[{"href":"https:\/\/www.safinel.fr\/de\/wp-json\/wp\/v2\/product"}],"about":[{"href":"https:\/\/www.safinel.fr\/de\/wp-json\/wp\/v2\/types\/product"}],"wp:featuredmedia":[{"embeddable":true,"href":"https:\/\/www.safinel.fr\/de\/wp-json\/wp\/v2\/media\/4651"}],"wp:attachment":[{"href":"https:\/\/www.safinel.fr\/de\/wp-json\/wp\/v2\/media?parent=4655"}],"wp:term":[{"taxonomy":"product_brand","embeddable":true,"href":"https:\/\/www.safinel.fr\/de\/wp-json\/wp\/v2\/product_brand?post=4655"},{"taxonomy":"product_cat","embeddable":true,"href":"https:\/\/www.safinel.fr\/de\/wp-json\/wp\/v2\/product_cat?post=4655"},{"taxonomy":"product_tag","embeddable":true,"href":"https:\/\/www.safinel.fr\/de\/wp-json\/wp\/v2\/product_tag?post=4655"}],"curies":[{"name":"wp","href":"https:\/\/api.w.org\/{rel}","templated":true}]}}