{"id":4643,"date":"2023-02-15T14:59:29","date_gmt":"2023-02-15T14:59:29","guid":{"rendered":"https:\/\/www.safinel.fr\/?post_type=product&#038;p=4643"},"modified":"2024-01-13T16:58:54","modified_gmt":"2024-01-13T16:58:54","slug":"moschus-tahara-surrati","status":"publish","type":"product","link":"https:\/\/www.safinel.fr\/de\/product-2\/moschus-tahara-surrati\/","title":{"rendered":"Moschus Tahara \u00fcberratisiert 3ml"},"content":{"rendered":"<p>Das Parfum Musc Tahara Surrati ist ein intimer Duft, der Eleganz und Kultiviertheit verk\u00f6rpert. Diese fesselnde Essenz wurde entwickelt, um Sinnlichkeit und Vertrauen hervorzurufen und bietet ein einzigartiges und unvergessliches Dufterlebnis.<\/p>\n<p>Wenn auch Sie eine Begegnung mit einem\u00a0<strong>charmanter Ausfluss<\/strong>\u00a0und einzigartig dann entdecken Sie Tahara Moschus.<\/p>\n<h2><strong>Musc tahara surrati: ein intimer Duft mit \u00fcberraschenden Noten<\/strong><\/h2>\n<p>In der Tat enth\u00fcllt Musc Tahara Surrati schon im ersten Duft reizvolle Moschusnoten, die eine Tiefe und W\u00e4rme bieten, die an Leidenschaft und Verf\u00fchrung erinnern. Diese fesselnden Noten schaffen somit eine geheimnisvolle und sinnliche Aura, die ihre Tr\u00e4ger auf subtile Weise umgibt. Dar\u00fcber hinaus ist seine\u00a0<strong>anziehender Duft<\/strong>\u00a0machen diesen Moschus zu einem unverzichtbaren Bestandteil der t\u00e4glichen K\u00f6rperpflege.<\/p>\n<h2><strong>Die S\u00fc\u00dfe von \u00fcberratisiertem Tahara-Moschus!<\/strong><\/h2>\n<p>W\u00e4hrend einige vielleicht die Verwendung von\u00a0<strong>intime D\u00fcfte<\/strong>\u00a0als eine M\u00f6glichkeit, sich selbstbewusster und attraktiver zu f\u00fchlen, stimmt Surrati perfekt mit dieser Idee \u00fcberein. Entdecken Sie schlie\u00dflich die sensorische Erfahrung und die Assoziation bestimmter D\u00fcfte mit Tahara-Moschus.<\/p>\n<p>Dieser Duft von Surrati verk\u00f6rpert zwar die zeitlose Eleganz, die \u00fcber kurzlebige Trends hinausgeht. Sein raffiniertes und anspruchsvolles Bouquet evoziert ein Bild von zeitloser Anmut und Charme. Wenn Sie diese Wahl treffen, werden die Neugierigen unter Ihnen diesen angenehmen Duft zu sch\u00e4tzen wissen.<\/p>\n<h3><strong>Die subtile Sinnlichkeit dieses intimen Duftes<\/strong><\/h3>\n<p>Die Subtilit\u00e4t von Musc Tahara Surrati liegt in seiner F\u00e4higkeit, Sinnlichkeit auf zarte und subtile Weise heraufzubeschw\u00f6ren. Die warmen, umh\u00fcllenden Noten schaffen so eine beruhigende Aura, die die Sinne anregt, ohne jemals \u00fcberw\u00e4ltigend zu sein. Dies macht den Duft zu einem subtilen Ausdruck von Weiblichkeit und Verf\u00fchrung.<\/p>\n<p>Es ist wichtig zu beachten, dass die Verwendung von Intimparf\u00fcms eine Frage der pers\u00f6nlichen Vorliebe ist. A la <a href=\"https:\/\/www.safinel.fr\/de\/product-2\/moschus-tahara-kirsche\/\"><strong>Kirsche<\/strong><\/a> oder\u00a0<a href=\"https:\/\/www.safinel.fr\/de\/product-2\/moschus-tahara-banane\/\"><strong>mit Banane<\/strong><\/a>, Finden Sie den Intimduft, der zu Ihnen passt, in Ihrem Safinel Online-Shop!<\/p>","protected":false},"excerpt":{"rendered":"<p>Le parfum Musc Tahara Surrati est une fragrance intime qui incarne certes l&rsquo;\u00e9l\u00e9gance et la sophistication. Cette essence captivante est con\u00e7ue pour \u00e9voquer la sensualit\u00e9 et la confiance, offrant une exp\u00e9rience olfactive unique et inoubliable. Si vous aussi vous souhaitez faire la rencontre avec un\u00a0effluve charmeur\u00a0et unique alors d\u00e9couvrez\u00a0 le musc Tahara. Musc tahara surrati [&#8230;]","protected":false},"featured_media":4639,"template":"","meta":[],"product_brand":[],"product_cat":[127],"product_tag":[],"class_list":{"0":"post-4643","1":"product","2":"type-product","3":"status-publish","4":"has-post-thumbnail","6":"product_cat-musc-tahara-intime","8":"first","9":"instock","10":"shipping-taxable","11":"purchasable","12":"product-type-simple"},"yoast_head":"<!-- This site is optimized with the Yoast SEO plugin v26.6 - https:\/\/yoast.com\/wordpress\/plugins\/seo\/ -->\n<title>Musc Tahara surrati | Le parfum intime de haute qualit\u00e9 | 3ml<\/title>\n<meta name=\"description\" content=\"Le parfum Musc Tahara Surrati est une fragrance intime qui incarne certes l&#039;\u00e9l\u00e9gance et la sophistication. Adoptez-le sans plus attendre !\" \/>\n<meta name=\"robots\" content=\"index, follow, max-snippet:-1, max-image-preview:large, max-video-preview:-1\" \/>\n<link rel=\"canonical\" href=\"https:\/\/www.safinel.fr\/de\/product-2\/moschus-tahara-surrati\/\" \/>\n<meta property=\"og:locale\" content=\"de_DE\" \/>\n<meta property=\"og:type\" content=\"article\" \/>\n<meta property=\"og:title\" content=\"Musc Tahara surrati | Le parfum intime de haute qualit\u00e9 | 3ml\" \/>\n<meta property=\"og:description\" content=\"Le parfum Musc Tahara Surrati est une fragrance intime qui incarne certes l&#039;\u00e9l\u00e9gance et la sophistication. Adoptez-le sans plus attendre !\" \/>\n<meta property=\"og:url\" content=\"https:\/\/www.safinel.fr\/de\/product-2\/moschus-tahara-surrati\/\" \/>\n<meta property=\"og:site_name\" content=\"Safinel\" \/>\n<meta property=\"article:modified_time\" content=\"2024-01-13T16:58:54+00:00\" \/>\n<meta property=\"og:image\" content=\"https:\/\/www.safinel.fr\/wp-content\/uploads\/2023\/02\/musc-tahara-suratti.jpg\" \/>\n\t<meta property=\"og:image:width\" content=\"600\" \/>\n\t<meta property=\"og:image:height\" content=\"600\" \/>\n\t<meta property=\"og:image:type\" content=\"image\/jpeg\" \/>\n<meta name=\"twitter:card\" content=\"summary_large_image\" \/>\n<meta name=\"twitter:label1\" content=\"Gesch\u00e4tzte Lesezeit\" \/>\n\t<meta name=\"twitter:data1\" content=\"2\u00a0Minuten\" \/>\n<script type=\"application\/ld+json\" class=\"yoast-schema-graph\">{\"@context\":\"https:\/\/schema.org\",\"@graph\":[{\"@type\":\"WebPage\",\"@id\":\"https:\/\/www.safinel.fr\/produit\/musc-tahara-surrati\/\",\"url\":\"https:\/\/www.safinel.fr\/produit\/musc-tahara-surrati\/\",\"name\":\"Musc Tahara surrati | Le parfum intime de haute qualit\u00e9 | 3ml\",\"isPartOf\":{\"@id\":\"https:\/\/www.safinel.fr\/#website\"},\"primaryImageOfPage\":{\"@id\":\"https:\/\/www.safinel.fr\/produit\/musc-tahara-surrati\/#primaryimage\"},\"image\":{\"@id\":\"https:\/\/www.safinel.fr\/produit\/musc-tahara-surrati\/#primaryimage\"},\"thumbnailUrl\":\"https:\/\/www.safinel.fr\/wp-content\/uploads\/2023\/02\/musc-tahara-suratti.jpg\",\"datePublished\":\"2023-02-15T14:59:29+00:00\",\"dateModified\":\"2024-01-13T16:58:54+00:00\",\"description\":\"Le parfum Musc Tahara Surrati est une fragrance intime qui incarne certes l'\u00e9l\u00e9gance et la sophistication. Adoptez-le sans plus attendre !\",\"breadcrumb\":{\"@id\":\"https:\/\/www.safinel.fr\/produit\/musc-tahara-surrati\/#breadcrumb\"},\"inLanguage\":\"de\",\"potentialAction\":[{\"@type\":\"ReadAction\",\"target\":[\"https:\/\/www.safinel.fr\/produit\/musc-tahara-surrati\/\"]}]},{\"@type\":\"ImageObject\",\"inLanguage\":\"de\",\"@id\":\"https:\/\/www.safinel.fr\/produit\/musc-tahara-surrati\/#primaryimage\",\"url\":\"https:\/\/www.safinel.fr\/wp-content\/uploads\/2023\/02\/musc-tahara-suratti.jpg\",\"contentUrl\":\"https:\/\/www.safinel.fr\/wp-content\/uploads\/2023\/02\/musc-tahara-suratti.jpg\",\"width\":600,\"height\":600,\"caption\":\"Musc Tahara surrati 5ml\"},{\"@type\":\"BreadcrumbList\",\"@id\":\"https:\/\/www.safinel.fr\/produit\/musc-tahara-surrati\/#breadcrumb\",\"itemListElement\":[{\"@type\":\"ListItem\",\"position\":1,\"name\":\"Accueil\",\"item\":\"https:\/\/www.safinel.fr\/\"},{\"@type\":\"ListItem\",\"position\":2,\"name\":\"Boutique\",\"item\":\"https:\/\/www.safinel.fr\/boutique\/\"},{\"@type\":\"ListItem\",\"position\":3,\"name\":\"Musc Tahara surrati 3ml\"}]},{\"@type\":\"WebSite\",\"@id\":\"https:\/\/www.safinel.fr\/#website\",\"url\":\"https:\/\/www.safinel.fr\/\",\"name\":\"Safinel\",\"description\":\"\",\"publisher\":{\"@id\":\"https:\/\/www.safinel.fr\/#organization\"},\"potentialAction\":[{\"@type\":\"SearchAction\",\"target\":{\"@type\":\"EntryPoint\",\"urlTemplate\":\"https:\/\/www.safinel.fr\/?s={search_term_string}\"},\"query-input\":{\"@type\":\"PropertyValueSpecification\",\"valueRequired\":true,\"valueName\":\"search_term_string\"}}],\"inLanguage\":\"de\"},{\"@type\":\"Organization\",\"@id\":\"https:\/\/www.safinel.fr\/#organization\",\"name\":\"Safinel\",\"url\":\"https:\/\/www.safinel.fr\/\",\"logo\":{\"@type\":\"ImageObject\",\"inLanguage\":\"de\",\"@id\":\"https:\/\/www.safinel.fr\/#\/schema\/logo\/image\/\",\"url\":\"https:\/\/www.safinel.fr\/wp-content\/uploads\/2021\/05\/boutique-cosmetique.png\",\"contentUrl\":\"https:\/\/www.safinel.fr\/wp-content\/uploads\/2021\/05\/boutique-cosmetique.png\",\"width\":800,\"height\":200,\"caption\":\"Safinel\"},\"image\":{\"@id\":\"https:\/\/www.safinel.fr\/#\/schema\/logo\/image\/\"}}]}<\/script>\n<!-- \/ Yoast SEO plugin. -->","yoast_head_json":{"title":"Musc Tahara surrati | Der hochwertige Intimduft | 3ml","description":"Das Parfum Musc Tahara Surrati ist ein intimer Duft, der Eleganz und Kultiviertheit verk\u00f6rpert. Nehmen Sie ihn sofort an!","robots":{"index":"index","follow":"follow","max-snippet":"max-snippet:-1","max-image-preview":"max-image-preview:large","max-video-preview":"max-video-preview:-1"},"canonical":"https:\/\/www.safinel.fr\/de\/product-2\/moschus-tahara-surrati\/","og_locale":"de_DE","og_type":"article","og_title":"Musc Tahara surrati | Le parfum intime de haute qualit\u00e9 | 3ml","og_description":"Le parfum Musc Tahara Surrati est une fragrance intime qui incarne certes l'\u00e9l\u00e9gance et la sophistication. Adoptez-le sans plus attendre !","og_url":"https:\/\/www.safinel.fr\/de\/product-2\/moschus-tahara-surrati\/","og_site_name":"Safinel","article_modified_time":"2024-01-13T16:58:54+00:00","og_image":[{"width":600,"height":600,"url":"https:\/\/www.safinel.fr\/wp-content\/uploads\/2023\/02\/musc-tahara-suratti.jpg","type":"image\/jpeg"}],"twitter_card":"summary_large_image","twitter_misc":{"Gesch\u00e4tzte Lesezeit":"2\u00a0Minuten"},"schema":{"@context":"https:\/\/schema.org","@graph":[{"@type":"WebPage","@id":"https:\/\/www.safinel.fr\/produit\/musc-tahara-surrati\/","url":"https:\/\/www.safinel.fr\/produit\/musc-tahara-surrati\/","name":"Musc Tahara surrati | Der hochwertige Intimduft | 3ml","isPartOf":{"@id":"https:\/\/www.safinel.fr\/#website"},"primaryImageOfPage":{"@id":"https:\/\/www.safinel.fr\/produit\/musc-tahara-surrati\/#primaryimage"},"image":{"@id":"https:\/\/www.safinel.fr\/produit\/musc-tahara-surrati\/#primaryimage"},"thumbnailUrl":"https:\/\/www.safinel.fr\/wp-content\/uploads\/2023\/02\/musc-tahara-suratti.jpg","datePublished":"2023-02-15T14:59:29+00:00","dateModified":"2024-01-13T16:58:54+00:00","description":"Das Parfum Musc Tahara Surrati ist ein intimer Duft, der Eleganz und Kultiviertheit verk\u00f6rpert. Nehmen Sie ihn sofort an!","breadcrumb":{"@id":"https:\/\/www.safinel.fr\/produit\/musc-tahara-surrati\/#breadcrumb"},"inLanguage":"de","potentialAction":[{"@type":"ReadAction","target":["https:\/\/www.safinel.fr\/produit\/musc-tahara-surrati\/"]}]},{"@type":"ImageObject","inLanguage":"de","@id":"https:\/\/www.safinel.fr\/produit\/musc-tahara-surrati\/#primaryimage","url":"https:\/\/www.safinel.fr\/wp-content\/uploads\/2023\/02\/musc-tahara-suratti.jpg","contentUrl":"https:\/\/www.safinel.fr\/wp-content\/uploads\/2023\/02\/musc-tahara-suratti.jpg","width":600,"height":600,"caption":"Musc Tahara surrati 5ml"},{"@type":"BreadcrumbList","@id":"https:\/\/www.safinel.fr\/produit\/musc-tahara-surrati\/#breadcrumb","itemListElement":[{"@type":"ListItem","position":1,"name":"Accueil","item":"https:\/\/www.safinel.fr\/"},{"@type":"ListItem","position":2,"name":"Boutique","item":"https:\/\/www.safinel.fr\/boutique\/"},{"@type":"ListItem","position":3,"name":"Musc Tahara surrati 3ml"}]},{"@type":"WebSite","@id":"https:\/\/www.safinel.fr\/#website","url":"https:\/\/www.safinel.fr\/","name":"Safinel","description":"","publisher":{"@id":"https:\/\/www.safinel.fr\/#organization"},"potentialAction":[{"@type":"SearchAction","target":{"@type":"EntryPoint","urlTemplate":"https:\/\/www.safinel.fr\/?s={search_term_string}"},"query-input":{"@type":"PropertyValueSpecification","valueRequired":true,"valueName":"search_term_string"}}],"inLanguage":"de"},{"@type":"Organization","@id":"https:\/\/www.safinel.fr\/#organization","name":"Safinel","url":"https:\/\/www.safinel.fr\/","logo":{"@type":"ImageObject","inLanguage":"de","@id":"https:\/\/www.safinel.fr\/#\/schema\/logo\/image\/","url":"https:\/\/www.safinel.fr\/wp-content\/uploads\/2021\/05\/boutique-cosmetique.png","contentUrl":"https:\/\/www.safinel.fr\/wp-content\/uploads\/2021\/05\/boutique-cosmetique.png","width":800,"height":200,"caption":"Safinel"},"image":{"@id":"https:\/\/www.safinel.fr\/#\/schema\/logo\/image\/"}}]}},"_links":{"self":[{"href":"https:\/\/www.safinel.fr\/de\/wp-json\/wp\/v2\/product\/4643","targetHints":{"allow":["GET"]}}],"collection":[{"href":"https:\/\/www.safinel.fr\/de\/wp-json\/wp\/v2\/product"}],"about":[{"href":"https:\/\/www.safinel.fr\/de\/wp-json\/wp\/v2\/types\/product"}],"wp:featuredmedia":[{"embeddable":true,"href":"https:\/\/www.safinel.fr\/de\/wp-json\/wp\/v2\/media\/4639"}],"wp:attachment":[{"href":"https:\/\/www.safinel.fr\/de\/wp-json\/wp\/v2\/media?parent=4643"}],"wp:term":[{"taxonomy":"product_brand","embeddable":true,"href":"https:\/\/www.safinel.fr\/de\/wp-json\/wp\/v2\/product_brand?post=4643"},{"taxonomy":"product_cat","embeddable":true,"href":"https:\/\/www.safinel.fr\/de\/wp-json\/wp\/v2\/product_cat?post=4643"},{"taxonomy":"product_tag","embeddable":true,"href":"https:\/\/www.safinel.fr\/de\/wp-json\/wp\/v2\/product_tag?post=4643"}],"curies":[{"name":"wp","href":"https:\/\/api.w.org\/{rel}","templated":true}]}}