{"id":4637,"date":"2023-02-15T14:50:07","date_gmt":"2023-02-15T14:50:07","guid":{"rendered":"https:\/\/www.safinel.fr\/?post_type=product&#038;p=4637"},"modified":"2023-12-28T17:15:47","modified_gmt":"2023-12-28T17:15:47","slug":"moschus-tahara-vanille","status":"publish","type":"product","link":"https:\/\/www.safinel.fr\/de\/product-2\/moschus-tahara-vanille\/","title":{"rendered":"Moschus Tahara Vanille 3ml"},"content":{"rendered":"<p><strong>Safinel<\/strong>\u00a0bietet Ihnen den<strong>\u00a0Moschus Tahara Vanille<\/strong>\u00a0auf ihrer Boutique. Ein neues Parfum, dem Sie mit Sicherheit erliegen werden.<\/p>\n<h2><strong>Moschus Tahara Vanille: Ihr neuer nat\u00fcrlicher Duft<\/strong><\/h2>\n<p>Immer darauf bedacht, Ihnen au\u00dfergew\u00f6hnliche Parfums aufzusp\u00fcren. Die Boutique<strong>\u00a0Safinel\u00a0<\/strong>bietet Ihnen heute eine ganz neue Art von nat\u00fcrlichem Parf\u00fcm an.<\/p>\n<p>Einfach zu verwenden und mitzunehmen. Dieses Fl\u00e4schchen mit 3 ml Inhalt wird Sie begleiten, wohin Sie auch gehen. Denn es ist sicher, dass Sie nicht mehr auf dieses Duftwunder verzichten k\u00f6nnen, das Sie erfrischen wird, wann immer Sie es w\u00fcnschen.<\/p>\n<p>In einem Bruchteil einer Sekunde wird dieser\u00a0<strong>Moschus Tahara Vanille\u00a0<\/strong>wird Ihnen sofort einen Boost und einen Frischekick verleihen. Mit seinem Vanilleduft geht es auf die Inseln.<\/p>\n<p>Was will man mehr, wenn man sich dank eines angenehmen Duftes entspannt f\u00fchlen m\u00f6chte?<\/p>\n<h3><strong>Warum sollte man diesem intimen Duft erliegen?<\/strong><\/h3>\n<p>Es ist einfach, eine Antwort auf diese Problematik zu geben.<\/p>\n<p>Vanille ist n\u00e4mlich daf\u00fcr bekannt, dass sie zahlreiche positive Auswirkungen auf das geistige Wohlbefinden eines jeden Menschen hat. Daher ist die Verwendung dieser\u00a0<strong>Moschus Tahara Vanille<\/strong>\u00a0von bei\u00a0<strong>Safinel<\/strong>\u00a0wird einerseits als Antidepressivum wirken. Sie werden aber auch in einen Zustand der mentalen Entspannung versetzt. Dies geschieht ohne gro\u00dfe Anstrengung Ihrerseits.<\/p>\n<p>Schlie\u00dflich m\u00f6chten wir Sie noch davon \u00fcberzeugen, dass Vanille f\u00fcr ihre nat\u00fcrliche aphrodisierende Wirkung auf den K\u00f6rper bekannt ist. Mit anderen Worten: Genau wie Schokolade wird dieses duftende Wunder Ihre Libido ankurbeln.<\/p>\n<p>Das liegt an seiner stimulierenden Wirkung, die aktiviert wird, sobald er auf Ihre Haut aufgetragen wird. Zum Beispiel werden Sie einen unwiderstehlichen Duft f\u00fcr jeden haben, der sich Ihnen n\u00e4hert.<\/p>\n<p>Zum Schluss, wenn Sie Ihr Parfum \u00e4ndern wollen, auch wir empfehlen Ihnen, den\u00a0<a href=\"https:\/\/www.safinel.fr\/de\/product-2\/moschus-tahara-kirsche\/\"><strong>Moschus Tahara Kirsche<\/strong><\/a>\u00a0erh\u00e4ltlich im Shop\u00a0<strong>Safinel.<\/strong><\/p>\n<p>Schlie\u00dflich wird es das Sahneh\u00e4ubchen auf dem Kuchen sein, sobald es auf Ihre Haut aufgetragen wurde.<\/p>","protected":false},"excerpt":{"rendered":"<p>Safinel bietet Ihnen Musc Tahara Vanille in seinem Shop an. Ein neues Parf\u00fcm, dem Sie garantiert erliegen werden. Musc Tahara Vanille: Ihr neues nat\u00fcrliches Parf\u00fcm Wir sind stets bem\u00fcht, au\u00dfergew\u00f6hnliche Parf\u00fcms f\u00fcr Sie zu finden. Der Safinel-Shop bietet Ihnen heute eine ganz neue Art von nat\u00fcrlichem Parf\u00fcm. Einfach in der Anwendung und leicht mitzunehmen. Dieses Fl\u00e4schchen [\u2026]","protected":false},"featured_media":4641,"template":"","meta":[],"product_brand":[],"product_cat":[127],"product_tag":[],"class_list":{"0":"post-4637","1":"product","2":"type-product","3":"status-publish","4":"has-post-thumbnail","6":"product_cat-musc-tahara-intime","8":"first","9":"instock","10":"shipping-taxable","11":"purchasable","12":"product-type-simple"},"yoast_head":"<!-- This site is optimized with the Yoast SEO plugin v26.6 - https:\/\/yoast.com\/wordpress\/plugins\/seo\/ -->\n<title>Musc Tahara vanille I Parfum intime senteur vanille I 3ml<\/title>\n<meta name=\"description\" content=\"Safinel\u00a0vous propose le\u00a0Musc Tahara Vanille\u00a0sur sa boutique. Un nouveau parfum pour lequel vous allez \u00e0 coup s\u00fbr succomber.\" \/>\n<meta name=\"robots\" content=\"index, follow, max-snippet:-1, max-image-preview:large, max-video-preview:-1\" \/>\n<link rel=\"canonical\" href=\"https:\/\/www.safinel.fr\/de\/product-2\/moschus-tahara-vanille\/\" \/>\n<meta property=\"og:locale\" content=\"de_DE\" \/>\n<meta property=\"og:type\" content=\"article\" \/>\n<meta property=\"og:title\" content=\"Musc Tahara vanille I Parfum intime senteur vanille I 3ml\" \/>\n<meta property=\"og:description\" content=\"Safinel\u00a0vous propose le\u00a0Musc Tahara Vanille\u00a0sur sa boutique. Un nouveau parfum pour lequel vous allez \u00e0 coup s\u00fbr succomber.\" \/>\n<meta property=\"og:url\" content=\"https:\/\/www.safinel.fr\/de\/product-2\/moschus-tahara-vanille\/\" \/>\n<meta property=\"og:site_name\" content=\"Safinel\" \/>\n<meta property=\"article:modified_time\" content=\"2023-12-28T17:15:47+00:00\" \/>\n<meta property=\"og:image\" content=\"https:\/\/www.safinel.fr\/wp-content\/uploads\/2023\/02\/musc-tahara-vanille.jpg\" \/>\n\t<meta property=\"og:image:width\" content=\"600\" \/>\n\t<meta property=\"og:image:height\" content=\"600\" \/>\n\t<meta property=\"og:image:type\" content=\"image\/jpeg\" \/>\n<meta name=\"twitter:card\" content=\"summary_large_image\" \/>\n<meta name=\"twitter:label1\" content=\"Gesch\u00e4tzte Lesezeit\" \/>\n\t<meta name=\"twitter:data1\" content=\"2\u00a0Minuten\" \/>\n<script type=\"application\/ld+json\" class=\"yoast-schema-graph\">{\"@context\":\"https:\/\/schema.org\",\"@graph\":[{\"@type\":\"WebPage\",\"@id\":\"https:\/\/www.safinel.fr\/produit\/musc-tahara-vanille\/\",\"url\":\"https:\/\/www.safinel.fr\/produit\/musc-tahara-vanille\/\",\"name\":\"Musc Tahara vanille I Parfum intime senteur vanille I 3ml\",\"isPartOf\":{\"@id\":\"https:\/\/www.safinel.fr\/#website\"},\"primaryImageOfPage\":{\"@id\":\"https:\/\/www.safinel.fr\/produit\/musc-tahara-vanille\/#primaryimage\"},\"image\":{\"@id\":\"https:\/\/www.safinel.fr\/produit\/musc-tahara-vanille\/#primaryimage\"},\"thumbnailUrl\":\"https:\/\/www.safinel.fr\/wp-content\/uploads\/2023\/02\/musc-tahara-vanille.jpg\",\"datePublished\":\"2023-02-15T14:50:07+00:00\",\"dateModified\":\"2023-12-28T17:15:47+00:00\",\"description\":\"Safinel\u00a0vous propose le\u00a0Musc Tahara Vanille\u00a0sur sa boutique. Un nouveau parfum pour lequel vous allez \u00e0 coup s\u00fbr succomber.\",\"breadcrumb\":{\"@id\":\"https:\/\/www.safinel.fr\/produit\/musc-tahara-vanille\/#breadcrumb\"},\"inLanguage\":\"de\",\"potentialAction\":[{\"@type\":\"ReadAction\",\"target\":[\"https:\/\/www.safinel.fr\/produit\/musc-tahara-vanille\/\"]}]},{\"@type\":\"ImageObject\",\"inLanguage\":\"de\",\"@id\":\"https:\/\/www.safinel.fr\/produit\/musc-tahara-vanille\/#primaryimage\",\"url\":\"https:\/\/www.safinel.fr\/wp-content\/uploads\/2023\/02\/musc-tahara-vanille.jpg\",\"contentUrl\":\"https:\/\/www.safinel.fr\/wp-content\/uploads\/2023\/02\/musc-tahara-vanille.jpg\",\"width\":600,\"height\":600,\"caption\":\"musc tahara vanille\"},{\"@type\":\"BreadcrumbList\",\"@id\":\"https:\/\/www.safinel.fr\/produit\/musc-tahara-vanille\/#breadcrumb\",\"itemListElement\":[{\"@type\":\"ListItem\",\"position\":1,\"name\":\"Accueil\",\"item\":\"https:\/\/www.safinel.fr\/\"},{\"@type\":\"ListItem\",\"position\":2,\"name\":\"Boutique\",\"item\":\"https:\/\/www.safinel.fr\/boutique\/\"},{\"@type\":\"ListItem\",\"position\":3,\"name\":\"Musc Tahara vanille 3ml\"}]},{\"@type\":\"WebSite\",\"@id\":\"https:\/\/www.safinel.fr\/#website\",\"url\":\"https:\/\/www.safinel.fr\/\",\"name\":\"Safinel\",\"description\":\"\",\"publisher\":{\"@id\":\"https:\/\/www.safinel.fr\/#organization\"},\"potentialAction\":[{\"@type\":\"SearchAction\",\"target\":{\"@type\":\"EntryPoint\",\"urlTemplate\":\"https:\/\/www.safinel.fr\/?s={search_term_string}\"},\"query-input\":{\"@type\":\"PropertyValueSpecification\",\"valueRequired\":true,\"valueName\":\"search_term_string\"}}],\"inLanguage\":\"de\"},{\"@type\":\"Organization\",\"@id\":\"https:\/\/www.safinel.fr\/#organization\",\"name\":\"Safinel\",\"url\":\"https:\/\/www.safinel.fr\/\",\"logo\":{\"@type\":\"ImageObject\",\"inLanguage\":\"de\",\"@id\":\"https:\/\/www.safinel.fr\/#\/schema\/logo\/image\/\",\"url\":\"https:\/\/www.safinel.fr\/wp-content\/uploads\/2021\/05\/boutique-cosmetique.png\",\"contentUrl\":\"https:\/\/www.safinel.fr\/wp-content\/uploads\/2021\/05\/boutique-cosmetique.png\",\"width\":800,\"height\":200,\"caption\":\"Safinel\"},\"image\":{\"@id\":\"https:\/\/www.safinel.fr\/#\/schema\/logo\/image\/\"}}]}<\/script>\n<!-- \/ Yoast SEO plugin. -->","yoast_head_json":{"title":"Moschus Tahara Vanille I Intimduft Vanille I 3ml","description":"Safinel bietet Ihnen Musc Tahara Vanille in seinem Shop an. Ein neuer Duft, dem Sie mit Sicherheit erliegen werden.","robots":{"index":"index","follow":"follow","max-snippet":"max-snippet:-1","max-image-preview":"max-image-preview:large","max-video-preview":"max-video-preview:-1"},"canonical":"https:\/\/www.safinel.fr\/de\/product-2\/moschus-tahara-vanille\/","og_locale":"de_DE","og_type":"article","og_title":"Musc Tahara vanille I Parfum intime senteur vanille I 3ml","og_description":"Safinel\u00a0vous propose le\u00a0Musc Tahara Vanille\u00a0sur sa boutique. Un nouveau parfum pour lequel vous allez \u00e0 coup s\u00fbr succomber.","og_url":"https:\/\/www.safinel.fr\/de\/product-2\/moschus-tahara-vanille\/","og_site_name":"Safinel","article_modified_time":"2023-12-28T17:15:47+00:00","og_image":[{"width":600,"height":600,"url":"https:\/\/www.safinel.fr\/wp-content\/uploads\/2023\/02\/musc-tahara-vanille.jpg","type":"image\/jpeg"}],"twitter_card":"summary_large_image","twitter_misc":{"Gesch\u00e4tzte Lesezeit":"2\u00a0Minuten"},"schema":{"@context":"https:\/\/schema.org","@graph":[{"@type":"WebPage","@id":"https:\/\/www.safinel.fr\/produit\/musc-tahara-vanille\/","url":"https:\/\/www.safinel.fr\/produit\/musc-tahara-vanille\/","name":"Moschus Tahara Vanille I Intimduft Vanille I 3ml","isPartOf":{"@id":"https:\/\/www.safinel.fr\/#website"},"primaryImageOfPage":{"@id":"https:\/\/www.safinel.fr\/produit\/musc-tahara-vanille\/#primaryimage"},"image":{"@id":"https:\/\/www.safinel.fr\/produit\/musc-tahara-vanille\/#primaryimage"},"thumbnailUrl":"https:\/\/www.safinel.fr\/wp-content\/uploads\/2023\/02\/musc-tahara-vanille.jpg","datePublished":"2023-02-15T14:50:07+00:00","dateModified":"2023-12-28T17:15:47+00:00","description":"Safinel bietet Ihnen Musc Tahara Vanille in seinem Shop an. Ein neuer Duft, dem Sie mit Sicherheit erliegen werden.","breadcrumb":{"@id":"https:\/\/www.safinel.fr\/produit\/musc-tahara-vanille\/#breadcrumb"},"inLanguage":"de","potentialAction":[{"@type":"ReadAction","target":["https:\/\/www.safinel.fr\/produit\/musc-tahara-vanille\/"]}]},{"@type":"ImageObject","inLanguage":"de","@id":"https:\/\/www.safinel.fr\/produit\/musc-tahara-vanille\/#primaryimage","url":"https:\/\/www.safinel.fr\/wp-content\/uploads\/2023\/02\/musc-tahara-vanille.jpg","contentUrl":"https:\/\/www.safinel.fr\/wp-content\/uploads\/2023\/02\/musc-tahara-vanille.jpg","width":600,"height":600,"caption":"musc tahara vanille"},{"@type":"BreadcrumbList","@id":"https:\/\/www.safinel.fr\/produit\/musc-tahara-vanille\/#breadcrumb","itemListElement":[{"@type":"ListItem","position":1,"name":"Accueil","item":"https:\/\/www.safinel.fr\/"},{"@type":"ListItem","position":2,"name":"Boutique","item":"https:\/\/www.safinel.fr\/boutique\/"},{"@type":"ListItem","position":3,"name":"Musc Tahara vanille 3ml"}]},{"@type":"WebSite","@id":"https:\/\/www.safinel.fr\/#website","url":"https:\/\/www.safinel.fr\/","name":"Safinel","description":"","publisher":{"@id":"https:\/\/www.safinel.fr\/#organization"},"potentialAction":[{"@type":"SearchAction","target":{"@type":"EntryPoint","urlTemplate":"https:\/\/www.safinel.fr\/?s={search_term_string}"},"query-input":{"@type":"PropertyValueSpecification","valueRequired":true,"valueName":"search_term_string"}}],"inLanguage":"de"},{"@type":"Organization","@id":"https:\/\/www.safinel.fr\/#organization","name":"Safinel","url":"https:\/\/www.safinel.fr\/","logo":{"@type":"ImageObject","inLanguage":"de","@id":"https:\/\/www.safinel.fr\/#\/schema\/logo\/image\/","url":"https:\/\/www.safinel.fr\/wp-content\/uploads\/2021\/05\/boutique-cosmetique.png","contentUrl":"https:\/\/www.safinel.fr\/wp-content\/uploads\/2021\/05\/boutique-cosmetique.png","width":800,"height":200,"caption":"Safinel"},"image":{"@id":"https:\/\/www.safinel.fr\/#\/schema\/logo\/image\/"}}]}},"_links":{"self":[{"href":"https:\/\/www.safinel.fr\/de\/wp-json\/wp\/v2\/product\/4637","targetHints":{"allow":["GET"]}}],"collection":[{"href":"https:\/\/www.safinel.fr\/de\/wp-json\/wp\/v2\/product"}],"about":[{"href":"https:\/\/www.safinel.fr\/de\/wp-json\/wp\/v2\/types\/product"}],"wp:featuredmedia":[{"embeddable":true,"href":"https:\/\/www.safinel.fr\/de\/wp-json\/wp\/v2\/media\/4641"}],"wp:attachment":[{"href":"https:\/\/www.safinel.fr\/de\/wp-json\/wp\/v2\/media?parent=4637"}],"wp:term":[{"taxonomy":"product_brand","embeddable":true,"href":"https:\/\/www.safinel.fr\/de\/wp-json\/wp\/v2\/product_brand?post=4637"},{"taxonomy":"product_cat","embeddable":true,"href":"https:\/\/www.safinel.fr\/de\/wp-json\/wp\/v2\/product_cat?post=4637"},{"taxonomy":"product_tag","embeddable":true,"href":"https:\/\/www.safinel.fr\/de\/wp-json\/wp\/v2\/product_tag?post=4637"}],"curies":[{"name":"wp","href":"https:\/\/api.w.org\/{rel}","templated":true}]}}