{"id":4621,"date":"2023-02-15T09:30:38","date_gmt":"2023-02-15T09:30:38","guid":{"rendered":"https:\/\/www.safinel.fr\/?post_type=product&#038;p=4621"},"modified":"2023-12-28T17:15:47","modified_gmt":"2023-12-28T17:15:47","slug":"kamelmilchpulver","status":"publish","type":"product","link":"https:\/\/www.safinel.fr\/de\/product-2\/kamelmilchpulver\/","title":{"rendered":"Kamelmilchpulver 100g"},"content":{"rendered":"<p>Kamelmilch ist seit Jahren ein fester Bestandteil der Ern\u00e4hrung von Beduinen und findet seit einigen Jahren immer mehr Anh\u00e4nger. Und das auf der ganzen Welt. Die Bev\u00f6lkerung au\u00dferhalb der arabischen L\u00e4nder. hat endlich den Reichtum und die Vorteile verstanden, die diese spezielle Milch uns zu bieten hat. Hier ein \u00dcberblick \u00fcber die Kamelmilch.\u00a0<strong>Seine besondere Zusammensetzung und insbesondere einige seiner Vorteile<\/strong>. Sie werden sehen, dass er alles hat, was man sich w\u00fcnschen kann.<\/p>\n<h2><strong>Die Zusammensetzung von Kamelmilch<\/strong><\/h2>\n<p>Bis auf wenige Ausnahmen \u00e4hnelt die klassische Kamelmilch oder Kamelmilchpulver in ihrer Zusammensetzung stark der Kuhmilch. Vor allem einige N\u00e4hrstoffe sind anders. Bei Kamelmilch k\u00f6nnen Faktoren wie die Kamelrasse, die Jahreszeit oder die Umwelt den Anteil der N\u00e4hrstoffe in der Milch beeinflussen.<\/p>\n<p>Einfach ausgedr\u00fcckt ist der Wassergehalt von Kamel- und Kuhmilch ziemlich \u00e4hnlich. Aber was diese Milch von Kuhmilch unterscheidet, ist ihr Wassergehalt.\u00a0<strong>geringerer Fettgehalt<\/strong>\u00a0aber ihre Zufuhr an Proteinen, Mineralien und Vitaminen h\u00f6her. Und\u00a0<strong>bei der Suche nach einer ges\u00fcnderen Ern\u00e4hrung<\/strong>,\u00a0<strong>macht er sich daher v\u00f6llig beliebt.<\/strong>\u00a0Wir wollen uns seine Vorteile genauer ansehen.<\/p>\n<h2><strong>Kamelmilch f\u00fcr Ihre Immunit\u00e4t\u00a0<\/strong><\/h2>\n<p>In erster Linie werden Sie ihn genie\u00dfen, denn tats\u00e4chlich ist diese milchige S\u00fc\u00dfigkeit ein Verb\u00fcndeter f\u00fcr Ihre Immunit\u00e4t. Dabei enth\u00e4lt er mehrere N\u00e4hrstoffe mit folgenden Eigenschaften\u00a0<strong>antibakterielle Eigenschaften<\/strong>,\u00a0<strong>antiviral<\/strong>,\u00a0<strong>antimikrobiell<\/strong>,\u00a0<strong>Antimykotika<\/strong>,\u00a0<a href=\"https:\/\/www.safinel.fr\/de\/product-2\/schwarze-seife-mit-nigellaol-habachia-100g-nigella-source\/\"><strong>entz\u00fcndungshemmende Mittel<\/strong><\/a>\u00a0und\u00a0<strong>Antioxidantien<\/strong>. Au\u00dferdem ist Kuhmilch im Vergleich zu Ziegenmilch deutlich teurer.\u00a0<strong>hypoallergen<\/strong>. Und es ist noch nicht vorbei!<\/p>\n<h3><strong>Er wird Ihrem Verdauungs- und Herz-Kreislauf-System gefallen\u00a0<\/strong><\/h3>\n<p>Diese Milch hat einen hohen Gehalt an Omega-3- und Omega-9-Fetts\u00e4uren. So wird sie als echte Quelle f\u00fcr \u00abgutes Fett\u00bb bezeichnet.  Und das zeigt sich in ihrer Wirkung, die Folgendes erm\u00f6glicht<strong>\u00a0die richtige Aufrechterhaltung des Blutdrucks.<\/strong>\u00a0Und gleichzeitig wird diese wertvolle Milch die Ansammlung von Cholesterin begrenzen.<\/p>\n<p>Und schlie\u00dflich, wenn Sie nach einer Verbesserung der Gesundheit Ihres\u00a0<strong>Darmmikrobiota<\/strong>, Wenn Sie sich f\u00fcr Kamelmilch entscheiden, ist der Verzehr von Kamelmilchpulver oder herk\u00f6mmlicher Kamelmilch ideal. Um es noch deutlicher zu sagen: Die oben erw\u00e4hnte Milch ist definitiv\u00a0<strong>weniger fett, das k\u00f6nnen wir Ihnen versichern! Und er ist auch<\/strong>\u00a0<strong>weniger kalorienreich<\/strong>,\u00a0<strong>ges\u00fcnder und<\/strong>\u00a0<strong>leichter verdaulich.\u00a0<\/strong>Und auch seine anderen Vorz\u00fcge werden Sie nicht im Stich lassen!<\/p>\n<h3><strong>Kamelmilch als Sch\u00f6nheitsverb\u00fcndeter - das h\u00e4tten Sie sich nicht tr\u00e4umen lassen!\u00a0<\/strong><\/h3>\n<p>Die Milch von Kameliden ist reich an\u00a0<strong>\u03b1-Hydroxys\u00e4uren.\u00a0<\/strong>Wir merken uns von diesem nicht ganz eindeutigen Begriff, dass sie helfen, die Haut sanft zu peelen. Ihre genaue Wirkung besteht darin, die oberen Schichten abgestorbener Hautzellen zu entfernen. Und f\u00f6rdern eine\u00a0<strong>straffere Haut<\/strong>\u00a0und\u00a0<strong>ges\u00fcnder<\/strong>. Der Vorteil, der uns gef\u00e4llt, ist, dass sie auch dazu beitr\u00e4gt, uns zu verj\u00fcngen. Kamelmilchpulver oder herk\u00f6mmliche Kamelmilch wirkt sanft auf den K\u00f6rper ein.\u00a0<strong>Verj\u00fcngung der Haut, Milderung von Falten, ebenm\u00e4\u00dfiger und hellerer Teint<\/strong>.<\/p>\n<p>Dar\u00fcber hinaus verleiht der hohe Anteil der Vitamine A, B1, B2, B12, C und D dieser Milch reparierende und antioxidative Eigenschaften, die als\u00a0<strong>Anti-Aging<\/strong>. Sie straffen die Haut, n\u00e4hren sie und machen sie geschmeidig. Kamelmilch ist in jeder Hinsicht Ihr nat\u00fcrlicher Verb\u00fcndeter! Nehmen Sie diese neue Art des Milchkonsums an!<\/p>","protected":false},"excerpt":{"rendered":"<p>Kamelmilch ist seit Jahren fester Bestandteil der Ern\u00e4hrung der Beduinen und erfreut sich seit einigen Jahren weltweit immer gr\u00f6\u00dferer Beliebtheit. Auch au\u00dferhalb der arabischen L\u00e4nder hat man endlich den Reichtum und die Vorz\u00fcge dieser besonderen Milch erkannt. Wir [\u2026]","protected":false},"featured_media":4622,"template":"","meta":[],"product_brand":[],"product_cat":[28],"product_tag":[],"class_list":{"0":"post-4621","1":"product","2":"type-product","3":"status-publish","4":"has-post-thumbnail","6":"product_cat-divers","8":"first","9":"instock","10":"shipping-taxable","11":"purchasable","12":"product-type-simple"},"yoast_head":"<!-- This site is optimized with the Yoast SEO plugin v26.6 - https:\/\/yoast.com\/wordpress\/plugins\/seo\/ -->\n<title>Lait de chamelle en poudre I Boisson saine I Bienfaits nombreux<\/title>\n<meta name=\"description\" content=\"Partie int\u00e9grante du r\u00e9gime des b\u00e9douins depuis des ann\u00e9es, le lait de chamelle fait depuis quelques ann\u00e9es de plus en plus d&#039;adeptes.\" \/>\n<meta name=\"robots\" content=\"index, follow, max-snippet:-1, max-image-preview:large, max-video-preview:-1\" \/>\n<link rel=\"canonical\" href=\"https:\/\/www.safinel.fr\/de\/product-2\/kamelmilchpulver\/\" \/>\n<meta property=\"og:locale\" content=\"de_DE\" \/>\n<meta property=\"og:type\" content=\"article\" \/>\n<meta property=\"og:title\" content=\"Lait de chamelle en poudre I Boisson saine I Bienfaits nombreux\" \/>\n<meta property=\"og:description\" content=\"Partie int\u00e9grante du r\u00e9gime des b\u00e9douins depuis des ann\u00e9es, le lait de chamelle fait depuis quelques ann\u00e9es de plus en plus d&#039;adeptes.\" \/>\n<meta property=\"og:url\" content=\"https:\/\/www.safinel.fr\/de\/product-2\/kamelmilchpulver\/\" \/>\n<meta property=\"og:site_name\" content=\"Safinel\" \/>\n<meta property=\"article:modified_time\" content=\"2023-12-28T17:15:47+00:00\" \/>\n<meta property=\"og:image\" content=\"https:\/\/www.safinel.fr\/wp-content\/uploads\/2023\/02\/lait-de-chamelle-en-poudre.jpg\" \/>\n\t<meta property=\"og:image:width\" content=\"600\" \/>\n\t<meta property=\"og:image:height\" content=\"600\" \/>\n\t<meta property=\"og:image:type\" content=\"image\/jpeg\" \/>\n<meta name=\"twitter:card\" content=\"summary_large_image\" \/>\n<meta name=\"twitter:label1\" content=\"Gesch\u00e4tzte Lesezeit\" \/>\n\t<meta name=\"twitter:data1\" content=\"3\u00a0Minuten\" \/>\n<script type=\"application\/ld+json\" class=\"yoast-schema-graph\">{\"@context\":\"https:\/\/schema.org\",\"@graph\":[{\"@type\":\"WebPage\",\"@id\":\"https:\/\/www.safinel.fr\/produit\/lait-de-chamelle-en-poudre\/\",\"url\":\"https:\/\/www.safinel.fr\/produit\/lait-de-chamelle-en-poudre\/\",\"name\":\"Lait de chamelle en poudre I Boisson saine I Bienfaits nombreux\",\"isPartOf\":{\"@id\":\"https:\/\/www.safinel.fr\/#website\"},\"primaryImageOfPage\":{\"@id\":\"https:\/\/www.safinel.fr\/produit\/lait-de-chamelle-en-poudre\/#primaryimage\"},\"image\":{\"@id\":\"https:\/\/www.safinel.fr\/produit\/lait-de-chamelle-en-poudre\/#primaryimage\"},\"thumbnailUrl\":\"https:\/\/www.safinel.fr\/wp-content\/uploads\/2023\/02\/lait-de-chamelle-en-poudre.jpg\",\"datePublished\":\"2023-02-15T09:30:38+00:00\",\"dateModified\":\"2023-12-28T17:15:47+00:00\",\"description\":\"Partie int\u00e9grante du r\u00e9gime des b\u00e9douins depuis des ann\u00e9es, le lait de chamelle fait depuis quelques ann\u00e9es de plus en plus d'adeptes.\",\"breadcrumb\":{\"@id\":\"https:\/\/www.safinel.fr\/produit\/lait-de-chamelle-en-poudre\/#breadcrumb\"},\"inLanguage\":\"de\",\"potentialAction\":[{\"@type\":\"ReadAction\",\"target\":[\"https:\/\/www.safinel.fr\/produit\/lait-de-chamelle-en-poudre\/\"]}]},{\"@type\":\"ImageObject\",\"inLanguage\":\"de\",\"@id\":\"https:\/\/www.safinel.fr\/produit\/lait-de-chamelle-en-poudre\/#primaryimage\",\"url\":\"https:\/\/www.safinel.fr\/wp-content\/uploads\/2023\/02\/lait-de-chamelle-en-poudre.jpg\",\"contentUrl\":\"https:\/\/www.safinel.fr\/wp-content\/uploads\/2023\/02\/lait-de-chamelle-en-poudre.jpg\",\"width\":600,\"height\":600,\"caption\":\"lait de chamelle en poudre\"},{\"@type\":\"BreadcrumbList\",\"@id\":\"https:\/\/www.safinel.fr\/produit\/lait-de-chamelle-en-poudre\/#breadcrumb\",\"itemListElement\":[{\"@type\":\"ListItem\",\"position\":1,\"name\":\"Accueil\",\"item\":\"https:\/\/www.safinel.fr\/\"},{\"@type\":\"ListItem\",\"position\":2,\"name\":\"Boutique\",\"item\":\"https:\/\/www.safinel.fr\/boutique\/\"},{\"@type\":\"ListItem\",\"position\":3,\"name\":\"Lait de chamelle en poudre 100g\"}]},{\"@type\":\"WebSite\",\"@id\":\"https:\/\/www.safinel.fr\/#website\",\"url\":\"https:\/\/www.safinel.fr\/\",\"name\":\"Safinel\",\"description\":\"\",\"publisher\":{\"@id\":\"https:\/\/www.safinel.fr\/#organization\"},\"potentialAction\":[{\"@type\":\"SearchAction\",\"target\":{\"@type\":\"EntryPoint\",\"urlTemplate\":\"https:\/\/www.safinel.fr\/?s={search_term_string}\"},\"query-input\":{\"@type\":\"PropertyValueSpecification\",\"valueRequired\":true,\"valueName\":\"search_term_string\"}}],\"inLanguage\":\"de\"},{\"@type\":\"Organization\",\"@id\":\"https:\/\/www.safinel.fr\/#organization\",\"name\":\"Safinel\",\"url\":\"https:\/\/www.safinel.fr\/\",\"logo\":{\"@type\":\"ImageObject\",\"inLanguage\":\"de\",\"@id\":\"https:\/\/www.safinel.fr\/#\/schema\/logo\/image\/\",\"url\":\"https:\/\/www.safinel.fr\/wp-content\/uploads\/2021\/05\/boutique-cosmetique.png\",\"contentUrl\":\"https:\/\/www.safinel.fr\/wp-content\/uploads\/2021\/05\/boutique-cosmetique.png\",\"width\":800,\"height\":200,\"caption\":\"Safinel\"},\"image\":{\"@id\":\"https:\/\/www.safinel.fr\/#\/schema\/logo\/image\/\"}}]}<\/script>\n<!-- \/ Yoast SEO plugin. -->","yoast_head_json":{"title":"Kamelmilchpulver I Gesundes Getr\u00e4nk I Viele Vorteile","description":"Kamelmilch ist seit Jahren ein fester Bestandteil der Ern\u00e4hrung von Beduinen und findet in den letzten Jahren immer mehr Anh\u00e4nger.","robots":{"index":"index","follow":"follow","max-snippet":"max-snippet:-1","max-image-preview":"max-image-preview:large","max-video-preview":"max-video-preview:-1"},"canonical":"https:\/\/www.safinel.fr\/de\/product-2\/kamelmilchpulver\/","og_locale":"de_DE","og_type":"article","og_title":"Lait de chamelle en poudre I Boisson saine I Bienfaits nombreux","og_description":"Partie int\u00e9grante du r\u00e9gime des b\u00e9douins depuis des ann\u00e9es, le lait de chamelle fait depuis quelques ann\u00e9es de plus en plus d'adeptes.","og_url":"https:\/\/www.safinel.fr\/de\/product-2\/kamelmilchpulver\/","og_site_name":"Safinel","article_modified_time":"2023-12-28T17:15:47+00:00","og_image":[{"width":600,"height":600,"url":"https:\/\/www.safinel.fr\/wp-content\/uploads\/2023\/02\/lait-de-chamelle-en-poudre.jpg","type":"image\/jpeg"}],"twitter_card":"summary_large_image","twitter_misc":{"Gesch\u00e4tzte Lesezeit":"3\u00a0Minuten"},"schema":{"@context":"https:\/\/schema.org","@graph":[{"@type":"WebPage","@id":"https:\/\/www.safinel.fr\/produit\/lait-de-chamelle-en-poudre\/","url":"https:\/\/www.safinel.fr\/produit\/lait-de-chamelle-en-poudre\/","name":"Kamelmilchpulver I Gesundes Getr\u00e4nk I Viele Vorteile","isPartOf":{"@id":"https:\/\/www.safinel.fr\/#website"},"primaryImageOfPage":{"@id":"https:\/\/www.safinel.fr\/produit\/lait-de-chamelle-en-poudre\/#primaryimage"},"image":{"@id":"https:\/\/www.safinel.fr\/produit\/lait-de-chamelle-en-poudre\/#primaryimage"},"thumbnailUrl":"https:\/\/www.safinel.fr\/wp-content\/uploads\/2023\/02\/lait-de-chamelle-en-poudre.jpg","datePublished":"2023-02-15T09:30:38+00:00","dateModified":"2023-12-28T17:15:47+00:00","description":"Kamelmilch ist seit Jahren ein fester Bestandteil der Ern\u00e4hrung von Beduinen und findet in den letzten Jahren immer mehr Anh\u00e4nger.","breadcrumb":{"@id":"https:\/\/www.safinel.fr\/produit\/lait-de-chamelle-en-poudre\/#breadcrumb"},"inLanguage":"de","potentialAction":[{"@type":"ReadAction","target":["https:\/\/www.safinel.fr\/produit\/lait-de-chamelle-en-poudre\/"]}]},{"@type":"ImageObject","inLanguage":"de","@id":"https:\/\/www.safinel.fr\/produit\/lait-de-chamelle-en-poudre\/#primaryimage","url":"https:\/\/www.safinel.fr\/wp-content\/uploads\/2023\/02\/lait-de-chamelle-en-poudre.jpg","contentUrl":"https:\/\/www.safinel.fr\/wp-content\/uploads\/2023\/02\/lait-de-chamelle-en-poudre.jpg","width":600,"height":600,"caption":"lait de chamelle en poudre"},{"@type":"BreadcrumbList","@id":"https:\/\/www.safinel.fr\/produit\/lait-de-chamelle-en-poudre\/#breadcrumb","itemListElement":[{"@type":"ListItem","position":1,"name":"Accueil","item":"https:\/\/www.safinel.fr\/"},{"@type":"ListItem","position":2,"name":"Boutique","item":"https:\/\/www.safinel.fr\/boutique\/"},{"@type":"ListItem","position":3,"name":"Lait de chamelle en poudre 100g"}]},{"@type":"WebSite","@id":"https:\/\/www.safinel.fr\/#website","url":"https:\/\/www.safinel.fr\/","name":"Safinel","description":"","publisher":{"@id":"https:\/\/www.safinel.fr\/#organization"},"potentialAction":[{"@type":"SearchAction","target":{"@type":"EntryPoint","urlTemplate":"https:\/\/www.safinel.fr\/?s={search_term_string}"},"query-input":{"@type":"PropertyValueSpecification","valueRequired":true,"valueName":"search_term_string"}}],"inLanguage":"de"},{"@type":"Organization","@id":"https:\/\/www.safinel.fr\/#organization","name":"Safinel","url":"https:\/\/www.safinel.fr\/","logo":{"@type":"ImageObject","inLanguage":"de","@id":"https:\/\/www.safinel.fr\/#\/schema\/logo\/image\/","url":"https:\/\/www.safinel.fr\/wp-content\/uploads\/2021\/05\/boutique-cosmetique.png","contentUrl":"https:\/\/www.safinel.fr\/wp-content\/uploads\/2021\/05\/boutique-cosmetique.png","width":800,"height":200,"caption":"Safinel"},"image":{"@id":"https:\/\/www.safinel.fr\/#\/schema\/logo\/image\/"}}]}},"_links":{"self":[{"href":"https:\/\/www.safinel.fr\/de\/wp-json\/wp\/v2\/product\/4621","targetHints":{"allow":["GET"]}}],"collection":[{"href":"https:\/\/www.safinel.fr\/de\/wp-json\/wp\/v2\/product"}],"about":[{"href":"https:\/\/www.safinel.fr\/de\/wp-json\/wp\/v2\/types\/product"}],"wp:featuredmedia":[{"embeddable":true,"href":"https:\/\/www.safinel.fr\/de\/wp-json\/wp\/v2\/media\/4622"}],"wp:attachment":[{"href":"https:\/\/www.safinel.fr\/de\/wp-json\/wp\/v2\/media?parent=4621"}],"wp:term":[{"taxonomy":"product_brand","embeddable":true,"href":"https:\/\/www.safinel.fr\/de\/wp-json\/wp\/v2\/product_brand?post=4621"},{"taxonomy":"product_cat","embeddable":true,"href":"https:\/\/www.safinel.fr\/de\/wp-json\/wp\/v2\/product_cat?post=4621"},{"taxonomy":"product_tag","embeddable":true,"href":"https:\/\/www.safinel.fr\/de\/wp-json\/wp\/v2\/product_tag?post=4621"}],"curies":[{"name":"wp","href":"https:\/\/api.w.org\/{rel}","templated":true}]}}