{"id":4617,"date":"2023-02-14T19:34:56","date_gmt":"2023-02-14T19:34:56","guid":{"rendered":"https:\/\/www.safinel.fr\/?post_type=product&#038;p=4617"},"modified":"2023-12-28T17:15:47","modified_gmt":"2023-12-28T17:15:47","slug":"dortie-ol","status":"publish","type":"product","link":"https:\/\/www.safinel.fr\/de\/product-2\/dortie-ol\/","title":{"rendered":"Brennnessel\u00f6l 30ml"},"content":{"rendered":"<p><strong>Brennnessel\u00f6l\u00a0<\/strong>hat ihren ersten Auftritt in unserem Online-Wellness-Shop, und ich m\u00f6chte Sie warnen: Sie hat Charakter. Bekannt als eine Pflanze, von der man sich fernhalten sollte, ist diese<strong>\u00a0\u00d6lmazerat<\/strong>\u00a0ist dennoch die Kosmetik, die man haben muss! Und das aus vielen Gr\u00fcnden ... wir verraten Ihnen mehr.<\/p>\n<h2><strong>Brennnessel\u00f6l: Ein Verb\u00fcndeter mit Pfiff!\u00a0<\/strong><\/h2>\n<p>Brennnessel\u00f6l wird aus den frischen Bl\u00e4ttern der Brennnessel hergestellt. Die Bl\u00e4tter werden entweder \u00fcber Dampf gekocht oder mit Pflanzen\u00f6l eingelegt. Die Mazeration wird dann gefiltert, um das wertvolle Elixier zu erhalten.<\/p>\n<h2><strong>Die Inhaltsstoffe dieses Pflanzen\u00f6ls<\/strong><\/h2>\n<p>Brennnessel\u00f6l enth\u00e4lt mehrere gesundheitsf\u00f6rdernde Inhaltsstoffe. Die wichtigsten Wirkstoffe sind Flavonoide, Gerbstoffe, Saponine, Phenole und Alkaloide. Zusammen wirken sie bei der Verringerung von oxidativem Stress und Entz\u00fcndungen sowie bei der Regulierung des Immunsystems.<\/p>\n<h2><strong>Gesundheitliche Vorteile von Brennnessel\u00f6l<\/strong><\/h2>\n<p>Brennnessel\u00f6l ist bei vielen Gesundheitsproblemen von Vorteil. Hier sind einige der Vorteile, die es bieten kann:<\/p>\n<ul>\n<li>Linderung von Kopfschmerzen und Migr\u00e4ne<\/li>\n<li>Verringerung von Entz\u00fcndungen<\/li>\n<li>Gegen Gelenkschmerzen und <a href=\"https:\/\/www.safinel.fr\/de\/product-2\/kamelfett\/\"><strong>Muskeln<\/strong><\/a><\/li>\n<li>Verbesserung der Immunit\u00e4t<\/li>\n<li>Reguliert auch den Blutzuckerspiegel<\/li>\n<li>Verringerung der Gichtsymptome<\/li>\n<li>N\u00fctzlich f\u00fcr die Hautpflege und zur Verbesserung der Hautgesundheit<\/li>\n<li>Reich an mehrfach unges\u00e4ttigten Fetts\u00e4uren und den Vitaminen A, C und E und wird h\u00e4ufig wegen seiner antioxidativen Eigenschaften verwendet.<\/li>\n<li>Bekannt als hervorragendes nat\u00fcrliches Heilmittel gegen Gelenk- und Muskelschmerzen, Hautprobleme und Atemwegserkrankungen.<\/li>\n<li>Schlie\u00dflich ist es ein sehr starkes nat\u00fcrliches Heilmittel, das f\u00fcr verschiedene therapeutische Zwecke eingesetzt werden kann.<\/li>\n<\/ul>\n<p>Die Verwendung dieses\u00a0<strong>Naturprodukt<\/strong>\u00a0ist sicher und kann ein\u00a0<strong>Erg\u00e4nzung<\/strong>\u00a0sehr wirksam bei gew\u00f6hnlichen Beschwerden und chronischen Leiden.<\/p>\n<h3><strong>Unsere Tipps zur Verwendung\u00a0<\/strong><\/h3>\n<p>Dieses nat\u00fcrliche Heilmittel ist sehr wirksam bei der Linderung verschiedener Schmerzen und Beschwerden.<\/p>\n<p>Um es zu verwenden, k\u00f6nnen Sie das \u00d6l mit einem Wattest\u00e4bchen direkt auf die zu behandelnde Stelle auftragen. Dar\u00fcber hinaus k\u00f6nnen Sie einige Tropfen auf einen Umschlag geben und diesen auf die schmerzende Stelle legen.<\/p>\n<p>Schlie\u00dflich k\u00f6nnen Sie ein paar Tropfen Brennnessel\u00f6l in Ihr Badewasser geben, um Muskel- und Gelenkschmerzen zu lindern.<\/p>\n<p><strong>Achten Sie darauf, dass Sie immer die empfohlene Dosierung einhalten, um Irritationen oder Allergien vorzubeugen.<\/strong><\/p>","protected":false},"excerpt":{"rendered":"<p>Brennnessel\u00f6l h\u00e4lt Einzug in unseren Online-Wellness-Shop, und wir m\u00f6chten Sie gleich vorwarnen: Es hat Charakter. Obwohl die Pflanze daf\u00fcr bekannt ist, dass man sich ihr besser nicht n\u00e4hern sollte, ist dieses \u00f6lige Mazerat dennoch ein unverzichtbares Kosmetikprodukt! Und das aus vielen Gr\u00fcnden ... Wir verraten Ihnen mehr dar\u00fcber. Brennnessel\u00f6l: ein Verb\u00fcndeter, der [\u2026]","protected":false},"featured_media":4618,"template":"","meta":[],"product_brand":[],"product_cat":[122],"product_tag":[],"class_list":{"0":"post-4617","1":"product","2":"type-product","3":"status-publish","4":"has-post-thumbnail","6":"product_cat-huile-vegetale","8":"first","9":"instock","10":"shipping-taxable","11":"purchasable","12":"product-type-simple"},"yoast_head":"<!-- This site is optimized with the Yoast SEO plugin v26.6 - https:\/\/yoast.com\/wordpress\/plugins\/seo\/ -->\n<title>Huile d&#039;ortie 30ml I Huile bio I Bienfaits nombreux<\/title>\n<meta name=\"description\" content=\"L\u2019huile d\u2019ortie\u00a0fait son entr\u00e9e sur notre boutique bien-\u00eatre en ligne, et autant vous pr\u00e9venir : elle a du caract\u00e8re. Adoptez-l\u00e0 !\" \/>\n<meta name=\"robots\" content=\"index, follow, max-snippet:-1, max-image-preview:large, max-video-preview:-1\" \/>\n<link rel=\"canonical\" href=\"https:\/\/www.safinel.fr\/de\/product-2\/dortie-ol\/\" \/>\n<meta property=\"og:locale\" content=\"de_DE\" \/>\n<meta property=\"og:type\" content=\"article\" \/>\n<meta property=\"og:title\" content=\"Huile d&#039;ortie 30ml I Huile bio I Bienfaits nombreux\" \/>\n<meta property=\"og:description\" content=\"L\u2019huile d\u2019ortie\u00a0fait son entr\u00e9e sur notre boutique bien-\u00eatre en ligne, et autant vous pr\u00e9venir : elle a du caract\u00e8re. Adoptez-l\u00e0 !\" \/>\n<meta property=\"og:url\" content=\"https:\/\/www.safinel.fr\/de\/product-2\/dortie-ol\/\" \/>\n<meta property=\"og:site_name\" content=\"Safinel\" \/>\n<meta property=\"article:modified_time\" content=\"2023-12-28T17:15:47+00:00\" \/>\n<meta property=\"og:image\" content=\"https:\/\/www.safinel.fr\/wp-content\/uploads\/2023\/02\/huile-dortie.jpg\" \/>\n\t<meta property=\"og:image:width\" content=\"600\" \/>\n\t<meta property=\"og:image:height\" content=\"600\" \/>\n\t<meta property=\"og:image:type\" content=\"image\/jpeg\" \/>\n<meta name=\"twitter:card\" content=\"summary_large_image\" \/>\n<meta name=\"twitter:label1\" content=\"Gesch\u00e4tzte Lesezeit\" \/>\n\t<meta name=\"twitter:data1\" content=\"2\u00a0Minuten\" \/>\n<script type=\"application\/ld+json\" class=\"yoast-schema-graph\">{\"@context\":\"https:\/\/schema.org\",\"@graph\":[{\"@type\":\"WebPage\",\"@id\":\"https:\/\/www.safinel.fr\/produit\/huile-dortie\/\",\"url\":\"https:\/\/www.safinel.fr\/produit\/huile-dortie\/\",\"name\":\"Huile d'ortie 30ml I Huile bio I Bienfaits nombreux\",\"isPartOf\":{\"@id\":\"https:\/\/www.safinel.fr\/#website\"},\"primaryImageOfPage\":{\"@id\":\"https:\/\/www.safinel.fr\/produit\/huile-dortie\/#primaryimage\"},\"image\":{\"@id\":\"https:\/\/www.safinel.fr\/produit\/huile-dortie\/#primaryimage\"},\"thumbnailUrl\":\"https:\/\/www.safinel.fr\/wp-content\/uploads\/2023\/02\/huile-dortie.jpg\",\"datePublished\":\"2023-02-14T19:34:56+00:00\",\"dateModified\":\"2023-12-28T17:15:47+00:00\",\"description\":\"L\u2019huile d\u2019ortie\u00a0fait son entr\u00e9e sur notre boutique bien-\u00eatre en ligne, et autant vous pr\u00e9venir : elle a du caract\u00e8re. Adoptez-l\u00e0 !\",\"breadcrumb\":{\"@id\":\"https:\/\/www.safinel.fr\/produit\/huile-dortie\/#breadcrumb\"},\"inLanguage\":\"de\",\"potentialAction\":[{\"@type\":\"ReadAction\",\"target\":[\"https:\/\/www.safinel.fr\/produit\/huile-dortie\/\"]}]},{\"@type\":\"ImageObject\",\"inLanguage\":\"de\",\"@id\":\"https:\/\/www.safinel.fr\/produit\/huile-dortie\/#primaryimage\",\"url\":\"https:\/\/www.safinel.fr\/wp-content\/uploads\/2023\/02\/huile-dortie.jpg\",\"contentUrl\":\"https:\/\/www.safinel.fr\/wp-content\/uploads\/2023\/02\/huile-dortie.jpg\",\"width\":600,\"height\":600,\"caption\":\"huile d'ortie\"},{\"@type\":\"BreadcrumbList\",\"@id\":\"https:\/\/www.safinel.fr\/produit\/huile-dortie\/#breadcrumb\",\"itemListElement\":[{\"@type\":\"ListItem\",\"position\":1,\"name\":\"Accueil\",\"item\":\"https:\/\/www.safinel.fr\/\"},{\"@type\":\"ListItem\",\"position\":2,\"name\":\"Boutique\",\"item\":\"https:\/\/www.safinel.fr\/boutique\/\"},{\"@type\":\"ListItem\",\"position\":3,\"name\":\"Huile d&#8217;ortie 30ml\"}]},{\"@type\":\"WebSite\",\"@id\":\"https:\/\/www.safinel.fr\/#website\",\"url\":\"https:\/\/www.safinel.fr\/\",\"name\":\"Safinel\",\"description\":\"\",\"publisher\":{\"@id\":\"https:\/\/www.safinel.fr\/#organization\"},\"potentialAction\":[{\"@type\":\"SearchAction\",\"target\":{\"@type\":\"EntryPoint\",\"urlTemplate\":\"https:\/\/www.safinel.fr\/?s={search_term_string}\"},\"query-input\":{\"@type\":\"PropertyValueSpecification\",\"valueRequired\":true,\"valueName\":\"search_term_string\"}}],\"inLanguage\":\"de\"},{\"@type\":\"Organization\",\"@id\":\"https:\/\/www.safinel.fr\/#organization\",\"name\":\"Safinel\",\"url\":\"https:\/\/www.safinel.fr\/\",\"logo\":{\"@type\":\"ImageObject\",\"inLanguage\":\"de\",\"@id\":\"https:\/\/www.safinel.fr\/#\/schema\/logo\/image\/\",\"url\":\"https:\/\/www.safinel.fr\/wp-content\/uploads\/2021\/05\/boutique-cosmetique.png\",\"contentUrl\":\"https:\/\/www.safinel.fr\/wp-content\/uploads\/2021\/05\/boutique-cosmetique.png\",\"width\":800,\"height\":200,\"caption\":\"Safinel\"},\"image\":{\"@id\":\"https:\/\/www.safinel.fr\/#\/schema\/logo\/image\/\"}}]}<\/script>\n<!-- \/ Yoast SEO plugin. -->","yoast_head_json":{"title":"Brennnessel\u00f6l 30ml I Bio-\u00d6l I Zahlreiche Vorteile","description":"Brennnessel\u00f6l ist neu in unserem Wellness-Onlineshop, und wir m\u00f6chten Sie warnen: Es hat Charakter. Nehmen Sie es an!","robots":{"index":"index","follow":"follow","max-snippet":"max-snippet:-1","max-image-preview":"max-image-preview:large","max-video-preview":"max-video-preview:-1"},"canonical":"https:\/\/www.safinel.fr\/de\/product-2\/dortie-ol\/","og_locale":"de_DE","og_type":"article","og_title":"Huile d'ortie 30ml I Huile bio I Bienfaits nombreux","og_description":"L\u2019huile d\u2019ortie\u00a0fait son entr\u00e9e sur notre boutique bien-\u00eatre en ligne, et autant vous pr\u00e9venir : elle a du caract\u00e8re. Adoptez-l\u00e0 !","og_url":"https:\/\/www.safinel.fr\/de\/product-2\/dortie-ol\/","og_site_name":"Safinel","article_modified_time":"2023-12-28T17:15:47+00:00","og_image":[{"width":600,"height":600,"url":"https:\/\/www.safinel.fr\/wp-content\/uploads\/2023\/02\/huile-dortie.jpg","type":"image\/jpeg"}],"twitter_card":"summary_large_image","twitter_misc":{"Gesch\u00e4tzte Lesezeit":"2\u00a0Minuten"},"schema":{"@context":"https:\/\/schema.org","@graph":[{"@type":"WebPage","@id":"https:\/\/www.safinel.fr\/produit\/huile-dortie\/","url":"https:\/\/www.safinel.fr\/produit\/huile-dortie\/","name":"Brennnessel\u00f6l 30ml I Bio-\u00d6l I Zahlreiche Vorteile","isPartOf":{"@id":"https:\/\/www.safinel.fr\/#website"},"primaryImageOfPage":{"@id":"https:\/\/www.safinel.fr\/produit\/huile-dortie\/#primaryimage"},"image":{"@id":"https:\/\/www.safinel.fr\/produit\/huile-dortie\/#primaryimage"},"thumbnailUrl":"https:\/\/www.safinel.fr\/wp-content\/uploads\/2023\/02\/huile-dortie.jpg","datePublished":"2023-02-14T19:34:56+00:00","dateModified":"2023-12-28T17:15:47+00:00","description":"Brennnessel\u00f6l ist neu in unserem Wellness-Onlineshop, und wir m\u00f6chten Sie warnen: Es hat Charakter. Nehmen Sie es an!","breadcrumb":{"@id":"https:\/\/www.safinel.fr\/produit\/huile-dortie\/#breadcrumb"},"inLanguage":"de","potentialAction":[{"@type":"ReadAction","target":["https:\/\/www.safinel.fr\/produit\/huile-dortie\/"]}]},{"@type":"ImageObject","inLanguage":"de","@id":"https:\/\/www.safinel.fr\/produit\/huile-dortie\/#primaryimage","url":"https:\/\/www.safinel.fr\/wp-content\/uploads\/2023\/02\/huile-dortie.jpg","contentUrl":"https:\/\/www.safinel.fr\/wp-content\/uploads\/2023\/02\/huile-dortie.jpg","width":600,"height":600,"caption":"huile d'ortie"},{"@type":"BreadcrumbList","@id":"https:\/\/www.safinel.fr\/produit\/huile-dortie\/#breadcrumb","itemListElement":[{"@type":"ListItem","position":1,"name":"Accueil","item":"https:\/\/www.safinel.fr\/"},{"@type":"ListItem","position":2,"name":"Boutique","item":"https:\/\/www.safinel.fr\/boutique\/"},{"@type":"ListItem","position":3,"name":"Huile d&#8217;ortie 30ml"}]},{"@type":"WebSite","@id":"https:\/\/www.safinel.fr\/#website","url":"https:\/\/www.safinel.fr\/","name":"Safinel","description":"","publisher":{"@id":"https:\/\/www.safinel.fr\/#organization"},"potentialAction":[{"@type":"SearchAction","target":{"@type":"EntryPoint","urlTemplate":"https:\/\/www.safinel.fr\/?s={search_term_string}"},"query-input":{"@type":"PropertyValueSpecification","valueRequired":true,"valueName":"search_term_string"}}],"inLanguage":"de"},{"@type":"Organization","@id":"https:\/\/www.safinel.fr\/#organization","name":"Safinel","url":"https:\/\/www.safinel.fr\/","logo":{"@type":"ImageObject","inLanguage":"de","@id":"https:\/\/www.safinel.fr\/#\/schema\/logo\/image\/","url":"https:\/\/www.safinel.fr\/wp-content\/uploads\/2021\/05\/boutique-cosmetique.png","contentUrl":"https:\/\/www.safinel.fr\/wp-content\/uploads\/2021\/05\/boutique-cosmetique.png","width":800,"height":200,"caption":"Safinel"},"image":{"@id":"https:\/\/www.safinel.fr\/#\/schema\/logo\/image\/"}}]}},"_links":{"self":[{"href":"https:\/\/www.safinel.fr\/de\/wp-json\/wp\/v2\/product\/4617","targetHints":{"allow":["GET"]}}],"collection":[{"href":"https:\/\/www.safinel.fr\/de\/wp-json\/wp\/v2\/product"}],"about":[{"href":"https:\/\/www.safinel.fr\/de\/wp-json\/wp\/v2\/types\/product"}],"wp:featuredmedia":[{"embeddable":true,"href":"https:\/\/www.safinel.fr\/de\/wp-json\/wp\/v2\/media\/4618"}],"wp:attachment":[{"href":"https:\/\/www.safinel.fr\/de\/wp-json\/wp\/v2\/media?parent=4617"}],"wp:term":[{"taxonomy":"product_brand","embeddable":true,"href":"https:\/\/www.safinel.fr\/de\/wp-json\/wp\/v2\/product_brand?post=4617"},{"taxonomy":"product_cat","embeddable":true,"href":"https:\/\/www.safinel.fr\/de\/wp-json\/wp\/v2\/product_cat?post=4617"},{"taxonomy":"product_tag","embeddable":true,"href":"https:\/\/www.safinel.fr\/de\/wp-json\/wp\/v2\/product_tag?post=4617"}],"curies":[{"name":"wp","href":"https:\/\/api.w.org\/{rel}","templated":true}]}}