{"id":4615,"date":"2023-02-14T19:15:09","date_gmt":"2023-02-14T19:15:09","guid":{"rendered":"https:\/\/www.safinel.fr\/?post_type=product&#038;p=4615"},"modified":"2023-12-28T17:15:47","modified_gmt":"2023-12-28T17:15:47","slug":"daloe-vera-ol","status":"publish","type":"product","link":"https:\/\/www.safinel.fr\/de\/product-2\/daloe-vera-ol\/","title":{"rendered":"Aloe-vera-\u00d6l 30ml"},"content":{"rendered":"<p><b>Aloe-vera-\u00d6l<\/b> ist ein einfacher und nat\u00fcrlicher Weg, um von den zahlreichen Vorteilen dieser Pflanze mit ihren heilenden Eigenschaften zu profitieren. Bei Safinel bieten wir sie Ihnen in hoher Qualit\u00e4t an, um all Ihre Bed\u00fcrfnisse auf die beste Weise zu erf\u00fcllen. Genie\u00dfen Sie es!<span class=\"Apple-converted-space\">\u00a0<\/span><\/p>\n<h2><b>Aloe-vera-\u00d6l: Einige Erkl\u00e4rungen zu seiner Herstellung<span class=\"Apple-converted-space\">\u00a0<\/span><\/b><\/h2>\n<p>Die beste Methode zur Herstellung dieses nat\u00fcrlichen \u00d6ls besteht darin, die Aloe-vera-Bl\u00e4tter zu dehydrieren und sie dann in einer <b>Pflanzen\u00f6l<\/b>. Die Dehydrierung der Aloe-vera-Bl\u00e4tter ist der entscheidende Ausgangspunkt f\u00fcr die Herstellung dieses \u00d6ls.<span class=\"Apple-converted-space\">\u00a0<\/span><\/p>\n<p>Nachdem den Blattst\u00fccken das Wasser entzogen wurde, werden sie mit einem anderen neutralen Pflanzen\u00f6l bedeckt. Die Mischung wird dann mazeriert, gefiltert und in einen Beh\u00e4lter umgef\u00fcllt - gebrauchsfertig!<span class=\"Apple-converted-space\">\u00a0<\/span><\/p>\n<p>Bei Safinel wird dieses Pflanzen\u00f6l in Bio-Qualit\u00e4t 100% nat\u00fcrlich angeboten. In der Gr\u00f6\u00dfe 30ml k\u00f6nnen Sie es der ganzen Familie anbieten und es \u00fcberall mit hinnehmen!<span class=\"Apple-converted-space\">\u00a0<\/span><\/p>\n<h2><b>Einige der Vorz\u00fcge von Aloe-vera-\u00d6l<span class=\"Apple-converted-space\">\u00a0<\/span><\/b><\/h2>\n<p>Es gibt viele Vorteile:<\/p>\n<ul>\n<li>Sie ist reich an den Vitaminen A und E, was sie zu einem ausgezeichneten Produkt macht, das die Haut n\u00e4hrt und weich macht.<\/li>\n<li>Sch\u00fctzt die Haut au\u00dferdem vor vorzeitiger Hautalterung und sorgt f\u00fcr ein gesundes, nat\u00fcrliches Leuchten.<\/li>\n<li>Bekannt daf\u00fcr, die Wundheilung und Regeneration der Haut zu f\u00f6rdern, geschmeidig zu machen und den Teint zum Leuchten zu bringen.<span class=\"Apple-converted-space\">\u00a0<\/span><\/li>\n<li>Diese <b>Naturprodukt<\/b> kann auf alle Bereiche Ihres K\u00f6rpers aufgetragen werden, die eine Behandlung ben\u00f6tigen.<span class=\"Apple-converted-space\">\u00a0<\/span><\/li>\n<\/ul>\n<p>Schlie\u00dflich sollten Sie wissen, dass nur wenige Tropfen ausreichen, um Ihre Haut nachhaltig zu n\u00e4hren.<span class=\"Apple-converted-space\">\u00a0<\/span><\/p>\n<p><b>Achtung: Sie darf nicht als Nahrungserg\u00e4nzungsmittel, sondern nur als Kosmetikprodukt verzehrt werden.<\/b><\/p>\n<h3><b>Finden Sie diese Zutat in all ihren Formen<span class=\"Apple-converted-space\">\u00a0<\/span><\/b><\/h3>\n<p>Wenn Sie diese Pflanze besonders sch\u00e4tzen, sollten Sie wissen, dass Sie sie auch finden k\u00f6nnen :<span class=\"Apple-converted-space\">\u00a0<\/span><\/p>\n<ul>\n<li>in <b>Gel<\/b>, von der Marke Nigella Source<span class=\"Apple-converted-space\">\u00a0<\/span><\/li>\n<li>In einem Trio f\u00fcr die Haare, dank der Reihe <b>Keratin Aloe Vera Kera Queen's<span class=\"Apple-converted-space\">\u00a0<\/span><\/b><\/li>\n<li>In der Sonderpackung<b> \u00ab\u00a0<a href=\"https:\/\/www.safinel.fr\/de\/product-2\/analfissur-paket\/\">Analfissur<\/a>\u00a0\u00bb.<span class=\"Apple-converted-space\">\u00a0<\/span><\/b><\/li>\n<\/ul>","protected":false},"excerpt":{"rendered":"<p>Aloe-Vera-\u00d6l ist eine einfache und nat\u00fcrliche M\u00f6glichkeit, die zahlreichen Vorteile dieser Pflanze mit ihren heilenden Eigenschaften zu nutzen. Bei Safinel bieten wir Ihnen hochwertiges \u00d6l, das all Ihren Bed\u00fcrfnissen bestm\u00f6glich gerecht wird. Profitieren Sie davon!  Aloe-Vera-\u00d6l: einige Erl\u00e4uterungen zu seiner Herstellung  Die beste Art der Zubereitung [\u2026]","protected":false},"featured_media":4616,"template":"","meta":[],"product_brand":[],"product_cat":[122],"product_tag":[],"class_list":{"0":"post-4615","1":"product","2":"type-product","3":"status-publish","4":"has-post-thumbnail","6":"product_cat-huile-vegetale","8":"first","9":"instock","10":"shipping-taxable","11":"purchasable","12":"product-type-simple"},"yoast_head":"<!-- This site is optimized with the Yoast SEO plugin v26.6 - https:\/\/yoast.com\/wordpress\/plugins\/seo\/ -->\n<title>Huile d&#039;aloe vera I Bienfaits nombreux I Cheveux &amp; Visage<\/title>\n<meta name=\"description\" content=\"L&#039;huile d&#039;aloe vera est un moyen simple et naturel de profiter des nombreux bienfaits de cette plante aux propri\u00e9t\u00e9s curatives.\" \/>\n<meta name=\"robots\" content=\"index, follow, max-snippet:-1, max-image-preview:large, max-video-preview:-1\" \/>\n<link rel=\"canonical\" href=\"https:\/\/www.safinel.fr\/de\/product-2\/daloe-vera-ol\/\" \/>\n<meta property=\"og:locale\" content=\"de_DE\" \/>\n<meta property=\"og:type\" content=\"article\" \/>\n<meta property=\"og:title\" content=\"Huile d&#039;aloe vera I Bienfaits nombreux I Cheveux &amp; Visage\" \/>\n<meta property=\"og:description\" content=\"L&#039;huile d&#039;aloe vera est un moyen simple et naturel de profiter des nombreux bienfaits de cette plante aux propri\u00e9t\u00e9s curatives.\" \/>\n<meta property=\"og:url\" content=\"https:\/\/www.safinel.fr\/de\/product-2\/daloe-vera-ol\/\" \/>\n<meta property=\"og:site_name\" content=\"Safinel\" \/>\n<meta property=\"article:modified_time\" content=\"2023-12-28T17:15:47+00:00\" \/>\n<meta property=\"og:image\" content=\"https:\/\/www.safinel.fr\/wp-content\/uploads\/2023\/02\/huile-daloe-vera.jpg\" \/>\n\t<meta property=\"og:image:width\" content=\"600\" \/>\n\t<meta property=\"og:image:height\" content=\"600\" \/>\n\t<meta property=\"og:image:type\" content=\"image\/jpeg\" \/>\n<meta name=\"twitter:card\" content=\"summary_large_image\" \/>\n<meta name=\"twitter:label1\" content=\"Gesch\u00e4tzte Lesezeit\" \/>\n\t<meta name=\"twitter:data1\" content=\"2\u00a0Minuten\" \/>\n<script type=\"application\/ld+json\" class=\"yoast-schema-graph\">{\"@context\":\"https:\/\/schema.org\",\"@graph\":[{\"@type\":\"WebPage\",\"@id\":\"https:\/\/www.safinel.fr\/produit\/huile-daloe-vera\/\",\"url\":\"https:\/\/www.safinel.fr\/produit\/huile-daloe-vera\/\",\"name\":\"Huile d'aloe vera I Bienfaits nombreux I Cheveux & Visage\",\"isPartOf\":{\"@id\":\"https:\/\/www.safinel.fr\/#website\"},\"primaryImageOfPage\":{\"@id\":\"https:\/\/www.safinel.fr\/produit\/huile-daloe-vera\/#primaryimage\"},\"image\":{\"@id\":\"https:\/\/www.safinel.fr\/produit\/huile-daloe-vera\/#primaryimage\"},\"thumbnailUrl\":\"https:\/\/www.safinel.fr\/wp-content\/uploads\/2023\/02\/huile-daloe-vera.jpg\",\"datePublished\":\"2023-02-14T19:15:09+00:00\",\"dateModified\":\"2023-12-28T17:15:47+00:00\",\"description\":\"L'huile d'aloe vera est un moyen simple et naturel de profiter des nombreux bienfaits de cette plante aux propri\u00e9t\u00e9s curatives.\",\"breadcrumb\":{\"@id\":\"https:\/\/www.safinel.fr\/produit\/huile-daloe-vera\/#breadcrumb\"},\"inLanguage\":\"de\",\"potentialAction\":[{\"@type\":\"ReadAction\",\"target\":[\"https:\/\/www.safinel.fr\/produit\/huile-daloe-vera\/\"]}]},{\"@type\":\"ImageObject\",\"inLanguage\":\"de\",\"@id\":\"https:\/\/www.safinel.fr\/produit\/huile-daloe-vera\/#primaryimage\",\"url\":\"https:\/\/www.safinel.fr\/wp-content\/uploads\/2023\/02\/huile-daloe-vera.jpg\",\"contentUrl\":\"https:\/\/www.safinel.fr\/wp-content\/uploads\/2023\/02\/huile-daloe-vera.jpg\",\"width\":600,\"height\":600,\"caption\":\"Huile d'aloe vera\"},{\"@type\":\"BreadcrumbList\",\"@id\":\"https:\/\/www.safinel.fr\/produit\/huile-daloe-vera\/#breadcrumb\",\"itemListElement\":[{\"@type\":\"ListItem\",\"position\":1,\"name\":\"Accueil\",\"item\":\"https:\/\/www.safinel.fr\/\"},{\"@type\":\"ListItem\",\"position\":2,\"name\":\"Boutique\",\"item\":\"https:\/\/www.safinel.fr\/boutique\/\"},{\"@type\":\"ListItem\",\"position\":3,\"name\":\"Huile d&#8217;aloe vera 30ml\"}]},{\"@type\":\"WebSite\",\"@id\":\"https:\/\/www.safinel.fr\/#website\",\"url\":\"https:\/\/www.safinel.fr\/\",\"name\":\"Safinel\",\"description\":\"\",\"publisher\":{\"@id\":\"https:\/\/www.safinel.fr\/#organization\"},\"potentialAction\":[{\"@type\":\"SearchAction\",\"target\":{\"@type\":\"EntryPoint\",\"urlTemplate\":\"https:\/\/www.safinel.fr\/?s={search_term_string}\"},\"query-input\":{\"@type\":\"PropertyValueSpecification\",\"valueRequired\":true,\"valueName\":\"search_term_string\"}}],\"inLanguage\":\"de\"},{\"@type\":\"Organization\",\"@id\":\"https:\/\/www.safinel.fr\/#organization\",\"name\":\"Safinel\",\"url\":\"https:\/\/www.safinel.fr\/\",\"logo\":{\"@type\":\"ImageObject\",\"inLanguage\":\"de\",\"@id\":\"https:\/\/www.safinel.fr\/#\/schema\/logo\/image\/\",\"url\":\"https:\/\/www.safinel.fr\/wp-content\/uploads\/2021\/05\/boutique-cosmetique.png\",\"contentUrl\":\"https:\/\/www.safinel.fr\/wp-content\/uploads\/2021\/05\/boutique-cosmetique.png\",\"width\":800,\"height\":200,\"caption\":\"Safinel\"},\"image\":{\"@id\":\"https:\/\/www.safinel.fr\/#\/schema\/logo\/image\/\"}}]}<\/script>\n<!-- \/ Yoast SEO plugin. -->","yoast_head_json":{"title":"Aloe-vera-\u00d6l I Zahlreiche Vorteile I Haare &amp; Gesicht","description":"Aloe-vera-\u00d6l ist eine einfache und nat\u00fcrliche M\u00f6glichkeit, die vielen Vorteile dieser Pflanze mit ihren heilenden Eigenschaften zu nutzen.","robots":{"index":"index","follow":"follow","max-snippet":"max-snippet:-1","max-image-preview":"max-image-preview:large","max-video-preview":"max-video-preview:-1"},"canonical":"https:\/\/www.safinel.fr\/de\/product-2\/daloe-vera-ol\/","og_locale":"de_DE","og_type":"article","og_title":"Huile d'aloe vera I Bienfaits nombreux I Cheveux & Visage","og_description":"L'huile d'aloe vera est un moyen simple et naturel de profiter des nombreux bienfaits de cette plante aux propri\u00e9t\u00e9s curatives.","og_url":"https:\/\/www.safinel.fr\/de\/product-2\/daloe-vera-ol\/","og_site_name":"Safinel","article_modified_time":"2023-12-28T17:15:47+00:00","og_image":[{"width":600,"height":600,"url":"https:\/\/www.safinel.fr\/wp-content\/uploads\/2023\/02\/huile-daloe-vera.jpg","type":"image\/jpeg"}],"twitter_card":"summary_large_image","twitter_misc":{"Gesch\u00e4tzte Lesezeit":"2\u00a0Minuten"},"schema":{"@context":"https:\/\/schema.org","@graph":[{"@type":"WebPage","@id":"https:\/\/www.safinel.fr\/produit\/huile-daloe-vera\/","url":"https:\/\/www.safinel.fr\/produit\/huile-daloe-vera\/","name":"Aloe-vera-\u00d6l I Zahlreiche Vorteile I Haare &amp; Gesicht","isPartOf":{"@id":"https:\/\/www.safinel.fr\/#website"},"primaryImageOfPage":{"@id":"https:\/\/www.safinel.fr\/produit\/huile-daloe-vera\/#primaryimage"},"image":{"@id":"https:\/\/www.safinel.fr\/produit\/huile-daloe-vera\/#primaryimage"},"thumbnailUrl":"https:\/\/www.safinel.fr\/wp-content\/uploads\/2023\/02\/huile-daloe-vera.jpg","datePublished":"2023-02-14T19:15:09+00:00","dateModified":"2023-12-28T17:15:47+00:00","description":"Aloe-vera-\u00d6l ist eine einfache und nat\u00fcrliche M\u00f6glichkeit, die vielen Vorteile dieser Pflanze mit ihren heilenden Eigenschaften zu nutzen.","breadcrumb":{"@id":"https:\/\/www.safinel.fr\/produit\/huile-daloe-vera\/#breadcrumb"},"inLanguage":"de","potentialAction":[{"@type":"ReadAction","target":["https:\/\/www.safinel.fr\/produit\/huile-daloe-vera\/"]}]},{"@type":"ImageObject","inLanguage":"de","@id":"https:\/\/www.safinel.fr\/produit\/huile-daloe-vera\/#primaryimage","url":"https:\/\/www.safinel.fr\/wp-content\/uploads\/2023\/02\/huile-daloe-vera.jpg","contentUrl":"https:\/\/www.safinel.fr\/wp-content\/uploads\/2023\/02\/huile-daloe-vera.jpg","width":600,"height":600,"caption":"Huile d'aloe vera"},{"@type":"BreadcrumbList","@id":"https:\/\/www.safinel.fr\/produit\/huile-daloe-vera\/#breadcrumb","itemListElement":[{"@type":"ListItem","position":1,"name":"Accueil","item":"https:\/\/www.safinel.fr\/"},{"@type":"ListItem","position":2,"name":"Boutique","item":"https:\/\/www.safinel.fr\/boutique\/"},{"@type":"ListItem","position":3,"name":"Huile d&#8217;aloe vera 30ml"}]},{"@type":"WebSite","@id":"https:\/\/www.safinel.fr\/#website","url":"https:\/\/www.safinel.fr\/","name":"Safinel","description":"","publisher":{"@id":"https:\/\/www.safinel.fr\/#organization"},"potentialAction":[{"@type":"SearchAction","target":{"@type":"EntryPoint","urlTemplate":"https:\/\/www.safinel.fr\/?s={search_term_string}"},"query-input":{"@type":"PropertyValueSpecification","valueRequired":true,"valueName":"search_term_string"}}],"inLanguage":"de"},{"@type":"Organization","@id":"https:\/\/www.safinel.fr\/#organization","name":"Safinel","url":"https:\/\/www.safinel.fr\/","logo":{"@type":"ImageObject","inLanguage":"de","@id":"https:\/\/www.safinel.fr\/#\/schema\/logo\/image\/","url":"https:\/\/www.safinel.fr\/wp-content\/uploads\/2021\/05\/boutique-cosmetique.png","contentUrl":"https:\/\/www.safinel.fr\/wp-content\/uploads\/2021\/05\/boutique-cosmetique.png","width":800,"height":200,"caption":"Safinel"},"image":{"@id":"https:\/\/www.safinel.fr\/#\/schema\/logo\/image\/"}}]}},"_links":{"self":[{"href":"https:\/\/www.safinel.fr\/de\/wp-json\/wp\/v2\/product\/4615","targetHints":{"allow":["GET"]}}],"collection":[{"href":"https:\/\/www.safinel.fr\/de\/wp-json\/wp\/v2\/product"}],"about":[{"href":"https:\/\/www.safinel.fr\/de\/wp-json\/wp\/v2\/types\/product"}],"wp:featuredmedia":[{"embeddable":true,"href":"https:\/\/www.safinel.fr\/de\/wp-json\/wp\/v2\/media\/4616"}],"wp:attachment":[{"href":"https:\/\/www.safinel.fr\/de\/wp-json\/wp\/v2\/media?parent=4615"}],"wp:term":[{"taxonomy":"product_brand","embeddable":true,"href":"https:\/\/www.safinel.fr\/de\/wp-json\/wp\/v2\/product_brand?post=4615"},{"taxonomy":"product_cat","embeddable":true,"href":"https:\/\/www.safinel.fr\/de\/wp-json\/wp\/v2\/product_cat?post=4615"},{"taxonomy":"product_tag","embeddable":true,"href":"https:\/\/www.safinel.fr\/de\/wp-json\/wp\/v2\/product_tag?post=4615"}],"curies":[{"name":"wp","href":"https:\/\/api.w.org\/{rel}","templated":true}]}}