{"id":4606,"date":"2023-02-13T11:18:11","date_gmt":"2023-02-13T11:18:11","guid":{"rendered":"https:\/\/www.safinel.fr\/?post_type=product&#038;p=4606"},"modified":"2024-11-07T15:26:50","modified_gmt":"2024-11-07T15:26:50","slug":"candy-power-dragon","status":"publish","type":"product","link":"https:\/\/www.safinel.fr\/de\/product-2\/candy-power-dragon\/","title":{"rendered":"Candy power dragon (Aphrodisiakisches Bonbon)"},"content":{"rendered":"<p>Wenn Sie Lust haben, eine neue Leckerei auszuprobieren, die Ihre sexuellen F\u00e4higkeiten weckt,\u00a0<strong>Safinel\u00a0<\/strong>schl\u00e4gt Ihnen vor, die S\u00fc\u00dfigkeit zu entdecken\u00a0<strong>Candy Power Dragon.<\/strong><\/p>\n<p>In die Hosentasche gesteckt, damit du immer und \u00fcberall bereit bist.<\/p>\n<h2><strong>Candy Power Dragon, die S\u00fc\u00dfigkeitenl\u00f6sung bei Erektionsschw\u00e4che<\/strong><\/h2>\n<p>Der Shop\u00a0<strong>Safinel,\u00a0<\/strong>wollte unbedingt den Herren zu Hilfe eilen, denen es an Potenz und sexueller Energie mangelt.<\/p>\n<p>F\u00fcr diese Frustration gibt es eine L\u00f6sung.<\/p>\n<p>Diese ist keine andere als die ber\u00fchmte aphrodisierende S\u00fc\u00dfigkeit\u00a0<strong>Candy Power Dragon<\/strong>.<\/p>\n<p>Ein nat\u00fcrliches Konzentrat an aphrodisierenden Wirkstoffen.<\/p>\n<p>Diese werden Ihnen zweifellos helfen, Ihre Energie und Vitalit\u00e4t zu steigern. Aber auch Ihre sexuelle Aktivit\u00e4t wird gef\u00f6rdert, indem Sie Ihre Erektionsprobleme beheben.<\/p>\n<p>Es hilft, Impotenz zu bek\u00e4mpfen, aber auch Probleme mit vorzeitigen Ejakulationen, die bei manchen Menschen auftreten.<\/p>\n<p>Schlie\u00dflich haben Sie dank des nat\u00fcrlichen Rezepts eine schnellere Erholung nach dem Orgasmus, sodass Sie es erneut versuchen k\u00f6nnen, ohne Ihre Partnerin unbefriedigt zu lassen.<\/p>\n<h2><strong>Der Candy Power Dragon, ein diskretes Aphrodisiakum<\/strong><\/h2>\n<p>Sicherlich wird dieses kleine aphrodisierende Bonbon mehr als eine Person zufriedenstellen.<\/p>\n<p>Es kommt \u00fcbrigens direkt aus Malaysia und ist in Form eines Bonbons zum Lutschen gestaltet.<\/p>\n<p>Au\u00dferdem ist er sehr diskret. Er ist ein Konzentrat aus nat\u00fcrlichen Inhaltsstoffen, die f\u00fcr ihre aphrodisierende Wirkung bekannt sind. Stecken Sie es in Ihre Tasche oder in einen Beutel und Sie sind jederzeit bereit.<\/p>\n<h3><strong>\u00dcberblick \u00fcber die Zusammensetzung<\/strong><\/h3>\n<ul>\n<li>Von\u00a0<strong>Reiner Honig,<\/strong><\/li>\n<li>Von<strong>\u00a0<a href=\"https:\/\/www.safinel.fr\/de\/product-2\/tongkat-ali\/\">Tongkat Ali<\/a>,\u00a0<\/strong>die Sie im Shop auch als Pulver finden k\u00f6nnen.<\/li>\n<li>Aber auch vom\u00a0<strong>Ginseng,<\/strong><\/li>\n<li>Sowie vom\u00a0<strong>Kaffee,<\/strong><\/li>\n<li>Von\u00a0<strong>Karamell,<\/strong><\/li>\n<li>Und schlie\u00dflich ein\u00a0<strong>Kr\u00e4utermischungen.<\/strong><\/li>\n<\/ul>\n<p>Zu guter Letzt hat Le\u00a0<strong>Candy Power Dragon<\/strong>\u00a0ist mindestens 2\/3 Stunden vor dem Geschlechtsverkehr einzunehmen.<\/p>\n<p>Sie m\u00fcssen nicht daran erinnert werden, an eine ausreichende Fl\u00fcssigkeitszufuhr zu denken. Sie werden sicherlich eine wahnsinnige Energie haben, die Sie nach dem Aufessen Ihres Leckerbissens wieder verbrauchen m\u00fcssen.<\/p>","protected":false},"excerpt":{"rendered":"<p><img decoding=\"async\" class=\"size-full wp-image-5091 aligncenter\" src=\"https:\/\/www.safinel.fr\/wp-content\/uploads\/2021\/06\/BANNIERE-ICONE-SAFINEL.webp\" alt=\"Satines-R\u00fcckversicherung\" width=\"800\" height=\"200\" srcset=\"https:\/\/www.safinel.fr\/wp-content\/uploads\/2021\/06\/BANNIERE-ICONE-SAFINEL.webp 800w, https:\/\/www.safinel.fr\/wp-content\/uploads\/2021\/06\/BANNIERE-ICONE-SAFINEL-600x150.webp 600w, https:\/\/www.safinel.fr\/wp-content\/uploads\/2021\/06\/BANNIERE-ICONE-SAFINEL-768x192.webp 768w\" sizes=\"(max-width: 800px) 100vw, 800px\" \/><\/p>","protected":false},"featured_media":4603,"template":"","meta":[],"product_brand":[],"product_cat":[102],"product_tag":[],"class_list":{"0":"post-4606","1":"product","2":"type-product","3":"status-publish","4":"has-post-thumbnail","6":"product_cat-bonbon-aphrodisiaque","8":"first","9":"outofstock","10":"shipping-taxable","11":"purchasable","12":"product-type-variable"},"yoast_head":"<!-- This site is optimized with the Yoast SEO plugin v26.6 - https:\/\/yoast.com\/wordpress\/plugins\/seo\/ -->\n<title>Candy power dragon I Bonbon aphrodisiaque I Stimule la libido<\/title>\n<meta name=\"description\" content=\"Si vous avez envie d\u2019essayer une nouvelle gourmandise qui r\u00e9veillera vos comp\u00e9tences sexuelles,\u00a0d\u00e9couvrez le bonbon\u00a0Candy power dragon.\" \/>\n<meta name=\"robots\" content=\"index, follow, max-snippet:-1, max-image-preview:large, max-video-preview:-1\" \/>\n<link rel=\"canonical\" href=\"https:\/\/www.safinel.fr\/de\/product-2\/candy-power-dragon\/\" \/>\n<meta property=\"og:locale\" content=\"de_DE\" \/>\n<meta property=\"og:type\" content=\"article\" \/>\n<meta property=\"og:title\" content=\"Candy power dragon I Bonbon aphrodisiaque I Stimule la libido\" \/>\n<meta property=\"og:description\" content=\"Si vous avez envie d\u2019essayer une nouvelle gourmandise qui r\u00e9veillera vos comp\u00e9tences sexuelles,\u00a0d\u00e9couvrez le bonbon\u00a0Candy power dragon.\" \/>\n<meta property=\"og:url\" content=\"https:\/\/www.safinel.fr\/de\/product-2\/candy-power-dragon\/\" \/>\n<meta property=\"og:site_name\" content=\"Safinel\" \/>\n<meta property=\"article:modified_time\" content=\"2024-11-07T15:26:50+00:00\" \/>\n<meta property=\"og:image\" content=\"https:\/\/www.safinel.fr\/wp-content\/uploads\/2023\/02\/candy-power-dragon.jpg\" \/>\n\t<meta property=\"og:image:width\" content=\"600\" \/>\n\t<meta property=\"og:image:height\" content=\"600\" \/>\n\t<meta property=\"og:image:type\" content=\"image\/jpeg\" \/>\n<meta name=\"twitter:card\" content=\"summary_large_image\" \/>\n<meta name=\"twitter:label1\" content=\"Gesch\u00e4tzte Lesezeit\" \/>\n\t<meta name=\"twitter:data1\" content=\"2\u00a0Minuten\" \/>\n<script type=\"application\/ld+json\" class=\"yoast-schema-graph\">{\"@context\":\"https:\/\/schema.org\",\"@graph\":[{\"@type\":\"WebPage\",\"@id\":\"https:\/\/www.safinel.fr\/produit\/candy-power-dragon\/\",\"url\":\"https:\/\/www.safinel.fr\/produit\/candy-power-dragon\/\",\"name\":\"Candy power dragon I Bonbon aphrodisiaque I Stimule la libido\",\"isPartOf\":{\"@id\":\"https:\/\/www.safinel.fr\/#website\"},\"primaryImageOfPage\":{\"@id\":\"https:\/\/www.safinel.fr\/produit\/candy-power-dragon\/#primaryimage\"},\"image\":{\"@id\":\"https:\/\/www.safinel.fr\/produit\/candy-power-dragon\/#primaryimage\"},\"thumbnailUrl\":\"https:\/\/www.safinel.fr\/wp-content\/uploads\/2023\/02\/candy-power-dragon.jpg\",\"datePublished\":\"2023-02-13T11:18:11+00:00\",\"dateModified\":\"2024-11-07T15:26:50+00:00\",\"description\":\"Si vous avez envie d\u2019essayer une nouvelle gourmandise qui r\u00e9veillera vos comp\u00e9tences sexuelles,\u00a0d\u00e9couvrez le bonbon\u00a0Candy power dragon.\",\"breadcrumb\":{\"@id\":\"https:\/\/www.safinel.fr\/produit\/candy-power-dragon\/#breadcrumb\"},\"inLanguage\":\"de\",\"potentialAction\":[{\"@type\":\"ReadAction\",\"target\":[\"https:\/\/www.safinel.fr\/produit\/candy-power-dragon\/\"]}]},{\"@type\":\"ImageObject\",\"inLanguage\":\"de\",\"@id\":\"https:\/\/www.safinel.fr\/produit\/candy-power-dragon\/#primaryimage\",\"url\":\"https:\/\/www.safinel.fr\/wp-content\/uploads\/2023\/02\/candy-power-dragon.jpg\",\"contentUrl\":\"https:\/\/www.safinel.fr\/wp-content\/uploads\/2023\/02\/candy-power-dragon.jpg\",\"width\":600,\"height\":600,\"caption\":\"Candy power dragon (Bonbon aphrodisiaque)\"},{\"@type\":\"BreadcrumbList\",\"@id\":\"https:\/\/www.safinel.fr\/produit\/candy-power-dragon\/#breadcrumb\",\"itemListElement\":[{\"@type\":\"ListItem\",\"position\":1,\"name\":\"Accueil\",\"item\":\"https:\/\/www.safinel.fr\/\"},{\"@type\":\"ListItem\",\"position\":2,\"name\":\"Boutique\",\"item\":\"https:\/\/www.safinel.fr\/boutique\/\"},{\"@type\":\"ListItem\",\"position\":3,\"name\":\"Candy power dragon (Bonbon aphrodisiaque)\"}]},{\"@type\":\"WebSite\",\"@id\":\"https:\/\/www.safinel.fr\/#website\",\"url\":\"https:\/\/www.safinel.fr\/\",\"name\":\"Safinel\",\"description\":\"\",\"publisher\":{\"@id\":\"https:\/\/www.safinel.fr\/#organization\"},\"potentialAction\":[{\"@type\":\"SearchAction\",\"target\":{\"@type\":\"EntryPoint\",\"urlTemplate\":\"https:\/\/www.safinel.fr\/?s={search_term_string}\"},\"query-input\":{\"@type\":\"PropertyValueSpecification\",\"valueRequired\":true,\"valueName\":\"search_term_string\"}}],\"inLanguage\":\"de\"},{\"@type\":\"Organization\",\"@id\":\"https:\/\/www.safinel.fr\/#organization\",\"name\":\"Safinel\",\"url\":\"https:\/\/www.safinel.fr\/\",\"logo\":{\"@type\":\"ImageObject\",\"inLanguage\":\"de\",\"@id\":\"https:\/\/www.safinel.fr\/#\/schema\/logo\/image\/\",\"url\":\"https:\/\/www.safinel.fr\/wp-content\/uploads\/2021\/05\/boutique-cosmetique.png\",\"contentUrl\":\"https:\/\/www.safinel.fr\/wp-content\/uploads\/2021\/05\/boutique-cosmetique.png\",\"width\":800,\"height\":200,\"caption\":\"Safinel\"},\"image\":{\"@id\":\"https:\/\/www.safinel.fr\/#\/schema\/logo\/image\/\"}}]}<\/script>\n<!-- \/ Yoast SEO plugin. -->","yoast_head_json":{"title":"Candy power dragon I Aphrodisiakisches Bonbon I Stimuliert die Libido","description":"Wenn Sie Lust haben, eine neue S\u00fc\u00dfigkeit auszuprobieren, die Ihre sexuellen F\u00e4higkeiten wecken wird, dann entdecken Sie das Candy Power Dragon Bonbon.","robots":{"index":"index","follow":"follow","max-snippet":"max-snippet:-1","max-image-preview":"max-image-preview:large","max-video-preview":"max-video-preview:-1"},"canonical":"https:\/\/www.safinel.fr\/de\/product-2\/candy-power-dragon\/","og_locale":"de_DE","og_type":"article","og_title":"Candy power dragon I Bonbon aphrodisiaque I Stimule la libido","og_description":"Si vous avez envie d\u2019essayer une nouvelle gourmandise qui r\u00e9veillera vos comp\u00e9tences sexuelles,\u00a0d\u00e9couvrez le bonbon\u00a0Candy power dragon.","og_url":"https:\/\/www.safinel.fr\/de\/product-2\/candy-power-dragon\/","og_site_name":"Safinel","article_modified_time":"2024-11-07T15:26:50+00:00","og_image":[{"width":600,"height":600,"url":"https:\/\/www.safinel.fr\/wp-content\/uploads\/2023\/02\/candy-power-dragon.jpg","type":"image\/jpeg"}],"twitter_card":"summary_large_image","twitter_misc":{"Gesch\u00e4tzte Lesezeit":"2\u00a0Minuten"},"schema":{"@context":"https:\/\/schema.org","@graph":[{"@type":"WebPage","@id":"https:\/\/www.safinel.fr\/produit\/candy-power-dragon\/","url":"https:\/\/www.safinel.fr\/produit\/candy-power-dragon\/","name":"Candy power dragon I Aphrodisiakisches Bonbon I Stimuliert die Libido","isPartOf":{"@id":"https:\/\/www.safinel.fr\/#website"},"primaryImageOfPage":{"@id":"https:\/\/www.safinel.fr\/produit\/candy-power-dragon\/#primaryimage"},"image":{"@id":"https:\/\/www.safinel.fr\/produit\/candy-power-dragon\/#primaryimage"},"thumbnailUrl":"https:\/\/www.safinel.fr\/wp-content\/uploads\/2023\/02\/candy-power-dragon.jpg","datePublished":"2023-02-13T11:18:11+00:00","dateModified":"2024-11-07T15:26:50+00:00","description":"Wenn Sie Lust haben, eine neue S\u00fc\u00dfigkeit auszuprobieren, die Ihre sexuellen F\u00e4higkeiten wecken wird, dann entdecken Sie das Candy Power Dragon Bonbon.","breadcrumb":{"@id":"https:\/\/www.safinel.fr\/produit\/candy-power-dragon\/#breadcrumb"},"inLanguage":"de","potentialAction":[{"@type":"ReadAction","target":["https:\/\/www.safinel.fr\/produit\/candy-power-dragon\/"]}]},{"@type":"ImageObject","inLanguage":"de","@id":"https:\/\/www.safinel.fr\/produit\/candy-power-dragon\/#primaryimage","url":"https:\/\/www.safinel.fr\/wp-content\/uploads\/2023\/02\/candy-power-dragon.jpg","contentUrl":"https:\/\/www.safinel.fr\/wp-content\/uploads\/2023\/02\/candy-power-dragon.jpg","width":600,"height":600,"caption":"Candy power dragon (Bonbon aphrodisiaque)"},{"@type":"BreadcrumbList","@id":"https:\/\/www.safinel.fr\/produit\/candy-power-dragon\/#breadcrumb","itemListElement":[{"@type":"ListItem","position":1,"name":"Accueil","item":"https:\/\/www.safinel.fr\/"},{"@type":"ListItem","position":2,"name":"Boutique","item":"https:\/\/www.safinel.fr\/boutique\/"},{"@type":"ListItem","position":3,"name":"Candy power dragon (Bonbon aphrodisiaque)"}]},{"@type":"WebSite","@id":"https:\/\/www.safinel.fr\/#website","url":"https:\/\/www.safinel.fr\/","name":"Safinel","description":"","publisher":{"@id":"https:\/\/www.safinel.fr\/#organization"},"potentialAction":[{"@type":"SearchAction","target":{"@type":"EntryPoint","urlTemplate":"https:\/\/www.safinel.fr\/?s={search_term_string}"},"query-input":{"@type":"PropertyValueSpecification","valueRequired":true,"valueName":"search_term_string"}}],"inLanguage":"de"},{"@type":"Organization","@id":"https:\/\/www.safinel.fr\/#organization","name":"Safinel","url":"https:\/\/www.safinel.fr\/","logo":{"@type":"ImageObject","inLanguage":"de","@id":"https:\/\/www.safinel.fr\/#\/schema\/logo\/image\/","url":"https:\/\/www.safinel.fr\/wp-content\/uploads\/2021\/05\/boutique-cosmetique.png","contentUrl":"https:\/\/www.safinel.fr\/wp-content\/uploads\/2021\/05\/boutique-cosmetique.png","width":800,"height":200,"caption":"Safinel"},"image":{"@id":"https:\/\/www.safinel.fr\/#\/schema\/logo\/image\/"}}]}},"_links":{"self":[{"href":"https:\/\/www.safinel.fr\/de\/wp-json\/wp\/v2\/product\/4606","targetHints":{"allow":["GET"]}}],"collection":[{"href":"https:\/\/www.safinel.fr\/de\/wp-json\/wp\/v2\/product"}],"about":[{"href":"https:\/\/www.safinel.fr\/de\/wp-json\/wp\/v2\/types\/product"}],"wp:featuredmedia":[{"embeddable":true,"href":"https:\/\/www.safinel.fr\/de\/wp-json\/wp\/v2\/media\/4603"}],"wp:attachment":[{"href":"https:\/\/www.safinel.fr\/de\/wp-json\/wp\/v2\/media?parent=4606"}],"wp:term":[{"taxonomy":"product_brand","embeddable":true,"href":"https:\/\/www.safinel.fr\/de\/wp-json\/wp\/v2\/product_brand?post=4606"},{"taxonomy":"product_cat","embeddable":true,"href":"https:\/\/www.safinel.fr\/de\/wp-json\/wp\/v2\/product_cat?post=4606"},{"taxonomy":"product_tag","embeddable":true,"href":"https:\/\/www.safinel.fr\/de\/wp-json\/wp\/v2\/product_tag?post=4606"}],"curies":[{"name":"wp","href":"https:\/\/api.w.org\/{rel}","templated":true}]}}