{"id":4588,"date":"2023-02-12T19:32:09","date_gmt":"2023-02-12T19:32:09","guid":{"rendered":"https:\/\/www.safinel.fr\/?post_type=product&#038;p=4588"},"modified":"2023-12-28T17:15:45","modified_gmt":"2023-12-28T17:15:45","slug":"serghina","status":"publish","type":"product","link":"https:\/\/www.safinel.fr\/de\/product-2\/serghina\/","title":{"rendered":"Serghina (Corrigiola Telephiifolia)"},"content":{"rendered":"<p>Serghina ist eine Sorte von<strong>\u00a0carapate\u00a0<\/strong>spezielle, die in den trockenen Gebieten Westafrikas w\u00e4chst. Sie ist f\u00fcr ihren einzigartigen, frischen Geschmack bekannt, der je nach Region, in der sie w\u00e4chst, variieren kann.<\/p>\n<h2><strong>Was ist Serghina?\u00a0<\/strong><\/h2>\n<p>Zun\u00e4chst einmal beginnen wir mit der Vorstellung! Die\u00a0<strong>Serghina<\/strong>\u00a0(botanischer Name: Corrigiola telephiifolia) ist eine Pflanze aus der Familie der Caryophyllaceae, die in West- und Nordafrika beheimatet ist.<\/p>\n<p>Denn traditionell verwendeten marokkanische Kr\u00e4uterkundler die Wurzeln dieser Pflanze zu medizinischen Zwecken, die Frauen in Fes bereiteten die\u00a0<strong>Sarghinawurzeln<\/strong>\u00a0mit einer althergebrachten Technik und verkauften sie als R\u00e4ucherst\u00e4bchen.<\/p>\n<p>Au\u00dferdem kommt die Pflanze auch in anderen Teilen der Welt vor, z. B. in S\u00fcdamerika und Europa! Allerdings tr\u00e4gt sie in verschiedenen Regionen unterschiedliche Namen wie Polygonifolia Fabr,<strong>\u00a0Furera Bubani<\/strong>, Corrigiola litoralis.<\/p>\n<h2><strong>Ihre Wellness-Boutique m\u00f6chte Ihnen die Serghina n\u00e4her bringen!\u00a0<\/strong><\/h2>\n<p>Serghina: eine Karapatenart mit einzigartigem Geschmack<\/p>\n<p>Die Serghina-Karotte hat eine gelb-gr\u00fcne Farbe und sieht aus wie ein kleiner Apfel. Ihr Fruchtfleisch ist sehr weich und s\u00fc\u00df und wird h\u00e4ufig zur Herstellung von Marmeladen und Gelees verwendet.<\/p>\n<p>Die<strong>\u00a0sarghina\u00a0<\/strong>ist auch sehr nahrhaft! Sie ist reich an den Vitaminen A, B und C und enth\u00e4lt viele verschiedene n\u00fctzliche Antioxidantien. Au\u00dferdem ist sie ebenfalls reich an Mineralien, insbesondere Eisen, Kalium und Magnesium, und enth\u00e4lt auch essentielle Fetts\u00e4uren, was sie zu einer ausgezeichneten Energiequelle macht.<\/p>\n<p>L\u2019<a href=\"https:\/\/www.safinel.fr\/de\/product-2\/karapatenol\/\"><strong>Karapaten\u00f6l<\/strong><\/a>\u00a0Serghina ist ebenfalls sehr beliebt und sehr nahrhaft. Sie ist bekannt f\u00fcr ihre feuchtigkeitsspendenden und n\u00e4hrenden Eigenschaften. Sie ist auch sehr gut geeignet, um das Haar mit Feuchtigkeit zu versorgen und ihm Glanz zu verleihen!<\/p>\n<h2><strong>Die Vorteile von Serghina!\u00a0<\/strong><\/h2>\n<p>Die\u00a0<strong>Corrigiola telephiifolia<\/strong>\u00a0hat antiseptische, entz\u00fcndungshemmende und schmerzstillende Eigenschaften! Das macht sie zu einer n\u00fctzlichen Pflanze, um Beschwerden und Schmerzen zu lindern. Insbesondere Kopfschmerzen, Zahnschmerzen, Erk\u00e4ltungen und Halsschmerzen. Die Pflanze kann auch helfen, die Symptome von Grippe und Asthma zu lindern.<\/p>\n<p>Die Vorteile der Serghina-Karapata sind zahlreich. Sie ist reich an Vitaminen und Mineralien und enth\u00e4lt viele n\u00fctzliche Antioxidantien. Au\u00dferdem ist sie reich an essentiellen Fetts\u00e4uren, was sie zu einer hervorragenden Energiequelle macht. Dar\u00fcber hinaus ist Serghina aufgrund seiner feuchtigkeitsspendenden und n\u00e4hrenden Eigenschaften sehr beliebt und kann zur Behandlung verschiedener Haut- und Haartypen verwendet werden.<\/p>\n<p>Au\u00dferdem spendet es Feuchtigkeit und verleiht dem Haar Glanz und kann zur Herstellung von Gesichtsmasken und Milchb\u00e4dern verwendet werden.<\/p>\n<p>Dar\u00fcber hinaus ist der\u00a0<strong>Corrigiola telephiifolia\u00a0<\/strong>kann auch verwendet werden, um die Symptome bestimmter Krankheiten zu lindern, darunter Diabetes, Bluthochdruck, Verdauungsst\u00f6rungen und Schilddr\u00fcsenerkrankungen.<\/p>\n<h3><strong>Wie wird diese Pflanze verwendet?<\/strong><\/h3>\n<p>Serghina kann in verschiedenen Formen verwendet werden:<\/p>\n<ul>\n<li>Kr\u00e4utertees<\/li>\n<li>Dekokte<\/li>\n<li>In Pulverform<\/li>\n<li>Urtinkturen<\/li>\n<li><strong>In Kapseln<\/strong><\/li>\n<li>Umschl\u00e4ge<\/li>\n<li>In Kompressen<\/li>\n<li>\u00c4therische \u00d6le.<\/li>\n<\/ul>\n<p>F\u00fcr den\u00a0<strong>Schmerzbehandlung<\/strong>, In der Regel werden die Bl\u00e4tter und St\u00e4ngel als Tee oder Abkochung zubereitet und oral eingenommen. Zur Behandlung der Haut werden die Bl\u00e4tter und St\u00e4ngel meist in Form von Pulver, Tinktur oder \u00e4therischem \u00d6l verwendet und direkt auf die Haut aufgetragen.<\/p>\n<p>Dennoch ist es wichtig, vor der Anwendung einen Arzt zu konsultieren!<\/p>","protected":false},"excerpt":{"rendered":"<p>Serghina ist eine besondere Karapate-Sorte, die in den trockenen Gebieten Westafrikas w\u00e4chst. Sie ist bekannt f\u00fcr ihren einzigartigen, frischen Geschmack, der je nach Anbaugebiet variieren kann. Was ist Serghina?  Zun\u00e4chst einmal: Beginnen wir mit den Vorstellungsrunden! Serghina (botanischer Name: Corrigiola telephiifolia) ist eine Pflanze aus [\u2026]","protected":false},"featured_media":4590,"template":"","meta":[],"product_brand":[],"product_cat":[27],"product_tag":[],"class_list":{"0":"post-4588","1":"product","2":"type-product","3":"status-publish","4":"has-post-thumbnail","6":"product_cat-plantes-medicinales","8":"first","9":"instock","10":"shipping-taxable","11":"purchasable","12":"product-type-variable"},"yoast_head":"<!-- This site is optimized with the Yoast SEO plugin v26.6 - https:\/\/yoast.com\/wordpress\/plugins\/seo\/ -->\n<title>Serghina (Corrigiola Telephiifolia) I Bienfaits nombreux<\/title>\n<meta name=\"description\" content=\"Le Serghina est une vari\u00e9t\u00e9 de\u00a0carapate\u00a0sp\u00e9ciale, qui pousse dans les zones arides de l\u2019Afrique de l\u2019Ouest. D\u00e9couvrez-l\u00e0 rapidement !\" \/>\n<meta name=\"robots\" content=\"index, follow, max-snippet:-1, max-image-preview:large, max-video-preview:-1\" \/>\n<link rel=\"canonical\" href=\"https:\/\/www.safinel.fr\/de\/product-2\/serghina\/\" \/>\n<meta property=\"og:locale\" content=\"de_DE\" \/>\n<meta property=\"og:type\" content=\"article\" \/>\n<meta property=\"og:title\" content=\"Serghina (Corrigiola Telephiifolia) I Bienfaits nombreux\" \/>\n<meta property=\"og:description\" content=\"Le Serghina est une vari\u00e9t\u00e9 de\u00a0carapate\u00a0sp\u00e9ciale, qui pousse dans les zones arides de l\u2019Afrique de l\u2019Ouest. D\u00e9couvrez-l\u00e0 rapidement !\" \/>\n<meta property=\"og:url\" content=\"https:\/\/www.safinel.fr\/de\/product-2\/serghina\/\" \/>\n<meta property=\"og:site_name\" content=\"Safinel\" \/>\n<meta property=\"article:modified_time\" content=\"2023-12-28T17:15:45+00:00\" \/>\n<meta property=\"og:image\" content=\"https:\/\/www.safinel.fr\/wp-content\/uploads\/2023\/02\/serghina.jpg\" \/>\n\t<meta property=\"og:image:width\" content=\"600\" \/>\n\t<meta property=\"og:image:height\" content=\"600\" \/>\n\t<meta property=\"og:image:type\" content=\"image\/jpeg\" \/>\n<meta name=\"twitter:card\" content=\"summary_large_image\" \/>\n<meta name=\"twitter:label1\" content=\"Gesch\u00e4tzte Lesezeit\" \/>\n\t<meta name=\"twitter:data1\" content=\"3\u00a0Minuten\" \/>\n<script type=\"application\/ld+json\" class=\"yoast-schema-graph\">{\"@context\":\"https:\/\/schema.org\",\"@graph\":[{\"@type\":\"WebPage\",\"@id\":\"https:\/\/www.safinel.fr\/produit\/serghina\/\",\"url\":\"https:\/\/www.safinel.fr\/produit\/serghina\/\",\"name\":\"Serghina (Corrigiola Telephiifolia) I Bienfaits nombreux\",\"isPartOf\":{\"@id\":\"https:\/\/www.safinel.fr\/#website\"},\"primaryImageOfPage\":{\"@id\":\"https:\/\/www.safinel.fr\/produit\/serghina\/#primaryimage\"},\"image\":{\"@id\":\"https:\/\/www.safinel.fr\/produit\/serghina\/#primaryimage\"},\"thumbnailUrl\":\"https:\/\/www.safinel.fr\/wp-content\/uploads\/2023\/02\/serghina.jpg\",\"datePublished\":\"2023-02-12T19:32:09+00:00\",\"dateModified\":\"2023-12-28T17:15:45+00:00\",\"description\":\"Le Serghina est une vari\u00e9t\u00e9 de\u00a0carapate\u00a0sp\u00e9ciale, qui pousse dans les zones arides de l\u2019Afrique de l\u2019Ouest. D\u00e9couvrez-l\u00e0 rapidement !\",\"breadcrumb\":{\"@id\":\"https:\/\/www.safinel.fr\/produit\/serghina\/#breadcrumb\"},\"inLanguage\":\"de\",\"potentialAction\":[{\"@type\":\"ReadAction\",\"target\":[\"https:\/\/www.safinel.fr\/produit\/serghina\/\"]}]},{\"@type\":\"ImageObject\",\"inLanguage\":\"de\",\"@id\":\"https:\/\/www.safinel.fr\/produit\/serghina\/#primaryimage\",\"url\":\"https:\/\/www.safinel.fr\/wp-content\/uploads\/2023\/02\/serghina.jpg\",\"contentUrl\":\"https:\/\/www.safinel.fr\/wp-content\/uploads\/2023\/02\/serghina.jpg\",\"width\":600,\"height\":600,\"caption\":\"Serghina (Corrigiola Telephiifolia)\"},{\"@type\":\"BreadcrumbList\",\"@id\":\"https:\/\/www.safinel.fr\/produit\/serghina\/#breadcrumb\",\"itemListElement\":[{\"@type\":\"ListItem\",\"position\":1,\"name\":\"Accueil\",\"item\":\"https:\/\/www.safinel.fr\/\"},{\"@type\":\"ListItem\",\"position\":2,\"name\":\"Boutique\",\"item\":\"https:\/\/www.safinel.fr\/boutique\/\"},{\"@type\":\"ListItem\",\"position\":3,\"name\":\"Serghina (Corrigiola Telephiifolia)\"}]},{\"@type\":\"WebSite\",\"@id\":\"https:\/\/www.safinel.fr\/#website\",\"url\":\"https:\/\/www.safinel.fr\/\",\"name\":\"Safinel\",\"description\":\"\",\"publisher\":{\"@id\":\"https:\/\/www.safinel.fr\/#organization\"},\"potentialAction\":[{\"@type\":\"SearchAction\",\"target\":{\"@type\":\"EntryPoint\",\"urlTemplate\":\"https:\/\/www.safinel.fr\/?s={search_term_string}\"},\"query-input\":{\"@type\":\"PropertyValueSpecification\",\"valueRequired\":true,\"valueName\":\"search_term_string\"}}],\"inLanguage\":\"de\"},{\"@type\":\"Organization\",\"@id\":\"https:\/\/www.safinel.fr\/#organization\",\"name\":\"Safinel\",\"url\":\"https:\/\/www.safinel.fr\/\",\"logo\":{\"@type\":\"ImageObject\",\"inLanguage\":\"de\",\"@id\":\"https:\/\/www.safinel.fr\/#\/schema\/logo\/image\/\",\"url\":\"https:\/\/www.safinel.fr\/wp-content\/uploads\/2021\/05\/boutique-cosmetique.png\",\"contentUrl\":\"https:\/\/www.safinel.fr\/wp-content\/uploads\/2021\/05\/boutique-cosmetique.png\",\"width\":800,\"height\":200,\"caption\":\"Safinel\"},\"image\":{\"@id\":\"https:\/\/www.safinel.fr\/#\/schema\/logo\/image\/\"}}]}<\/script>\n<!-- \/ Yoast SEO plugin. -->","yoast_head_json":{"title":"Serghina (Corrigiola Telephiifolia) I Zahlreiche Vorteile","description":"Serghina ist eine besondere Karapatenart, die in den trockenen Gebieten Westafrikas w\u00e4chst. Entdecken Sie sie schnell!","robots":{"index":"index","follow":"follow","max-snippet":"max-snippet:-1","max-image-preview":"max-image-preview:large","max-video-preview":"max-video-preview:-1"},"canonical":"https:\/\/www.safinel.fr\/de\/product-2\/serghina\/","og_locale":"de_DE","og_type":"article","og_title":"Serghina (Corrigiola Telephiifolia) I Bienfaits nombreux","og_description":"Le Serghina est une vari\u00e9t\u00e9 de\u00a0carapate\u00a0sp\u00e9ciale, qui pousse dans les zones arides de l\u2019Afrique de l\u2019Ouest. D\u00e9couvrez-l\u00e0 rapidement !","og_url":"https:\/\/www.safinel.fr\/de\/product-2\/serghina\/","og_site_name":"Safinel","article_modified_time":"2023-12-28T17:15:45+00:00","og_image":[{"width":600,"height":600,"url":"https:\/\/www.safinel.fr\/wp-content\/uploads\/2023\/02\/serghina.jpg","type":"image\/jpeg"}],"twitter_card":"summary_large_image","twitter_misc":{"Gesch\u00e4tzte Lesezeit":"3\u00a0Minuten"},"schema":{"@context":"https:\/\/schema.org","@graph":[{"@type":"WebPage","@id":"https:\/\/www.safinel.fr\/produit\/serghina\/","url":"https:\/\/www.safinel.fr\/produit\/serghina\/","name":"Serghina (Corrigiola Telephiifolia) I Zahlreiche Vorteile","isPartOf":{"@id":"https:\/\/www.safinel.fr\/#website"},"primaryImageOfPage":{"@id":"https:\/\/www.safinel.fr\/produit\/serghina\/#primaryimage"},"image":{"@id":"https:\/\/www.safinel.fr\/produit\/serghina\/#primaryimage"},"thumbnailUrl":"https:\/\/www.safinel.fr\/wp-content\/uploads\/2023\/02\/serghina.jpg","datePublished":"2023-02-12T19:32:09+00:00","dateModified":"2023-12-28T17:15:45+00:00","description":"Serghina ist eine besondere Karapatenart, die in den trockenen Gebieten Westafrikas w\u00e4chst. Entdecken Sie sie schnell!","breadcrumb":{"@id":"https:\/\/www.safinel.fr\/produit\/serghina\/#breadcrumb"},"inLanguage":"de","potentialAction":[{"@type":"ReadAction","target":["https:\/\/www.safinel.fr\/produit\/serghina\/"]}]},{"@type":"ImageObject","inLanguage":"de","@id":"https:\/\/www.safinel.fr\/produit\/serghina\/#primaryimage","url":"https:\/\/www.safinel.fr\/wp-content\/uploads\/2023\/02\/serghina.jpg","contentUrl":"https:\/\/www.safinel.fr\/wp-content\/uploads\/2023\/02\/serghina.jpg","width":600,"height":600,"caption":"Serghina (Corrigiola Telephiifolia)"},{"@type":"BreadcrumbList","@id":"https:\/\/www.safinel.fr\/produit\/serghina\/#breadcrumb","itemListElement":[{"@type":"ListItem","position":1,"name":"Accueil","item":"https:\/\/www.safinel.fr\/"},{"@type":"ListItem","position":2,"name":"Boutique","item":"https:\/\/www.safinel.fr\/boutique\/"},{"@type":"ListItem","position":3,"name":"Serghina (Corrigiola Telephiifolia)"}]},{"@type":"WebSite","@id":"https:\/\/www.safinel.fr\/#website","url":"https:\/\/www.safinel.fr\/","name":"Safinel","description":"","publisher":{"@id":"https:\/\/www.safinel.fr\/#organization"},"potentialAction":[{"@type":"SearchAction","target":{"@type":"EntryPoint","urlTemplate":"https:\/\/www.safinel.fr\/?s={search_term_string}"},"query-input":{"@type":"PropertyValueSpecification","valueRequired":true,"valueName":"search_term_string"}}],"inLanguage":"de"},{"@type":"Organization","@id":"https:\/\/www.safinel.fr\/#organization","name":"Safinel","url":"https:\/\/www.safinel.fr\/","logo":{"@type":"ImageObject","inLanguage":"de","@id":"https:\/\/www.safinel.fr\/#\/schema\/logo\/image\/","url":"https:\/\/www.safinel.fr\/wp-content\/uploads\/2021\/05\/boutique-cosmetique.png","contentUrl":"https:\/\/www.safinel.fr\/wp-content\/uploads\/2021\/05\/boutique-cosmetique.png","width":800,"height":200,"caption":"Safinel"},"image":{"@id":"https:\/\/www.safinel.fr\/#\/schema\/logo\/image\/"}}]}},"_links":{"self":[{"href":"https:\/\/www.safinel.fr\/de\/wp-json\/wp\/v2\/product\/4588","targetHints":{"allow":["GET"]}}],"collection":[{"href":"https:\/\/www.safinel.fr\/de\/wp-json\/wp\/v2\/product"}],"about":[{"href":"https:\/\/www.safinel.fr\/de\/wp-json\/wp\/v2\/types\/product"}],"wp:featuredmedia":[{"embeddable":true,"href":"https:\/\/www.safinel.fr\/de\/wp-json\/wp\/v2\/media\/4590"}],"wp:attachment":[{"href":"https:\/\/www.safinel.fr\/de\/wp-json\/wp\/v2\/media?parent=4588"}],"wp:term":[{"taxonomy":"product_brand","embeddable":true,"href":"https:\/\/www.safinel.fr\/de\/wp-json\/wp\/v2\/product_brand?post=4588"},{"taxonomy":"product_cat","embeddable":true,"href":"https:\/\/www.safinel.fr\/de\/wp-json\/wp\/v2\/product_cat?post=4588"},{"taxonomy":"product_tag","embeddable":true,"href":"https:\/\/www.safinel.fr\/de\/wp-json\/wp\/v2\/product_tag?post=4588"}],"curies":[{"name":"wp","href":"https:\/\/api.w.org\/{rel}","templated":true}]}}