{"id":4582,"date":"2023-02-12T17:53:12","date_gmt":"2023-02-12T17:53:12","guid":{"rendered":"https:\/\/www.safinel.fr\/?post_type=product&#038;p=4582"},"modified":"2023-12-30T12:16:24","modified_gmt":"2023-12-30T12:16:24","slug":"wacholderblatter","status":"publish","type":"product","link":"https:\/\/www.safinel.fr\/de\/product-2\/wacholderblatter\/","title":{"rendered":"Wacholderbl\u00e4tter 100g"},"content":{"rendered":"<p><strong>Die Bl\u00e4tter des Wacholders<\/strong>\u00a0sehen zugegebenerma\u00dfen etwas unscheinbar aus! Lassen Sie sich jedoch nicht von ihrem Aussehen, sondern vielmehr von ihren unz\u00e4hligen positiven Eigenschaften t\u00e4uschen. Nutzen Sie diese Pflanze, um sich ges\u00fcnder zu ern\u00e4hren und profitieren Sie von den Vorteilen, die die Natur Ihnen bietet!<\/p>\n<h2><strong>Wacholderbl\u00e4tter: Bescheidener Anblick, aber gro\u00dfe Vorteile!<\/strong><\/h2>\n<p><strong>Die Bl\u00e4tter des Wacholders<\/strong>r, oder\u00a0<strong>Kadettenbl\u00e4tter<\/strong>, Die Bl\u00e4tter des Wacholderbaums sind die Bl\u00e4tter des Wacholders. Sie f\u00fchlen sich leicht weich an und sind dunkelgr\u00fcn. Sie werden geerntet und getrocknet, um auf verschiedene Weise verzehrt zu werden.<\/p>\n<p>Tats\u00e4chlich werden sie h\u00e4ufig als\u00a0<strong>Kr\u00e4uter\u00a0<\/strong>und f\u00fcr verschiedene therapeutische und medizinische Anwendungen. Sie sind auch f\u00fcr ihre antiseptischen und antimykotischen Eigenschaften bekannt. Die Bl\u00e4tter sind auch f\u00fcr ihren kr\u00e4ftigen Geschmack, ihren starken Geruch und ihre weiche Textur bekannt. Au\u00dferdem werden sie haupts\u00e4chlich zum Aromatisieren von So\u00dfen und anderen Gerichten verwendet.<\/p>\n<h2><strong>Entscheiden Sie sich f\u00fcr einen Tee aus Wacholderbl\u00e4ttern\u00a0<\/strong><\/h2>\n<p>Der Aufguss aus Kadettenbl\u00e4ttern ist ein Getr\u00e4nk, das reich an Vitaminen und Antioxidantien ist und gleichzeitig gesund und lecker schmeckt. Der Aufguss wird seit Tausenden von Jahren verwendet und gilt als nat\u00fcrliches Heilmittel f\u00fcr die Behandlung vieler Beschwerden. Wie z. B. Stress, Schlafst\u00f6rungen, verstopfte Nasennebenh\u00f6hlen, Verdauungsst\u00f6rungen und Schmerzen.<\/p>\n<p>Zur Vorbereitung einer<strong>\u00a0Aufguss von Wacholderbl\u00e4ttern,\u00a0<\/strong>beginnen Sie damit, einen Teel\u00f6ffel getrocknete Bl\u00e4tter in eine Tasse mit hei\u00dfem Wasser zu geben. Lassen Sie den Tee dann 5 bis 10 Minuten ziehen und filtern Sie die Fl\u00fcssigkeit ab. Sie k\u00f6nnen auch ein wenig\u00a0<a href=\"https:\/\/www.safinel.fr\/de\/product-2\/fruhlingshonig\/\"><strong>Fr\u00fchlingshonig<\/strong><\/a>\u00a0und Zitrone f\u00fcr einen angenehmeren Geschmack. Trinken Sie den Tee ein- bis zweimal t\u00e4glich, um von seinen Vorteilen zu profitieren.<\/p>\n<p>Diese Pflanze ist reich an Antioxidantien, die dabei helfen, freie Radikale zu bek\u00e4mpfen und oxidativen Stress zu reduzieren. Sie ist auch daf\u00fcr bekannt, Entz\u00fcndungen und Schwellungen zu reduzieren und dabei zu helfen, Herzerkrankungen und Krebs vorzubeugen.<\/p>\n<p>Au\u00dferdem wird es wegen seiner antimikrobiellen und antimykotischen Eigenschaften gesch\u00e4tzt. Das macht es zu einem\u00a0<strong>Naturheilmittel\u00a0<\/strong>bei Infektionen und Erkrankungen der Atemwege.<\/p>\n<h3><strong>Wacholderbl\u00e4ttertee, aber nicht nur bei Safinel\u00a0<\/strong><\/h3>\n<p><a href=\"https:\/\/www.safinel.fr\/de\/product-2\/himbeerblatter\/\"><strong>Himbeerbl\u00e4ttertee<\/strong><\/a>, von\u00a0<strong><a href=\"https:\/\/www.safinel.fr\/de\/product-2\/djeka-blatter\/\">Djeka-Bl\u00e4tter<\/a>\u00a0<\/strong>oder auch von\u00a0<a href=\"https:\/\/www.safinel.fr\/de\/product-2\/kirschschwanze\/\"><strong>Kirschschw\u00e4nze<\/strong><\/a>, Die\u00a0<strong>nat\u00fcrliche Getr\u00e4nke\u00a0<\/strong>fehlt bei Safinel nicht.<\/p>\n<p>Denn je nachdem, was Sie brauchen, k\u00f6nnen Sie ausw\u00e4hlen, was Sie brauchen!<\/p>\n<h3><strong>Vorsichtsma\u00dfnahmen\u00a0<\/strong><\/h3>\n<p>Schwangeren Frauen sowie Personen mit Niereninsuffizienz wird von der Einnahme abgeraten.<\/p>","protected":false},"excerpt":{"rendered":"<p>Die Bl\u00e4tter des Wacholders sehen zwar unscheinbar aus, aber lassen Sie sich nicht von ihrem Aussehen t\u00e4uschen, sondern vertrauen Sie auf ihre unz\u00e4hligen Vorz\u00fcge. Nutzen Sie diese Pflanze f\u00fcr eine ges\u00fcndere Ern\u00e4hrung und profitieren Sie von den Vorteilen, die Ihnen die Natur bietet! Die Bl\u00e4tter des Wacholders: unscheinbar, aber [\u2026]","protected":false},"featured_media":4583,"template":"","meta":[],"product_brand":[],"product_cat":[27],"product_tag":[],"class_list":{"0":"post-4582","1":"product","2":"type-product","3":"status-publish","4":"has-post-thumbnail","6":"product_cat-plantes-medicinales","8":"first","9":"instock","10":"shipping-taxable","11":"purchasable","12":"product-type-simple"},"yoast_head":"<!-- This site is optimized with the Yoast SEO plugin v26.6 - https:\/\/yoast.com\/wordpress\/plugins\/seo\/ -->\n<title>Feuilles de gen\u00e9vrier I 100% naturelle I Bienfaits nombreux<\/title>\n<meta name=\"description\" content=\"Les feuilles de gen\u00e9vrier, ou\u00a0feuilles de cade, sont les feuilles de l\u2019arbre de gen\u00e9vrier. Elles sont l\u00e9g\u00e8rement douces au toucher et d&#039;un vert fonc\u00e9.\" \/>\n<meta name=\"robots\" content=\"index, follow, max-snippet:-1, max-image-preview:large, max-video-preview:-1\" \/>\n<link rel=\"canonical\" href=\"https:\/\/www.safinel.fr\/de\/product-2\/wacholderblatter\/\" \/>\n<meta property=\"og:locale\" content=\"de_DE\" \/>\n<meta property=\"og:type\" content=\"article\" \/>\n<meta property=\"og:title\" content=\"Feuilles de gen\u00e9vrier I 100% naturelle I Bienfaits nombreux\" \/>\n<meta property=\"og:description\" content=\"Les feuilles de gen\u00e9vrier, ou\u00a0feuilles de cade, sont les feuilles de l\u2019arbre de gen\u00e9vrier. Elles sont l\u00e9g\u00e8rement douces au toucher et d&#039;un vert fonc\u00e9.\" \/>\n<meta property=\"og:url\" content=\"https:\/\/www.safinel.fr\/de\/product-2\/wacholderblatter\/\" \/>\n<meta property=\"og:site_name\" content=\"Safinel\" \/>\n<meta property=\"article:modified_time\" content=\"2023-12-30T12:16:24+00:00\" \/>\n<meta property=\"og:image\" content=\"https:\/\/www.safinel.fr\/wp-content\/uploads\/2023\/02\/feuilles-de-genevrier.jpg\" \/>\n\t<meta property=\"og:image:width\" content=\"600\" \/>\n\t<meta property=\"og:image:height\" content=\"600\" \/>\n\t<meta property=\"og:image:type\" content=\"image\/jpeg\" \/>\n<meta name=\"twitter:card\" content=\"summary_large_image\" \/>\n<meta name=\"twitter:label1\" content=\"Gesch\u00e4tzte Lesezeit\" \/>\n\t<meta name=\"twitter:data1\" content=\"2\u00a0Minuten\" \/>\n<script type=\"application\/ld+json\" class=\"yoast-schema-graph\">{\"@context\":\"https:\/\/schema.org\",\"@graph\":[{\"@type\":\"WebPage\",\"@id\":\"https:\/\/www.safinel.fr\/produit\/feuilles-de-genevrier\/\",\"url\":\"https:\/\/www.safinel.fr\/produit\/feuilles-de-genevrier\/\",\"name\":\"Feuilles de gen\u00e9vrier I 100% naturelle I Bienfaits nombreux\",\"isPartOf\":{\"@id\":\"https:\/\/www.safinel.fr\/#website\"},\"primaryImageOfPage\":{\"@id\":\"https:\/\/www.safinel.fr\/produit\/feuilles-de-genevrier\/#primaryimage\"},\"image\":{\"@id\":\"https:\/\/www.safinel.fr\/produit\/feuilles-de-genevrier\/#primaryimage\"},\"thumbnailUrl\":\"https:\/\/www.safinel.fr\/wp-content\/uploads\/2023\/02\/feuilles-de-genevrier.jpg\",\"datePublished\":\"2023-02-12T17:53:12+00:00\",\"dateModified\":\"2023-12-30T12:16:24+00:00\",\"description\":\"Les feuilles de gen\u00e9vrier, ou\u00a0feuilles de cade, sont les feuilles de l\u2019arbre de gen\u00e9vrier. Elles sont l\u00e9g\u00e8rement douces au toucher et d'un vert fonc\u00e9.\",\"breadcrumb\":{\"@id\":\"https:\/\/www.safinel.fr\/produit\/feuilles-de-genevrier\/#breadcrumb\"},\"inLanguage\":\"de\",\"potentialAction\":[{\"@type\":\"ReadAction\",\"target\":[\"https:\/\/www.safinel.fr\/produit\/feuilles-de-genevrier\/\"]}]},{\"@type\":\"ImageObject\",\"inLanguage\":\"de\",\"@id\":\"https:\/\/www.safinel.fr\/produit\/feuilles-de-genevrier\/#primaryimage\",\"url\":\"https:\/\/www.safinel.fr\/wp-content\/uploads\/2023\/02\/feuilles-de-genevrier.jpg\",\"contentUrl\":\"https:\/\/www.safinel.fr\/wp-content\/uploads\/2023\/02\/feuilles-de-genevrier.jpg\",\"width\":600,\"height\":600,\"caption\":\"Feuilles de gen\u00e9vrier 100g\"},{\"@type\":\"BreadcrumbList\",\"@id\":\"https:\/\/www.safinel.fr\/produit\/feuilles-de-genevrier\/#breadcrumb\",\"itemListElement\":[{\"@type\":\"ListItem\",\"position\":1,\"name\":\"Accueil\",\"item\":\"https:\/\/www.safinel.fr\/\"},{\"@type\":\"ListItem\",\"position\":2,\"name\":\"Boutique\",\"item\":\"https:\/\/www.safinel.fr\/boutique\/\"},{\"@type\":\"ListItem\",\"position\":3,\"name\":\"Feuilles de gen\u00e9vrier 100g\"}]},{\"@type\":\"WebSite\",\"@id\":\"https:\/\/www.safinel.fr\/#website\",\"url\":\"https:\/\/www.safinel.fr\/\",\"name\":\"Safinel\",\"description\":\"\",\"publisher\":{\"@id\":\"https:\/\/www.safinel.fr\/#organization\"},\"potentialAction\":[{\"@type\":\"SearchAction\",\"target\":{\"@type\":\"EntryPoint\",\"urlTemplate\":\"https:\/\/www.safinel.fr\/?s={search_term_string}\"},\"query-input\":{\"@type\":\"PropertyValueSpecification\",\"valueRequired\":true,\"valueName\":\"search_term_string\"}}],\"inLanguage\":\"de\"},{\"@type\":\"Organization\",\"@id\":\"https:\/\/www.safinel.fr\/#organization\",\"name\":\"Safinel\",\"url\":\"https:\/\/www.safinel.fr\/\",\"logo\":{\"@type\":\"ImageObject\",\"inLanguage\":\"de\",\"@id\":\"https:\/\/www.safinel.fr\/#\/schema\/logo\/image\/\",\"url\":\"https:\/\/www.safinel.fr\/wp-content\/uploads\/2021\/05\/boutique-cosmetique.png\",\"contentUrl\":\"https:\/\/www.safinel.fr\/wp-content\/uploads\/2021\/05\/boutique-cosmetique.png\",\"width\":800,\"height\":200,\"caption\":\"Safinel\"},\"image\":{\"@id\":\"https:\/\/www.safinel.fr\/#\/schema\/logo\/image\/\"}}]}<\/script>\n<!-- \/ Yoast SEO plugin. -->","yoast_head_json":{"title":"Wacholderbl\u00e4tter I 100% nat\u00fcrlich I viele Vorteile","description":"Wacholderbl\u00e4tter, auch Kadettenbl\u00e4tter genannt, sind die Bl\u00e4tter des Wacholderbaums. Sie f\u00fchlen sich leicht weich an und sind dunkelgr\u00fcn.","robots":{"index":"index","follow":"follow","max-snippet":"max-snippet:-1","max-image-preview":"max-image-preview:large","max-video-preview":"max-video-preview:-1"},"canonical":"https:\/\/www.safinel.fr\/de\/product-2\/wacholderblatter\/","og_locale":"de_DE","og_type":"article","og_title":"Feuilles de gen\u00e9vrier I 100% naturelle I Bienfaits nombreux","og_description":"Les feuilles de gen\u00e9vrier, ou\u00a0feuilles de cade, sont les feuilles de l\u2019arbre de gen\u00e9vrier. Elles sont l\u00e9g\u00e8rement douces au toucher et d'un vert fonc\u00e9.","og_url":"https:\/\/www.safinel.fr\/de\/product-2\/wacholderblatter\/","og_site_name":"Safinel","article_modified_time":"2023-12-30T12:16:24+00:00","og_image":[{"width":600,"height":600,"url":"https:\/\/www.safinel.fr\/wp-content\/uploads\/2023\/02\/feuilles-de-genevrier.jpg","type":"image\/jpeg"}],"twitter_card":"summary_large_image","twitter_misc":{"Gesch\u00e4tzte Lesezeit":"2\u00a0Minuten"},"schema":{"@context":"https:\/\/schema.org","@graph":[{"@type":"WebPage","@id":"https:\/\/www.safinel.fr\/produit\/feuilles-de-genevrier\/","url":"https:\/\/www.safinel.fr\/produit\/feuilles-de-genevrier\/","name":"Wacholderbl\u00e4tter I 100% nat\u00fcrlich I viele Vorteile","isPartOf":{"@id":"https:\/\/www.safinel.fr\/#website"},"primaryImageOfPage":{"@id":"https:\/\/www.safinel.fr\/produit\/feuilles-de-genevrier\/#primaryimage"},"image":{"@id":"https:\/\/www.safinel.fr\/produit\/feuilles-de-genevrier\/#primaryimage"},"thumbnailUrl":"https:\/\/www.safinel.fr\/wp-content\/uploads\/2023\/02\/feuilles-de-genevrier.jpg","datePublished":"2023-02-12T17:53:12+00:00","dateModified":"2023-12-30T12:16:24+00:00","description":"Wacholderbl\u00e4tter, auch Kadettenbl\u00e4tter genannt, sind die Bl\u00e4tter des Wacholderbaums. Sie f\u00fchlen sich leicht weich an und sind dunkelgr\u00fcn.","breadcrumb":{"@id":"https:\/\/www.safinel.fr\/produit\/feuilles-de-genevrier\/#breadcrumb"},"inLanguage":"de","potentialAction":[{"@type":"ReadAction","target":["https:\/\/www.safinel.fr\/produit\/feuilles-de-genevrier\/"]}]},{"@type":"ImageObject","inLanguage":"de","@id":"https:\/\/www.safinel.fr\/produit\/feuilles-de-genevrier\/#primaryimage","url":"https:\/\/www.safinel.fr\/wp-content\/uploads\/2023\/02\/feuilles-de-genevrier.jpg","contentUrl":"https:\/\/www.safinel.fr\/wp-content\/uploads\/2023\/02\/feuilles-de-genevrier.jpg","width":600,"height":600,"caption":"Feuilles de gen\u00e9vrier 100g"},{"@type":"BreadcrumbList","@id":"https:\/\/www.safinel.fr\/produit\/feuilles-de-genevrier\/#breadcrumb","itemListElement":[{"@type":"ListItem","position":1,"name":"Accueil","item":"https:\/\/www.safinel.fr\/"},{"@type":"ListItem","position":2,"name":"Boutique","item":"https:\/\/www.safinel.fr\/boutique\/"},{"@type":"ListItem","position":3,"name":"Feuilles de gen\u00e9vrier 100g"}]},{"@type":"WebSite","@id":"https:\/\/www.safinel.fr\/#website","url":"https:\/\/www.safinel.fr\/","name":"Safinel","description":"","publisher":{"@id":"https:\/\/www.safinel.fr\/#organization"},"potentialAction":[{"@type":"SearchAction","target":{"@type":"EntryPoint","urlTemplate":"https:\/\/www.safinel.fr\/?s={search_term_string}"},"query-input":{"@type":"PropertyValueSpecification","valueRequired":true,"valueName":"search_term_string"}}],"inLanguage":"de"},{"@type":"Organization","@id":"https:\/\/www.safinel.fr\/#organization","name":"Safinel","url":"https:\/\/www.safinel.fr\/","logo":{"@type":"ImageObject","inLanguage":"de","@id":"https:\/\/www.safinel.fr\/#\/schema\/logo\/image\/","url":"https:\/\/www.safinel.fr\/wp-content\/uploads\/2021\/05\/boutique-cosmetique.png","contentUrl":"https:\/\/www.safinel.fr\/wp-content\/uploads\/2021\/05\/boutique-cosmetique.png","width":800,"height":200,"caption":"Safinel"},"image":{"@id":"https:\/\/www.safinel.fr\/#\/schema\/logo\/image\/"}}]}},"_links":{"self":[{"href":"https:\/\/www.safinel.fr\/de\/wp-json\/wp\/v2\/product\/4582","targetHints":{"allow":["GET"]}}],"collection":[{"href":"https:\/\/www.safinel.fr\/de\/wp-json\/wp\/v2\/product"}],"about":[{"href":"https:\/\/www.safinel.fr\/de\/wp-json\/wp\/v2\/types\/product"}],"wp:featuredmedia":[{"embeddable":true,"href":"https:\/\/www.safinel.fr\/de\/wp-json\/wp\/v2\/media\/4583"}],"wp:attachment":[{"href":"https:\/\/www.safinel.fr\/de\/wp-json\/wp\/v2\/media?parent=4582"}],"wp:term":[{"taxonomy":"product_brand","embeddable":true,"href":"https:\/\/www.safinel.fr\/de\/wp-json\/wp\/v2\/product_brand?post=4582"},{"taxonomy":"product_cat","embeddable":true,"href":"https:\/\/www.safinel.fr\/de\/wp-json\/wp\/v2\/product_cat?post=4582"},{"taxonomy":"product_tag","embeddable":true,"href":"https:\/\/www.safinel.fr\/de\/wp-json\/wp\/v2\/product_tag?post=4582"}],"curies":[{"name":"wp","href":"https:\/\/api.w.org\/{rel}","templated":true}]}}