{"id":4577,"date":"2023-02-11T18:30:13","date_gmt":"2023-02-11T18:30:13","guid":{"rendered":"https:\/\/www.safinel.fr\/?post_type=product&#038;p=4577"},"modified":"2023-12-28T17:15:44","modified_gmt":"2023-12-28T17:15:44","slug":"brokkoliol","status":"publish","type":"product","link":"https:\/\/www.safinel.fr\/de\/product-2\/brokkoliol\/","title":{"rendered":"Brokkoli\u00f6l 50ml"},"content":{"rendered":"<p>Auch wenn Gem\u00fcse nicht auf Ihrem Teller landet, ist es trotzdem gesund. Ein Beweis daf\u00fcr ist die\u2019<strong>Brokkoli\u00f6l<\/strong>, Das ist ein hervorragendes Kosmetikum f\u00fcr gesundes Haar!<\/p>\n<p>Und das ist auch gut so, denn hier lieben wir Gem\u00fcse! Bei Safinel finden Sie also diese<strong>\u00a0Pflanzen\u00f6l\u00a0<\/strong>voller \u00dcberraschungen.<\/p>\n<h2><strong>Brokkoli\u00f6l: Ein Kohlkopf voller Ressourcen!\u00a0<\/strong><\/h2>\n<p>Brokkoli\u00f6l ist ein sehr gutes Produkt f\u00fcr den K\u00f6rper, da es Antioxidantien und wichtige Vitamine enth\u00e4lt. Es kann zum Kochen verwendet werden, wenn dieses von essbarer Natur ist. So hilft sie, den Cholesterinspiegel zu senken und ein gesundes Immunsystem zu erhalten. Au\u00dferdem ist sie ideal f\u00fcr die Herz-Kreislauf-Gesundheit und das allgemeine Wohlbefinden. Dar\u00fcber hinaus ist sie reich an Omega-3-Fetts\u00e4uren und mehrfach unges\u00e4ttigten Fetts\u00e4uren, was sie zu einer beliebten Energiequelle macht. Schlie\u00dflich ist sie auch f\u00fcr Allergiker geeignet, da sie kein Gluten und keine Milchprodukte enth\u00e4lt.<\/p>\n<p>Aber auch als\u00a0<strong>Kosmetikprodukt<\/strong>, Das ist die Funktion, die uns hier interessiert! Dieses Pflanzen\u00f6l ist n\u00e4mlich besonders n\u00fctzlich, um die Hautalterung zu bek\u00e4mpfen und die Haut zu n\u00e4hren.<\/p>\n<p>Unser Produkt ist\u00a0<strong>garantiert biologisch und kaltgepresst<\/strong>, Das ist ein Zeichen f\u00fcr seine hohe Qualit\u00e4t. Und das alles zum kleinen Preis und in einem superpraktischen Beh\u00e4lter f\u00fcr den t\u00e4glichen Gebrauch!<\/p>\n<h2><strong>Brokkoli\u00f6l - ein Verb\u00fcndeter des Haares\u00a0<\/strong><\/h2>\n<p>Unsere Haarkosmetik ist ein\u00a0<strong>Haarpflegeprodukt<\/strong>\u00a0sehr beliebt, weil es ein hervorragendes Preis-Leistungs-Verh\u00e4ltnis, eine breite Palette an Vorteilen f\u00fcr die Haargesundheit und ein angenehmes Pflegeerlebnis bietet.<\/p>\n<p>Dieses reichhaltige \u00d6l enth\u00e4lt unter anderem die Vitamine A, B6, C und E sowie Zink, Magnesium und Eisen - allesamt wichtige N\u00e4hrstoffe f\u00fcr gesundes und kr\u00e4ftiges Haar. Aber dar\u00fcber hinaus helfen die N\u00e4hrstoffe im Brokkoli\u00f6l, das Haar zu reparieren, es zu n\u00e4hren und sein Wachstum anzuregen. Dies f\u00fchrt zu st\u00e4rkerem und gl\u00e4nzenderem Haar.<\/p>\n<p>Brokkoli\u00f6l ist au\u00dferdem reich an\u00a0<strong>Antioxidantien<\/strong>, Dies tr\u00e4gt dazu bei, das Haar vor Sch\u00e4den durch UV-Strahlen und oxidativen Stress zu sch\u00fctzen. Dar\u00fcber hinaus ist dieses\u00a0<strong>Haarkosmetik\u00a0<\/strong>ist reich an \u00e4therischen \u00d6len, die ihm einen angenehmen und sehr frischen Geruch verleihen.<\/p>\n<p>Sie k\u00f6nnen Brokkoli\u00f6l direkt auf Ihr Haar und Ihre Kopfhaut auftragen, um von seinen zahlreichen Vorteilen zu profitieren.<\/p>\n<h3><strong>Tipps f\u00fcr die Anwendung, die Sie mit dieser Haarpflege nehmen sollten<\/strong><\/h3>\n<p>Es gibt viele M\u00f6glichkeiten, Brokkoli\u00f6l f\u00fcr Ihr Haar zu verwenden.<\/p>\n<ol>\n<li>Zun\u00e4chst m\u00fcssen Sie das \u00d6l auf eine m\u00e4\u00dfige Temperatur erhitzen.<\/li>\n<li>Nach dem Erw\u00e4rmen tragen Sie es dann auf Ihre Kopfhaut auf und massieren es sanft ein.<\/li>\n<li>Lassen Sie das \u00d6l etwa eine Stunde lang stehen. Sie k\u00f6nnen Ihr Haar auch mit einem warmen Handtuch abdecken, um die Absorption zu verbessern und bessere Ergebnisse zu erzielen.<\/li>\n<li>Sobald das \u00d6l eingezogen ist, sollten Sie Ihr Haar mit warmem Wasser aussp\u00fclen, um das \u00fcbersch\u00fcssige Produkt zu entfernen und optimale Ergebnisse zu erzielen.<\/li>\n<\/ol>\n<p>Es kann auch mit anderen \u00d6len gemischt werden, z. B. mit dem \u00d6l von\u00a0<a href=\"https:\/\/www.safinel.fr\/de\/product-2\/karapatenol\/\"><strong>carapate<\/strong><\/a>. Oder an de\u00a0<a href=\"https:\/\/www.safinel.fr\/de\/product-2\/damla-ol\/\"><strong>Amla-\u00d6l<\/strong><\/a>, Diese Farbe ist eine Verb\u00fcndete f\u00fcr dunkles Haar.<\/p>","protected":false},"excerpt":{"rendered":"<p>Auch wenn Gem\u00fcse nicht mehr auf Ihrem Teller landet, bleibt es dennoch gut f\u00fcr Ihre Gesundheit. Der Beweis daf\u00fcr ist Brokkoli\u00f6l, ein Kosmetikprodukt erster Wahl f\u00fcr gesundes Haar! Und das trifft sich gut, denn hier lieben wir Gem\u00fcse! Bei Safinel finden Sie dieses pflanzliche \u00d6l voller \u00dcberraschungen. Das \u00d6l [\u2026]","protected":false},"featured_media":4578,"template":"","meta":[],"product_brand":[],"product_cat":[122],"product_tag":[],"class_list":{"0":"post-4577","1":"product","2":"type-product","3":"status-publish","4":"has-post-thumbnail","6":"product_cat-huile-vegetale","8":"first","9":"instock","10":"shipping-taxable","11":"purchasable","12":"product-type-simple"},"yoast_head":"<!-- This site is optimized with the Yoast SEO plugin v26.6 - https:\/\/yoast.com\/wordpress\/plugins\/seo\/ -->\n<title>Huile de brocoli I Bienfaits nombreux pour les cheveux<\/title>\n<meta name=\"description\" content=\"Quand les l\u00e9gumes sortent de votre assiette, ils restent quand m\u00eame b\u00e9n\u00e9fique pour votre sant\u00e9. Preuve en est avec l\u2019huile de brocoli !\" \/>\n<meta name=\"robots\" content=\"index, follow, max-snippet:-1, max-image-preview:large, max-video-preview:-1\" \/>\n<link rel=\"canonical\" href=\"https:\/\/www.safinel.fr\/de\/product-2\/brokkoliol\/\" \/>\n<meta property=\"og:locale\" content=\"de_DE\" \/>\n<meta property=\"og:type\" content=\"article\" \/>\n<meta property=\"og:title\" content=\"Huile de brocoli I Bienfaits nombreux pour les cheveux\" \/>\n<meta property=\"og:description\" content=\"Quand les l\u00e9gumes sortent de votre assiette, ils restent quand m\u00eame b\u00e9n\u00e9fique pour votre sant\u00e9. Preuve en est avec l\u2019huile de brocoli !\" \/>\n<meta property=\"og:url\" content=\"https:\/\/www.safinel.fr\/de\/product-2\/brokkoliol\/\" \/>\n<meta property=\"og:site_name\" content=\"Safinel\" \/>\n<meta property=\"article:modified_time\" content=\"2023-12-28T17:15:44+00:00\" \/>\n<meta property=\"og:image\" content=\"https:\/\/www.safinel.fr\/wp-content\/uploads\/2023\/02\/huile-de-brocoli.jpg.webp\" \/>\n\t<meta property=\"og:image:width\" content=\"600\" \/>\n\t<meta property=\"og:image:height\" content=\"600\" \/>\n\t<meta property=\"og:image:type\" content=\"image\/webp\" \/>\n<meta name=\"twitter:card\" content=\"summary_large_image\" \/>\n<meta name=\"twitter:label1\" content=\"Gesch\u00e4tzte Lesezeit\" \/>\n\t<meta name=\"twitter:data1\" content=\"3\u00a0Minuten\" \/>\n<script type=\"application\/ld+json\" class=\"yoast-schema-graph\">{\"@context\":\"https:\/\/schema.org\",\"@graph\":[{\"@type\":\"WebPage\",\"@id\":\"https:\/\/www.safinel.fr\/produit\/huile-de-brocoli\/\",\"url\":\"https:\/\/www.safinel.fr\/produit\/huile-de-brocoli\/\",\"name\":\"Huile de brocoli I Bienfaits nombreux pour les cheveux\",\"isPartOf\":{\"@id\":\"https:\/\/www.safinel.fr\/#website\"},\"primaryImageOfPage\":{\"@id\":\"https:\/\/www.safinel.fr\/produit\/huile-de-brocoli\/#primaryimage\"},\"image\":{\"@id\":\"https:\/\/www.safinel.fr\/produit\/huile-de-brocoli\/#primaryimage\"},\"thumbnailUrl\":\"https:\/\/www.safinel.fr\/wp-content\/uploads\/2023\/02\/huile-de-brocoli.jpg.webp\",\"datePublished\":\"2023-02-11T18:30:13+00:00\",\"dateModified\":\"2023-12-28T17:15:44+00:00\",\"description\":\"Quand les l\u00e9gumes sortent de votre assiette, ils restent quand m\u00eame b\u00e9n\u00e9fique pour votre sant\u00e9. Preuve en est avec l\u2019huile de brocoli !\",\"breadcrumb\":{\"@id\":\"https:\/\/www.safinel.fr\/produit\/huile-de-brocoli\/#breadcrumb\"},\"inLanguage\":\"de\",\"potentialAction\":[{\"@type\":\"ReadAction\",\"target\":[\"https:\/\/www.safinel.fr\/produit\/huile-de-brocoli\/\"]}]},{\"@type\":\"ImageObject\",\"inLanguage\":\"de\",\"@id\":\"https:\/\/www.safinel.fr\/produit\/huile-de-brocoli\/#primaryimage\",\"url\":\"https:\/\/www.safinel.fr\/wp-content\/uploads\/2023\/02\/huile-de-brocoli.jpg.webp\",\"contentUrl\":\"https:\/\/www.safinel.fr\/wp-content\/uploads\/2023\/02\/huile-de-brocoli.jpg.webp\",\"width\":600,\"height\":600,\"caption\":\"Huile de brocoli 50ml\"},{\"@type\":\"BreadcrumbList\",\"@id\":\"https:\/\/www.safinel.fr\/produit\/huile-de-brocoli\/#breadcrumb\",\"itemListElement\":[{\"@type\":\"ListItem\",\"position\":1,\"name\":\"Accueil\",\"item\":\"https:\/\/www.safinel.fr\/\"},{\"@type\":\"ListItem\",\"position\":2,\"name\":\"Boutique\",\"item\":\"https:\/\/www.safinel.fr\/boutique\/\"},{\"@type\":\"ListItem\",\"position\":3,\"name\":\"Huile de brocoli 50ml\"}]},{\"@type\":\"WebSite\",\"@id\":\"https:\/\/www.safinel.fr\/#website\",\"url\":\"https:\/\/www.safinel.fr\/\",\"name\":\"Safinel\",\"description\":\"\",\"publisher\":{\"@id\":\"https:\/\/www.safinel.fr\/#organization\"},\"potentialAction\":[{\"@type\":\"SearchAction\",\"target\":{\"@type\":\"EntryPoint\",\"urlTemplate\":\"https:\/\/www.safinel.fr\/?s={search_term_string}\"},\"query-input\":{\"@type\":\"PropertyValueSpecification\",\"valueRequired\":true,\"valueName\":\"search_term_string\"}}],\"inLanguage\":\"de\"},{\"@type\":\"Organization\",\"@id\":\"https:\/\/www.safinel.fr\/#organization\",\"name\":\"Safinel\",\"url\":\"https:\/\/www.safinel.fr\/\",\"logo\":{\"@type\":\"ImageObject\",\"inLanguage\":\"de\",\"@id\":\"https:\/\/www.safinel.fr\/#\/schema\/logo\/image\/\",\"url\":\"https:\/\/www.safinel.fr\/wp-content\/uploads\/2021\/05\/boutique-cosmetique.png\",\"contentUrl\":\"https:\/\/www.safinel.fr\/wp-content\/uploads\/2021\/05\/boutique-cosmetique.png\",\"width\":800,\"height\":200,\"caption\":\"Safinel\"},\"image\":{\"@id\":\"https:\/\/www.safinel.fr\/#\/schema\/logo\/image\/\"}}]}<\/script>\n<!-- \/ Yoast SEO plugin. -->","yoast_head_json":{"title":"Brokkoli\u00f6l I Zahlreiche Vorteile f\u00fcr das Haar","description":"Wenn Gem\u00fcse nicht auf Ihrem Teller landet, ist es trotzdem gut f\u00fcr Ihre Gesundheit. Brokkoli\u00f6l ist der beste Beweis daf\u00fcr!","robots":{"index":"index","follow":"follow","max-snippet":"max-snippet:-1","max-image-preview":"max-image-preview:large","max-video-preview":"max-video-preview:-1"},"canonical":"https:\/\/www.safinel.fr\/de\/product-2\/brokkoliol\/","og_locale":"de_DE","og_type":"article","og_title":"Huile de brocoli I Bienfaits nombreux pour les cheveux","og_description":"Quand les l\u00e9gumes sortent de votre assiette, ils restent quand m\u00eame b\u00e9n\u00e9fique pour votre sant\u00e9. Preuve en est avec l\u2019huile de brocoli !","og_url":"https:\/\/www.safinel.fr\/de\/product-2\/brokkoliol\/","og_site_name":"Safinel","article_modified_time":"2023-12-28T17:15:44+00:00","og_image":[{"width":600,"height":600,"url":"https:\/\/www.safinel.fr\/wp-content\/uploads\/2023\/02\/huile-de-brocoli.jpg.webp","type":"image\/webp"}],"twitter_card":"summary_large_image","twitter_misc":{"Gesch\u00e4tzte Lesezeit":"3\u00a0Minuten"},"schema":{"@context":"https:\/\/schema.org","@graph":[{"@type":"WebPage","@id":"https:\/\/www.safinel.fr\/produit\/huile-de-brocoli\/","url":"https:\/\/www.safinel.fr\/produit\/huile-de-brocoli\/","name":"Brokkoli\u00f6l I Zahlreiche Vorteile f\u00fcr das Haar","isPartOf":{"@id":"https:\/\/www.safinel.fr\/#website"},"primaryImageOfPage":{"@id":"https:\/\/www.safinel.fr\/produit\/huile-de-brocoli\/#primaryimage"},"image":{"@id":"https:\/\/www.safinel.fr\/produit\/huile-de-brocoli\/#primaryimage"},"thumbnailUrl":"https:\/\/www.safinel.fr\/wp-content\/uploads\/2023\/02\/huile-de-brocoli.jpg.webp","datePublished":"2023-02-11T18:30:13+00:00","dateModified":"2023-12-28T17:15:44+00:00","description":"Wenn Gem\u00fcse nicht auf Ihrem Teller landet, ist es trotzdem gut f\u00fcr Ihre Gesundheit. Brokkoli\u00f6l ist der beste Beweis daf\u00fcr!","breadcrumb":{"@id":"https:\/\/www.safinel.fr\/produit\/huile-de-brocoli\/#breadcrumb"},"inLanguage":"de","potentialAction":[{"@type":"ReadAction","target":["https:\/\/www.safinel.fr\/produit\/huile-de-brocoli\/"]}]},{"@type":"ImageObject","inLanguage":"de","@id":"https:\/\/www.safinel.fr\/produit\/huile-de-brocoli\/#primaryimage","url":"https:\/\/www.safinel.fr\/wp-content\/uploads\/2023\/02\/huile-de-brocoli.jpg.webp","contentUrl":"https:\/\/www.safinel.fr\/wp-content\/uploads\/2023\/02\/huile-de-brocoli.jpg.webp","width":600,"height":600,"caption":"Huile de brocoli 50ml"},{"@type":"BreadcrumbList","@id":"https:\/\/www.safinel.fr\/produit\/huile-de-brocoli\/#breadcrumb","itemListElement":[{"@type":"ListItem","position":1,"name":"Accueil","item":"https:\/\/www.safinel.fr\/"},{"@type":"ListItem","position":2,"name":"Boutique","item":"https:\/\/www.safinel.fr\/boutique\/"},{"@type":"ListItem","position":3,"name":"Huile de brocoli 50ml"}]},{"@type":"WebSite","@id":"https:\/\/www.safinel.fr\/#website","url":"https:\/\/www.safinel.fr\/","name":"Safinel","description":"","publisher":{"@id":"https:\/\/www.safinel.fr\/#organization"},"potentialAction":[{"@type":"SearchAction","target":{"@type":"EntryPoint","urlTemplate":"https:\/\/www.safinel.fr\/?s={search_term_string}"},"query-input":{"@type":"PropertyValueSpecification","valueRequired":true,"valueName":"search_term_string"}}],"inLanguage":"de"},{"@type":"Organization","@id":"https:\/\/www.safinel.fr\/#organization","name":"Safinel","url":"https:\/\/www.safinel.fr\/","logo":{"@type":"ImageObject","inLanguage":"de","@id":"https:\/\/www.safinel.fr\/#\/schema\/logo\/image\/","url":"https:\/\/www.safinel.fr\/wp-content\/uploads\/2021\/05\/boutique-cosmetique.png","contentUrl":"https:\/\/www.safinel.fr\/wp-content\/uploads\/2021\/05\/boutique-cosmetique.png","width":800,"height":200,"caption":"Safinel"},"image":{"@id":"https:\/\/www.safinel.fr\/#\/schema\/logo\/image\/"}}]}},"_links":{"self":[{"href":"https:\/\/www.safinel.fr\/de\/wp-json\/wp\/v2\/product\/4577","targetHints":{"allow":["GET"]}}],"collection":[{"href":"https:\/\/www.safinel.fr\/de\/wp-json\/wp\/v2\/product"}],"about":[{"href":"https:\/\/www.safinel.fr\/de\/wp-json\/wp\/v2\/types\/product"}],"wp:featuredmedia":[{"embeddable":true,"href":"https:\/\/www.safinel.fr\/de\/wp-json\/wp\/v2\/media\/4578"}],"wp:attachment":[{"href":"https:\/\/www.safinel.fr\/de\/wp-json\/wp\/v2\/media?parent=4577"}],"wp:term":[{"taxonomy":"product_brand","embeddable":true,"href":"https:\/\/www.safinel.fr\/de\/wp-json\/wp\/v2\/product_brand?post=4577"},{"taxonomy":"product_cat","embeddable":true,"href":"https:\/\/www.safinel.fr\/de\/wp-json\/wp\/v2\/product_cat?post=4577"},{"taxonomy":"product_tag","embeddable":true,"href":"https:\/\/www.safinel.fr\/de\/wp-json\/wp\/v2\/product_tag?post=4577"}],"curies":[{"name":"wp","href":"https:\/\/api.w.org\/{rel}","templated":true}]}}