{"id":4567,"date":"2023-02-10T12:00:38","date_gmt":"2023-02-10T12:00:38","guid":{"rendered":"https:\/\/www.safinel.fr\/?post_type=product&#038;p=4567"},"modified":"2024-03-30T18:12:09","modified_gmt":"2024-03-30T18:12:09","slug":"affenbrotbaum-ol","status":"publish","type":"product","link":"https:\/\/www.safinel.fr\/de\/product-2\/affenbrotbaum-ol\/","title":{"rendered":"Baobab-\u00d6l 50ml"},"content":{"rendered":"<p>L<strong>\u2019Affenbrotbaum-\u00d6l\u00a0<\/strong>ist ein\u00a0<strong>pflanzliches Produkt<\/strong>\u00a0das reich an Antioxidantien ist und aus den Fr\u00fcchten des Baobab-Baums gewonnen wird. Das aus dem westlichen und s\u00fcdlichen Afrika stammende Baobab-\u00d6l ist f\u00fcr seine zahlreichen positiven Eigenschaften f\u00fcr Haut, Haare und die Gesundheit im Allgemeinen bekannt.<\/p>\n<h2><strong>Auf Entdeckungstour mit Baobab-\u00d6l<\/strong><\/h2>\n<p>Affenbrotbaum-\u00d6l ist in Afrika und Madagaskar beheimatet. Es wird aus den Samen der Frucht des Baobab-Baumes gewonnen, einem massiven und legend\u00e4ren Baum aus der Familie der Bombacaceae. Sein Name leitet sich vom arabischen Wort \u00abbu hibab\u00bb ab, das \u00abFrucht mit vielen Samen\u00bb bedeutet.<\/p>\n<p>Baobab-\u00d6l ist ein Produkt\u00a0<strong>100% nat\u00fcrlich<\/strong>\u00a0die zahlreiche Vorteile f\u00fcr das Gesicht bietet. Die reichhaltige Zusammensetzung aus Vitamin E, essentiellen Fetts\u00e4uren und Antioxidantien spendet Feuchtigkeit, n\u00e4hrt und sch\u00fctzt die Haut vor freien Radikalen und tr\u00e4gt zu einem strahlenderen und ges\u00fcnderen Teint bei.<\/p>\n<p>Dieses \u00d6l kann auch\u00a0<strong>Juckreiz lindern<\/strong>\u00a0und die Regeneration der Hautzellen f\u00f6rdern. Sie ist ideal zur Behandlung von Dehnungsstreifen, spr\u00f6den Lippen, Narben und zur Verhinderung vorzeitiger Hautalterung.<\/p>\n<h2><strong>Baobab-\u00d6l: ein nat\u00fcrliches Kosmetikum\u00a0<\/strong><\/h2>\n<p>Baobab-\u00d6l gilt als eine sehr wirksame nat\u00fcrliche kosmetische Pflege. Es besitzt weichmachende, n\u00e4hrende und feuchtigkeitsspendende Eigenschaften, die helfen k\u00f6nnen, Haut und Haare zu pflegen. Dar\u00fcber hinaus hilft es auch bei trockener Haut und sch\u00fctzt splitternde N\u00e4gel und Haare. Dar\u00fcber hinaus ist sie reich an\u00a0<strong>Vitamin E<\/strong>\u00a0und an essentiellen Fetts\u00e4uren, die dabei helfen, die Zellerneuerung anzuregen und die Haut zu regenerieren. Au\u00dferdem ist sie reich an Antioxidantien, was sie zu einem beliebten Anti-Aging-Produkt macht.<\/p>\n<p>Aus diesem Grund m\u00f6chte Ihr auf Naturprodukte spezialisierter Onlineshop es Ihnen vorstellen! Dieses herrliche \u00d6l wird in verschiedenen Gr\u00f6\u00dfen angeboten, 50ml, 100ml oder auch 500ml, und kann schnell zu einem Ihrer Must-haves werden!<\/p>\n<h3><strong>Die Vorteile von Baobab-\u00d6l\u00a0<\/strong><\/h3>\n<p>Jetzt, da Sie mehr \u00fcber dieses Naturprodukt wissen, wie w\u00e4re es, wenn wir \u00fcber seine vielen positiven Eigenschaften sprechen w\u00fcrden?<\/p>\n<p>Tats\u00e4chlich steckt Baobab-\u00d6l voller<strong>\u00a0Vorteile f\u00fcr die Haut\u00a0<\/strong>und das Haar. Es wirkt antioxidativ, entz\u00fcndungshemmend, feuchtigkeitsspendend und f\u00f6rdert die Zellerneuerung. Dar\u00fcber hinaus ist sie f\u00fcr alle, die es interessiert, auch noch<strong>\u00a0regenerierend<\/strong>, Die Haut wird durch die Verwendung von Vitaminen, Mineralien, Spurenelementen, Vitaminen, Mineralien und Spurenelementen unterst\u00fctzt.<\/p>\n<p>Sie gl\u00e4ttet auch krauses und trockenes Haar und kann als nat\u00fcrliches Reinigungsmittel dienen. Schlie\u00dflich bremst es die Auswirkungen des Alterungsprozesses und ist ideal f\u00fcr empfindliche, trockene und gereizte Haut sowie f\u00fcr br\u00fcchige N\u00e4gel.<\/p>\n<h3><strong>Entdecken Sie auch bei Ihrem Safinel-Shop...\u00a0<\/strong><\/h3>\n<p>Wenn Sie von Baobab-\u00d6l begeistert sind, dann lassen Sie uns Ihnen das Produkt vorschlagen, das einer Ihrer Favoriten sein k\u00f6nnte!<\/p>\n<p>Haben Sie schon einmal von der\u2019<strong><a href=\"https:\/\/www.safinel.fr\/de\/product-2\/bio-donagrasol\/\">Bio-Nachtkerzen\u00f6l<\/a>\u00a0<\/strong>? Falls nicht, k\u00f6nnen Sie beruhigt sein, denn wir werden Ihnen ein paar Zeilen dazu erz\u00e4hlen!<\/p>\n<p>Da es sich bei diesem Elixier ebenfalls um ein Naturprodukt handelt, kann es sowohl als Naturheilmittel als auch als kosmetische Pflege verwendet werden. Au\u00dferdem hat es \u00e4hnliche Eigenschaften wie Baobab-\u00d6l, ist aber dennoch ganz anders. Mehr wollen wir an dieser Stelle nicht verraten, sondern Ihnen \u00fcberlassen, es in Ihrem Online-Shop zu entdecken...<\/p>","protected":false},"excerpt":{"rendered":"<p>L\u2019huile de baobab\u00a0est un\u00a0produit v\u00e9g\u00e9tal\u00a0riche en antioxydants qui est obtenu \u00e0 partir des fruits de l\u2019arbre baobab. Originaire d\u2019Afrique de l\u2019Ouest et d\u2019Afrique australe, l\u2019huile de baobab est connue pour ses nombreuses propri\u00e9t\u00e9s b\u00e9n\u00e9fiques pour la peau, les cheveux et la sant\u00e9 en g\u00e9n\u00e9ral. A la d\u00e9couverte de l\u2019huile de baobab L\u2019huile de baobab est [&#8230;]","protected":false},"featured_media":4568,"template":"","meta":[],"product_brand":[],"product_cat":[122],"product_tag":[],"class_list":{"0":"post-4567","1":"product","2":"type-product","3":"status-publish","4":"has-post-thumbnail","6":"product_cat-huile-vegetale","8":"first","9":"instock","10":"shipping-taxable","11":"purchasable","12":"product-type-simple"},"yoast_head":"<!-- This site is optimized with the Yoast SEO plugin v26.6 - https:\/\/yoast.com\/wordpress\/plugins\/seo\/ -->\n<title>Huile de baobab I Bienfaits nombreux I Visage &amp; Cheveux<\/title>\n<meta name=\"description\" content=\"L\u2019huile de baobab\u00a0est un\u00a0produit v\u00e9g\u00e9tal\u00a0riche en antioxydants qui est obtenu \u00e0 partir des fruits de l\u2019arbre baobab. Adoptez-l\u00e0 sans plus attendre !\" \/>\n<meta name=\"robots\" content=\"index, follow, max-snippet:-1, max-image-preview:large, max-video-preview:-1\" \/>\n<link rel=\"canonical\" href=\"https:\/\/www.safinel.fr\/de\/product-2\/affenbrotbaum-ol\/\" \/>\n<meta property=\"og:locale\" content=\"de_DE\" \/>\n<meta property=\"og:type\" content=\"article\" \/>\n<meta property=\"og:title\" content=\"Huile de baobab I Bienfaits nombreux I Visage &amp; Cheveux\" \/>\n<meta property=\"og:description\" content=\"L\u2019huile de baobab\u00a0est un\u00a0produit v\u00e9g\u00e9tal\u00a0riche en antioxydants qui est obtenu \u00e0 partir des fruits de l\u2019arbre baobab. Adoptez-l\u00e0 sans plus attendre !\" \/>\n<meta property=\"og:url\" content=\"https:\/\/www.safinel.fr\/de\/product-2\/affenbrotbaum-ol\/\" \/>\n<meta property=\"og:site_name\" content=\"Safinel\" \/>\n<meta property=\"article:modified_time\" content=\"2024-03-30T18:12:09+00:00\" \/>\n<meta property=\"og:image\" content=\"https:\/\/www.safinel.fr\/wp-content\/uploads\/2023\/02\/huile-de-baobab.jpg.webp\" \/>\n\t<meta property=\"og:image:width\" content=\"600\" \/>\n\t<meta property=\"og:image:height\" content=\"600\" \/>\n\t<meta property=\"og:image:type\" content=\"image\/webp\" \/>\n<meta name=\"twitter:card\" content=\"summary_large_image\" \/>\n<meta name=\"twitter:label1\" content=\"Gesch\u00e4tzte Lesezeit\" \/>\n\t<meta name=\"twitter:data1\" content=\"3\u00a0Minuten\" \/>\n<script type=\"application\/ld+json\" class=\"yoast-schema-graph\">{\"@context\":\"https:\/\/schema.org\",\"@graph\":[{\"@type\":\"WebPage\",\"@id\":\"https:\/\/www.safinel.fr\/produit\/huile-de-baobab\/\",\"url\":\"https:\/\/www.safinel.fr\/produit\/huile-de-baobab\/\",\"name\":\"Huile de baobab I Bienfaits nombreux I Visage & Cheveux\",\"isPartOf\":{\"@id\":\"https:\/\/www.safinel.fr\/#website\"},\"primaryImageOfPage\":{\"@id\":\"https:\/\/www.safinel.fr\/produit\/huile-de-baobab\/#primaryimage\"},\"image\":{\"@id\":\"https:\/\/www.safinel.fr\/produit\/huile-de-baobab\/#primaryimage\"},\"thumbnailUrl\":\"https:\/\/www.safinel.fr\/wp-content\/uploads\/2023\/02\/huile-de-baobab.jpg.webp\",\"datePublished\":\"2023-02-10T12:00:38+00:00\",\"dateModified\":\"2024-03-30T18:12:09+00:00\",\"description\":\"L\u2019huile de baobab\u00a0est un\u00a0produit v\u00e9g\u00e9tal\u00a0riche en antioxydants qui est obtenu \u00e0 partir des fruits de l\u2019arbre baobab. Adoptez-l\u00e0 sans plus attendre !\",\"breadcrumb\":{\"@id\":\"https:\/\/www.safinel.fr\/produit\/huile-de-baobab\/#breadcrumb\"},\"inLanguage\":\"de\",\"potentialAction\":[{\"@type\":\"ReadAction\",\"target\":[\"https:\/\/www.safinel.fr\/produit\/huile-de-baobab\/\"]}]},{\"@type\":\"ImageObject\",\"inLanguage\":\"de\",\"@id\":\"https:\/\/www.safinel.fr\/produit\/huile-de-baobab\/#primaryimage\",\"url\":\"https:\/\/www.safinel.fr\/wp-content\/uploads\/2023\/02\/huile-de-baobab.jpg.webp\",\"contentUrl\":\"https:\/\/www.safinel.fr\/wp-content\/uploads\/2023\/02\/huile-de-baobab.jpg.webp\",\"width\":600,\"height\":600,\"caption\":\"Huile de baobab 50ml\"},{\"@type\":\"BreadcrumbList\",\"@id\":\"https:\/\/www.safinel.fr\/produit\/huile-de-baobab\/#breadcrumb\",\"itemListElement\":[{\"@type\":\"ListItem\",\"position\":1,\"name\":\"Accueil\",\"item\":\"https:\/\/www.safinel.fr\/\"},{\"@type\":\"ListItem\",\"position\":2,\"name\":\"Boutique\",\"item\":\"https:\/\/www.safinel.fr\/boutique\/\"},{\"@type\":\"ListItem\",\"position\":3,\"name\":\"Huile de baobab 50ml\"}]},{\"@type\":\"WebSite\",\"@id\":\"https:\/\/www.safinel.fr\/#website\",\"url\":\"https:\/\/www.safinel.fr\/\",\"name\":\"Safinel\",\"description\":\"\",\"publisher\":{\"@id\":\"https:\/\/www.safinel.fr\/#organization\"},\"potentialAction\":[{\"@type\":\"SearchAction\",\"target\":{\"@type\":\"EntryPoint\",\"urlTemplate\":\"https:\/\/www.safinel.fr\/?s={search_term_string}\"},\"query-input\":{\"@type\":\"PropertyValueSpecification\",\"valueRequired\":true,\"valueName\":\"search_term_string\"}}],\"inLanguage\":\"de\"},{\"@type\":\"Organization\",\"@id\":\"https:\/\/www.safinel.fr\/#organization\",\"name\":\"Safinel\",\"url\":\"https:\/\/www.safinel.fr\/\",\"logo\":{\"@type\":\"ImageObject\",\"inLanguage\":\"de\",\"@id\":\"https:\/\/www.safinel.fr\/#\/schema\/logo\/image\/\",\"url\":\"https:\/\/www.safinel.fr\/wp-content\/uploads\/2021\/05\/boutique-cosmetique.png\",\"contentUrl\":\"https:\/\/www.safinel.fr\/wp-content\/uploads\/2021\/05\/boutique-cosmetique.png\",\"width\":800,\"height\":200,\"caption\":\"Safinel\"},\"image\":{\"@id\":\"https:\/\/www.safinel.fr\/#\/schema\/logo\/image\/\"}}]}<\/script>\n<!-- \/ Yoast SEO plugin. -->","yoast_head_json":{"title":"Baobab-\u00d6l I Zahlreiche Vorteile I Gesicht &amp; Haare","description":"Baobab-\u00d6l ist ein pflanzliches Produkt, das reich an Antioxidantien ist und aus den Fr\u00fcchten des Baobab-Baums gewonnen wird. Sie sollten es unbedingt verwenden!","robots":{"index":"index","follow":"follow","max-snippet":"max-snippet:-1","max-image-preview":"max-image-preview:large","max-video-preview":"max-video-preview:-1"},"canonical":"https:\/\/www.safinel.fr\/de\/product-2\/affenbrotbaum-ol\/","og_locale":"de_DE","og_type":"article","og_title":"Huile de baobab I Bienfaits nombreux I Visage & Cheveux","og_description":"L\u2019huile de baobab\u00a0est un\u00a0produit v\u00e9g\u00e9tal\u00a0riche en antioxydants qui est obtenu \u00e0 partir des fruits de l\u2019arbre baobab. Adoptez-l\u00e0 sans plus attendre !","og_url":"https:\/\/www.safinel.fr\/de\/product-2\/affenbrotbaum-ol\/","og_site_name":"Safinel","article_modified_time":"2024-03-30T18:12:09+00:00","og_image":[{"width":600,"height":600,"url":"https:\/\/www.safinel.fr\/wp-content\/uploads\/2023\/02\/huile-de-baobab.jpg.webp","type":"image\/webp"}],"twitter_card":"summary_large_image","twitter_misc":{"Gesch\u00e4tzte Lesezeit":"3\u00a0Minuten"},"schema":{"@context":"https:\/\/schema.org","@graph":[{"@type":"WebPage","@id":"https:\/\/www.safinel.fr\/produit\/huile-de-baobab\/","url":"https:\/\/www.safinel.fr\/produit\/huile-de-baobab\/","name":"Baobab-\u00d6l I Zahlreiche Vorteile I Gesicht &amp; Haare","isPartOf":{"@id":"https:\/\/www.safinel.fr\/#website"},"primaryImageOfPage":{"@id":"https:\/\/www.safinel.fr\/produit\/huile-de-baobab\/#primaryimage"},"image":{"@id":"https:\/\/www.safinel.fr\/produit\/huile-de-baobab\/#primaryimage"},"thumbnailUrl":"https:\/\/www.safinel.fr\/wp-content\/uploads\/2023\/02\/huile-de-baobab.jpg.webp","datePublished":"2023-02-10T12:00:38+00:00","dateModified":"2024-03-30T18:12:09+00:00","description":"Baobab-\u00d6l ist ein pflanzliches Produkt, das reich an Antioxidantien ist und aus den Fr\u00fcchten des Baobab-Baums gewonnen wird. Sie sollten es unbedingt verwenden!","breadcrumb":{"@id":"https:\/\/www.safinel.fr\/produit\/huile-de-baobab\/#breadcrumb"},"inLanguage":"de","potentialAction":[{"@type":"ReadAction","target":["https:\/\/www.safinel.fr\/produit\/huile-de-baobab\/"]}]},{"@type":"ImageObject","inLanguage":"de","@id":"https:\/\/www.safinel.fr\/produit\/huile-de-baobab\/#primaryimage","url":"https:\/\/www.safinel.fr\/wp-content\/uploads\/2023\/02\/huile-de-baobab.jpg.webp","contentUrl":"https:\/\/www.safinel.fr\/wp-content\/uploads\/2023\/02\/huile-de-baobab.jpg.webp","width":600,"height":600,"caption":"Huile de baobab 50ml"},{"@type":"BreadcrumbList","@id":"https:\/\/www.safinel.fr\/produit\/huile-de-baobab\/#breadcrumb","itemListElement":[{"@type":"ListItem","position":1,"name":"Accueil","item":"https:\/\/www.safinel.fr\/"},{"@type":"ListItem","position":2,"name":"Boutique","item":"https:\/\/www.safinel.fr\/boutique\/"},{"@type":"ListItem","position":3,"name":"Huile de baobab 50ml"}]},{"@type":"WebSite","@id":"https:\/\/www.safinel.fr\/#website","url":"https:\/\/www.safinel.fr\/","name":"Safinel","description":"","publisher":{"@id":"https:\/\/www.safinel.fr\/#organization"},"potentialAction":[{"@type":"SearchAction","target":{"@type":"EntryPoint","urlTemplate":"https:\/\/www.safinel.fr\/?s={search_term_string}"},"query-input":{"@type":"PropertyValueSpecification","valueRequired":true,"valueName":"search_term_string"}}],"inLanguage":"de"},{"@type":"Organization","@id":"https:\/\/www.safinel.fr\/#organization","name":"Safinel","url":"https:\/\/www.safinel.fr\/","logo":{"@type":"ImageObject","inLanguage":"de","@id":"https:\/\/www.safinel.fr\/#\/schema\/logo\/image\/","url":"https:\/\/www.safinel.fr\/wp-content\/uploads\/2021\/05\/boutique-cosmetique.png","contentUrl":"https:\/\/www.safinel.fr\/wp-content\/uploads\/2021\/05\/boutique-cosmetique.png","width":800,"height":200,"caption":"Safinel"},"image":{"@id":"https:\/\/www.safinel.fr\/#\/schema\/logo\/image\/"}}]}},"_links":{"self":[{"href":"https:\/\/www.safinel.fr\/de\/wp-json\/wp\/v2\/product\/4567","targetHints":{"allow":["GET"]}}],"collection":[{"href":"https:\/\/www.safinel.fr\/de\/wp-json\/wp\/v2\/product"}],"about":[{"href":"https:\/\/www.safinel.fr\/de\/wp-json\/wp\/v2\/types\/product"}],"wp:featuredmedia":[{"embeddable":true,"href":"https:\/\/www.safinel.fr\/de\/wp-json\/wp\/v2\/media\/4568"}],"wp:attachment":[{"href":"https:\/\/www.safinel.fr\/de\/wp-json\/wp\/v2\/media?parent=4567"}],"wp:term":[{"taxonomy":"product_brand","embeddable":true,"href":"https:\/\/www.safinel.fr\/de\/wp-json\/wp\/v2\/product_brand?post=4567"},{"taxonomy":"product_cat","embeddable":true,"href":"https:\/\/www.safinel.fr\/de\/wp-json\/wp\/v2\/product_cat?post=4567"},{"taxonomy":"product_tag","embeddable":true,"href":"https:\/\/www.safinel.fr\/de\/wp-json\/wp\/v2\/product_tag?post=4567"}],"curies":[{"name":"wp","href":"https:\/\/api.w.org\/{rel}","templated":true}]}}