{"id":4562,"date":"2023-02-09T18:47:18","date_gmt":"2023-02-09T18:47:18","guid":{"rendered":"https:\/\/www.safinel.fr\/?post_type=product&#038;p=4562"},"modified":"2024-04-09T20:37:45","modified_gmt":"2024-04-09T20:37:45","slug":"kojic-seife","status":"publish","type":"product","link":"https:\/\/www.safinel.fr\/de\/product-2\/kojic-seife\/","title":{"rendered":"Kojic-S\u00e4ureseife 100g"},"content":{"rendered":"<p>Sie haben einige Hautprobleme und wissen nicht, wie Sie diese l\u00f6sen k\u00f6nnen? Ihr Wellness-Shop hat vielleicht die L\u00f6sung, auf die Sie so lange gewartet haben! Schaffen Sie etwas Platz innerhalb Ihrer Kosmetikprodukte, um den\u00a0<strong>kojic-seife\u00a0<\/strong>!<\/p>\n<h2><strong>Alles \u00fcber die Kojic-Seife!<\/strong><\/h2>\n<p>Die Kojic-Seife ist ein Produkt von\u00a0<strong>K\u00f6rperpflege<\/strong>\u00a0nat\u00fcrlich und umweltfreundlich, das Kojis\u00e4ure enth\u00e4lt, einen nat\u00fcrlichen antibakteriellen Wirkstoff, und das kann<strong>\u00a0<a href=\"https:\/\/www.safinel.fr\/de\/product-2\/karottenseife\/\">die Haut aufhellen<\/a><\/strong>. Es wird normalerweise verwendet, um die Haut gr\u00fcndlich zu reinigen und abgestorbene Hautzellen und Make-up zu entfernen. Es ist auch daf\u00fcr bekannt, Akne, braune Flecken, Aknenarben und Altersflecken zu bek\u00e4mpfen.<\/p>\n<p>Kojic-Seife ist sehr mild und verursacht keine Irritationen, was sie zu einem ausgezeichneten Produkt f\u00fcr empfindliche Haut und zu Akne neigende Haut macht. Au\u00dferdem enth\u00e4lt sie Antioxidantien, die dazu beitragen k\u00f6nnen, den Alterungsprozess der Haut zu verlangsamen und ihre Jugendlichkeit und Elastizit\u00e4t zu erhalten.<\/p>\n<h2><strong>Wir wollen mehr \u00fcber die Kojic-Seife erfahren!\u00a0<\/strong><\/h2>\n<p>Sie interessieren sich f\u00fcr ihn und m\u00f6chten mehr dar\u00fcber erfahren, das ist normal! Dieser wird bei manchen Menschen sehr h\u00e4ufig verwendet, da er viele positive Eigenschaften besitzt!<\/p>\n<p>In der Tat ist der\u00a0<strong>Seife Kojie San\u00a0<\/strong>ist sehr mild und verursacht keine Irritationen, was es zu einem beliebten Produkt f\u00fcr empfindliche und zu Akne neigende Haut macht,<\/p>\n<p>Da es aus Kojis\u00e4ure besteht, ist sein pH-Wert auf die spezifischen Bed\u00fcrfnisse der Haut abgestimmt und kann helfen, das Gleichgewicht und die<strong>\u00a0Hautgesundheit<\/strong>. Es kann auch zum Entfernen von Make-up und Unreinheiten verwendet werden und hinterl\u00e4sst eine weiche, mit Feuchtigkeit versorgte Haut. Nun, da Ihre Neugier auf dem H\u00f6hepunkt ist, k\u00f6nnen wir uns nun den Vorteilen zuwenden...<\/p>\n<h2><strong>Die Vorteile der Kojic-Seife\u00a0<\/strong><\/h2>\n<p>Das Aussehen kann manchmal zur Besessenheit werden, und Hautprobleme machen die Sache nicht besser! Das ist einer der Gr\u00fcnde, warum Ihre Wellness-Boutique Ihnen eine\u00a0<strong>Kosmetikprodukt<\/strong>\u00a0der wohltuendsten!<\/p>\n<p>Es handelt sich dabei um die Kojic-Seife. Wenn Ihnen diese Seife bis zu diesem Artikel unbekannt war, ist sie f\u00fcr manche Menschen zu einem unverzichtbaren Bestandteil der<strong>\u00a0kosmetische Behandlungen<\/strong>.<\/p>\n<p>Es ist sehr gut f\u00fcr die Haut und bekannt daf\u00fcr, dass es gegen Aknepickel hilft. Aber auch gegen braune Flecken. Au\u00dferdem wird es auch gerne zur Aufhellung dunkler K\u00f6rperstellen, wie z. B. der Achseln, verwendet! Zwar wirkt er reinigend, aber er reinigt auch die Haut und spendet ihr Feuchtigkeit! Sie sehen also, dieser Kosmetikschatz k\u00f6nnte schnell zu einem Ihrer Must-haves werden!<\/p>\n<h3><strong>Wie kann man von dieser Kosmetik profitieren?<\/strong><\/h3>\n<p>Dieses Seifenst\u00fcck mit seinen zahlreichen Vorteilen hat Sie \u00fcberzeugt und Sie m\u00f6chten nun mehr \u00fcber seine Verwendung erfahren?<\/p>\n<p>Los geht's mit ein paar Kosmetiktipps!<\/p>\n<p>Wenn Sie die aufhellenden Eigenschaften der Seife nutzen m\u00f6chten, sollten Sie zun\u00e4chst Ihre Kosmetika anfeuchten und nicht die betroffene Stelle! Die meisten Menschen befeuchten den Bereich, bevor sie die Seife verwenden, aber sie wirkt besser auf trockenen Stellen!<\/p>\n<p>Anschlie\u00dfend wenden Sie Ihr<strong>\u00a0feste Kojic-Seife<\/strong>\u00a0mithilfe von kreisf\u00f6rmigen Bewegungen. Lassen Sie die Maske einige Minuten einwirken und sp\u00fclen Sie sie anschlie\u00dfend gr\u00fcndlich mit lauwarmem Wasser ab.<\/p>","protected":false},"excerpt":{"rendered":"<p>Vous avez quelques probl\u00e8mes de peau et vous ne savez pas comment les r\u00e9soudre ? Votre boutique de bien-\u00eatre a peut-\u00eatre la solution que vous attendiez tant ! Faites un peu de place au sein de vos produits cosm\u00e9tiques afin d&rsquo;accueillir le\u00a0savon kojic\u00a0! Tout savoir sur le savon Kojic ! Le savon Kojic est un [&#8230;]","protected":false},"featured_media":4563,"template":"","meta":[],"product_brand":[],"product_cat":[123],"product_tag":[],"class_list":{"0":"post-4562","1":"product","2":"type-product","3":"status-publish","4":"has-post-thumbnail","6":"product_cat-savon","8":"first","9":"outofstock","10":"shipping-taxable","11":"purchasable","12":"product-type-simple"},"yoast_head":"<!-- This site is optimized with the Yoast SEO plugin v26.6 - https:\/\/yoast.com\/wordpress\/plugins\/seo\/ -->\n<title>Savon Kojic I Savon \u00e0 l&#039;acide Kojic I Contenance 100g<\/title>\n<meta name=\"description\" content=\"Faites un peu de place au sein de vos produits cosm\u00e9tiques afin d&#039;accueillir le\u00a0savon kojic\u00a0! Id\u00e9al pour \u00e9claircir la peau !\" \/>\n<meta name=\"robots\" content=\"index, follow, max-snippet:-1, max-image-preview:large, max-video-preview:-1\" \/>\n<link rel=\"canonical\" href=\"https:\/\/www.safinel.fr\/de\/product-2\/kojic-seife\/\" \/>\n<meta property=\"og:locale\" content=\"de_DE\" \/>\n<meta property=\"og:type\" content=\"article\" \/>\n<meta property=\"og:title\" content=\"Savon Kojic I Savon \u00e0 l&#039;acide Kojic I Contenance 100g\" \/>\n<meta property=\"og:description\" content=\"Faites un peu de place au sein de vos produits cosm\u00e9tiques afin d&#039;accueillir le\u00a0savon kojic\u00a0! Id\u00e9al pour \u00e9claircir la peau !\" \/>\n<meta property=\"og:url\" content=\"https:\/\/www.safinel.fr\/de\/product-2\/kojic-seife\/\" \/>\n<meta property=\"og:site_name\" content=\"Safinel\" \/>\n<meta property=\"article:modified_time\" content=\"2024-04-09T20:37:45+00:00\" \/>\n<meta property=\"og:image\" content=\"https:\/\/www.safinel.fr\/wp-content\/uploads\/2023\/02\/savon-Kojic.jpg\" \/>\n\t<meta property=\"og:image:width\" content=\"600\" \/>\n\t<meta property=\"og:image:height\" content=\"600\" \/>\n\t<meta property=\"og:image:type\" content=\"image\/jpeg\" \/>\n<meta name=\"twitter:card\" content=\"summary_large_image\" \/>\n<meta name=\"twitter:label1\" content=\"Gesch\u00e4tzte Lesezeit\" \/>\n\t<meta name=\"twitter:data1\" content=\"3\u00a0Minuten\" \/>\n<script type=\"application\/ld+json\" class=\"yoast-schema-graph\">{\"@context\":\"https:\/\/schema.org\",\"@graph\":[{\"@type\":\"WebPage\",\"@id\":\"https:\/\/www.safinel.fr\/produit\/savon-kojic\/\",\"url\":\"https:\/\/www.safinel.fr\/produit\/savon-kojic\/\",\"name\":\"Savon Kojic I Savon \u00e0 l'acide Kojic I Contenance 100g\",\"isPartOf\":{\"@id\":\"https:\/\/www.safinel.fr\/#website\"},\"primaryImageOfPage\":{\"@id\":\"https:\/\/www.safinel.fr\/produit\/savon-kojic\/#primaryimage\"},\"image\":{\"@id\":\"https:\/\/www.safinel.fr\/produit\/savon-kojic\/#primaryimage\"},\"thumbnailUrl\":\"https:\/\/www.safinel.fr\/wp-content\/uploads\/2023\/02\/savon-Kojic.jpg\",\"datePublished\":\"2023-02-09T18:47:18+00:00\",\"dateModified\":\"2024-04-09T20:37:45+00:00\",\"description\":\"Faites un peu de place au sein de vos produits cosm\u00e9tiques afin d'accueillir le\u00a0savon kojic\u00a0! Id\u00e9al pour \u00e9claircir la peau !\",\"breadcrumb\":{\"@id\":\"https:\/\/www.safinel.fr\/produit\/savon-kojic\/#breadcrumb\"},\"inLanguage\":\"de\",\"potentialAction\":[{\"@type\":\"ReadAction\",\"target\":[\"https:\/\/www.safinel.fr\/produit\/savon-kojic\/\"]}]},{\"@type\":\"ImageObject\",\"inLanguage\":\"de\",\"@id\":\"https:\/\/www.safinel.fr\/produit\/savon-kojic\/#primaryimage\",\"url\":\"https:\/\/www.safinel.fr\/wp-content\/uploads\/2023\/02\/savon-Kojic.jpg\",\"contentUrl\":\"https:\/\/www.safinel.fr\/wp-content\/uploads\/2023\/02\/savon-Kojic.jpg\",\"width\":600,\"height\":600,\"caption\":\"savon Kojic\"},{\"@type\":\"BreadcrumbList\",\"@id\":\"https:\/\/www.safinel.fr\/produit\/savon-kojic\/#breadcrumb\",\"itemListElement\":[{\"@type\":\"ListItem\",\"position\":1,\"name\":\"Accueil\",\"item\":\"https:\/\/www.safinel.fr\/\"},{\"@type\":\"ListItem\",\"position\":2,\"name\":\"Boutique\",\"item\":\"https:\/\/www.safinel.fr\/boutique\/\"},{\"@type\":\"ListItem\",\"position\":3,\"name\":\"Savon \u00e0 l&#8217;acide kojic 100g\"}]},{\"@type\":\"WebSite\",\"@id\":\"https:\/\/www.safinel.fr\/#website\",\"url\":\"https:\/\/www.safinel.fr\/\",\"name\":\"Safinel\",\"description\":\"\",\"publisher\":{\"@id\":\"https:\/\/www.safinel.fr\/#organization\"},\"potentialAction\":[{\"@type\":\"SearchAction\",\"target\":{\"@type\":\"EntryPoint\",\"urlTemplate\":\"https:\/\/www.safinel.fr\/?s={search_term_string}\"},\"query-input\":{\"@type\":\"PropertyValueSpecification\",\"valueRequired\":true,\"valueName\":\"search_term_string\"}}],\"inLanguage\":\"de\"},{\"@type\":\"Organization\",\"@id\":\"https:\/\/www.safinel.fr\/#organization\",\"name\":\"Safinel\",\"url\":\"https:\/\/www.safinel.fr\/\",\"logo\":{\"@type\":\"ImageObject\",\"inLanguage\":\"de\",\"@id\":\"https:\/\/www.safinel.fr\/#\/schema\/logo\/image\/\",\"url\":\"https:\/\/www.safinel.fr\/wp-content\/uploads\/2021\/05\/boutique-cosmetique.png\",\"contentUrl\":\"https:\/\/www.safinel.fr\/wp-content\/uploads\/2021\/05\/boutique-cosmetique.png\",\"width\":800,\"height\":200,\"caption\":\"Safinel\"},\"image\":{\"@id\":\"https:\/\/www.safinel.fr\/#\/schema\/logo\/image\/\"}}]}<\/script>\n<!-- \/ Yoast SEO plugin. -->","yoast_head_json":{"title":"Kojic-Seife I Kojic-S\u00e4ureseife I Inhalt 100g","description":"Machen Sie ein wenig Platz in Ihren Kosmetika, um die Kojic-Seife unterzubringen! Ideal zum Aufhellen der Haut!","robots":{"index":"index","follow":"follow","max-snippet":"max-snippet:-1","max-image-preview":"max-image-preview:large","max-video-preview":"max-video-preview:-1"},"canonical":"https:\/\/www.safinel.fr\/de\/product-2\/kojic-seife\/","og_locale":"de_DE","og_type":"article","og_title":"Savon Kojic I Savon \u00e0 l'acide Kojic I Contenance 100g","og_description":"Faites un peu de place au sein de vos produits cosm\u00e9tiques afin d'accueillir le\u00a0savon kojic\u00a0! Id\u00e9al pour \u00e9claircir la peau !","og_url":"https:\/\/www.safinel.fr\/de\/product-2\/kojic-seife\/","og_site_name":"Safinel","article_modified_time":"2024-04-09T20:37:45+00:00","og_image":[{"width":600,"height":600,"url":"https:\/\/www.safinel.fr\/wp-content\/uploads\/2023\/02\/savon-Kojic.jpg","type":"image\/jpeg"}],"twitter_card":"summary_large_image","twitter_misc":{"Gesch\u00e4tzte Lesezeit":"3\u00a0Minuten"},"schema":{"@context":"https:\/\/schema.org","@graph":[{"@type":"WebPage","@id":"https:\/\/www.safinel.fr\/produit\/savon-kojic\/","url":"https:\/\/www.safinel.fr\/produit\/savon-kojic\/","name":"Kojic-Seife I Kojic-S\u00e4ureseife I Inhalt 100g","isPartOf":{"@id":"https:\/\/www.safinel.fr\/#website"},"primaryImageOfPage":{"@id":"https:\/\/www.safinel.fr\/produit\/savon-kojic\/#primaryimage"},"image":{"@id":"https:\/\/www.safinel.fr\/produit\/savon-kojic\/#primaryimage"},"thumbnailUrl":"https:\/\/www.safinel.fr\/wp-content\/uploads\/2023\/02\/savon-Kojic.jpg","datePublished":"2023-02-09T18:47:18+00:00","dateModified":"2024-04-09T20:37:45+00:00","description":"Machen Sie ein wenig Platz in Ihren Kosmetika, um die Kojic-Seife unterzubringen! Ideal zum Aufhellen der Haut!","breadcrumb":{"@id":"https:\/\/www.safinel.fr\/produit\/savon-kojic\/#breadcrumb"},"inLanguage":"de","potentialAction":[{"@type":"ReadAction","target":["https:\/\/www.safinel.fr\/produit\/savon-kojic\/"]}]},{"@type":"ImageObject","inLanguage":"de","@id":"https:\/\/www.safinel.fr\/produit\/savon-kojic\/#primaryimage","url":"https:\/\/www.safinel.fr\/wp-content\/uploads\/2023\/02\/savon-Kojic.jpg","contentUrl":"https:\/\/www.safinel.fr\/wp-content\/uploads\/2023\/02\/savon-Kojic.jpg","width":600,"height":600,"caption":"savon Kojic"},{"@type":"BreadcrumbList","@id":"https:\/\/www.safinel.fr\/produit\/savon-kojic\/#breadcrumb","itemListElement":[{"@type":"ListItem","position":1,"name":"Accueil","item":"https:\/\/www.safinel.fr\/"},{"@type":"ListItem","position":2,"name":"Boutique","item":"https:\/\/www.safinel.fr\/boutique\/"},{"@type":"ListItem","position":3,"name":"Savon \u00e0 l&#8217;acide kojic 100g"}]},{"@type":"WebSite","@id":"https:\/\/www.safinel.fr\/#website","url":"https:\/\/www.safinel.fr\/","name":"Safinel","description":"","publisher":{"@id":"https:\/\/www.safinel.fr\/#organization"},"potentialAction":[{"@type":"SearchAction","target":{"@type":"EntryPoint","urlTemplate":"https:\/\/www.safinel.fr\/?s={search_term_string}"},"query-input":{"@type":"PropertyValueSpecification","valueRequired":true,"valueName":"search_term_string"}}],"inLanguage":"de"},{"@type":"Organization","@id":"https:\/\/www.safinel.fr\/#organization","name":"Safinel","url":"https:\/\/www.safinel.fr\/","logo":{"@type":"ImageObject","inLanguage":"de","@id":"https:\/\/www.safinel.fr\/#\/schema\/logo\/image\/","url":"https:\/\/www.safinel.fr\/wp-content\/uploads\/2021\/05\/boutique-cosmetique.png","contentUrl":"https:\/\/www.safinel.fr\/wp-content\/uploads\/2021\/05\/boutique-cosmetique.png","width":800,"height":200,"caption":"Safinel"},"image":{"@id":"https:\/\/www.safinel.fr\/#\/schema\/logo\/image\/"}}]}},"_links":{"self":[{"href":"https:\/\/www.safinel.fr\/de\/wp-json\/wp\/v2\/product\/4562","targetHints":{"allow":["GET"]}}],"collection":[{"href":"https:\/\/www.safinel.fr\/de\/wp-json\/wp\/v2\/product"}],"about":[{"href":"https:\/\/www.safinel.fr\/de\/wp-json\/wp\/v2\/types\/product"}],"wp:featuredmedia":[{"embeddable":true,"href":"https:\/\/www.safinel.fr\/de\/wp-json\/wp\/v2\/media\/4563"}],"wp:attachment":[{"href":"https:\/\/www.safinel.fr\/de\/wp-json\/wp\/v2\/media?parent=4562"}],"wp:term":[{"taxonomy":"product_brand","embeddable":true,"href":"https:\/\/www.safinel.fr\/de\/wp-json\/wp\/v2\/product_brand?post=4562"},{"taxonomy":"product_cat","embeddable":true,"href":"https:\/\/www.safinel.fr\/de\/wp-json\/wp\/v2\/product_cat?post=4562"},{"taxonomy":"product_tag","embeddable":true,"href":"https:\/\/www.safinel.fr\/de\/wp-json\/wp\/v2\/product_tag?post=4562"}],"curies":[{"name":"wp","href":"https:\/\/api.w.org\/{rel}","templated":true}]}}