{"id":456,"date":"2021-09-29T12:29:18","date_gmt":"2021-09-29T12:29:18","guid":{"rendered":"https:\/\/www.safinel.fr\/?post_type=product&#038;p=456"},"modified":"2026-01-14T09:42:30","modified_gmt":"2026-01-14T09:42:30","slug":"kleine-cola","status":"publish","type":"product","link":"https:\/\/www.safinel.fr\/de\/product-2\/kleine-cola\/","title":{"rendered":"Kleine Cola"},"content":{"rendered":"<p>Diese kleine Nuss namens \u201c<b>kleine Cola<\/b>\u201d ist auf dem afrikanischen Kontinent sehr bekannt und verbreitet. Aber sie enth\u00e4lt Tugenden, die jeder von uns kennen sollte! In jedem Fall wurde sie fr\u00fcher durch die Limonade eines Apothekers in Atlanta bekannt gemacht. Heute sind seine Eigenschaften kein Geheimnis mehr, insbesondere seine stimulierenden und erm\u00fcdungshemmenden Eigenschaften.<\/p>\n<p>Dann gehen Sie auf Entdeckungsreise in diesem <a href=\"https:\/\/www.safinel.fr\/de\/afrikanische-nuss\/\"><b>afrikanische Nuss<\/b><\/a> mit au\u00dfergew\u00f6hnlichen Tugenden, bei <i>Safinel<\/i> !<\/p>\n<h2><b>Ein \u00dcberblick \u00fcber \u201cpetit cola\u201d, die k\u00fchne afrikanische Nuss<span class=\"Apple-converted-space\">\u00a0<\/span><\/b><\/h2>\n<p>Zun\u00e4chst einmal lautet die wissenschaftliche Bezeichnung f\u00fcr diese kleine Nuss <b>Garnicia Kola, Cola nitida<\/b> oder <b>Cola acuminata<\/b>. Au\u00dferdem wird sie als <b>kola, Kolanuss, Kolanuss.<\/b> Der Name ist eine Fehl\u00fcbersetzung des englischen Wortes \u201c\".\u201c<b>Bitter-Kola<\/b>\u201d, was so viel bedeutet wie \u201c<b>bittere Cola<\/b>\u201d.<span class=\"Apple-converted-space\">\u00a0<\/span><\/p>\n<p>Ebenso ist diese Nuss, die zur botanischen Familie der Sterculiaceae geh\u00f6rt, in Wirklichkeit der Samen des<b> kolatier<\/b>. Und letztere ist ein Baum, mit dunkelgr\u00fcnen Bl\u00e4ttern und gelblich-wei\u00dfen Bl\u00fcten, der bis zu 20 m hoch werden kann. Au\u00dferdem hat diese Nuss einen bitteren Geschmack und eine l\u00e4ngliche Form. Wenn Sie ein Fan von lokalen afrikanischen Produkten sind, laden wir Sie ein, die <a href=\"https:\/\/www.pause-au-naturelle.com\/cat\u00e9gorie-produit\/sellou-marocain-zamita-marocaine\/\" target=\"_blank\" rel=\"noopener\"><strong>marokkanische Zamita<\/strong><\/a> !<\/p>\n<p>Insgesamt stammt sie aus Zentral- und Westafrika, wo sie weit verbreitet ist. Inzwischen findet man sie aber auch in S\u00fcd- und Mittelamerika, Sri Lanka, der Karibik und Malaysia.<\/p>\n<p>Der Teil der Walnuss, der in der Pflanzenheilkunde verwendet wird, ist der Samen ohne seine Schale. Sie k\u00f6nnen auch zu Pulver gemahlen werden, nachdem sie in der Sonne getrocknet wurden. So wird sie in der traditionellen Medizin h\u00e4ufig zur Behandlung verschiedener Beschwerden eingesetzt.<\/p>\n<h2><b>Petit Cola: eine unglaubliche und reichhaltige Zusammensetzung<span class=\"Apple-converted-space\">\u00a0<\/span><\/b><\/h2>\n<p>Aufgrund seiner au\u00dfergew\u00f6hnlichen Zusammensetzung wird dieser Samen von der modernen Medizin bei der Herstellung verschiedener Medikamente verwendet.<\/p>\n<ul>\n<li>So finden sich in der bitter schmeckenden Frucht vor allem Mineralsalze wie Kalium und Magnesium; ;<span class=\"Apple-converted-space\">\u00a0<\/span><\/li>\n<\/ul>\n<ul>\n<li>Au\u00dferdem besteht es aus N\u00e4hrstoffen und Mikron\u00e4hrstoffen, wie z. B. <a href=\"https:\/\/www.safinel.fr\/de\/product-2\/chebe-pulver-100g\/\"><strong>Vitamin A<\/strong><\/a>, Carotin und Antioxidantien ;<\/li>\n<\/ul>\n<ul>\n<li>Daneben enth\u00e4lt dieser Samen noch weitere Bestandteile wie Alkaloide und Gerbstoffe ;<\/li>\n<\/ul>\n<ul>\n<li>Schlie\u00dflich geh\u00f6ren zu seinen Wirkstoffen Koffein und Kolatin.<\/li>\n<\/ul>\n<h2><b>Einige verbl\u00fcffende medizinische Eigenschaften der kleinen Cola<\/b><\/h2>\n<p>Dieser bittere Samen enth\u00e4lt viele positive Eigenschaften, die wir gemeinsam entdecken werden. Zu beachten ist, dass Kola nur innerlich angewendet wird.<\/p>\n<h3><b>Ein anregender Samen und eine Mundunterst\u00fctzung<\/b><\/h3>\n<ul>\n<li>Erstens wirkt sie anregend, adstringierend, aphrodisierend, harntreibend, f\u00f6rdert die Gewichtsabnahme und erh\u00f6ht den Blutdruck ;<\/li>\n<\/ul>\n<ul>\n<li>Au\u00dferdem tr\u00e4gt es dazu bei, die Aufmerksamkeit und Leistungen wie Ged\u00e4chtnis, Lernen und Anstrengung zu steigern; ;<\/li>\n<\/ul>\n<ul>\n<li>Sie hilft auch bei Schl\u00e4frigkeit, k\u00f6rperlicher und geistiger M\u00fcdigkeit, Depressionen und Depressionen. <strong>Kopfschmerzen<\/strong> ;<\/li>\n<\/ul>\n<ul>\n<li>Au\u00dferdem hilft es bei der Bek\u00e4mpfung von Mundgeruch und unterst\u00fctzt die Behandlung von Mundkrankheiten.<\/li>\n<\/ul>\n<h3><b>Ein Samenkorn als Verb\u00fcndeter der Frauen<span class=\"Apple-converted-space\">\u00a0<\/span><\/b><\/h3>\n<ul>\n<li>Zun\u00e4chst einmal hat es schmerzlindernde Eigenschaften, die bei schmerzhaften Menstruationsbeschwerden helfen ;<\/li>\n<\/ul>\n<ul>\n<li>Schlie\u00dflich hilft sie bei der Behandlung von Eierstockzysten, Fibromen und verstopften Eileitern und f\u00f6rdert so die Fruchtbarkeit.<\/li>\n<\/ul>\n<h3><b>Auch M\u00e4nner kommen bei diesem Samen nicht zu kurz!<\/b><\/h3>\n<ul>\n<li>Denn sie hilft, die M\u00e4nnlichkeit zu straffen und gibt neue Kraft ;<\/li>\n<\/ul>\n<ul>\n<li>Mehr noch, sie hilft bei der Behandlung von sexueller Impotenz, <strong>vorzeitige Ejakulation<\/strong>, Es gibt drei Arten von Geschlechtskrankheiten: Azoospermie und Oligospermie.<\/li>\n<\/ul>\n<h3><b>Ein Samen, der gut f\u00fcr die Verdauung und f\u00fcr Sportler ist<\/b><\/h3>\n<ul>\n<li>Tats\u00e4chlich wird es als Appetitz\u00fcgler verwendet und reguliert den Appetit, ideal f\u00fcr ein Sportprogramm ;<span class=\"Apple-converted-space\">\u00a0<\/span><\/li>\n<\/ul>\n<ul>\n<li>Schlie\u00dflich reguliert sie das Verdauungssystem und lindert wirksam Durchfall und Verdauungsst\u00f6rungen.<span class=\"Apple-converted-space\">\u00a0<\/span><\/li>\n<\/ul>\n<h2><b>Wie verwendet man Petit Cola, um von seinen Vorteilen zu profitieren?<\/b><\/h2>\n<p>Innerlich kann dieser wohltuende Samen auf verschiedene Arten verzehrt werden.<\/p>\n<ul>\n<li>Erstens kann dieser Samen gekaut werden, obwohl er sehr bitter ist, und zwar maximal zwei N\u00fcsse pro Tag; ;<\/li>\n<\/ul>\n<ul>\n<li>Es kann auch zu Pulver gemahlen und in Getr\u00e4nke wie Kaffee oder Tee einger\u00fchrt werden. Es kann aber auch in Kr\u00e4utertees von Safinel wie Kacip Fatimah gegeben werden. Letzteres wird seine Wirkung auf Frauen sogar noch verst\u00e4rken. Wir empfehlen Ihnen auch, es einem Kirschschwanztee hinzuzuf\u00fcgen, da es eine harntreibende Wirkung hat. In diesem Fall geben Sie 1 Teel\u00f6ffel in das Getr\u00e4nk Ihrer Wahl; ;<span class=\"Apple-converted-space\">\u00a0<\/span><\/li>\n<\/ul>\n<ul>\n<li>Ebenso k\u00f6nnen Sie es 10 Minuten lang ziehen lassen. In diesem Fall k\u00f6nnen 1 oder 2 g Kolapulver in eine Tasse kochendes Wasser gegeben werden. Wenn Sie m\u00f6chten, f\u00fcgen Sie Honig oder Zitrone hinzu, um den bitteren Geschmack zu begrenzen.<\/li>\n<\/ul>\n<p>Zu beachten ist, dass die Dosierung 3 Tassen betr\u00e4gt und die maximale Dosis des Pulvers 1 oder 2 g betr\u00e4gt.<\/p>\n<h3><strong>Afrikanische Petit Cola: Ein ungeahnter Verb\u00fcndeter vor dem Sex<\/strong><\/h3>\n<p>Entdecken Sie die unbekannten Vorteile der kleinen afrikanischen Cola, einem nat\u00fcrlichen Heilmittel, das Ihre intimen Momente w\u00fcrzen wird! Diese in Westafrika beheimatete Nuss mit ihren \u00fcberraschenden Eigenschaften wird seit Jahrhunderten verwendet, um die Vitalit\u00e4t zu steigern und die Liebesleistung zu verbessern.<\/p>\n<p><strong>Reich an Alkaloiden und anderen aktiven Verbindungen,<\/strong> die kleine afrikanische Cola ist f\u00fcr ihre aphrodisierende und energiespendende Wirkung bekannt. <strong>Wenn Sie diese Nuss vor dem Sex essen, steigern Sie Ihr Verlangen und Ihre Ausdauer<\/strong>. Dies sorgt f\u00fcr intensive und unvergessliche Momente der Verbundenheit.<\/p>\n<p>Au\u00dferdem hilft die kleine afrikanische Cola gegen M\u00fcdigkeit und Stress und f\u00f6rdert so Entspannung und Erholung.<strong> Es wird Ihnen helfen, sich mit Ihrem Partner wohler zu f\u00fchlen und sich mehr zu \u00f6ffnen, um Momente intensiver Lust zu erleben.<\/strong>.<\/p>\n<p><strong>Die kleine Cola vor dem Sex zu integrieren ist eine nat\u00fcrliche und originelle Art, Ihre intime Bindung zu st\u00e4rken.<\/strong>. Z\u00f6gern Sie nicht, diesen Trick f\u00fcr ein einzigartiges Erlebnis auszuprobieren, das von Leidenschaft und Aufregung gepr\u00e4gt ist.<\/p>\n<p>Kurzum, die kleine afrikanische Cola ist der ideale Verb\u00fcndete, um Ihr Liebesleben anzukurbeln und unvergessliche Momente der Intimit\u00e4t zu teilen. Lassen Sie sich von dieser Nuss mit ihren au\u00dfergew\u00f6hnlichen Eigenschaften verf\u00fchren und entdecken Sie die exquisiten Empfindungen, die sie bietet.<\/p>\n<h3><b>Vorsichtsma\u00dfnahmen<\/b><\/h3>\n<p>Es wird eine gewisse Wachsamkeit hinsichtlich m\u00f6glicher Nebenwirkungen von Kola sowie Wechselwirkungen mit Medikamenten gefordert.<span class=\"Apple-converted-space\">\u00a0<\/span><\/p>\n<p>Lassen Sie sich vor der Einnahme dieser Nuss, die in Ma\u00dfen konsumiert werden sollte, von einem Arzt beraten. Eine \u00dcberdosierung ist nicht harmlos und kann sogar gef\u00e4hrlich sein.<\/p>","protected":false},"excerpt":{"rendered":"<p>Cette petite noix appel\u00e9e \u201cpetit cola\u201d est tr\u00e8s connue et r\u00e9pandue sur le continent africain. Mais elle renferme des vertus que chacun de nous devrions conna\u00eetre ! En tout cas, elle a \u00e9t\u00e9, auparavant, rendue populaire par la boisson gazeuse d&rsquo;un pharmacien d&rsquo;Atlanta. A l\u2019heure d\u2019aujourd\u2019hui, ses propri\u00e9t\u00e9s ne sont plus un myst\u00e8re, notamment ses [&#8230;]","protected":false},"featured_media":457,"template":"","meta":[],"product_brand":[],"product_cat":[27],"product_tag":[],"class_list":{"0":"post-456","1":"product","2":"type-product","3":"status-publish","4":"has-post-thumbnail","6":"product_cat-plantes-medicinales","8":"first","9":"instock","10":"shipping-taxable","11":"purchasable","12":"product-type-variable"},"yoast_head":"<!-- This site is optimized with the Yoast SEO plugin v26.6 - https:\/\/yoast.com\/wordpress\/plugins\/seo\/ -->\n<title>Petit Cola | La noix africaine par excellence | Bienfaits nombreux<\/title>\n<meta name=\"description\" content=\"Cette petite noix appel\u00e9e \u201cpetit cola\u201d est tr\u00e8s connue et r\u00e9pandue sur le continent africain. D\u00e9couvrez-l\u00e0 sans plus attendre !\" \/>\n<meta name=\"robots\" content=\"index, follow, max-snippet:-1, max-image-preview:large, max-video-preview:-1\" \/>\n<link rel=\"canonical\" href=\"https:\/\/www.safinel.fr\/de\/product-2\/kleine-cola\/\" \/>\n<meta property=\"og:locale\" content=\"de_DE\" \/>\n<meta property=\"og:type\" content=\"article\" \/>\n<meta property=\"og:title\" content=\"Petit Cola | La noix africaine par excellence | Bienfaits nombreux\" \/>\n<meta property=\"og:description\" content=\"Cette petite noix appel\u00e9e \u201cpetit cola\u201d est tr\u00e8s connue et r\u00e9pandue sur le continent africain. D\u00e9couvrez-l\u00e0 sans plus attendre !\" \/>\n<meta property=\"og:url\" content=\"https:\/\/www.safinel.fr\/de\/product-2\/kleine-cola\/\" \/>\n<meta property=\"og:site_name\" content=\"Safinel\" \/>\n<meta property=\"article:modified_time\" content=\"2026-01-14T09:42:30+00:00\" \/>\n<meta property=\"og:image\" content=\"https:\/\/www.safinel.fr\/wp-content\/uploads\/2021\/09\/petit-cola.jpg\" \/>\n\t<meta property=\"og:image:width\" content=\"600\" \/>\n\t<meta property=\"og:image:height\" content=\"600\" \/>\n\t<meta property=\"og:image:type\" content=\"image\/jpeg\" \/>\n<meta name=\"twitter:card\" content=\"summary_large_image\" \/>\n<meta name=\"twitter:label1\" content=\"Gesch\u00e4tzte Lesezeit\" \/>\n\t<meta name=\"twitter:data1\" content=\"5\u00a0Minuten\" \/>\n<script type=\"application\/ld+json\" class=\"yoast-schema-graph\">{\"@context\":\"https:\/\/schema.org\",\"@graph\":[{\"@type\":\"WebPage\",\"@id\":\"https:\/\/www.safinel.fr\/produit\/petit-cola\/\",\"url\":\"https:\/\/www.safinel.fr\/produit\/petit-cola\/\",\"name\":\"Petit Cola | La noix africaine par excellence | Bienfaits nombreux\",\"isPartOf\":{\"@id\":\"https:\/\/www.safinel.fr\/#website\"},\"primaryImageOfPage\":{\"@id\":\"https:\/\/www.safinel.fr\/produit\/petit-cola\/#primaryimage\"},\"image\":{\"@id\":\"https:\/\/www.safinel.fr\/produit\/petit-cola\/#primaryimage\"},\"thumbnailUrl\":\"https:\/\/www.safinel.fr\/wp-content\/uploads\/2021\/09\/petit-cola.jpg\",\"datePublished\":\"2021-09-29T12:29:18+00:00\",\"dateModified\":\"2026-01-14T09:42:30+00:00\",\"description\":\"Cette petite noix appel\u00e9e \u201cpetit cola\u201d est tr\u00e8s connue et r\u00e9pandue sur le continent africain. D\u00e9couvrez-l\u00e0 sans plus attendre !\",\"breadcrumb\":{\"@id\":\"https:\/\/www.safinel.fr\/produit\/petit-cola\/#breadcrumb\"},\"inLanguage\":\"de\",\"potentialAction\":[{\"@type\":\"ReadAction\",\"target\":[\"https:\/\/www.safinel.fr\/produit\/petit-cola\/\"]}]},{\"@type\":\"ImageObject\",\"inLanguage\":\"de\",\"@id\":\"https:\/\/www.safinel.fr\/produit\/petit-cola\/#primaryimage\",\"url\":\"https:\/\/www.safinel.fr\/wp-content\/uploads\/2021\/09\/petit-cola.jpg\",\"contentUrl\":\"https:\/\/www.safinel.fr\/wp-content\/uploads\/2021\/09\/petit-cola.jpg\",\"width\":600,\"height\":600,\"caption\":\"Petit Cola noix africaine\"},{\"@type\":\"BreadcrumbList\",\"@id\":\"https:\/\/www.safinel.fr\/produit\/petit-cola\/#breadcrumb\",\"itemListElement\":[{\"@type\":\"ListItem\",\"position\":1,\"name\":\"Accueil\",\"item\":\"https:\/\/www.safinel.fr\/\"},{\"@type\":\"ListItem\",\"position\":2,\"name\":\"Boutique\",\"item\":\"https:\/\/www.safinel.fr\/boutique\/\"},{\"@type\":\"ListItem\",\"position\":3,\"name\":\"Petit Cola\"}]},{\"@type\":\"WebSite\",\"@id\":\"https:\/\/www.safinel.fr\/#website\",\"url\":\"https:\/\/www.safinel.fr\/\",\"name\":\"Safinel\",\"description\":\"\",\"publisher\":{\"@id\":\"https:\/\/www.safinel.fr\/#organization\"},\"potentialAction\":[{\"@type\":\"SearchAction\",\"target\":{\"@type\":\"EntryPoint\",\"urlTemplate\":\"https:\/\/www.safinel.fr\/?s={search_term_string}\"},\"query-input\":{\"@type\":\"PropertyValueSpecification\",\"valueRequired\":true,\"valueName\":\"search_term_string\"}}],\"inLanguage\":\"de\"},{\"@type\":\"Organization\",\"@id\":\"https:\/\/www.safinel.fr\/#organization\",\"name\":\"Safinel\",\"url\":\"https:\/\/www.safinel.fr\/\",\"logo\":{\"@type\":\"ImageObject\",\"inLanguage\":\"de\",\"@id\":\"https:\/\/www.safinel.fr\/#\/schema\/logo\/image\/\",\"url\":\"https:\/\/www.safinel.fr\/wp-content\/uploads\/2021\/05\/boutique-cosmetique.png\",\"contentUrl\":\"https:\/\/www.safinel.fr\/wp-content\/uploads\/2021\/05\/boutique-cosmetique.png\",\"width\":800,\"height\":200,\"caption\":\"Safinel\"},\"image\":{\"@id\":\"https:\/\/www.safinel.fr\/#\/schema\/logo\/image\/\"}}]}<\/script>\n<!-- \/ Yoast SEO plugin. -->","yoast_head_json":{"title":"Petit Cola | Die afrikanische Nuss schlechthin | Zahlreiche Vorteile","description":"Diese kleine Nuss, die \u201ckleine Cola\u201d genannt wird, ist auf dem afrikanischen Kontinent sehr bekannt und verbreitet. Entdecken Sie sie jetzt!","robots":{"index":"index","follow":"follow","max-snippet":"max-snippet:-1","max-image-preview":"max-image-preview:large","max-video-preview":"max-video-preview:-1"},"canonical":"https:\/\/www.safinel.fr\/de\/product-2\/kleine-cola\/","og_locale":"de_DE","og_type":"article","og_title":"Petit Cola | La noix africaine par excellence | Bienfaits nombreux","og_description":"Cette petite noix appel\u00e9e \u201cpetit cola\u201d est tr\u00e8s connue et r\u00e9pandue sur le continent africain. D\u00e9couvrez-l\u00e0 sans plus attendre !","og_url":"https:\/\/www.safinel.fr\/de\/product-2\/kleine-cola\/","og_site_name":"Safinel","article_modified_time":"2026-01-14T09:42:30+00:00","og_image":[{"width":600,"height":600,"url":"https:\/\/www.safinel.fr\/wp-content\/uploads\/2021\/09\/petit-cola.jpg","type":"image\/jpeg"}],"twitter_card":"summary_large_image","twitter_misc":{"Gesch\u00e4tzte Lesezeit":"5\u00a0Minuten"},"schema":{"@context":"https:\/\/schema.org","@graph":[{"@type":"WebPage","@id":"https:\/\/www.safinel.fr\/produit\/petit-cola\/","url":"https:\/\/www.safinel.fr\/produit\/petit-cola\/","name":"Petit Cola | Die afrikanische Nuss schlechthin | Zahlreiche Vorteile","isPartOf":{"@id":"https:\/\/www.safinel.fr\/#website"},"primaryImageOfPage":{"@id":"https:\/\/www.safinel.fr\/produit\/petit-cola\/#primaryimage"},"image":{"@id":"https:\/\/www.safinel.fr\/produit\/petit-cola\/#primaryimage"},"thumbnailUrl":"https:\/\/www.safinel.fr\/wp-content\/uploads\/2021\/09\/petit-cola.jpg","datePublished":"2021-09-29T12:29:18+00:00","dateModified":"2026-01-14T09:42:30+00:00","description":"Diese kleine Nuss, die \u201ckleine Cola\u201d genannt wird, ist auf dem afrikanischen Kontinent sehr bekannt und verbreitet. Entdecken Sie sie jetzt!","breadcrumb":{"@id":"https:\/\/www.safinel.fr\/produit\/petit-cola\/#breadcrumb"},"inLanguage":"de","potentialAction":[{"@type":"ReadAction","target":["https:\/\/www.safinel.fr\/produit\/petit-cola\/"]}]},{"@type":"ImageObject","inLanguage":"de","@id":"https:\/\/www.safinel.fr\/produit\/petit-cola\/#primaryimage","url":"https:\/\/www.safinel.fr\/wp-content\/uploads\/2021\/09\/petit-cola.jpg","contentUrl":"https:\/\/www.safinel.fr\/wp-content\/uploads\/2021\/09\/petit-cola.jpg","width":600,"height":600,"caption":"Petit Cola noix africaine"},{"@type":"BreadcrumbList","@id":"https:\/\/www.safinel.fr\/produit\/petit-cola\/#breadcrumb","itemListElement":[{"@type":"ListItem","position":1,"name":"Accueil","item":"https:\/\/www.safinel.fr\/"},{"@type":"ListItem","position":2,"name":"Boutique","item":"https:\/\/www.safinel.fr\/boutique\/"},{"@type":"ListItem","position":3,"name":"Petit Cola"}]},{"@type":"WebSite","@id":"https:\/\/www.safinel.fr\/#website","url":"https:\/\/www.safinel.fr\/","name":"Safinel","description":"","publisher":{"@id":"https:\/\/www.safinel.fr\/#organization"},"potentialAction":[{"@type":"SearchAction","target":{"@type":"EntryPoint","urlTemplate":"https:\/\/www.safinel.fr\/?s={search_term_string}"},"query-input":{"@type":"PropertyValueSpecification","valueRequired":true,"valueName":"search_term_string"}}],"inLanguage":"de"},{"@type":"Organization","@id":"https:\/\/www.safinel.fr\/#organization","name":"Safinel","url":"https:\/\/www.safinel.fr\/","logo":{"@type":"ImageObject","inLanguage":"de","@id":"https:\/\/www.safinel.fr\/#\/schema\/logo\/image\/","url":"https:\/\/www.safinel.fr\/wp-content\/uploads\/2021\/05\/boutique-cosmetique.png","contentUrl":"https:\/\/www.safinel.fr\/wp-content\/uploads\/2021\/05\/boutique-cosmetique.png","width":800,"height":200,"caption":"Safinel"},"image":{"@id":"https:\/\/www.safinel.fr\/#\/schema\/logo\/image\/"}}]}},"_links":{"self":[{"href":"https:\/\/www.safinel.fr\/de\/wp-json\/wp\/v2\/product\/456","targetHints":{"allow":["GET"]}}],"collection":[{"href":"https:\/\/www.safinel.fr\/de\/wp-json\/wp\/v2\/product"}],"about":[{"href":"https:\/\/www.safinel.fr\/de\/wp-json\/wp\/v2\/types\/product"}],"wp:featuredmedia":[{"embeddable":true,"href":"https:\/\/www.safinel.fr\/de\/wp-json\/wp\/v2\/media\/457"}],"wp:attachment":[{"href":"https:\/\/www.safinel.fr\/de\/wp-json\/wp\/v2\/media?parent=456"}],"wp:term":[{"taxonomy":"product_brand","embeddable":true,"href":"https:\/\/www.safinel.fr\/de\/wp-json\/wp\/v2\/product_brand?post=456"},{"taxonomy":"product_cat","embeddable":true,"href":"https:\/\/www.safinel.fr\/de\/wp-json\/wp\/v2\/product_cat?post=456"},{"taxonomy":"product_tag","embeddable":true,"href":"https:\/\/www.safinel.fr\/de\/wp-json\/wp\/v2\/product_tag?post=456"}],"curies":[{"name":"wp","href":"https:\/\/api.w.org\/{rel}","templated":true}]}}