{"id":4551,"date":"2023-02-09T06:40:38","date_gmt":"2023-02-09T06:40:38","guid":{"rendered":"https:\/\/www.safinel.fr\/?post_type=product&#038;p=4551"},"modified":"2023-12-28T17:15:44","modified_gmt":"2023-12-28T17:15:44","slug":"bockshornkleepulver","status":"publish","type":"product","link":"https:\/\/www.safinel.fr\/de\/product-2\/bockshornkleepulver\/","title":{"rendered":"Bockshornkleepulver 100g"},"content":{"rendered":"<p>Geduld ist eine Tugend, und die Natur ist es auch! Lassen Sie sich in die geheimnisvolle Welt der Naturprodukte entf\u00fchren. Wenn auch Sie die Sch\u00e4tze der Natur genie\u00dfen m\u00f6chten, dann machen Sie Bekanntschaft mit der<strong>\u00a0Bockshornkleepulver<\/strong>.<\/p>\n<h2><strong>Kennen Sie Bockshornkleepulver?\u00a0<\/strong><\/h2>\n<p>Die Natur erobert sich ihren Platz in Ihrem Online-Shop, der sich auf<strong>\u00a0Wohlbefinden<\/strong>\u00a0! Der Bekanntheitsgrad von Naturprodukten hat stark zugenommen, und das zu einem guten Zweck. Da Gesundheit ein Gleichgewicht von Ern\u00e4hrung und Aktivit\u00e4t ist, ist es wichtig, auf seinen Konsum zu achten! Das ist einer der Gr\u00fcnde, warum Ihr Shop Ihnen die\u00a0<strong>Bockshornkleepulver<\/strong>...<\/p>\n<p>Aber haben Sie schon einmal von ihnen geh\u00f6rt? Falls nicht, machen Sie sich bereit, es k\u00f6nnte Sie umhauen!<strong>\u00a0Produkt 100% nat\u00fcrlich<\/strong>, Wir hoffen, dass Sie bereit sind, herauszufinden, was sich hinter diesem Schatz der Natur verbirgt.<\/p>\n<h2><strong>Die Vorteile von Bockshornkleepulver!<\/strong><\/h2>\n<p>Sie sind neugierig, und das gef\u00e4llt uns! Denn Ihre Wellness-Boutique freut sich, Ihnen Produkte anbieten zu k\u00f6nnen, die Sie begeistern k\u00f6nnten. Wenn Sie das Bockshornkleepulver so faszinierend finden, lassen Sie sich von seinen zahlreichen Vorteilen...<\/p>\n<p>Zun\u00e4chst einmal ist dieses nat\u00fcrliche Pulver f\u00fcr seine vielen Vorteile in Bezug auf das Haar bekannt! Wenn Sie n\u00e4mlich ein\u00a0<strong>Haarpflege<\/strong>, Dann sind Sie hier genau richtig. Bockshornkleepulver ist unter anderem daf\u00fcr bekannt, dass es einen Vorteil gegen Haarausfall bietet. Es wird oft als Haarpflegemittel verwendet und kann gegen Haarausfall helfen.\u00a0<strong>Br\u00fcchigkeit der Haare.\u00a0<\/strong>Als nat\u00fcrliches Anti-Schuppenmittel ist dieses Pulver wahrscheinlich die Haarpflege, die Ihnen noch fehlt.<\/p>\n<p>\u00dcbrigens ist das noch nicht alles! Wird von einigen Spitzensportlern f\u00fcr die<strong>\u00a0Gewichtszunahme.\u00a0<\/strong>Sie ist ein Pluspunkt f\u00fcr diejenigen, die ein paar Pfunde zulegen m\u00f6chten. Denn bekanntlich regt dieser wundersch\u00f6ne Naturschatz den Appetit an und wird daher sehr gesch\u00e4tzt.<\/p>\n<p>Dar\u00fcber hinaus wird es auch von Menschen konsumiert, die den Wunsch haben<strong>\u00a0ihren Blutzuckerspiegel regulieren\u00a0<\/strong>im Blut wie z. B. Diabetiker.<\/p>\n<h3><strong>Wie w\u00e4re es, wenn Sie Bockshornkleepulver im Laden entdecken w\u00fcrden?\u00a0<\/strong><\/h3>\n<p>Sie kennen nun ihre Online-Boutique. Und wie \u00fcblich m\u00f6chte sie mit Ihnen hochwertige Naturprodukte teilen! Und heute geht es um Bockshornkleepulver! Jetzt, da Sie all seine wunderbaren Vorteile kennen, wie w\u00e4re es, wenn Sie es einmal n\u00e4her kennenlernen w\u00fcrden?<\/p>\n<p>Ihr Shop m\u00f6chte n\u00e4mlich, dass Sie sich mit den Top-Produkten f\u00fcr Ihre Gesundheit ausstatten! Z\u00f6gern Sie also nicht l\u00e4nger und machen Sie dem ber\u00fchmten Pulver ein wenig Platz.<\/p>\n<h3><strong>Das Nat\u00fcrliche verjagen, es kommt zur\u00fcck: Machen Sie Platz f\u00fcr Akpi in Pulverform!<\/strong><\/h3>\n<p>Sie haben wahrscheinlich das ber\u00fchmte Bockshornklee-Pulver genossen. Das trifft sich gut, denn wir m\u00f6chten Ihnen ein ebenso bereicherndes Pulver anbieten! Haben Sie es erraten? Es handelt sich nat\u00fcrlich um das\u2019<a href=\"https:\/\/www.safinel.fr\/de\/product-2\/akpi-in-pulverform\/\"><strong>Akpi in Pulverform<\/strong><\/a>...<\/p>\n<p>Letzteres ist daf\u00fcr bekannt, dass es den Eisprung f\u00f6rdert, aber auch bei bestimmten Beschwerden im Zusammenhang mit der Verdauung hilft. Wir wollen nicht zu viel verraten und lassen Sie sich von der Vielzahl an nat\u00fcrlichen Produkten, die in unserem Shop auf Sie warten, mitrei\u00dfen!<\/p>","protected":false},"excerpt":{"rendered":"<p>Geduld ist eine Tugend, und die Natur ist es ebenso! Lassen Sie sich von der geheimnisvollen Welt der Naturprodukte verzaubern. Wenn auch Sie die Sch\u00e4tze der Natur genie\u00dfen m\u00f6chten, dann lernen Sie das Bockshornkleepulver kennen. Kennen Sie Bockshornkleepulver?  Die Natur erobert sich ihren Platz zur\u00fcck in [\u2026]","protected":false},"featured_media":4552,"template":"","meta":[],"product_brand":[],"product_cat":[169,53,110],"product_tag":[],"class_list":{"0":"post-4551","1":"product","2":"type-product","3":"status-publish","4":"has-post-thumbnail","6":"product_cat-epices-du-monde","7":"product_cat-epices-marocaines","8":"product_cat-poudre-cheveux-ayurvedique","10":"first","11":"instock","12":"shipping-taxable","13":"purchasable","14":"product-type-simple"},"yoast_head":"<!-- This site is optimized with the Yoast SEO plugin v26.6 - https:\/\/yoast.com\/wordpress\/plugins\/seo\/ -->\n<title>Poudre de fenugrec I Poudre naturelle I Bienfaits nombreux<\/title>\n<meta name=\"description\" content=\"Si vous aussi vous souhaitez profiter de tr\u00e9sors de la nature, alors faites la rencontre avec la\u00a0poudre de fenugrec. Adoptez-l\u00e0 sans plus attendre !\" \/>\n<meta name=\"robots\" content=\"index, follow, max-snippet:-1, max-image-preview:large, max-video-preview:-1\" \/>\n<link rel=\"canonical\" href=\"https:\/\/www.safinel.fr\/de\/product-2\/bockshornkleepulver\/\" \/>\n<meta property=\"og:locale\" content=\"de_DE\" \/>\n<meta property=\"og:type\" content=\"article\" \/>\n<meta property=\"og:title\" content=\"Poudre de fenugrec I Poudre naturelle I Bienfaits nombreux\" \/>\n<meta property=\"og:description\" content=\"Si vous aussi vous souhaitez profiter de tr\u00e9sors de la nature, alors faites la rencontre avec la\u00a0poudre de fenugrec. Adoptez-l\u00e0 sans plus attendre !\" \/>\n<meta property=\"og:url\" content=\"https:\/\/www.safinel.fr\/de\/product-2\/bockshornkleepulver\/\" \/>\n<meta property=\"og:site_name\" content=\"Safinel\" \/>\n<meta property=\"article:modified_time\" content=\"2023-12-28T17:15:44+00:00\" \/>\n<meta property=\"og:image\" content=\"https:\/\/www.safinel.fr\/wp-content\/uploads\/2023\/02\/poudre-de-fenugrec.jpg\" \/>\n\t<meta property=\"og:image:width\" content=\"600\" \/>\n\t<meta property=\"og:image:height\" content=\"600\" \/>\n\t<meta property=\"og:image:type\" content=\"image\/jpeg\" \/>\n<meta name=\"twitter:card\" content=\"summary_large_image\" \/>\n<meta name=\"twitter:label1\" content=\"Gesch\u00e4tzte Lesezeit\" \/>\n\t<meta name=\"twitter:data1\" content=\"3\u00a0Minuten\" \/>\n<script type=\"application\/ld+json\" class=\"yoast-schema-graph\">{\"@context\":\"https:\/\/schema.org\",\"@graph\":[{\"@type\":\"WebPage\",\"@id\":\"https:\/\/www.safinel.fr\/produit\/poudre-de-fenugrec\/\",\"url\":\"https:\/\/www.safinel.fr\/produit\/poudre-de-fenugrec\/\",\"name\":\"Poudre de fenugrec I Poudre naturelle I Bienfaits nombreux\",\"isPartOf\":{\"@id\":\"https:\/\/www.safinel.fr\/#website\"},\"primaryImageOfPage\":{\"@id\":\"https:\/\/www.safinel.fr\/produit\/poudre-de-fenugrec\/#primaryimage\"},\"image\":{\"@id\":\"https:\/\/www.safinel.fr\/produit\/poudre-de-fenugrec\/#primaryimage\"},\"thumbnailUrl\":\"https:\/\/www.safinel.fr\/wp-content\/uploads\/2023\/02\/poudre-de-fenugrec.jpg\",\"datePublished\":\"2023-02-09T06:40:38+00:00\",\"dateModified\":\"2023-12-28T17:15:44+00:00\",\"description\":\"Si vous aussi vous souhaitez profiter de tr\u00e9sors de la nature, alors faites la rencontre avec la\u00a0poudre de fenugrec. Adoptez-l\u00e0 sans plus attendre !\",\"breadcrumb\":{\"@id\":\"https:\/\/www.safinel.fr\/produit\/poudre-de-fenugrec\/#breadcrumb\"},\"inLanguage\":\"de\",\"potentialAction\":[{\"@type\":\"ReadAction\",\"target\":[\"https:\/\/www.safinel.fr\/produit\/poudre-de-fenugrec\/\"]}]},{\"@type\":\"ImageObject\",\"inLanguage\":\"de\",\"@id\":\"https:\/\/www.safinel.fr\/produit\/poudre-de-fenugrec\/#primaryimage\",\"url\":\"https:\/\/www.safinel.fr\/wp-content\/uploads\/2023\/02\/poudre-de-fenugrec.jpg\",\"contentUrl\":\"https:\/\/www.safinel.fr\/wp-content\/uploads\/2023\/02\/poudre-de-fenugrec.jpg\",\"width\":600,\"height\":600,\"caption\":\"Poudre de fenugrec 100g\"},{\"@type\":\"BreadcrumbList\",\"@id\":\"https:\/\/www.safinel.fr\/produit\/poudre-de-fenugrec\/#breadcrumb\",\"itemListElement\":[{\"@type\":\"ListItem\",\"position\":1,\"name\":\"Accueil\",\"item\":\"https:\/\/www.safinel.fr\/\"},{\"@type\":\"ListItem\",\"position\":2,\"name\":\"Boutique\",\"item\":\"https:\/\/www.safinel.fr\/boutique\/\"},{\"@type\":\"ListItem\",\"position\":3,\"name\":\"Poudre de fenugrec 100g\"}]},{\"@type\":\"WebSite\",\"@id\":\"https:\/\/www.safinel.fr\/#website\",\"url\":\"https:\/\/www.safinel.fr\/\",\"name\":\"Safinel\",\"description\":\"\",\"publisher\":{\"@id\":\"https:\/\/www.safinel.fr\/#organization\"},\"potentialAction\":[{\"@type\":\"SearchAction\",\"target\":{\"@type\":\"EntryPoint\",\"urlTemplate\":\"https:\/\/www.safinel.fr\/?s={search_term_string}\"},\"query-input\":{\"@type\":\"PropertyValueSpecification\",\"valueRequired\":true,\"valueName\":\"search_term_string\"}}],\"inLanguage\":\"de\"},{\"@type\":\"Organization\",\"@id\":\"https:\/\/www.safinel.fr\/#organization\",\"name\":\"Safinel\",\"url\":\"https:\/\/www.safinel.fr\/\",\"logo\":{\"@type\":\"ImageObject\",\"inLanguage\":\"de\",\"@id\":\"https:\/\/www.safinel.fr\/#\/schema\/logo\/image\/\",\"url\":\"https:\/\/www.safinel.fr\/wp-content\/uploads\/2021\/05\/boutique-cosmetique.png\",\"contentUrl\":\"https:\/\/www.safinel.fr\/wp-content\/uploads\/2021\/05\/boutique-cosmetique.png\",\"width\":800,\"height\":200,\"caption\":\"Safinel\"},\"image\":{\"@id\":\"https:\/\/www.safinel.fr\/#\/schema\/logo\/image\/\"}}]}<\/script>\n<!-- \/ Yoast SEO plugin. -->","yoast_head_json":{"title":"Bockshornkleepulver I Nat\u00fcrliches Pulver I Zahlreiche Vorteile","description":"Wenn auch Sie von den Sch\u00e4tzen der Natur profitieren m\u00f6chten, dann lernen Sie das Bockshornklee-Pulver kennen. Sie werden es lieben!","robots":{"index":"index","follow":"follow","max-snippet":"max-snippet:-1","max-image-preview":"max-image-preview:large","max-video-preview":"max-video-preview:-1"},"canonical":"https:\/\/www.safinel.fr\/de\/product-2\/bockshornkleepulver\/","og_locale":"de_DE","og_type":"article","og_title":"Poudre de fenugrec I Poudre naturelle I Bienfaits nombreux","og_description":"Si vous aussi vous souhaitez profiter de tr\u00e9sors de la nature, alors faites la rencontre avec la\u00a0poudre de fenugrec. Adoptez-l\u00e0 sans plus attendre !","og_url":"https:\/\/www.safinel.fr\/de\/product-2\/bockshornkleepulver\/","og_site_name":"Safinel","article_modified_time":"2023-12-28T17:15:44+00:00","og_image":[{"width":600,"height":600,"url":"https:\/\/www.safinel.fr\/wp-content\/uploads\/2023\/02\/poudre-de-fenugrec.jpg","type":"image\/jpeg"}],"twitter_card":"summary_large_image","twitter_misc":{"Gesch\u00e4tzte Lesezeit":"3\u00a0Minuten"},"schema":{"@context":"https:\/\/schema.org","@graph":[{"@type":"WebPage","@id":"https:\/\/www.safinel.fr\/produit\/poudre-de-fenugrec\/","url":"https:\/\/www.safinel.fr\/produit\/poudre-de-fenugrec\/","name":"Bockshornkleepulver I Nat\u00fcrliches Pulver I Zahlreiche Vorteile","isPartOf":{"@id":"https:\/\/www.safinel.fr\/#website"},"primaryImageOfPage":{"@id":"https:\/\/www.safinel.fr\/produit\/poudre-de-fenugrec\/#primaryimage"},"image":{"@id":"https:\/\/www.safinel.fr\/produit\/poudre-de-fenugrec\/#primaryimage"},"thumbnailUrl":"https:\/\/www.safinel.fr\/wp-content\/uploads\/2023\/02\/poudre-de-fenugrec.jpg","datePublished":"2023-02-09T06:40:38+00:00","dateModified":"2023-12-28T17:15:44+00:00","description":"Wenn auch Sie von den Sch\u00e4tzen der Natur profitieren m\u00f6chten, dann lernen Sie das Bockshornklee-Pulver kennen. Sie werden es lieben!","breadcrumb":{"@id":"https:\/\/www.safinel.fr\/produit\/poudre-de-fenugrec\/#breadcrumb"},"inLanguage":"de","potentialAction":[{"@type":"ReadAction","target":["https:\/\/www.safinel.fr\/produit\/poudre-de-fenugrec\/"]}]},{"@type":"ImageObject","inLanguage":"de","@id":"https:\/\/www.safinel.fr\/produit\/poudre-de-fenugrec\/#primaryimage","url":"https:\/\/www.safinel.fr\/wp-content\/uploads\/2023\/02\/poudre-de-fenugrec.jpg","contentUrl":"https:\/\/www.safinel.fr\/wp-content\/uploads\/2023\/02\/poudre-de-fenugrec.jpg","width":600,"height":600,"caption":"Poudre de fenugrec 100g"},{"@type":"BreadcrumbList","@id":"https:\/\/www.safinel.fr\/produit\/poudre-de-fenugrec\/#breadcrumb","itemListElement":[{"@type":"ListItem","position":1,"name":"Accueil","item":"https:\/\/www.safinel.fr\/"},{"@type":"ListItem","position":2,"name":"Boutique","item":"https:\/\/www.safinel.fr\/boutique\/"},{"@type":"ListItem","position":3,"name":"Poudre de fenugrec 100g"}]},{"@type":"WebSite","@id":"https:\/\/www.safinel.fr\/#website","url":"https:\/\/www.safinel.fr\/","name":"Safinel","description":"","publisher":{"@id":"https:\/\/www.safinel.fr\/#organization"},"potentialAction":[{"@type":"SearchAction","target":{"@type":"EntryPoint","urlTemplate":"https:\/\/www.safinel.fr\/?s={search_term_string}"},"query-input":{"@type":"PropertyValueSpecification","valueRequired":true,"valueName":"search_term_string"}}],"inLanguage":"de"},{"@type":"Organization","@id":"https:\/\/www.safinel.fr\/#organization","name":"Safinel","url":"https:\/\/www.safinel.fr\/","logo":{"@type":"ImageObject","inLanguage":"de","@id":"https:\/\/www.safinel.fr\/#\/schema\/logo\/image\/","url":"https:\/\/www.safinel.fr\/wp-content\/uploads\/2021\/05\/boutique-cosmetique.png","contentUrl":"https:\/\/www.safinel.fr\/wp-content\/uploads\/2021\/05\/boutique-cosmetique.png","width":800,"height":200,"caption":"Safinel"},"image":{"@id":"https:\/\/www.safinel.fr\/#\/schema\/logo\/image\/"}}]}},"_links":{"self":[{"href":"https:\/\/www.safinel.fr\/de\/wp-json\/wp\/v2\/product\/4551","targetHints":{"allow":["GET"]}}],"collection":[{"href":"https:\/\/www.safinel.fr\/de\/wp-json\/wp\/v2\/product"}],"about":[{"href":"https:\/\/www.safinel.fr\/de\/wp-json\/wp\/v2\/types\/product"}],"wp:featuredmedia":[{"embeddable":true,"href":"https:\/\/www.safinel.fr\/de\/wp-json\/wp\/v2\/media\/4552"}],"wp:attachment":[{"href":"https:\/\/www.safinel.fr\/de\/wp-json\/wp\/v2\/media?parent=4551"}],"wp:term":[{"taxonomy":"product_brand","embeddable":true,"href":"https:\/\/www.safinel.fr\/de\/wp-json\/wp\/v2\/product_brand?post=4551"},{"taxonomy":"product_cat","embeddable":true,"href":"https:\/\/www.safinel.fr\/de\/wp-json\/wp\/v2\/product_cat?post=4551"},{"taxonomy":"product_tag","embeddable":true,"href":"https:\/\/www.safinel.fr\/de\/wp-json\/wp\/v2\/product_tag?post=4551"}],"curies":[{"name":"wp","href":"https:\/\/api.w.org\/{rel}","templated":true}]}}