{"id":4493,"date":"2023-02-05T18:20:34","date_gmt":"2023-02-05T18:20:34","guid":{"rendered":"https:\/\/www.safinel.fr\/?post_type=product&#038;p=4493"},"modified":"2024-03-30T18:12:19","modified_gmt":"2024-03-30T18:12:19","slug":"bockshornkleeol","status":"publish","type":"product","link":"https:\/\/www.safinel.fr\/de\/product-2\/bockshornkleeol\/","title":{"rendered":"Bockshornklee-\u00d6l 50ml"},"content":{"rendered":"<p>L<strong>\u2019kaltgepresstes Bockshornklee\u00f6l<\/strong>\u00a0wird durch Kaltpressung der Samen der Pflanze gewonnen. Es ist reich an N\u00e4hrstoffen und Vitaminen und besitzt zahlreiche positive Eigenschaften. Dieses \u00d6l wird traditionell verwendet, um den Appetit anzuregen, die Milchbildung zu f\u00f6rdern und den Aufbau der B\u00fcste oder der Muskelmasse zu unterst\u00fctzen.<\/p>\n<h2><strong>Kaltgepresstes Bockshornklee\u00f6l: Wir wollen mehr wissen!<\/strong><\/h2>\n<p>Sie ist auch daf\u00fcr bekannt, dass sie ein nat\u00fcrliches Hilfsmittel ist, um das Volumen von Ges\u00e4\u00df, Brust oder H\u00fcften zu vergr\u00f6\u00dfern. Sie kann auch auf die Haut aufgetragen werden, um braune Flecken und andere zu entfernen<strong>\u00a0Unvollkommenheiten<\/strong>.<\/p>\n<p>Bockshornklee\u00f6l ist in einigen Gemeinden daf\u00fcr bekannt, dass es hilft, das Volumen und die Festigkeit der Ges\u00e4\u00df-H\u00fcfte zu erh\u00f6hen.<\/p>\n<p>Um zu versuchen, bessere Ergebnisse zu erzielen, ist es wichtig, den Po t\u00e4glich 10 bis 15 Minuten lang morgens und abends gr\u00fcndlich mit Bockshornklee\u00f6l zu massieren, damit das \u00d6l tief in den Po eindringt und ihn so anschwellen l\u00e4sst.<\/p>\n<h2><strong>Kaltgepresstes Bockshornklee\u00f6l: ein hochwertiges Nahrungserg\u00e4nzungsmittel!<\/strong><\/h2>\n<p>Sportler konsumieren kaltgepresstes Bockshornklee\u00f6l aufgrund seiner Wirkung auf den Muskelaufbau und den Masseaufbau. Bei Sportlern wurde nachgewiesen, dass Bockshornklee-Extrakt die Ausdauerleistungsf\u00e4higkeit verbessert. Manche Sportler verwenden es auch, um den Spiegel von\u00a0<strong>rote Blutk\u00f6rperchen\u00a0<\/strong>und somit die Sauerstoffversorgung der Muskeln unterst\u00fctzen.<\/p>\n<p>Bockshornklee ist tats\u00e4chlich ein nat\u00fcrliches Nahrungserg\u00e4nzungsmittel. Er ist reich an Proteinen, Ballaststoffen und Mineralien und wird seit Jahrtausenden zur Regulierung des Blutzuckerspiegels und zur Unterst\u00fctzung und zum Ausgleich des Kohlenhydrat- und Fettstoffwechsels verwendet. Es kann in Form von Kapseln oder Pulver eingenommen werden und wird h\u00e4ufig in Verbindung mit einer\u00a0<strong>ausgewogene Ern\u00e4hrung.<\/strong><\/p>\n<h3><strong>Die Vorteile dieses Schatzes der Natur!<\/strong><\/h3>\n<p>Kaltgepresstes Bockshornklee\u00f6l ist f\u00fcr seine gesundheitlichen Vorteile und seine Verwendung in der K\u00fcche bekannt. Tats\u00e4chlich ist das\u00a0<strong>Bockshornklee\u00a0<\/strong>ist f\u00fcr seine ap\u00e9ritiven (appetitanregenden), verdauungsf\u00f6rdernden und tonisierenden Eigenschaften bekannt.<\/p>\n<p>Die Pflanze ist au\u00dferdem reich an den Vitaminen A, B und C1, Schwefel, Kalzium, Magnesium, Phosphor und Antioxidantien. Sportler k\u00f6nnen ihrerseits Bockshornklee zu sich nehmen, um den Aufbau von Muskelmasse zu f\u00f6rdern!<\/p>\n<p>Ihre Wellness-Boutique m\u00f6chte sie Ihnen in verschiedenen Gr\u00f6\u00dfen anbieten! 50, 100 oder 500 ml f\u00fcr die Feinschmecker unter Ihnen!<\/p>\n<h3><strong>Einige Tipps zum Verzehr von kaltgepresstem Bockshornklee\u00f6l!\u00a0<\/strong><\/h3>\n<ol>\n<li>Verwende es als K\u00fcchengew\u00fcrz: Kaltgepresstes Bockshornklee\u00f6l kann verwendet werden als\u00a0<strong>K\u00fcchengew\u00fcrz<\/strong>. Und zwar, um Gerichten einen milden und subtilen Geschmack zu verleihen. Es kann sowohl zu s\u00fc\u00dfen als auch zu herzhaften Gerichten hinzugef\u00fcgt werden und wird h\u00e4ufig in So\u00dfen, Suppen und Marinaden verwendet.<\/li>\n<li>Mischen Sie es mit anderen \u00d6len! Es kann n\u00e4mlich mit anderen \u00d6len gemischt werden, um n\u00e4hrstoffreiche Mischungen herzustellen. Die man zum Kochen oder zur K\u00f6rpermassage verwenden kann.<\/li>\n<li>Verwenden Sie es als Nahrungserg\u00e4nzungsmittel! Dieser nat\u00fcrliche Schatz kann auch in Form von\u00a0<a href=\"https:\/\/www.safinel.fr\/de\/product-2\/haifischknorpel\/\"><strong>Nahrungserg\u00e4nzung<\/strong><\/a>\u00a0um bei der Aufrechterhaltung eines gesunden N\u00e4hrstoffgleichgewichts zu helfen. Sie k\u00f6nnen t\u00e4glich einen oder zwei Teel\u00f6ffel mit Wasser vor jeder Mahlzeit einnehmen.<\/li>\n<li>Aromatherapie: Sie kann wegen ihrer entspannenden Eigenschaften und ihrer positiven Wirkung auf das Nervensystem in der Aromatherapie verwendet werden. Sie k\u00f6nnen es in einem Diffusor oder in einem warmen Bad verwenden, um von seinen Vorteilen zu profitieren.<\/li>\n<li>Als Pflege f\u00fcr die Haut! Dieses \u00d6l kann als\u00a0<strong>nat\u00fcrlicher Feuchtigkeitsspender\u00a0<\/strong>f\u00fcr die Haut und wegen seiner entz\u00fcndungshemmenden Eigenschaften.<\/li>\n<\/ol>","protected":false},"excerpt":{"rendered":"<p>Kaltgepresstes Bockshornklee\u00f6l wird durch Kaltpressung der Samen der Pflanze gewonnen. Es ist reich an N\u00e4hrstoffen und Vitaminen und hat zahlreiche positive Eigenschaften. Dieses \u00d6l wird traditionell zur Appetitanregung, zur F\u00f6rderung der Milchbildung und zum Aufbau von Brust- oder Muskelmasse verwendet. Kaltgepresstes Bockshornklee\u00f6l [\u2026]","protected":false},"featured_media":4494,"template":"","meta":[],"product_brand":[],"product_cat":[122],"product_tag":[],"class_list":{"0":"post-4493","1":"product","2":"type-product","3":"status-publish","4":"has-post-thumbnail","6":"product_cat-huile-vegetale","8":"first","9":"instock","10":"shipping-taxable","11":"purchasable","12":"product-type-simple"},"yoast_head":"<!-- This site is optimized with the Yoast SEO plugin v26.6 - https:\/\/yoast.com\/wordpress\/plugins\/seo\/ -->\n<title>Huile de fenugrec I Id\u00e9al pour la poitrine et les cheveux I 50ml<\/title>\n<meta name=\"description\" content=\"L\u2019huile de fenugrec pression \u00e0 froid\u00a0est obtenue suite \u00e0 la pression \u00e0 froid des graines de la plante. Elle est riche en nutriments et vitamines.\" \/>\n<meta name=\"robots\" content=\"index, follow, max-snippet:-1, max-image-preview:large, max-video-preview:-1\" \/>\n<link rel=\"canonical\" href=\"https:\/\/www.safinel.fr\/de\/product-2\/bockshornkleeol\/\" \/>\n<meta property=\"og:locale\" content=\"de_DE\" \/>\n<meta property=\"og:type\" content=\"article\" \/>\n<meta property=\"og:title\" content=\"Huile de fenugrec I Id\u00e9al pour la poitrine et les cheveux I 50ml\" \/>\n<meta property=\"og:description\" content=\"L\u2019huile de fenugrec pression \u00e0 froid\u00a0est obtenue suite \u00e0 la pression \u00e0 froid des graines de la plante. Elle est riche en nutriments et vitamines.\" \/>\n<meta property=\"og:url\" content=\"https:\/\/www.safinel.fr\/de\/product-2\/bockshornkleeol\/\" \/>\n<meta property=\"og:site_name\" content=\"Safinel\" \/>\n<meta property=\"article:modified_time\" content=\"2024-03-30T18:12:19+00:00\" \/>\n<meta property=\"og:image\" content=\"https:\/\/www.safinel.fr\/wp-content\/uploads\/2023\/02\/huile-de-fenugrec-1.jpg.webp\" \/>\n\t<meta property=\"og:image:width\" content=\"600\" \/>\n\t<meta property=\"og:image:height\" content=\"600\" \/>\n\t<meta property=\"og:image:type\" content=\"image\/webp\" \/>\n<meta name=\"twitter:card\" content=\"summary_large_image\" \/>\n<meta name=\"twitter:label1\" content=\"Gesch\u00e4tzte Lesezeit\" \/>\n\t<meta name=\"twitter:data1\" content=\"3\u00a0Minuten\" \/>\n<script type=\"application\/ld+json\" class=\"yoast-schema-graph\">{\"@context\":\"https:\/\/schema.org\",\"@graph\":[{\"@type\":\"WebPage\",\"@id\":\"https:\/\/www.safinel.fr\/produit\/huile-de-fenugrec\/\",\"url\":\"https:\/\/www.safinel.fr\/produit\/huile-de-fenugrec\/\",\"name\":\"Huile de fenugrec I Id\u00e9al pour la poitrine et les cheveux I 50ml\",\"isPartOf\":{\"@id\":\"https:\/\/www.safinel.fr\/#website\"},\"primaryImageOfPage\":{\"@id\":\"https:\/\/www.safinel.fr\/produit\/huile-de-fenugrec\/#primaryimage\"},\"image\":{\"@id\":\"https:\/\/www.safinel.fr\/produit\/huile-de-fenugrec\/#primaryimage\"},\"thumbnailUrl\":\"https:\/\/www.safinel.fr\/wp-content\/uploads\/2023\/02\/huile-de-fenugrec-1.jpg.webp\",\"datePublished\":\"2023-02-05T18:20:34+00:00\",\"dateModified\":\"2024-03-30T18:12:19+00:00\",\"description\":\"L\u2019huile de fenugrec pression \u00e0 froid\u00a0est obtenue suite \u00e0 la pression \u00e0 froid des graines de la plante. Elle est riche en nutriments et vitamines.\",\"breadcrumb\":{\"@id\":\"https:\/\/www.safinel.fr\/produit\/huile-de-fenugrec\/#breadcrumb\"},\"inLanguage\":\"de\",\"potentialAction\":[{\"@type\":\"ReadAction\",\"target\":[\"https:\/\/www.safinel.fr\/produit\/huile-de-fenugrec\/\"]}]},{\"@type\":\"ImageObject\",\"inLanguage\":\"de\",\"@id\":\"https:\/\/www.safinel.fr\/produit\/huile-de-fenugrec\/#primaryimage\",\"url\":\"https:\/\/www.safinel.fr\/wp-content\/uploads\/2023\/02\/huile-de-fenugrec-1.jpg.webp\",\"contentUrl\":\"https:\/\/www.safinel.fr\/wp-content\/uploads\/2023\/02\/huile-de-fenugrec-1.jpg.webp\",\"width\":600,\"height\":600,\"caption\":\"Huile de fenugrec 50ml\"},{\"@type\":\"BreadcrumbList\",\"@id\":\"https:\/\/www.safinel.fr\/produit\/huile-de-fenugrec\/#breadcrumb\",\"itemListElement\":[{\"@type\":\"ListItem\",\"position\":1,\"name\":\"Accueil\",\"item\":\"https:\/\/www.safinel.fr\/\"},{\"@type\":\"ListItem\",\"position\":2,\"name\":\"Boutique\",\"item\":\"https:\/\/www.safinel.fr\/boutique\/\"},{\"@type\":\"ListItem\",\"position\":3,\"name\":\"Huile de fenugrec 50ml\"}]},{\"@type\":\"WebSite\",\"@id\":\"https:\/\/www.safinel.fr\/#website\",\"url\":\"https:\/\/www.safinel.fr\/\",\"name\":\"Safinel\",\"description\":\"\",\"publisher\":{\"@id\":\"https:\/\/www.safinel.fr\/#organization\"},\"potentialAction\":[{\"@type\":\"SearchAction\",\"target\":{\"@type\":\"EntryPoint\",\"urlTemplate\":\"https:\/\/www.safinel.fr\/?s={search_term_string}\"},\"query-input\":{\"@type\":\"PropertyValueSpecification\",\"valueRequired\":true,\"valueName\":\"search_term_string\"}}],\"inLanguage\":\"de\"},{\"@type\":\"Organization\",\"@id\":\"https:\/\/www.safinel.fr\/#organization\",\"name\":\"Safinel\",\"url\":\"https:\/\/www.safinel.fr\/\",\"logo\":{\"@type\":\"ImageObject\",\"inLanguage\":\"de\",\"@id\":\"https:\/\/www.safinel.fr\/#\/schema\/logo\/image\/\",\"url\":\"https:\/\/www.safinel.fr\/wp-content\/uploads\/2021\/05\/boutique-cosmetique.png\",\"contentUrl\":\"https:\/\/www.safinel.fr\/wp-content\/uploads\/2021\/05\/boutique-cosmetique.png\",\"width\":800,\"height\":200,\"caption\":\"Safinel\"},\"image\":{\"@id\":\"https:\/\/www.safinel.fr\/#\/schema\/logo\/image\/\"}}]}<\/script>\n<!-- \/ Yoast SEO plugin. -->","yoast_head_json":{"title":"Bockshornklee-\u00d6l I Ideal f\u00fcr Brust und Haare I 50ml","description":"Kaltgepresstes Bockshornklee\u00f6l wird durch die Kaltpressung der Samen der Pflanze gewonnen. Es ist reich an N\u00e4hrstoffen und Vitaminen.","robots":{"index":"index","follow":"follow","max-snippet":"max-snippet:-1","max-image-preview":"max-image-preview:large","max-video-preview":"max-video-preview:-1"},"canonical":"https:\/\/www.safinel.fr\/de\/product-2\/bockshornkleeol\/","og_locale":"de_DE","og_type":"article","og_title":"Huile de fenugrec I Id\u00e9al pour la poitrine et les cheveux I 50ml","og_description":"L\u2019huile de fenugrec pression \u00e0 froid\u00a0est obtenue suite \u00e0 la pression \u00e0 froid des graines de la plante. Elle est riche en nutriments et vitamines.","og_url":"https:\/\/www.safinel.fr\/de\/product-2\/bockshornkleeol\/","og_site_name":"Safinel","article_modified_time":"2024-03-30T18:12:19+00:00","og_image":[{"width":600,"height":600,"url":"https:\/\/www.safinel.fr\/wp-content\/uploads\/2023\/02\/huile-de-fenugrec-1.jpg.webp","type":"image\/webp"}],"twitter_card":"summary_large_image","twitter_misc":{"Gesch\u00e4tzte Lesezeit":"3\u00a0Minuten"},"schema":{"@context":"https:\/\/schema.org","@graph":[{"@type":"WebPage","@id":"https:\/\/www.safinel.fr\/produit\/huile-de-fenugrec\/","url":"https:\/\/www.safinel.fr\/produit\/huile-de-fenugrec\/","name":"Bockshornklee-\u00d6l I Ideal f\u00fcr Brust und Haare I 50ml","isPartOf":{"@id":"https:\/\/www.safinel.fr\/#website"},"primaryImageOfPage":{"@id":"https:\/\/www.safinel.fr\/produit\/huile-de-fenugrec\/#primaryimage"},"image":{"@id":"https:\/\/www.safinel.fr\/produit\/huile-de-fenugrec\/#primaryimage"},"thumbnailUrl":"https:\/\/www.safinel.fr\/wp-content\/uploads\/2023\/02\/huile-de-fenugrec-1.jpg.webp","datePublished":"2023-02-05T18:20:34+00:00","dateModified":"2024-03-30T18:12:19+00:00","description":"Kaltgepresstes Bockshornklee\u00f6l wird durch die Kaltpressung der Samen der Pflanze gewonnen. Es ist reich an N\u00e4hrstoffen und Vitaminen.","breadcrumb":{"@id":"https:\/\/www.safinel.fr\/produit\/huile-de-fenugrec\/#breadcrumb"},"inLanguage":"de","potentialAction":[{"@type":"ReadAction","target":["https:\/\/www.safinel.fr\/produit\/huile-de-fenugrec\/"]}]},{"@type":"ImageObject","inLanguage":"de","@id":"https:\/\/www.safinel.fr\/produit\/huile-de-fenugrec\/#primaryimage","url":"https:\/\/www.safinel.fr\/wp-content\/uploads\/2023\/02\/huile-de-fenugrec-1.jpg.webp","contentUrl":"https:\/\/www.safinel.fr\/wp-content\/uploads\/2023\/02\/huile-de-fenugrec-1.jpg.webp","width":600,"height":600,"caption":"Huile de fenugrec 50ml"},{"@type":"BreadcrumbList","@id":"https:\/\/www.safinel.fr\/produit\/huile-de-fenugrec\/#breadcrumb","itemListElement":[{"@type":"ListItem","position":1,"name":"Accueil","item":"https:\/\/www.safinel.fr\/"},{"@type":"ListItem","position":2,"name":"Boutique","item":"https:\/\/www.safinel.fr\/boutique\/"},{"@type":"ListItem","position":3,"name":"Huile de fenugrec 50ml"}]},{"@type":"WebSite","@id":"https:\/\/www.safinel.fr\/#website","url":"https:\/\/www.safinel.fr\/","name":"Safinel","description":"","publisher":{"@id":"https:\/\/www.safinel.fr\/#organization"},"potentialAction":[{"@type":"SearchAction","target":{"@type":"EntryPoint","urlTemplate":"https:\/\/www.safinel.fr\/?s={search_term_string}"},"query-input":{"@type":"PropertyValueSpecification","valueRequired":true,"valueName":"search_term_string"}}],"inLanguage":"de"},{"@type":"Organization","@id":"https:\/\/www.safinel.fr\/#organization","name":"Safinel","url":"https:\/\/www.safinel.fr\/","logo":{"@type":"ImageObject","inLanguage":"de","@id":"https:\/\/www.safinel.fr\/#\/schema\/logo\/image\/","url":"https:\/\/www.safinel.fr\/wp-content\/uploads\/2021\/05\/boutique-cosmetique.png","contentUrl":"https:\/\/www.safinel.fr\/wp-content\/uploads\/2021\/05\/boutique-cosmetique.png","width":800,"height":200,"caption":"Safinel"},"image":{"@id":"https:\/\/www.safinel.fr\/#\/schema\/logo\/image\/"}}]}},"_links":{"self":[{"href":"https:\/\/www.safinel.fr\/de\/wp-json\/wp\/v2\/product\/4493","targetHints":{"allow":["GET"]}}],"collection":[{"href":"https:\/\/www.safinel.fr\/de\/wp-json\/wp\/v2\/product"}],"about":[{"href":"https:\/\/www.safinel.fr\/de\/wp-json\/wp\/v2\/types\/product"}],"wp:featuredmedia":[{"embeddable":true,"href":"https:\/\/www.safinel.fr\/de\/wp-json\/wp\/v2\/media\/4494"}],"wp:attachment":[{"href":"https:\/\/www.safinel.fr\/de\/wp-json\/wp\/v2\/media?parent=4493"}],"wp:term":[{"taxonomy":"product_brand","embeddable":true,"href":"https:\/\/www.safinel.fr\/de\/wp-json\/wp\/v2\/product_brand?post=4493"},{"taxonomy":"product_cat","embeddable":true,"href":"https:\/\/www.safinel.fr\/de\/wp-json\/wp\/v2\/product_cat?post=4493"},{"taxonomy":"product_tag","embeddable":true,"href":"https:\/\/www.safinel.fr\/de\/wp-json\/wp\/v2\/product_tag?post=4493"}],"curies":[{"name":"wp","href":"https:\/\/api.w.org\/{rel}","templated":true}]}}