{"id":4483,"date":"2023-02-04T14:36:16","date_gmt":"2023-02-04T14:36:16","guid":{"rendered":"https:\/\/www.safinel.fr\/?post_type=product&#038;p=4483"},"modified":"2023-12-28T17:15:45","modified_gmt":"2023-12-28T17:15:45","slug":"karapatenol","status":"publish","type":"product","link":"https:\/\/www.safinel.fr\/de\/product-2\/karapatenol\/","title":{"rendered":"Carapate-\u00d6l"},"content":{"rendered":"<p>L\u2019<strong>Karapaten\u00f6l\u00a0<\/strong>ist besonders empfehlenswert, wenn Sie krauses, trockenes oder splissiges Haar haben. Um Ihr Haar zu reparieren und mit N\u00e4hrstoffen zu versorgen, sollten Sie eine\u00a0<a href=\"https:\/\/www.safinel.fr\/de\/product-category-2\/haarbotox\/\"><strong>Haarmaske<\/strong><\/a>\u00a0auf der Grundlage dieses \u00d6ls.<\/p>\n<p>Um das Haar mit Feuchtigkeit zu versorgen und das Wachstum zu f\u00f6rdern, tragen Sie w\u00f6chentlich nach dem Baden Karapaten\u00f6l auf Ihr Haar auf. F\u00fcr die Vorteile auf der Haut k\u00f6nnen Sie... Mehr wollen wir nicht verraten und entdecken Sie es selbst...<\/p>\n<h2><strong>Entdecken Sie das Karapaten\u00f6l bei Ihrem Safinel-Shop!<\/strong><\/h2>\n<p>Carapate-\u00d6l wird aus den getrockneten Samen des Karapatierbaums, einem kleinen wilden Strauch aus Afrika, gewonnen. Es ist eng verwandt mit dem\u2019<a href=\"https:\/\/www.everyday-weight-loss.com\/quels-sont-les-avantages-lies-a-lutilisation-de-lhuile-de-ricin-pour-les-cheveux\/\" target=\"_blank\" rel=\"noopener\"><strong>Rizinus\u00f6l<\/strong><\/a>, Beide werden aus denselben getrockneten Samen hergestellt.<\/p>\n<p>Dieses \u00d6l ist sehr n\u00e4hrstoffreich, es enth\u00e4lt viele Fetts\u00e4uren, Vitamine, insbesondere Vitamin E, Omega-6- und -9-Fetts\u00e4uren und Rizin.<\/p>\n<p>Sie eignet sich besonders f\u00fcr die Behandlung von trockenem, krausem und krausem Haar und kann zur F\u00f6rderung des Haarwachstums und zur St\u00e4rkung des Haares verwendet werden. Dar\u00fcber hinaus kann sie in Form von\u00a0<strong>\u00d6lbad<\/strong>, Haarmaske,<strong>\u00a0Pflege\u00f6l\u00a0<\/strong>t\u00e4glich oder Serum.<\/p>\n<h2><strong>Die Vorteile von Karapaten\u00f6l\u00a0<\/strong><\/h2>\n<p>Carapate-\u00d6l ist f\u00fcr seine wohltuende Wirkung auf das Haar bekannt. Es verleiht dem Haar neue Kraft und Geschmeidigkeit und regt das Wachstum an, indem es das Haar mit N\u00e4hrstoffen versorgt. Dieses Elixier ist reich an Vitamin E, was es zu einem hervorragenden Verb\u00fcndeten gegen die Hautalterung macht... Es wirkt antibakteriell und kann zur Bek\u00e4mpfung von Infektionen und Hauterkrankungen angewendet werden. Schlie\u00dflich sch\u00fctzt, n\u00e4hrt und repariert es aktiv die Kopfhaut.<\/p>\n<p>Denn sie ist sehr reich an N\u00e4hr- und Wirkstoffen, was sie ideal macht, um trockenes, lockiges und krauses Haar zu n\u00e4hren, zu sch\u00fctzen und zu reparieren. Au\u00dferdem belebt sie die Kopfhaut und bek\u00e4mpft Infektionen und Erkrankungen der\u00a0<strong>Haut dank\u00a0<\/strong>seinen antibakteriellen Eigenschaften zu verdanken. Schlie\u00dflich kann es helfen, das Haarwachstum anzuregen und der Ausbreitung von Spliss entgegenzuwirken.<\/p>\n<h3><strong>Tipps f\u00fcr die Verwendung von schwarzem Rizinus\u00f6l :<\/strong><\/h3>\n<p>Carapate-\u00d6l ist ein sehr nahrhaftes Pflanzen\u00f6l, das aus der Carapate-Pflanze, einem in Westafrika heimischen Baum, gewonnen wird. Es ist f\u00fcr seine feuchtigkeitsspendenden und n\u00e4hrenden Eigenschaften bekannt! Und kann zur Behandlung verschiedener Arten von\u00a0<strong>von Haut und Haaren<\/strong>.<\/p>\n<p>Hier sind einige Tipps zur Verwendung von Karapaten\u00f6l :<\/p>\n<ol>\n<li>Tragen Sie Karapaten\u00f6l auf Ihre Haut auf! Karapaten\u00f6l ist f\u00fcr seine feuchtigkeitsspendenden und n\u00e4hrenden Eigenschaften bekannt. Das macht es zu einem hervorragenden Produkt, um die Haut mit Feuchtigkeit zu versorgen und zu sch\u00fctzen. Es kann auf Gesicht und K\u00f6rper aufgetragen werden und sogar als Grundlage f\u00fcr Ihre\u00a0<strong>Feuchtigkeitscreme<\/strong>.<\/li>\n<li>Verwenden Sie es f\u00fcr Ihr Haar. Karapatien\u00f6l ist auch sehr wirksam, wenn es darum geht, das Haar mit Feuchtigkeit zu versorgen und ihm Glanz zu verleihen. Sie k\u00f6nnen es verwenden, indem Sie ein paar Tropfen mit Ihrem\u00a0<strong>Shampoo\u00a0<\/strong>oder Haarmaske, um sie in Ihre Haarroutine zu integrieren.<\/li>\n<li>Machen Sie daraus eine Gesichtsmaske! Sie k\u00f6nnen auch einen\u00a0<strong>Gesichtsmaske\u00a0<\/strong>! Dies, indem Sie einen Essl\u00f6ffel Karapaten\u00f6l mit zwei Essl\u00f6ffeln Honig und einigen Tropfen Zitronensaft vermischen. Tragen Sie die Mischung 15 Minuten lang auf Ihr Gesicht auf, bevor Sie es mit lauwarmem Wasser absp\u00fclen.<\/li>\n<\/ol>","protected":false},"excerpt":{"rendered":"<p>L\u2019huile de carapate\u00a0est particuli\u00e8rement conseill\u00e9e si vous avez les cheveux cr\u00e9pus, secs ou fourchus. Pour les r\u00e9parer et les nourrir en profondeur, privil\u00e9giez un\u00a0masque capillaire\u00a0\u00e0 base de cette huile. Afin de les hydrater et favoriser la pousse, appliquez de mani\u00e8re hebdomadaire l\u2019huile de carapate sur vos cheveux apr\u00e8s le bain. Pour les bienfaits sur la [&#8230;]","protected":false},"featured_media":4487,"template":"","meta":[],"product_brand":[],"product_cat":[122],"product_tag":[],"class_list":{"0":"post-4483","1":"product","2":"type-product","3":"status-publish","4":"has-post-thumbnail","6":"product_cat-huile-vegetale","8":"first","9":"instock","10":"shipping-taxable","11":"purchasable","12":"product-type-variable"},"yoast_head":"<!-- This site is optimized with the Yoast SEO plugin v26.6 - https:\/\/yoast.com\/wordpress\/plugins\/seo\/ -->\n<title>Huile de carapate I Huile de ricin noir I Bienfaits nombreux<\/title>\n<meta name=\"description\" content=\"L\u2019huile de carapate\u00a0est particuli\u00e8rement conseill\u00e9e si vous avez les cheveux cr\u00e9pus, secs ou fourchus. D\u00e9couvrez-l\u00e0 sans plus attendre !\" \/>\n<meta name=\"robots\" content=\"index, follow, max-snippet:-1, max-image-preview:large, max-video-preview:-1\" \/>\n<link rel=\"canonical\" href=\"https:\/\/www.safinel.fr\/de\/product-2\/karapatenol\/\" \/>\n<meta property=\"og:locale\" content=\"de_DE\" \/>\n<meta property=\"og:type\" content=\"article\" \/>\n<meta property=\"og:title\" content=\"Huile de carapate I Huile de ricin noir I Bienfaits nombreux\" \/>\n<meta property=\"og:description\" content=\"L\u2019huile de carapate\u00a0est particuli\u00e8rement conseill\u00e9e si vous avez les cheveux cr\u00e9pus, secs ou fourchus. D\u00e9couvrez-l\u00e0 sans plus attendre !\" \/>\n<meta property=\"og:url\" content=\"https:\/\/www.safinel.fr\/de\/product-2\/karapatenol\/\" \/>\n<meta property=\"og:site_name\" content=\"Safinel\" \/>\n<meta property=\"article:modified_time\" content=\"2023-12-28T17:15:45+00:00\" \/>\n<meta property=\"og:image\" content=\"https:\/\/www.safinel.fr\/wp-content\/uploads\/2023\/02\/huile-de-carapate.jpg.webp\" \/>\n\t<meta property=\"og:image:width\" content=\"600\" \/>\n\t<meta property=\"og:image:height\" content=\"600\" \/>\n\t<meta property=\"og:image:type\" content=\"image\/webp\" \/>\n<meta name=\"twitter:card\" content=\"summary_large_image\" \/>\n<meta name=\"twitter:label1\" content=\"Gesch\u00e4tzte Lesezeit\" \/>\n\t<meta name=\"twitter:data1\" content=\"3\u00a0Minuten\" \/>\n<script type=\"application\/ld+json\" class=\"yoast-schema-graph\">{\"@context\":\"https:\/\/schema.org\",\"@graph\":[{\"@type\":\"WebPage\",\"@id\":\"https:\/\/www.safinel.fr\/produit\/huile-de-carapate\/\",\"url\":\"https:\/\/www.safinel.fr\/produit\/huile-de-carapate\/\",\"name\":\"Huile de carapate I Huile de ricin noir I Bienfaits nombreux\",\"isPartOf\":{\"@id\":\"https:\/\/www.safinel.fr\/#website\"},\"primaryImageOfPage\":{\"@id\":\"https:\/\/www.safinel.fr\/produit\/huile-de-carapate\/#primaryimage\"},\"image\":{\"@id\":\"https:\/\/www.safinel.fr\/produit\/huile-de-carapate\/#primaryimage\"},\"thumbnailUrl\":\"https:\/\/www.safinel.fr\/wp-content\/uploads\/2023\/02\/huile-de-carapate.jpg.webp\",\"datePublished\":\"2023-02-04T14:36:16+00:00\",\"dateModified\":\"2023-12-28T17:15:45+00:00\",\"description\":\"L\u2019huile de carapate\u00a0est particuli\u00e8rement conseill\u00e9e si vous avez les cheveux cr\u00e9pus, secs ou fourchus. D\u00e9couvrez-l\u00e0 sans plus attendre !\",\"breadcrumb\":{\"@id\":\"https:\/\/www.safinel.fr\/produit\/huile-de-carapate\/#breadcrumb\"},\"inLanguage\":\"de\",\"potentialAction\":[{\"@type\":\"ReadAction\",\"target\":[\"https:\/\/www.safinel.fr\/produit\/huile-de-carapate\/\"]}]},{\"@type\":\"ImageObject\",\"inLanguage\":\"de\",\"@id\":\"https:\/\/www.safinel.fr\/produit\/huile-de-carapate\/#primaryimage\",\"url\":\"https:\/\/www.safinel.fr\/wp-content\/uploads\/2023\/02\/huile-de-carapate.jpg.webp\",\"contentUrl\":\"https:\/\/www.safinel.fr\/wp-content\/uploads\/2023\/02\/huile-de-carapate.jpg.webp\",\"width\":600,\"height\":600,\"caption\":\"Huile de carapate - huile de ricin noir\"},{\"@type\":\"BreadcrumbList\",\"@id\":\"https:\/\/www.safinel.fr\/produit\/huile-de-carapate\/#breadcrumb\",\"itemListElement\":[{\"@type\":\"ListItem\",\"position\":1,\"name\":\"Accueil\",\"item\":\"https:\/\/www.safinel.fr\/\"},{\"@type\":\"ListItem\",\"position\":2,\"name\":\"Boutique\",\"item\":\"https:\/\/www.safinel.fr\/boutique\/\"},{\"@type\":\"ListItem\",\"position\":3,\"name\":\"Huile de carapate\"}]},{\"@type\":\"WebSite\",\"@id\":\"https:\/\/www.safinel.fr\/#website\",\"url\":\"https:\/\/www.safinel.fr\/\",\"name\":\"Safinel\",\"description\":\"\",\"publisher\":{\"@id\":\"https:\/\/www.safinel.fr\/#organization\"},\"potentialAction\":[{\"@type\":\"SearchAction\",\"target\":{\"@type\":\"EntryPoint\",\"urlTemplate\":\"https:\/\/www.safinel.fr\/?s={search_term_string}\"},\"query-input\":{\"@type\":\"PropertyValueSpecification\",\"valueRequired\":true,\"valueName\":\"search_term_string\"}}],\"inLanguage\":\"de\"},{\"@type\":\"Organization\",\"@id\":\"https:\/\/www.safinel.fr\/#organization\",\"name\":\"Safinel\",\"url\":\"https:\/\/www.safinel.fr\/\",\"logo\":{\"@type\":\"ImageObject\",\"inLanguage\":\"de\",\"@id\":\"https:\/\/www.safinel.fr\/#\/schema\/logo\/image\/\",\"url\":\"https:\/\/www.safinel.fr\/wp-content\/uploads\/2021\/05\/boutique-cosmetique.png\",\"contentUrl\":\"https:\/\/www.safinel.fr\/wp-content\/uploads\/2021\/05\/boutique-cosmetique.png\",\"width\":800,\"height\":200,\"caption\":\"Safinel\"},\"image\":{\"@id\":\"https:\/\/www.safinel.fr\/#\/schema\/logo\/image\/\"}}]}<\/script>\n<!-- \/ Yoast SEO plugin. -->","yoast_head_json":{"title":"Karapatien\u00f6l I Schwarzes Rizinus\u00f6l I Zahlreiche Vorteile","description":"Karapaten\u00f6l ist besonders empfehlenswert, wenn Sie krauses, trockenes oder splissiges Haar haben. Entdecken Sie es jetzt!","robots":{"index":"index","follow":"follow","max-snippet":"max-snippet:-1","max-image-preview":"max-image-preview:large","max-video-preview":"max-video-preview:-1"},"canonical":"https:\/\/www.safinel.fr\/de\/product-2\/karapatenol\/","og_locale":"de_DE","og_type":"article","og_title":"Huile de carapate I Huile de ricin noir I Bienfaits nombreux","og_description":"L\u2019huile de carapate\u00a0est particuli\u00e8rement conseill\u00e9e si vous avez les cheveux cr\u00e9pus, secs ou fourchus. D\u00e9couvrez-l\u00e0 sans plus attendre !","og_url":"https:\/\/www.safinel.fr\/de\/product-2\/karapatenol\/","og_site_name":"Safinel","article_modified_time":"2023-12-28T17:15:45+00:00","og_image":[{"width":600,"height":600,"url":"https:\/\/www.safinel.fr\/wp-content\/uploads\/2023\/02\/huile-de-carapate.jpg.webp","type":"image\/webp"}],"twitter_card":"summary_large_image","twitter_misc":{"Gesch\u00e4tzte Lesezeit":"3\u00a0Minuten"},"schema":{"@context":"https:\/\/schema.org","@graph":[{"@type":"WebPage","@id":"https:\/\/www.safinel.fr\/produit\/huile-de-carapate\/","url":"https:\/\/www.safinel.fr\/produit\/huile-de-carapate\/","name":"Karapatien\u00f6l I Schwarzes Rizinus\u00f6l I Zahlreiche Vorteile","isPartOf":{"@id":"https:\/\/www.safinel.fr\/#website"},"primaryImageOfPage":{"@id":"https:\/\/www.safinel.fr\/produit\/huile-de-carapate\/#primaryimage"},"image":{"@id":"https:\/\/www.safinel.fr\/produit\/huile-de-carapate\/#primaryimage"},"thumbnailUrl":"https:\/\/www.safinel.fr\/wp-content\/uploads\/2023\/02\/huile-de-carapate.jpg.webp","datePublished":"2023-02-04T14:36:16+00:00","dateModified":"2023-12-28T17:15:45+00:00","description":"Karapaten\u00f6l ist besonders empfehlenswert, wenn Sie krauses, trockenes oder splissiges Haar haben. Entdecken Sie es jetzt!","breadcrumb":{"@id":"https:\/\/www.safinel.fr\/produit\/huile-de-carapate\/#breadcrumb"},"inLanguage":"de","potentialAction":[{"@type":"ReadAction","target":["https:\/\/www.safinel.fr\/produit\/huile-de-carapate\/"]}]},{"@type":"ImageObject","inLanguage":"de","@id":"https:\/\/www.safinel.fr\/produit\/huile-de-carapate\/#primaryimage","url":"https:\/\/www.safinel.fr\/wp-content\/uploads\/2023\/02\/huile-de-carapate.jpg.webp","contentUrl":"https:\/\/www.safinel.fr\/wp-content\/uploads\/2023\/02\/huile-de-carapate.jpg.webp","width":600,"height":600,"caption":"Huile de carapate - huile de ricin noir"},{"@type":"BreadcrumbList","@id":"https:\/\/www.safinel.fr\/produit\/huile-de-carapate\/#breadcrumb","itemListElement":[{"@type":"ListItem","position":1,"name":"Accueil","item":"https:\/\/www.safinel.fr\/"},{"@type":"ListItem","position":2,"name":"Boutique","item":"https:\/\/www.safinel.fr\/boutique\/"},{"@type":"ListItem","position":3,"name":"Huile de carapate"}]},{"@type":"WebSite","@id":"https:\/\/www.safinel.fr\/#website","url":"https:\/\/www.safinel.fr\/","name":"Safinel","description":"","publisher":{"@id":"https:\/\/www.safinel.fr\/#organization"},"potentialAction":[{"@type":"SearchAction","target":{"@type":"EntryPoint","urlTemplate":"https:\/\/www.safinel.fr\/?s={search_term_string}"},"query-input":{"@type":"PropertyValueSpecification","valueRequired":true,"valueName":"search_term_string"}}],"inLanguage":"de"},{"@type":"Organization","@id":"https:\/\/www.safinel.fr\/#organization","name":"Safinel","url":"https:\/\/www.safinel.fr\/","logo":{"@type":"ImageObject","inLanguage":"de","@id":"https:\/\/www.safinel.fr\/#\/schema\/logo\/image\/","url":"https:\/\/www.safinel.fr\/wp-content\/uploads\/2021\/05\/boutique-cosmetique.png","contentUrl":"https:\/\/www.safinel.fr\/wp-content\/uploads\/2021\/05\/boutique-cosmetique.png","width":800,"height":200,"caption":"Safinel"},"image":{"@id":"https:\/\/www.safinel.fr\/#\/schema\/logo\/image\/"}}]}},"_links":{"self":[{"href":"https:\/\/www.safinel.fr\/de\/wp-json\/wp\/v2\/product\/4483","targetHints":{"allow":["GET"]}}],"collection":[{"href":"https:\/\/www.safinel.fr\/de\/wp-json\/wp\/v2\/product"}],"about":[{"href":"https:\/\/www.safinel.fr\/de\/wp-json\/wp\/v2\/types\/product"}],"wp:featuredmedia":[{"embeddable":true,"href":"https:\/\/www.safinel.fr\/de\/wp-json\/wp\/v2\/media\/4487"}],"wp:attachment":[{"href":"https:\/\/www.safinel.fr\/de\/wp-json\/wp\/v2\/media?parent=4483"}],"wp:term":[{"taxonomy":"product_brand","embeddable":true,"href":"https:\/\/www.safinel.fr\/de\/wp-json\/wp\/v2\/product_brand?post=4483"},{"taxonomy":"product_cat","embeddable":true,"href":"https:\/\/www.safinel.fr\/de\/wp-json\/wp\/v2\/product_cat?post=4483"},{"taxonomy":"product_tag","embeddable":true,"href":"https:\/\/www.safinel.fr\/de\/wp-json\/wp\/v2\/product_tag?post=4483"}],"curies":[{"name":"wp","href":"https:\/\/api.w.org\/{rel}","templated":true}]}}