{"id":4394,"date":"2023-01-30T14:08:24","date_gmt":"2023-01-30T14:08:24","guid":{"rendered":"https:\/\/www.safinel.fr\/?post_type=product&#038;p=4394"},"modified":"2023-12-28T17:15:43","modified_gmt":"2023-12-28T17:15:43","slug":"ameisenol","status":"publish","type":"product","link":"https:\/\/www.safinel.fr\/de\/product-2\/ameisenol\/","title":{"rendered":"Ameisen\u00f6l 100ml"},"content":{"rendered":"<p>L\u2019<strong>Ameisen\u00f6l<\/strong> ist ein nat\u00fcrliches Produkt, das erhebliche und vorteilhafte Vorteile bei der Haarentfernung und Rasur bietet. Dieser Inhaltsstoff ist erst vor kurzem wieder in die Welt der Sch\u00f6nheitspflege und Kosmetika eingezogen, obwohl er schon sehr lange verwendet wird. Aufgrund seiner einzigartigen Eigenschaften ist er bei den Verbrauchern sehr beliebt und wird immer beliebter.<\/p>\n<p>Entdecken Sie ein wirklich nicht allt\u00e4gliches Produkt mit unglaublichen Eigenschaften!<\/p>\n<h2><strong>Auf Tuchf\u00fchlung mit Ameisen\u00f6l<\/strong><\/h2>\n<p>L\u2019<strong>Ameisen\u00f6l<\/strong> ist ein Produkt, das aus den K\u00f6rpern von Ameisen gewonnen wird. Diese werden getrocknet und gepresst, um eine <strong>n\u00e4hrstoffreiches \u00d6l<\/strong>. Sie gilt als gesunde Alternative zu Chemikalien, die h\u00e4ufig in Haut- und Haarpflegeprodukten verwendet werden. Sie ist reich an Omega-3-Fetts\u00e4uren und Antioxidantien, was sie zu einem sehr n\u00e4hrenden Produkt macht.<\/p>\n<p>L\u2019<strong>Ameisen\u00f6l<\/strong> ist auch reich an Fetts\u00e4uren wie \u00d6ls\u00e4ure, Linols\u00e4ure und Stearins\u00e4ure, die f\u00fcr ihre F\u00e4higkeit bekannt sind, die Haut mit Feuchtigkeit zu versorgen und sie vor sch\u00e4dlichen Umwelteinfl\u00fcssen zu sch\u00fctzen. Dieselben Fetts\u00e4uren sind auch f\u00fcr ihre F\u00e4higkeit bekannt, Entz\u00fcndungen zu hemmen und die Hautstruktur zu verbessern. Sie wird h\u00e4ufig verwendet, um die Haut mit Feuchtigkeit zu versorgen, sie weich zu machen und zu sch\u00fctzen.<\/p>\n<h2><strong>Ihr neuer Sch\u00f6nheitsverb\u00fcndeter: Pflanzen\u00f6l aus Ameisen<\/strong><\/h2>\n<p>L\u2019<strong>Ameisen\u00f6l<\/strong> ist daf\u00fcr bekannt, den Glanz und die Leuchtkraft der Haut zu verbessern und das Erscheinungsbild feiner Linien und Falten zu reduzieren. Die darin enthaltenen Antioxidantien helfen bekannterma\u00dfen gegen Sch\u00e4den durch UV-Strahlen.<\/p>\n<p>Auch <strong>bekannt daf\u00fcr, dass es hilft, das Haarwachstum zu verlangsamen<\/strong>, Sie kann die Haare d\u00fcnner machen. Die in ihr enthaltenen Fetts\u00e4uren dringen tief in die Haut und die Haarfollikel ein. Dadurch werden die Hormone blockiert, die f\u00fcr das Haarwachstum verantwortlich sind. Als Folge davon <strong>verringert die Wachstumsrate der Haare und macht sie feiner und weicher<\/strong>.<\/p>\n<p>Sie wird auch verwendet, um die Gesundheit des Haars zu verbessern und es vor Sch\u00e4den durch Chemikalien und erhitzte Werkzeuge wie Gl\u00e4tteisen und Haartrockner zu sch\u00fctzen. Es ist reich an essentiellen N\u00e4hrstoffen wie den Vitaminen A, B, C und E, von denen bekannt ist, dass sie das Haarwachstum f\u00f6rdern und die Bildung von Schuppen verhindern.<\/p>\n<p>Schlie\u00dflich ist die\u2019<strong>Ameisen\u00f6l <\/strong>ist f\u00fcr seine F\u00e4higkeit bekannt, empfindliche und gereizte Haut zu beruhigen und zu heilen. Sie wird h\u00e4ufig verwendet, um Juckreiz und R\u00f6tungen zu lindern, die durch Allergien, Ekzeme und Schuppenflechte verursacht werden. Dar\u00fcber hinaus ist sie daf\u00fcr bekannt, Schmerzen und Entz\u00fcndungen bei Arthritis und R\u00fcckenschmerzen zu lindern.<\/p>\n<h2><strong>Auf welche Weise kann man Ameisen\u00f6l verwenden?<\/strong><\/h2>\n<p>Hier sind einige Tipps, die Ihnen bei der Verwendung des\u2019<strong>Ameisen\u00f6l <\/strong>sicher und effizient.<\/p>\n<p>Vor der Anwendung ist es wichtig, dass Sie sich vergewissern, dass Sie nicht gegen einen der Inhaltsstoffe allergisch sind. Dies k\u00f6nnen Sie mithilfe eines Hautallergietests tun. Wenn bei Ihnen keine Reaktion auftritt, k\u00f6nnen Sie es dann bedenkenlos verwenden.<\/p>\n<p>Seine Anwendung ist sehr einfach. Sie k\u00f6nnen es direkt auf die Haut oder die Kopfhaut auftragen. Sie k\u00f6nnen es auch Ihrer Lotion, Creme oder einem anderen Kosmetikprodukt hinzuf\u00fcgen. Wenn Sie dies tun, achten Sie darauf, dass Sie hochwertige Produkte verwenden.<\/p>\n<p>Dieses Produkt kann als Pflege bei Schuppen und trockenem, gesch\u00e4digtem Haar verwendet werden. Sie k\u00f6nnen es als Haarmaske verwenden, indem Sie es auf das nasse Haar auftragen und eine Stunde lang einwirken lassen, bevor Sie es mit lauwarmem Wasser aussp\u00fclen.<\/p>\n<p>L\u2019<strong>Ameisen\u00f6l <\/strong>kann auch zur Linderung von Schmerzen und Entz\u00fcndungen verwendet werden. Dazu tragen Sie es auf die betroffene Stelle auf und massieren es sanft ein. Lassen Sie es einige Minuten einwirken, bevor Sie es mit lauwarmem Wasser absp\u00fclen.<\/p>\n<p>Um das Haarwachstum zu verlangsamen, muss es t\u00e4glich und langfristig angewendet werden, um seine Wirkung zu sehen. Massieren Sie einfach einige Minuten lang t\u00e4glich die betroffenen Stellen bis zum Eindringen in die Haut.<\/p>\n<h3><strong>Vorsichtsma\u00dfnahmen<\/strong><\/h3>\n<p>Obwohl sie als sicher gilt, sollten bei ihrer Verwendung einige Vorsichtsma\u00dfnahmen beachtet werden.<\/p>\n<p>In einem ersten Schritt sollten Sie einen Test durchf\u00fchren. Dadurch k\u00f6nnen Sie sicherstellen, dass Sie nicht gegen einen der Inhaltsstoffe allergisch sind. Dann verwenden Sie es nach Bedarf.<\/p>\n<p>Zweitens: Die\u2019<strong>Ameisen\u00f6l <\/strong>sollte niemals verzehrt werden. Es wird empfohlen, sie nur \u00e4u\u00dferlich zu verwenden. Es ist auch wichtig, dass Sie sich vor der Anwendung vergewissern, dass es f\u00fcr Ihren Hauttyp geeignet ist.<\/p>\n<p>Drittens: Konsultieren Sie Ihren Arzt, bevor Sie dieses Produkt verwenden, insbesondere wenn Sie schwanger sind oder stillen. Es ist auch wichtig, mit diesem \u00fcber m\u00f6gliche Nebenwirkungen zu sprechen.<\/p>\n<p>Viertens ist es wichtig, die\u2019<strong>Ameisen\u00f6l <\/strong>an einem k\u00fchlen, trockenen Ort ohne direkte Sonneneinstrahlung aufbewahren. Es wird empfohlen, sie nicht in der N\u00e4he von Hitze- oder Feuchtigkeitsquellen aufzubewahren.<\/p>\n<p>F\u00fcnftens sollte man die\u2019<strong>Ameisen\u00f6l<\/strong> auf offene Wunden oder gereizte Haut. Es sollte auch beachtet werden, dass es beim Auftragen auf die Haut ein brennendes oder stechendes Gef\u00fchl verursachen kann.<\/p>\n<h3><strong>Natur pur bei Safinel<\/strong><\/h3>\n<p>Die <strong>Naturprodukte<\/strong> werden aus Rohstoffen nat\u00fcrlichen Ursprungs hergestellt. Sie gelten oft als ges\u00fcnder als k\u00fcnstlich hergestellte Produkte. Diese sind reich an N\u00e4hrstoffen und Antioxidantien und k\u00f6nnen sehr gesundheitsf\u00f6rdernd sein.<\/p>\n<p>Sie k\u00f6nnen bei der Vorbeugung und Behandlung vieler Krankheiten und Beschwerden helfen. <strong>Safinel<\/strong> bietet Ihnen zum Beispiel verschiedene Sorten von Pflanzen an. Aber auch <a href=\"https:\/\/www.safinel.fr\/de\/product-category-2\/dungemittelpaket\/\"><strong>Fruchtbarkeitspakete<\/strong><\/a> oder vom <a href=\"https:\/\/www.safinel.fr\/de\/product-category-2\/bienenzucht\/\"><strong>Honig<\/strong><\/a>.<\/p>\n<p>Von einigen Pflanzen ist sogar bekannt, dass sie das Risiko von Herzerkrankungen und bestimmten Krebsarten senken. Andere k\u00f6nnen auch dazu beitragen, die geistige Gesundheit und das allgemeine Wohlbefinden zu verbessern.<\/p>\n<p>Unsere Produkte sind eine hervorragende Quelle f\u00fcr Vitamine, Mineralien und andere wichtige N\u00e4hrstoffe. Sie k\u00f6nnen dazu beitragen, das Immunsystem zu erhalten und die allgemeine Gesundheit zu verbessern.<\/p>","protected":false},"excerpt":{"rendered":"<p>L\u2019huile de fourmi est un produit naturel qui offre des avantages consid\u00e9rables et b\u00e9n\u00e9fiques pour l\u2019\u00e9pilation et le rasage. Cet ingr\u00e9dient a r\u00e9cemment refait son apparition dans le monde de la beaut\u00e9 et des cosm\u00e9tiques, bien qu\u2019il soit utilis\u00e9 depuis tr\u00e8s longtemps. Ses propri\u00e9t\u00e9s uniques en font un produit tr\u00e8s appr\u00e9ci\u00e9 par les consommateurs, et [&#8230;]","protected":false},"featured_media":4395,"template":"","meta":[],"product_brand":[],"product_cat":[122],"product_tag":[],"class_list":{"0":"post-4394","1":"product","2":"type-product","3":"status-publish","4":"has-post-thumbnail","6":"product_cat-huile-vegetale","8":"first","9":"instock","10":"shipping-taxable","11":"purchasable","12":"product-type-simple"},"yoast_head":"<!-- This site is optimized with the Yoast SEO plugin v26.6 - https:\/\/yoast.com\/wordpress\/plugins\/seo\/ -->\n<title>Huile de fourmi I Solution naturelle contre la pousse des poils<\/title>\n<meta name=\"description\" content=\"L\u2019huile de fourmi est un produit naturel qui offre des avantages consid\u00e9rables et b\u00e9n\u00e9fiques pour l\u2019\u00e9pilation et le rasage.\" \/>\n<meta name=\"robots\" content=\"index, follow, max-snippet:-1, max-image-preview:large, max-video-preview:-1\" \/>\n<link rel=\"canonical\" href=\"https:\/\/www.safinel.fr\/de\/product-2\/ameisenol\/\" \/>\n<meta property=\"og:locale\" content=\"de_DE\" \/>\n<meta property=\"og:type\" content=\"article\" \/>\n<meta property=\"og:title\" content=\"Huile de fourmi I Solution naturelle contre la pousse des poils\" \/>\n<meta property=\"og:description\" content=\"L\u2019huile de fourmi est un produit naturel qui offre des avantages consid\u00e9rables et b\u00e9n\u00e9fiques pour l\u2019\u00e9pilation et le rasage.\" \/>\n<meta property=\"og:url\" content=\"https:\/\/www.safinel.fr\/de\/product-2\/ameisenol\/\" \/>\n<meta property=\"og:site_name\" content=\"Safinel\" \/>\n<meta property=\"article:modified_time\" content=\"2023-12-28T17:15:43+00:00\" \/>\n<meta property=\"og:image\" content=\"https:\/\/www.safinel.fr\/wp-content\/uploads\/2023\/01\/huile-de-fourmi.jpg.webp\" \/>\n\t<meta property=\"og:image:width\" content=\"600\" \/>\n\t<meta property=\"og:image:height\" content=\"600\" \/>\n\t<meta property=\"og:image:type\" content=\"image\/webp\" \/>\n<meta name=\"twitter:card\" content=\"summary_large_image\" \/>\n<meta name=\"twitter:label1\" content=\"Gesch\u00e4tzte Lesezeit\" \/>\n\t<meta name=\"twitter:data1\" content=\"5\u00a0Minuten\" \/>\n<script type=\"application\/ld+json\" class=\"yoast-schema-graph\">{\"@context\":\"https:\/\/schema.org\",\"@graph\":[{\"@type\":\"WebPage\",\"@id\":\"https:\/\/www.safinel.fr\/produit\/huile-de-fourmi\/\",\"url\":\"https:\/\/www.safinel.fr\/produit\/huile-de-fourmi\/\",\"name\":\"Huile de fourmi I Solution naturelle contre la pousse des poils\",\"isPartOf\":{\"@id\":\"https:\/\/www.safinel.fr\/#website\"},\"primaryImageOfPage\":{\"@id\":\"https:\/\/www.safinel.fr\/produit\/huile-de-fourmi\/#primaryimage\"},\"image\":{\"@id\":\"https:\/\/www.safinel.fr\/produit\/huile-de-fourmi\/#primaryimage\"},\"thumbnailUrl\":\"https:\/\/www.safinel.fr\/wp-content\/uploads\/2023\/01\/huile-de-fourmi.jpg.webp\",\"datePublished\":\"2023-01-30T14:08:24+00:00\",\"dateModified\":\"2023-12-28T17:15:43+00:00\",\"description\":\"L\u2019huile de fourmi est un produit naturel qui offre des avantages consid\u00e9rables et b\u00e9n\u00e9fiques pour l\u2019\u00e9pilation et le rasage.\",\"breadcrumb\":{\"@id\":\"https:\/\/www.safinel.fr\/produit\/huile-de-fourmi\/#breadcrumb\"},\"inLanguage\":\"de\",\"potentialAction\":[{\"@type\":\"ReadAction\",\"target\":[\"https:\/\/www.safinel.fr\/produit\/huile-de-fourmi\/\"]}]},{\"@type\":\"ImageObject\",\"inLanguage\":\"de\",\"@id\":\"https:\/\/www.safinel.fr\/produit\/huile-de-fourmi\/#primaryimage\",\"url\":\"https:\/\/www.safinel.fr\/wp-content\/uploads\/2023\/01\/huile-de-fourmi.jpg.webp\",\"contentUrl\":\"https:\/\/www.safinel.fr\/wp-content\/uploads\/2023\/01\/huile-de-fourmi.jpg.webp\",\"width\":600,\"height\":600,\"caption\":\"huile de fourmi\"},{\"@type\":\"BreadcrumbList\",\"@id\":\"https:\/\/www.safinel.fr\/produit\/huile-de-fourmi\/#breadcrumb\",\"itemListElement\":[{\"@type\":\"ListItem\",\"position\":1,\"name\":\"Accueil\",\"item\":\"https:\/\/www.safinel.fr\/\"},{\"@type\":\"ListItem\",\"position\":2,\"name\":\"Boutique\",\"item\":\"https:\/\/www.safinel.fr\/boutique\/\"},{\"@type\":\"ListItem\",\"position\":3,\"name\":\"Huile de fourmi 100ml\"}]},{\"@type\":\"WebSite\",\"@id\":\"https:\/\/www.safinel.fr\/#website\",\"url\":\"https:\/\/www.safinel.fr\/\",\"name\":\"Safinel\",\"description\":\"\",\"publisher\":{\"@id\":\"https:\/\/www.safinel.fr\/#organization\"},\"potentialAction\":[{\"@type\":\"SearchAction\",\"target\":{\"@type\":\"EntryPoint\",\"urlTemplate\":\"https:\/\/www.safinel.fr\/?s={search_term_string}\"},\"query-input\":{\"@type\":\"PropertyValueSpecification\",\"valueRequired\":true,\"valueName\":\"search_term_string\"}}],\"inLanguage\":\"de\"},{\"@type\":\"Organization\",\"@id\":\"https:\/\/www.safinel.fr\/#organization\",\"name\":\"Safinel\",\"url\":\"https:\/\/www.safinel.fr\/\",\"logo\":{\"@type\":\"ImageObject\",\"inLanguage\":\"de\",\"@id\":\"https:\/\/www.safinel.fr\/#\/schema\/logo\/image\/\",\"url\":\"https:\/\/www.safinel.fr\/wp-content\/uploads\/2021\/05\/boutique-cosmetique.png\",\"contentUrl\":\"https:\/\/www.safinel.fr\/wp-content\/uploads\/2021\/05\/boutique-cosmetique.png\",\"width\":800,\"height\":200,\"caption\":\"Safinel\"},\"image\":{\"@id\":\"https:\/\/www.safinel.fr\/#\/schema\/logo\/image\/\"}}]}<\/script>\n<!-- \/ Yoast SEO plugin. -->","yoast_head_json":{"title":"Ameisen\u00f6l I Nat\u00fcrliche L\u00f6sung gegen Haarwuchs","description":"Ameisen\u00f6l ist ein Naturprodukt, das bei der Haarentfernung und beim Rasieren erhebliche und vorteilhafte Vorteile bietet.","robots":{"index":"index","follow":"follow","max-snippet":"max-snippet:-1","max-image-preview":"max-image-preview:large","max-video-preview":"max-video-preview:-1"},"canonical":"https:\/\/www.safinel.fr\/de\/product-2\/ameisenol\/","og_locale":"de_DE","og_type":"article","og_title":"Huile de fourmi I Solution naturelle contre la pousse des poils","og_description":"L\u2019huile de fourmi est un produit naturel qui offre des avantages consid\u00e9rables et b\u00e9n\u00e9fiques pour l\u2019\u00e9pilation et le rasage.","og_url":"https:\/\/www.safinel.fr\/de\/product-2\/ameisenol\/","og_site_name":"Safinel","article_modified_time":"2023-12-28T17:15:43+00:00","og_image":[{"width":600,"height":600,"url":"https:\/\/www.safinel.fr\/wp-content\/uploads\/2023\/01\/huile-de-fourmi.jpg.webp","type":"image\/webp"}],"twitter_card":"summary_large_image","twitter_misc":{"Gesch\u00e4tzte Lesezeit":"5\u00a0Minuten"},"schema":{"@context":"https:\/\/schema.org","@graph":[{"@type":"WebPage","@id":"https:\/\/www.safinel.fr\/produit\/huile-de-fourmi\/","url":"https:\/\/www.safinel.fr\/produit\/huile-de-fourmi\/","name":"Ameisen\u00f6l I Nat\u00fcrliche L\u00f6sung gegen Haarwuchs","isPartOf":{"@id":"https:\/\/www.safinel.fr\/#website"},"primaryImageOfPage":{"@id":"https:\/\/www.safinel.fr\/produit\/huile-de-fourmi\/#primaryimage"},"image":{"@id":"https:\/\/www.safinel.fr\/produit\/huile-de-fourmi\/#primaryimage"},"thumbnailUrl":"https:\/\/www.safinel.fr\/wp-content\/uploads\/2023\/01\/huile-de-fourmi.jpg.webp","datePublished":"2023-01-30T14:08:24+00:00","dateModified":"2023-12-28T17:15:43+00:00","description":"Ameisen\u00f6l ist ein Naturprodukt, das bei der Haarentfernung und beim Rasieren erhebliche und vorteilhafte Vorteile bietet.","breadcrumb":{"@id":"https:\/\/www.safinel.fr\/produit\/huile-de-fourmi\/#breadcrumb"},"inLanguage":"de","potentialAction":[{"@type":"ReadAction","target":["https:\/\/www.safinel.fr\/produit\/huile-de-fourmi\/"]}]},{"@type":"ImageObject","inLanguage":"de","@id":"https:\/\/www.safinel.fr\/produit\/huile-de-fourmi\/#primaryimage","url":"https:\/\/www.safinel.fr\/wp-content\/uploads\/2023\/01\/huile-de-fourmi.jpg.webp","contentUrl":"https:\/\/www.safinel.fr\/wp-content\/uploads\/2023\/01\/huile-de-fourmi.jpg.webp","width":600,"height":600,"caption":"huile de fourmi"},{"@type":"BreadcrumbList","@id":"https:\/\/www.safinel.fr\/produit\/huile-de-fourmi\/#breadcrumb","itemListElement":[{"@type":"ListItem","position":1,"name":"Accueil","item":"https:\/\/www.safinel.fr\/"},{"@type":"ListItem","position":2,"name":"Boutique","item":"https:\/\/www.safinel.fr\/boutique\/"},{"@type":"ListItem","position":3,"name":"Huile de fourmi 100ml"}]},{"@type":"WebSite","@id":"https:\/\/www.safinel.fr\/#website","url":"https:\/\/www.safinel.fr\/","name":"Safinel","description":"","publisher":{"@id":"https:\/\/www.safinel.fr\/#organization"},"potentialAction":[{"@type":"SearchAction","target":{"@type":"EntryPoint","urlTemplate":"https:\/\/www.safinel.fr\/?s={search_term_string}"},"query-input":{"@type":"PropertyValueSpecification","valueRequired":true,"valueName":"search_term_string"}}],"inLanguage":"de"},{"@type":"Organization","@id":"https:\/\/www.safinel.fr\/#organization","name":"Safinel","url":"https:\/\/www.safinel.fr\/","logo":{"@type":"ImageObject","inLanguage":"de","@id":"https:\/\/www.safinel.fr\/#\/schema\/logo\/image\/","url":"https:\/\/www.safinel.fr\/wp-content\/uploads\/2021\/05\/boutique-cosmetique.png","contentUrl":"https:\/\/www.safinel.fr\/wp-content\/uploads\/2021\/05\/boutique-cosmetique.png","width":800,"height":200,"caption":"Safinel"},"image":{"@id":"https:\/\/www.safinel.fr\/#\/schema\/logo\/image\/"}}]}},"_links":{"self":[{"href":"https:\/\/www.safinel.fr\/de\/wp-json\/wp\/v2\/product\/4394","targetHints":{"allow":["GET"]}}],"collection":[{"href":"https:\/\/www.safinel.fr\/de\/wp-json\/wp\/v2\/product"}],"about":[{"href":"https:\/\/www.safinel.fr\/de\/wp-json\/wp\/v2\/types\/product"}],"wp:featuredmedia":[{"embeddable":true,"href":"https:\/\/www.safinel.fr\/de\/wp-json\/wp\/v2\/media\/4395"}],"wp:attachment":[{"href":"https:\/\/www.safinel.fr\/de\/wp-json\/wp\/v2\/media?parent=4394"}],"wp:term":[{"taxonomy":"product_brand","embeddable":true,"href":"https:\/\/www.safinel.fr\/de\/wp-json\/wp\/v2\/product_brand?post=4394"},{"taxonomy":"product_cat","embeddable":true,"href":"https:\/\/www.safinel.fr\/de\/wp-json\/wp\/v2\/product_cat?post=4394"},{"taxonomy":"product_tag","embeddable":true,"href":"https:\/\/www.safinel.fr\/de\/wp-json\/wp\/v2\/product_tag?post=4394"}],"curies":[{"name":"wp","href":"https:\/\/api.w.org\/{rel}","templated":true}]}}