{"id":4372,"date":"2023-01-28T11:02:09","date_gmt":"2023-01-28T11:02:09","guid":{"rendered":"https:\/\/www.safinel.fr\/?post_type=product&#038;p=4372"},"modified":"2024-03-30T18:12:26","modified_gmt":"2024-03-30T18:12:26","slug":"bio-erdmandelol","status":"publish","type":"product","link":"https:\/\/www.safinel.fr\/de\/product-2\/bio-erdmandelol\/","title":{"rendered":"Erdmandel\u00f6l bio 50ml"},"content":{"rendered":"<p>Pflanzen\u00f6le sind beliebt bei\u00a0<strong>Safinel<\/strong>. So wie \u00fcbrigens auch Naturprodukte im Allgemeinen. Dazu geh\u00f6rt auch unsere wertvolle\u00a0<strong>Erdmandel\u00f6l<\/strong>, Es ist ein nat\u00fcrliches Produkt, das sowohl f\u00fcr die Sch\u00f6nheit der Haare als auch f\u00fcr die Haut von Vorteil ist. Ein wertvoller Schatz der Natur, den wir Ihnen gerne zeigen m\u00f6chten!<\/p>\n<h2><strong>Zoom auf Erdmandel\u00f6l, Ihr Sch\u00f6nheitsverb\u00fcndeter<\/strong><\/h2>\n<p>L\u2019<strong>Erdmandel\u00f6l\u00a0<\/strong>wird aus den Knollen der krautigen Pflanze Cyperus esculentus gewonnen. In der Region Valencia in Spanien auch unter dem Namen \u00abChufa\u00bb bekannt. Sie ist ein Naturprodukt, das aus ihren Knollen gewonnen wird, die auch Erdmandeln genannt werden. Vielleicht kennen Sie sie aber auch unter dem Namen\u00a0<strong>tigernut<\/strong>, oder\u00a0<strong>Tigernuss<\/strong>. Diese Pflanze ist reich an Vitaminen, Mineralien und essentiellen Fetts\u00e4uren.<\/p>\n<p>Ihr Ursprung liegt in der Region des Wei\u00dfen Nils im heutigen Sudan, wo sie seit dem f\u00fcnften Jahrtausend v. Chr. angebaut wird. Heute wird sie in geringem Umfang auf der ganzen Welt angebaut. Insbesondere in Spanien, Kalifornien sowie in Afrika (Ghana, Nigeria, Niger, Burkina Faso, Mali, Elfenbeink\u00fcste...).<\/p>\n<h3><strong>Die unz\u00e4hligen Vorteile des Erdmandel\u00f6ls<\/strong><\/h3>\n<p>L\u2019<strong>Erdmandel\u00f6l<\/strong>\u00a0ist bekannt f\u00fcr seine zahlreichen Vorteile f\u00fcr die Gesundheit und das Wohlbefinden. Sie wird auch wegen ihrer feuchtigkeitsspendenden und reparierenden Eigenschaften gesch\u00e4tzt. Entdecken Sie mehr :<\/p>\n<ul>\n<li>Seine n\u00e4hrstoffreichen Bestandteile, darunter Vitamin E, Linols\u00e4ure und \u00d6ls\u00e4ure, tragen zur Erhaltung gesunder Haut und Haare bei.<\/li>\n<li>Neben den Vorteilen f\u00fcr Haut und Haare kann sie auch bei der Vorbeugung und Behandlung von Verdauungsproblemen helfen. Erdmandelsamen enthalten l\u00f6sliche Ballaststoffe, die dazu beitragen, die Darmgesundheit zu verbessern und das Risiko chronischer Krankheiten wie Darmkrebs und Diabetes zu senken.<\/li>\n<li>Dar\u00fcber hinaus sind Erdmandelsamen auch reich an den Vitaminen B und K, die f\u00fcr die Knochengesundheit wichtig sind. Dies kann helfen, Osteoporose vorzubeugen und das Risiko von Knochenbr\u00fcchen zu verringern.<\/li>\n<li>Schlie\u00dflich ist die\u2019<strong>Erdmandel\u00f6l<\/strong>\u00a0ist f\u00fcr seine entz\u00fcndungshemmenden Eigenschaften bekannt. Sie kann helfen, die mit Arthritis und anderen Gelenk- und Muskelschmerzen verbundenen Beschwerden zu verringern.<\/li>\n<li>Au\u00dferdem wird ihm nachgesagt, dass er bei der Verringerung von Schwellungen, Schwellungen und den Symptomen von\u2019<a href=\"https:\/\/www.safinel.fr\/de\/product-2\/kamelfett\/\"><strong>Ekzem<\/strong><\/a> und anderen entz\u00fcndlichen Hautzust\u00e4nden.<\/li>\n<\/ul>\n<h3><strong>Erdmandel\u00f6l, Ihr Partner gegen Haarausfall<\/strong><\/h3>\n<p>Pflanzliches Erdmandel\u00f6l ist eine nat\u00fcrliche L\u00f6sung zur Bek\u00e4mpfung des Haarwuchses. Es ist reich an einfach unges\u00e4ttigten Fetts\u00e4uren und Antioxidantien, die gut f\u00fcr die Haut sind und die Entfernung von abgestorbenen Hautzellen f\u00f6rdern.<\/p>\n<p>Sie wirkt nicht nur n\u00e4hrend und feuchtigkeitsspendend, sondern kann auch dazu beitragen, das Erscheinungsbild eingewachsener Haare zu reduzieren und die Ausstrahlung der Haut zu verbessern. Au\u00dferdem hilft sie, einen gesunden pH-Wert aufrechtzuerhalten und sch\u00fctzt vor Umweltsch\u00e4den.<\/p>\n<p>Um optimale Ergebnisse zu erzielen, tragen Sie das \u00d6l auf die betroffenen Stellen auf und massieren Sie es sanft ein, bis es vollst\u00e4ndig eingezogen ist. Verwenden Sie das \u00d6l regelm\u00e4\u00dfig, um die besten Ergebnisse zu erzielen, und genie\u00dfen Sie eine weiche, haarfreie Haut! Ein Inhaltsstoff, der uns stark an die kostbare\u00a0<strong><a href=\"https:\/\/manelya.com\/produit\/huile-de-fourmi\/\" target=\"_blank\" rel=\"noopener\">Ameisen\u00f6l<\/a>\u00a0<\/strong>!<\/p>\n<h2><strong>Wie verwende ich dieses Elixier?<\/strong><\/h2>\n<p>Je nachdem, wof\u00fcr Sie es verwenden m\u00f6chten, werden wir Ihnen einige Tipps geben. Tats\u00e4chlich ist die\u2019<strong>Erdmandel\u00f6l\u00a0<\/strong>kann auf verschiedene Arten verwendet werden, je nach Ihren Erwartungen und Ihrer t\u00e4glichen Pflege. Sie ist aufgrund ihrer Inhaltsstoffe sowohl bei innerer als auch bei \u00e4u\u00dferer Anwendung von Vorteil.<\/p>\n<p>Diese\u00a0<strong>Pflanzen\u00f6l<\/strong>\u00a0ist f\u00fcr seine F\u00e4higkeit bekannt, das Nachwachsen der Haare zu verz\u00f6gern. Aus diesem Grund k\u00f6nnen Sie die betroffenen Stellen t\u00e4glich morgens und abends einmassieren. Nach einigen Wochen werden Sie die Auswirkungen auf Ihre Haare bemerken. Sie werden langsamer und feiner nachwachsen.<\/p>\n<p>Dar\u00fcber hinaus k\u00f6nnen Sie zwei Fliegen mit einer Klappe schlagen, denn sie ist ideal f\u00fcr trockene Haut. Sie ist sehr feuchtigkeitsspendend und sorgt f\u00fcr eine weiche Haut, die bis in die Tiefe mit N\u00e4hrstoffen versorgt wird. \u00dcbrigens wird sie bei zu Ekzemen neigender, ausgetrockneter, spr\u00f6der, reifer oder reaktiver Haut empfohlen.<\/p>\n<p>Dar\u00fcber hinaus kann dieses Elixier auch verwendet werden, um trockenes Haar zu n\u00e4hren. Tragen Sie es einfach als Maske auf und lassen Sie es mindestens eine Stunde ruhen. Danach k\u00f6nnen Sie einfach Ihr gewohntes Shampoo verwenden. Ihre Haarfaser wird bis in die Tiefe gen\u00e4hrt, ohne sie zu beschweren, obwohl das Elixier auch f\u00fcr die Haarpflege geeignet ist.\u2019<strong>Erdmandel\u00f6l<\/strong>\u00a0dick sein.<\/p>\n<p>Und schlie\u00dflich kann man es auch f\u00fcr die Herstellung von selbstgemachten Kosmetika verwenden. Vor allem in Kombination mit anderen Zutaten wie Sheabutter. Sie k\u00f6nnen beispielsweise ein Anti-Cellulite-\u00d6l herstellen, indem Sie einige Tropfen \u00e4therisches Grapefruit\u00f6l hinzuf\u00fcgen.<\/p>\n<h3><strong>Vorsichtsma\u00dfnahmen<\/strong><\/h3>\n<p>Obwohl die\u2019<strong>Erdmandel\u00f6l<\/strong>\u00a0nat\u00fcrlich ist, gibt es dennoch einige Vorsichtsma\u00dfnahmen bei der Verwendung zu beachten. Einige Produkte, auch nat\u00fcrliche, m\u00fcssen mit Vorsicht verwendet werden, da sie oft zerbrechlich sind. Dies ist bei \u00d6len der Fall, die dazu neigen, ranzig zu werden.<\/p>\n<p>Sie geh\u00f6rt zu den Produkten, die recht empfindlich sind und schnell ranzig werden k\u00f6nnen. Bewahren Sie es daher vor Licht und Hitze gesch\u00fctzt auf. So bleiben seine Vorteile und sein Geschmack erhalten. Au\u00dferdem sollte dieses Pflanzen\u00f6l aus erster Kaltpressung gewonnen werden.<\/p>\n<p>Schlie\u00dflich ist es auch m\u00f6glich, sie in Kosmetika zu verwenden. Daf\u00fcr ist es wichtig, dass Sie pr\u00fcfen, ob es zu Ihrem Hauttyp und Ihrer Haarfaser passt. Es kann f\u00fcr jeden Haartyp geeignet sein. Au\u00dferdem sollten Sie die Produkte, mit denen Sie es kombinieren wollen, gut ausw\u00e4hlen.<\/p>\n<p>Mit einem Geschmack, der an Waln\u00fcsse erinnert, verleiht dieses Gew\u00fcrz Ihren Gerichten Originalit\u00e4t und Geschmack. Wenn Sie es in Ihrer Ern\u00e4hrung verwenden, achten Sie darauf, dass Sie die empfohlenen Mengen einhalten und es nicht \u00fcbertreiben. Seine Zusammensetzung macht es zu einem kalorienreichen Nahrungsmittel.<\/p>\n<p>Zusammenfassend l\u00e4sst sich sagen, dass die\u2019<strong>Erdmandel\u00f6l\u00a0<\/strong>ist f\u00fcr alle Haut- und Haartypen geeignet. Egal, ob Sie trockene, Misch-, reife oder zu Ekzemen neigende Haut haben. Wir empfehlen sie aber auch, wenn Sie glattes, lockiges, krauses und trockenes Haar haben. Und schlie\u00dflich kann sie auch von schwangeren oder stillenden Frauen und in jedem Alter verwendet werden.<\/p>","protected":false},"excerpt":{"rendered":"<p>Pflanzliche \u00d6le sind bei Safinel sehr beliebt. Das gilt \u00fcbrigens f\u00fcr Naturprodukte im Allgemeinen. Dazu geh\u00f6rt auch unser wertvolles Erdmandel\u00f6l, das sich sowohl f\u00fcr die Sch\u00f6nheit der Haare als auch f\u00fcr die Haut als wohltuend erweist. Ein kostbarer Schatz der Natur, den wir Ihnen ohne weitere Verz\u00f6gerung vorstellen m\u00f6chten! Zoom [\u2026]","protected":false},"featured_media":4373,"template":"","meta":[],"product_brand":[],"product_cat":[122],"product_tag":[],"class_list":{"0":"post-4372","1":"product","2":"type-product","3":"status-publish","4":"has-post-thumbnail","6":"product_cat-huile-vegetale","8":"first","9":"instock","10":"shipping-taxable","11":"purchasable","12":"product-type-simple"},"yoast_head":"<!-- This site is optimized with the Yoast SEO plugin v26.6 - https:\/\/yoast.com\/wordpress\/plugins\/seo\/ -->\n<title>Huile de souchet bio I Bienfaits nombreux I 50ml<\/title>\n<meta name=\"description\" content=\"Notre pr\u00e9cieuse\u00a0huile de souchet, qui se r\u00e9v\u00e8le \u00eatre aussi b\u00e9n\u00e9fique pour la beaut\u00e9 des cheveux que pour la peau. D\u00e9couvrez-l\u00e0 sans plus attendre !\" \/>\n<meta name=\"robots\" content=\"index, follow, max-snippet:-1, max-image-preview:large, max-video-preview:-1\" \/>\n<link rel=\"canonical\" href=\"https:\/\/www.safinel.fr\/de\/product-2\/bio-erdmandelol\/\" \/>\n<meta property=\"og:locale\" content=\"de_DE\" \/>\n<meta property=\"og:type\" content=\"article\" \/>\n<meta property=\"og:title\" content=\"Huile de souchet bio I Bienfaits nombreux I 50ml\" \/>\n<meta property=\"og:description\" content=\"Notre pr\u00e9cieuse\u00a0huile de souchet, qui se r\u00e9v\u00e8le \u00eatre aussi b\u00e9n\u00e9fique pour la beaut\u00e9 des cheveux que pour la peau. D\u00e9couvrez-l\u00e0 sans plus attendre !\" \/>\n<meta property=\"og:url\" content=\"https:\/\/www.safinel.fr\/de\/product-2\/bio-erdmandelol\/\" \/>\n<meta property=\"og:site_name\" content=\"Safinel\" \/>\n<meta property=\"article:modified_time\" content=\"2024-03-30T18:12:26+00:00\" \/>\n<meta property=\"og:image\" content=\"https:\/\/www.safinel.fr\/wp-content\/uploads\/2023\/01\/huile-de-souchet.jpg.webp\" \/>\n\t<meta property=\"og:image:width\" content=\"600\" \/>\n\t<meta property=\"og:image:height\" content=\"600\" \/>\n\t<meta property=\"og:image:type\" content=\"image\/webp\" \/>\n<meta name=\"twitter:card\" content=\"summary_large_image\" \/>\n<meta name=\"twitter:label1\" content=\"Gesch\u00e4tzte Lesezeit\" \/>\n\t<meta name=\"twitter:data1\" content=\"6\u00a0Minuten\" \/>\n<script type=\"application\/ld+json\" class=\"yoast-schema-graph\">{\"@context\":\"https:\/\/schema.org\",\"@graph\":[{\"@type\":\"WebPage\",\"@id\":\"https:\/\/www.safinel.fr\/produit\/huile-de-souchet-bio\/\",\"url\":\"https:\/\/www.safinel.fr\/produit\/huile-de-souchet-bio\/\",\"name\":\"Huile de souchet bio I Bienfaits nombreux I 50ml\",\"isPartOf\":{\"@id\":\"https:\/\/www.safinel.fr\/#website\"},\"primaryImageOfPage\":{\"@id\":\"https:\/\/www.safinel.fr\/produit\/huile-de-souchet-bio\/#primaryimage\"},\"image\":{\"@id\":\"https:\/\/www.safinel.fr\/produit\/huile-de-souchet-bio\/#primaryimage\"},\"thumbnailUrl\":\"https:\/\/www.safinel.fr\/wp-content\/uploads\/2023\/01\/huile-de-souchet.jpg.webp\",\"datePublished\":\"2023-01-28T11:02:09+00:00\",\"dateModified\":\"2024-03-30T18:12:26+00:00\",\"description\":\"Notre pr\u00e9cieuse\u00a0huile de souchet, qui se r\u00e9v\u00e8le \u00eatre aussi b\u00e9n\u00e9fique pour la beaut\u00e9 des cheveux que pour la peau. D\u00e9couvrez-l\u00e0 sans plus attendre !\",\"breadcrumb\":{\"@id\":\"https:\/\/www.safinel.fr\/produit\/huile-de-souchet-bio\/#breadcrumb\"},\"inLanguage\":\"de\",\"potentialAction\":[{\"@type\":\"ReadAction\",\"target\":[\"https:\/\/www.safinel.fr\/produit\/huile-de-souchet-bio\/\"]}]},{\"@type\":\"ImageObject\",\"inLanguage\":\"de\",\"@id\":\"https:\/\/www.safinel.fr\/produit\/huile-de-souchet-bio\/#primaryimage\",\"url\":\"https:\/\/www.safinel.fr\/wp-content\/uploads\/2023\/01\/huile-de-souchet.jpg.webp\",\"contentUrl\":\"https:\/\/www.safinel.fr\/wp-content\/uploads\/2023\/01\/huile-de-souchet.jpg.webp\",\"width\":600,\"height\":600,\"caption\":\"Huile de souchet bio 50ml\"},{\"@type\":\"BreadcrumbList\",\"@id\":\"https:\/\/www.safinel.fr\/produit\/huile-de-souchet-bio\/#breadcrumb\",\"itemListElement\":[{\"@type\":\"ListItem\",\"position\":1,\"name\":\"Accueil\",\"item\":\"https:\/\/www.safinel.fr\/\"},{\"@type\":\"ListItem\",\"position\":2,\"name\":\"Boutique\",\"item\":\"https:\/\/www.safinel.fr\/boutique\/\"},{\"@type\":\"ListItem\",\"position\":3,\"name\":\"Huile de souchet bio 50ml\"}]},{\"@type\":\"WebSite\",\"@id\":\"https:\/\/www.safinel.fr\/#website\",\"url\":\"https:\/\/www.safinel.fr\/\",\"name\":\"Safinel\",\"description\":\"\",\"publisher\":{\"@id\":\"https:\/\/www.safinel.fr\/#organization\"},\"potentialAction\":[{\"@type\":\"SearchAction\",\"target\":{\"@type\":\"EntryPoint\",\"urlTemplate\":\"https:\/\/www.safinel.fr\/?s={search_term_string}\"},\"query-input\":{\"@type\":\"PropertyValueSpecification\",\"valueRequired\":true,\"valueName\":\"search_term_string\"}}],\"inLanguage\":\"de\"},{\"@type\":\"Organization\",\"@id\":\"https:\/\/www.safinel.fr\/#organization\",\"name\":\"Safinel\",\"url\":\"https:\/\/www.safinel.fr\/\",\"logo\":{\"@type\":\"ImageObject\",\"inLanguage\":\"de\",\"@id\":\"https:\/\/www.safinel.fr\/#\/schema\/logo\/image\/\",\"url\":\"https:\/\/www.safinel.fr\/wp-content\/uploads\/2021\/05\/boutique-cosmetique.png\",\"contentUrl\":\"https:\/\/www.safinel.fr\/wp-content\/uploads\/2021\/05\/boutique-cosmetique.png\",\"width\":800,\"height\":200,\"caption\":\"Safinel\"},\"image\":{\"@id\":\"https:\/\/www.safinel.fr\/#\/schema\/logo\/image\/\"}}]}<\/script>\n<!-- \/ Yoast SEO plugin. -->","yoast_head_json":{"title":"Bio-Erdmandel\u00f6l I Zahlreiche Vorteile I 50ml","description":"Unser wertvolles Erdmandel\u00f6l, das nachweislich sowohl f\u00fcr die Sch\u00f6nheit der Haare als auch f\u00fcr die Haut von Vorteil ist. Entdecken Sie es jetzt!","robots":{"index":"index","follow":"follow","max-snippet":"max-snippet:-1","max-image-preview":"max-image-preview:large","max-video-preview":"max-video-preview:-1"},"canonical":"https:\/\/www.safinel.fr\/de\/product-2\/bio-erdmandelol\/","og_locale":"de_DE","og_type":"article","og_title":"Huile de souchet bio I Bienfaits nombreux I 50ml","og_description":"Notre pr\u00e9cieuse\u00a0huile de souchet, qui se r\u00e9v\u00e8le \u00eatre aussi b\u00e9n\u00e9fique pour la beaut\u00e9 des cheveux que pour la peau. D\u00e9couvrez-l\u00e0 sans plus attendre !","og_url":"https:\/\/www.safinel.fr\/de\/product-2\/bio-erdmandelol\/","og_site_name":"Safinel","article_modified_time":"2024-03-30T18:12:26+00:00","og_image":[{"width":600,"height":600,"url":"https:\/\/www.safinel.fr\/wp-content\/uploads\/2023\/01\/huile-de-souchet.jpg.webp","type":"image\/webp"}],"twitter_card":"summary_large_image","twitter_misc":{"Gesch\u00e4tzte Lesezeit":"6\u00a0Minuten"},"schema":{"@context":"https:\/\/schema.org","@graph":[{"@type":"WebPage","@id":"https:\/\/www.safinel.fr\/produit\/huile-de-souchet-bio\/","url":"https:\/\/www.safinel.fr\/produit\/huile-de-souchet-bio\/","name":"Bio-Erdmandel\u00f6l I Zahlreiche Vorteile I 50ml","isPartOf":{"@id":"https:\/\/www.safinel.fr\/#website"},"primaryImageOfPage":{"@id":"https:\/\/www.safinel.fr\/produit\/huile-de-souchet-bio\/#primaryimage"},"image":{"@id":"https:\/\/www.safinel.fr\/produit\/huile-de-souchet-bio\/#primaryimage"},"thumbnailUrl":"https:\/\/www.safinel.fr\/wp-content\/uploads\/2023\/01\/huile-de-souchet.jpg.webp","datePublished":"2023-01-28T11:02:09+00:00","dateModified":"2024-03-30T18:12:26+00:00","description":"Unser wertvolles Erdmandel\u00f6l, das nachweislich sowohl f\u00fcr die Sch\u00f6nheit der Haare als auch f\u00fcr die Haut von Vorteil ist. Entdecken Sie es jetzt!","breadcrumb":{"@id":"https:\/\/www.safinel.fr\/produit\/huile-de-souchet-bio\/#breadcrumb"},"inLanguage":"de","potentialAction":[{"@type":"ReadAction","target":["https:\/\/www.safinel.fr\/produit\/huile-de-souchet-bio\/"]}]},{"@type":"ImageObject","inLanguage":"de","@id":"https:\/\/www.safinel.fr\/produit\/huile-de-souchet-bio\/#primaryimage","url":"https:\/\/www.safinel.fr\/wp-content\/uploads\/2023\/01\/huile-de-souchet.jpg.webp","contentUrl":"https:\/\/www.safinel.fr\/wp-content\/uploads\/2023\/01\/huile-de-souchet.jpg.webp","width":600,"height":600,"caption":"Huile de souchet bio 50ml"},{"@type":"BreadcrumbList","@id":"https:\/\/www.safinel.fr\/produit\/huile-de-souchet-bio\/#breadcrumb","itemListElement":[{"@type":"ListItem","position":1,"name":"Accueil","item":"https:\/\/www.safinel.fr\/"},{"@type":"ListItem","position":2,"name":"Boutique","item":"https:\/\/www.safinel.fr\/boutique\/"},{"@type":"ListItem","position":3,"name":"Huile de souchet bio 50ml"}]},{"@type":"WebSite","@id":"https:\/\/www.safinel.fr\/#website","url":"https:\/\/www.safinel.fr\/","name":"Safinel","description":"","publisher":{"@id":"https:\/\/www.safinel.fr\/#organization"},"potentialAction":[{"@type":"SearchAction","target":{"@type":"EntryPoint","urlTemplate":"https:\/\/www.safinel.fr\/?s={search_term_string}"},"query-input":{"@type":"PropertyValueSpecification","valueRequired":true,"valueName":"search_term_string"}}],"inLanguage":"de"},{"@type":"Organization","@id":"https:\/\/www.safinel.fr\/#organization","name":"Safinel","url":"https:\/\/www.safinel.fr\/","logo":{"@type":"ImageObject","inLanguage":"de","@id":"https:\/\/www.safinel.fr\/#\/schema\/logo\/image\/","url":"https:\/\/www.safinel.fr\/wp-content\/uploads\/2021\/05\/boutique-cosmetique.png","contentUrl":"https:\/\/www.safinel.fr\/wp-content\/uploads\/2021\/05\/boutique-cosmetique.png","width":800,"height":200,"caption":"Safinel"},"image":{"@id":"https:\/\/www.safinel.fr\/#\/schema\/logo\/image\/"}}]}},"_links":{"self":[{"href":"https:\/\/www.safinel.fr\/de\/wp-json\/wp\/v2\/product\/4372","targetHints":{"allow":["GET"]}}],"collection":[{"href":"https:\/\/www.safinel.fr\/de\/wp-json\/wp\/v2\/product"}],"about":[{"href":"https:\/\/www.safinel.fr\/de\/wp-json\/wp\/v2\/types\/product"}],"wp:featuredmedia":[{"embeddable":true,"href":"https:\/\/www.safinel.fr\/de\/wp-json\/wp\/v2\/media\/4373"}],"wp:attachment":[{"href":"https:\/\/www.safinel.fr\/de\/wp-json\/wp\/v2\/media?parent=4372"}],"wp:term":[{"taxonomy":"product_brand","embeddable":true,"href":"https:\/\/www.safinel.fr\/de\/wp-json\/wp\/v2\/product_brand?post=4372"},{"taxonomy":"product_cat","embeddable":true,"href":"https:\/\/www.safinel.fr\/de\/wp-json\/wp\/v2\/product_cat?post=4372"},{"taxonomy":"product_tag","embeddable":true,"href":"https:\/\/www.safinel.fr\/de\/wp-json\/wp\/v2\/product_tag?post=4372"}],"curies":[{"name":"wp","href":"https:\/\/api.w.org\/{rel}","templated":true}]}}